{"id":11236,"date":"2025-06-26T16:21:46","date_gmt":"2025-06-26T16:21:46","guid":{"rendered":"https:\/\/helpmegrowwa.org\/?page_id=11236"},"modified":"2025-09-23T20:12:11","modified_gmt":"2025-09-23T20:12:11","slug":"share-resources","status":"publish","type":"page","link":"https:\/\/helpmegrowwa.org\/am\/share-resources","title":{"rendered":"\u1208\u1218\u130b\u122b\u1275 \u130d\u1265\u12d3\u1276\u127d \u12a0\u1209\u12ce\u1275?"},"content":{"rendered":"<div id=\"block_3685cba2a1de6ddda7b756271016dda4\" class=\"fifty-fifty-block dark-purple right fifty-fifty-banner\">\n\t<img decoding=\"async\" class=\"flower-graphic\" src=\"https:\/\/helpmegrowwa.org\/wp-content\/themes\/helpmegrowwa\/images\/banner-text-shapes.svg\">\n\t<div class=\"info\">\n\t\t<div class=\"container regular center\">\n\t\t\t<h1>\u121d\u1295\u132e\u127d\u1295 \u1208\u12cb\u123d\u1295\u130d\u1270\u1295 \u1264\u1270\u1230\u1266\u127d \u12eb\u12ab\u134d\u1209\u1362<\/h1>\n\t\t\t\t\t<\/div>\n\t<\/div>\n\t\t<div class=\"image\" style=\"background-image: url(https:\/\/helpmegrowwa.org\/wp-content\/uploads\/2023\/09\/Get-Connected-To-Health-Resources-Help-Me-Grow-Wa.jpg);background-position: top left;\">\n\t\t\t\t\t<img decoding=\"async\" class=\"corner\" src=\"https:\/\/helpmegrowwa.org\/wp-content\/themes\/helpmegrowwa\/images\/fifty-fifty-corner-piece.svg\">\n\t\t\t\t\t<\/div>\n\t<script>\n\t(function($) {\n\t\t\/\/ Get the block ID\n\t\tvar id = \"#block_3685cba2a1de6ddda7b756271016dda4\";\n\t\t\/\/ Reveal the block\n\t\tvar container = document.documentElement;\n\t\tScrollReveal().reveal(id + \".left .image\", {origin: \"left\", distance: \"20px\", duration: 1000});\n\t\tScrollReveal().reveal(id + \".left .info .container\", {origin: \"right\", distance: \"20px\", duration: 1000});\n\t\tScrollReveal().reveal(id + \".right .image\", {origin: \"right\", distance: \"20px\", duration: 1000});\n\t\tScrollReveal().reveal(id + \".right .info .container\", {origin: \"left\", distance: \"20px\", duration: 1000});\n\t}(jQuery))\n\t<\/script>\n<\/div>\n\n<div id=\"block_e78b9c9c49948b2018b56a216928df2f\" class=\"text-block white large center\">\n\t<div class=\"container one-column full\">\n\t\t<p>\u1260\u12f5\u1228-\u1308\u133b\u127d\u1295 \u12a5\u1293 \u1260\u1235\u1274\u1275 \u12a0\u1240\u134d \u12e8\u1235\u120d\u12ad \u1218\u1235\u1218\u122d\u1363 \u1264\u1270\u1230\u1266\u127d \u12a8\u1273\u1218\u1291 \u1200\u1265\u1276\u127d \u130b\u122d \u12a5\u1293\u1308\u1293\u129b\u1208\u1295\u1363 \u12a5\u1295\u12f0 \u121d\u130d\u1265\u1363 \u12e8\u1324\u1293 \u12a5\u1295\u12ad\u1265\u12ab\u1264\u1363 \u12e8\u120d\u1305 \u12a5\u12f5\u1308\u1275 \u12f5\u130b\u134d \u12a5\u1293 \u12e8\u12c8\u120b\u1305\u1290\u1275 \u12a5\u122d\u12f3\u1273 \u12eb\u1209 \u12a0\u1235\u1348\u120b\u130a \u12a0\u1308\u120d\u130d\u120e\u1276\u127d\u1295 \u12a5\u1295\u12f2\u12eb\u1308\u1299 \u12a5\u1293\u130d\u12db\u1278\u12cb\u1208\u1295\u1362 <\/p>\n<p>\u12f5\u122d\u1305\u1275\u12ce \u12e8\u1245\u12f5\u1218 \u12c8\u120a\u12f5 \u12f5\u130b\u134d\u1295 \u1328\u121d\u122e \u1275\u1293\u1295\u123d \u120d\u1306\u127d \u12eb\u120f\u1278\u12cd\u1295 \u1264\u1270\u1230\u1266\u127d \u12e8\u121a\u12f0\u130d\u134d \u12a8\u1206\u1290 \u12a5\u1293 \u12a5\u1235\u12ab\u1201\u1295 \u12ab\u120d\u1270\u12d8\u1228\u12d8\u1228 \u12c8\u12ed\u121d \u12e8\u12a5\u122d\u1235\u12ce \u1218\u1228\u1303 \u121b\u123b\u123b\u12eb \u12e8\u121a\u12eb\u1235\u1348\u120d\u1308\u12cd \u12a8\u1206\u1290 \u12a8\u12a5\u122d\u1235\u12ce \u1218\u1235\u121b\u1275 \u12a5\u1295\u1348\u120d\u130b\u1208\u1295!<\/p>\n<h4><strong><a class=\"page-link\" href=\"https:\/\/resources.helpmegrowwa.org\/\">\u1260Resource Finder \u12cd\u1235\u1325 \u1208\u1264\u1270\u1230\u1266\u127d \u121d\u1295 \u12a0\u12ed\u1290\u1275 \u121d\u1295\u132e\u127d \u12a5\u1295\u12f0\u121a\u1308\u1299 \u12eb\u1235\u1231<img decoding=\"async\" src=\"\/wp-\u12ed\u12d8\u1275\/\u132d\u1265\u1326\u127d\/\u12a5\u1308\u12dbmegrowwa\/images\/\u133d\u1211\u134d-\u12a0\u130d\u12f5-\u1265\u122d\u1271\u12ab\u1295-\u1240\u1235\u1275.svg\" \/><\/a><\/strong><\/h4>\n\t<\/div>\n\t<script>\n\t\t(function($) {\n\t\t\t\/\/ Get the block ID\n\t\t\tvar id = \"#block_e78b9c9c49948b2018b56a216928df2f\";\n\t\t\t\/\/ Reveal the block\n\t\t\tvar container = document.documentElement;\n\t\t\tScrollReveal().reveal(id + \" .container\", {origin: \"bottom\", distance: \"20px\", duration: 1000, container: container});\n\t\t}(jQuery))\n\t<\/script>\n<\/div>\n\n<div id=\"block_31e7935a64c73e08cf5beedf2904ce1a\" class=\"boxes-block white rectangular\">\n\t<div class=\"boxes-wrapper\">\n\t\t<div class=\"boxes\">\n\t\t\t\t\t<div class=\"container\">\n\t\t\t\t\n\t\t\t\t\t\t\t\t\t\t\t\t\t\t\t\t\t\t\t\t\t<a class=\"box white center border-light-gray large\" href=\"https:\/\/withinreach.communityos.org\/public-search-revision\" target=\"\">\n\t\t\t\t\t\t\t\t\t\t\t\t\t\t\t\t\t\t\t\t\t\t\t\t<img decoding=\"async\" src=\"https:\/\/helpmegrowwa.org\/wp-content\/uploads\/2023\/08\/icon-search.svg\">\n\t\t\t\t\t\t\t\t\t\t\t\t\t\t\t\t\t\t\t\t\t\t<div><h3><span style=\"color: #561553;\">\u12f5\u122d\u1305\u1275\u12ce\u1295 \u12eb\u12d8\u121d\u1291<\/span><\/h3>\n<p>\u1260\u1218\u1228\u1303 \u124b\u1273\u127d\u1295 \u12cd\u1235\u1325 \u12f5\u122d\u1305\u1275\u12ce\u1295 \u1208\u1218\u1348\u1208\u130d \u12ed\u1205\u1295\u1295 \u120a\u1295\u12ad \u12ed\u1320\u1240\u1219 \u12a5\u1293 \u1260\u134b\u12ed\u120d \u120b\u12ed \u1263\u1208\u1295 \u1218\u1228\u1303 \u120b\u12ed \u121b\u123b\u123b\u12eb\u12ce\u127d\u1295 \u12eb\u1235\u1308\u1261\u1362<\/p>\n<\/div>\n\t\t\t\t\t\t\t\t\t\t\t\t\t\t\t<div class=\"wrapper\">\n\t\t\t\t\t\t\t\t\t<div class=\"textlink\">\n\t\t\t\t\t\t\t\t\t\t\u12f5\u122d\u1305\u1275\u12ce\u1295 \u12eb\u12d8\u121d\u1291<svg class=\"arrow\" aria-hidden=\"true\" focusable=\"false\" data-prefix=\"fas\" data-icon=\"long-arrow-right\" role=\"img\" xmlns=\"http:\/\/www.w3.org\/2000\/svg\" viewbox=\"0 0 448 512\"><path fill=\"#FF671D\" d=\"M254.544 154.427L320.118 220H24c-13.255 0-24 10.745-24 24v24c0 13.255 10.745 24 24 24h296.118l-65.574 65.573c-9.373 9.373-9.373 24.569 0 33.941l16.971 16.971c9.373 9.373 24.569 9.373 33.941 0L440.97 272.97c9.373-9.373 9.373-24.569 0-33.941L305.456 103.515c-9.373-9.373-24.569-9.373-33.941 0l-16.971 16.971c-9.373 9.372-9.373 24.568 0 33.941z\"><\/path><\/svg>\n\t\t\t\t\t\t\t\t\t<\/div>\n\t\t\t\t\t\t\t\t<\/div>\n\t\t\t\t\t\t\t\t\t\t\t\t\t<\/a>\n\t\t\t\t\t\t\t\t\t\t\t\t<\/div>\n\t\t\t\t\t<div class=\"container\">\n\t\t\t\t\n\t\t\t\t\t\t\t\t\t\t\t\t\t\t\t\t\t\t\t\t\t<a class=\"box white center border-light-gray large\" href=\"https:\/\/withinreach.communityos.org\/New_Agency_Intake_Form\" target=\"\">\n\t\t\t\t\t\t\t\t\t\t\t\t\t\t\t\t\t\t\t\t\t\t\t\t<img decoding=\"async\" src=\"https:\/\/helpmegrowwa.org\/wp-content\/uploads\/2023\/08\/icon-housing.svg\">\n\t\t\t\t\t\t\t\t\t\t\t\t\t\t\t\t\t\t\t\t\t\t<div><h3><span style=\"color: #561553;\">\u12f5\u122d\u1305\u1275\u12ce\u1295 \u12eb\u12ad\u1209<\/span><\/h3>\n<p>\u12f5\u122d\u1305\u1275\u12ce \u12c8\u12ed\u121d \u1355\u122e\u130d\u122b\u121d\u12ce \u1260\u122a\u1236\u122d\u1235 \u1348\u120b\u130a \u12cd\u1235\u1325 \u12a8\u120c\u1209 \u12a5\u1293 \u12a5\u1295\u12f2\u1273\u12a8\u120d \u12a8\u1348\u1208\u1309 \u12e8\u12f5\u122d\u1305\u1275\u12ce\u1295 \u1218\u1228\u1303 \u1208\u121b\u1235\u1308\u1263\u1275 \u12ed\u1205\u1295\u1295 \u120a\u1295\u12ad \u12ed\u1320\u1240\u1219\u1362<\/p>\n<\/div>\n\t\t\t\t\t\t\t\t\t\t\t\t\t\t\t<div class=\"wrapper\">\n\t\t\t\t\t\t\t\t\t<div class=\"textlink\">\n\t\t\t\t\t\t\t\t\t\t\u12f5\u122d\u1305\u1275\u12ce\u1295 \u12eb\u12ad\u1209<svg class=\"arrow\" aria-hidden=\"true\" focusable=\"false\" data-prefix=\"fas\" data-icon=\"long-arrow-right\" role=\"img\" xmlns=\"http:\/\/www.w3.org\/2000\/svg\" viewbox=\"0 0 448 512\"><path fill=\"#FF671D\" d=\"M254.544 154.427L320.118 220H24c-13.255 0-24 10.745-24 24v24c0 13.255 10.745 24 24 24h296.118l-65.574 65.573c-9.373 9.373-9.373 24.569 0 33.941l16.971 16.971c9.373 9.373 24.569 9.373 33.941 0L440.97 272.97c9.373-9.373 9.373-24.569 0-33.941L305.456 103.515c-9.373-9.373-24.569-9.373-33.941 0l-16.971 16.971c-9.373 9.372-9.373 24.568 0 33.941z\"><\/path><\/svg>\n\t\t\t\t\t\t\t\t\t<\/div>\n\t\t\t\t\t\t\t\t<\/div>\n\t\t\t\t\t\t\t\t\t\t\t\t\t<\/a>\n\t\t\t\t\t\t\t\t\t\t\t\t<\/div>\n\t\t\t\t\t<div class=\"container\">\n\t\t\t\t\n\t\t\t\t\t\t\t\t\t\t\t\t\t\t\t\t\t\t\t\t\t<a class=\"box white center border-light-gray large\" href=\"https:\/\/helpmegrowwa.org\/am\/resource-directory-team\/\" target=\"\">\n\t\t\t\t\t\t\t\t\t\t\t\t\t\t\t\t\t\t\t\t\t\t\t\t<img decoding=\"async\" src=\"https:\/\/helpmegrowwa.org\/wp-content\/uploads\/2023\/09\/icon-milestones.svg\">\n\t\t\t\t\t\t\t\t\t\t\t\t\t\t\t\t\t\t\t\t\t\t<div><h3><span style=\"color: #561553;\">\u12a8\u1261\u12f5\u1293\u127d\u1295 \u130b\u122d \u1218\u1235\u122b\u1275<\/span><\/h3>\n<p>\u12a8\u1295\u1265\u1228\u1275 \u121b\u12cd\u132b \u1261\u12f5\u1295 \u130b\u122d \u1232\u1230\u1229 \u121d\u1295 \u12a5\u1295\u12f0\u121a\u1320\u1265\u1241 \u12a5\u1293 \u1218\u1228\u1303\u12cd \u12a5\u1295\u12f0\u1270\u12d8\u1218\u1290 \u1218\u1246\u12e8\u1271\u1295 \u12a5\u1295\u12f4\u1275 \u12a5\u1295\u12f0\u121d\u1293\u1228\u130b\u130d\u1325 \u12ed\u12c8\u1241\u1362<\/p>\n<\/div>\n\t\t\t\t\t\t\t\t\t\t\t\t\t\t\t<div class=\"wrapper\">\n\t\t\t\t\t\t\t\t\t<div class=\"textlink\">\n\t\t\t\t\t\t\t\t\t\t\u1270\u1328\u121b\u122a \u12ed\u12c8\u1241<svg class=\"arrow\" aria-hidden=\"true\" focusable=\"false\" data-prefix=\"fas\" data-icon=\"long-arrow-right\" role=\"img\" xmlns=\"http:\/\/www.w3.org\/2000\/svg\" viewbox=\"0 0 448 512\"><path fill=\"#FF671D\" d=\"M254.544 154.427L320.118 220H24c-13.255 0-24 10.745-24 24v24c0 13.255 10.745 24 24 24h296.118l-65.574 65.573c-9.373 9.373-9.373 24.569 0 33.941l16.971 16.971c9.373 9.373 24.569 9.373 33.941 0L440.97 272.97c9.373-9.373 9.373-24.569 0-33.941L305.456 103.515c-9.373-9.373-24.569-9.373-33.941 0l-16.971 16.971c-9.373 9.372-9.373 24.568 0 33.941z\"><\/path><\/svg>\n\t\t\t\t\t\t\t\t\t<\/div>\n\t\t\t\t\t\t\t\t<\/div>\n\t\t\t\t\t\t\t\t\t\t\t\t\t<\/a>\n\t\t\t\t\t\t\t\t\t\t\t\t<\/div>\n\t\t\t\t<\/div>\n\t<\/div>\n\t<script>\n\t\n\t(function($) {\n\t\n\t\t\/\/ Get the block ID\n\t\tvar id = \"#block_31e7935a64c73e08cf5beedf2904ce1a\";\n\t\t\n\t\t$(id + \" .boxes-wrapper .boxes .box\").hover(function() {\n\t\t\t$(this).find(\".arrow\").addClass(\"hover\");\n\t\t\t$(this).find(\"img\").addClass(\"hover\");\n\t\t}, function() {\n\t\t\t$(this).find(\".arrow\").removeClass(\"hover\");\n\t\t\t$(this).find(\"img\").removeClass(\"hover\");\n\t\t});\n\t\t\n\t\t\/\/ Reveal foreground elements\n\t\tScrollReveal().reveal(id + \" .container\", {origin: \"bottom\", distance: \"20px\", duration: 1000, viewFactor: 0.2, interval: 100, reset: false});\n\t\n\t})(jQuery)\n\t\n\t<\/script>\n<\/div>\n\n\n<div id=\"block_0f772de8cabebeb8876ef11de0f6deab\" class=\"news-feature-block\">\n\t<div class=\"container\">\n\t\t<div class=\"title\">\n\t\t\t\t\t\t\t<h2>\u12dc\u1293 + \u12dd\u121b\u1294\u12ce\u127d<\/h2>\n\t\t\t\t\t<\/div>\n\t\t<div class=\"wrapper\">\n\t\t\t\t\t\t\t\n\t\t\t\t\t\t\t\t\t\t\t\t\t\t\t\t\t\t\t\t<a class=\"article\" href=\"https:\/\/conta.cc\/4c23dcA\" target=\"_blank\">\n\t\t\t\t\t\t\t\t\t\t\t<div class=\"picture\">\n\t\t\t\t\t\t\t\t\t\t\t\t\t\t<img decoding=\"async\" src=\"https:\/\/helpmegrowwa.org\/wp-content\/uploads\/2026\/03\/HMG-WA-Network-Newsletter-header-14-260x180.png\" srcset=\"https:\/\/helpmegrowwa.org\/wp-content\/uploads\/2026\/03\/HMG-WA-Network-Newsletter-header-14-260x180.png 260w, https:\/\/helpmegrowwa.org\/wp-content\/uploads\/2026\/03\/HMG-WA-Network-Newsletter-header-14-520x200.png 520w\" sizes=\"260px\">\n\t\t\t\t\t\t\t\t\t\t\t\t\t\t\t<div class=\"type-label\">\u130b\u12dc\u1323<\/div>\n\t\t\t\t\t\t\t\t\t\t\t\t\t<\/div>\n\t\t\t\t\t\t<div class=\"content\">\n\t\t\t\t\t\t\t\t\t\t\t\t\t\t\t<div class=\"date\">\u121a\u12eb\u12da\u12eb 1\u1363 2026<\/div>\n\t\t\t\t\t\t\t\t\t\t\t\t\t\t<div class=\"text\">\n\t\t\t\t\t\t\t\t<h3 class=\"title\">\u121b\u122d\u127d 2026 \u12e8HMG WA \u12e8\u12dc\u1293 \u1218\u133d\u1214\u1275 (\u1235\u1353\u1292\u123d)<\/h3>\n\t\t\t\t\t\t\t\t<div class=\"summary\">Celebre a la red de Ay\u00fadame a Crecer Washington y conozca los avances que hemos logrado en varias iniciativas estrat\u00e9gicas del Plan estrat\u00e9gico de Ay\u00fadame a Crecer Washington.<\/div>\n\t\t\t\t\t\t\t<\/div>\n\t\t\t\t\t\t\t<div class=\"more\">\n\t\t\t\t\t\t\t\t\u1270\u1328\u121b\u122a \u12eb\u1295\u1265\u1261\n\t\t\t\t\t\t\t\t<svg class=\"arrow\" aria-hidden=\"true\" focusable=\"false\" data-prefix=\"fas\" data-icon=\"long-arrow-right\" role=\"img\" xmlns=\"http:\/\/www.w3.org\/2000\/svg\" viewbox=\"0 0 448 512\"><path fill=\"#ababab\" d=\"M254.544 154.427L320.118 220H24c-13.255 0-24 10.745-24 24v24c0 13.255 10.745 24 24 24h296.118l-65.574 65.573c-9.373 9.373-9.373 24.569 0 33.941l16.971 16.971c9.373 9.373 24.569 9.373 33.941 0L440.97 272.97c9.373-9.373 9.373-24.569 0-33.941L305.456 103.515c-9.373-9.373-24.569-9.373-33.941 0l-16.971 16.971c-9.373 9.372-9.373 24.568 0 33.941z\"><\/path><\/svg>\n\t\t\t\t\t\t\t<\/div>\n\t\t\t\t\t\t<\/div>\n\t\t\t\t\t<\/a>\n\t\t\t\t\t\t\t\t\t\t\t\t\t\t\t\t\t\t\t\t\t\t\t\t\t<a class=\"article\" href=\"https:\/\/conta.cc\/4d61btX\" target=\"_blank\">\n\t\t\t\t\t\t\t\t\t\t\t<div class=\"picture\">\n\t\t\t\t\t\t\t\t\t\t\t\t\t\t<img decoding=\"async\" src=\"https:\/\/helpmegrowwa.org\/wp-content\/uploads\/2026\/03\/HMG-WA-Network-Newsletter-header-13-260x180.png\" srcset=\"https:\/\/helpmegrowwa.org\/wp-content\/uploads\/2026\/03\/HMG-WA-Network-Newsletter-header-13-260x180.png 260w, https:\/\/helpmegrowwa.org\/wp-content\/uploads\/2026\/03\/HMG-WA-Network-Newsletter-header-13-520x200.png 520w\" sizes=\"260px\">\n\t\t\t\t\t\t\t\t\t\t\t\t\t\t\t<div class=\"type-label\">\u130b\u12dc\u1323<\/div>\n\t\t\t\t\t\t\t\t\t\t\t\t\t<\/div>\n\t\t\t\t\t\t<div class=\"content\">\n\t\t\t\t\t\t\t\t\t\t\t\t\t\t\t<div class=\"date\">\u1218\u130b\u1262\u1275 31, 2026<\/div>\n\t\t\t\t\t\t\t\t\t\t\t\t\t\t<div class=\"text\">\n\t\t\t\t\t\t\t\t<h3 class=\"title\">\u121b\u122d\u127d 2026 \u12e8\u12a4\u127d\u12a4\u121d\u1302 \u12cb \u12e8\u12dc\u1293 \u1218\u133d\u1214\u1275<\/h3>\n\t\t\t\t\t\t\t\t<div class=\"summary\">\u12e8Help Me Grow WA \u1294\u1275\u12c8\u122d\u12ad\u1295 \u12eb\u12ad\u1265\u1229 \u12a5\u1293 \u1260Help Me Grow WA \u1235\u1275\u122b\u1274\u1302\u12ab\u12ca \u12a5\u1245\u12f5 \u12cd\u1235\u1325 \u1260\u1270\u12ab\u1270\u1271\u1275 \u1260\u122d\u12ab\u1273 \u1235\u1275\u122b\u1274\u1302\u12ab\u12ca \u1270\u1290\u1233\u123d\u1290\u1276\u127d \u120b\u12ed \u1235\u1208\u1270\u12f0\u1228\u1309\u1275 \u12a5\u12f5\u1308\u1276\u127d \u12ed\u12c8\u1241\u1362<\/div>\n\t\t\t\t\t\t\t<\/div>\n\t\t\t\t\t\t\t<div class=\"more\">\n\t\t\t\t\t\t\t\t\u1270\u1328\u121b\u122a \u12eb\u1295\u1265\u1261\n\t\t\t\t\t\t\t\t<svg class=\"arrow\" aria-hidden=\"true\" focusable=\"false\" data-prefix=\"fas\" data-icon=\"long-arrow-right\" role=\"img\" xmlns=\"http:\/\/www.w3.org\/2000\/svg\" viewbox=\"0 0 448 512\"><path fill=\"#ababab\" d=\"M254.544 154.427L320.118 220H24c-13.255 0-24 10.745-24 24v24c0 13.255 10.745 24 24 24h296.118l-65.574 65.573c-9.373 9.373-9.373 24.569 0 33.941l16.971 16.971c9.373 9.373 24.569 9.373 33.941 0L440.97 272.97c9.373-9.373 9.373-24.569 0-33.941L305.456 103.515c-9.373-9.373-24.569-9.373-33.941 0l-16.971 16.971c-9.373 9.372-9.373 24.568 0 33.941z\"><\/path><\/svg>\n\t\t\t\t\t\t\t<\/div>\n\t\t\t\t\t\t<\/div>\n\t\t\t\t\t<\/a>\n\t\t\t\t\t\t\t\t\t\t\t\t\t\t\t\t\t\t\t\t\t\t\t\t\t<a class=\"article\" href=\"https:\/\/helpmegrowwa.org\/am\/reaching-new-heights-partnering-to-support-child-development\">\n\t\t\t\t\t\t\t\t\t\t\t<div class=\"picture\">\n\t\t\t\t\t\t\t\t\t\t\t\t\t\t<img decoding=\"async\" src=\"https:\/\/helpmegrowwa.org\/wp-content\/uploads\/2026\/03\/NEWS-STORY-TITLE-5-e1774371040337-260x180.png\" srcset=\"https:\/\/helpmegrowwa.org\/wp-content\/uploads\/2026\/03\/NEWS-STORY-TITLE-5-e1774371040337-260x180.png 260w, https:\/\/helpmegrowwa.org\/wp-content\/uploads\/2026\/03\/NEWS-STORY-TITLE-5-e1774371040337-520x360.png 520w\" sizes=\"260px\">\n\t\t\t\t\t\t\t\t\t\t\t\t\t\t\t<div class=\"type-label\">\u1356\u1235\u1275<\/div>\n\t\t\t\t\t\t\t\t\t\t\t\t\t<\/div>\n\t\t\t\t\t\t<div class=\"content\">\n\t\t\t\t\t\t\t\t\t\t\t\t\t\t\t<div class=\"date\">\u1218\u130b\u1262\u1275 24, 2026<\/div>\n\t\t\t\t\t\t\t\t\t\t\t\t\t\t<div class=\"text\">\n\t\t\t\t\t\t\t\t<h3 class=\"title\">\u12a0\u12f2\u1235 \u12a8\u134d\u1273 \u120b\u12ed \u1218\u12f5\u1228\u1235\u1361- \u12e8\u120d\u1305 \u12a5\u12f5\u1308\u1275\u1295 \u1208\u1218\u12f0\u1308\u134d \u1218\u1270\u1263\u1260\u122d<\/h3>\n\t\t\t\t\t\t\t\t<div class=\"summary\">\u1208\u1264\u1270\u1230\u1266\u127d \u12a5\u1293 \u1208\u12a0\u130b\u122e\u127d \u12a0\u12f2\u1235 \u130d\u1265\u12d3\u1275! Help Me Grow WA \u12a8\u12cb\u123d\u1295\u130d\u1270\u1295 \u127b\u1355\u1270\u122d \u12a8\u12a0\u121c\u122a\u12ab \u12e8\u1215\u1343\u1293\u1275 \u1215\u12ad\u121d\u1293 \u12a0\u12ab\u12f3\u121a (WCAAP) \u130b\u122d \u1260\u1218\u1270\u1263\u1260\u122d \u12a82 \u12c8\u122d \u12a5\u1235\u12a8 5 \u12d3\u1218\u1275 \u1208\u1206\u1291 \u1205\u133b\u1293\u1275 \u12a0\u1235\u12f0\u1233\u127d\u1363 \u1263\u1208\u1201\u1208\u1275 \u124b\u1295\u124b \u1241\u1218\u1275 \u1308\u1260\u1273\u1295 \u1260\u130b\u122b \u12a0\u12d8\u130b\u1305\u1277\u120d\u1362 \u12e8\u1215\u1343\u1293\u1275 \u12a5\u12cd\u1240\u1275\u1295 \u12a5\u1293 \u1264\u1270\u1230\u1266\u127d\u1295 \u12a8\u130d\u121d\u1275 \u12cd\u1235\u1325 \u1260\u121b\u1235\u1308\u1263\u1275 \u12e8\u1270\u1290\u12f0\u1348\u12cd \u12a5\u12eb\u1295\u12f3\u1295\u12f1 \u1308\u1260\u1273 \u1241\u120d\u134d \u12e8\u12a5\u12f5\u1308\u1275 \u12f0\u1228\u1303\u12ce\u127d\u1295 \u12a5\u1293 \u1264\u1270\u1230\u1266\u127d \u12e8\u120d\u1303\u1278\u12cd\u1295 \u12a5\u12f5\u1308\u1275 \u12a5\u1293 \u1275\u121d\u1205\u122d\u1275 \u120a\u12f0\u130d\u1349 \u12e8\u121a\u127d\u1209\u1263\u1278\u12cd\u1295 \u1240\u120b\u120d \u1218\u1295\u1308\u12f6\u127d \u12eb\u12ab\u1275\u1273\u120d\u1362 <\/div>\n\t\t\t\t\t\t\t<\/div>\n\t\t\t\t\t\t\t<div class=\"more\">\n\t\t\t\t\t\t\t\t\u1270\u1328\u121b\u122a \u12eb\u1295\u1265\u1261\n\t\t\t\t\t\t\t\t<svg class=\"arrow\" aria-hidden=\"true\" focusable=\"false\" data-prefix=\"fas\" data-icon=\"long-arrow-right\" role=\"img\" xmlns=\"http:\/\/www.w3.org\/2000\/svg\" viewbox=\"0 0 448 512\"><path fill=\"#ababab\" d=\"M254.544 154.427L320.118 220H24c-13.255 0-24 10.745-24 24v24c0 13.255 10.745 24 24 24h296.118l-65.574 65.573c-9.373 9.373-9.373 24.569 0 33.941l16.971 16.971c9.373 9.373 24.569 9.373 33.941 0L440.97 272.97c9.373-9.373 9.373-24.569 0-33.941L305.456 103.515c-9.373-9.373-24.569-9.373-33.941 0l-16.971 16.971c-9.373 9.372-9.373 24.568 0 33.941z\"><\/path><\/svg>\n\t\t\t\t\t\t\t<\/div>\n\t\t\t\t\t\t<\/div>\n\t\t\t\t\t<\/a>\n\t\t\t\t\t\t\t\t\t\t\t\t\t\t\t\t\t\t\t\t\t\t\t\t\t<a class=\"article\" href=\"https:\/\/helpmegrowwa.org\/am\/news\/celebrating-the-2026-help-me-grow-washington-network\">\n\t\t\t\t\t\t\t\t\t\t\t<div class=\"picture\">\n\t\t\t\t\t\t\t\t\t\t\t\t\t\t<img decoding=\"async\" src=\"https:\/\/helpmegrowwa.org\/wp-content\/uploads\/2026\/03\/NEWS-STORY-TITLE-4-260x180.png\" srcset=\"https:\/\/helpmegrowwa.org\/wp-content\/uploads\/2026\/03\/NEWS-STORY-TITLE-4-260x180.png 260w, https:\/\/helpmegrowwa.org\/wp-content\/uploads\/2026\/03\/NEWS-STORY-TITLE-4-520x360.png 520w\" sizes=\"260px\">\n\t\t\t\t\t\t\t\t\t\t\t\t\t\t\t<div class=\"type-label\">\u12dc\u1293<\/div>\n\t\t\t\t\t\t\t\t\t\t\t\t\t<\/div>\n\t\t\t\t\t\t<div class=\"content\">\n\t\t\t\t\t\t\t\t\t\t\t\t\t\t\t<div class=\"date\">\u1218\u130b\u1262\u1275 23, 2026<\/div>\n\t\t\t\t\t\t\t\t\t\t\t\t\t\t<div class=\"text\">\n\t\t\t\t\t\t\t\t<h3 class=\"title\">\u12e82026 Help Me Grow Washington \u1294\u1275\u12c8\u122d\u12ad\u1295 \u1260\u121b\u12ad\u1260\u122d \u120b\u12ed!<\/h3>\n\t\t\t\t\t\t\t\t<div class=\"summary\">Help Me Grow Whatcom \u12a5\u1293 Help Me Grow Grays Harbor \u12c8\u12f0 Help Me Grow Washington \u12a0\u12cd\u1273\u1228 \u1218\u1228\u1265 \u1260\u12f0\u1235\u1273 \u12a5\u1295\u1240\u1260\u120b\u1208\u1295! \ud83d\udc9c \u1260\u1270\u1328\u121b\u122a\u121d\u1363 \u1260\u12ad\u134d\u1208 \u1200\u1308\u1229 \u12cd\u1235\u1325 \u12eb\u1209 \u1270\u1328\u121b\u122a \u121b\u1205\u1260\u1228\u1230\u1266\u127d \u12e8\u1270\u1240\u1293\u1300\u1363 \u1264\u1270\u1230\u1265\u1295 \u12eb\u121b\u12a8\u1208 \u12e8\u12f5\u130b\u134d \u1235\u122d\u12d3\u1276\u127d\u1295 \u12a5\u12e8\u1308\u1290\u1261 \u1290\u12cd - \u130d\u1295\u1299\u1290\u1276\u127d\u1295 \u12eb\u1320\u1293\u12ad\u122b\u1209 \u12a5\u1293 \u1264\u1270\u1230\u1266\u127d \u1260\u121a\u12eb\u1235\u1348\u120d\u130b\u1278\u12cd \u130a\u12dc \u12e8\u121a\u12eb\u1235\u1348\u120d\u130b\u1278\u12cd\u1295 \u1200\u1265\u1276\u127d \u1260\u1240\u120b\u1209 \u12a5\u1295\u12f2\u12eb\u1308\u1299 \u12eb\u12f0\u122d\u130b\u1209\u1362\u00a0<\/div>\n\t\t\t\t\t\t\t<\/div>\n\t\t\t\t\t\t\t<div class=\"more\">\n\t\t\t\t\t\t\t\t\u1270\u1328\u121b\u122a \u12eb\u1295\u1265\u1261\n\t\t\t\t\t\t\t\t<svg class=\"arrow\" aria-hidden=\"true\" focusable=\"false\" data-prefix=\"fas\" data-icon=\"long-arrow-right\" role=\"img\" xmlns=\"http:\/\/www.w3.org\/2000\/svg\" viewbox=\"0 0 448 512\"><path fill=\"#ababab\" d=\"M254.544 154.427L320.118 220H24c-13.255 0-24 10.745-24 24v24c0 13.255 10.745 24 24 24h296.118l-65.574 65.573c-9.373 9.373-9.373 24.569 0 33.941l16.971 16.971c9.373 9.373 24.569 9.373 33.941 0L440.97 272.97c9.373-9.373 9.373-24.569 0-33.941L305.456 103.515c-9.373-9.373-24.569-9.373-33.941 0l-16.971 16.971c-9.373 9.372-9.373 24.568 0 33.941z\"><\/path><\/svg>\n\t\t\t\t\t\t\t<\/div>\n\t\t\t\t\t\t<\/div>\n\t\t\t\t\t<\/a>\n\t\t\t\t\t\t\t\t\t\t\t\t\t\n\t\t\t\t\t\t\t\n\t\t<\/div>\n\t<\/div>\n\t<script>\n\t\n\t(function($) {\n\t\n\t\t\/\/ Get the block ID\n\t\tvar id = \"#block_0f772de8cabebeb8876ef11de0f6deab\";\n\t\t\n\t\t\/\/ Reveal foreground elements\n\t\tScrollReveal().reveal(id + \" .article\", {origin: \"bottom\", distance: \"20px\", duration: 1000, viewFactor: 0.2, interval: 100, reset: false});\n\t\t\n\t})(jQuery)\n\t\n\t<\/script>\t\n<\/div>","protected":false},"excerpt":{"rendered":"","protected":false},"author":55,"featured_media":0,"parent":0,"menu_order":0,"comment_status":"closed","ping_status":"closed","template":"","meta":{"_acf_changed":false,"footnotes":""},"acf":[],"_links":{"self":[{"href":"https:\/\/helpmegrowwa.org\/am\/wp-json\/wp\/v2\/pages\/11236"}],"collection":[{"href":"https:\/\/helpmegrowwa.org\/am\/wp-json\/wp\/v2\/pages"}],"about":[{"href":"https:\/\/helpmegrowwa.org\/am\/wp-json\/wp\/v2\/types\/page"}],"author":[{"embeddable":true,"href":"https:\/\/helpmegrowwa.org\/am\/wp-json\/wp\/v2\/users\/55"}],"replies":[{"embeddable":true,"href":"https:\/\/helpmegrowwa.org\/am\/wp-json\/wp\/v2\/comments?post=11236"}],"version-history":[{"count":64,"href":"https:\/\/helpmegrowwa.org\/am\/wp-json\/wp\/v2\/pages\/11236\/revisions"}],"predecessor-version":[{"id":12378,"href":"https:\/\/helpmegrowwa.org\/am\/wp-json\/wp\/v2\/pages\/11236\/revisions\/12378"}],"wp:attachment":[{"href":"https:\/\/helpmegrowwa.org\/am\/wp-json\/wp\/v2\/media?parent=11236"}],"curies":[{"name":"wp","href":"https:\/\/api.w.org\/{rel}","templated":true}]}}