{"id":12609,"date":"2025-10-17T00:07:59","date_gmt":"2025-10-17T00:07:59","guid":{"rendered":"https:\/\/helpmegrowwa.org\/?page_id=12609"},"modified":"2025-10-20T23:34:01","modified_gmt":"2025-10-20T23:34:01","slug":"community-connections","status":"publish","type":"page","link":"https:\/\/helpmegrowwa.org\/am\/community-connections","title":{"rendered":"\u12e8\u121b\u1205\u1260\u1228\u1230\u1265 \u130d\u1295\u1299\u1290\u1276\u127d"},"content":{"rendered":"<div id=\"block_446a2725b0de70f45602f4dca434235a\" class=\"fifty-fifty-block dark-purple right fifty-fifty-banner\">\n\t<img decoding=\"async\" class=\"flower-graphic\" src=\"https:\/\/helpmegrowwa.org\/wp-content\/themes\/helpmegrowwa\/images\/banner-text-shapes.svg\">\n\t<div class=\"info\">\n\t\t<div class=\"container regular center\">\n\t\t\t<h1>\u12a8\u1228\u1305\u121d \u130a\u12dc \u12f5\u130b\u134d \u130b\u122d \u12ed\u1308\u1293\u1299<\/h1>\n\t\t\t\t\t<\/div>\n\t<\/div>\n\t\t<div class=\"image\" style=\"background-image: url(https:\/\/helpmegrowwa.org\/wp-content\/uploads\/2023\/09\/Child-Development-Resources-Help-Me-Grow-Washington.jpg);background-position: top left;\">\n\t\t\t\t\t<img decoding=\"async\" class=\"corner\" src=\"https:\/\/helpmegrowwa.org\/wp-content\/themes\/helpmegrowwa\/images\/fifty-fifty-corner-piece.svg\">\n\t\t\t\t\t<\/div>\n\t<script>\n\t(function($) {\n\t\t\/\/ Get the block ID\n\t\tvar id = \"#block_446a2725b0de70f45602f4dca434235a\";\n\t\t\/\/ Reveal the block\n\t\tvar container = document.documentElement;\n\t\tScrollReveal().reveal(id + \".left .image\", {origin: \"left\", distance: \"20px\", duration: 1000});\n\t\tScrollReveal().reveal(id + \".left .info .container\", {origin: \"right\", distance: \"20px\", duration: 1000});\n\t\tScrollReveal().reveal(id + \".right .image\", {origin: \"right\", distance: \"20px\", duration: 1000});\n\t\tScrollReveal().reveal(id + \".right .info .container\", {origin: \"left\", distance: \"20px\", duration: 1000});\n\t}(jQuery))\n\t<\/script>\n<\/div>\n\n<div id=\"block_796b27c8a27b4ee23edacc61197e1d48\" class=\"text-block light-gray large left\">\n\t<div class=\"container one-column full\">\n\t\t<h2><span style=\"color: #561553;\">\u1275\u12ad\u12ad\u1208\u129b\u12cd\u1295 \u12a5\u122d\u12f3\u1273 \u121b\u130d\u1298\u1275 \u12a8\u1263\u12f5 \u1290\u12cd\u1362 \u1240\u120b\u120d \u12a5\u1295\u12f2\u1206\u1295 \u12a5\u1293\u12f0\u122d\u130b\u1208\u1295\u1362<\/span><\/h2>\n<p>\u12e8\u121d\u130d\u1265\u1363 \u12e8\u1324\u1293 \u12a5\u1295\u12ad\u1265\u12ab\u1264 \u12c8\u12ed\u121d \u12e8\u120d\u1305 \u12a5\u12f5\u1308\u1275 \u12f5\u130b\u134d \u12a8\u1348\u1208\u1309\u1363 Help Me Grow Washington Resource Navigators \u12a5\u122d\u1235\u12ce\u1295 \u1208\u1218\u121d\u122b\u1275 \u12a5\u12da\u1205 \u12a0\u1209\u1362 \u12e8\u12a0\u12ab\u1263\u1262 \u12a0\u1308\u120d\u130d\u120e\u1276\u127d\u1295 \u12a5\u1295\u12f5\u1273\u1308\u1299\u1363 \u1265\u1241 \u12a5\u1295\u12f0\u1206\u1291 \u1208\u121b\u12c8\u1245 \u12a5\u1293 \u134d\u120b\u130e\u1276\u127d\u12ce \u1232\u1240\u12e8\u1229 \u12a5\u1295\u12f0\u1270\u1308\u1293\u1299 \u12a5\u1295\u12f2\u1246\u12e9 \u12a5\u1293\u130d\u12dd\u12ce\u1273\u1208\u1295\u1362<\/p>\n<ul>\n<li><strong>\u1208\u1201\u1209\u121d \u12e8\u12aa\u1295\u130d \u12ab\u12cd\u1295\u1272 \u1290\u12cb\u122a\u12ce\u127d \u12ed\u1308\u129b\u120d\u2014<\/strong>\u12e8\u12a5\u122d\u1235\u12ce \u12a2\u1295\u1239\u122b\u1295\u1235\u1363 \u1308\u1262\u1363 \u12e8\u12a2\u121a\u130d\u122c\u123d\u1295 \u12c8\u12ed\u121d \u12e8\u1218\u1296\u122a\u12eb \u1264\u1275 \u1201\u1294\u1273 \u121d\u1295\u121d \u12ed\u1201\u1295 \u121d\u1295\u1362<\/li>\n<li>\u1260\u12aa\u1295\u130d \u12ab\u12cd\u1295\u1272 \u12cd\u1235\u1325 \u120b\u1209 \u1264\u1270\u1230\u1266\u127d \u12e8\u1228\u1305\u121d \u130a\u12dc \u12f5\u130b\u134d \u1208\u1218\u1235\u1320\u1275 \u12a8HealthierHere Community Hub \u130b\u122d \u12a0\u130b\u122d\u1270\u1293\u120d\u1362<\/li>\n<\/ul>\n<h2><span style=\"color: #561553;\">\u12db\u122c \u1300\u121d\u122d!<\/span><\/h2>\n<p><a href=\"https:\/\/share.hsforms.com\/2tBmhzlGCTAOVjxBJc693Xgr94zg?org_name_dropdownmenu_sensitive=Help%20Me%20Grow%20WA\/WithinReach\">\u1208\u1218\u1308\u1293\u1298\u1275 \u12e8\u121b\u1205\u1260\u1228\u1230\u1265 \u1218\u1308\u1293\u129b \u12d8\u12f4\u1295 \u12ed\u1320\u1240\u1219<\/a> \u2014 Help Me Grow WA\/WithinReach \u12a5\u1295\u12f0 \u121b\u1323\u1240\u123b \u12a4\u1300\u1295\u1232\u12ce \u12ed\u12d8\u1228\u12d8\u122b\u120d\u1363 \u1235\u1208\u12da\u1205 \u1325\u12eb\u1244\u12ce \u1260\u1240\u1325\u1273 \u12c8\u12f0 \u1261\u12f5\u1293\u127d\u1295 \u12ed\u1218\u1323\u120d!<\/p>\n\t<\/div>\n\t<script>\n\t\t(function($) {\n\t\t\t\/\/ Get the block ID\n\t\t\tvar id = \"#block_796b27c8a27b4ee23edacc61197e1d48\";\n\t\t\t\/\/ Reveal the block\n\t\t\tvar container = document.documentElement;\n\t\t\tScrollReveal().reveal(id + \" .container\", {origin: \"bottom\", distance: \"20px\", duration: 1000, container: container});\n\t\t}(jQuery))\n\t<\/script>\n<\/div>\n\n<div id=\"block_a3a660c576ab16221c6ee03ee0dcf30a\" class=\"fifty-fifty-block blue right\">\n\t<img decoding=\"async\" class=\"flower-graphic\" src=\"https:\/\/helpmegrowwa.org\/wp-content\/themes\/helpmegrowwa\/images\/banner-text-shapes.svg\">\n\t<div class=\"info watermark\">\n\t\t<div class=\"container regular top\">\n\t\t\t<h2>\u12e8Help Me Grow \u120d\u121d\u12f5<\/h2>\n<p>\u12e8\u12a5\u129b \u12c8\u12f3\u1303\u12ca \u12a5\u1293 \u12a5\u12cd\u1240\u1275 \u12eb\u1208\u12cd \u12e8\u1218\u122d\u1303 \u12a0\u1233\u123e\u127d \u12a5\u122d\u1235\u12ce \u1260\u12cb\u123d\u1295\u130d\u1270\u1295 \u130d\u12db\u1275 \u12cd\u1235\u1325 \u1208\u1270\u1208\u12eb\u12e9 \u12e8\u121d\u130d\u1265\u1363 \u12e8\u1324\u1293 \u12a5\u1293 \u12e8\u120d\u1306\u127d \u120d\u121b\u1275 \u130d\u1265\u12a0\u1276\u127d \u12a5\u1295\u12f2\u1228\u12f1\u12ce\u1275 \u12a5\u1293 \u12a5\u1295\u12f2\u12eb\u1218\u1208\u12ad\u1271 \u1208\u121b\u1308\u12dd \u12a5\u12da\u1205 \u12a0\u1209\u1362 \u12e8\u1264\u1270\u1230\u1265\u12ce\u1295 \u134d\u120b\u130e\u1276\u127d \u12eb\u12f3\u121d\u1321 \u12a5\u1293 \u1208\u1264\u1270\u1230\u1265\u12ce \u12e8\u1270\u123b\u1208\u12cd\u1295 \u12f5\u130b\u134d \u12a5\u1295\u12f2\u12eb\u1308\u1299 \u12ed\u1228\u12f1\u12ce\u1273\u120d\u1362<\/p>\n\t\t\t\t\t\t\t\t\t<div class=\"link\">\n\t\t\t\t<a class=\"button orange\" href=\"\/am\/hotline\/\" target=\"\">\n\t\t\t\t\t\t\t\t\t\t\u1270\u1328\u121b\u122a \u12ed\u12c8\u1241\t\t\t\t<\/a>\n\t\t\t<\/div>\n\t\t\t\t\t<\/div>\n\t<\/div>\n\t\t<div class=\"image\" style=\"background-image: url(https:\/\/helpmegrowwa.org\/wp-content\/uploads\/2023\/09\/iStock-1414162938@2x.jpg);background-position: top center;\">\n\t\t\t\t\t<\/div>\n\t<script>\n\t(function($) {\n\t\t\/\/ Get the block ID\n\t\tvar id = \"#block_a3a660c576ab16221c6ee03ee0dcf30a\";\n\t\t\/\/ Reveal the block\n\t\tvar container = document.documentElement;\n\t\tScrollReveal().reveal(id + \".left .image\", {origin: \"left\", distance: \"20px\", duration: 1000});\n\t\tScrollReveal().reveal(id + \".left .info .container\", {origin: \"right\", distance: \"20px\", duration: 1000});\n\t\tScrollReveal().reveal(id + \".right .image\", {origin: \"right\", distance: \"20px\", duration: 1000});\n\t\tScrollReveal().reveal(id + \".right .info .container\", {origin: \"left\", distance: \"20px\", duration: 1000});\n\t}(jQuery))\n\t<\/script>\n<\/div>\n\n\n<div id=\"block_bab5ff56f4e13b3bc7132d27e955911b\" class=\"news-feature-block\">\n\t<div class=\"container\">\n\t\t<div class=\"title\">\n\t\t\t\t\t\t\t<h2>\u12dc\u1293 + \u12dd\u121b\u1294\u12ce\u127d<\/h2>\n\t\t\t\t\t<\/div>\n\t\t<div class=\"wrapper\">\n\t\t\t\t\t\t\t\n\t\t\t\t\t\t\t\t\t\t\t\t\t\t\t\t\t\t\t\t<a class=\"article\" href=\"https:\/\/conta.cc\/4c23dcA\" target=\"_blank\">\n\t\t\t\t\t\t\t\t\t\t\t<div class=\"picture\">\n\t\t\t\t\t\t\t\t\t\t\t\t\t\t<img decoding=\"async\" src=\"https:\/\/helpmegrowwa.org\/wp-content\/uploads\/2026\/03\/HMG-WA-Network-Newsletter-header-14-260x180.png\" srcset=\"https:\/\/helpmegrowwa.org\/wp-content\/uploads\/2026\/03\/HMG-WA-Network-Newsletter-header-14-260x180.png 260w, https:\/\/helpmegrowwa.org\/wp-content\/uploads\/2026\/03\/HMG-WA-Network-Newsletter-header-14-520x200.png 520w\" sizes=\"260px\">\n\t\t\t\t\t\t\t\t\t\t\t\t\t\t\t<div class=\"type-label\">\u130b\u12dc\u1323<\/div>\n\t\t\t\t\t\t\t\t\t\t\t\t\t<\/div>\n\t\t\t\t\t\t<div class=\"content\">\n\t\t\t\t\t\t\t\t\t\t\t\t\t\t\t<div class=\"date\">\u121a\u12eb\u12da\u12eb 1\u1363 2026<\/div>\n\t\t\t\t\t\t\t\t\t\t\t\t\t\t<div class=\"text\">\n\t\t\t\t\t\t\t\t<h3 class=\"title\">\u121b\u122d\u127d 2026 \u12e8HMG WA \u12e8\u12dc\u1293 \u1218\u133d\u1214\u1275 (\u1235\u1353\u1292\u123d)<\/h3>\n\t\t\t\t\t\t\t\t<div class=\"summary\">Celebre a la red de Ay\u00fadame a Crecer Washington y conozca los avances que hemos logrado en varias iniciativas estrat\u00e9gicas del Plan estrat\u00e9gico de Ay\u00fadame a Crecer Washington.<\/div>\n\t\t\t\t\t\t\t<\/div>\n\t\t\t\t\t\t\t<div class=\"more\">\n\t\t\t\t\t\t\t\t\u1270\u1328\u121b\u122a \u12eb\u1295\u1265\u1261\n\t\t\t\t\t\t\t\t<svg class=\"arrow\" aria-hidden=\"true\" focusable=\"false\" data-prefix=\"fas\" data-icon=\"long-arrow-right\" role=\"img\" xmlns=\"http:\/\/www.w3.org\/2000\/svg\" viewbox=\"0 0 448 512\"><path fill=\"#ababab\" d=\"M254.544 154.427L320.118 220H24c-13.255 0-24 10.745-24 24v24c0 13.255 10.745 24 24 24h296.118l-65.574 65.573c-9.373 9.373-9.373 24.569 0 33.941l16.971 16.971c9.373 9.373 24.569 9.373 33.941 0L440.97 272.97c9.373-9.373 9.373-24.569 0-33.941L305.456 103.515c-9.373-9.373-24.569-9.373-33.941 0l-16.971 16.971c-9.373 9.372-9.373 24.568 0 33.941z\"><\/path><\/svg>\n\t\t\t\t\t\t\t<\/div>\n\t\t\t\t\t\t<\/div>\n\t\t\t\t\t<\/a>\n\t\t\t\t\t\t\t\t\t\t\t\t\t\t\t\t\t\t\t\t\t\t\t\t\t<a class=\"article\" href=\"https:\/\/conta.cc\/4d61btX\" target=\"_blank\">\n\t\t\t\t\t\t\t\t\t\t\t<div class=\"picture\">\n\t\t\t\t\t\t\t\t\t\t\t\t\t\t<img decoding=\"async\" src=\"https:\/\/helpmegrowwa.org\/wp-content\/uploads\/2026\/03\/HMG-WA-Network-Newsletter-header-13-260x180.png\" srcset=\"https:\/\/helpmegrowwa.org\/wp-content\/uploads\/2026\/03\/HMG-WA-Network-Newsletter-header-13-260x180.png 260w, https:\/\/helpmegrowwa.org\/wp-content\/uploads\/2026\/03\/HMG-WA-Network-Newsletter-header-13-520x200.png 520w\" sizes=\"260px\">\n\t\t\t\t\t\t\t\t\t\t\t\t\t\t\t<div class=\"type-label\">\u130b\u12dc\u1323<\/div>\n\t\t\t\t\t\t\t\t\t\t\t\t\t<\/div>\n\t\t\t\t\t\t<div class=\"content\">\n\t\t\t\t\t\t\t\t\t\t\t\t\t\t\t<div class=\"date\">\u1218\u130b\u1262\u1275 31, 2026<\/div>\n\t\t\t\t\t\t\t\t\t\t\t\t\t\t<div class=\"text\">\n\t\t\t\t\t\t\t\t<h3 class=\"title\">\u121b\u122d\u127d 2026 \u12e8\u12a4\u127d\u12a4\u121d\u1302 \u12cb \u12e8\u12dc\u1293 \u1218\u133d\u1214\u1275<\/h3>\n\t\t\t\t\t\t\t\t<div class=\"summary\">\u12e8Help Me Grow WA \u1294\u1275\u12c8\u122d\u12ad\u1295 \u12eb\u12ad\u1265\u1229 \u12a5\u1293 \u1260Help Me Grow WA \u1235\u1275\u122b\u1274\u1302\u12ab\u12ca \u12a5\u1245\u12f5 \u12cd\u1235\u1325 \u1260\u1270\u12ab\u1270\u1271\u1275 \u1260\u122d\u12ab\u1273 \u1235\u1275\u122b\u1274\u1302\u12ab\u12ca \u1270\u1290\u1233\u123d\u1290\u1276\u127d \u120b\u12ed \u1235\u1208\u1270\u12f0\u1228\u1309\u1275 \u12a5\u12f5\u1308\u1276\u127d \u12ed\u12c8\u1241\u1362<\/div>\n\t\t\t\t\t\t\t<\/div>\n\t\t\t\t\t\t\t<div class=\"more\">\n\t\t\t\t\t\t\t\t\u1270\u1328\u121b\u122a \u12eb\u1295\u1265\u1261\n\t\t\t\t\t\t\t\t<svg class=\"arrow\" aria-hidden=\"true\" focusable=\"false\" data-prefix=\"fas\" data-icon=\"long-arrow-right\" role=\"img\" xmlns=\"http:\/\/www.w3.org\/2000\/svg\" viewbox=\"0 0 448 512\"><path fill=\"#ababab\" d=\"M254.544 154.427L320.118 220H24c-13.255 0-24 10.745-24 24v24c0 13.255 10.745 24 24 24h296.118l-65.574 65.573c-9.373 9.373-9.373 24.569 0 33.941l16.971 16.971c9.373 9.373 24.569 9.373 33.941 0L440.97 272.97c9.373-9.373 9.373-24.569 0-33.941L305.456 103.515c-9.373-9.373-24.569-9.373-33.941 0l-16.971 16.971c-9.373 9.372-9.373 24.568 0 33.941z\"><\/path><\/svg>\n\t\t\t\t\t\t\t<\/div>\n\t\t\t\t\t\t<\/div>\n\t\t\t\t\t<\/a>\n\t\t\t\t\t\t\t\t\t\t\t\t\t\t\t\t\t\t\t\t\t\t\t\t\t<a class=\"article\" href=\"https:\/\/helpmegrowwa.org\/am\/reaching-new-heights-partnering-to-support-child-development\">\n\t\t\t\t\t\t\t\t\t\t\t<div class=\"picture\">\n\t\t\t\t\t\t\t\t\t\t\t\t\t\t<img decoding=\"async\" src=\"https:\/\/helpmegrowwa.org\/wp-content\/uploads\/2026\/03\/NEWS-STORY-TITLE-5-e1774371040337-260x180.png\" srcset=\"https:\/\/helpmegrowwa.org\/wp-content\/uploads\/2026\/03\/NEWS-STORY-TITLE-5-e1774371040337-260x180.png 260w, https:\/\/helpmegrowwa.org\/wp-content\/uploads\/2026\/03\/NEWS-STORY-TITLE-5-e1774371040337-520x360.png 520w\" sizes=\"260px\">\n\t\t\t\t\t\t\t\t\t\t\t\t\t\t\t<div class=\"type-label\">\u1356\u1235\u1275<\/div>\n\t\t\t\t\t\t\t\t\t\t\t\t\t<\/div>\n\t\t\t\t\t\t<div class=\"content\">\n\t\t\t\t\t\t\t\t\t\t\t\t\t\t\t<div class=\"date\">\u1218\u130b\u1262\u1275 24, 2026<\/div>\n\t\t\t\t\t\t\t\t\t\t\t\t\t\t<div class=\"text\">\n\t\t\t\t\t\t\t\t<h3 class=\"title\">\u12a0\u12f2\u1235 \u12a8\u134d\u1273 \u120b\u12ed \u1218\u12f5\u1228\u1235\u1361- \u12e8\u120d\u1305 \u12a5\u12f5\u1308\u1275\u1295 \u1208\u1218\u12f0\u1308\u134d \u1218\u1270\u1263\u1260\u122d<\/h3>\n\t\t\t\t\t\t\t\t<div class=\"summary\">\u1208\u1264\u1270\u1230\u1266\u127d \u12a5\u1293 \u1208\u12a0\u130b\u122e\u127d \u12a0\u12f2\u1235 \u130d\u1265\u12d3\u1275! Help Me Grow WA \u12a8\u12cb\u123d\u1295\u130d\u1270\u1295 \u127b\u1355\u1270\u122d \u12a8\u12a0\u121c\u122a\u12ab \u12e8\u1215\u1343\u1293\u1275 \u1215\u12ad\u121d\u1293 \u12a0\u12ab\u12f3\u121a (WCAAP) \u130b\u122d \u1260\u1218\u1270\u1263\u1260\u122d \u12a82 \u12c8\u122d \u12a5\u1235\u12a8 5 \u12d3\u1218\u1275 \u1208\u1206\u1291 \u1205\u133b\u1293\u1275 \u12a0\u1235\u12f0\u1233\u127d\u1363 \u1263\u1208\u1201\u1208\u1275 \u124b\u1295\u124b \u1241\u1218\u1275 \u1308\u1260\u1273\u1295 \u1260\u130b\u122b \u12a0\u12d8\u130b\u1305\u1277\u120d\u1362 \u12e8\u1215\u1343\u1293\u1275 \u12a5\u12cd\u1240\u1275\u1295 \u12a5\u1293 \u1264\u1270\u1230\u1266\u127d\u1295 \u12a8\u130d\u121d\u1275 \u12cd\u1235\u1325 \u1260\u121b\u1235\u1308\u1263\u1275 \u12e8\u1270\u1290\u12f0\u1348\u12cd \u12a5\u12eb\u1295\u12f3\u1295\u12f1 \u1308\u1260\u1273 \u1241\u120d\u134d \u12e8\u12a5\u12f5\u1308\u1275 \u12f0\u1228\u1303\u12ce\u127d\u1295 \u12a5\u1293 \u1264\u1270\u1230\u1266\u127d \u12e8\u120d\u1303\u1278\u12cd\u1295 \u12a5\u12f5\u1308\u1275 \u12a5\u1293 \u1275\u121d\u1205\u122d\u1275 \u120a\u12f0\u130d\u1349 \u12e8\u121a\u127d\u1209\u1263\u1278\u12cd\u1295 \u1240\u120b\u120d \u1218\u1295\u1308\u12f6\u127d \u12eb\u12ab\u1275\u1273\u120d\u1362 <\/div>\n\t\t\t\t\t\t\t<\/div>\n\t\t\t\t\t\t\t<div class=\"more\">\n\t\t\t\t\t\t\t\t\u1270\u1328\u121b\u122a \u12eb\u1295\u1265\u1261\n\t\t\t\t\t\t\t\t<svg class=\"arrow\" aria-hidden=\"true\" focusable=\"false\" data-prefix=\"fas\" data-icon=\"long-arrow-right\" role=\"img\" xmlns=\"http:\/\/www.w3.org\/2000\/svg\" viewbox=\"0 0 448 512\"><path fill=\"#ababab\" d=\"M254.544 154.427L320.118 220H24c-13.255 0-24 10.745-24 24v24c0 13.255 10.745 24 24 24h296.118l-65.574 65.573c-9.373 9.373-9.373 24.569 0 33.941l16.971 16.971c9.373 9.373 24.569 9.373 33.941 0L440.97 272.97c9.373-9.373 9.373-24.569 0-33.941L305.456 103.515c-9.373-9.373-24.569-9.373-33.941 0l-16.971 16.971c-9.373 9.372-9.373 24.568 0 33.941z\"><\/path><\/svg>\n\t\t\t\t\t\t\t<\/div>\n\t\t\t\t\t\t<\/div>\n\t\t\t\t\t<\/a>\n\t\t\t\t\t\t\t\t\t\t\t\t\t\t\t\t\t\t\t\t\t\t\t\t\t<a class=\"article\" href=\"https:\/\/helpmegrowwa.org\/am\/news\/celebrating-the-2026-help-me-grow-washington-network\">\n\t\t\t\t\t\t\t\t\t\t\t<div class=\"picture\">\n\t\t\t\t\t\t\t\t\t\t\t\t\t\t<img decoding=\"async\" src=\"https:\/\/helpmegrowwa.org\/wp-content\/uploads\/2026\/03\/NEWS-STORY-TITLE-4-260x180.png\" srcset=\"https:\/\/helpmegrowwa.org\/wp-content\/uploads\/2026\/03\/NEWS-STORY-TITLE-4-260x180.png 260w, https:\/\/helpmegrowwa.org\/wp-content\/uploads\/2026\/03\/NEWS-STORY-TITLE-4-520x360.png 520w\" sizes=\"260px\">\n\t\t\t\t\t\t\t\t\t\t\t\t\t\t\t<div class=\"type-label\">\u12dc\u1293<\/div>\n\t\t\t\t\t\t\t\t\t\t\t\t\t<\/div>\n\t\t\t\t\t\t<div class=\"content\">\n\t\t\t\t\t\t\t\t\t\t\t\t\t\t\t<div class=\"date\">\u1218\u130b\u1262\u1275 23, 2026<\/div>\n\t\t\t\t\t\t\t\t\t\t\t\t\t\t<div class=\"text\">\n\t\t\t\t\t\t\t\t<h3 class=\"title\">\u12e82026 Help Me Grow Washington \u1294\u1275\u12c8\u122d\u12ad\u1295 \u1260\u121b\u12ad\u1260\u122d \u120b\u12ed!<\/h3>\n\t\t\t\t\t\t\t\t<div class=\"summary\">Help Me Grow Whatcom \u12a5\u1293 Help Me Grow Grays Harbor \u12c8\u12f0 Help Me Grow Washington \u12a0\u12cd\u1273\u1228 \u1218\u1228\u1265 \u1260\u12f0\u1235\u1273 \u12a5\u1295\u1240\u1260\u120b\u1208\u1295! \ud83d\udc9c \u1260\u1270\u1328\u121b\u122a\u121d\u1363 \u1260\u12ad\u134d\u1208 \u1200\u1308\u1229 \u12cd\u1235\u1325 \u12eb\u1209 \u1270\u1328\u121b\u122a \u121b\u1205\u1260\u1228\u1230\u1266\u127d \u12e8\u1270\u1240\u1293\u1300\u1363 \u1264\u1270\u1230\u1265\u1295 \u12eb\u121b\u12a8\u1208 \u12e8\u12f5\u130b\u134d \u1235\u122d\u12d3\u1276\u127d\u1295 \u12a5\u12e8\u1308\u1290\u1261 \u1290\u12cd - \u130d\u1295\u1299\u1290\u1276\u127d\u1295 \u12eb\u1320\u1293\u12ad\u122b\u1209 \u12a5\u1293 \u1264\u1270\u1230\u1266\u127d \u1260\u121a\u12eb\u1235\u1348\u120d\u130b\u1278\u12cd \u130a\u12dc \u12e8\u121a\u12eb\u1235\u1348\u120d\u130b\u1278\u12cd\u1295 \u1200\u1265\u1276\u127d \u1260\u1240\u120b\u1209 \u12a5\u1295\u12f2\u12eb\u1308\u1299 \u12eb\u12f0\u122d\u130b\u1209\u1362\u00a0<\/div>\n\t\t\t\t\t\t\t<\/div>\n\t\t\t\t\t\t\t<div class=\"more\">\n\t\t\t\t\t\t\t\t\u1270\u1328\u121b\u122a \u12eb\u1295\u1265\u1261\n\t\t\t\t\t\t\t\t<svg class=\"arrow\" aria-hidden=\"true\" focusable=\"false\" data-prefix=\"fas\" data-icon=\"long-arrow-right\" role=\"img\" xmlns=\"http:\/\/www.w3.org\/2000\/svg\" viewbox=\"0 0 448 512\"><path fill=\"#ababab\" d=\"M254.544 154.427L320.118 220H24c-13.255 0-24 10.745-24 24v24c0 13.255 10.745 24 24 24h296.118l-65.574 65.573c-9.373 9.373-9.373 24.569 0 33.941l16.971 16.971c9.373 9.373 24.569 9.373 33.941 0L440.97 272.97c9.373-9.373 9.373-24.569 0-33.941L305.456 103.515c-9.373-9.373-24.569-9.373-33.941 0l-16.971 16.971c-9.373 9.372-9.373 24.568 0 33.941z\"><\/path><\/svg>\n\t\t\t\t\t\t\t<\/div>\n\t\t\t\t\t\t<\/div>\n\t\t\t\t\t<\/a>\n\t\t\t\t\t\t\t\t\t\t\t\t\t\n\t\t\t\t\t\t\t\n\t\t<\/div>\n\t<\/div>\n\t<script>\n\t\n\t(function($) {\n\t\n\t\t\/\/ Get the block ID\n\t\tvar id = \"#block_bab5ff56f4e13b3bc7132d27e955911b\";\n\t\t\n\t\t\/\/ Reveal foreground elements\n\t\tScrollReveal().reveal(id + \" .article\", {origin: \"bottom\", distance: \"20px\", duration: 1000, viewFactor: 0.2, interval: 100, reset: false});\n\t\t\n\t})(jQuery)\n\t\n\t<\/script>\t\n<\/div>\n\n<div id=\"block_710898d3ea125307f721e23521dfd721\" class=\"fifty-fifty-block blue right\">\n\t<img decoding=\"async\" class=\"flower-graphic\" src=\"https:\/\/helpmegrowwa.org\/wp-content\/themes\/helpmegrowwa\/images\/banner-text-shapes.svg\">\n\t<div class=\"info\">\n\t\t<div class=\"container regular top\">\n\t\t\t\t\t\t\t\t<\/div>\n\t<\/div>\n\t\t<div class=\"image\" style=\"background-image: url();background-position: top left;\">\n\t\t\t\t\t<\/div>\n\t<script>\n\t(function($) {\n\t\t\/\/ Get the block ID\n\t\tvar id = \"#block_710898d3ea125307f721e23521dfd721\";\n\t\t\/\/ Reveal the block\n\t\tvar container = document.documentElement;\n\t\tScrollReveal().reveal(id + \".left .image\", {origin: \"left\", distance: \"20px\", duration: 1000});\n\t\tScrollReveal().reveal(id + \".left .info .container\", {origin: \"right\", distance: \"20px\", duration: 1000});\n\t\tScrollReveal().reveal(id + \".right .image\", {origin: \"right\", distance: \"20px\", duration: 1000});\n\t\tScrollReveal().reveal(id + \".right .info .container\", {origin: \"left\", distance: \"20px\", duration: 1000});\n\t}(jQuery))\n\t<\/script>\n<\/div>","protected":false},"excerpt":{"rendered":"","protected":false},"author":54,"featured_media":0,"parent":0,"menu_order":40,"comment_status":"closed","ping_status":"closed","template":"","meta":{"_acf_changed":false,"footnotes":""},"acf":[],"_links":{"self":[{"href":"https:\/\/helpmegrowwa.org\/am\/wp-json\/wp\/v2\/pages\/12609"}],"collection":[{"href":"https:\/\/helpmegrowwa.org\/am\/wp-json\/wp\/v2\/pages"}],"about":[{"href":"https:\/\/helpmegrowwa.org\/am\/wp-json\/wp\/v2\/types\/page"}],"author":[{"embeddable":true,"href":"https:\/\/helpmegrowwa.org\/am\/wp-json\/wp\/v2\/users\/54"}],"replies":[{"embeddable":true,"href":"https:\/\/helpmegrowwa.org\/am\/wp-json\/wp\/v2\/comments?post=12609"}],"version-history":[{"count":19,"href":"https:\/\/helpmegrowwa.org\/am\/wp-json\/wp\/v2\/pages\/12609\/revisions"}],"predecessor-version":[{"id":12636,"href":"https:\/\/helpmegrowwa.org\/am\/wp-json\/wp\/v2\/pages\/12609\/revisions\/12636"}],"wp:attachment":[{"href":"https:\/\/helpmegrowwa.org\/am\/wp-json\/wp\/v2\/media?parent=12609"}],"curies":[{"name":"wp","href":"https:\/\/api.w.org\/{rel}","templated":true}]}}