{"id":45,"date":"2019-06-15T01:13:35","date_gmt":"2019-06-15T01:13:35","guid":{"rendered":"http:\/\/54.244.98.151\/?page_id=45"},"modified":"2024-03-06T23:24:38","modified_gmt":"2024-03-06T23:24:38","slug":"developmental-screenings","status":"publish","type":"page","link":"https:\/\/helpmegrowwa.org\/am\/developmental-screenings","title":{"rendered":"\u12e8\u12a5\u12f5\u1308\u1275 \u121d\u122d\u1218\u122b\u12ce\u127d"},"content":{"rendered":"<div id=\"block_e6617b716c99337b62ab0ba6666f899b\" class=\"banner-block text\">\n\t<img decoding=\"async\" class=\"graphic\" src=\"https:\/\/helpmegrowwa.org\/wp-content\/themes\/helpmegrowwa\/images\/banner-text-shapes.svg\">\n\t<div class=\"text-wrapper\">\n\t\t<h1>\u12e8\u12a5\u12f5\u1308\u1275 \u121d\u122d\u1218\u122b\u12ce\u127d<\/h1>\n\t<\/div>\t\n\t<script>\n\t(function($) {\n\t\t\/\/ Get the block ID\n\t\tvar id = \"#block_e6617b716c99337b62ab0ba6666f899b\";\n\t\t\/\/ Reveal the heading\n\t\tScrollReveal().reveal(id + \" h1\", {duration: 1000});\n\t})(jQuery)\n\t<\/script>\n<\/div>\n\n\n\n<div id=\"block_a4b6dc5c308a69be49a5a163816fdc64\" class=\"text-block white large center\">\n\t<div class=\"container one-column full\">\n\t\t<h2><span style=\"color: #571653;\">\u1235\u1208\u120d\u1305\u12ce \u12a5\u12f5\u1308\u1275 \u12e8\u1260\u1208\u1320 \u121b\u12c8\u1245 \u12ed\u1348\u120d\u130b\u1209?<\/span><\/h2>\n<p><span class=\"TextRun SCXW110680314 BCX0\" lang=\"EN-US\" xml:lang=\"EN-US\" data-contrast=\"none\"><span class=\"NormalTextRun SCXW110680314 BCX0\">\u12e8\u12a5\u12f5\u1308\u1275 \u121d\u122d\u1218\u122b\u12ce\u127d \u1293\u1278\u12cd\u00a0<\/span><span class=\"NormalTextRun SCXW110680314 BCX0\">\u12a5\u1295\u1245\u1235\u1243\u1234-\u1270\u12ae\u122d<\/span><span class=\"NormalTextRun SCXW110680314 BCX0\"> \u120d\u1305\u12ce\u1295 \u1260\u12f0\u1295\u1265 \u1260\u121a\u12eb\u12cd\u1240\u12cd \u1230\u12cd \u120a\u121e\u1209 \u12e8\u121a\u127d\u1209 \u1218\u1320\u12ed\u1246\u127d - \u12a5\u122d\u1235\u12ce<\/span><\/span><span class=\"TextRun SCXW110680314 BCX0\" lang=\"EN-US\" xml:lang=\"EN-US\" data-contrast=\"none\"><span class=\"NormalTextRun SCXW110680314 BCX0\">.\u00a0<\/span><\/span><span class=\"TextRun SCXW110680314 BCX0\" lang=\"EN-US\" xml:lang=\"EN-US\" data-contrast=\"none\"><span class=\"NormalTextRun SCXW110680314 BCX0\">\u12a5\u1290\u12da\u1205 \u121b\u1323\u122a\u12eb\u12ce\u127d \u12ed\u1320\u12ed\u1241\u12ce\u1273\u120d\u00a0<\/span><span class=\"NormalTextRun SCXW110680314 BCX0\">\u12d5\u12f5\u121c -<\/span><span class=\"NormalTextRun SCXW110680314 BCX0\">\u1235\u1208 \u120d\u1305\u12ce \u12a5\u12f5\u1308\u1275 \u12a5\u1293 \u120d\u1305\u12ce \u120a\u12eb\u12f0\u122d\u130b\u1278\u12cd \u1235\u1208\u121a\u127d\u120b\u1278\u12cd \u12a5\u1295\u1245\u1235\u1243\u1234\u12ce\u127d \u120d\u12e9 \u1325\u12eb\u1244\u12ce\u127d\u1362 <\/span><span class=\"NormalTextRun SCXW110680314 BCX0\">\u12cd\u1324\u1271<\/span><span class=\"NormalTextRun SCXW110680314 BCX0\">s \u12e8\u120d\u1305\u12ce\u1295 \u12a5\u12f5\u1308\u1275 \u12e8\u1290\u1325\u1265-\u130a\u12dc \u1245\u133d\u1260\u1273\u12ca \u1308\u133d \u12a5\u12ed\u1273 \u12ed\u1230\u1321\u12ce\u1273\u120d \u12a5\u1293 \u12e8\u12a5\u122d\u1235\u12ce \u1328\u1245\u120b\u1363 \u1273\u12f3\u130a \u12c8\u12ed\u121d \u1245\u12f5\u1218 \u1275\u121d\u1205\u122d\u1275 \u1264\u1275 \u120d\u1305 \u1324\u1293\u121b \u12a5\u1293 \u1208\u1218\u121b\u122d \u12a5\u1293 \u1208\u121b\u12f0\u130d \u12dd\u130d\u1301 \u1218\u1206\u1291\u1295 \u1208\u121b\u1228\u130b\u1308\u1325 \u1325\u1229 \u1218\u1295\u1308\u12f5 \u1293\u1278\u12cd\u1362<\/span> <span class=\"NormalTextRun SCXW110680314 BCX0\">\u1218\u12f0\u1260\u129b\u00a0<\/span><span class=\"NormalTextRun SCXW110680314 BCX0\">\u1218<\/span><span class=\"NormalTextRun SCXW110680314 BCX0\">\u12e8\u12a5\u12f5\u1308\u1275 \u121d\u122d\u1218\u122b\u12ce\u127d \u12a8\u12c8\u120a\u12f5 \u12a5\u1235\u12a8 6 \u12a0\u1218\u1275 \u1208\u1206\u1291 \u1205\u133b\u1293\u1275 \u1201\u1209 \u1325\u1229 \u1293\u1278\u12cd.<\/span><\/span><span class=\"EOP SCXW110680314 BCX0\" data-ccp-props=\"{&quot;201341983&quot;:0,&quot;335559739&quot;:160,&quot;335559740&quot;:259}\">\u00a0<\/span><\/p>\n<p><strong>\u12e8\u120d\u1305\u12ce\u1295 \u12a5\u12f5\u1308\u1275 \u1260\u1264\u1275 \u12cd\u1235\u1325 \u12a5\u1293 \u1260\u121b\u1205\u1260\u1228\u1230\u1261 \u12cd\u1235\u1325 \u1208\u1218\u12f0\u1308\u134d \u12a5\u1295\u1245\u1235\u1243\u1234\u12ce\u127d\u1295 \u120d\u1295\u1320\u1241\u121d \u12a5\u1295\u127d\u120b\u1208\u1295 \u12c8\u12ed\u121d\u1363 \u120d\u1305\u12ce \u1270\u1328\u121b\u122a \u12f5\u130b\u134d \u12a8\u121a\u12eb\u1235\u1348\u120d\u1308\u12cd\u1363 \u12a5\u122d\u1235\u12ce\u1295 \u12a8\u121a\u1228\u12f1 \u121d\u1295\u132e\u127d \u12a5\u1293 \u120d\u12e9 \u1263\u1208\u1219\u12eb\u12ce\u127d \u130b\u122d \u12a5\u1293\u1308\u1293\u1298\u12ce\u1273\u1208\u1295\u1362<\/strong><\/p>\n\t<\/div>\n\t<script>\n\t\t(function($) {\n\t\t\t\/\/ Get the block ID\n\t\t\tvar id = \"#block_a4b6dc5c308a69be49a5a163816fdc64\";\n\t\t\t\/\/ Reveal the block\n\t\t\tvar container = document.documentElement;\n\t\t\tScrollReveal().reveal(id + \" .container\", {origin: \"bottom\", distance: \"20px\", duration: 1000, container: container});\n\t\t}(jQuery))\n\t<\/script>\n<\/div>\n\n<div id=\"block_1fa6c225c80b2a9f05b12aef040db275\" class=\"tile-block light-gray\">\n\t<div class=\"container left\">\n\t\t<div class=\"image\">\n\t\t\t<div class=\"wrapper\">\n\t\t\t\t\t\t\t\t<img decoding=\"async\" src=\"https:\/\/helpmegrowwa.org\/wp-content\/uploads\/2023\/10\/Childrens-Developmental-Screening-Help-Me-Grow-Wa-555x392.jpg\" srcset=\"https:\/\/helpmegrowwa.org\/wp-content\/uploads\/2023\/10\/Childrens-Developmental-Screening-Help-Me-Grow-Wa-555x392.jpg 555w, https:\/\/helpmegrowwa.org\/wp-content\/uploads\/2023\/10\/Childrens-Developmental-Screening-Help-Me-Grow-Wa-1110x784.jpg 1110w\" sizes=\"555px\">\n\t\t\t<\/div>\n\t\t<\/div>\n\t\t<div class=\"text\">\n\t\t\t\t\t\t<h2><span style=\"color: #00609c;\">\u12e8\u121b\u1323\u122a\u12eb \u121d\u122d\u1218\u122b\u1295 \u12eb\u12f5\u122d\u1309<\/span><\/h2>\n<p>\u120d\u1305\u12ce \u12e8\u121a\u121b\u122b\u1278\u12cd\u1295 \u12ad\u1205\u120e\u1276\u127d \u12a5\u1293 \u12a5\u12f5\u1308\u1273\u1278\u12cd\u1295 \u12e8\u121a\u12f0\u130d\u1349\u1263\u1278\u12cd\u1295 \u1218\u1295\u1308\u12f6\u127d \u1208\u121b\u130d\u1298\u1275 \u1290\u133b\u12cd\u1295 \u12e8\u12d5\u12f5\u121c \u12a5\u1293 \u12f0\u1228\u1303\u12ce\u127d \u1218\u1320\u12ed\u1245 (ASQ) \u12ed\u12cd\u1230\u12f1\u1362<\/p>\n<h4><strong><a class=\"page-link\" href=\"https:\/\/www.asqonline.com\/family\/066652\" target=\"_blank\" rel=\"noopener\">\u12e8\u121b\u1323\u122a\u12eb \u121d\u122d\u1218\u122b \u12ed\u1300\u121d\u1229 <img decoding=\"async\" src=\"\/wp-\u12ed\u12d8\u1275\/\u132d\u1265\u1326\u127d\/\u12a5\u1308\u12dbmegrowwa\/images\/\u133d\u1211\u134d-\u12a0\u130d\u12f5-\u1265\u122d\u1271\u12ab\u1295-\u1240\u1235\u1275.svg\" \/><\/a><\/strong><\/h4>\n<h4><strong><a class=\"page-link\" href=\"https:\/\/www.asqonline.com\/family\/31f358\" target=\"_blank\" rel=\"noopener\">\u1240\u120d\u12f0\u1205 \u130d\u1263 <img decoding=\"async\" src=\"\/wp-\u12ed\u12d8\u1275\/\u132d\u1265\u1326\u127d\/\u12a5\u1308\u12dbmegrowwa\/images\/\u133d\u1211\u134d-\u12a0\u130d\u12f5-\u1265\u122d\u1271\u12ab\u1295-\u1240\u1235\u1275.svg\" \/><\/a><\/strong><\/h4>\n<p>\u12a5\u1295\u12f0 \u1295\u12f4\u1275 \u12a5\u1293 \u1218\u130b\u122b\u1275 \u12eb\u1209 \u1263\u1205\u122a\u12eb\u1275 \u12e8\u1260\u1208\u1320 \u1208\u121b\u12c8\u1245 \u12ed\u1348\u120d\u130b\u1209? \u1235\u1208 \u121b\u1205\u1260\u122b\u12ca \u12a5\u1293 \u1235\u121c\u1273\u12ca \u127d\u120e\u1273\u12ce\u127d \u12e8\u121a\u1320\u12ed\u1245 ASQ \u1295 \u12ed\u12cd\u1230\u12f1\u1362<\/p>\n<h4><strong><a class=\"page-link\" href=\"https:\/\/www.asqonline.com\/family\/e8c1ce\" target=\"_blank\" rel=\"noopener\">\u121b\u1205\u1260\u122b\u12ca-\u1235\u121c\u1273\u12ca \u121b\u1323\u122a\u12eb \u12ed\u1300\u121d\u1229 <img decoding=\"async\" src=\"\/wp-\u12ed\u12d8\u1275\/\u132d\u1265\u1326\u127d\/\u12a5\u1308\u12dbmegrowwa\/images\/\u133d\u1211\u134d-\u12a0\u130d\u12f5-\u1265\u122d\u1271\u12ab\u1295-\u1240\u1235\u1275.svg\" \/><\/a><\/strong><\/h4>\n<h4><strong><a class=\"page-link\" href=\"https:\/\/www.asqonline.com\/family\/0fbf98\" target=\"_blank\" rel=\"noopener\">\u1236\u123a\u12ee\u121e\u1232\u12ee\u1293\u120d\u1295 \u1300\u121d\u122d <img decoding=\"async\" src=\"\/wp-\u12ed\u12d8\u1275\/\u132d\u1265\u1326\u127d\/\u12a5\u1308\u12dbmegrowwa\/images\/\u133d\u1211\u134d-\u12a0\u130d\u12f5-\u1265\u122d\u1271\u12ab\u1295-\u1240\u1235\u1275.svg\" \/><\/a><\/strong><\/h4>\n\t\t<\/div>\n\t<\/div>\n\t<script>\n\t(function($) {\n\t\t\/\/ Get the block ID\n\t\tvar id = \"#block_1fa6c225c80b2a9f05b12aef040db275\";\n\t\t\/\/ Reveal the block\n\t\tvar container = document.documentElement;\n\t\tScrollReveal().reveal(id + \" .container.left .image\", {origin: \"left\", distance: \"20px\", duration: 1000, container: container});\n\t\tScrollReveal().reveal(id + \" .container.left .text\", {origin: \"right\", distance: \"20px\", duration: 1000, container: container});\n\t\tScrollReveal().reveal(id + \" .container.right .image\", {origin: \"right\", distance: \"20px\", duration: 1000, container: container});\n\t\tScrollReveal().reveal(id + \" .container.right .text\", {origin: \"left\", distance: \"20px\", duration: 1000, container: container});\n\t}(jQuery))\n\t<\/script>\n<\/div>\n\n<div id=\"block_052ac3ff685c244fc4bbf7627bcd9c53\" class=\"tile-block light-gray\">\n\t<div class=\"container right\">\n\t\t<div class=\"image\">\n\t\t\t<div class=\"wrapper\">\n\t\t\t\t\t\t\t\t<img decoding=\"async\" src=\"https:\/\/helpmegrowwa.org\/wp-content\/uploads\/2023\/10\/What-To-Expect-From-Help-Me-Grow-Where-To-Start-555x392.jpg\" srcset=\"https:\/\/helpmegrowwa.org\/wp-content\/uploads\/2023\/10\/What-To-Expect-From-Help-Me-Grow-Where-To-Start-555x392.jpg 555w, https:\/\/helpmegrowwa.org\/wp-content\/uploads\/2023\/10\/What-To-Expect-From-Help-Me-Grow-Where-To-Start-1110x784.jpg 1110w\" sizes=\"555px\">\n\t\t\t<\/div>\n\t\t<\/div>\n\t\t<div class=\"text\">\n\t\t\t\t\t\t<h2><span style=\"color: #00609c;\">\u121d\u1295 \u12a5\u1295\u12f0\u121a\u1320\u1260\u1245<\/span><\/h2>\n<p>\u1260\u120d\u1305\u12ce \u12d5\u12f5\u121c \u120b\u12ed \u1260\u1218\u1218\u1235\u1228\u1275\u1363 \u12a5\u1295\u12f0 \u201c\u120d\u1305\u12ce \u1260\u12a0\u1295\u12f5 \u12a5\u130d\u1229 \u1218\u1246\u121d \u12ed\u127d\u120b\u120d?\u201d \u12a5\u1295\u12f0 \u12eb\u1209 \u12a0\u1295\u12f3\u1295\u12f5 \u1270\u130d\u1263\u122b\u1275\u1295 \u12e8\u121b\u1320\u1293\u1240\u1245 \u1235\u1208\u120d\u1303\u127d\u1201 \u12ed\u1320\u12e8\u1243\u1209\u1362 \u1218\u120d\u1236\u127d\u12ce\u1295 \u1260\u1218\u1235\u1218\u122d \u120b\u12ed \u12ab\u1235\u1308\u1261 \u1260\u128b\u120b\u1363\u12e8\u12a5\u129b \u12e8\u1264\u1270\u1230\u1265 \u1218\u122d\u1303 \u12a0\u1233\u123e\u127d ASQ \u12eb\u1235\u1246\u1325\u122b\u1209 \u12a5\u1293 \u1260\u12a0\u1295\u12f5 \u1233\u121d\u1295\u1275 \u12cd\u1235\u1325 \u12a8\u12cd\u1324\u1276\u127d \u130b\u122d \u12eb\u1290\u130b\u130d\u122d\u12ce\u1273\u120d\u1362 \u12a0\u12f3\u12f2\u1235 \u12ad\u1205\u120e\u1276\u127d\u1295 \u1208\u1218\u1208\u121b\u1218\u12f5 \u12a8\u120d\u1305\u12ce \u130b\u122d \u1235\u1208\u121a\u12eb\u12f0\u122d\u1309\u1275 \u1328\u12cb\u1273\u12ce\u127d \u12a5\u1293 \u12a5\u1295\u1245\u1235\u1243\u1234\u12ce\u127d \u121d\u12ad\u122e\u127d\u1295 \u12a5\u1293\u1240\u122d\u1263\u1208\u1295\u1362 \u1235\u1208\u120d\u1305\u12ce \u12a5\u12f5\u1308\u1275 \u1218\u121b\u122d \u12a5\u1293 \u1218\u12f0\u1308\u134d \u12a5\u1295\u12f2\u1240\u1325\u1209 \u1260\u12e83 \u12a5\u1293 6 \u12c8\u1229 \u120c\u120b \u1235\u12ad\u122a\u1295 \u12a5\u1295\u120d\u12ab\u1208\u1295\u1362 <a href=\"https:\/\/withinreachwa.org\/what-you-need-to-know-about-developmental-screenings\" target=\"_blank\" rel=\"noopener\">\u1260\u12a5\u129b \u1265\u120e\u130d \u12cd\u1235\u1325 \u12e8\u1260\u1208\u1320 \u12ed\u12c8\u1241<\/a>.<\/p>\n\t\t<\/div>\n\t<\/div>\n\t<script>\n\t(function($) {\n\t\t\/\/ Get the block ID\n\t\tvar id = \"#block_052ac3ff685c244fc4bbf7627bcd9c53\";\n\t\t\/\/ Reveal the block\n\t\tvar container = document.documentElement;\n\t\tScrollReveal().reveal(id + \" .container.left .image\", {origin: \"left\", distance: \"20px\", duration: 1000, container: container});\n\t\tScrollReveal().reveal(id + \" .container.left .text\", {origin: \"right\", distance: \"20px\", duration: 1000, container: container});\n\t\tScrollReveal().reveal(id + \" .container.right .image\", {origin: \"right\", distance: \"20px\", duration: 1000, container: container});\n\t\tScrollReveal().reveal(id + \" .container.right .text\", {origin: \"left\", distance: \"20px\", duration: 1000, container: container});\n\t}(jQuery))\n\t<\/script>\n<\/div>\n\n<div id=\"block_e2c37a408d8ff0d693a351f53a44bfe2\" class=\"invitation-block w-border light-gray center\">\t\n\t<div class=\"container\">\n\t\t<p>ASQ \u1218\u12d8\u130d\u12e8\u1275\u1295 \u12c8\u12ed\u121d \u12e8\u12a0\u12ab\u120d \u1309\u12f3\u1275\u1295 \u12a0\u12ed\u1218\u1228\u121d\u122d\u121d\u1363 \u12a5\u1293 \u12e8\u1324\u1293 \u121d\u122d\u1218\u122b\u1295 \u12a8\u120d\u1305\u12ce \u1210\u12aa\u121d \u130b\u122d \u1208\u1218\u1270\u12ab\u1275 \u12e8\u1273\u1230\u1260 \u12a0\u12ed\u12f0\u1208\u121d\u1362 \u1206\u1296\u121d\u1363 \u1270\u1328\u121b\u122a \u130d\u121d\u1308\u121b \u12a5\u1295\u12f0\u121a\u12eb\u1235\u1348\u120d\u130d \u120a\u12eb\u1233\u12ed \u12ed\u127d\u120b\u120d\u1362 \u12a8\u1270\u1328\u121b\u122a \u12a0\u1308\u120d\u130d\u120e\u1276\u127d \u12a5\u1293 \u130d\u1265\u12d3\u1276\u127d \u130b\u122d \u120d\u1295\u1228\u12f3\u12ce \u12a5\u1295\u127d\u120b\u1208\u1295\u1362<\/p>\n<p><strong>\u1325\u12eb\u1244\u12ce\u127d \u12c8\u12ed\u121d \u1235\u130b\u1276\u127d?<\/strong><br \/>\n\u12c8\u12f0 Help Me Grow Washington \u12e8\u1235\u120d\u12ad \u1218\u1235\u1218\u122d \u12ed\u12f0\u12cd\u1209 <span style=\"white-space: nowrap;\">\u1260\u00a0<a href=\"\/am\/\u1235\u120d\u12ad\u13611-800-322-2588\/\">1-800-322-2588<\/a>.<\/span><\/p>\n\t<\/div>\n<\/div>\n\n<div id=\"block_55bd33ab999d12a7e9ce66a9f72208ca\" class=\"invitation-block light-gray center\">\t\n\t<div class=\"container purple\">\n\t\t<p>\u12e8\u12a5\u12f5\u1308\u1275 \u12a0\u12f2\u1235 \u121d\u12d5\u122b\u134e\u127d \u12a0\u1235\u1348\u120b\u130a \u1293\u1278\u12cd! \u1260\u1290\u133b \u1218\u1270\u130d\u1260\u122a\u12eb \u12e8\u120d\u1305\u12ce\u1295 \u1240\u12f0\u121d\u1275 \u12e8\u12a5\u12f5\u1308\u1275 \u12f0\u1228\u1303\u12ce\u127d \u1260\u1240\u120b\u1209 \u1218\u12a8\u1273\u1270\u120d \u12ed\u127d\u120b\u1209\u1363 \u1235\u1208\u12da\u1205 \u1260\u1275\u12ad\u12ad\u1208\u129b\u12cd \u1218\u1295\u1308\u12f5 \u120b\u12ed \u1218\u1206\u1293\u1278\u12cd\u1295 \u121b\u1228\u130b\u1308\u1325 \u12ed\u127d\u120b\u1209\u1362<\/p>\n\t\t\t\t<a class=\"btn orange\" href=\"\/am\/developmental-milestones\/\" target=\"\">\u1270\u1328\u121b\u122a \u12ed\u12c8\u1241<\/a>\n\t\t\t<\/div>\n<\/div>\n\n\n<div id=\"block_7c5adc9ea4394226254eeed5b83dbcad\" class=\"news-feature-block\">\n\t<div class=\"container\">\n\t\t<div class=\"title\">\n\t\t\t\t\t\t\t<h2>\u12dc\u1293 + \u12dd\u121b\u1294\u12ce\u127d<\/h2>\n\t\t\t\t\t<\/div>\n\t\t<div class=\"wrapper\">\n\t\t\t\t\t\t\t\n\t\t\t\t\t\t\t\t\t\t\t\t\t\t\t\t\t\t\t\t<a class=\"article\" href=\"https:\/\/conta.cc\/4c23dcA\" target=\"_blank\">\n\t\t\t\t\t\t\t\t\t\t\t<div class=\"picture\">\n\t\t\t\t\t\t\t\t\t\t\t\t\t\t<img decoding=\"async\" src=\"https:\/\/helpmegrowwa.org\/wp-content\/uploads\/2026\/03\/HMG-WA-Network-Newsletter-header-14-260x180.png\" srcset=\"https:\/\/helpmegrowwa.org\/wp-content\/uploads\/2026\/03\/HMG-WA-Network-Newsletter-header-14-260x180.png 260w, https:\/\/helpmegrowwa.org\/wp-content\/uploads\/2026\/03\/HMG-WA-Network-Newsletter-header-14-520x200.png 520w\" sizes=\"260px\">\n\t\t\t\t\t\t\t\t\t\t\t\t\t\t\t<div class=\"type-label\">\u130b\u12dc\u1323<\/div>\n\t\t\t\t\t\t\t\t\t\t\t\t\t<\/div>\n\t\t\t\t\t\t<div class=\"content\">\n\t\t\t\t\t\t\t\t\t\t\t\t\t\t\t<div class=\"date\">\u121a\u12eb\u12da\u12eb 1\u1363 2026<\/div>\n\t\t\t\t\t\t\t\t\t\t\t\t\t\t<div class=\"text\">\n\t\t\t\t\t\t\t\t<h3 class=\"title\">\u121b\u122d\u127d 2026 \u12e8HMG WA \u12e8\u12dc\u1293 \u1218\u133d\u1214\u1275 (\u1235\u1353\u1292\u123d)<\/h3>\n\t\t\t\t\t\t\t\t<div class=\"summary\">Celebre a la red de Ay\u00fadame a Crecer Washington y conozca los avances que hemos logrado en varias iniciativas estrat\u00e9gicas del Plan estrat\u00e9gico de Ay\u00fadame a Crecer Washington.<\/div>\n\t\t\t\t\t\t\t<\/div>\n\t\t\t\t\t\t\t<div class=\"more\">\n\t\t\t\t\t\t\t\t\u1270\u1328\u121b\u122a \u12eb\u1295\u1265\u1261\n\t\t\t\t\t\t\t\t<svg class=\"arrow\" aria-hidden=\"true\" focusable=\"false\" data-prefix=\"fas\" data-icon=\"long-arrow-right\" role=\"img\" xmlns=\"http:\/\/www.w3.org\/2000\/svg\" viewbox=\"0 0 448 512\"><path fill=\"#ababab\" d=\"M254.544 154.427L320.118 220H24c-13.255 0-24 10.745-24 24v24c0 13.255 10.745 24 24 24h296.118l-65.574 65.573c-9.373 9.373-9.373 24.569 0 33.941l16.971 16.971c9.373 9.373 24.569 9.373 33.941 0L440.97 272.97c9.373-9.373 9.373-24.569 0-33.941L305.456 103.515c-9.373-9.373-24.569-9.373-33.941 0l-16.971 16.971c-9.373 9.372-9.373 24.568 0 33.941z\"><\/path><\/svg>\n\t\t\t\t\t\t\t<\/div>\n\t\t\t\t\t\t<\/div>\n\t\t\t\t\t<\/a>\n\t\t\t\t\t\t\t\t\t\t\t\t\t\t\t\t\t\t\t\t\t\t\t\t\t<a class=\"article\" href=\"https:\/\/conta.cc\/4d61btX\" target=\"_blank\">\n\t\t\t\t\t\t\t\t\t\t\t<div class=\"picture\">\n\t\t\t\t\t\t\t\t\t\t\t\t\t\t<img decoding=\"async\" src=\"https:\/\/helpmegrowwa.org\/wp-content\/uploads\/2026\/03\/HMG-WA-Network-Newsletter-header-13-260x180.png\" srcset=\"https:\/\/helpmegrowwa.org\/wp-content\/uploads\/2026\/03\/HMG-WA-Network-Newsletter-header-13-260x180.png 260w, https:\/\/helpmegrowwa.org\/wp-content\/uploads\/2026\/03\/HMG-WA-Network-Newsletter-header-13-520x200.png 520w\" sizes=\"260px\">\n\t\t\t\t\t\t\t\t\t\t\t\t\t\t\t<div class=\"type-label\">\u130b\u12dc\u1323<\/div>\n\t\t\t\t\t\t\t\t\t\t\t\t\t<\/div>\n\t\t\t\t\t\t<div class=\"content\">\n\t\t\t\t\t\t\t\t\t\t\t\t\t\t\t<div class=\"date\">\u1218\u130b\u1262\u1275 31, 2026<\/div>\n\t\t\t\t\t\t\t\t\t\t\t\t\t\t<div class=\"text\">\n\t\t\t\t\t\t\t\t<h3 class=\"title\">\u121b\u122d\u127d 2026 \u12e8\u12a4\u127d\u12a4\u121d\u1302 \u12cb \u12e8\u12dc\u1293 \u1218\u133d\u1214\u1275<\/h3>\n\t\t\t\t\t\t\t\t<div class=\"summary\">\u12e8Help Me Grow WA \u1294\u1275\u12c8\u122d\u12ad\u1295 \u12eb\u12ad\u1265\u1229 \u12a5\u1293 \u1260Help Me Grow WA \u1235\u1275\u122b\u1274\u1302\u12ab\u12ca \u12a5\u1245\u12f5 \u12cd\u1235\u1325 \u1260\u1270\u12ab\u1270\u1271\u1275 \u1260\u122d\u12ab\u1273 \u1235\u1275\u122b\u1274\u1302\u12ab\u12ca \u1270\u1290\u1233\u123d\u1290\u1276\u127d \u120b\u12ed \u1235\u1208\u1270\u12f0\u1228\u1309\u1275 \u12a5\u12f5\u1308\u1276\u127d \u12ed\u12c8\u1241\u1362<\/div>\n\t\t\t\t\t\t\t<\/div>\n\t\t\t\t\t\t\t<div class=\"more\">\n\t\t\t\t\t\t\t\t\u1270\u1328\u121b\u122a \u12eb\u1295\u1265\u1261\n\t\t\t\t\t\t\t\t<svg class=\"arrow\" aria-hidden=\"true\" focusable=\"false\" data-prefix=\"fas\" data-icon=\"long-arrow-right\" role=\"img\" xmlns=\"http:\/\/www.w3.org\/2000\/svg\" viewbox=\"0 0 448 512\"><path fill=\"#ababab\" d=\"M254.544 154.427L320.118 220H24c-13.255 0-24 10.745-24 24v24c0 13.255 10.745 24 24 24h296.118l-65.574 65.573c-9.373 9.373-9.373 24.569 0 33.941l16.971 16.971c9.373 9.373 24.569 9.373 33.941 0L440.97 272.97c9.373-9.373 9.373-24.569 0-33.941L305.456 103.515c-9.373-9.373-24.569-9.373-33.941 0l-16.971 16.971c-9.373 9.372-9.373 24.568 0 33.941z\"><\/path><\/svg>\n\t\t\t\t\t\t\t<\/div>\n\t\t\t\t\t\t<\/div>\n\t\t\t\t\t<\/a>\n\t\t\t\t\t\t\t\t\t\t\t\t\t\t\t\t\t\t\t\t\t\t\t\t\t<a class=\"article\" href=\"https:\/\/helpmegrowwa.org\/am\/reaching-new-heights-partnering-to-support-child-development\">\n\t\t\t\t\t\t\t\t\t\t\t<div class=\"picture\">\n\t\t\t\t\t\t\t\t\t\t\t\t\t\t<img decoding=\"async\" src=\"https:\/\/helpmegrowwa.org\/wp-content\/uploads\/2026\/03\/NEWS-STORY-TITLE-5-e1774371040337-260x180.png\" srcset=\"https:\/\/helpmegrowwa.org\/wp-content\/uploads\/2026\/03\/NEWS-STORY-TITLE-5-e1774371040337-260x180.png 260w, https:\/\/helpmegrowwa.org\/wp-content\/uploads\/2026\/03\/NEWS-STORY-TITLE-5-e1774371040337-520x360.png 520w\" sizes=\"260px\">\n\t\t\t\t\t\t\t\t\t\t\t\t\t\t\t<div class=\"type-label\">\u1356\u1235\u1275<\/div>\n\t\t\t\t\t\t\t\t\t\t\t\t\t<\/div>\n\t\t\t\t\t\t<div class=\"content\">\n\t\t\t\t\t\t\t\t\t\t\t\t\t\t\t<div class=\"date\">\u1218\u130b\u1262\u1275 24, 2026<\/div>\n\t\t\t\t\t\t\t\t\t\t\t\t\t\t<div class=\"text\">\n\t\t\t\t\t\t\t\t<h3 class=\"title\">\u12a0\u12f2\u1235 \u12a8\u134d\u1273 \u120b\u12ed \u1218\u12f5\u1228\u1235\u1361- \u12e8\u120d\u1305 \u12a5\u12f5\u1308\u1275\u1295 \u1208\u1218\u12f0\u1308\u134d \u1218\u1270\u1263\u1260\u122d<\/h3>\n\t\t\t\t\t\t\t\t<div class=\"summary\">\u1208\u1264\u1270\u1230\u1266\u127d \u12a5\u1293 \u1208\u12a0\u130b\u122e\u127d \u12a0\u12f2\u1235 \u130d\u1265\u12d3\u1275! Help Me Grow WA \u12a8\u12cb\u123d\u1295\u130d\u1270\u1295 \u127b\u1355\u1270\u122d \u12a8\u12a0\u121c\u122a\u12ab \u12e8\u1215\u1343\u1293\u1275 \u1215\u12ad\u121d\u1293 \u12a0\u12ab\u12f3\u121a (WCAAP) \u130b\u122d \u1260\u1218\u1270\u1263\u1260\u122d \u12a82 \u12c8\u122d \u12a5\u1235\u12a8 5 \u12d3\u1218\u1275 \u1208\u1206\u1291 \u1205\u133b\u1293\u1275 \u12a0\u1235\u12f0\u1233\u127d\u1363 \u1263\u1208\u1201\u1208\u1275 \u124b\u1295\u124b \u1241\u1218\u1275 \u1308\u1260\u1273\u1295 \u1260\u130b\u122b \u12a0\u12d8\u130b\u1305\u1277\u120d\u1362 \u12e8\u1215\u1343\u1293\u1275 \u12a5\u12cd\u1240\u1275\u1295 \u12a5\u1293 \u1264\u1270\u1230\u1266\u127d\u1295 \u12a8\u130d\u121d\u1275 \u12cd\u1235\u1325 \u1260\u121b\u1235\u1308\u1263\u1275 \u12e8\u1270\u1290\u12f0\u1348\u12cd \u12a5\u12eb\u1295\u12f3\u1295\u12f1 \u1308\u1260\u1273 \u1241\u120d\u134d \u12e8\u12a5\u12f5\u1308\u1275 \u12f0\u1228\u1303\u12ce\u127d\u1295 \u12a5\u1293 \u1264\u1270\u1230\u1266\u127d \u12e8\u120d\u1303\u1278\u12cd\u1295 \u12a5\u12f5\u1308\u1275 \u12a5\u1293 \u1275\u121d\u1205\u122d\u1275 \u120a\u12f0\u130d\u1349 \u12e8\u121a\u127d\u1209\u1263\u1278\u12cd\u1295 \u1240\u120b\u120d \u1218\u1295\u1308\u12f6\u127d \u12eb\u12ab\u1275\u1273\u120d\u1362 <\/div>\n\t\t\t\t\t\t\t<\/div>\n\t\t\t\t\t\t\t<div class=\"more\">\n\t\t\t\t\t\t\t\t\u1270\u1328\u121b\u122a \u12eb\u1295\u1265\u1261\n\t\t\t\t\t\t\t\t<svg class=\"arrow\" aria-hidden=\"true\" focusable=\"false\" data-prefix=\"fas\" data-icon=\"long-arrow-right\" role=\"img\" xmlns=\"http:\/\/www.w3.org\/2000\/svg\" viewbox=\"0 0 448 512\"><path fill=\"#ababab\" d=\"M254.544 154.427L320.118 220H24c-13.255 0-24 10.745-24 24v24c0 13.255 10.745 24 24 24h296.118l-65.574 65.573c-9.373 9.373-9.373 24.569 0 33.941l16.971 16.971c9.373 9.373 24.569 9.373 33.941 0L440.97 272.97c9.373-9.373 9.373-24.569 0-33.941L305.456 103.515c-9.373-9.373-24.569-9.373-33.941 0l-16.971 16.971c-9.373 9.372-9.373 24.568 0 33.941z\"><\/path><\/svg>\n\t\t\t\t\t\t\t<\/div>\n\t\t\t\t\t\t<\/div>\n\t\t\t\t\t<\/a>\n\t\t\t\t\t\t\t\t\t\t\t\t\t\t\t\t\t\t\t\t\t\t\t\t\t<a class=\"article\" href=\"https:\/\/helpmegrowwa.org\/am\/news\/celebrating-the-2026-help-me-grow-washington-network\">\n\t\t\t\t\t\t\t\t\t\t\t<div class=\"picture\">\n\t\t\t\t\t\t\t\t\t\t\t\t\t\t<img decoding=\"async\" src=\"https:\/\/helpmegrowwa.org\/wp-content\/uploads\/2026\/03\/NEWS-STORY-TITLE-4-260x180.png\" srcset=\"https:\/\/helpmegrowwa.org\/wp-content\/uploads\/2026\/03\/NEWS-STORY-TITLE-4-260x180.png 260w, https:\/\/helpmegrowwa.org\/wp-content\/uploads\/2026\/03\/NEWS-STORY-TITLE-4-520x360.png 520w\" sizes=\"260px\">\n\t\t\t\t\t\t\t\t\t\t\t\t\t\t\t<div class=\"type-label\">\u12dc\u1293<\/div>\n\t\t\t\t\t\t\t\t\t\t\t\t\t<\/div>\n\t\t\t\t\t\t<div class=\"content\">\n\t\t\t\t\t\t\t\t\t\t\t\t\t\t\t<div class=\"date\">\u1218\u130b\u1262\u1275 23, 2026<\/div>\n\t\t\t\t\t\t\t\t\t\t\t\t\t\t<div class=\"text\">\n\t\t\t\t\t\t\t\t<h3 class=\"title\">\u12e82026 Help Me Grow Washington \u1294\u1275\u12c8\u122d\u12ad\u1295 \u1260\u121b\u12ad\u1260\u122d \u120b\u12ed!<\/h3>\n\t\t\t\t\t\t\t\t<div class=\"summary\">Help Me Grow Whatcom \u12a5\u1293 Help Me Grow Grays Harbor \u12c8\u12f0 Help Me Grow Washington \u12a0\u12cd\u1273\u1228 \u1218\u1228\u1265 \u1260\u12f0\u1235\u1273 \u12a5\u1295\u1240\u1260\u120b\u1208\u1295! \ud83d\udc9c \u1260\u1270\u1328\u121b\u122a\u121d\u1363 \u1260\u12ad\u134d\u1208 \u1200\u1308\u1229 \u12cd\u1235\u1325 \u12eb\u1209 \u1270\u1328\u121b\u122a \u121b\u1205\u1260\u1228\u1230\u1266\u127d \u12e8\u1270\u1240\u1293\u1300\u1363 \u1264\u1270\u1230\u1265\u1295 \u12eb\u121b\u12a8\u1208 \u12e8\u12f5\u130b\u134d \u1235\u122d\u12d3\u1276\u127d\u1295 \u12a5\u12e8\u1308\u1290\u1261 \u1290\u12cd - \u130d\u1295\u1299\u1290\u1276\u127d\u1295 \u12eb\u1320\u1293\u12ad\u122b\u1209 \u12a5\u1293 \u1264\u1270\u1230\u1266\u127d \u1260\u121a\u12eb\u1235\u1348\u120d\u130b\u1278\u12cd \u130a\u12dc \u12e8\u121a\u12eb\u1235\u1348\u120d\u130b\u1278\u12cd\u1295 \u1200\u1265\u1276\u127d \u1260\u1240\u120b\u1209 \u12a5\u1295\u12f2\u12eb\u1308\u1299 \u12eb\u12f0\u122d\u130b\u1209\u1362\u00a0<\/div>\n\t\t\t\t\t\t\t<\/div>\n\t\t\t\t\t\t\t<div class=\"more\">\n\t\t\t\t\t\t\t\t\u1270\u1328\u121b\u122a \u12eb\u1295\u1265\u1261\n\t\t\t\t\t\t\t\t<svg class=\"arrow\" aria-hidden=\"true\" focusable=\"false\" data-prefix=\"fas\" data-icon=\"long-arrow-right\" role=\"img\" xmlns=\"http:\/\/www.w3.org\/2000\/svg\" viewbox=\"0 0 448 512\"><path fill=\"#ababab\" d=\"M254.544 154.427L320.118 220H24c-13.255 0-24 10.745-24 24v24c0 13.255 10.745 24 24 24h296.118l-65.574 65.573c-9.373 9.373-9.373 24.569 0 33.941l16.971 16.971c9.373 9.373 24.569 9.373 33.941 0L440.97 272.97c9.373-9.373 9.373-24.569 0-33.941L305.456 103.515c-9.373-9.373-24.569-9.373-33.941 0l-16.971 16.971c-9.373 9.372-9.373 24.568 0 33.941z\"><\/path><\/svg>\n\t\t\t\t\t\t\t<\/div>\n\t\t\t\t\t\t<\/div>\n\t\t\t\t\t<\/a>\n\t\t\t\t\t\t\t\t\t\t\t\t\t\n\t\t\t\t\t\t\t\n\t\t<\/div>\n\t<\/div>\n\t<script>\n\t\n\t(function($) {\n\t\n\t\t\/\/ Get the block ID\n\t\tvar id = \"#block_7c5adc9ea4394226254eeed5b83dbcad\";\n\t\t\n\t\t\/\/ Reveal foreground elements\n\t\tScrollReveal().reveal(id + \" .article\", {origin: \"bottom\", distance: \"20px\", duration: 1000, viewFactor: 0.2, interval: 100, reset: false});\n\t\t\n\t})(jQuery)\n\t\n\t<\/script>\t\n<\/div>","protected":false},"excerpt":{"rendered":"","protected":false},"author":2,"featured_media":0,"parent":0,"menu_order":42,"comment_status":"closed","ping_status":"closed","template":"","meta":{"_acf_changed":false,"footnotes":""},"acf":[],"_links":{"self":[{"href":"https:\/\/helpmegrowwa.org\/am\/wp-json\/wp\/v2\/pages\/45"}],"collection":[{"href":"https:\/\/helpmegrowwa.org\/am\/wp-json\/wp\/v2\/pages"}],"about":[{"href":"https:\/\/helpmegrowwa.org\/am\/wp-json\/wp\/v2\/types\/page"}],"author":[{"embeddable":true,"href":"https:\/\/helpmegrowwa.org\/am\/wp-json\/wp\/v2\/users\/2"}],"replies":[{"embeddable":true,"href":"https:\/\/helpmegrowwa.org\/am\/wp-json\/wp\/v2\/comments?post=45"}],"version-history":[{"count":264,"href":"https:\/\/helpmegrowwa.org\/am\/wp-json\/wp\/v2\/pages\/45\/revisions"}],"predecessor-version":[{"id":12072,"href":"https:\/\/helpmegrowwa.org\/am\/wp-json\/wp\/v2\/pages\/45\/revisions\/12072"}],"wp:attachment":[{"href":"https:\/\/helpmegrowwa.org\/am\/wp-json\/wp\/v2\/media?parent=45"}],"curies":[{"name":"wp","href":"https:\/\/api.w.org\/{rel}","templated":true}]}}