{"id":12,"date":"2020-01-13T21:27:00","date_gmt":"2020-01-13T21:27:00","guid":{"rendered":"http:\/\/54.244.98.151\/?page_id=12"},"modified":"2026-03-24T17:08:40","modified_gmt":"2026-03-24T17:08:40","slug":"home","status":"publish","type":"page","link":"https:\/\/helpmegrowwa.org\/es\/","title":{"rendered":"Inicio"},"content":{"rendered":"<div id=\"block_d82e444d581f2b8a50e642eae2b4405f\" class=\"banner-block home-with-slides\">\n\t<div class=\"slide-carousel\">\n\t\t\t\t\t\t\t<div class=\"slide-wrapper\">\n\t\t\t<div class=\"slide\" data-img=\"https:\/\/helpmegrowwa.org\/wp-content\/uploads\/2023\/09\/Help-Me-Grow-Washington-Community-Services-and-Resources.jpg\">\n\t\t\t\t<div class=\"background\" style=\"background-image: url(https:\/\/helpmegrowwa.org\/wp-content\/uploads\/2023\/09\/Help-Me-Grow-Washington-Community-Services-and-Resources.jpg);\"><\/div>\n\t\t\t\t<div class=\"text-wrapper\">\n\t\t\t\t\t<div class=\"text\">\n\t\t\t\t\t\t<h1 class=\"heading\">Encuentre los recursos y servicios que necesita, cuando los necesita.<\/h1>\n\t\t\t\t\t\t<div class=\"button-wrapper\">\n\t\t\t\t\t\t\t\t\t\t\t\t\t\t\t\t\t\t\t\t\t\t\t<a class=\"button\" href=\"https:\/\/resources.helpmegrowwa.org\/\" target=\"_blank\">Buscador de recursos ParentHelp123<\/a>\n\t\t\t\t\t\t\t\t\t\t\t\t\t<\/div>\n\t\t\t\t\t<\/div>\n\t\t\t\t<\/div>\n\t\t\t<\/div>\n\t\t<\/div>\n\t\t\t\t\t\t\t\t\t\t\t<div class=\"slide-wrapper\">\n\t\t\t<div class=\"slide\" data-img=\"https:\/\/helpmegrowwa.org\/wp-content\/uploads\/2023\/10\/Help-Me-Grow-Washington-Family-Communty-Resources.jpg\">\n\t\t\t\t<div class=\"background\" style=\"background-image: url(https:\/\/helpmegrowwa.org\/wp-content\/uploads\/2023\/10\/Help-Me-Grow-Washington-Family-Communty-Resources.jpg);\"><\/div>\n\t\t\t\t<div class=\"text-wrapper\">\n\t\t\t\t\t<div class=\"text\">\n\t\t\t\t\t\t<h1 class=\"heading\">Acceda a alimentos saludables a trav\u00e9s del programa de asistencia nutricional de Washington.<\/h1>\n\t\t\t\t\t\t<div class=\"button-wrapper\">\n\t\t\t\t\t\t\t\t\t\t\t\t\t\t\t\t\t\t\t\t\t\t\t<a class=\"button\" href=\"\/es\/basic-food-snap\/\" target=\"\">Beneficios de los alimentos b\u00e1sicos<\/a>\n\t\t\t\t\t\t\t\t\t\t\t\t\t<\/div>\n\t\t\t\t\t<\/div>\n\t\t\t\t<\/div>\n\t\t\t<\/div>\n\t\t<\/div>\n\t\t\t\t\t\t\t\t\t\t\t<div class=\"slide-wrapper\">\n\t\t\t<div class=\"slide\" data-img=\"https:\/\/helpmegrowwa.org\/wp-content\/uploads\/2023\/09\/Community-Resources-Help-Me-Grow-Washington-Network.jpg\">\n\t\t\t\t<div class=\"background\" style=\"background-image: url(https:\/\/helpmegrowwa.org\/wp-content\/uploads\/2023\/09\/Community-Resources-Help-Me-Grow-Washington-Network.jpg);\"><\/div>\n\t\t\t\t<div class=\"text-wrapper\">\n\t\t\t\t\t<div class=\"text\">\n\t\t\t\t\t\t<h1 class=\"heading\">\u00bfQuiere aprender m\u00e1s sobre el crecimiento y desarrollo de su hijo?<\/h1>\n\t\t\t\t\t\t<div class=\"button-wrapper\">\n\t\t\t\t\t\t\t\t\t\t\t\t\t\t\t\t\t\t\t\t\t\t\t<a class=\"button\" href=\"\/es\/developmental-screenings\/\" target=\"\">Ex\u00e1menes de desarrollo<\/a>\n\t\t\t\t\t\t\t\t\t\t\t\t\t<\/div>\n\t\t\t\t\t<\/div>\n\t\t\t\t<\/div>\n\t\t\t<\/div>\n\t\t<\/div>\n\t\t\t\t\t\t<\/div>\n\t<script>\n\t\t$ = jQuery;\n\t\t\n\t\t\/\/Fade in image\n\t\t$(\".slide\").each(function() {\n\t\t\tvar background = $(this).find(\".background\");\n\t\t\tvar image = new Image();\n\t\t\timage.src = $(this).data(\"img\");\n\t\t\timage.onload = function() {\n\t\t\t\tbackground.css({opacity: 1})\n\t\t\t}\n\t\t});\n\t\t\n\t\t$(\".slide-carousel\").on(\"init\", function() {\n\t\t\t$(\".slide-carousel\").css({opacity: 1});\n\t\t});\n\t\n\t\t\/\/ Prepare the carousel\n\t\t$(\".slide-carousel\").slick({\n\t\t\tslidesToShow: 1,\n\t\t\tslidesToScroll: 1,\n\t\t\tautoplay: true,\n\t\t\tautoplaySpeed: 6000,\n\t\t\tinfinite: true,\n\t\t\tarrows: false,\n\t\t\tdots: true,\n\t\t});\n\t\t\n\t<\/script>\n<\/div>\n\n\n<div id=\"block_13060b088fc0f95b1fa15c942c94537e\" class=\"text-block white large center\">\n\t<div class=\"container one-column full\">\n\t\t<h2><span style=\"color: #561553;\">Encontrar la ayuda adecuada es dif\u00edcil. Te lo ponemos m\u00e1s f\u00e1cil.<\/span><\/h2>\n<p>Ya sea en l\u00ednea o por tel\u00e9fono, podemos conectarlo con los recursos que necesita, cuando los necesita. Encuentre recursos esenciales de alimentaci\u00f3n, salud y desarrollo infantil en su comunidad para apoyar a su familia.<\/p>\n<h3>Estamos comprometidos con la seguridad, la dignidad y los derechos de todas las familias: <a style=\"color: #ff671d; text-decoration: underline;\" href=\"https:\/\/withinreachwa.org\/safety-dignity-and-the-rights-of-families?mtm_campaign=Family%20Commitment%20Blog\" target=\"_blank\" rel=\"noopener\">Aprende m\u00e1s aqu\u00ed<\/a><\/h3>\n\t<\/div>\n\t<script>\n\t\t(function($) {\n\t\t\t\/\/ Get the block ID\n\t\t\tvar id = \"#block_13060b088fc0f95b1fa15c942c94537e\";\n\t\t\t\/\/ Reveal the block\n\t\t\tvar container = document.documentElement;\n\t\t\tScrollReveal().reveal(id + \" .container\", {origin: \"bottom\", distance: \"20px\", duration: 1000, container: container});\n\t\t}(jQuery))\n\t<\/script>\n<\/div>\n\n<div id=\"block_58a8cabc3fd9b3f48036f14e34619c23\" class=\"boxes-block white rectangular lines-between-boxes\">\n\t<div class=\"boxes-wrapper\">\n\t\t<div class=\"boxes\">\n\t\t\t\t\t<div class=\"container\">\n\t\t\t\t\n\t\t\t\t\t\t\t\t\t\t\t\t\t\t\t\t\t\t\t\t\t<a class=\"box white center border-none large\" href=\"https:\/\/resources.helpmegrowwa.org\/\" target=\"_blank\">\n\t\t\t\t\t\t\t\t\t\t\t\t\t\t\t\t\t\t\t\t\t\t\t\t<img decoding=\"async\" src=\"https:\/\/helpmegrowwa.org\/wp-content\/uploads\/2023\/08\/icon-search.svg\">\n\t\t\t\t\t\t\t\t\t\t\t\t\t\t\t\t\t\t\t\t\t\t<div><h2><span style=\"color: #561553;\">Buscar<\/span><\/h2>\n<p>Visite el Buscador de recursos ParentHelp123 para encontrar recursos y servicios en su comunidad.<\/p>\n<\/div>\n\t\t\t\t\t\t\t\t\t\t\t\t\t\t\t<div class=\"wrapper\">\n\t\t\t\t\t\t\t\t\t<div class=\"textlink\">\n\t\t\t\t\t\t\t\t\t\tAveriguar m\u00e1s<svg class=\"arrow\" aria-hidden=\"true\" focusable=\"false\" data-prefix=\"fas\" data-icon=\"long-arrow-right\" role=\"img\" xmlns=\"http:\/\/www.w3.org\/2000\/svg\" viewbox=\"0 0 448 512\"><path fill=\"#FF671D\" d=\"M254.544 154.427L320.118 220H24c-13.255 0-24 10.745-24 24v24c0 13.255 10.745 24 24 24h296.118l-65.574 65.573c-9.373 9.373-9.373 24.569 0 33.941l16.971 16.971c9.373 9.373 24.569 9.373 33.941 0L440.97 272.97c9.373-9.373 9.373-24.569 0-33.941L305.456 103.515c-9.373-9.373-24.569-9.373-33.941 0l-16.971 16.971c-9.373 9.372-9.373 24.568 0 33.941z\"><\/path><\/svg>\n\t\t\t\t\t\t\t\t\t<\/div>\n\t\t\t\t\t\t\t\t<\/div>\n\t\t\t\t\t\t\t\t\t\t\t\t\t<\/a>\n\t\t\t\t\t\t\t\t\t\t\t\t<\/div>\n\t\t\t\t\t<div class=\"container\">\n\t\t\t\t\n\t\t\t\t\t\t\t\t\t\t\t\t\t\t\t\t\t\t\t\t\t<a class=\"box white center border-none large\" href=\"https:\/\/referrals.helpmegrowwa.org\/es\/benefit_finder\" target=\"_blank\">\n\t\t\t\t\t\t\t\t\t\t\t\t\t\t\t\t\t\t\t\t\t\t\t\t<img decoding=\"async\" src=\"https:\/\/helpmegrowwa.org\/wp-content\/uploads\/2023\/08\/icon-screen.svg\">\n\t\t\t\t\t\t\t\t\t\t\t\t\t\t\t\t\t\t\t\t\t\t<div><h2><span style=\"color: #561553;\">Encuesta<\/span><\/h2>\n<p>Complete un breve formulario para ver si califica para los beneficios estatales y conectarse a Help Me Grow.<\/p>\n<\/div>\n\t\t\t\t\t\t\t\t\t\t\t\t\t\t\t<div class=\"wrapper\">\n\t\t\t\t\t\t\t\t\t<div class=\"textlink\">\n\t\t\t\t\t\t\t\t\t\tAveriguar m\u00e1s<svg class=\"arrow\" aria-hidden=\"true\" focusable=\"false\" data-prefix=\"fas\" data-icon=\"long-arrow-right\" role=\"img\" xmlns=\"http:\/\/www.w3.org\/2000\/svg\" viewbox=\"0 0 448 512\"><path fill=\"#FF671D\" d=\"M254.544 154.427L320.118 220H24c-13.255 0-24 10.745-24 24v24c0 13.255 10.745 24 24 24h296.118l-65.574 65.573c-9.373 9.373-9.373 24.569 0 33.941l16.971 16.971c9.373 9.373 24.569 9.373 33.941 0L440.97 272.97c9.373-9.373 9.373-24.569 0-33.941L305.456 103.515c-9.373-9.373-24.569-9.373-33.941 0l-16.971 16.971c-9.373 9.372-9.373 24.568 0 33.941z\"><\/path><\/svg>\n\t\t\t\t\t\t\t\t\t<\/div>\n\t\t\t\t\t\t\t\t<\/div>\n\t\t\t\t\t\t\t\t\t\t\t\t\t<\/a>\n\t\t\t\t\t\t\t\t\t\t\t\t<\/div>\n\t\t\t\t\t<div class=\"container\">\n\t\t\t\t\n\t\t\t\t\t\t\t\t\t\t\t\t\t\t\t\t\t\t\t\t\t<a class=\"box white center border-none large\" href=\"\/es\/hotline\/\" target=\"\">\n\t\t\t\t\t\t\t\t\t\t\t\t\t\t\t\t\t\t\t\t\t\t\t\t<img decoding=\"async\" src=\"https:\/\/helpmegrowwa.org\/wp-content\/uploads\/2023\/08\/icon-call.svg\">\n\t\t\t\t\t\t\t\t\t\t\t\t\t\t\t\t\t\t\t\t\t\t<div><h2><span style=\"color: #561553;\">Llamada<\/span><\/h2>\n<p>\u00bfNecesita soporte ahora?<br \/>\nLlame a una l\u00ednea directa Help Me Grow Washington y hable con un navegador de recursos familiares.<\/p>\n<\/div>\n\t\t\t\t\t\t\t\t\t\t\t\t\t\t\t<div class=\"wrapper\">\n\t\t\t\t\t\t\t\t\t<div class=\"textlink\">\n\t\t\t\t\t\t\t\t\t\tAveriguar m\u00e1s<svg class=\"arrow\" aria-hidden=\"true\" focusable=\"false\" data-prefix=\"fas\" data-icon=\"long-arrow-right\" role=\"img\" xmlns=\"http:\/\/www.w3.org\/2000\/svg\" viewbox=\"0 0 448 512\"><path fill=\"#FF671D\" d=\"M254.544 154.427L320.118 220H24c-13.255 0-24 10.745-24 24v24c0 13.255 10.745 24 24 24h296.118l-65.574 65.573c-9.373 9.373-9.373 24.569 0 33.941l16.971 16.971c9.373 9.373 24.569 9.373 33.941 0L440.97 272.97c9.373-9.373 9.373-24.569 0-33.941L305.456 103.515c-9.373-9.373-24.569-9.373-33.941 0l-16.971 16.971c-9.373 9.372-9.373 24.568 0 33.941z\"><\/path><\/svg>\n\t\t\t\t\t\t\t\t\t<\/div>\n\t\t\t\t\t\t\t\t<\/div>\n\t\t\t\t\t\t\t\t\t\t\t\t\t<\/a>\n\t\t\t\t\t\t\t\t\t\t\t\t<\/div>\n\t\t\t\t<\/div>\n\t<\/div>\n\t<script>\n\t\n\t(function($) {\n\t\n\t\t\/\/ Get the block ID\n\t\tvar id = \"#block_58a8cabc3fd9b3f48036f14e34619c23\";\n\t\t\n\t\t$(id + \" .boxes-wrapper .boxes .box\").hover(function() {\n\t\t\t$(this).find(\".arrow\").addClass(\"hover\");\n\t\t\t$(this).find(\"img\").addClass(\"hover\");\n\t\t}, function() {\n\t\t\t$(this).find(\".arrow\").removeClass(\"hover\");\n\t\t\t$(this).find(\"img\").removeClass(\"hover\");\n\t\t});\n\t\t\n\t\t\/\/ Reveal foreground elements\n\t\tScrollReveal().reveal(id + \" .container\", {origin: \"bottom\", distance: \"20px\", duration: 1000, viewFactor: 0.2, interval: 100, reset: false});\n\t\n\t})(jQuery)\n\t\n\t<\/script>\n<\/div>\n\n<div id=\"block_423c47a9e3164789beaff0d9d45e85fb\" class=\"fifty-fifty-block blue right\">\n\t<img decoding=\"async\" class=\"flower-graphic\" src=\"https:\/\/helpmegrowwa.org\/wp-content\/themes\/helpmegrowwa\/images\/banner-text-shapes.svg\">\n\t<div class=\"info watermark\">\n\t\t<div class=\"container narrow center\">\n\t\t\t<h2>Conecte a las familias a las que presta servicios con Help Me Grow<\/h2>\n<p>Los proveedores de servicios y salud pueden recomendar familias, descargar materiales y explorar nuestro directorio de recursos para encontrar recursos comunitarios y de salud.<\/p>\n\t\t\t\t\t\t\t\t\t<div class=\"link\">\n\t\t\t\t<a class=\"button orange\" href=\"\/es\/health-care-providers\/\" target=\"\">\n\t\t\t\t\t\t\t\t\t\tAveriguar m\u00e1s\t\t\t\t<\/a>\n\t\t\t<\/div>\n\t\t\t\t\t<\/div>\n\t<\/div>\n\t\t<div class=\"image\" style=\"background-image: url(https:\/\/helpmegrowwa.org\/wp-content\/uploads\/2020\/03\/iStock-1056360016-scaled.jpg);background-position: center left;\">\n\t\t\t\t\t<\/div>\n\t<script>\n\t(function($) {\n\t\t\/\/ Get the block ID\n\t\tvar id = \"#block_423c47a9e3164789beaff0d9d45e85fb\";\n\t\t\/\/ Reveal the block\n\t\tvar container = document.documentElement;\n\t\tScrollReveal().reveal(id + \".left .image\", {origin: \"left\", distance: \"20px\", duration: 1000});\n\t\tScrollReveal().reveal(id + \".left .info .container\", {origin: \"right\", distance: \"20px\", duration: 1000});\n\t\tScrollReveal().reveal(id + \".right .image\", {origin: \"right\", distance: \"20px\", duration: 1000});\n\t\tScrollReveal().reveal(id + \".right .info .container\", {origin: \"left\", distance: \"20px\", duration: 1000});\n\t}(jQuery))\n\t<\/script>\n<\/div>\n\n<div id=\"block_cd6782ef91a815972bc660294ddc458b\" class=\"text-block white large center\">\n\t<div class=\"container one-column narrow\">\n\t\t<h2><span style=\"color: #561553;\">Atendemos a personas en todos los condados del estado de Washington.<\/span><\/h2>\n\t<\/div>\n\t<script>\n\t\t(function($) {\n\t\t\t\/\/ Get the block ID\n\t\t\tvar id = \"#block_cd6782ef91a815972bc660294ddc458b\";\n\t\t\t\/\/ Reveal the block\n\t\t\tvar container = document.documentElement;\n\t\t\tScrollReveal().reveal(id + \" .container\", {origin: \"bottom\", distance: \"20px\", duration: 1000, container: container});\n\t\t}(jQuery))\n\t<\/script>\n<\/div>\n\n<div id=\"block_fde99db56ec25e32cbcbd44a2583a489\" class=\"infographic-block white\">\n\t<div class=\"container\">\n\t\t\t\t\t\t\t\t\t\t\n\t\t\t\t\t\t\t\t\t<img decoding=\"async\"  src=\"https:\/\/helpmegrowwa.org\/wp-content\/uploads\/2023\/11\/hmg-animated-map-v4-gif.gif\" srcset=\"https:\/\/helpmegrowwa.org\/wp-content\/uploads\/2023\/11\/hmg-animated-map-v4-gif.gif 1140w, https:\/\/helpmegrowwa.org\/wp-content\/uploads\/2023\/11\/hmg-animated-map-v4-gif.gif 2280w\" style=\"max-width: 860px\">\n\t\t\t\t\t\t\t\n\t\t\t<\/div>\n\t<script>\n\t(function($) {\n\t\t\/\/ Get the block ID\n\t\tvar id = \"#block_fde99db56ec25e32cbcbd44a2583a489\";\n\t\t\/\/ Reveal the block\n\t\tScrollReveal().reveal(id + \" .container h2\", {origin: \"bottom\", distance: \"20px\", duration: 1000});\n\t\tScrollReveal().reveal(id + \" .container h3\", {origin: \"bottom\", distance: \"20px\", duration: 1000});\n\t\tScrollReveal().reveal(id + \" .container h4\", {origin: \"bottom\", distance: \"20px\", duration: 1000});\n\t\tScrollReveal().reveal(id + \" .container p\", {origin: \"bottom\", distance: \"20px\", duration: 1000});\n\t\tScrollReveal().reveal(id + \" .container img\", {origin: \"bottom\", distance: \"20px\", duration: 1000});\n\t}(jQuery))\n\t<\/script>\n<\/div>\n\n<div id=\"block_c265a39add7ae79e7e017990442326d4\" class=\"invitation-block white center\">\t\n\t<div class=\"container none\">\n\t\t\t\t\t\t<a class=\"btn orange\" href=\"\/es\/impact\/\" target=\"\">Conozca m\u00e1s sobre nuestro impacto<\/a>\n\t\t\t<\/div>\n<\/div>\n\n\n<div id=\"block_87a43c93946f2fc4bf03740dc9434323\" class=\"news-feature-block\">\n\t<div class=\"container\">\n\t\t<div class=\"title\">\n\t\t\t\t\t\t\t<h2>Noticias + Actualizaciones<\/h2>\n\t\t\t\t\t<\/div>\n\t\t<div class=\"wrapper\">\n\t\t\t\t\t\t\t\n\t\t\t\t\t\t\t\t\t\t\t\t\t\t\t\t\t\t\t\t\t\t\t\t\t\t\t\t\t\t<a class=\"article\" href=\"https:\/\/helpmegrowwa.org\/es\/reaching-new-heights-partnering-to-support-child-development\">\n\t\t\t\t\t\t\t\t\t\t\t<div class=\"picture\">\n\t\t\t\t\t\t\t\t\t\t\t\t\t\t<img decoding=\"async\" src=\"https:\/\/helpmegrowwa.org\/wp-content\/uploads\/2026\/03\/NEWS-STORY-TITLE-5-e1774371040337-260x180.png\" srcset=\"https:\/\/helpmegrowwa.org\/wp-content\/uploads\/2026\/03\/NEWS-STORY-TITLE-5-e1774371040337-260x180.png 260w, https:\/\/helpmegrowwa.org\/wp-content\/uploads\/2026\/03\/NEWS-STORY-TITLE-5-e1774371040337-520x360.png 520w\" sizes=\"260px\">\n\t\t\t\t\t\t\t\t\t\t\t\t\t\t\t<div class=\"type-label\">Entrada<\/div>\n\t\t\t\t\t\t\t\t\t\t\t\t\t<\/div>\n\t\t\t\t\t\t<div class=\"content\">\n\t\t\t\t\t\t\t\t\t\t\t\t\t\t\t<div class=\"date\">marzo 24, 2026<\/div>\n\t\t\t\t\t\t\t\t\t\t\t\t\t\t<div class=\"text\">\n\t\t\t\t\t\t\t\t<h3 class=\"title\">Reaching New Heights: Partnering to Support Child Development<\/h3>\n\t\t\t\t\t\t\t\t<div class=\"summary\">New Resource for Families and Partners! Help Me Grow WA has partnered with the Washington Chapter of the American Academy of Pediatrics (WCAAP) to co\u2011create a fun, bilingual height chart for children ages 2 months to 5 years. Designed with pediatric expertise and families in mind, each chart includes key developmental milestones and simple ways families can support their child\u2019s growth and learning. <\/div>\n\t\t\t\t\t\t\t<\/div>\n\t\t\t\t\t\t\t<div class=\"more\">\n\t\t\t\t\t\t\t\tLee mas\n\t\t\t\t\t\t\t\t<svg class=\"arrow\" aria-hidden=\"true\" focusable=\"false\" data-prefix=\"fas\" data-icon=\"long-arrow-right\" role=\"img\" xmlns=\"http:\/\/www.w3.org\/2000\/svg\" viewbox=\"0 0 448 512\"><path fill=\"#ababab\" d=\"M254.544 154.427L320.118 220H24c-13.255 0-24 10.745-24 24v24c0 13.255 10.745 24 24 24h296.118l-65.574 65.573c-9.373 9.373-9.373 24.569 0 33.941l16.971 16.971c9.373 9.373 24.569 9.373 33.941 0L440.97 272.97c9.373-9.373 9.373-24.569 0-33.941L305.456 103.515c-9.373-9.373-24.569-9.373-33.941 0l-16.971 16.971c-9.373 9.372-9.373 24.568 0 33.941z\"><\/path><\/svg>\n\t\t\t\t\t\t\t<\/div>\n\t\t\t\t\t\t<\/div>\n\t\t\t\t\t<\/a>\n\t\t\t\t\t\t\t\t\t\t\t\t\t\t\t\t\t\t\t\t\t\t\t\t\t\t\t\t\t\t<a class=\"article\" href=\"https:\/\/helpmegrowwa.org\/es\/news\/celebrating-the-2026-help-me-grow-washington-network\">\n\t\t\t\t\t\t\t\t\t\t\t<div class=\"picture\">\n\t\t\t\t\t\t\t\t\t\t\t\t\t\t<img decoding=\"async\" src=\"https:\/\/helpmegrowwa.org\/wp-content\/uploads\/2026\/03\/NEWS-STORY-TITLE-4-260x180.png\" srcset=\"https:\/\/helpmegrowwa.org\/wp-content\/uploads\/2026\/03\/NEWS-STORY-TITLE-4-260x180.png 260w, https:\/\/helpmegrowwa.org\/wp-content\/uploads\/2026\/03\/NEWS-STORY-TITLE-4-520x360.png 520w\" sizes=\"260px\">\n\t\t\t\t\t\t\t\t\t\t\t\t\t\t\t<div class=\"type-label\">Noticias<\/div>\n\t\t\t\t\t\t\t\t\t\t\t\t\t<\/div>\n\t\t\t\t\t\t<div class=\"content\">\n\t\t\t\t\t\t\t\t\t\t\t\t\t\t\t<div class=\"date\">marzo 23, 2026<\/div>\n\t\t\t\t\t\t\t\t\t\t\t\t\t\t<div class=\"text\">\n\t\t\t\t\t\t\t\t<h3 class=\"title\">Celebrating the 2026 Help Me Grow Washington Network!<\/h3>\n\t\t\t\t\t\t\t\t<div class=\"summary\">We\u2019re\u00a0excited to welcome Help Me Grow Whatcom and Help Me Grow Grays Harbor to the Help Me Grow Washington network! \ud83d\udc9c With their addition, more communities across the state are building coordinated, family-centered systems of support\u2014strengthening connections and making it easier for families to access the resources they need, when they need them.\u00a0<\/div>\n\t\t\t\t\t\t\t<\/div>\n\t\t\t\t\t\t\t<div class=\"more\">\n\t\t\t\t\t\t\t\tLee mas\n\t\t\t\t\t\t\t\t<svg class=\"arrow\" aria-hidden=\"true\" focusable=\"false\" data-prefix=\"fas\" data-icon=\"long-arrow-right\" role=\"img\" xmlns=\"http:\/\/www.w3.org\/2000\/svg\" viewbox=\"0 0 448 512\"><path fill=\"#ababab\" d=\"M254.544 154.427L320.118 220H24c-13.255 0-24 10.745-24 24v24c0 13.255 10.745 24 24 24h296.118l-65.574 65.573c-9.373 9.373-9.373 24.569 0 33.941l16.971 16.971c9.373 9.373 24.569 9.373 33.941 0L440.97 272.97c9.373-9.373 9.373-24.569 0-33.941L305.456 103.515c-9.373-9.373-24.569-9.373-33.941 0l-16.971 16.971c-9.373 9.372-9.373 24.568 0 33.941z\"><\/path><\/svg>\n\t\t\t\t\t\t\t<\/div>\n\t\t\t\t\t\t<\/div>\n\t\t\t\t\t<\/a>\n\t\t\t\t\t\t\t\t\t\t\t\t\t\t\t\t\t\t\t\t\t\t\t\t\t\t\t\t\t\t<a class=\"article\" href=\"https:\/\/helpmegrowwa.org\/es\/news\/help-me-grow-wa-network-leverages-funding-to-support-local-help-me-grow-efforts\">\n\t\t\t\t\t\t\t\t\t\t\t<div class=\"picture\">\n\t\t\t\t\t\t\t\t\t\t\t\t\t\t<img decoding=\"async\" src=\"https:\/\/helpmegrowwa.org\/wp-content\/uploads\/2025\/11\/funding-e1762806121409-260x180.png\" srcset=\"https:\/\/helpmegrowwa.org\/wp-content\/uploads\/2025\/11\/funding-e1762806121409-260x180.png 260w, https:\/\/helpmegrowwa.org\/wp-content\/uploads\/2025\/11\/funding-e1762806121409-520x360.png 520w\" sizes=\"260px\">\n\t\t\t\t\t\t\t\t\t\t\t\t\t\t\t<div class=\"type-label\">Noticias<\/div>\n\t\t\t\t\t\t\t\t\t\t\t\t\t<\/div>\n\t\t\t\t\t\t<div class=\"content\">\n\t\t\t\t\t\t\t\t\t\t\t\t\t\t\t<div class=\"date\">10 de noviembre de 2025<\/div>\n\t\t\t\t\t\t\t\t\t\t\t\t\t\t<div class=\"text\">\n\t\t\t\t\t\t\t\t<h3 class=\"title\">La red Help Me Grow WA aprovecha la financiaci\u00f3n para apoyar las iniciativas locales de Help Me Grow<\/h3>\n\t\t\t\t\t\t\t\t<div class=\"summary\"> Gracias a la Subvenci\u00f3n para el Desarrollo Preescolar (PDG, por sus siglas en ingl\u00e9s), otorgada al Departamento de Ni\u00f1os, J\u00f3venes y Familias del Estado de Washington (DCYF, por sus siglas en ingl\u00e9s), el programa Help Me Grow Washington recibi\u00f3 un total de $100,000 para invertir en comunidades que exploran o implementan el programa Help Me Grow a nivel local. Cuatro comunidades recibieron financiamiento a trav\u00e9s de esta oportunidad: Island, Grays Harbor, Skagit y Whatcom. Este financiamiento finaliz\u00f3 el 30 de septiembre de 2025.  <\/div>\n\t\t\t\t\t\t\t<\/div>\n\t\t\t\t\t\t\t<div class=\"more\">\n\t\t\t\t\t\t\t\tLee mas\n\t\t\t\t\t\t\t\t<svg class=\"arrow\" aria-hidden=\"true\" focusable=\"false\" data-prefix=\"fas\" data-icon=\"long-arrow-right\" role=\"img\" xmlns=\"http:\/\/www.w3.org\/2000\/svg\" viewbox=\"0 0 448 512\"><path fill=\"#ababab\" d=\"M254.544 154.427L320.118 220H24c-13.255 0-24 10.745-24 24v24c0 13.255 10.745 24 24 24h296.118l-65.574 65.573c-9.373 9.373-9.373 24.569 0 33.941l16.971 16.971c9.373 9.373 24.569 9.373 33.941 0L440.97 272.97c9.373-9.373 9.373-24.569 0-33.941L305.456 103.515c-9.373-9.373-24.569-9.373-33.941 0l-16.971 16.971c-9.373 9.372-9.373 24.568 0 33.941z\"><\/path><\/svg>\n\t\t\t\t\t\t\t<\/div>\n\t\t\t\t\t\t<\/div>\n\t\t\t\t\t<\/a>\n\t\t\t\t\t\t\t\t\t\t\t\t\t\t\t\t\t\t\t\t\t\t\t\t\t\t\t\t\t\t<a class=\"article\" href=\"https:\/\/helpmegrowwa.org\/es\/news\/2025-federal-government-shutdown-what-you-need-to-know\">\n\t\t\t\t\t\t\t\t\t\t\t<div class=\"picture\">\n\t\t\t\t\t\t\t\t\t\t\t\t\t\t<img decoding=\"async\" src=\"https:\/\/helpmegrowwa.org\/wp-content\/uploads\/2025\/10\/NEWS-STORY-TITLE-e1761931806744-260x180.png\" srcset=\"https:\/\/helpmegrowwa.org\/wp-content\/uploads\/2025\/10\/NEWS-STORY-TITLE-e1761931806744-260x180.png 260w, https:\/\/helpmegrowwa.org\/wp-content\/uploads\/2025\/10\/NEWS-STORY-TITLE-e1761931806744-520x360.png 520w\" sizes=\"260px\">\n\t\t\t\t\t\t\t\t\t\t\t\t\t\t\t<div class=\"type-label\">Noticias<\/div>\n\t\t\t\t\t\t\t\t\t\t\t\t\t<\/div>\n\t\t\t\t\t\t<div class=\"content\">\n\t\t\t\t\t\t\t\t\t\t\t\t\t\t\t<div class=\"date\">31 de octubre de 2025<\/div>\n\t\t\t\t\t\t\t\t\t\t\t\t\t\t<div class=\"text\">\n\t\t\t\t\t\t\t\t<h3 class=\"title\">Cierre del gobierno federal en 2025: Lo que necesitas saber<\/h3>\n\t\t\t\t\t\t\t\t<div class=\"summary\">El cierre del gobierno federal podr\u00eda afectar programas como SNAP y WIC. Inf\u00f3rmese sobre qu\u00e9 programas se ven afectados y encuentre recursos locales de alimentaci\u00f3n y apoyo familiar.<\/div>\n\t\t\t\t\t\t\t<\/div>\n\t\t\t\t\t\t\t<div class=\"more\">\n\t\t\t\t\t\t\t\tLee mas\n\t\t\t\t\t\t\t\t<svg class=\"arrow\" aria-hidden=\"true\" focusable=\"false\" data-prefix=\"fas\" data-icon=\"long-arrow-right\" role=\"img\" xmlns=\"http:\/\/www.w3.org\/2000\/svg\" viewbox=\"0 0 448 512\"><path fill=\"#ababab\" d=\"M254.544 154.427L320.118 220H24c-13.255 0-24 10.745-24 24v24c0 13.255 10.745 24 24 24h296.118l-65.574 65.573c-9.373 9.373-9.373 24.569 0 33.941l16.971 16.971c9.373 9.373 24.569 9.373 33.941 0L440.97 272.97c9.373-9.373 9.373-24.569 0-33.941L305.456 103.515c-9.373-9.373-24.569-9.373-33.941 0l-16.971 16.971c-9.373 9.372-9.373 24.568 0 33.941z\"><\/path><\/svg>\n\t\t\t\t\t\t\t<\/div>\n\t\t\t\t\t\t<\/div>\n\t\t\t\t\t<\/a>\n\t\t\t\t\t\t\t\t\n\t\t\t\t\t\t\t\n\t\t<\/div>\n\t<\/div>\n\t<script>\n\t\n\t(function($) {\n\t\n\t\t\/\/ Get the block ID\n\t\tvar id = \"#block_87a43c93946f2fc4bf03740dc9434323\";\n\t\t\n\t\t\/\/ Reveal foreground elements\n\t\tScrollReveal().reveal(id + \" .article\", {origin: \"bottom\", distance: \"20px\", duration: 1000, viewFactor: 0.2, interval: 100, reset: false});\n\t\t\n\t})(jQuery)\n\t\n\t<\/script>\t\n<\/div>","protected":false},"excerpt":{"rendered":"","protected":false},"author":2,"featured_media":0,"parent":0,"menu_order":1,"comment_status":"closed","ping_status":"closed","template":"","meta":{"_acf_changed":false,"footnotes":""},"acf":[],"_links":{"self":[{"href":"https:\/\/helpmegrowwa.org\/es\/wp-json\/wp\/v2\/pages\/12"}],"collection":[{"href":"https:\/\/helpmegrowwa.org\/es\/wp-json\/wp\/v2\/pages"}],"about":[{"href":"https:\/\/helpmegrowwa.org\/es\/wp-json\/wp\/v2\/types\/page"}],"author":[{"embeddable":true,"href":"https:\/\/helpmegrowwa.org\/es\/wp-json\/wp\/v2\/users\/2"}],"replies":[{"embeddable":true,"href":"https:\/\/helpmegrowwa.org\/es\/wp-json\/wp\/v2\/comments?post=12"}],"version-history":[{"count":614,"href":"https:\/\/helpmegrowwa.org\/es\/wp-json\/wp\/v2\/pages\/12\/revisions"}],"predecessor-version":[{"id":13380,"href":"https:\/\/helpmegrowwa.org\/es\/wp-json\/wp\/v2\/pages\/12\/revisions\/13380"}],"wp:attachment":[{"href":"https:\/\/helpmegrowwa.org\/es\/wp-json\/wp\/v2\/media?parent=12"}],"curies":[{"name":"gracias","href":"https:\/\/api.w.org\/{rel}","templated":true}]}}