{"id":12788,"date":"2025-12-09T00:23:06","date_gmt":"2025-12-09T00:23:06","guid":{"rendered":"https:\/\/helpmegrowwa.org\/?page_id=12788"},"modified":"2026-03-30T23:17:39","modified_gmt":"2026-03-30T23:17:39","slug":"early-care-and-education-providers","status":"publish","type":"page","link":"https:\/\/helpmegrowwa.org\/es\/early-care-and-education-providers","title":{"rendered":"Proveedores de atenci\u00f3n y educaci\u00f3n temprana"},"content":{"rendered":"<div id=\"block_8d522598847353efe6967336a554d5d1\" class=\"fifty-fifty-block dark-purple right fifty-fifty-banner\">\n\t<img decoding=\"async\" class=\"flower-graphic\" src=\"https:\/\/helpmegrowwa.org\/wp-content\/themes\/helpmegrowwa\/images\/banner-text-shapes.svg\">\n\t<div class=\"info\">\n\t\t<div class=\"container regular center\">\n\t\t\t<h1>Proveedores de atenci\u00f3n y educaci\u00f3n temprana<\/h1>\n\t\t\t\t\t<\/div>\n\t<\/div>\n\t\t<div class=\"image\" style=\"background-image: url(https:\/\/helpmegrowwa.org\/wp-content\/uploads\/2025\/11\/Untitled-design-7.png);background-position: top center;\">\n\t\t\t\t\t<img decoding=\"async\" class=\"corner\" src=\"https:\/\/helpmegrowwa.org\/wp-content\/themes\/helpmegrowwa\/images\/fifty-fifty-corner-piece.svg\">\n\t\t\t\t\t<\/div>\n\t<script>\n\t(function($) {\n\t\t\/\/ Get the block ID\n\t\tvar id = \"#block_8d522598847353efe6967336a554d5d1\";\n\t\t\/\/ Reveal the block\n\t\tvar container = document.documentElement;\n\t\tScrollReveal().reveal(id + \".left .image\", {origin: \"left\", distance: \"20px\", duration: 1000});\n\t\tScrollReveal().reveal(id + \".left .info .container\", {origin: \"right\", distance: \"20px\", duration: 1000});\n\t\tScrollReveal().reveal(id + \".right .image\", {origin: \"right\", distance: \"20px\", duration: 1000});\n\t\tScrollReveal().reveal(id + \".right .info .container\", {origin: \"left\", distance: \"20px\", duration: 1000});\n\t}(jQuery))\n\t<\/script>\n<\/div>\n\n<div id=\"block_008a6cf3f4912cc39eaefeccb5de7100\" class=\"text-block white large left\">\n\t<div class=\"container one-column narrow\">\n\t\t<p>Los proveedores de cuidado y educaci\u00f3n temprana (ECE) desempe\u00f1an un papel fundamental en el desarrollo saludable de los ni\u00f1os peque\u00f1os. Como profesionales de confianza en entornos de aprendizaje temprano, los ECE suelen ser de los primeros en detectar hitos del desarrollo o \u00e1reas de preocupaci\u00f3n.<\/p>\n<p><strong>Help Me Grow<\/strong> est\u00e1 aqu\u00ed para asociarse con usted a trav\u00e9s de nuestro <a href=\"https:\/\/helpmegrowwa.org\/es\/joining-asq-online-program\/\"><span style=\"text-decoration: underline;\"><strong><span style=\"color: #ff671d; text-decoration: underline;\">Programa de colaboraci\u00f3n del Cuestionario de edades y etapas (ASQ)<\/span><\/strong><\/span><\/a>Tambi\u00e9n conectamos a las familias con <strong>Apoyo temprano para beb\u00e9s y ni\u00f1os peque\u00f1os (ESIT)<\/strong> Servicios y ofrecer recursos para padres.<\/p>\n<p>Nuestro apoyo no termina ah\u00ed. En todo Washington, ayudamos a las familias a acceder a apoyos alimentarios esenciales, como <strong>WIC, Alimentos B\u00e1sicos y bancos de alimentos locales<\/strong> \u2013 as\u00ed como asistencia con <strong>inscripci\u00f3n al seguro m\u00e9dico<\/strong> (Washington State Department of Children, Youth, and Families) y con <strong>encontrar un pediatra<\/strong>.<\/p>\n<p>Juntos, podemos garantizar que cada ni\u00f1o tenga el comienzo apoyado que merece durante estos a\u00f1os fundamentales.<\/p>\n<h3><span style=\"color: #6c1b6e;\">Asociate con nosotros<\/span><\/h3>\n<p>Ofrecemos herramientas y apoyo para ayudarle a realizar un seguimiento del desarrollo, iniciar conversaciones significativas con las familias y conectarlas con los servicios, \u00a1todo sin costo para su programa!<\/p>\n<p><a href=\"https:\/\/helpmegrowwa.org\/es\/joining-asq-online-program\/\"><span style=\"text-decoration: underline; color: #ff671d;\"><strong>\u00a1Descubre c\u00f3mo empezar hoy!<\/strong><\/span><\/a><\/p>\n<h3><span style=\"color: #6c1b6e;\">\u00bfC\u00f3mo ayudamos?<\/span><\/h3>\n<ul>\n<li><strong>Acceso gratuito a ASQ Online<\/strong>, junto con capacitaci\u00f3n y apoyo personalizados para que compartir y administrar las evaluaciones sea m\u00e1s f\u00e1cil para usted y sus familias.<\/li>\n<li>Apoyo para la interpretaci\u00f3n de los resultados del ASQ<\/li>\n<li>Orientaci\u00f3n sobre c\u00f3mo hablar con las familias sobre los resultados de las pruebas de detecci\u00f3n<\/li>\n<li>Referencias directas a recursos y materiales locales de desarrollo infantil para familias en varios idiomas.<\/li>\n<li>Capacitaci\u00f3n para su personal en hitos del desarrollo, procesos de detecci\u00f3n y derivaci\u00f3n<\/li>\n<\/ul>\n\t<\/div>\n\t<script>\n\t\t(function($) {\n\t\t\t\/\/ Get the block ID\n\t\t\tvar id = \"#block_008a6cf3f4912cc39eaefeccb5de7100\";\n\t\t\t\/\/ Reveal the block\n\t\t\tvar container = document.documentElement;\n\t\t\tScrollReveal().reveal(id + \" .container\", {origin: \"bottom\", distance: \"20px\", duration: 1000, container: container});\n\t\t}(jQuery))\n\t<\/script>\n<\/div>\n\n<div id=\"block_ea17ad0534c4bdeb30703e7215406ee7\" class=\"invitation-block white center\">\t\n\t<div class=\"container purple\">\n\t\t<h3>\u00bfListo para unirse?<\/h3>\n<p>Obtenga m\u00e1s informaci\u00f3n sobre este programa, lo que implica para su centro y los pr\u00f3ximos pasos.<\/p>\n\t\t\t\t<a class=\"btn orange\" href=\"https:\/\/helpmegrowwa.org\/es\/joining-asq-online-program\/\" target=\"_blank\">Averiguar m\u00e1s<\/a>\n\t\t\t<\/div>\n<\/div>\n\n\n<div id=\"block_da4324c0a685ed405bb6a9b221bf97fb\" class=\"news-feature-block\">\n\t<div class=\"container\">\n\t\t<div class=\"title\">\n\t\t\t\t\t\t\t<h2>Noticias + Actualizaciones<\/h2>\n\t\t\t\t\t<\/div>\n\t\t<div class=\"wrapper\">\n\t\t\t\t\t\t\t\n\t\t\t\t\t\t\t\t\t\t\t\t\t\t\t\t\t\t\t\t<a class=\"article\" href=\"https:\/\/conta.cc\/4c23dcA\" target=\"_blank\">\n\t\t\t\t\t\t\t\t\t\t\t<div class=\"picture\">\n\t\t\t\t\t\t\t\t\t\t\t\t\t\t<img decoding=\"async\" src=\"https:\/\/helpmegrowwa.org\/wp-content\/uploads\/2026\/03\/HMG-WA-Network-Newsletter-header-14-260x180.png\" srcset=\"https:\/\/helpmegrowwa.org\/wp-content\/uploads\/2026\/03\/HMG-WA-Network-Newsletter-header-14-260x180.png 260w, https:\/\/helpmegrowwa.org\/wp-content\/uploads\/2026\/03\/HMG-WA-Network-Newsletter-header-14-520x200.png 520w\" sizes=\"260px\">\n\t\t\t\t\t\t\t\t\t\t\t\t\t\t\t<div class=\"type-label\">Boletin informativo<\/div>\n\t\t\t\t\t\t\t\t\t\t\t\t\t<\/div>\n\t\t\t\t\t\t<div class=\"content\">\n\t\t\t\t\t\t\t\t\t\t\t\t\t\t\t<div class=\"date\">1 de abril de 2026<\/div>\n\t\t\t\t\t\t\t\t\t\t\t\t\t\t<div class=\"text\">\n\t\t\t\t\t\t\t\t<h3 class=\"title\">Bolet\u00edn informativo de HMG WA de marzo de 2026 (en espa\u00f1ol)<\/h3>\n\t\t\t\t\t\t\t\t<div class=\"summary\">Celebre a la red de Ay\u00fadame a Crecer Washington y conozca los avances que hemos logrado en varias iniciativas estrat\u00e9gicas del Plan estrat\u00e9gico de Ay\u00fadame a Crecer Washington.<\/div>\n\t\t\t\t\t\t\t<\/div>\n\t\t\t\t\t\t\t<div class=\"more\">\n\t\t\t\t\t\t\t\tLee mas\n\t\t\t\t\t\t\t\t<svg class=\"arrow\" aria-hidden=\"true\" focusable=\"false\" data-prefix=\"fas\" data-icon=\"long-arrow-right\" role=\"img\" xmlns=\"http:\/\/www.w3.org\/2000\/svg\" viewbox=\"0 0 448 512\"><path fill=\"#ababab\" d=\"M254.544 154.427L320.118 220H24c-13.255 0-24 10.745-24 24v24c0 13.255 10.745 24 24 24h296.118l-65.574 65.573c-9.373 9.373-9.373 24.569 0 33.941l16.971 16.971c9.373 9.373 24.569 9.373 33.941 0L440.97 272.97c9.373-9.373 9.373-24.569 0-33.941L305.456 103.515c-9.373-9.373-24.569-9.373-33.941 0l-16.971 16.971c-9.373 9.372-9.373 24.568 0 33.941z\"><\/path><\/svg>\n\t\t\t\t\t\t\t<\/div>\n\t\t\t\t\t\t<\/div>\n\t\t\t\t\t<\/a>\n\t\t\t\t\t\t\t\t\t\t\t\t\t\t\t\t\t\t\t\t\t\t\t\t\t<a class=\"article\" href=\"https:\/\/conta.cc\/4d61btX\" target=\"_blank\">\n\t\t\t\t\t\t\t\t\t\t\t<div class=\"picture\">\n\t\t\t\t\t\t\t\t\t\t\t\t\t\t<img decoding=\"async\" src=\"https:\/\/helpmegrowwa.org\/wp-content\/uploads\/2026\/03\/HMG-WA-Network-Newsletter-header-13-260x180.png\" srcset=\"https:\/\/helpmegrowwa.org\/wp-content\/uploads\/2026\/03\/HMG-WA-Network-Newsletter-header-13-260x180.png 260w, https:\/\/helpmegrowwa.org\/wp-content\/uploads\/2026\/03\/HMG-WA-Network-Newsletter-header-13-520x200.png 520w\" sizes=\"260px\">\n\t\t\t\t\t\t\t\t\t\t\t\t\t\t\t<div class=\"type-label\">Boletin informativo<\/div>\n\t\t\t\t\t\t\t\t\t\t\t\t\t<\/div>\n\t\t\t\t\t\t<div class=\"content\">\n\t\t\t\t\t\t\t\t\t\t\t\t\t\t\t<div class=\"date\">31 de marzo de 2026<\/div>\n\t\t\t\t\t\t\t\t\t\t\t\t\t\t<div class=\"text\">\n\t\t\t\t\t\t\t\t<h3 class=\"title\">Bolet\u00edn informativo de HMG WA de marzo de 2026<\/h3>\n\t\t\t\t\t\t\t\t<div class=\"summary\">Celebre la red Help Me Grow WA y conozca el progreso logrado en varias de las iniciativas estrat\u00e9gicas del Plan Estrat\u00e9gico Help Me Grow WA.<\/div>\n\t\t\t\t\t\t\t<\/div>\n\t\t\t\t\t\t\t<div class=\"more\">\n\t\t\t\t\t\t\t\tLee mas\n\t\t\t\t\t\t\t\t<svg class=\"arrow\" aria-hidden=\"true\" focusable=\"false\" data-prefix=\"fas\" data-icon=\"long-arrow-right\" role=\"img\" xmlns=\"http:\/\/www.w3.org\/2000\/svg\" viewbox=\"0 0 448 512\"><path fill=\"#ababab\" d=\"M254.544 154.427L320.118 220H24c-13.255 0-24 10.745-24 24v24c0 13.255 10.745 24 24 24h296.118l-65.574 65.573c-9.373 9.373-9.373 24.569 0 33.941l16.971 16.971c9.373 9.373 24.569 9.373 33.941 0L440.97 272.97c9.373-9.373 9.373-24.569 0-33.941L305.456 103.515c-9.373-9.373-24.569-9.373-33.941 0l-16.971 16.971c-9.373 9.372-9.373 24.568 0 33.941z\"><\/path><\/svg>\n\t\t\t\t\t\t\t<\/div>\n\t\t\t\t\t\t<\/div>\n\t\t\t\t\t<\/a>\n\t\t\t\t\t\t\t\t\t\t\t\t\t\t\t\t\t\t\t\t\t\t\t\t\t<a class=\"article\" href=\"https:\/\/helpmegrowwa.org\/es\/reaching-new-heights-partnering-to-support-child-development\">\n\t\t\t\t\t\t\t\t\t\t\t<div class=\"picture\">\n\t\t\t\t\t\t\t\t\t\t\t\t\t\t<img decoding=\"async\" src=\"https:\/\/helpmegrowwa.org\/wp-content\/uploads\/2026\/03\/NEWS-STORY-TITLE-5-e1774371040337-260x180.png\" srcset=\"https:\/\/helpmegrowwa.org\/wp-content\/uploads\/2026\/03\/NEWS-STORY-TITLE-5-e1774371040337-260x180.png 260w, https:\/\/helpmegrowwa.org\/wp-content\/uploads\/2026\/03\/NEWS-STORY-TITLE-5-e1774371040337-520x360.png 520w\" sizes=\"260px\">\n\t\t\t\t\t\t\t\t\t\t\t\t\t\t\t<div class=\"type-label\">Entrada<\/div>\n\t\t\t\t\t\t\t\t\t\t\t\t\t<\/div>\n\t\t\t\t\t\t<div class=\"content\">\n\t\t\t\t\t\t\t\t\t\t\t\t\t\t\t<div class=\"date\">24 de marzo de 2026<\/div>\n\t\t\t\t\t\t\t\t\t\t\t\t\t\t<div class=\"text\">\n\t\t\t\t\t\t\t\t<h3 class=\"title\">Alcanzando nuevas metas: Colaborando para apoyar el desarrollo infantil.<\/h3>\n\t\t\t\t\t\t\t\t<div class=\"summary\">\u00a1Nuevo recurso para familias y parejas! Help Me Grow WA se ha asociado con la secci\u00f3n de Washington de la Academia Estadounidense de Pediatr\u00eda (WCAAP) para crear conjuntamente una divertida tabla de crecimiento biling\u00fce para ni\u00f1os de 2 meses a 5 a\u00f1os. Dise\u00f1ada pensando en la experiencia pedi\u00e1trica y las familias, cada tabla incluye hitos clave del desarrollo y maneras sencillas en que las familias pueden apoyar el crecimiento y el aprendizaje de sus hijos. <\/div>\n\t\t\t\t\t\t\t<\/div>\n\t\t\t\t\t\t\t<div class=\"more\">\n\t\t\t\t\t\t\t\tLee mas\n\t\t\t\t\t\t\t\t<svg class=\"arrow\" aria-hidden=\"true\" focusable=\"false\" data-prefix=\"fas\" data-icon=\"long-arrow-right\" role=\"img\" xmlns=\"http:\/\/www.w3.org\/2000\/svg\" viewbox=\"0 0 448 512\"><path fill=\"#ababab\" d=\"M254.544 154.427L320.118 220H24c-13.255 0-24 10.745-24 24v24c0 13.255 10.745 24 24 24h296.118l-65.574 65.573c-9.373 9.373-9.373 24.569 0 33.941l16.971 16.971c9.373 9.373 24.569 9.373 33.941 0L440.97 272.97c9.373-9.373 9.373-24.569 0-33.941L305.456 103.515c-9.373-9.373-24.569-9.373-33.941 0l-16.971 16.971c-9.373 9.372-9.373 24.568 0 33.941z\"><\/path><\/svg>\n\t\t\t\t\t\t\t<\/div>\n\t\t\t\t\t\t<\/div>\n\t\t\t\t\t<\/a>\n\t\t\t\t\t\t\t\t\t\t\t\t\t\t\t\t\t\t\t\t\t\t\t\t\t<a class=\"article\" href=\"https:\/\/helpmegrowwa.org\/es\/news\/celebrating-the-2026-help-me-grow-washington-network\">\n\t\t\t\t\t\t\t\t\t\t\t<div class=\"picture\">\n\t\t\t\t\t\t\t\t\t\t\t\t\t\t<img decoding=\"async\" src=\"https:\/\/helpmegrowwa.org\/wp-content\/uploads\/2026\/03\/NEWS-STORY-TITLE-4-260x180.png\" srcset=\"https:\/\/helpmegrowwa.org\/wp-content\/uploads\/2026\/03\/NEWS-STORY-TITLE-4-260x180.png 260w, https:\/\/helpmegrowwa.org\/wp-content\/uploads\/2026\/03\/NEWS-STORY-TITLE-4-520x360.png 520w\" sizes=\"260px\">\n\t\t\t\t\t\t\t\t\t\t\t\t\t\t\t<div class=\"type-label\">Noticias<\/div>\n\t\t\t\t\t\t\t\t\t\t\t\t\t<\/div>\n\t\t\t\t\t\t<div class=\"content\">\n\t\t\t\t\t\t\t\t\t\t\t\t\t\t\t<div class=\"date\">23 de marzo de 2026<\/div>\n\t\t\t\t\t\t\t\t\t\t\t\t\t\t<div class=\"text\">\n\t\t\t\t\t\t\t\t<h3 class=\"title\">\u00a1Celebrando la red Help Me Grow Washington de 2026!<\/h3>\n\t\t\t\t\t\t\t\t<div class=\"summary\">\u00a1Nos complace dar la bienvenida a Help Me Grow Whatcom y Help Me Grow Grays Harbor a la red Help Me Grow Washington! \ud83d\udc9c Con su incorporaci\u00f3n, m\u00e1s comunidades en todo el estado est\u00e1n creando sistemas de apoyo coordinados y centrados en la familia, fortaleciendo las conexiones y facilitando que las familias accedan a los recursos que necesitan, cuando los necesitan.\u00a0<\/div>\n\t\t\t\t\t\t\t<\/div>\n\t\t\t\t\t\t\t<div class=\"more\">\n\t\t\t\t\t\t\t\tLee mas\n\t\t\t\t\t\t\t\t<svg class=\"arrow\" aria-hidden=\"true\" focusable=\"false\" data-prefix=\"fas\" data-icon=\"long-arrow-right\" role=\"img\" xmlns=\"http:\/\/www.w3.org\/2000\/svg\" viewbox=\"0 0 448 512\"><path fill=\"#ababab\" d=\"M254.544 154.427L320.118 220H24c-13.255 0-24 10.745-24 24v24c0 13.255 10.745 24 24 24h296.118l-65.574 65.573c-9.373 9.373-9.373 24.569 0 33.941l16.971 16.971c9.373 9.373 24.569 9.373 33.941 0L440.97 272.97c9.373-9.373 9.373-24.569 0-33.941L305.456 103.515c-9.373-9.373-24.569-9.373-33.941 0l-16.971 16.971c-9.373 9.372-9.373 24.568 0 33.941z\"><\/path><\/svg>\n\t\t\t\t\t\t\t<\/div>\n\t\t\t\t\t\t<\/div>\n\t\t\t\t\t<\/a>\n\t\t\t\t\t\t\t\t\t\t\t\t\t\n\t\t\t\t\t\t\t\n\t\t<\/div>\n\t<\/div>\n\t<script>\n\t\n\t(function($) {\n\t\n\t\t\/\/ Get the block ID\n\t\tvar id = \"#block_da4324c0a685ed405bb6a9b221bf97fb\";\n\t\t\n\t\t\/\/ Reveal foreground elements\n\t\tScrollReveal().reveal(id + \" .article\", {origin: \"bottom\", distance: \"20px\", duration: 1000, viewFactor: 0.2, interval: 100, reset: false});\n\t\t\n\t})(jQuery)\n\t\n\t<\/script>\t\n<\/div>","protected":false},"excerpt":{"rendered":"","protected":false},"author":54,"featured_media":0,"parent":0,"menu_order":90,"comment_status":"closed","ping_status":"closed","template":"","meta":{"_acf_changed":false,"footnotes":""},"acf":[],"_links":{"self":[{"href":"https:\/\/helpmegrowwa.org\/es\/wp-json\/wp\/v2\/pages\/12788"}],"collection":[{"href":"https:\/\/helpmegrowwa.org\/es\/wp-json\/wp\/v2\/pages"}],"about":[{"href":"https:\/\/helpmegrowwa.org\/es\/wp-json\/wp\/v2\/types\/page"}],"author":[{"embeddable":true,"href":"https:\/\/helpmegrowwa.org\/es\/wp-json\/wp\/v2\/users\/54"}],"replies":[{"embeddable":true,"href":"https:\/\/helpmegrowwa.org\/es\/wp-json\/wp\/v2\/comments?post=12788"}],"version-history":[{"count":18,"href":"https:\/\/helpmegrowwa.org\/es\/wp-json\/wp\/v2\/pages\/12788\/revisions"}],"predecessor-version":[{"id":13454,"href":"https:\/\/helpmegrowwa.org\/es\/wp-json\/wp\/v2\/pages\/12788\/revisions\/13454"}],"wp:attachment":[{"href":"https:\/\/helpmegrowwa.org\/es\/wp-json\/wp\/v2\/media?parent=12788"}],"curies":[{"name":"gracias","href":"https:\/\/api.w.org\/{rel}","templated":true}]}}