{"id":12791,"date":"2025-12-09T00:20:56","date_gmt":"2025-12-09T00:20:56","guid":{"rendered":"https:\/\/helpmegrowwa.org\/?page_id=12791"},"modified":"2026-02-26T19:11:31","modified_gmt":"2026-02-26T19:11:31","slug":"joining-asq-online-program","status":"publish","type":"page","link":"https:\/\/helpmegrowwa.org\/es\/joining-asq-online-program","title":{"rendered":"\u00danase a nuestro programa ASQ en l\u00ednea"},"content":{"rendered":"<div id=\"block_8250e4f6a15120b5e4041dc7591762ca\" class=\"fifty-fifty-block dark-purple right fifty-fifty-banner\">\n\t<img decoding=\"async\" class=\"flower-graphic\" src=\"https:\/\/helpmegrowwa.org\/wp-content\/themes\/helpmegrowwa\/images\/banner-text-shapes.svg\">\n\t<div class=\"info\">\n\t\t<div class=\"container regular center\">\n\t\t\t<h2>\u00danase a nuestro programa de asociaci\u00f3n ASQ<\/h2>\n\t\t\t\t\t<\/div>\n\t<\/div>\n\t\t<div class=\"image\" style=\"background-image: url(https:\/\/helpmegrowwa.org\/wp-content\/uploads\/2025\/12\/Help-Me-Grow-WA-Website-Page-Pics.png);background-position: top center;\">\n\t\t\t\t\t<img decoding=\"async\" class=\"corner\" src=\"https:\/\/helpmegrowwa.org\/wp-content\/themes\/helpmegrowwa\/images\/fifty-fifty-corner-piece.svg\">\n\t\t\t\t\t<\/div>\n\t<script>\n\t(function($) {\n\t\t\/\/ Get the block ID\n\t\tvar id = \"#block_8250e4f6a15120b5e4041dc7591762ca\";\n\t\t\/\/ Reveal the block\n\t\tvar container = document.documentElement;\n\t\tScrollReveal().reveal(id + \".left .image\", {origin: \"left\", distance: \"20px\", duration: 1000});\n\t\tScrollReveal().reveal(id + \".left .info .container\", {origin: \"right\", distance: \"20px\", duration: 1000});\n\t\tScrollReveal().reveal(id + \".right .image\", {origin: \"right\", distance: \"20px\", duration: 1000});\n\t\tScrollReveal().reveal(id + \".right .info .container\", {origin: \"left\", distance: \"20px\", duration: 1000});\n\t}(jQuery))\n\t<\/script>\n<\/div>\n\n<div id=\"block_bfb1e3d7cbba7deb0f522cd6a9c4aa57\" class=\"text-block white large left\">\n\t<div class=\"container one-column full\">\n\t\t<p>Help Me Grow WA est\u00e1 aqu\u00ed para ayudarle a apoyar el desarrollo saludable de los ni\u00f1os bajo su cuidado. Facilitamos el apoyo a sus hijos y familias, \u00a1sin a\u00f1adir trabajo extra! Al unirse a nuestro programa, recibir\u00e1 enlaces personalizados para las evaluaciones ASQ que permiten a los cuidadores realizar las evaluaciones en l\u00ednea.<\/p>\n<p>Las herramientas disponibles incluyen:<\/p>\n<ul>\n<li><strong>ASQ-3:<\/strong> Realiza un seguimiento del progreso del desarrollo de ni\u00f1os de entre 1 mes y 5 a\u00f1os y medio.<\/li>\n<li><strong>ASQ:SE-2:\u00a0<\/strong>Se centra en el desarrollo social y emocional de ni\u00f1os de 1 mes a 6 a\u00f1os.<\/li>\n<\/ul>\n<p>Las evaluaciones se califican autom\u00e1ticamente y los resultados est\u00e1n disponibles al instante. Tambi\u00e9n ofrecemos asesoramiento sobre c\u00f3mo administrar las preguntas de evaluaci\u00f3n, comprender los resultados y dar seguimiento a las familias de forma comprensiva y sin agobios.<\/p>\n<p>Su cuenta ASQ Online, enlaces de evaluaci\u00f3n y todo el soporte relacionado se proporcionan <strong>sin costo para su programa<\/strong>.<\/p>\n<p>Cuando un ni\u00f1o necesita ayuda adicional, no tiene que adivinar qu\u00e9 hacer. Con este programa, puede derivar a una familia con un solo clic a un Navegador de Recursos Help Me Grow Washington especializado que puede conectarlos con:<\/p>\n<ul>\n<li>Programas locales de apoyo temprano para beb\u00e9s y ni\u00f1os peque\u00f1os (ESIT)<\/li>\n<\/ul>\n<ul>\n<li>Servicios de apoyo familiar<\/li>\n<\/ul>\n<ul>\n<li>Recursos de salud mental para ni\u00f1os peque\u00f1os<\/li>\n<\/ul>\n<ul>\n<li>Programas locales de visitas domiciliarias<\/li>\n<\/ul>\n<p>Nuestro equipo da seguimiento a las familias para asegurar que se conecten y comprendan sus opciones. Respetamos su papel en el desarrollo del ni\u00f1o y lo mantendremos informado en cada paso del proceso.<\/p>\n<h3><span style=\"color: #6c1b6e;\">\u00bfQu\u00e9 esperar al registrarse?<\/span><\/h3>\n<p>Cuando est\u00e9 listo para unirse al programa, lo guiaremos a trav\u00e9s de un sencillo proceso de incorporaci\u00f3n:<\/p>\n<ol>\n<li><span style=\"text-decoration: underline; color: #ff671d;\"><strong><a style=\"color: #ff671d; text-decoration: underline;\" href=\"https:\/\/forms.office.com\/Pages\/ResponsePage.aspx?id=Ji2Ibyty6EiZh1Axa8gBpnIFq0oQUilFjxwLeEgMA7FUMDVSWFUyRzBXUjZUUUkyV0JEOTFZWUtOSyQlQCN0PWcu\" target=\"_blank\" rel=\"noopener\">Rellene un formulario de inter\u00e9s<\/a><\/strong><\/span><\/li>\n<li><strong>Firmar un acuerdo de programa<\/strong><br \/>\n<em><span style=\"color: #ff671d;\"><strong><span style=\"text-decoration: underline;\"><a style=\"color: #ff671d; text-decoration: underline;\" href=\"https:\/\/helpmegrowwa.org\/wp-content\/uploads\/2025\/12\/ASQ-Partnership-Program-Agreement.pdf\" target=\"_blank\" rel=\"noopener\">Ver un ejemplo de acuerdo<\/a><\/span><\/strong><\/span><\/em><\/li>\n<li><strong>Asistir a capacitaciones de incorporaci\u00f3n<\/strong><br \/>\n<em>Cuando est\u00e9 listo, nos comunicaremos con usted para brindarle detalles de la capacitaci\u00f3n y opciones de programaci\u00f3n.<\/em><\/li>\n<li><strong>Comparte el logotipo y la marca de tu centro<\/strong><br \/>\n<em>Usaremos esto para configurar su p\u00e1gina de evaluaci\u00f3n ASQ personalizada<\/em><\/li>\n<li><strong>Empieza a usar tu p\u00e1gina personalizada<\/strong><br \/>\n<em>Los cuidadores de su centro pueden comenzar a realizar evaluaciones de inmediato<\/em><\/li>\n<\/ol>\n\t<\/div>\n\t<script>\n\t\t(function($) {\n\t\t\t\/\/ Get the block ID\n\t\t\tvar id = \"#block_bfb1e3d7cbba7deb0f522cd6a9c4aa57\";\n\t\t\t\/\/ Reveal the block\n\t\t\tvar container = document.documentElement;\n\t\t\tScrollReveal().reveal(id + \" .container\", {origin: \"bottom\", distance: \"20px\", duration: 1000, container: container});\n\t\t}(jQuery))\n\t<\/script>\n<\/div>\n\n<div id=\"block_5407b2cbdaead6f8c2fabfba8660f066\" class=\"invitation-block w-border light-gray center\">\t\n\t<div class=\"container\">\n\t\t<p>En Help Me Grow Washington nos tomamos muy en serio su privacidad y la de las familias a las que atendemos. Como parte del programa, se le pedir\u00e1 que firme un acuerdo que describe su participaci\u00f3n, c\u00f3mo se almacenan los datos y qui\u00e9n tiene acceso a ellos.<\/p>\n<p><span style=\"text-decoration: underline; color: #ff671d;\"><strong><a style=\"color: #ff671d; text-decoration: underline;\" href=\"https:\/\/helpmegrowwa.org\/wp-content\/uploads\/2025\/12\/ASQ-Partnership-Program-Agreement.pdf\" target=\"_blank\" rel=\"noopener\">Revise los detalles de este acuerdo.<\/a><\/strong><\/span><\/p>\n\t<\/div>\n<\/div>\n\n<div id=\"block_112bd3edfb7c7533efe94bf8a1f48bce\" class=\"fifty-fifty-block blue right\">\n\t<img decoding=\"async\" class=\"flower-graphic\" src=\"https:\/\/helpmegrowwa.org\/wp-content\/themes\/helpmegrowwa\/images\/banner-text-shapes.svg\">\n\t<div class=\"info watermark\">\n\t\t<div class=\"container regular top\">\n\t\t\t<h3>\u00bfPreguntas?<\/h3>\n<h3>Estamos aqu\u00ed para ayudar.<\/h3>\n<p>Si necesita m\u00e1s informaci\u00f3n o desea analizar opciones de asociaci\u00f3n alternativas que se ajusten mejor a sus necesidades, comun\u00edquese con nuestro equipo en <span data-teams=\"true\"><a id=\"menurkla\" class=\"fui-Link ___1q1shib f2hkw1w f3rmtva f1ewtqcl fyind8e f1k6fduh f1w7gpdv fk6fouc fjoy568 figsok6 f1s184ao f1mk8lai fnbmjn9 f1o700av f13mvf36 f1cmlufx f9n3di6 f1ids18y f1tx3yz7 f1deo86v f1eh06m1 f1iescvh fhgqx19 f1olyrje f1p93eir f1nev41a f1h8hb77 f1lqvz6u f10aw75t fsle3fq f17ae5zn\" title=\"mailto:childdevelopment@withinreachw.org\" href=\"mailto:childdevelopment@withinreachwa.org\" target=\"_blank\" rel=\"noreferrer noopener\" aria-label=\"Enlace childdevelopment@withinreachw.org\">desarrollo infantil@withinreachwa.org<\/a><\/span><\/p>\n\t\t\t\t\t<\/div>\n\t<\/div>\n\t\t<div class=\"image\" style=\"background-image: url(https:\/\/helpmegrowwa.org\/wp-content\/uploads\/2025\/10\/Screenshot-2025-10-23-172947-e1764864456575.png);background-position: top left;\">\n\t\t\t\t\t<\/div>\n\t<script>\n\t(function($) {\n\t\t\/\/ Get the block ID\n\t\tvar id = \"#block_112bd3edfb7c7533efe94bf8a1f48bce\";\n\t\t\/\/ Reveal the block\n\t\tvar container = document.documentElement;\n\t\tScrollReveal().reveal(id + \".left .image\", {origin: \"left\", distance: \"20px\", duration: 1000});\n\t\tScrollReveal().reveal(id + \".left .info .container\", {origin: \"right\", distance: \"20px\", duration: 1000});\n\t\tScrollReveal().reveal(id + \".right .image\", {origin: \"right\", distance: \"20px\", duration: 1000});\n\t\tScrollReveal().reveal(id + \".right .info .container\", {origin: \"left\", distance: \"20px\", duration: 1000});\n\t}(jQuery))\n\t<\/script>\n<\/div>\n\n\n<div id=\"block_e1028220bec396725f62c977daf3448d\" class=\"news-feature-block\">\n\t<div class=\"container\">\n\t\t<div class=\"title\">\n\t\t\t\t\t\t\t<h2>Noticias + Actualizaciones<\/h2>\n\t\t\t\t\t<\/div>\n\t\t<div class=\"wrapper\">\n\t\t\t\t\t\t\t\n\t\t\t\t\t\t\t\t\t\t\t\t\t\t\t\t\t\t\t\t<a class=\"article\" href=\"https:\/\/conta.cc\/4c23dcA\" target=\"_blank\">\n\t\t\t\t\t\t\t\t\t\t\t<div class=\"picture\">\n\t\t\t\t\t\t\t\t\t\t\t\t\t\t<img decoding=\"async\" src=\"https:\/\/helpmegrowwa.org\/wp-content\/uploads\/2026\/03\/HMG-WA-Network-Newsletter-header-14-260x180.png\" srcset=\"https:\/\/helpmegrowwa.org\/wp-content\/uploads\/2026\/03\/HMG-WA-Network-Newsletter-header-14-260x180.png 260w, https:\/\/helpmegrowwa.org\/wp-content\/uploads\/2026\/03\/HMG-WA-Network-Newsletter-header-14-520x200.png 520w\" sizes=\"260px\">\n\t\t\t\t\t\t\t\t\t\t\t\t\t\t\t<div class=\"type-label\">Boletin informativo<\/div>\n\t\t\t\t\t\t\t\t\t\t\t\t\t<\/div>\n\t\t\t\t\t\t<div class=\"content\">\n\t\t\t\t\t\t\t\t\t\t\t\t\t\t\t<div class=\"date\">1 de abril de 2026<\/div>\n\t\t\t\t\t\t\t\t\t\t\t\t\t\t<div class=\"text\">\n\t\t\t\t\t\t\t\t<h3 class=\"title\">Bolet\u00edn informativo de HMG WA de marzo de 2026 (en espa\u00f1ol)<\/h3>\n\t\t\t\t\t\t\t\t<div class=\"summary\">Celebre a la red de Ay\u00fadame a Crecer Washington y conozca los avances que hemos logrado en varias iniciativas estrat\u00e9gicas del Plan estrat\u00e9gico de Ay\u00fadame a Crecer Washington.<\/div>\n\t\t\t\t\t\t\t<\/div>\n\t\t\t\t\t\t\t<div class=\"more\">\n\t\t\t\t\t\t\t\tLee mas\n\t\t\t\t\t\t\t\t<svg class=\"arrow\" aria-hidden=\"true\" focusable=\"false\" data-prefix=\"fas\" data-icon=\"long-arrow-right\" role=\"img\" xmlns=\"http:\/\/www.w3.org\/2000\/svg\" viewbox=\"0 0 448 512\"><path fill=\"#ababab\" d=\"M254.544 154.427L320.118 220H24c-13.255 0-24 10.745-24 24v24c0 13.255 10.745 24 24 24h296.118l-65.574 65.573c-9.373 9.373-9.373 24.569 0 33.941l16.971 16.971c9.373 9.373 24.569 9.373 33.941 0L440.97 272.97c9.373-9.373 9.373-24.569 0-33.941L305.456 103.515c-9.373-9.373-24.569-9.373-33.941 0l-16.971 16.971c-9.373 9.372-9.373 24.568 0 33.941z\"><\/path><\/svg>\n\t\t\t\t\t\t\t<\/div>\n\t\t\t\t\t\t<\/div>\n\t\t\t\t\t<\/a>\n\t\t\t\t\t\t\t\t\t\t\t\t\t\t\t\t\t\t\t\t\t\t\t\t\t<a class=\"article\" href=\"https:\/\/conta.cc\/4d61btX\" target=\"_blank\">\n\t\t\t\t\t\t\t\t\t\t\t<div class=\"picture\">\n\t\t\t\t\t\t\t\t\t\t\t\t\t\t<img decoding=\"async\" src=\"https:\/\/helpmegrowwa.org\/wp-content\/uploads\/2026\/03\/HMG-WA-Network-Newsletter-header-13-260x180.png\" srcset=\"https:\/\/helpmegrowwa.org\/wp-content\/uploads\/2026\/03\/HMG-WA-Network-Newsletter-header-13-260x180.png 260w, https:\/\/helpmegrowwa.org\/wp-content\/uploads\/2026\/03\/HMG-WA-Network-Newsletter-header-13-520x200.png 520w\" sizes=\"260px\">\n\t\t\t\t\t\t\t\t\t\t\t\t\t\t\t<div class=\"type-label\">Boletin informativo<\/div>\n\t\t\t\t\t\t\t\t\t\t\t\t\t<\/div>\n\t\t\t\t\t\t<div class=\"content\">\n\t\t\t\t\t\t\t\t\t\t\t\t\t\t\t<div class=\"date\">31 de marzo de 2026<\/div>\n\t\t\t\t\t\t\t\t\t\t\t\t\t\t<div class=\"text\">\n\t\t\t\t\t\t\t\t<h3 class=\"title\">Bolet\u00edn informativo de HMG WA de marzo de 2026<\/h3>\n\t\t\t\t\t\t\t\t<div class=\"summary\">Celebre la red Help Me Grow WA y conozca el progreso logrado en varias de las iniciativas estrat\u00e9gicas del Plan Estrat\u00e9gico Help Me Grow WA.<\/div>\n\t\t\t\t\t\t\t<\/div>\n\t\t\t\t\t\t\t<div class=\"more\">\n\t\t\t\t\t\t\t\tLee mas\n\t\t\t\t\t\t\t\t<svg class=\"arrow\" aria-hidden=\"true\" focusable=\"false\" data-prefix=\"fas\" data-icon=\"long-arrow-right\" role=\"img\" xmlns=\"http:\/\/www.w3.org\/2000\/svg\" viewbox=\"0 0 448 512\"><path fill=\"#ababab\" d=\"M254.544 154.427L320.118 220H24c-13.255 0-24 10.745-24 24v24c0 13.255 10.745 24 24 24h296.118l-65.574 65.573c-9.373 9.373-9.373 24.569 0 33.941l16.971 16.971c9.373 9.373 24.569 9.373 33.941 0L440.97 272.97c9.373-9.373 9.373-24.569 0-33.941L305.456 103.515c-9.373-9.373-24.569-9.373-33.941 0l-16.971 16.971c-9.373 9.372-9.373 24.568 0 33.941z\"><\/path><\/svg>\n\t\t\t\t\t\t\t<\/div>\n\t\t\t\t\t\t<\/div>\n\t\t\t\t\t<\/a>\n\t\t\t\t\t\t\t\t\t\t\t\t\t\t\t\t\t\t\t\t\t\t\t\t\t<a class=\"article\" href=\"https:\/\/helpmegrowwa.org\/es\/reaching-new-heights-partnering-to-support-child-development\">\n\t\t\t\t\t\t\t\t\t\t\t<div class=\"picture\">\n\t\t\t\t\t\t\t\t\t\t\t\t\t\t<img decoding=\"async\" src=\"https:\/\/helpmegrowwa.org\/wp-content\/uploads\/2026\/03\/NEWS-STORY-TITLE-5-e1774371040337-260x180.png\" srcset=\"https:\/\/helpmegrowwa.org\/wp-content\/uploads\/2026\/03\/NEWS-STORY-TITLE-5-e1774371040337-260x180.png 260w, https:\/\/helpmegrowwa.org\/wp-content\/uploads\/2026\/03\/NEWS-STORY-TITLE-5-e1774371040337-520x360.png 520w\" sizes=\"260px\">\n\t\t\t\t\t\t\t\t\t\t\t\t\t\t\t<div class=\"type-label\">Entrada<\/div>\n\t\t\t\t\t\t\t\t\t\t\t\t\t<\/div>\n\t\t\t\t\t\t<div class=\"content\">\n\t\t\t\t\t\t\t\t\t\t\t\t\t\t\t<div class=\"date\">24 de marzo de 2026<\/div>\n\t\t\t\t\t\t\t\t\t\t\t\t\t\t<div class=\"text\">\n\t\t\t\t\t\t\t\t<h3 class=\"title\">Alcanzando nuevas metas: Colaborando para apoyar el desarrollo infantil.<\/h3>\n\t\t\t\t\t\t\t\t<div class=\"summary\">\u00a1Nuevo recurso para familias y parejas! Help Me Grow WA se ha asociado con la secci\u00f3n de Washington de la Academia Estadounidense de Pediatr\u00eda (WCAAP) para crear conjuntamente una divertida tabla de crecimiento biling\u00fce para ni\u00f1os de 2 meses a 5 a\u00f1os. Dise\u00f1ada pensando en la experiencia pedi\u00e1trica y las familias, cada tabla incluye hitos clave del desarrollo y maneras sencillas en que las familias pueden apoyar el crecimiento y el aprendizaje de sus hijos. <\/div>\n\t\t\t\t\t\t\t<\/div>\n\t\t\t\t\t\t\t<div class=\"more\">\n\t\t\t\t\t\t\t\tLee mas\n\t\t\t\t\t\t\t\t<svg class=\"arrow\" aria-hidden=\"true\" focusable=\"false\" data-prefix=\"fas\" data-icon=\"long-arrow-right\" role=\"img\" xmlns=\"http:\/\/www.w3.org\/2000\/svg\" viewbox=\"0 0 448 512\"><path fill=\"#ababab\" d=\"M254.544 154.427L320.118 220H24c-13.255 0-24 10.745-24 24v24c0 13.255 10.745 24 24 24h296.118l-65.574 65.573c-9.373 9.373-9.373 24.569 0 33.941l16.971 16.971c9.373 9.373 24.569 9.373 33.941 0L440.97 272.97c9.373-9.373 9.373-24.569 0-33.941L305.456 103.515c-9.373-9.373-24.569-9.373-33.941 0l-16.971 16.971c-9.373 9.372-9.373 24.568 0 33.941z\"><\/path><\/svg>\n\t\t\t\t\t\t\t<\/div>\n\t\t\t\t\t\t<\/div>\n\t\t\t\t\t<\/a>\n\t\t\t\t\t\t\t\t\t\t\t\t\t\t\t\t\t\t\t\t\t\t\t\t\t<a class=\"article\" href=\"https:\/\/helpmegrowwa.org\/es\/news\/celebrating-the-2026-help-me-grow-washington-network\">\n\t\t\t\t\t\t\t\t\t\t\t<div class=\"picture\">\n\t\t\t\t\t\t\t\t\t\t\t\t\t\t<img decoding=\"async\" src=\"https:\/\/helpmegrowwa.org\/wp-content\/uploads\/2026\/03\/NEWS-STORY-TITLE-4-260x180.png\" srcset=\"https:\/\/helpmegrowwa.org\/wp-content\/uploads\/2026\/03\/NEWS-STORY-TITLE-4-260x180.png 260w, https:\/\/helpmegrowwa.org\/wp-content\/uploads\/2026\/03\/NEWS-STORY-TITLE-4-520x360.png 520w\" sizes=\"260px\">\n\t\t\t\t\t\t\t\t\t\t\t\t\t\t\t<div class=\"type-label\">Noticias<\/div>\n\t\t\t\t\t\t\t\t\t\t\t\t\t<\/div>\n\t\t\t\t\t\t<div class=\"content\">\n\t\t\t\t\t\t\t\t\t\t\t\t\t\t\t<div class=\"date\">23 de marzo de 2026<\/div>\n\t\t\t\t\t\t\t\t\t\t\t\t\t\t<div class=\"text\">\n\t\t\t\t\t\t\t\t<h3 class=\"title\">\u00a1Celebrando la red Help Me Grow Washington de 2026!<\/h3>\n\t\t\t\t\t\t\t\t<div class=\"summary\">\u00a1Nos complace dar la bienvenida a Help Me Grow Whatcom y Help Me Grow Grays Harbor a la red Help Me Grow Washington! \ud83d\udc9c Con su incorporaci\u00f3n, m\u00e1s comunidades en todo el estado est\u00e1n creando sistemas de apoyo coordinados y centrados en la familia, fortaleciendo las conexiones y facilitando que las familias accedan a los recursos que necesitan, cuando los necesitan.\u00a0<\/div>\n\t\t\t\t\t\t\t<\/div>\n\t\t\t\t\t\t\t<div class=\"more\">\n\t\t\t\t\t\t\t\tLee mas\n\t\t\t\t\t\t\t\t<svg class=\"arrow\" aria-hidden=\"true\" focusable=\"false\" data-prefix=\"fas\" data-icon=\"long-arrow-right\" role=\"img\" xmlns=\"http:\/\/www.w3.org\/2000\/svg\" viewbox=\"0 0 448 512\"><path fill=\"#ababab\" d=\"M254.544 154.427L320.118 220H24c-13.255 0-24 10.745-24 24v24c0 13.255 10.745 24 24 24h296.118l-65.574 65.573c-9.373 9.373-9.373 24.569 0 33.941l16.971 16.971c9.373 9.373 24.569 9.373 33.941 0L440.97 272.97c9.373-9.373 9.373-24.569 0-33.941L305.456 103.515c-9.373-9.373-24.569-9.373-33.941 0l-16.971 16.971c-9.373 9.372-9.373 24.568 0 33.941z\"><\/path><\/svg>\n\t\t\t\t\t\t\t<\/div>\n\t\t\t\t\t\t<\/div>\n\t\t\t\t\t<\/a>\n\t\t\t\t\t\t\t\t\t\t\t\t\t\n\t\t\t\t\t\t\t\n\t\t<\/div>\n\t<\/div>\n\t<script>\n\t\n\t(function($) {\n\t\n\t\t\/\/ Get the block ID\n\t\tvar id = \"#block_e1028220bec396725f62c977daf3448d\";\n\t\t\n\t\t\/\/ Reveal foreground elements\n\t\tScrollReveal().reveal(id + \" .article\", {origin: \"bottom\", distance: \"20px\", duration: 1000, viewFactor: 0.2, interval: 100, reset: false});\n\t\t\n\t})(jQuery)\n\t\n\t<\/script>\t\n<\/div>","protected":false},"excerpt":{"rendered":"","protected":false},"author":54,"featured_media":0,"parent":0,"menu_order":42,"comment_status":"closed","ping_status":"closed","template":"","meta":{"_acf_changed":false,"footnotes":""},"acf":[],"_links":{"self":[{"href":"https:\/\/helpmegrowwa.org\/es\/wp-json\/wp\/v2\/pages\/12791"}],"collection":[{"href":"https:\/\/helpmegrowwa.org\/es\/wp-json\/wp\/v2\/pages"}],"about":[{"href":"https:\/\/helpmegrowwa.org\/es\/wp-json\/wp\/v2\/types\/page"}],"author":[{"embeddable":true,"href":"https:\/\/helpmegrowwa.org\/es\/wp-json\/wp\/v2\/users\/54"}],"replies":[{"embeddable":true,"href":"https:\/\/helpmegrowwa.org\/es\/wp-json\/wp\/v2\/comments?post=12791"}],"version-history":[{"count":32,"href":"https:\/\/helpmegrowwa.org\/es\/wp-json\/wp\/v2\/pages\/12791\/revisions"}],"predecessor-version":[{"id":13229,"href":"https:\/\/helpmegrowwa.org\/es\/wp-json\/wp\/v2\/pages\/12791\/revisions\/13229"}],"wp:attachment":[{"href":"https:\/\/helpmegrowwa.org\/es\/wp-json\/wp\/v2\/media?parent=12791"}],"curies":[{"name":"gracias","href":"https:\/\/api.w.org\/{rel}","templated":true}]}}