{"id":3438,"date":"2020-02-12T20:06:31","date_gmt":"2020-02-12T20:06:31","guid":{"rendered":"http:\/\/hmg.dillpixel.com\/?page_id=3438"},"modified":"2020-02-24T20:11:03","modified_gmt":"2020-02-24T20:11:03","slug":"webinars","status":"publish","type":"page","link":"https:\/\/helpmegrowwa.org\/es\/news-updates\/webinars","title":{"rendered":"Seminarios Web"},"content":{"rendered":"<div id=\"block_5e445b16a0148\" class=\"banner-block text\">\n\t<img decoding=\"async\" class=\"graphic\" src=\"https:\/\/helpmegrowwa.org\/wp-content\/themes\/helpmegrowwa\/images\/banner-text-shapes.svg\">\n\t<div class=\"text-wrapper\">\n\t\t<h1>Seminarios Web<\/h1>\n\t<\/div>\t\n\t<script>\n\t(function($) {\n\t\t\/\/ Get the block ID\n\t\tvar id = \"#block_5e445b16a0148\";\n\t\t\/\/ Reveal the heading\n\t\tScrollReveal().reveal(id + \" h1\", {duration: 1000});\n\t})(jQuery)\n\t<\/script>\n<\/div>\n\n\n\n\n<div id=\"block_5e542dca17637\" class=\"news-page-block\">\n\t<div class=\"container\">\n\t\t<div class=\"top\">\n\t\t\t<div class=\"news-menu\">\n\t\t\t\t<a class=\"types\" href=\"\/es\/news-events\/blog\/\">\n\t\t\t\t\tBlog\n\t\t\t\t<\/a>\n\t\t\t\t<a class=\"types\" href=\"\/es\/news-events\/stories\/\">\n\t\t\t\t\tCuentos\n\t\t\t\t<\/a>\n\t\t\t\t<a class=\"types\" href=\"\/es\/news-events\/news\/\">\n\t\t\t\t\tNoticias\n\t\t\t\t<\/a>\n\t\t\t\t<a class=\"types\" href=\"\/es\/news-events\/newsletters\/\">\n\t\t\t\t\tBoletines informativos\n\t\t\t\t<\/a>\n\t\t\t\t<a class=\"types\" href=\"\/es\/news-events\/events\/\">\n\t\t\t\t\tEventos\n\t\t\t\t<\/a>\n\t\t\t\t<a class=\"types\" href=\"\/es\/news-events\/videos\/\">\n\t\t\t\t\tVideos\n\t\t\t\t<\/a>\n\t\t\t\t<a class=\"types\" href=\"\/es\/news-events\/webinars\/\">\n\t\t\t\t\tSeminarios Web\n\t\t\t\t<\/a>\n\t\t\t<\/div>\n\t\t\t<div class=\"subscribe\">\n\t\t\t\t<div class=\"writing\">\n\t\t\t\t\t\u00a1Reg\u00edstrese para recibir nuestro bolet\u00edn electr\u00f3nico!\n\t\t\t\t<\/div>\n\t\t\t\t<form id=\"subscription\" action=\"\">\n\t\t\t\t\t<input type=\"hidden\" class=\"form\" value=\"Subscription\">\n\t\t\t\t\t<input type=\"email\" class=\"email\" placeholder=\"Ingrese su direcci\u00f3n de correo electr\u00f3nico\" required>\n\t\t\t\t\t<button type=\"submit\">\n\t\t\t\t\t\tRegistrarme\n\t\t\t\t\t<\/button>\n\t\t\t\t<input type=\"hidden\" name=\"trp-form-language\" value=\"es\"\/><\/form>\n\t\t\t\t<script>\n\t\t\t\t\t(function($) {\n\t\n\t\t\t\t\t\t\/\/====================================================================================================\n\t\t\t\t\t\t\/\/ Newsletter Signup\n\t\t\t\t\t\t\/\/====================================================================================================\n\t\t\t\t\t\t\n\t\t\t\t\t\t$(\".news-page-block form\").on(\"submit\", function(event) {\n\t\t\t\t\t\t\tvar form = $(this)\n\t\t\t\t\t\t\tevent.preventDefault();\n\t\t\t\t\t\t\t$.ajax({\n\t\t\t\t\t\t\t\turl: \"https:\/\/visitor2.constantcontact.com\/api\/signup\",\n\t\t\t\t\t\t\t\tmethod: \"post\",\n\t\t\t\t\t\t\t\tdata: {\n\t\t\t\t\t\t\t\t\t\n\t\t\t\t\t\t\t\t\tca: \"c89bd958-6e60-4b48-bc81-540c66ddd0ed\",\n\t\t\t\t\t\t\t\t\tlist: \"1872223564\",\n\t\t\t\t\t\t\t\t\tsource: \"EFD\",\n\t\t\t\t\t\t\t\t\trequired: \"list,email\",\n\t\t\t\t\t\t\t\t\temail: $(\".news-page-block form .email\").val()\n\t\t\t\t\t\t\t\t},\n\t\t\t\t\t\t\t\tdataType: \"json\",\n\t\t\t\t\t\t\t\tsuccess: function() {\n\t\t\t\t\t\t\t\t\tform[0].reset();\n\t\t\t\t\t\t\t\t\tform.find(\".email\").blur();\n\t\t\t\t\t\t\t\t\tform.find(\".email\").attr(\"placeholder\", \"Thank you!\");\n\t\t\t\t\t\t\t\t}\n\t\t\t\t\t\t\t})\n\t\t\t\t\t\t});\n\t\t\t\t\t\t\n\t\t\t\t\t}(jQuery))\n\t\t\t\t<\/script>\n\t\t\t<\/div>\n\t\t<\/div>\n\t\t<div class=\"wrapper\">\n\t\t\t\t\t\t\t\t\t\t\t\t\t\t\t\t<a class=\"article\" href=\"https:\/\/helpmegrowwa.org\/es\/webinar\/partnering-to-make-the-most-of-child-development-supports\">\n\t\t\t\t\t\t\t\t\t<div class=\"picture\">\n\t\t\t\t\t\t\t\t\t\t\t\t<img decoding=\"async\" src=\"https:\/\/helpmegrowwa.org\/wp-content\/uploads\/2021\/10\/Partnerhing-to-Make-the-Most-of-Child-Development-Supports-260x180.png\" srcset=\"https:\/\/helpmegrowwa.org\/wp-content\/uploads\/2021\/10\/Partnerhing-to-Make-the-Most-of-Child-Development-Supports-260x180.png 260w, https:\/\/helpmegrowwa.org\/wp-content\/uploads\/2021\/10\/Partnerhing-to-Make-the-Most-of-Child-Development-Supports-520x360.png 520w\" sizes=\"260px\">\n\t\t\t\t\t\t\t\t\t\t\t\t\t<div class=\"type-label\">Seminario web<\/div>\n\t\t\t\t\t\t\t\t\t\t\t<\/div>\n\t\t\t\t\t<div class=\"content\">\n\t\t\t\t\t\t<div class=\"date\">19 de octubre de 2021<\/div>\n\t\t\t\t\t\t<div class=\"text\">\n\t\t\t\t\t\t\t<h3 class=\"title\">Colaboraci\u00f3n para aprovechar al m\u00e1ximo los apoyos para el desarrollo infantil<\/h3>\n\t\t\t\t\t\t\t<div class=\"summary\">Este seminario web presenta \u201cHelp Me Grow\u201d, \u201cAprenda los signos. Act\u00fae temprano \u201dy\u201c Vroom \u201dy muestra c\u00f3mo encajan y se pueden reforzar mutuamente. Escucharemos c\u00f3mo se est\u00e1n implementando en las comunidades de Washington y le informaremos c\u00f3mo puede comenzar con los tres.<\/div>\n\t\t\t\t\t\t<\/div>\n\t\t\t\t\t\t<div class=\"more\">\n\t\t\t\t\t\t\tLee mas\n\t\t\t\t\t\t\t<svg class=\"arrow\" aria-hidden=\"true\" focusable=\"false\" data-prefix=\"fas\" data-icon=\"long-arrow-right\" role=\"img\" xmlns=\"http:\/\/www.w3.org\/2000\/svg\" viewbox=\"0 0 448 512\"><path fill=\"#ababab\" d=\"M254.544 154.427L320.118 220H24c-13.255 0-24 10.745-24 24v24c0 13.255 10.745 24 24 24h296.118l-65.574 65.573c-9.373 9.373-9.373 24.569 0 33.941l16.971 16.971c9.373 9.373 24.569 9.373 33.941 0L440.97 272.97c9.373-9.373 9.373-24.569 0-33.941L305.456 103.515c-9.373-9.373-24.569-9.373-33.941 0l-16.971 16.971c-9.373 9.372-9.373 24.568 0 33.941z\"><\/path><\/svg>\n\t\t\t\t\t\t<\/div>\n\t\t\t\t\t<\/div>\n\t\t\t\t<\/a>\n\t\t\t\t\t\t\t\t\t\t\t\t\t\t\t\t\t\t\t\t<a class=\"article\" href=\"https:\/\/helpmegrowwa.org\/es\/webinar\/building-the-help-me-grow-washington-system\">\n\t\t\t\t\t\t\t\t\t<div class=\"picture\">\n\t\t\t\t\t\t\t\t\t\t\t\t<img decoding=\"async\" src=\"https:\/\/helpmegrowwa.org\/wp-content\/uploads\/2020\/09\/HMG-Strucute-and-Action-Teams-Thumbnail-260x180.png\" srcset=\"https:\/\/helpmegrowwa.org\/wp-content\/uploads\/2020\/09\/HMG-Strucute-and-Action-Teams-Thumbnail-260x180.png 260w, https:\/\/helpmegrowwa.org\/wp-content\/uploads\/2020\/09\/HMG-Strucute-and-Action-Teams-Thumbnail-520x360.png 520w\" sizes=\"260px\">\n\t\t\t\t\t\t\t\t\t\t\t\t\t<div class=\"type-label\">Seminario web<\/div>\n\t\t\t\t\t\t\t\t\t\t\t<\/div>\n\t\t\t\t\t<div class=\"content\">\n\t\t\t\t\t\t<div class=\"date\">4 de septiembre de 2020<\/div>\n\t\t\t\t\t\t<div class=\"text\">\n\t\t\t\t\t\t\t<h3 class=\"title\">Construyendo el sistema Help Me Grow Washington<\/h3>\n\t\t\t\t\t\t\t<div class=\"summary\">En este seminario web de una hora, los participantes aprender\u00e1n c\u00f3mo participar en la creaci\u00f3n de un sistema Help Me Grow equitativo en Washington, as\u00ed como sobre la nueva estructura Help Me Grow Washington, incluido el papel de los equipos de acci\u00f3n.<\/div>\n\t\t\t\t\t\t<\/div>\n\t\t\t\t\t\t<div class=\"more\">\n\t\t\t\t\t\t\tLee mas\n\t\t\t\t\t\t\t<svg class=\"arrow\" aria-hidden=\"true\" focusable=\"false\" data-prefix=\"fas\" data-icon=\"long-arrow-right\" role=\"img\" xmlns=\"http:\/\/www.w3.org\/2000\/svg\" viewbox=\"0 0 448 512\"><path fill=\"#ababab\" d=\"M254.544 154.427L320.118 220H24c-13.255 0-24 10.745-24 24v24c0 13.255 10.745 24 24 24h296.118l-65.574 65.573c-9.373 9.373-9.373 24.569 0 33.941l16.971 16.971c9.373 9.373 24.569 9.373 33.941 0L440.97 272.97c9.373-9.373 9.373-24.569 0-33.941L305.456 103.515c-9.373-9.373-24.569-9.373-33.941 0l-16.971 16.971c-9.373 9.372-9.373 24.568 0 33.941z\"><\/path><\/svg>\n\t\t\t\t\t\t<\/div>\n\t\t\t\t\t<\/div>\n\t\t\t\t<\/a>\n\t\t\t\t\t\t\t\t\t\t\t\t\t\t\t\t\t\t\t\t<a class=\"article\" href=\"https:\/\/helpmegrowwa.org\/es\/webinar\/help-me-grow-system-overview\">\n\t\t\t\t\t\t\t\t\t<div class=\"picture\">\n\t\t\t\t\t\t\t\t\t\t\t\t<img decoding=\"async\" src=\"https:\/\/helpmegrowwa.org\/wp-content\/uploads\/2020\/02\/webinar-hmg-overview-260x180.jpg\" srcset=\"https:\/\/helpmegrowwa.org\/wp-content\/uploads\/2020\/02\/webinar-hmg-overview-260x180.jpg 260w, https:\/\/helpmegrowwa.org\/wp-content\/uploads\/2020\/02\/webinar-hmg-overview-520x360.jpg 520w\" sizes=\"260px\">\n\t\t\t\t\t\t\t\t\t\t\t\t\t<div class=\"type-label\">Seminario web<\/div>\n\t\t\t\t\t\t\t\t\t\t\t<\/div>\n\t\t\t\t\t<div class=\"content\">\n\t\t\t\t\t\t<div class=\"date\">24 de febrero de 2020<\/div>\n\t\t\t\t\t\t<div class=\"text\">\n\t\t\t\t\t\t\t<h3 class=\"title\">Descripci\u00f3n General del Sistema Help Me Grow<\/h3>\n\t\t\t\t\t\t\t<div class=\"summary\">Aprenda sobre Help Me Grow Washington con Sharon Beaudoin, directora de estrategia de WithinReach, y la asesora estrat\u00e9gica de salud p\u00fablica de Seattle &amp; King County, Marcy Miller.<\/div>\n\t\t\t\t\t\t<\/div>\n\t\t\t\t\t\t<div class=\"more\">\n\t\t\t\t\t\t\tLee mas\n\t\t\t\t\t\t\t<svg class=\"arrow\" aria-hidden=\"true\" focusable=\"false\" data-prefix=\"fas\" data-icon=\"long-arrow-right\" role=\"img\" xmlns=\"http:\/\/www.w3.org\/2000\/svg\" viewbox=\"0 0 448 512\"><path fill=\"#ababab\" d=\"M254.544 154.427L320.118 220H24c-13.255 0-24 10.745-24 24v24c0 13.255 10.745 24 24 24h296.118l-65.574 65.573c-9.373 9.373-9.373 24.569 0 33.941l16.971 16.971c9.373 9.373 24.569 9.373 33.941 0L440.97 272.97c9.373-9.373 9.373-24.569 0-33.941L305.456 103.515c-9.373-9.373-24.569-9.373-33.941 0l-16.971 16.971c-9.373 9.372-9.373 24.568 0 33.941z\"><\/path><\/svg>\n\t\t\t\t\t\t<\/div>\n\t\t\t\t\t<\/div>\n\t\t\t\t<\/a>\n\t\t\t\t\t\t\t\t\t<\/div>\n\t<\/div>\n\t<script>\n\t\n\t(function($) {\n\t\n\t\t\/\/ Get the block ID\n\t\tvar id = \"#block_5e542dca17637\";\n\t\t\n\t\t\/\/ Reveal elements\n\t\tScrollReveal().reveal(id + \" .article\", {origin: \"bottom\", distance: \"20px\", duration: 1000, viewFactor: 0.2, interval: 100, reset: false});\n\t\t\n\t})(jQuery)\n\t\n\t<\/script>\n<\/div>","protected":false},"excerpt":{"rendered":"","protected":false},"author":2,"featured_media":0,"parent":63,"menu_order":6,"comment_status":"closed","ping_status":"closed","template":"","meta":{"_acf_changed":false,"footnotes":""},"acf":[],"_links":{"self":[{"href":"https:\/\/helpmegrowwa.org\/es\/wp-json\/wp\/v2\/pages\/3438"}],"collection":[{"href":"https:\/\/helpmegrowwa.org\/es\/wp-json\/wp\/v2\/pages"}],"about":[{"href":"https:\/\/helpmegrowwa.org\/es\/wp-json\/wp\/v2\/types\/page"}],"author":[{"embeddable":true,"href":"https:\/\/helpmegrowwa.org\/es\/wp-json\/wp\/v2\/users\/2"}],"replies":[{"embeddable":true,"href":"https:\/\/helpmegrowwa.org\/es\/wp-json\/wp\/v2\/comments?post=3438"}],"version-history":[{"count":6,"href":"https:\/\/helpmegrowwa.org\/es\/wp-json\/wp\/v2\/pages\/3438\/revisions"}],"predecessor-version":[{"id":3811,"href":"https:\/\/helpmegrowwa.org\/es\/wp-json\/wp\/v2\/pages\/3438\/revisions\/3811"}],"up":[{"embeddable":true,"href":"https:\/\/helpmegrowwa.org\/es\/wp-json\/wp\/v2\/pages\/63"}],"wp:attachment":[{"href":"https:\/\/helpmegrowwa.org\/es\/wp-json\/wp\/v2\/media?parent=3438"}],"curies":[{"name":"gracias","href":"https:\/\/api.w.org\/{rel}","templated":true}]}}