{"id":4095,"date":"2020-03-18T05:26:24","date_gmt":"2020-03-18T05:26:24","guid":{"rendered":"https:\/\/helpmegrowwa.org\/?page_id=4095"},"modified":"2023-09-14T18:23:30","modified_gmt":"2023-09-14T18:23:30","slug":"covid-19","status":"publish","type":"page","link":"https:\/\/helpmegrowwa.org\/es\/covid-19","title":{"rendered":"COVID-19"},"content":{"rendered":"<div id=\"block_2a1172e8cbf9d5da596bb3bcf2209ff2\" class=\"banner-block text\">\n\t<img decoding=\"async\" class=\"graphic\" src=\"https:\/\/helpmegrowwa.org\/wp-content\/themes\/helpmegrowwa\/images\/banner-text-shapes.svg\">\n\t<div class=\"text-wrapper\">\n\t\t<h1>Actualizaciones de COVID-19<\/h1>\n\t<\/div>\t\n\t<script>\n\t(function($) {\n\t\t\/\/ Get the block ID\n\t\tvar id = \"#block_2a1172e8cbf9d5da596bb3bcf2209ff2\";\n\t\t\/\/ Reveal the heading\n\t\tScrollReveal().reveal(id + \" h1\", {duration: 1000});\n\t})(jQuery)\n\t<\/script>\n<\/div>\n\n\n\n<div id=\"block_9efa0470e1f21e6bfdbd76b22ca618f7\" class=\"text-block white small left\">\n\t<div class=\"container one-column full\">\n\t\t<p><span data-contrast=\"auto\">Sabemos que COVID-19 ha afectado y seguir\u00e1 afectando\u00a0<\/span><span data-contrast=\"auto\">impacto<\/span><span data-contrast=\"auto\">\u00a0nuestro servicio sanitario y social\u00a0<\/span><span data-contrast=\"auto\">sistemas<\/span><span data-contrast=\"auto\">\u00a0y crear m\u00e1s desaf\u00edos para que las familias obtengan los recursos que necesitan.\u00a0<\/span><b><span data-contrast=\"auto\">Es por eso que<\/span><\/b><span data-contrast=\"auto\">\u00a0<\/span><b><span data-contrast=\"auto\">WithinReach<\/span><\/b><b><span data-contrast=\"auto\">\u00a0est\u00e1 adaptando nuestro trabajo y respondiendo de maneras que centren a las familias de Washington y las necesidades de nuestra comunidad<\/span><\/b><b><span data-contrast=\"auto\">ies<\/span><\/b><b><span data-contrast=\"auto\">,<\/span><\/b><b><span data-contrast=\"auto\">\u00a0<\/span><\/b><b><span data-contrast=\"auto\">ambas cosas\u00a0<\/span><\/b><b><span data-contrast=\"auto\">durante y despu\u00e9s de la pandemia.<\/span><\/b><span data-ccp-props=\"{&quot;201341983&quot;:0,&quot;335559739&quot;:160,&quot;335559740&quot;:276}\">\u00a0<\/span><\/p>\n<p><b><span data-contrast=\"auto\">Seguimos comprometidos con tu salud<\/span><\/b><b><span data-contrast=\"auto\">\u00a0(Washington State Department of Children, Youth, and Families) y con<\/span><\/b><b><span data-contrast=\"auto\">,<\/span><\/b><b><span data-contrast=\"auto\">\u00a0como su socio, trabajar\u00e1 para garantizar que tenga acceso a los recursos que necesita. Estas son las mejores formas de conectarse con nosotros:<\/span><\/b><span data-ccp-props=\"{&quot;201341983&quot;:0,&quot;335559739&quot;:160,&quot;335559740&quot;:276}\">\u00a0<\/span><\/p>\n<ul>\n<li data-leveltext=\"\u00b7\" data-font=\"Symbol\" data-listid=\"1\" aria-setsize=\"-1\" data-aria-posinset=\"1\" data-aria-level=\"1\"><span style=\"color: #6c1b6e;\"><strong><span style=\"color: #d9541d;\">Llame a nuestra l\u00ednea de ayuda de Washington Help Me Grow al 1-800-322-2588.<\/span><\/strong><\/span><span data-contrast=\"none\">\u00a0<\/span><span data-contrast=\"auto\">Si tiene que dejar un mensaje, le devolveremos la llamada lo antes posible. Nuestro horario de atenci\u00f3n es de lunes a jueves, de 8 a. M. A 5:30 p. M., Y los viernes, de 8 a.\u00a0<\/span><span data-contrast=\"auto\">soy<\/span><span data-contrast=\"auto\">\u00a0a las 5 pm El\u00a0<\/span><span data-contrast=\"auto\">WithinReach<\/span><span data-contrast=\"auto\">\u00a0El personal es multiling\u00fce y atiende a personas en una variedad de idiomas a trav\u00e9s de AT&amp;T Language Line.<\/span><span data-ccp-props=\"{&quot;134233279&quot;:true,&quot;201341983&quot;:0,&quot;335559739&quot;:160,&quot;335559740&quot;:259}\">\u00a0<\/span><\/li>\n<li data-leveltext=\"\u00b7\" data-font=\"Symbol\" data-listid=\"1\" aria-setsize=\"-1\" data-aria-posinset=\"2\" data-aria-level=\"1\"><span data-contrast=\"none\"><span style=\"color: #d9541d;\"><strong>Cont\u00e1ctanos a trav\u00e9s de<\/strong><\/span>\u00a0<\/span><a href=\"https:\/\/profinder.parenthelp123.org\/benefit_finder?utm_campaign=Use-BenefitFinder&amp;utm_content=button-click&amp;utm_medium=Referral&amp;utm_source=ParentHelp123\"><span data-contrast=\"none\">el formulario en l\u00ednea en nuestro sitio web, ParentHelp123.org<\/span><\/a><span data-contrast=\"none\">.<\/span><span data-ccp-props=\"{&quot;134233279&quot;:true,&quot;201341983&quot;:0,&quot;335559739&quot;:160,&quot;335559740&quot;:259}\">\u00a0<\/span><\/li>\n<\/ul>\n<p><span data-contrast=\"auto\">WithinReach<\/span><span data-contrast=\"auto\">\u00a0ayuda a las familias a comprender y solicitar una variedad de recursos de nutrici\u00f3n y salud<\/span><span data-contrast=\"auto\">, como Basic Food (cupones de alimentos); el Programa Especial de Nutrici\u00f3n Suplementaria para Mujeres, Beb\u00e9s y Ni\u00f1os (WIC); y seguro m\u00e9dico. Adem\u00e1s,\u00a0<\/span><span data-contrast=\"auto\">WithinReach<\/span><span data-contrast=\"auto\">\u00a0ofrece apoyo personalizado para encontrar bancos de alimentos, cl\u00ednicas de salud y recursos para padres cerca de casa, y puede ayudar con evaluaciones de desarrollo infantil temprano y tarifas de tr\u00e1nsito de costo reducido.<\/span><span data-ccp-props=\"{&quot;201341983&quot;:0,&quot;335559739&quot;:160,&quot;335559740&quot;:276}\">\u00a0<\/span><\/p>\n<p><span data-contrast=\"auto\">En nombre de todos nosotros en\u00a0<\/span><span data-contrast=\"auto\">WithinReach<\/span><span data-contrast=\"auto\">, mant\u00e9ngase saludable y est\u00e9 bien.<\/span><span data-ccp-props=\"{&quot;201341983&quot;:0,&quot;335559739&quot;:160,&quot;335559740&quot;:276}\">\u00a0<\/span><\/p>\n\t<\/div>\n\t<script>\n\t\t(function($) {\n\t\t\t\/\/ Get the block ID\n\t\t\tvar id = \"#block_9efa0470e1f21e6bfdbd76b22ca618f7\";\n\t\t\t\/\/ Reveal the block\n\t\t\tvar container = document.documentElement;\n\t\t\tScrollReveal().reveal(id + \" .container\", {origin: \"bottom\", distance: \"20px\", duration: 1000, container: container});\n\t\t}(jQuery))\n\t<\/script>\n<\/div>\n\n<div id=\"block_e2b2cfea19d91aa562bcc0956ca5f109\" class=\"text-block light-gray small right\">\n\t<div class=\"container one-column full\">\n\t\t<p><em>\u00daltima actualizaci\u00f3n de la p\u00e1gina: 4\/13\/2021<\/em><\/p>\n\t<\/div>\n\t<script>\n\t\t(function($) {\n\t\t\t\/\/ Get the block ID\n\t\t\tvar id = \"#block_e2b2cfea19d91aa562bcc0956ca5f109\";\n\t\t\t\/\/ Reveal the block\n\t\t\tvar container = document.documentElement;\n\t\t\tScrollReveal().reveal(id + \" .container\", {origin: \"bottom\", distance: \"20px\", duration: 1000, container: container});\n\t\t}(jQuery))\n\t<\/script>\n<\/div>","protected":false},"excerpt":{"rendered":"","protected":false},"author":2,"featured_media":0,"parent":0,"menu_order":605,"comment_status":"closed","ping_status":"closed","template":"","meta":{"_acf_changed":false,"footnotes":""},"acf":[],"_links":{"self":[{"href":"https:\/\/helpmegrowwa.org\/es\/wp-json\/wp\/v2\/pages\/4095"}],"collection":[{"href":"https:\/\/helpmegrowwa.org\/es\/wp-json\/wp\/v2\/pages"}],"about":[{"href":"https:\/\/helpmegrowwa.org\/es\/wp-json\/wp\/v2\/types\/page"}],"author":[{"embeddable":true,"href":"https:\/\/helpmegrowwa.org\/es\/wp-json\/wp\/v2\/users\/2"}],"replies":[{"embeddable":true,"href":"https:\/\/helpmegrowwa.org\/es\/wp-json\/wp\/v2\/comments?post=4095"}],"version-history":[{"count":24,"href":"https:\/\/helpmegrowwa.org\/es\/wp-json\/wp\/v2\/pages\/4095\/revisions"}],"predecessor-version":[{"id":6595,"href":"https:\/\/helpmegrowwa.org\/es\/wp-json\/wp\/v2\/pages\/4095\/revisions\/6595"}],"wp:attachment":[{"href":"https:\/\/helpmegrowwa.org\/es\/wp-json\/wp\/v2\/media?parent=4095"}],"curies":[{"name":"gracias","href":"https:\/\/api.w.org\/{rel}","templated":true}]}}