{"id":59,"date":"2019-06-15T01:21:18","date_gmt":"2019-06-15T01:21:18","guid":{"rendered":"http:\/\/54.244.98.151\/?page_id=59"},"modified":"2023-09-14T18:19:38","modified_gmt":"2023-09-14T18:19:38","slug":"privacy-policy","status":"publish","type":"page","link":"https:\/\/helpmegrowwa.org\/es\/privacy-policy","title":{"rendered":"Pol\u00edtica de Privacidad"},"content":{"rendered":"<div id=\"block_e3aa7f289a09332b499f8c45cef98170\" class=\"banner-block text\">\n\t<img decoding=\"async\" class=\"graphic\" src=\"https:\/\/helpmegrowwa.org\/wp-content\/themes\/helpmegrowwa\/images\/banner-text-shapes.svg\">\n\t<div class=\"text-wrapper\">\n\t\t<h1>Pol\u00edtica de Privacidad<\/h1>\n\t<\/div>\t\n\t<script>\n\t(function($) {\n\t\t\/\/ Get the block ID\n\t\tvar id = \"#block_e3aa7f289a09332b499f8c45cef98170\";\n\t\t\/\/ Reveal the heading\n\t\tScrollReveal().reveal(id + \" h1\", {duration: 1000});\n\t})(jQuery)\n\t<\/script>\n<\/div>\n\n\n\n<div id=\"block_8e16942e52db27be154f4f14df7b6ecd\" class=\"text-block white small left\">\n\t<div class=\"container one-column full\">\n\t\t<p>Gracias por visitar nuestro sitio web y por revisar nuestra Pol\u00edtica de privacidad. Nuestra pol\u00edtica es clara: no recopilamos informaci\u00f3n sobre usted, aparte de la informaci\u00f3n recopilada y almacenada autom\u00e1ticamente (consulte a continuaci\u00f3n), cuando visita nuestro sitio web a menos que elija proporcionarnos esa informaci\u00f3n.<\/p>\n<h3>Informaci\u00f3n recopilada y almacenada autom\u00e1ticamente:<\/h3>\n<p>Cuando navega por cualquier sitio web, se puede recopilar cierta informaci\u00f3n personal sobre usted. Recopilamos autom\u00e1ticamente y almacenamos temporalmente la siguiente informaci\u00f3n sobre su visita: * el nombre del dominio que utiliza para acceder a Internet (por ejemplo, gmail.com, si est\u00e1 utilizando una cuenta de Gmail, o stanford.edu, si se est\u00e1 conectando). del dominio de la Universidad de Stanford); * la fecha y hora de su visita; * las p\u00e1ginas que visitaste; y * la direcci\u00f3n del sitio web del que vino cuando vino a visitarnos. Utilizamos esta informaci\u00f3n con fines estad\u00edsticos y para ayudarnos a que nuestro sitio sea m\u00e1s \u00fatil para los visitantes. A menos que se indique espec\u00edficamente lo contrario, no se recopilar\u00e1 informaci\u00f3n adicional sobre usted.<\/p>\n<h3>Informaci\u00f3n proporcionada personalmente:<\/h3>\n<p>No tiene que darnos informaci\u00f3n personal para visitar nuestros sitios web. Si elige proporcionarnos informaci\u00f3n adicional sobre usted a trav\u00e9s de un mensaje de correo electr\u00f3nico, formulario, encuesta, etc., solo conservaremos la informaci\u00f3n el tiempo que sea necesario para responder a su pregunta o para cumplir con el prop\u00f3sito declarado de la comunicaci\u00f3n y est\u00e1n protegidos por la Ley de Privacidad que restringe nuestro uso de ellos, pero permite ciertas divulgaciones.<\/p>\n<p>Divulgaci\u00f3n: Help Me Grow WA no divulga, da, vende o transfiere informaci\u00f3n personal sobre nuestros visitantes, a menos que sea requerido por la ley o la ley.<\/p>\n<h3>La transmisi\u00f3n de datos sensibles<\/h3>\n<p>Toda la informaci\u00f3n personal que se nos proporciona se almacena en bases de datos ubicadas en servidores que se encuentran detr\u00e1s de firewalls. Las donaciones realizadas a trav\u00e9s de nuestro sitio web se procesan a trav\u00e9s de un sistema compatible con PCI \/ CISP (Est\u00e1ndar de seguridad de datos de la industria de tarjetas de pago \/ Programa de seguridad de la informaci\u00f3n del titular de la tarjeta) y se encriptan mediante encriptaci\u00f3n SSL de 256 bits. Estos protocolos de cifrado y seguridad de alto grado (Secure Socket Layer-SSL) son el protocolo de seguridad est\u00e1ndar de la industria, lo que dificulta que cualquiera pueda interceptar la donaci\u00f3n y la informaci\u00f3n personal que nos env\u00eda.<\/p>\n<p>En Help Me Grow WA, existen protecciones para proporcionar seguridad de datos y evitar el acceso no autorizado a informaci\u00f3n de identificaci\u00f3n personal. Sin embargo, los usuarios del sitio deben tener en cuenta que Help Me Grow WA no puede garantizar contra fallas de hardware, problemas t\u00e9cnicos, intrusiones no autorizadas u otros eventos que puedan ocasionar una violaci\u00f3n de estas protecciones y un posible acceso no autorizado a la informaci\u00f3n personal.<\/p>\n<h3>Enlaces a descargos de responsabilidad de privacidad de sitios externos<\/h3>\n<p>El sitio web de Help Me Grow WA contiene enlaces a otros sitios web. Estos incluyen enlaces a sitios web operados por el gobierno, organizaciones sin fines de lucro y otras entidades. Cuando se vincula a otro sitio, ya no est\u00e1 en HelpMeGrowWA.org, y esta Pol\u00edtica de privacidad ya no se aplica. Cuando se vincula a otro sitio web, est\u00e1 sujeto a la pol\u00edtica de privacidad de ese sitio y debe tener precauci\u00f3n al proporcionar informaci\u00f3n personal.<\/p>\n\t<\/div>\n\t<script>\n\t\t(function($) {\n\t\t\t\/\/ Get the block ID\n\t\t\tvar id = \"#block_8e16942e52db27be154f4f14df7b6ecd\";\n\t\t\t\/\/ Reveal the block\n\t\t\tvar container = document.documentElement;\n\t\t\tScrollReveal().reveal(id + \" .container\", {origin: \"bottom\", distance: \"20px\", duration: 1000, container: container});\n\t\t}(jQuery))\n\t<\/script>\n<\/div>","protected":false},"excerpt":{"rendered":"","protected":false},"author":2,"featured_media":0,"parent":0,"menu_order":203,"comment_status":"closed","ping_status":"closed","template":"","meta":{"_acf_changed":false,"footnotes":""},"acf":[],"_links":{"self":[{"href":"https:\/\/helpmegrowwa.org\/es\/wp-json\/wp\/v2\/pages\/59"}],"collection":[{"href":"https:\/\/helpmegrowwa.org\/es\/wp-json\/wp\/v2\/pages"}],"about":[{"href":"https:\/\/helpmegrowwa.org\/es\/wp-json\/wp\/v2\/types\/page"}],"author":[{"embeddable":true,"href":"https:\/\/helpmegrowwa.org\/es\/wp-json\/wp\/v2\/users\/2"}],"replies":[{"embeddable":true,"href":"https:\/\/helpmegrowwa.org\/es\/wp-json\/wp\/v2\/comments?post=59"}],"version-history":[{"count":18,"href":"https:\/\/helpmegrowwa.org\/es\/wp-json\/wp\/v2\/pages\/59\/revisions"}],"predecessor-version":[{"id":6592,"href":"https:\/\/helpmegrowwa.org\/es\/wp-json\/wp\/v2\/pages\/59\/revisions\/6592"}],"wp:attachment":[{"href":"https:\/\/helpmegrowwa.org\/es\/wp-json\/wp\/v2\/media?parent=59"}],"curies":[{"name":"gracias","href":"https:\/\/api.w.org\/{rel}","templated":true}]}}