{"id":61,"date":"2019-06-15T01:22:34","date_gmt":"2019-06-15T01:22:34","guid":{"rendered":"http:\/\/54.244.98.151\/?page_id=61"},"modified":"2023-09-14T18:19:24","modified_gmt":"2023-09-14T18:19:24","slug":"terms-of-use","status":"publish","type":"page","link":"https:\/\/helpmegrowwa.org\/es\/terms-of-use","title":{"rendered":"T\u00e9rminos de Uso"},"content":{"rendered":"<div id=\"block_f9b726cadb14a45f0c8537484526ec31\" class=\"banner-block text\">\n\t<img decoding=\"async\" class=\"graphic\" src=\"https:\/\/helpmegrowwa.org\/wp-content\/themes\/helpmegrowwa\/images\/banner-text-shapes.svg\">\n\t<div class=\"text-wrapper\">\n\t\t<h1>T\u00e9rminos de Uso<\/h1>\n\t<\/div>\t\n\t<script>\n\t(function($) {\n\t\t\/\/ Get the block ID\n\t\tvar id = \"#block_f9b726cadb14a45f0c8537484526ec31\";\n\t\t\/\/ Reveal the heading\n\t\tScrollReveal().reveal(id + \" h1\", {duration: 1000});\n\t})(jQuery)\n\t<\/script>\n<\/div>\n\n\n\n<div id=\"block_4bb5b0419d14b2584c700a91ebf525bf\" class=\"text-block white small left\">\n\t<div class=\"container one-column full\">\n\t\t<h3>1. Contenido<\/h3>\n<p>El autor se reserva el derecho de no ser responsable de la actualidad, exactitud, integridad o calidad de la informaci\u00f3n proporcionada. Por lo tanto, se rechazar\u00e1n las reclamaciones de responsabilidad por da\u00f1os causados por el uso de cualquier informaci\u00f3n proporcionada, incluido cualquier tipo de informaci\u00f3n que sea incompleta o incorrecta.<\/p>\n<p>Todas las ofertas son sin compromiso y sin compromiso. Algunas partes de las p\u00e1ginas o la publicaci\u00f3n completa, incluidas todas las ofertas e informaci\u00f3n, pueden ser ampliadas, modificadas o eliminadas total o parcialmente por el autor sin un anuncio por separado.<\/p>\n<h3>2. Referencias y enlaces<\/h3>\n<p>El autor no es responsable de ning\u00fan contenido vinculado o mencionado desde sus p\u00e1ginas, a menos que tenga pleno conocimiento de los contenidos ilegales y pueda evitar que los visitantes de su sitio vean esas p\u00e1ginas. Si se produce alg\u00fan da\u00f1o por el uso de la informaci\u00f3n presentada all\u00ed, solo el autor de las p\u00e1ginas respectivas puede ser responsable, no el que ha vinculado a estas p\u00e1ginas. Adem\u00e1s, el autor no es responsable de las publicaciones o mensajes publicados por los usuarios de los foros de discusi\u00f3n, libros de visitas o listas de correo que se proporcionan en su p\u00e1gina.<\/p>\n<h3>3. Copyright<\/h3>\n<p>El autor pretend\u00eda no utilizar ning\u00fan material con derechos de autor para la publicaci\u00f3n o, si no es posible, indicar los derechos de autor del objeto respectivo. Los derechos de autor de cualquier material creado por el autor est\u00e1n reservados. No se permite la duplicaci\u00f3n o el uso de objetos como diagramas, sonidos o textos en otras publicaciones electr\u00f3nicas o impresas sin el consentimiento del autor.<\/p>\n<h3>4. Pol\u00edtica de privacidad<\/h3>\n<p>Si se da la oportunidad de ingresar datos personales o comerciales (direcciones de correo electr\u00f3nico, nombre, direcciones), la entrada de estos datos se realiza de forma voluntaria. El uso y el pago de todos los servicios ofrecidos est\u00e1n permitidos, siempre que sea t\u00e9cnicamente posible y razonable, sin la especificaci\u00f3n de ning\u00fan dato personal o bajo la especificaci\u00f3n de datos an\u00f3nimos o un alias. Se proh\u00edbe el uso de direcciones postales publicadas, n\u00fameros de tel\u00e9fono o fax y direcciones de correo electr\u00f3nico para fines de marketing, los delincuentes que env\u00eden mensajes de spam no deseados ser\u00e1n castigados.<\/p>\n<h3>5. Validez legal de este aviso legal<\/h3>\n<p>Este descargo de responsabilidad debe considerarse como parte de la publicaci\u00f3n de Internet desde la que se le envi\u00f3. Si las secciones o los t\u00e9rminos individuales de esta declaraci\u00f3n no son legales o correctos, el contenido o la validez de las otras partes no se ven influenciados por este hecho.<\/p>\n<h3>6. Preguntas<\/h3>\n<p>Todas las preguntas relacionadas con el contenido espec\u00edfico de este sitio web, as\u00ed como las preguntas de cualquier tipo, deben dirigirse a\u00a0<a href=\"mailto:info@withinreachwa.org\">info@withinreachwa.org<\/a>.<\/p>\n\t<\/div>\n\t<script>\n\t\t(function($) {\n\t\t\t\/\/ Get the block ID\n\t\t\tvar id = \"#block_4bb5b0419d14b2584c700a91ebf525bf\";\n\t\t\t\/\/ Reveal the block\n\t\t\tvar container = document.documentElement;\n\t\t\tScrollReveal().reveal(id + \" .container\", {origin: \"bottom\", distance: \"20px\", duration: 1000, container: container});\n\t\t}(jQuery))\n\t<\/script>\n<\/div>","protected":false},"excerpt":{"rendered":"","protected":false},"author":2,"featured_media":0,"parent":0,"menu_order":202,"comment_status":"closed","ping_status":"closed","template":"","meta":{"_acf_changed":false,"footnotes":""},"acf":[],"_links":{"self":[{"href":"https:\/\/helpmegrowwa.org\/es\/wp-json\/wp\/v2\/pages\/61"}],"collection":[{"href":"https:\/\/helpmegrowwa.org\/es\/wp-json\/wp\/v2\/pages"}],"about":[{"href":"https:\/\/helpmegrowwa.org\/es\/wp-json\/wp\/v2\/types\/page"}],"author":[{"embeddable":true,"href":"https:\/\/helpmegrowwa.org\/es\/wp-json\/wp\/v2\/users\/2"}],"replies":[{"embeddable":true,"href":"https:\/\/helpmegrowwa.org\/es\/wp-json\/wp\/v2\/comments?post=61"}],"version-history":[{"count":18,"href":"https:\/\/helpmegrowwa.org\/es\/wp-json\/wp\/v2\/pages\/61\/revisions"}],"predecessor-version":[{"id":6591,"href":"https:\/\/helpmegrowwa.org\/es\/wp-json\/wp\/v2\/pages\/61\/revisions\/6591"}],"wp:attachment":[{"href":"https:\/\/helpmegrowwa.org\/es\/wp-json\/wp\/v2\/media?parent=61"}],"curies":[{"name":"gracias","href":"https:\/\/api.w.org\/{rel}","templated":true}]}}