{"id":6338,"date":"2023-09-26T22:47:40","date_gmt":"2023-09-26T22:47:40","guid":{"rendered":"https:\/\/helpmegrowwa.org\/?page_id=6338"},"modified":"2024-01-25T18:23:23","modified_gmt":"2024-01-25T18:23:23","slug":"help-me-grow-system-model","status":"publish","type":"page","link":"https:\/\/helpmegrowwa.org\/es\/help-me-grow-system-model","title":{"rendered":"Modelo de sistema Help Me Grow"},"content":{"rendered":"<div id=\"block_abebd7d6f34e46c427091ffebea9cbb2\" class=\"fifty-fifty-block dark-purple right fifty-fifty-banner\">\n\t<img decoding=\"async\" class=\"flower-graphic\" src=\"https:\/\/helpmegrowwa.org\/wp-content\/themes\/helpmegrowwa\/images\/banner-text-shapes.svg\">\n\t<div class=\"info\">\n\t\t<div class=\"container regular center\">\n\t\t\t<h1>Modelo de sistema Help Me Grow<\/h1>\n\t\t\t\t\t<\/div>\n\t<\/div>\n\t\t<div class=\"image\" style=\"background-image: url(https:\/\/helpmegrowwa.org\/wp-content\/uploads\/2023\/09\/Help-Me-Grow-System-Model-Help-Me-Grow-Wa.jpg);background-position: top left;\">\n\t\t\t\t\t<img decoding=\"async\" class=\"corner\" src=\"https:\/\/helpmegrowwa.org\/wp-content\/themes\/helpmegrowwa\/images\/fifty-fifty-corner-piece.svg\">\n\t\t\t\t\t<\/div>\n\t<script>\n\t(function($) {\n\t\t\/\/ Get the block ID\n\t\tvar id = \"#block_abebd7d6f34e46c427091ffebea9cbb2\";\n\t\t\/\/ Reveal the block\n\t\tvar container = document.documentElement;\n\t\tScrollReveal().reveal(id + \".left .image\", {origin: \"left\", distance: \"20px\", duration: 1000});\n\t\tScrollReveal().reveal(id + \".left .info .container\", {origin: \"right\", distance: \"20px\", duration: 1000});\n\t\tScrollReveal().reveal(id + \".right .image\", {origin: \"right\", distance: \"20px\", duration: 1000});\n\t\tScrollReveal().reveal(id + \".right .info .container\", {origin: \"left\", distance: \"20px\", duration: 1000});\n\t}(jQuery))\n\t<\/script>\n<\/div>\n\n<div id=\"block_775bbdd9281168eba435ee50714deef7\" class=\"text-block white large center\">\n\t<div class=\"container one-column full\">\n\t\t<h2><span style=\"color: #6c1b6e;\">Un futuro mejor comienza con Help Me Grow<\/span><\/h2>\n<p>Todos los ni\u00f1os deber\u00edan poder crecer, desarrollarse y prosperar para alcanzar su m\u00e1ximo potencial. Help Me Grow es un modelo de sistema reconocido a nivel nacional que aprovecha los recursos existentes para desarrollar y mejorar un enfoque integral para la construcci\u00f3n de sistemas para la primera infancia en cualquier comunidad determinada.<\/p>\n\t<\/div>\n\t<script>\n\t\t(function($) {\n\t\t\t\/\/ Get the block ID\n\t\t\tvar id = \"#block_775bbdd9281168eba435ee50714deef7\";\n\t\t\t\/\/ Reveal the block\n\t\t\tvar container = document.documentElement;\n\t\t\tScrollReveal().reveal(id + \" .container\", {origin: \"bottom\", distance: \"20px\", duration: 1000, container: container});\n\t\t}(jQuery))\n\t<\/script>\n<\/div>\n\n<div id=\"block_f5b0592af2e680d72a20ba1e83a5ded2\" class=\"text-block light-gray large center\">\n\t<div class=\"container one-column full\">\n\t\t<h2><span style=\"color: #6c1b6e;\">Componentes principales del sistema Help Me Grow<\/span><\/h2>\n<p>Para aprovechar todo el potencial de Help Me Grow, cuatro componentes centrales cooperativos e interdependientes trabajan juntos. Help Me Grow Washington ha ampliado el modelo nacional para incluir <strong>equidad<\/strong> (Washington State Department of Children, Youth, and Families) y con <strong>Abogac\u00eda<\/strong>. A medida que aprovechamos la infraestructura existente de bienestar infantil y apoyo familiar en Washington, se espera que todos los socios compartan el compromiso de centrar la equidad y la justicia racial en el dise\u00f1o y la implementaci\u00f3n del marco del sistema Help Me Grow.<\/p>\n\t<\/div>\n\t<script>\n\t\t(function($) {\n\t\t\t\/\/ Get the block ID\n\t\t\tvar id = \"#block_f5b0592af2e680d72a20ba1e83a5ded2\";\n\t\t\t\/\/ Reveal the block\n\t\t\tvar container = document.documentElement;\n\t\t\tScrollReveal().reveal(id + \" .container\", {origin: \"bottom\", distance: \"20px\", duration: 1000, container: container});\n\t\t}(jQuery))\n\t<\/script>\n<\/div>\n\n<div id=\"block_83c012ea2459edd2a7913acd06b0899d\" class=\"infographic-block light-gray\">\n\t<div class=\"container\">\n\t\t\t\t\t\t\t\t\t\t\n\t\t\t\t\t\t\t\t\t<img decoding=\"async\" class=\"desktop\" src=\"https:\/\/helpmegrowwa.org\/wp-content\/uploads\/2023\/11\/core-components-desktop-Spanish.svg\" style=\"max-width: 100%\">\n\t\t\t\t\t\t\t\n\t\t\t\t\t<img decoding=\"async\" class=\"mobile\" src=\"https:\/\/helpmegrowwa.org\/wp-content\/uploads\/2023\/11\/core-components-mobile-Spanish.svg\" style=\"max-width: 450px\">\n\t\t\t<\/div>\n\t<script>\n\t(function($) {\n\t\t\/\/ Get the block ID\n\t\tvar id = \"#block_83c012ea2459edd2a7913acd06b0899d\";\n\t\t\/\/ Reveal the block\n\t\tScrollReveal().reveal(id + \" .container h2\", {origin: \"bottom\", distance: \"20px\", duration: 1000});\n\t\tScrollReveal().reveal(id + \" .container h3\", {origin: \"bottom\", distance: \"20px\", duration: 1000});\n\t\tScrollReveal().reveal(id + \" .container h4\", {origin: \"bottom\", distance: \"20px\", duration: 1000});\n\t\tScrollReveal().reveal(id + \" .container p\", {origin: \"bottom\", distance: \"20px\", duration: 1000});\n\t\tScrollReveal().reveal(id + \" .container img\", {origin: \"bottom\", distance: \"20px\", duration: 1000});\n\t}(jQuery))\n\t<\/script>\n<\/div>\n\n<div id=\"block_49c3d39317947f6793610e2624a9328b\" class=\"icon-bullets-block light-gray\">\n\t<div class=\"container\">\n\t\t\t\t\t<div class=\"icon-bullet\">\n\t\t\t\t\t\t\t\t<div class=\"image-wrapper\">\n\t\t\t\t\t<img decoding=\"async\" src=\"https:\/\/helpmegrowwa.org\/wp-content\/uploads\/2023\/10\/icon-equity.svg\">\n\t\t\t\t<\/div>\n\t\t\t\t\t\t\t\t<div class=\"writing-wrapper\">\n\t\t\t\t\t\t\t\t\t\t\t<div><h3><span style=\"color: #561553;\">Equidad<\/span><\/h3>\n<p>La equidad es la base de todos los componentes. Buscamos un sistema Help Me Grow que garantice que todas las familias est\u00e9n conectadas a los servicios de una manera que logren los objetivos que tienen para su hijo y su familia. Tambi\u00e9n entendemos que algunas familias necesitan apoyo m\u00e1s especializado y espec\u00edfico para alcanzar los mismos objetivos. <a href=\"https:\/\/helpmegrownational.org\/wp-content\/uploads\/2022\/11\/Targeted-Universalism-Help-Me-Grows-Approach-to-Advancing-Equity_HMG-National-Center-2023.pdf\" target=\"_blank\" rel=\"noopener\">Universalismo dirigido<\/a> es la estrategia que emplea Help Me Grow para lograr un acceso equitativo a servicios de calidad para todos los ni\u00f1os.<\/p>\n<\/div>\n\t\t\t\t\t\t\t\t\t<\/div>\n\t\t\t<\/div>\n\t\t\t\t\t<div class=\"icon-bullet\">\n\t\t\t\t\t\t\t\t<div class=\"image-wrapper\">\n\t\t\t\t\t<img decoding=\"async\" src=\"https:\/\/helpmegrowwa.org\/wp-content\/uploads\/2023\/09\/icon-coordinated-access-point.svg\">\n\t\t\t\t<\/div>\n\t\t\t\t\t\t\t\t<div class=\"writing-wrapper\">\n\t\t\t\t\t\t\t\t\t\t\t<div><h3><span style=\"color: #561553;\">Punto de Acceso Coordinado<\/span><\/h3>\n<p>Los sistemas de servicios sociales y de salud son dif\u00edciles de navegar. El punto de acceso es un sistema coordinado de apoyo que conecta a los ni\u00f1os y sus cuidadores con los beneficios estatales y los servicios locales en su comunidad. <a href=\"\/es\/help-me-grow-wa-network\/\">Encuentra Help Me Grow en tu comunidad<\/a>.<\/p>\n<\/div>\n\t\t\t\t\t\t\t\t\t<\/div>\n\t\t\t<\/div>\n\t\t\t\t\t<div class=\"icon-bullet\">\n\t\t\t\t\t\t\t\t<div class=\"image-wrapper\">\n\t\t\t\t\t<img decoding=\"async\" src=\"https:\/\/helpmegrowwa.org\/wp-content\/uploads\/2023\/09\/icon-family-community-outreach.svg\">\n\t\t\t\t<\/div>\n\t\t\t\t\t\t\t\t<div class=\"writing-wrapper\">\n\t\t\t\t\t\t\t\t\t\t\t<div><h3><span style=\"color: #561553;\">Alcance familiar y comunitario<\/span><\/h3>\n<p>Family + Community Outreach involucra a socios comunitarios en la construcci\u00f3n de relaciones entre los sistemas de la primera infancia. Adem\u00e1s, otorga importancia a la creaci\u00f3n de un mensaje unificado y un enfoque de divulgaci\u00f3n para las familias sobre la promoci\u00f3n del desarrollo infantil.<\/p>\n<\/div>\n\t\t\t\t\t\t\t\t\t<\/div>\n\t\t\t<\/div>\n\t\t\t\t\t<div class=\"icon-bullet\">\n\t\t\t\t\t\t\t\t<div class=\"image-wrapper\">\n\t\t\t\t\t<img decoding=\"async\" src=\"https:\/\/helpmegrowwa.org\/wp-content\/uploads\/2023\/09\/icon-child-health-care-provider-outreach.svg\">\n\t\t\t\t<\/div>\n\t\t\t\t\t\t\t\t<div class=\"writing-wrapper\">\n\t\t\t\t\t\t\t\t\t\t\t<div><h3><span style=\"color: #561553;\">Alcance de proveedores de atenci\u00f3n m\u00e9dica infantil<\/span><\/h3>\n<p>Reconociendo que los proveedores de atenci\u00f3n m\u00e9dica tienen muchas oportunidades para apoyar el desarrollo infantil saludable, este alcance los llama a ser defensores de Help Me Grow y fortalecer las relaciones que aumentan el seguimiento del desarrollo infantil y el apoyo temprano para los ni\u00f1os.<\/p>\n<\/div>\n\t\t\t\t\t\t\t\t\t<\/div>\n\t\t\t<\/div>\n\t\t\t\t\t<div class=\"icon-bullet\">\n\t\t\t\t\t\t\t\t<div class=\"image-wrapper\">\n\t\t\t\t\t<img decoding=\"async\" src=\"https:\/\/helpmegrowwa.org\/wp-content\/uploads\/2023\/09\/icon-data-collection-analysis.svg\">\n\t\t\t\t<\/div>\n\t\t\t\t\t\t\t\t<div class=\"writing-wrapper\">\n\t\t\t\t\t\t\t\t\t\t\t<div><h3><span style=\"color: #561553;\">Recopilaci\u00f3n de datos + an\u00e1lisis<\/span><\/h3>\n<p>La recopilaci\u00f3n y evaluaci\u00f3n de datos coherentes son esenciales para saber c\u00f3mo se est\u00e1n desarrollando los ni\u00f1os, qu\u00e9 necesitan las familias y para ayudar a identificar barreras de acceso y brechas sist\u00e9micas para reforzar los esfuerzos de promoci\u00f3n que mejorar\u00e1n el sistema.<\/p>\n<\/div>\n\t\t\t\t\t\t\t\t\t<\/div>\n\t\t\t<\/div>\n\t\t\t\t\t<div class=\"icon-bullet\">\n\t\t\t\t\t\t\t\t<div class=\"image-wrapper\">\n\t\t\t\t\t<img decoding=\"async\" src=\"https:\/\/helpmegrowwa.org\/wp-content\/uploads\/2023\/10\/icon-system-structural-elements.svg\">\n\t\t\t\t<\/div>\n\t\t\t\t\t\t\t\t<div class=\"writing-wrapper\">\n\t\t\t\t\t\t\t\t\t\t\t<div><h3><span style=\"color: #561553;\">Elementos estructurales del sistema<\/span><\/h3>\n<p>Help Me Grow depende de elementos estructurales que proporcionan la base para construir y gestionar todos los componentes del sistema de forma eficaz a lo largo del tiempo. El estado <strong>Entidad Organizadora<\/strong> (<a href=\"https:\/\/withinreachwa.org\/\" target=\"_blank\" rel=\"noopener\">WithinReach<\/a>) proporciona supervisi\u00f3n del sistema y soporte a los sistemas HMG locales a medida que se desarrollan. <strong>Escalar y difundir<\/strong> crea activamente oportunidades para que nuevas comunidades se unan e informen sobre los esfuerzos de construcci\u00f3n del sistema del HMG. <strong>Mejora continua del sistema<\/strong> enfatiza las mejoras a lo largo del tiempo que producen resultados \u00f3ptimos para los ni\u00f1os y las familias, maximizan la eficiencia y generan mejores pr\u00e1cticas. La red HMG est\u00e1 estrat\u00e9gicamente posicionada para apoyar <strong>Abogac\u00eda<\/strong> y una agenda legislativa compartida que promueva el desarrollo saludable de todos los ni\u00f1os peque\u00f1os.<\/p>\n<\/div>\n\t\t\t\t\t\t\t\t\t<\/div>\n\t\t\t<\/div>\n\t\t\t<\/div>\n\t<script>\n\t(function($) {\n\t\t\/\/ Get the block ID\n\t\tvar id = \"#block_49c3d39317947f6793610e2624a9328b\";\n\t\t\/\/ Reveal the block\n\t\tvar container = document.documentElement;\n\t\tScrollReveal().reveal(id + \" .container .icon-bullet\", {origin: \"bottom\", distance: \"20px\", duration: 1000, container: container});\n\t}(jQuery))\n\t<\/script>\n<\/div>\n\n<div id=\"block_2f9b09382aa4d0d6e13f390832f505de\" class=\"invitation-block light-gray center\">\t\n\t<div class=\"container purple\">\n\t\t<p>Para obtener m\u00e1s informaci\u00f3n sobre el modelo del sistema Help Me Grow y el importante trabajo que se est\u00e1 realizando en todo el pa\u00eds, visite el sitio web del Centro Nacional Help Me Grow.<\/p>\n\t\t\t\t<a class=\"btn orange\" href=\"https:\/\/helpmegrownational.org\/\" target=\"_blank\">Visita el sitio web<\/a>\n\t\t\t<\/div>\n<\/div>\n\n\n<div id=\"block_09b82241e70cb397cd5a3127ff9ef050\" class=\"news-feature-block\">\n\t<div class=\"container\">\n\t\t<div class=\"title\">\n\t\t\t\t\t\t\t<h2>Noticias + Actualizaciones<\/h2>\n\t\t\t\t\t<\/div>\n\t\t<div class=\"wrapper\">\n\t\t\t\t\t\t\t\n\t\t\t\t\t\t\t\t\t\t\t\t\t\t\t\t\t\t\t\t<a class=\"article\" href=\"https:\/\/conta.cc\/4c23dcA\" target=\"_blank\">\n\t\t\t\t\t\t\t\t\t\t\t<div class=\"picture\">\n\t\t\t\t\t\t\t\t\t\t\t\t\t\t<img decoding=\"async\" src=\"https:\/\/helpmegrowwa.org\/wp-content\/uploads\/2026\/03\/HMG-WA-Network-Newsletter-header-14-260x180.png\" srcset=\"https:\/\/helpmegrowwa.org\/wp-content\/uploads\/2026\/03\/HMG-WA-Network-Newsletter-header-14-260x180.png 260w, https:\/\/helpmegrowwa.org\/wp-content\/uploads\/2026\/03\/HMG-WA-Network-Newsletter-header-14-520x200.png 520w\" sizes=\"260px\">\n\t\t\t\t\t\t\t\t\t\t\t\t\t\t\t<div class=\"type-label\">Boletin informativo<\/div>\n\t\t\t\t\t\t\t\t\t\t\t\t\t<\/div>\n\t\t\t\t\t\t<div class=\"content\">\n\t\t\t\t\t\t\t\t\t\t\t\t\t\t\t<div class=\"date\">1 de abril de 2026<\/div>\n\t\t\t\t\t\t\t\t\t\t\t\t\t\t<div class=\"text\">\n\t\t\t\t\t\t\t\t<h3 class=\"title\">Bolet\u00edn informativo de HMG WA de marzo de 2026 (en espa\u00f1ol)<\/h3>\n\t\t\t\t\t\t\t\t<div class=\"summary\">Celebre a la red de Ay\u00fadame a Crecer Washington y conozca los avances que hemos logrado en varias iniciativas estrat\u00e9gicas del Plan estrat\u00e9gico de Ay\u00fadame a Crecer Washington.<\/div>\n\t\t\t\t\t\t\t<\/div>\n\t\t\t\t\t\t\t<div class=\"more\">\n\t\t\t\t\t\t\t\tLee mas\n\t\t\t\t\t\t\t\t<svg class=\"arrow\" aria-hidden=\"true\" focusable=\"false\" data-prefix=\"fas\" data-icon=\"long-arrow-right\" role=\"img\" xmlns=\"http:\/\/www.w3.org\/2000\/svg\" viewbox=\"0 0 448 512\"><path fill=\"#ababab\" d=\"M254.544 154.427L320.118 220H24c-13.255 0-24 10.745-24 24v24c0 13.255 10.745 24 24 24h296.118l-65.574 65.573c-9.373 9.373-9.373 24.569 0 33.941l16.971 16.971c9.373 9.373 24.569 9.373 33.941 0L440.97 272.97c9.373-9.373 9.373-24.569 0-33.941L305.456 103.515c-9.373-9.373-24.569-9.373-33.941 0l-16.971 16.971c-9.373 9.372-9.373 24.568 0 33.941z\"><\/path><\/svg>\n\t\t\t\t\t\t\t<\/div>\n\t\t\t\t\t\t<\/div>\n\t\t\t\t\t<\/a>\n\t\t\t\t\t\t\t\t\t\t\t\t\t\t\t\t\t\t\t\t\t\t\t\t\t<a class=\"article\" href=\"https:\/\/conta.cc\/4d61btX\" target=\"_blank\">\n\t\t\t\t\t\t\t\t\t\t\t<div class=\"picture\">\n\t\t\t\t\t\t\t\t\t\t\t\t\t\t<img decoding=\"async\" src=\"https:\/\/helpmegrowwa.org\/wp-content\/uploads\/2026\/03\/HMG-WA-Network-Newsletter-header-13-260x180.png\" srcset=\"https:\/\/helpmegrowwa.org\/wp-content\/uploads\/2026\/03\/HMG-WA-Network-Newsletter-header-13-260x180.png 260w, https:\/\/helpmegrowwa.org\/wp-content\/uploads\/2026\/03\/HMG-WA-Network-Newsletter-header-13-520x200.png 520w\" sizes=\"260px\">\n\t\t\t\t\t\t\t\t\t\t\t\t\t\t\t<div class=\"type-label\">Boletin informativo<\/div>\n\t\t\t\t\t\t\t\t\t\t\t\t\t<\/div>\n\t\t\t\t\t\t<div class=\"content\">\n\t\t\t\t\t\t\t\t\t\t\t\t\t\t\t<div class=\"date\">31 de marzo de 2026<\/div>\n\t\t\t\t\t\t\t\t\t\t\t\t\t\t<div class=\"text\">\n\t\t\t\t\t\t\t\t<h3 class=\"title\">Bolet\u00edn informativo de HMG WA de marzo de 2026<\/h3>\n\t\t\t\t\t\t\t\t<div class=\"summary\">Celebre la red Help Me Grow WA y conozca el progreso logrado en varias de las iniciativas estrat\u00e9gicas del Plan Estrat\u00e9gico Help Me Grow WA.<\/div>\n\t\t\t\t\t\t\t<\/div>\n\t\t\t\t\t\t\t<div class=\"more\">\n\t\t\t\t\t\t\t\tLee mas\n\t\t\t\t\t\t\t\t<svg class=\"arrow\" aria-hidden=\"true\" focusable=\"false\" data-prefix=\"fas\" data-icon=\"long-arrow-right\" role=\"img\" xmlns=\"http:\/\/www.w3.org\/2000\/svg\" viewbox=\"0 0 448 512\"><path fill=\"#ababab\" d=\"M254.544 154.427L320.118 220H24c-13.255 0-24 10.745-24 24v24c0 13.255 10.745 24 24 24h296.118l-65.574 65.573c-9.373 9.373-9.373 24.569 0 33.941l16.971 16.971c9.373 9.373 24.569 9.373 33.941 0L440.97 272.97c9.373-9.373 9.373-24.569 0-33.941L305.456 103.515c-9.373-9.373-24.569-9.373-33.941 0l-16.971 16.971c-9.373 9.372-9.373 24.568 0 33.941z\"><\/path><\/svg>\n\t\t\t\t\t\t\t<\/div>\n\t\t\t\t\t\t<\/div>\n\t\t\t\t\t<\/a>\n\t\t\t\t\t\t\t\t\t\t\t\t\t\t\t\t\t\t\t\t\t\t\t\t\t<a class=\"article\" href=\"https:\/\/helpmegrowwa.org\/es\/reaching-new-heights-partnering-to-support-child-development\">\n\t\t\t\t\t\t\t\t\t\t\t<div class=\"picture\">\n\t\t\t\t\t\t\t\t\t\t\t\t\t\t<img decoding=\"async\" src=\"https:\/\/helpmegrowwa.org\/wp-content\/uploads\/2026\/03\/NEWS-STORY-TITLE-5-e1774371040337-260x180.png\" srcset=\"https:\/\/helpmegrowwa.org\/wp-content\/uploads\/2026\/03\/NEWS-STORY-TITLE-5-e1774371040337-260x180.png 260w, https:\/\/helpmegrowwa.org\/wp-content\/uploads\/2026\/03\/NEWS-STORY-TITLE-5-e1774371040337-520x360.png 520w\" sizes=\"260px\">\n\t\t\t\t\t\t\t\t\t\t\t\t\t\t\t<div class=\"type-label\">Entrada<\/div>\n\t\t\t\t\t\t\t\t\t\t\t\t\t<\/div>\n\t\t\t\t\t\t<div class=\"content\">\n\t\t\t\t\t\t\t\t\t\t\t\t\t\t\t<div class=\"date\">24 de marzo de 2026<\/div>\n\t\t\t\t\t\t\t\t\t\t\t\t\t\t<div class=\"text\">\n\t\t\t\t\t\t\t\t<h3 class=\"title\">Alcanzando nuevas metas: Colaborando para apoyar el desarrollo infantil.<\/h3>\n\t\t\t\t\t\t\t\t<div class=\"summary\">\u00a1Nuevo recurso para familias y parejas! Help Me Grow WA se ha asociado con la secci\u00f3n de Washington de la Academia Estadounidense de Pediatr\u00eda (WCAAP) para crear conjuntamente una divertida tabla de crecimiento biling\u00fce para ni\u00f1os de 2 meses a 5 a\u00f1os. Dise\u00f1ada pensando en la experiencia pedi\u00e1trica y las familias, cada tabla incluye hitos clave del desarrollo y maneras sencillas en que las familias pueden apoyar el crecimiento y el aprendizaje de sus hijos. <\/div>\n\t\t\t\t\t\t\t<\/div>\n\t\t\t\t\t\t\t<div class=\"more\">\n\t\t\t\t\t\t\t\tLee mas\n\t\t\t\t\t\t\t\t<svg class=\"arrow\" aria-hidden=\"true\" focusable=\"false\" data-prefix=\"fas\" data-icon=\"long-arrow-right\" role=\"img\" xmlns=\"http:\/\/www.w3.org\/2000\/svg\" viewbox=\"0 0 448 512\"><path fill=\"#ababab\" d=\"M254.544 154.427L320.118 220H24c-13.255 0-24 10.745-24 24v24c0 13.255 10.745 24 24 24h296.118l-65.574 65.573c-9.373 9.373-9.373 24.569 0 33.941l16.971 16.971c9.373 9.373 24.569 9.373 33.941 0L440.97 272.97c9.373-9.373 9.373-24.569 0-33.941L305.456 103.515c-9.373-9.373-24.569-9.373-33.941 0l-16.971 16.971c-9.373 9.372-9.373 24.568 0 33.941z\"><\/path><\/svg>\n\t\t\t\t\t\t\t<\/div>\n\t\t\t\t\t\t<\/div>\n\t\t\t\t\t<\/a>\n\t\t\t\t\t\t\t\t\t\t\t\t\t\t\t\t\t\t\t\t\t\t\t\t\t<a class=\"article\" href=\"https:\/\/helpmegrowwa.org\/es\/news\/celebrating-the-2026-help-me-grow-washington-network\">\n\t\t\t\t\t\t\t\t\t\t\t<div class=\"picture\">\n\t\t\t\t\t\t\t\t\t\t\t\t\t\t<img decoding=\"async\" src=\"https:\/\/helpmegrowwa.org\/wp-content\/uploads\/2026\/03\/NEWS-STORY-TITLE-4-260x180.png\" srcset=\"https:\/\/helpmegrowwa.org\/wp-content\/uploads\/2026\/03\/NEWS-STORY-TITLE-4-260x180.png 260w, https:\/\/helpmegrowwa.org\/wp-content\/uploads\/2026\/03\/NEWS-STORY-TITLE-4-520x360.png 520w\" sizes=\"260px\">\n\t\t\t\t\t\t\t\t\t\t\t\t\t\t\t<div class=\"type-label\">Noticias<\/div>\n\t\t\t\t\t\t\t\t\t\t\t\t\t<\/div>\n\t\t\t\t\t\t<div class=\"content\">\n\t\t\t\t\t\t\t\t\t\t\t\t\t\t\t<div class=\"date\">23 de marzo de 2026<\/div>\n\t\t\t\t\t\t\t\t\t\t\t\t\t\t<div class=\"text\">\n\t\t\t\t\t\t\t\t<h3 class=\"title\">\u00a1Celebrando la red Help Me Grow Washington de 2026!<\/h3>\n\t\t\t\t\t\t\t\t<div class=\"summary\">\u00a1Nos complace dar la bienvenida a Help Me Grow Whatcom y Help Me Grow Grays Harbor a la red Help Me Grow Washington! \ud83d\udc9c Con su incorporaci\u00f3n, m\u00e1s comunidades en todo el estado est\u00e1n creando sistemas de apoyo coordinados y centrados en la familia, fortaleciendo las conexiones y facilitando que las familias accedan a los recursos que necesitan, cuando los necesitan.\u00a0<\/div>\n\t\t\t\t\t\t\t<\/div>\n\t\t\t\t\t\t\t<div class=\"more\">\n\t\t\t\t\t\t\t\tLee mas\n\t\t\t\t\t\t\t\t<svg class=\"arrow\" aria-hidden=\"true\" focusable=\"false\" data-prefix=\"fas\" data-icon=\"long-arrow-right\" role=\"img\" xmlns=\"http:\/\/www.w3.org\/2000\/svg\" viewbox=\"0 0 448 512\"><path fill=\"#ababab\" d=\"M254.544 154.427L320.118 220H24c-13.255 0-24 10.745-24 24v24c0 13.255 10.745 24 24 24h296.118l-65.574 65.573c-9.373 9.373-9.373 24.569 0 33.941l16.971 16.971c9.373 9.373 24.569 9.373 33.941 0L440.97 272.97c9.373-9.373 9.373-24.569 0-33.941L305.456 103.515c-9.373-9.373-24.569-9.373-33.941 0l-16.971 16.971c-9.373 9.372-9.373 24.568 0 33.941z\"><\/path><\/svg>\n\t\t\t\t\t\t\t<\/div>\n\t\t\t\t\t\t<\/div>\n\t\t\t\t\t<\/a>\n\t\t\t\t\t\t\t\t\t\t\t\t\t\n\t\t\t\t\t\t\t\n\t\t<\/div>\n\t<\/div>\n\t<script>\n\t\n\t(function($) {\n\t\n\t\t\/\/ Get the block ID\n\t\tvar id = \"#block_09b82241e70cb397cd5a3127ff9ef050\";\n\t\t\n\t\t\/\/ Reveal foreground elements\n\t\tScrollReveal().reveal(id + \" .article\", {origin: \"bottom\", distance: \"20px\", duration: 1000, viewFactor: 0.2, interval: 100, reset: false});\n\t\t\n\t})(jQuery)\n\t\n\t<\/script>\t\n<\/div>","protected":false},"excerpt":{"rendered":"","protected":false},"author":2,"featured_media":0,"parent":0,"menu_order":160,"comment_status":"closed","ping_status":"closed","template":"","meta":{"_acf_changed":false,"footnotes":""},"acf":[],"_links":{"self":[{"href":"https:\/\/helpmegrowwa.org\/es\/wp-json\/wp\/v2\/pages\/6338"}],"collection":[{"href":"https:\/\/helpmegrowwa.org\/es\/wp-json\/wp\/v2\/pages"}],"about":[{"href":"https:\/\/helpmegrowwa.org\/es\/wp-json\/wp\/v2\/types\/page"}],"author":[{"embeddable":true,"href":"https:\/\/helpmegrowwa.org\/es\/wp-json\/wp\/v2\/users\/2"}],"replies":[{"embeddable":true,"href":"https:\/\/helpmegrowwa.org\/es\/wp-json\/wp\/v2\/comments?post=6338"}],"version-history":[{"count":64,"href":"https:\/\/helpmegrowwa.org\/es\/wp-json\/wp\/v2\/pages\/6338\/revisions"}],"predecessor-version":[{"id":8790,"href":"https:\/\/helpmegrowwa.org\/es\/wp-json\/wp\/v2\/pages\/6338\/revisions\/8790"}],"wp:attachment":[{"href":"https:\/\/helpmegrowwa.org\/es\/wp-json\/wp\/v2\/media?parent=6338"}],"curies":[{"name":"gracias","href":"https:\/\/api.w.org\/{rel}","templated":true}]}}