{"id":6556,"date":"2023-10-10T20:27:38","date_gmt":"2023-10-10T20:27:38","guid":{"rendered":"https:\/\/helpmegrowwa.org\/?page_id=6556"},"modified":"2026-03-04T19:12:40","modified_gmt":"2026-03-04T19:12:40","slug":"hotline","status":"publish","type":"page","link":"https:\/\/helpmegrowwa.org\/es\/hotline","title":{"rendered":"L\u00ednea directa"},"content":{"rendered":"<div id=\"block_ca8c6e752a8f88b5ccfaa0c2fc5f5440\" class=\"fifty-fifty-block dark-purple right fifty-fifty-banner\">\n\t<img decoding=\"async\" class=\"flower-graphic\" src=\"https:\/\/helpmegrowwa.org\/wp-content\/themes\/helpmegrowwa\/images\/banner-text-shapes.svg\">\n\t<div class=\"info\">\n\t\t<div class=\"container regular center\">\n\t\t\t<h1>Llame a una l\u00ednea directa Help Me Grow Washington<\/h1>\n\t\t\t\t\t<\/div>\n\t<\/div>\n\t\t<div class=\"image\" style=\"background-image: url(https:\/\/helpmegrowwa.org\/wp-content\/uploads\/2023\/09\/Help-Me-Grow-Washington-Hotline-Call-Today.jpg);background-position: center center;\">\n\t\t\t\t\t<img decoding=\"async\" class=\"corner\" src=\"https:\/\/helpmegrowwa.org\/wp-content\/themes\/helpmegrowwa\/images\/fifty-fifty-corner-piece.svg\">\n\t\t\t\t\t<\/div>\n\t<script>\n\t(function($) {\n\t\t\/\/ Get the block ID\n\t\tvar id = \"#block_ca8c6e752a8f88b5ccfaa0c2fc5f5440\";\n\t\t\/\/ Reveal the block\n\t\tvar container = document.documentElement;\n\t\tScrollReveal().reveal(id + \".left .image\", {origin: \"left\", distance: \"20px\", duration: 1000});\n\t\tScrollReveal().reveal(id + \".left .info .container\", {origin: \"right\", distance: \"20px\", duration: 1000});\n\t\tScrollReveal().reveal(id + \".right .image\", {origin: \"right\", distance: \"20px\", duration: 1000});\n\t\tScrollReveal().reveal(id + \".right .info .container\", {origin: \"left\", distance: \"20px\", duration: 1000});\n\t}(jQuery))\n\t<\/script>\n<\/div>\n\n<div id=\"block_c74c07c60f7bcf962bf773dfe23f817e\" class=\"text-block white large center\">\n\t<div class=\"container one-column narrow\">\n\t\t<p>Estamos aqu\u00ed para ayudarte. Ll\u00e1manos para conectarte con un asesor de recursos familiares amable y experto que te ayudar\u00e1 a comprender y solicitar diversos recursos. Los servicios Help Me Grow son gratuitos y est\u00e1n disponibles para cualquier persona en el estado de Washington.<\/p>\n\t<\/div>\n\t<script>\n\t\t(function($) {\n\t\t\t\/\/ Get the block ID\n\t\t\tvar id = \"#block_c74c07c60f7bcf962bf773dfe23f817e\";\n\t\t\t\/\/ Reveal the block\n\t\t\tvar container = document.documentElement;\n\t\t\tScrollReveal().reveal(id + \" .container\", {origin: \"bottom\", distance: \"20px\", duration: 1000, container: container});\n\t\t}(jQuery))\n\t<\/script>\n<\/div>\n\n<div id=\"block_15163bac9f7e4694002ed0b985d861d4\" class=\"hotlines-block white\">\n\t<div class=\"boxes-wrapper\">\n\t\t<div class=\"boxes\">\n\t\t\t\n\t\t\t<div class=\"container\">\n\t\t\t\t<div class=\"box border-light-gray\">\n\t\t\t\t\t<div class=\"hotline-name\">Condado de Skagit<br>L\u00ednea directa:<\/div>\n\t\t\t\t\t<div class=\"hotline-phone\"><svg height=\"29\" viewbox=\"0 0 20 29\" width=\"20\" xmlns=\"http:\/\/www.w3.org\/2000\/svg\"><path d=\"m818.598155 875.186961-3.470088-4.138667c-.837272-.903819-1.800993-1.268685-2.959922-.673151l-1.158872.61992c-.644307.329378-.648764.518994-.887182.888289-.621027.968149-1.456086.747447-1.850874.329378-1.669009-1.778792-3.749444-5.777895-3.768181-5.81537-.697538-1.357374-1.122278-2.778-1.371796-4.188634-.094263-.567796.19629-1.370689 1.345195-1.314136.440269.022181.595533.128643 1.23984-.202942l1.17883-.583325c1.158873-.593291 1.425027-1.589177 1.176616-2.796852l-1.341873-5.229972c-.489071-.969257-1.67233-1.359605-2.641587-.870545l-2.51406 1.266441c-.435841.219578-.841702.672044-1.104535 1.188824-2.121486 3.586485-1.99728 9.236627.706424 14.49868.099807.19629 4.241723 10.279101 12.489249 11.188427.573332.086501 1.174401.022179 1.608028-.205162l2.495209-1.306386c.960371-.503465 1.332987-1.691181.829522-2.654902z\" fill=\"#ff671d\" fill-rule=\"evenodd\" transform=\"translate(-799 -851)\"\/><\/svg>&nbsp;<a href=\"\/es\/tel\u00e9fono: 360-630-8352\/\">360-630-8352<\/a><\/div>\n\t\t\t\t<\/div>\n\t\t\t<\/div>\n\t\t\t\n\t\t\t<div class=\"container\">\n\t\t\t\t<div class=\"box border-light-gray\">\n\t\t\t\t\t<div class=\"hotline-name\">Washington central<br>L\u00ednea directa:<\/div>\n\t\t\t\t\t<div class=\"hotline-phone\"><svg height=\"29\" viewbox=\"0 0 20 29\" width=\"20\" xmlns=\"http:\/\/www.w3.org\/2000\/svg\"><path d=\"m818.598155 875.186961-3.470088-4.138667c-.837272-.903819-1.800993-1.268685-2.959922-.673151l-1.158872.61992c-.644307.329378-.648764.518994-.887182.888289-.621027.968149-1.456086.747447-1.850874.329378-1.669009-1.778792-3.749444-5.777895-3.768181-5.81537-.697538-1.357374-1.122278-2.778-1.371796-4.188634-.094263-.567796.19629-1.370689 1.345195-1.314136.440269.022181.595533.128643 1.23984-.202942l1.17883-.583325c1.158873-.593291 1.425027-1.589177 1.176616-2.796852l-1.341873-5.229972c-.489071-.969257-1.67233-1.359605-2.641587-.870545l-2.51406 1.266441c-.435841.219578-.841702.672044-1.104535 1.188824-2.121486 3.586485-1.99728 9.236627.706424 14.49868.099807.19629 4.241723 10.279101 12.489249 11.188427.573332.086501 1.174401.022179 1.608028-.205162l2.495209-1.306386c.960371-.503465 1.332987-1.691181.829522-2.654902z\" fill=\"#ff671d\" fill-rule=\"evenodd\" transform=\"translate(-799 -851)\"\/><\/svg>&nbsp;<a href=\"\/es\/tel\u00e9fono:509-490-3009\/\">509-490-3009<\/a><\/div>\n\t\t\t\t<\/div>\n\t\t\t<\/div>\n\t\t\t\n\t\t\t<div class=\"container\">\n\t\t\t\t<div class=\"box border-light-gray\">\n\t\t\t\t\t<div class=\"hotline-name\">En todo el estado<br>L\u00ednea directa:<\/div>\n\t\t\t\t\t<div class=\"hotline-phone\"><svg height=\"29\" viewbox=\"0 0 20 29\" width=\"20\" xmlns=\"http:\/\/www.w3.org\/2000\/svg\"><path d=\"m818.598155 875.186961-3.470088-4.138667c-.837272-.903819-1.800993-1.268685-2.959922-.673151l-1.158872.61992c-.644307.329378-.648764.518994-.887182.888289-.621027.968149-1.456086.747447-1.850874.329378-1.669009-1.778792-3.749444-5.777895-3.768181-5.81537-.697538-1.357374-1.122278-2.778-1.371796-4.188634-.094263-.567796.19629-1.370689 1.345195-1.314136.440269.022181.595533.128643 1.23984-.202942l1.17883-.583325c1.158873-.593291 1.425027-1.589177 1.176616-2.796852l-1.341873-5.229972c-.489071-.969257-1.67233-1.359605-2.641587-.870545l-2.51406 1.266441c-.435841.219578-.841702.672044-1.104535 1.188824-2.121486 3.586485-1.99728 9.236627.706424 14.49868.099807.19629 4.241723 10.279101 12.489249 11.188427.573332.086501 1.174401.022179 1.608028-.205162l2.495209-1.306386c.960371-.503465 1.332987-1.691181.829522-2.654902z\" fill=\"#ff671d\" fill-rule=\"evenodd\" transform=\"translate(-799 -851)\"\/><\/svg>&nbsp;<a href=\"\/es\/tel\u00e9fono: 1-800-322-2588\/\">1-800-322-2588<\/a><\/div>\n\t\t\t\t<\/div>\n\t\t\t<\/div>\n\t\t\n\t\t<\/div>\n\t<\/div>\n\t<script>\n\t\n\t(function($) {\n\t\n\t\t\/\/ Get the block ID\n\t\tvar id = \"#block_15163bac9f7e4694002ed0b985d861d4\";\n\t\t\n\t\t$(id + \" .boxes-wrapper .boxes .box\").hover(function() {\n\t\t\t$(this).find(\".arrow\").addClass(\"hover\");\n\t\t\t$(this).find(\"img\").addClass(\"hover\");\n\t\t}, function() {\n\t\t\t$(this).find(\".arrow\").removeClass(\"hover\");\n\t\t\t$(this).find(\"img\").removeClass(\"hover\");\n\t\t});\n\t\t\n\t\t\/\/ Reveal foreground elements\n\t\tScrollReveal().reveal(id + \" .container\", {origin: \"bottom\", distance: \"20px\", duration: 1000, viewFactor: 0.2, interval: 100, reset: false});\n\t\n\t})(jQuery)\n\t\n\t<\/script>\n<\/div>\n\n<div id=\"block_bb0f040fb55773afbc62507493fb20d9\" class=\"text-block white large left\">\n\t<div class=\"container one-column full\">\n\t\t<h3><span style=\"color: #561553;\">\u00bfNecesita usted o alguien que conoce apoyo en estas \u00e1reas? Podemos ayudar.<\/span><\/h3>\n<ul>\n<li>Recursos nutricionales, como Alimentos B\u00e1sicos (SNAP), o cupones de alimentos; el programa de nutrici\u00f3n para Mujeres, Beb\u00e9s y Ni\u00f1os (WIC); y bancos de alimentos<\/li>\n<li>ORCA LIFT o tarifa de tr\u00e1nsito reducida en sistemas de tr\u00e1nsito regionales selectos en toda el \u00e1rea de Puget Sound<\/li>\n<li>Apoyo para necesidades b\u00e1sicas, como asistencia para vivienda y servicios p\u00fablicos.<\/li>\n<li>Seguro m\u00e9dico gratuito o de bajo costo, incluido Medicaid (Apple Health) y <span class=\"NormalTextRun SCXW265490705 BCX0\">Planes de salud calificados a trav\u00e9s del mercado estatal<\/span><\/li>\n<li>Conexi\u00f3n a centros de salud comunitarios y vacunaci\u00f3n gratuita o de bajo costo.<\/li>\n<li>Ex\u00e1menes de desarrollo infantil y recursos de aprendizaje temprano<\/li>\n<li>Servicios de intervenci\u00f3n temprana para beb\u00e9s y ni\u00f1os peque\u00f1os<\/li>\n<li>Atenci\u00f3n prenatal, servicios de parto y suministros para beb\u00e9s.<\/li>\n<li>Recursos para padres y cuidadores, como cuidado infantil, ropa, apoyo en el hogar y grupos de apoyo.<\/li>\n<li>Recursos de salud mental y conductual<\/li>\n<li>Apoyo a ni\u00f1os con necesidades especiales de salud y desarrollo.<\/li>\n<\/ul>\n\t<\/div>\n\t<script>\n\t\t(function($) {\n\t\t\t\/\/ Get the block ID\n\t\t\tvar id = \"#block_bb0f040fb55773afbc62507493fb20d9\";\n\t\t\t\/\/ Reveal the block\n\t\t\tvar container = document.documentElement;\n\t\t\tScrollReveal().reveal(id + \" .container\", {origin: \"bottom\", distance: \"20px\", duration: 1000, container: container});\n\t\t}(jQuery))\n\t<\/script>\n<\/div>\n\n<div id=\"block_4488fc131082301626e6032eb4b3d4a1\" class=\"tile-block light-gray\">\n\t<div class=\"container left\">\n\t\t<div class=\"image\">\n\t\t\t<div class=\"wrapper\">\n\t\t\t\t\t\t\t\t<img decoding=\"async\" src=\"https:\/\/helpmegrowwa.org\/wp-content\/uploads\/2023\/09\/Multilanguage-Support-and-Resources-Help-Me-Grow-555x392.jpg\" srcset=\"https:\/\/helpmegrowwa.org\/wp-content\/uploads\/2023\/09\/Multilanguage-Support-and-Resources-Help-Me-Grow-555x392.jpg 555w, https:\/\/helpmegrowwa.org\/wp-content\/uploads\/2023\/09\/Multilanguage-Support-and-Resources-Help-Me-Grow-1110x784.jpg 1110w\" sizes=\"555px\">\n\t\t\t<\/div>\n\t\t<\/div>\n\t\t<div class=\"text\">\n\t\t\t\t\t\t<h2><span style=\"color: #00609c;\">Podemos atenderte en tu idioma.<\/span><\/h2>\n<p>Contamos con personal biling\u00fce y bicultural que habla espa\u00f1ol. Otros idiomas se atienden mediante int\u00e9rpretes a trav\u00e9s de AT&amp;T Language Line. Nuestros especialistas no tienen cupos ni l\u00edmites de tiempo, por lo que podemos hablar todo el tiempo que desees para conectarte con los servicios que necesitas. Adem\u00e1s, podemos evaluarlo e iniciar solicitudes por tel\u00e9fono, o brindarle informaci\u00f3n y una referencia r\u00e1pida: \u00a1usted decide!<\/p>\n\t\t<\/div>\n\t<\/div>\n\t<script>\n\t(function($) {\n\t\t\/\/ Get the block ID\n\t\tvar id = \"#block_4488fc131082301626e6032eb4b3d4a1\";\n\t\t\/\/ Reveal the block\n\t\tvar container = document.documentElement;\n\t\tScrollReveal().reveal(id + \" .container.left .image\", {origin: \"left\", distance: \"20px\", duration: 1000, container: container});\n\t\tScrollReveal().reveal(id + \" .container.left .text\", {origin: \"right\", distance: \"20px\", duration: 1000, container: container});\n\t\tScrollReveal().reveal(id + \" .container.right .image\", {origin: \"right\", distance: \"20px\", duration: 1000, container: container});\n\t\tScrollReveal().reveal(id + \" .container.right .text\", {origin: \"left\", distance: \"20px\", duration: 1000, container: container});\n\t}(jQuery))\n\t<\/script>\n<\/div>\n\n<div id=\"block_c2cdbf78d715332efb7848ca61f756d8\" class=\"tile-block light-gray\">\n\t<div class=\"container right\">\n\t\t<div class=\"image\">\n\t\t\t<div class=\"wrapper\">\n\t\t\t\t\t\t\t\t<img decoding=\"async\" src=\"https:\/\/helpmegrowwa.org\/wp-content\/uploads\/2023\/09\/Help-Me-Grow-Washington-Community-Partners-555x392.jpg\" srcset=\"https:\/\/helpmegrowwa.org\/wp-content\/uploads\/2023\/09\/Help-Me-Grow-Washington-Community-Partners-555x392.jpg 555w, https:\/\/helpmegrowwa.org\/wp-content\/uploads\/2023\/09\/Help-Me-Grow-Washington-Community-Partners-1110x784.jpg 1110w\" sizes=\"555px\">\n\t\t\t<\/div>\n\t\t<\/div>\n\t\t<div class=\"text\">\n\t\t\t\t\t\t<h2><span style=\"color: #00609c;\">\u00a1Tambi\u00e9n estamos aqu\u00ed para proveedores y socios comunitarios!<\/span><\/h2>\n<p>\u00bfHay alg\u00fan ni\u00f1o, padre o cuidador a quien usted atiende que podr\u00eda beneficiarse de nuestros servicios? Rem\u00edtalos a la l\u00ednea directa Help Me Grow Washington y nuestros especialistas expertos podr\u00e1n ayudar a su cliente a comprender las pautas de elegibilidad para programas de nutrici\u00f3n o seguros m\u00e9dicos patrocinados por el estado, c\u00f3mo solicitar beneficios y d\u00f3nde acceder a los servicios. Nuestros especialistas pueden evaluar la elegibilidad, iniciar una solicitud de beneficios por tel\u00e9fono y enviar correos electr\u00f3nicos o mensajes de texto a recursos locales.<\/p>\n<h4><strong><a class=\"page-link\" href=\"\/es\/refer-a-family\/\">Obtenga m\u00e1s informaci\u00f3n sobre las referencias a Help Me Grow <img decoding=\"async\" src=\"\/wp-content\/themes\/helpmegrowwa\/images\/text-block-orange-arrow.svg\" \/><\/a><\/strong><\/h4>\n\t\t<\/div>\n\t<\/div>\n\t<script>\n\t(function($) {\n\t\t\/\/ Get the block ID\n\t\tvar id = \"#block_c2cdbf78d715332efb7848ca61f756d8\";\n\t\t\/\/ Reveal the block\n\t\tvar container = document.documentElement;\n\t\tScrollReveal().reveal(id + \" .container.left .image\", {origin: \"left\", distance: \"20px\", duration: 1000, container: container});\n\t\tScrollReveal().reveal(id + \" .container.left .text\", {origin: \"right\", distance: \"20px\", duration: 1000, container: container});\n\t\tScrollReveal().reveal(id + \" .container.right .image\", {origin: \"right\", distance: \"20px\", duration: 1000, container: container});\n\t\tScrollReveal().reveal(id + \" .container.right .text\", {origin: \"left\", distance: \"20px\", duration: 1000, container: container});\n\t}(jQuery))\n\t<\/script>\n<\/div>\n\n<div id=\"block_64da59494f6c82e2ba62ddb781316181\" class=\"fifty-fifty-block hot-pink right\">\n\t<img decoding=\"async\" class=\"flower-graphic\" src=\"https:\/\/helpmegrowwa.org\/wp-content\/themes\/helpmegrowwa\/images\/banner-text-shapes.svg\">\n\t<div class=\"info watermark\">\n\t\t<div class=\"container regular top\">\n\t\t\t<h3>Encontrar la ayuda adecuada es dif\u00edcil. Te lo ponemos m\u00e1s f\u00e1cil.<\/h3>\n<p>Con nuestro Buscador de recursos ParentHelp123, puede buscar necesidades b\u00e1sicas, salud, desarrollo infantil y recursos para padres que est\u00e9n cerca de casa y que sean los m\u00e1s adecuados para usted y su familia.<\/p>\n\t\t\t\t\t\t\t\t\t<div class=\"link\">\n\t\t\t\t<a class=\"button orange\" href=\"https:\/\/resources.helpmegrowwa.org\/\" target=\"_blank\">\n\t\t\t\t\t\t\t\t\t\tEncuentra recursos\t\t\t\t<\/a>\n\t\t\t<\/div>\n\t\t\t\t\t<\/div>\n\t<\/div>\n\t\t<div class=\"image\" style=\"background-image: url(https:\/\/helpmegrowwa.org\/wp-content\/uploads\/2023\/09\/ParentHelp123-and-Help-Me-Grow-Washington.jpg);background-position: top center;\">\n\t\t\t\t\t<\/div>\n\t<script>\n\t(function($) {\n\t\t\/\/ Get the block ID\n\t\tvar id = \"#block_64da59494f6c82e2ba62ddb781316181\";\n\t\t\/\/ Reveal the block\n\t\tvar container = document.documentElement;\n\t\tScrollReveal().reveal(id + \".left .image\", {origin: \"left\", distance: \"20px\", duration: 1000});\n\t\tScrollReveal().reveal(id + \".left .info .container\", {origin: \"right\", distance: \"20px\", duration: 1000});\n\t\tScrollReveal().reveal(id + \".right .image\", {origin: \"right\", distance: \"20px\", duration: 1000});\n\t\tScrollReveal().reveal(id + \".right .info .container\", {origin: \"left\", distance: \"20px\", duration: 1000});\n\t}(jQuery))\n\t<\/script>\n<\/div>\n\n\n<div id=\"block_396055568b8e792be45d9c49ceda7eb0\" class=\"news-feature-block\">\n\t<div class=\"container\">\n\t\t<div class=\"title\">\n\t\t\t\t\t\t\t<h2>Noticias + Actualizaciones<\/h2>\n\t\t\t\t\t<\/div>\n\t\t<div class=\"wrapper\">\n\t\t\t\t\t\t\t\n\t\t\t\t\t\t\t\t\t\t\t\t\t\t\t\t\t\t\t\t<a class=\"article\" href=\"https:\/\/conta.cc\/4c23dcA\" target=\"_blank\">\n\t\t\t\t\t\t\t\t\t\t\t<div class=\"picture\">\n\t\t\t\t\t\t\t\t\t\t\t\t\t\t<img decoding=\"async\" src=\"https:\/\/helpmegrowwa.org\/wp-content\/uploads\/2026\/03\/HMG-WA-Network-Newsletter-header-14-260x180.png\" srcset=\"https:\/\/helpmegrowwa.org\/wp-content\/uploads\/2026\/03\/HMG-WA-Network-Newsletter-header-14-260x180.png 260w, https:\/\/helpmegrowwa.org\/wp-content\/uploads\/2026\/03\/HMG-WA-Network-Newsletter-header-14-520x200.png 520w\" sizes=\"260px\">\n\t\t\t\t\t\t\t\t\t\t\t\t\t\t\t<div class=\"type-label\">Boletin informativo<\/div>\n\t\t\t\t\t\t\t\t\t\t\t\t\t<\/div>\n\t\t\t\t\t\t<div class=\"content\">\n\t\t\t\t\t\t\t\t\t\t\t\t\t\t\t<div class=\"date\">1 de abril de 2026<\/div>\n\t\t\t\t\t\t\t\t\t\t\t\t\t\t<div class=\"text\">\n\t\t\t\t\t\t\t\t<h3 class=\"title\">Bolet\u00edn informativo de HMG WA de marzo de 2026 (en espa\u00f1ol)<\/h3>\n\t\t\t\t\t\t\t\t<div class=\"summary\">Celebre a la red de Ay\u00fadame a Crecer Washington y conozca los avances que hemos logrado en varias iniciativas estrat\u00e9gicas del Plan estrat\u00e9gico de Ay\u00fadame a Crecer Washington.<\/div>\n\t\t\t\t\t\t\t<\/div>\n\t\t\t\t\t\t\t<div class=\"more\">\n\t\t\t\t\t\t\t\tLee mas\n\t\t\t\t\t\t\t\t<svg class=\"arrow\" aria-hidden=\"true\" focusable=\"false\" data-prefix=\"fas\" data-icon=\"long-arrow-right\" role=\"img\" xmlns=\"http:\/\/www.w3.org\/2000\/svg\" viewbox=\"0 0 448 512\"><path fill=\"#ababab\" d=\"M254.544 154.427L320.118 220H24c-13.255 0-24 10.745-24 24v24c0 13.255 10.745 24 24 24h296.118l-65.574 65.573c-9.373 9.373-9.373 24.569 0 33.941l16.971 16.971c9.373 9.373 24.569 9.373 33.941 0L440.97 272.97c9.373-9.373 9.373-24.569 0-33.941L305.456 103.515c-9.373-9.373-24.569-9.373-33.941 0l-16.971 16.971c-9.373 9.372-9.373 24.568 0 33.941z\"><\/path><\/svg>\n\t\t\t\t\t\t\t<\/div>\n\t\t\t\t\t\t<\/div>\n\t\t\t\t\t<\/a>\n\t\t\t\t\t\t\t\t\t\t\t\t\t\t\t\t\t\t\t\t\t\t\t\t\t<a class=\"article\" href=\"https:\/\/conta.cc\/4d61btX\" target=\"_blank\">\n\t\t\t\t\t\t\t\t\t\t\t<div class=\"picture\">\n\t\t\t\t\t\t\t\t\t\t\t\t\t\t<img decoding=\"async\" src=\"https:\/\/helpmegrowwa.org\/wp-content\/uploads\/2026\/03\/HMG-WA-Network-Newsletter-header-13-260x180.png\" srcset=\"https:\/\/helpmegrowwa.org\/wp-content\/uploads\/2026\/03\/HMG-WA-Network-Newsletter-header-13-260x180.png 260w, https:\/\/helpmegrowwa.org\/wp-content\/uploads\/2026\/03\/HMG-WA-Network-Newsletter-header-13-520x200.png 520w\" sizes=\"260px\">\n\t\t\t\t\t\t\t\t\t\t\t\t\t\t\t<div class=\"type-label\">Boletin informativo<\/div>\n\t\t\t\t\t\t\t\t\t\t\t\t\t<\/div>\n\t\t\t\t\t\t<div class=\"content\">\n\t\t\t\t\t\t\t\t\t\t\t\t\t\t\t<div class=\"date\">31 de marzo de 2026<\/div>\n\t\t\t\t\t\t\t\t\t\t\t\t\t\t<div class=\"text\">\n\t\t\t\t\t\t\t\t<h3 class=\"title\">Bolet\u00edn informativo de HMG WA de marzo de 2026<\/h3>\n\t\t\t\t\t\t\t\t<div class=\"summary\">Celebre la red Help Me Grow WA y conozca el progreso logrado en varias de las iniciativas estrat\u00e9gicas del Plan Estrat\u00e9gico Help Me Grow WA.<\/div>\n\t\t\t\t\t\t\t<\/div>\n\t\t\t\t\t\t\t<div class=\"more\">\n\t\t\t\t\t\t\t\tLee mas\n\t\t\t\t\t\t\t\t<svg class=\"arrow\" aria-hidden=\"true\" focusable=\"false\" data-prefix=\"fas\" data-icon=\"long-arrow-right\" role=\"img\" xmlns=\"http:\/\/www.w3.org\/2000\/svg\" viewbox=\"0 0 448 512\"><path fill=\"#ababab\" d=\"M254.544 154.427L320.118 220H24c-13.255 0-24 10.745-24 24v24c0 13.255 10.745 24 24 24h296.118l-65.574 65.573c-9.373 9.373-9.373 24.569 0 33.941l16.971 16.971c9.373 9.373 24.569 9.373 33.941 0L440.97 272.97c9.373-9.373 9.373-24.569 0-33.941L305.456 103.515c-9.373-9.373-24.569-9.373-33.941 0l-16.971 16.971c-9.373 9.372-9.373 24.568 0 33.941z\"><\/path><\/svg>\n\t\t\t\t\t\t\t<\/div>\n\t\t\t\t\t\t<\/div>\n\t\t\t\t\t<\/a>\n\t\t\t\t\t\t\t\t\t\t\t\t\t\t\t\t\t\t\t\t\t\t\t\t\t<a class=\"article\" href=\"https:\/\/helpmegrowwa.org\/es\/reaching-new-heights-partnering-to-support-child-development\">\n\t\t\t\t\t\t\t\t\t\t\t<div class=\"picture\">\n\t\t\t\t\t\t\t\t\t\t\t\t\t\t<img decoding=\"async\" src=\"https:\/\/helpmegrowwa.org\/wp-content\/uploads\/2026\/03\/NEWS-STORY-TITLE-5-e1774371040337-260x180.png\" srcset=\"https:\/\/helpmegrowwa.org\/wp-content\/uploads\/2026\/03\/NEWS-STORY-TITLE-5-e1774371040337-260x180.png 260w, https:\/\/helpmegrowwa.org\/wp-content\/uploads\/2026\/03\/NEWS-STORY-TITLE-5-e1774371040337-520x360.png 520w\" sizes=\"260px\">\n\t\t\t\t\t\t\t\t\t\t\t\t\t\t\t<div class=\"type-label\">Entrada<\/div>\n\t\t\t\t\t\t\t\t\t\t\t\t\t<\/div>\n\t\t\t\t\t\t<div class=\"content\">\n\t\t\t\t\t\t\t\t\t\t\t\t\t\t\t<div class=\"date\">24 de marzo de 2026<\/div>\n\t\t\t\t\t\t\t\t\t\t\t\t\t\t<div class=\"text\">\n\t\t\t\t\t\t\t\t<h3 class=\"title\">Alcanzando nuevas metas: Colaborando para apoyar el desarrollo infantil.<\/h3>\n\t\t\t\t\t\t\t\t<div class=\"summary\">\u00a1Nuevo recurso para familias y parejas! Help Me Grow WA se ha asociado con la secci\u00f3n de Washington de la Academia Estadounidense de Pediatr\u00eda (WCAAP) para crear conjuntamente una divertida tabla de crecimiento biling\u00fce para ni\u00f1os de 2 meses a 5 a\u00f1os. Dise\u00f1ada pensando en la experiencia pedi\u00e1trica y las familias, cada tabla incluye hitos clave del desarrollo y maneras sencillas en que las familias pueden apoyar el crecimiento y el aprendizaje de sus hijos. <\/div>\n\t\t\t\t\t\t\t<\/div>\n\t\t\t\t\t\t\t<div class=\"more\">\n\t\t\t\t\t\t\t\tLee mas\n\t\t\t\t\t\t\t\t<svg class=\"arrow\" aria-hidden=\"true\" focusable=\"false\" data-prefix=\"fas\" data-icon=\"long-arrow-right\" role=\"img\" xmlns=\"http:\/\/www.w3.org\/2000\/svg\" viewbox=\"0 0 448 512\"><path fill=\"#ababab\" d=\"M254.544 154.427L320.118 220H24c-13.255 0-24 10.745-24 24v24c0 13.255 10.745 24 24 24h296.118l-65.574 65.573c-9.373 9.373-9.373 24.569 0 33.941l16.971 16.971c9.373 9.373 24.569 9.373 33.941 0L440.97 272.97c9.373-9.373 9.373-24.569 0-33.941L305.456 103.515c-9.373-9.373-24.569-9.373-33.941 0l-16.971 16.971c-9.373 9.372-9.373 24.568 0 33.941z\"><\/path><\/svg>\n\t\t\t\t\t\t\t<\/div>\n\t\t\t\t\t\t<\/div>\n\t\t\t\t\t<\/a>\n\t\t\t\t\t\t\t\t\t\t\t\t\t\t\t\t\t\t\t\t\t\t\t\t\t<a class=\"article\" href=\"https:\/\/helpmegrowwa.org\/es\/news\/celebrating-the-2026-help-me-grow-washington-network\">\n\t\t\t\t\t\t\t\t\t\t\t<div class=\"picture\">\n\t\t\t\t\t\t\t\t\t\t\t\t\t\t<img decoding=\"async\" src=\"https:\/\/helpmegrowwa.org\/wp-content\/uploads\/2026\/03\/NEWS-STORY-TITLE-4-260x180.png\" srcset=\"https:\/\/helpmegrowwa.org\/wp-content\/uploads\/2026\/03\/NEWS-STORY-TITLE-4-260x180.png 260w, https:\/\/helpmegrowwa.org\/wp-content\/uploads\/2026\/03\/NEWS-STORY-TITLE-4-520x360.png 520w\" sizes=\"260px\">\n\t\t\t\t\t\t\t\t\t\t\t\t\t\t\t<div class=\"type-label\">Noticias<\/div>\n\t\t\t\t\t\t\t\t\t\t\t\t\t<\/div>\n\t\t\t\t\t\t<div class=\"content\">\n\t\t\t\t\t\t\t\t\t\t\t\t\t\t\t<div class=\"date\">23 de marzo de 2026<\/div>\n\t\t\t\t\t\t\t\t\t\t\t\t\t\t<div class=\"text\">\n\t\t\t\t\t\t\t\t<h3 class=\"title\">\u00a1Celebrando la red Help Me Grow Washington de 2026!<\/h3>\n\t\t\t\t\t\t\t\t<div class=\"summary\">\u00a1Nos complace dar la bienvenida a Help Me Grow Whatcom y Help Me Grow Grays Harbor a la red Help Me Grow Washington! \ud83d\udc9c Con su incorporaci\u00f3n, m\u00e1s comunidades en todo el estado est\u00e1n creando sistemas de apoyo coordinados y centrados en la familia, fortaleciendo las conexiones y facilitando que las familias accedan a los recursos que necesitan, cuando los necesitan.\u00a0<\/div>\n\t\t\t\t\t\t\t<\/div>\n\t\t\t\t\t\t\t<div class=\"more\">\n\t\t\t\t\t\t\t\tLee mas\n\t\t\t\t\t\t\t\t<svg class=\"arrow\" aria-hidden=\"true\" focusable=\"false\" data-prefix=\"fas\" data-icon=\"long-arrow-right\" role=\"img\" xmlns=\"http:\/\/www.w3.org\/2000\/svg\" viewbox=\"0 0 448 512\"><path fill=\"#ababab\" d=\"M254.544 154.427L320.118 220H24c-13.255 0-24 10.745-24 24v24c0 13.255 10.745 24 24 24h296.118l-65.574 65.573c-9.373 9.373-9.373 24.569 0 33.941l16.971 16.971c9.373 9.373 24.569 9.373 33.941 0L440.97 272.97c9.373-9.373 9.373-24.569 0-33.941L305.456 103.515c-9.373-9.373-24.569-9.373-33.941 0l-16.971 16.971c-9.373 9.372-9.373 24.568 0 33.941z\"><\/path><\/svg>\n\t\t\t\t\t\t\t<\/div>\n\t\t\t\t\t\t<\/div>\n\t\t\t\t\t<\/a>\n\t\t\t\t\t\t\t\t\t\t\t\t\t\n\t\t\t\t\t\t\t\n\t\t<\/div>\n\t<\/div>\n\t<script>\n\t\n\t(function($) {\n\t\n\t\t\/\/ Get the block ID\n\t\tvar id = \"#block_396055568b8e792be45d9c49ceda7eb0\";\n\t\t\n\t\t\/\/ Reveal foreground elements\n\t\tScrollReveal().reveal(id + \" .article\", {origin: \"bottom\", distance: \"20px\", duration: 1000, viewFactor: 0.2, interval: 100, reset: false});\n\t\t\n\t})(jQuery)\n\t\n\t<\/script>\t\n<\/div>","protected":false},"excerpt":{"rendered":"","protected":false},"author":2,"featured_media":0,"parent":0,"menu_order":81,"comment_status":"closed","ping_status":"closed","template":"","meta":{"_acf_changed":false,"footnotes":""},"acf":[],"_links":{"self":[{"href":"https:\/\/helpmegrowwa.org\/es\/wp-json\/wp\/v2\/pages\/6556"}],"collection":[{"href":"https:\/\/helpmegrowwa.org\/es\/wp-json\/wp\/v2\/pages"}],"about":[{"href":"https:\/\/helpmegrowwa.org\/es\/wp-json\/wp\/v2\/types\/page"}],"author":[{"embeddable":true,"href":"https:\/\/helpmegrowwa.org\/es\/wp-json\/wp\/v2\/users\/2"}],"replies":[{"embeddable":true,"href":"https:\/\/helpmegrowwa.org\/es\/wp-json\/wp\/v2\/comments?post=6556"}],"version-history":[{"count":57,"href":"https:\/\/helpmegrowwa.org\/es\/wp-json\/wp\/v2\/pages\/6556\/revisions"}],"predecessor-version":[{"id":13270,"href":"https:\/\/helpmegrowwa.org\/es\/wp-json\/wp\/v2\/pages\/6556\/revisions\/13270"}],"wp:attachment":[{"href":"https:\/\/helpmegrowwa.org\/es\/wp-json\/wp\/v2\/media?parent=6556"}],"curies":[{"name":"gracias","href":"https:\/\/api.w.org\/{rel}","templated":true}]}}