{"id":7272,"date":"2023-11-09T01:04:32","date_gmt":"2023-11-09T01:04:32","guid":{"rendered":"https:\/\/helpmegrowwa.org\/?page_id=7272"},"modified":"2025-03-10T22:09:02","modified_gmt":"2025-03-10T22:09:02","slug":"wic","status":"publish","type":"page","link":"https:\/\/helpmegrowwa.org\/es\/wic","title":{"rendered":"Mujeres, beb\u00e9s y ni\u00f1os (WIC)"},"content":{"rendered":"<div id=\"block_ed6395455156c92dfc4429388cea8260\" class=\"banner-block text\">\n\t<img decoding=\"async\" class=\"graphic\" src=\"https:\/\/helpmegrowwa.org\/wp-content\/themes\/helpmegrowwa\/images\/banner-text-shapes.svg\">\n\t<div class=\"text-wrapper\">\n\t\t<h1>WIC es comida saludable y mucho m\u00e1s.<\/h1>\n\t<\/div>\t\n\t<script>\n\t(function($) {\n\t\t\/\/ Get the block ID\n\t\tvar id = \"#block_ed6395455156c92dfc4429388cea8260\";\n\t\t\/\/ Reveal the heading\n\t\tScrollReveal().reveal(id + \" h1\", {duration: 1000});\n\t})(jQuery)\n\t<\/script>\n<\/div>\n\n\n\n<div id=\"block_aaa1e94a49f3505a0a234749fc303f7a\" class=\"text-block white large center\">\n\t<div class=\"container one-column full\">\n\t\t<p>El Programa de Nutrici\u00f3n para Mujeres, Beb\u00e9s y Ni\u00f1os (WIC) brinda a las familias alimentos saludables, educaci\u00f3n nutricional, apoyo para la lactancia materna y lactancia materna, y referencias a otros servicios sociales y de salud para que usted y su familia puedan crecer sanos y ser fuertes. WIC atiende a personas embarazadas, en per\u00edodo de posparto y lactantes que re\u00fanen los requisitos de ingresos, y a ni\u00f1os de hasta 5 a\u00f1os.<\/p>\n\t<\/div>\n\t<script>\n\t\t(function($) {\n\t\t\t\/\/ Get the block ID\n\t\t\tvar id = \"#block_aaa1e94a49f3505a0a234749fc303f7a\";\n\t\t\t\/\/ Reveal the block\n\t\t\tvar container = document.documentElement;\n\t\t\tScrollReveal().reveal(id + \" .container\", {origin: \"bottom\", distance: \"20px\", duration: 1000, container: container});\n\t\t}(jQuery))\n\t<\/script>\n<\/div>\n\n<div id=\"block_4ebcb3d1c3667c89f32088a0a4698669\" class=\"tile-block white\">\n\t<div class=\"container left\">\n\t\t<div class=\"image\">\n\t\t\t<div class=\"wrapper\">\n\t\t\t\t\t\t\t\t<img decoding=\"async\" src=\"https:\/\/helpmegrowwa.org\/wp-content\/uploads\/2023\/10\/Eligibility-for-WIC-The-WIC-Program-Help-Me-Grow-Washington-555x392.jpg\" srcset=\"https:\/\/helpmegrowwa.org\/wp-content\/uploads\/2023\/10\/Eligibility-for-WIC-The-WIC-Program-Help-Me-Grow-Washington-555x392.jpg 555w, https:\/\/helpmegrowwa.org\/wp-content\/uploads\/2023\/10\/Eligibility-for-WIC-The-WIC-Program-Help-Me-Grow-Washington-1110x784.jpg 1110w\" sizes=\"555px\">\n\t\t\t<\/div>\n\t\t<\/div>\n\t\t<div class=\"text\">\n\t\t\t\t\t\t<h2><span style=\"color: #00609c;\">Cosas que debe saber sobre WIC<\/span><\/h2>\n<ul>\n<li>La elegibilidad depende del tama\u00f1o del hogar y los ingresos.<\/li>\n<li>Los pap\u00e1s, abuelos y otros cuidadores de ni\u00f1os menores de 5 a\u00f1os tambi\u00e9n pueden inscribirse en WIC.<\/li>\n<li>Los ni\u00f1os de crianza menores de 5 a\u00f1os y las adolescentes de crianza que est\u00e9n embarazadas son elegibles para WIC.<\/li>\n<li>Si usted o un miembro de su familia reciben Medicaid, Asistencia Temporal para Familias Necesitadas (TANF) o Alimentos B\u00e1sicos, tambi\u00e9n pueden ser elegibles para WIC.<\/li>\n<li>Muchas familias trabajadoras y militares son elegibles para WIC.<\/li>\n<\/ul>\n\t\t<\/div>\n\t<\/div>\n\t<script>\n\t(function($) {\n\t\t\/\/ Get the block ID\n\t\tvar id = \"#block_4ebcb3d1c3667c89f32088a0a4698669\";\n\t\t\/\/ Reveal the block\n\t\tvar container = document.documentElement;\n\t\tScrollReveal().reveal(id + \" .container.left .image\", {origin: \"left\", distance: \"20px\", duration: 1000, container: container});\n\t\tScrollReveal().reveal(id + \" .container.left .text\", {origin: \"right\", distance: \"20px\", duration: 1000, container: container});\n\t\tScrollReveal().reveal(id + \" .container.right .image\", {origin: \"right\", distance: \"20px\", duration: 1000, container: container});\n\t\tScrollReveal().reveal(id + \" .container.right .text\", {origin: \"left\", distance: \"20px\", duration: 1000, container: container});\n\t}(jQuery))\n\t<\/script>\n<\/div>\n\n<div id=\"block_772138572def48477e96de7abee1a535\" class=\"tile-block white\">\n\t<div class=\"container right\">\n\t\t<div class=\"image\">\n\t\t\t<div class=\"wrapper\">\n\t\t\t\t\t\t\t\t<img decoding=\"async\" src=\"https:\/\/helpmegrowwa.org\/wp-content\/uploads\/2023\/10\/We-Can-Help-Your-Family-The-WIC-Program-Help-Me-Grow-Washington-555x392.jpg\" srcset=\"https:\/\/helpmegrowwa.org\/wp-content\/uploads\/2023\/10\/We-Can-Help-Your-Family-The-WIC-Program-Help-Me-Grow-Washington-555x392.jpg 555w, https:\/\/helpmegrowwa.org\/wp-content\/uploads\/2023\/10\/We-Can-Help-Your-Family-The-WIC-Program-Help-Me-Grow-Washington-1110x784.jpg 1110w\" sizes=\"555px\">\n\t\t\t<\/div>\n\t\t<\/div>\n\t\t<div class=\"text\">\n\t\t\t\t\t\t<h2><span style=\"color: #00609c;\">\u00bfQu\u00e9 beneficios ofrece WIC?<\/span><\/h2>\n<ul>\n<li>Ideas de nutrici\u00f3n y consejos sobre c\u00f3mo comer bien y ser m\u00e1s activo.<\/li>\n<li>Apoyo a la lactancia materna, como acceso a una madre consejera.<\/li>\n<li>Revisiones y referencias de salud.<\/li>\n<li>Beneficios mensuales de eWIC para alimentos saludables como frutas, verduras, alimentos para beb\u00e9s, f\u00f3rmula y leche.<\/li>\n<\/ul>\n\t\t<\/div>\n\t<\/div>\n\t<script>\n\t(function($) {\n\t\t\/\/ Get the block ID\n\t\tvar id = \"#block_772138572def48477e96de7abee1a535\";\n\t\t\/\/ Reveal the block\n\t\tvar container = document.documentElement;\n\t\tScrollReveal().reveal(id + \" .container.left .image\", {origin: \"left\", distance: \"20px\", duration: 1000, container: container});\n\t\tScrollReveal().reveal(id + \" .container.left .text\", {origin: \"right\", distance: \"20px\", duration: 1000, container: container});\n\t\tScrollReveal().reveal(id + \" .container.right .image\", {origin: \"right\", distance: \"20px\", duration: 1000, container: container});\n\t\tScrollReveal().reveal(id + \" .container.right .text\", {origin: \"left\", distance: \"20px\", duration: 1000, container: container});\n\t}(jQuery))\n\t<\/script>\n<\/div>\n\n<div id=\"block_80da4ff9c9487f32075329e314071ba3\" class=\"text-block white large center\">\n\t<div class=\"container one-column full\">\n\t\t<p><strong><span style=\"color: #00609c;\">Para obtener m\u00e1s informaci\u00f3n sobre WIC, visite el <span style=\"text-decoration: underline;\"><a style=\"color: #00609c; text-decoration: underline;\" href=\"https:\/\/doh.wa.gov\/you-and-your-family\/wic\" target=\"_blank\" rel=\"noopener\">Sitio web del Departamento de Salud del Estado de Washington<\/a><\/span>.<\/span><\/strong><\/p>\n\t<\/div>\n\t<script>\n\t\t(function($) {\n\t\t\t\/\/ Get the block ID\n\t\t\tvar id = \"#block_80da4ff9c9487f32075329e314071ba3\";\n\t\t\t\/\/ Reveal the block\n\t\t\tvar container = document.documentElement;\n\t\t\tScrollReveal().reveal(id + \" .container\", {origin: \"bottom\", distance: \"20px\", duration: 1000, container: container});\n\t\t}(jQuery))\n\t<\/script>\n<\/div>\n\n<div id=\"block_faac59c06c37a9b8ac4c6d8d6b9cc684\" class=\"boxes-block white rectangular\">\n\t<div class=\"boxes-wrapper\">\n\t\t<div class=\"boxes\">\n\t\t\t\t\t<div class=\"container\">\n\t\t\t\t\n\t\t\t\t\t\t\t\t\t<div class=\"box white center border-light-gray large\">\n\t\t\t\t\t\t\t\t\t\t\t\t\t\t\t\t\t\t\t\t\t<img decoding=\"async\" src=\"https:\/\/helpmegrowwa.org\/wp-content\/uploads\/2023\/10\/icon-map-pin.svg\">\n\t\t\t\t\t\t\t\t\t\t\t\t\t\t\t\t\t\t\t<div><h3><span style=\"color: #561553;\">Encuentre una cl\u00ednica cerca de usted<\/span><\/h3>\n<p>Visita el <a href=\"https:\/\/resources.helpmegrowwa.org\/search?query=NL-6000.9500-930%2C%20NL-6000.9500&amp;query_label=Women%2C%20Infants%2C%20and%20Children%20(WIC)&amp;query_type=taxonomy\" target=\"_blank\" rel=\"noopener\">Buscador de recursos ParentHelp123<\/a> para encontrar una cl\u00ednica WIC cercana.<\/p>\n<\/div>\n\t\t\t\t\t\t\t\t\t\t\t<\/div>\n\t\t\t\t\t\t\t<\/div>\n\t\t\t\t\t<div class=\"container\">\n\t\t\t\t\n\t\t\t\t\t\t\t\t\t<div class=\"box white center border-light-gray large\">\n\t\t\t\t\t\t\t\t\t\t\t\t\t\t\t\t\t\t\t\t\t<img decoding=\"async\" src=\"https:\/\/helpmegrowwa.org\/wp-content\/uploads\/2023\/10\/icon-texting.svg\">\n\t\t\t\t\t\t\t\t\t\t\t\t\t\t\t\t\t\t\t<div><h3><span style=\"color: #561553;\">Encuentre una cl\u00ednica WIC con su tel\u00e9fono m\u00f3vil<\/span><\/h3>\n<p>Env\u00ede un mensaje de texto con la palabra &quot;WIC&quot; a <a href=\"sms:96859\" target=\"_blank\" rel=\"noopener\">96859<\/a> para encontrar la cl\u00ednica m\u00e1s cercana a usted.<\/p>\n<\/div>\n\t\t\t\t\t\t\t\t\t\t\t<\/div>\n\t\t\t\t\t\t\t<\/div>\n\t\t\t\t\t<div class=\"container\">\n\t\t\t\t\n\t\t\t\t\t\t\t\t\t<div class=\"box white center border-light-gray large\">\n\t\t\t\t\t\t\t\t\t\t\t\t\t\t\t\t\t\t\t\t\t<img decoding=\"async\" src=\"https:\/\/helpmegrowwa.org\/wp-content\/uploads\/2023\/08\/icon-call.svg\">\n\t\t\t\t\t\t\t\t\t\t\t\t\t\t\t\t\t\t\t<div><h3><span style=\"color: #561553;\">\u00bfA\u00fan tienes preguntas?<\/span><\/h3>\n<p>Llame a nuestra L\u00ednea Directa Help Me Grow Washington al<br \/>\n<a href=\"\/es\/tel\u00e9fono: 1-800-322-2588\/\" target=\"_blank\" rel=\"noopener\">1-800-322-2588<\/a>.<\/p>\n<\/div>\n\t\t\t\t\t\t\t\t\t\t\t<\/div>\n\t\t\t\t\t\t\t<\/div>\n\t\t\t\t<\/div>\n\t<\/div>\n\t<script>\n\t\n\t(function($) {\n\t\n\t\t\/\/ Get the block ID\n\t\tvar id = \"#block_faac59c06c37a9b8ac4c6d8d6b9cc684\";\n\t\t\n\t\t$(id + \" .boxes-wrapper .boxes .box\").hover(function() {\n\t\t\t$(this).find(\".arrow\").addClass(\"hover\");\n\t\t\t$(this).find(\"img\").addClass(\"hover\");\n\t\t}, function() {\n\t\t\t$(this).find(\".arrow\").removeClass(\"hover\");\n\t\t\t$(this).find(\"img\").removeClass(\"hover\");\n\t\t});\n\t\t\n\t\t\/\/ Reveal foreground elements\n\t\tScrollReveal().reveal(id + \" .container\", {origin: \"bottom\", distance: \"20px\", duration: 1000, viewFactor: 0.2, interval: 100, reset: false});\n\t\n\t})(jQuery)\n\t\n\t<\/script>\n<\/div>\n\n\n<div id=\"block_f0d3fa9a81469a3628450d5dbdab49d1\" class=\"news-feature-block\">\n\t<div class=\"container\">\n\t\t<div class=\"title\">\n\t\t\t\t\t\t\t<h2>Noticias + Actualizaciones<\/h2>\n\t\t\t\t\t<\/div>\n\t\t<div class=\"wrapper\">\n\t\t\t\t\t\t\t\n\t\t\t\t\t\t\t\t\t\t\t\t\t\t\t\t\t\t\t\t<a class=\"article\" href=\"https:\/\/conta.cc\/4c23dcA\" target=\"_blank\">\n\t\t\t\t\t\t\t\t\t\t\t<div class=\"picture\">\n\t\t\t\t\t\t\t\t\t\t\t\t\t\t<img decoding=\"async\" src=\"https:\/\/helpmegrowwa.org\/wp-content\/uploads\/2026\/03\/HMG-WA-Network-Newsletter-header-14-260x180.png\" srcset=\"https:\/\/helpmegrowwa.org\/wp-content\/uploads\/2026\/03\/HMG-WA-Network-Newsletter-header-14-260x180.png 260w, https:\/\/helpmegrowwa.org\/wp-content\/uploads\/2026\/03\/HMG-WA-Network-Newsletter-header-14-520x200.png 520w\" sizes=\"260px\">\n\t\t\t\t\t\t\t\t\t\t\t\t\t\t\t<div class=\"type-label\">Boletin informativo<\/div>\n\t\t\t\t\t\t\t\t\t\t\t\t\t<\/div>\n\t\t\t\t\t\t<div class=\"content\">\n\t\t\t\t\t\t\t\t\t\t\t\t\t\t\t<div class=\"date\">1 de abril de 2026<\/div>\n\t\t\t\t\t\t\t\t\t\t\t\t\t\t<div class=\"text\">\n\t\t\t\t\t\t\t\t<h3 class=\"title\">Bolet\u00edn informativo de HMG WA de marzo de 2026 (en espa\u00f1ol)<\/h3>\n\t\t\t\t\t\t\t\t<div class=\"summary\">Celebre a la red de Ay\u00fadame a Crecer Washington y conozca los avances que hemos logrado en varias iniciativas estrat\u00e9gicas del Plan estrat\u00e9gico de Ay\u00fadame a Crecer Washington.<\/div>\n\t\t\t\t\t\t\t<\/div>\n\t\t\t\t\t\t\t<div class=\"more\">\n\t\t\t\t\t\t\t\tLee mas\n\t\t\t\t\t\t\t\t<svg class=\"arrow\" aria-hidden=\"true\" focusable=\"false\" data-prefix=\"fas\" data-icon=\"long-arrow-right\" role=\"img\" xmlns=\"http:\/\/www.w3.org\/2000\/svg\" viewbox=\"0 0 448 512\"><path fill=\"#ababab\" d=\"M254.544 154.427L320.118 220H24c-13.255 0-24 10.745-24 24v24c0 13.255 10.745 24 24 24h296.118l-65.574 65.573c-9.373 9.373-9.373 24.569 0 33.941l16.971 16.971c9.373 9.373 24.569 9.373 33.941 0L440.97 272.97c9.373-9.373 9.373-24.569 0-33.941L305.456 103.515c-9.373-9.373-24.569-9.373-33.941 0l-16.971 16.971c-9.373 9.372-9.373 24.568 0 33.941z\"><\/path><\/svg>\n\t\t\t\t\t\t\t<\/div>\n\t\t\t\t\t\t<\/div>\n\t\t\t\t\t<\/a>\n\t\t\t\t\t\t\t\t\t\t\t\t\t\t\t\t\t\t\t\t\t\t\t\t\t<a class=\"article\" href=\"https:\/\/conta.cc\/4d61btX\" target=\"_blank\">\n\t\t\t\t\t\t\t\t\t\t\t<div class=\"picture\">\n\t\t\t\t\t\t\t\t\t\t\t\t\t\t<img decoding=\"async\" src=\"https:\/\/helpmegrowwa.org\/wp-content\/uploads\/2026\/03\/HMG-WA-Network-Newsletter-header-13-260x180.png\" srcset=\"https:\/\/helpmegrowwa.org\/wp-content\/uploads\/2026\/03\/HMG-WA-Network-Newsletter-header-13-260x180.png 260w, https:\/\/helpmegrowwa.org\/wp-content\/uploads\/2026\/03\/HMG-WA-Network-Newsletter-header-13-520x200.png 520w\" sizes=\"260px\">\n\t\t\t\t\t\t\t\t\t\t\t\t\t\t\t<div class=\"type-label\">Boletin informativo<\/div>\n\t\t\t\t\t\t\t\t\t\t\t\t\t<\/div>\n\t\t\t\t\t\t<div class=\"content\">\n\t\t\t\t\t\t\t\t\t\t\t\t\t\t\t<div class=\"date\">31 de marzo de 2026<\/div>\n\t\t\t\t\t\t\t\t\t\t\t\t\t\t<div class=\"text\">\n\t\t\t\t\t\t\t\t<h3 class=\"title\">Bolet\u00edn informativo de HMG WA de marzo de 2026<\/h3>\n\t\t\t\t\t\t\t\t<div class=\"summary\">Celebre la red Help Me Grow WA y conozca el progreso logrado en varias de las iniciativas estrat\u00e9gicas del Plan Estrat\u00e9gico Help Me Grow WA.<\/div>\n\t\t\t\t\t\t\t<\/div>\n\t\t\t\t\t\t\t<div class=\"more\">\n\t\t\t\t\t\t\t\tLee mas\n\t\t\t\t\t\t\t\t<svg class=\"arrow\" aria-hidden=\"true\" focusable=\"false\" data-prefix=\"fas\" data-icon=\"long-arrow-right\" role=\"img\" xmlns=\"http:\/\/www.w3.org\/2000\/svg\" viewbox=\"0 0 448 512\"><path fill=\"#ababab\" d=\"M254.544 154.427L320.118 220H24c-13.255 0-24 10.745-24 24v24c0 13.255 10.745 24 24 24h296.118l-65.574 65.573c-9.373 9.373-9.373 24.569 0 33.941l16.971 16.971c9.373 9.373 24.569 9.373 33.941 0L440.97 272.97c9.373-9.373 9.373-24.569 0-33.941L305.456 103.515c-9.373-9.373-24.569-9.373-33.941 0l-16.971 16.971c-9.373 9.372-9.373 24.568 0 33.941z\"><\/path><\/svg>\n\t\t\t\t\t\t\t<\/div>\n\t\t\t\t\t\t<\/div>\n\t\t\t\t\t<\/a>\n\t\t\t\t\t\t\t\t\t\t\t\t\t\t\t\t\t\t\t\t\t\t\t\t\t<a class=\"article\" href=\"https:\/\/helpmegrowwa.org\/es\/reaching-new-heights-partnering-to-support-child-development\">\n\t\t\t\t\t\t\t\t\t\t\t<div class=\"picture\">\n\t\t\t\t\t\t\t\t\t\t\t\t\t\t<img decoding=\"async\" src=\"https:\/\/helpmegrowwa.org\/wp-content\/uploads\/2026\/03\/NEWS-STORY-TITLE-5-e1774371040337-260x180.png\" srcset=\"https:\/\/helpmegrowwa.org\/wp-content\/uploads\/2026\/03\/NEWS-STORY-TITLE-5-e1774371040337-260x180.png 260w, https:\/\/helpmegrowwa.org\/wp-content\/uploads\/2026\/03\/NEWS-STORY-TITLE-5-e1774371040337-520x360.png 520w\" sizes=\"260px\">\n\t\t\t\t\t\t\t\t\t\t\t\t\t\t\t<div class=\"type-label\">Entrada<\/div>\n\t\t\t\t\t\t\t\t\t\t\t\t\t<\/div>\n\t\t\t\t\t\t<div class=\"content\">\n\t\t\t\t\t\t\t\t\t\t\t\t\t\t\t<div class=\"date\">24 de marzo de 2026<\/div>\n\t\t\t\t\t\t\t\t\t\t\t\t\t\t<div class=\"text\">\n\t\t\t\t\t\t\t\t<h3 class=\"title\">Alcanzando nuevas metas: Colaborando para apoyar el desarrollo infantil.<\/h3>\n\t\t\t\t\t\t\t\t<div class=\"summary\">\u00a1Nuevo recurso para familias y parejas! Help Me Grow WA se ha asociado con la secci\u00f3n de Washington de la Academia Estadounidense de Pediatr\u00eda (WCAAP) para crear conjuntamente una divertida tabla de crecimiento biling\u00fce para ni\u00f1os de 2 meses a 5 a\u00f1os. Dise\u00f1ada pensando en la experiencia pedi\u00e1trica y las familias, cada tabla incluye hitos clave del desarrollo y maneras sencillas en que las familias pueden apoyar el crecimiento y el aprendizaje de sus hijos. <\/div>\n\t\t\t\t\t\t\t<\/div>\n\t\t\t\t\t\t\t<div class=\"more\">\n\t\t\t\t\t\t\t\tLee mas\n\t\t\t\t\t\t\t\t<svg class=\"arrow\" aria-hidden=\"true\" focusable=\"false\" data-prefix=\"fas\" data-icon=\"long-arrow-right\" role=\"img\" xmlns=\"http:\/\/www.w3.org\/2000\/svg\" viewbox=\"0 0 448 512\"><path fill=\"#ababab\" d=\"M254.544 154.427L320.118 220H24c-13.255 0-24 10.745-24 24v24c0 13.255 10.745 24 24 24h296.118l-65.574 65.573c-9.373 9.373-9.373 24.569 0 33.941l16.971 16.971c9.373 9.373 24.569 9.373 33.941 0L440.97 272.97c9.373-9.373 9.373-24.569 0-33.941L305.456 103.515c-9.373-9.373-24.569-9.373-33.941 0l-16.971 16.971c-9.373 9.372-9.373 24.568 0 33.941z\"><\/path><\/svg>\n\t\t\t\t\t\t\t<\/div>\n\t\t\t\t\t\t<\/div>\n\t\t\t\t\t<\/a>\n\t\t\t\t\t\t\t\t\t\t\t\t\t\t\t\t\t\t\t\t\t\t\t\t\t<a class=\"article\" href=\"https:\/\/helpmegrowwa.org\/es\/news\/celebrating-the-2026-help-me-grow-washington-network\">\n\t\t\t\t\t\t\t\t\t\t\t<div class=\"picture\">\n\t\t\t\t\t\t\t\t\t\t\t\t\t\t<img decoding=\"async\" src=\"https:\/\/helpmegrowwa.org\/wp-content\/uploads\/2026\/03\/NEWS-STORY-TITLE-4-260x180.png\" srcset=\"https:\/\/helpmegrowwa.org\/wp-content\/uploads\/2026\/03\/NEWS-STORY-TITLE-4-260x180.png 260w, https:\/\/helpmegrowwa.org\/wp-content\/uploads\/2026\/03\/NEWS-STORY-TITLE-4-520x360.png 520w\" sizes=\"260px\">\n\t\t\t\t\t\t\t\t\t\t\t\t\t\t\t<div class=\"type-label\">Noticias<\/div>\n\t\t\t\t\t\t\t\t\t\t\t\t\t<\/div>\n\t\t\t\t\t\t<div class=\"content\">\n\t\t\t\t\t\t\t\t\t\t\t\t\t\t\t<div class=\"date\">23 de marzo de 2026<\/div>\n\t\t\t\t\t\t\t\t\t\t\t\t\t\t<div class=\"text\">\n\t\t\t\t\t\t\t\t<h3 class=\"title\">\u00a1Celebrando la red Help Me Grow Washington de 2026!<\/h3>\n\t\t\t\t\t\t\t\t<div class=\"summary\">\u00a1Nos complace dar la bienvenida a Help Me Grow Whatcom y Help Me Grow Grays Harbor a la red Help Me Grow Washington! \ud83d\udc9c Con su incorporaci\u00f3n, m\u00e1s comunidades en todo el estado est\u00e1n creando sistemas de apoyo coordinados y centrados en la familia, fortaleciendo las conexiones y facilitando que las familias accedan a los recursos que necesitan, cuando los necesitan.\u00a0<\/div>\n\t\t\t\t\t\t\t<\/div>\n\t\t\t\t\t\t\t<div class=\"more\">\n\t\t\t\t\t\t\t\tLee mas\n\t\t\t\t\t\t\t\t<svg class=\"arrow\" aria-hidden=\"true\" focusable=\"false\" data-prefix=\"fas\" data-icon=\"long-arrow-right\" role=\"img\" xmlns=\"http:\/\/www.w3.org\/2000\/svg\" viewbox=\"0 0 448 512\"><path fill=\"#ababab\" d=\"M254.544 154.427L320.118 220H24c-13.255 0-24 10.745-24 24v24c0 13.255 10.745 24 24 24h296.118l-65.574 65.573c-9.373 9.373-9.373 24.569 0 33.941l16.971 16.971c9.373 9.373 24.569 9.373 33.941 0L440.97 272.97c9.373-9.373 9.373-24.569 0-33.941L305.456 103.515c-9.373-9.373-24.569-9.373-33.941 0l-16.971 16.971c-9.373 9.372-9.373 24.568 0 33.941z\"><\/path><\/svg>\n\t\t\t\t\t\t\t<\/div>\n\t\t\t\t\t\t<\/div>\n\t\t\t\t\t<\/a>\n\t\t\t\t\t\t\t\t\t\t\t\t\t\n\t\t\t\t\t\t\t\n\t\t<\/div>\n\t<\/div>\n\t<script>\n\t\n\t(function($) {\n\t\n\t\t\/\/ Get the block ID\n\t\tvar id = \"#block_f0d3fa9a81469a3628450d5dbdab49d1\";\n\t\t\n\t\t\/\/ Reveal foreground elements\n\t\tScrollReveal().reveal(id + \" .article\", {origin: \"bottom\", distance: \"20px\", duration: 1000, viewFactor: 0.2, interval: 100, reset: false});\n\t\t\n\t})(jQuery)\n\t\n\t<\/script>\t\n<\/div>","protected":false},"excerpt":{"rendered":"","protected":false},"author":2,"featured_media":0,"parent":0,"menu_order":0,"comment_status":"closed","ping_status":"closed","template":"","meta":{"_acf_changed":false,"footnotes":""},"acf":[],"_links":{"self":[{"href":"https:\/\/helpmegrowwa.org\/es\/wp-json\/wp\/v2\/pages\/7272"}],"collection":[{"href":"https:\/\/helpmegrowwa.org\/es\/wp-json\/wp\/v2\/pages"}],"about":[{"href":"https:\/\/helpmegrowwa.org\/es\/wp-json\/wp\/v2\/types\/page"}],"author":[{"embeddable":true,"href":"https:\/\/helpmegrowwa.org\/es\/wp-json\/wp\/v2\/users\/2"}],"replies":[{"embeddable":true,"href":"https:\/\/helpmegrowwa.org\/es\/wp-json\/wp\/v2\/comments?post=7272"}],"version-history":[{"count":62,"href":"https:\/\/helpmegrowwa.org\/es\/wp-json\/wp\/v2\/pages\/7272\/revisions"}],"predecessor-version":[{"id":9332,"href":"https:\/\/helpmegrowwa.org\/es\/wp-json\/wp\/v2\/pages\/7272\/revisions\/9332"}],"wp:attachment":[{"href":"https:\/\/helpmegrowwa.org\/es\/wp-json\/wp\/v2\/media?parent=7272"}],"curies":[{"name":"gracias","href":"https:\/\/api.w.org\/{rel}","templated":true}]}}