{"id":883,"date":"2019-08-06T20:51:15","date_gmt":"2019-08-06T20:51:15","guid":{"rendered":"http:\/\/54.244.98.151\/?page_id=883"},"modified":"2020-02-12T20:07:38","modified_gmt":"2020-02-12T20:07:38","slug":"videos","status":"publish","type":"page","link":"https:\/\/helpmegrowwa.org\/es\/news-updates\/videos","title":{"rendered":"Videos"},"content":{"rendered":"<div id=\"block_5d49e8362f3b7\" class=\"banner-block text\">\n\t<img decoding=\"async\" class=\"graphic\" src=\"https:\/\/helpmegrowwa.org\/wp-content\/themes\/helpmegrowwa\/images\/banner-text-shapes.svg\">\n\t<div class=\"text-wrapper\">\n\t\t<h1>Videos<\/h1>\n\t<\/div>\t\n\t<script>\n\t(function($) {\n\t\t\/\/ Get the block ID\n\t\tvar id = \"#block_5d49e8362f3b7\";\n\t\t\/\/ Reveal the heading\n\t\tScrollReveal().reveal(id + \" h1\", {duration: 1000});\n\t})(jQuery)\n\t<\/script>\n<\/div>\n\n\n\n\n<div id=\"block_5d4a0f33885ea\" class=\"news-page-block\">\n\t<div class=\"container\">\n\t\t<div class=\"top\">\n\t\t\t<div class=\"news-menu\">\n\t\t\t\t<a class=\"types\" href=\"\/es\/news-events\/blog\/\">\n\t\t\t\t\tBlog\n\t\t\t\t<\/a>\n\t\t\t\t<a class=\"types\" href=\"\/es\/news-events\/stories\/\">\n\t\t\t\t\tCuentos\n\t\t\t\t<\/a>\n\t\t\t\t<a class=\"types\" href=\"\/es\/news-events\/news\/\">\n\t\t\t\t\tNoticias\n\t\t\t\t<\/a>\n\t\t\t\t<a class=\"types\" href=\"\/es\/news-events\/newsletters\/\">\n\t\t\t\t\tBoletines informativos\n\t\t\t\t<\/a>\n\t\t\t\t<a class=\"types\" href=\"\/es\/news-events\/events\/\">\n\t\t\t\t\tEventos\n\t\t\t\t<\/a>\n\t\t\t\t<a class=\"types\" href=\"\/es\/news-events\/videos\/\">\n\t\t\t\t\tVideos\n\t\t\t\t<\/a>\n\t\t\t\t<a class=\"types\" href=\"\/es\/news-events\/webinars\/\">\n\t\t\t\t\tSeminarios Web\n\t\t\t\t<\/a>\n\t\t\t<\/div>\n\t\t\t<div class=\"subscribe\">\n\t\t\t\t<div class=\"writing\">\n\t\t\t\t\t\u00a1Reg\u00edstrese para recibir nuestro bolet\u00edn electr\u00f3nico!\n\t\t\t\t<\/div>\n\t\t\t\t<form id=\"subscription\" action=\"\">\n\t\t\t\t\t<input type=\"hidden\" class=\"form\" value=\"Subscription\">\n\t\t\t\t\t<input type=\"email\" class=\"email\" placeholder=\"Ingrese su direcci\u00f3n de correo electr\u00f3nico\" required>\n\t\t\t\t\t<button type=\"submit\">\n\t\t\t\t\t\tRegistrarme\n\t\t\t\t\t<\/button>\n\t\t\t\t<input type=\"hidden\" name=\"trp-form-language\" value=\"es\"\/><\/form>\n\t\t\t\t<script>\n\t\t\t\t\t(function($) {\n\t\n\t\t\t\t\t\t\/\/====================================================================================================\n\t\t\t\t\t\t\/\/ Newsletter Signup\n\t\t\t\t\t\t\/\/====================================================================================================\n\t\t\t\t\t\t\n\t\t\t\t\t\t$(\".news-page-block form\").on(\"submit\", function(event) {\n\t\t\t\t\t\t\tvar form = $(this)\n\t\t\t\t\t\t\tevent.preventDefault();\n\t\t\t\t\t\t\t$.ajax({\n\t\t\t\t\t\t\t\turl: \"https:\/\/visitor2.constantcontact.com\/api\/signup\",\n\t\t\t\t\t\t\t\tmethod: \"post\",\n\t\t\t\t\t\t\t\tdata: {\n\t\t\t\t\t\t\t\t\t\n\t\t\t\t\t\t\t\t\tca: \"c89bd958-6e60-4b48-bc81-540c66ddd0ed\",\n\t\t\t\t\t\t\t\t\tlist: \"1872223564\",\n\t\t\t\t\t\t\t\t\tsource: \"EFD\",\n\t\t\t\t\t\t\t\t\trequired: \"list,email\",\n\t\t\t\t\t\t\t\t\temail: $(\".news-page-block form .email\").val()\n\t\t\t\t\t\t\t\t},\n\t\t\t\t\t\t\t\tdataType: \"json\",\n\t\t\t\t\t\t\t\tsuccess: function() {\n\t\t\t\t\t\t\t\t\tform[0].reset();\n\t\t\t\t\t\t\t\t\tform.find(\".email\").blur();\n\t\t\t\t\t\t\t\t\tform.find(\".email\").attr(\"placeholder\", \"Thank you!\");\n\t\t\t\t\t\t\t\t}\n\t\t\t\t\t\t\t})\n\t\t\t\t\t\t});\n\t\t\t\t\t\t\n\t\t\t\t\t}(jQuery))\n\t\t\t\t<\/script>\n\t\t\t<\/div>\n\t\t<\/div>\n\t\t<div class=\"wrapper\">\n\t\t\t\t\t\t\t\t\t\t\t\t\t\t\t\t<a class=\"article\" href=\"https:\/\/helpmegrowwa.org\/es\/video\/help-me-grow-washington-strategic-plan-updates-lunch-and-learn-2\">\n\t\t\t\t\t\t\t\t\t<div class=\"picture\">\n\t\t\t\t\t\t\t\t\t\t\t\t<img decoding=\"async\" src=\"https:\/\/helpmegrowwa.org\/wp-content\/uploads\/2025\/09\/Keri-2-260x180.png\" srcset=\"https:\/\/helpmegrowwa.org\/wp-content\/uploads\/2025\/09\/Keri-2-260x180.png 260w, https:\/\/helpmegrowwa.org\/wp-content\/uploads\/2025\/09\/Keri-2-520x360.png 520w\" sizes=\"260px\">\n\t\t\t\t\t\t\t\t\t\t\t\t\t<div class=\"type-label\">V\u00eddeo<\/div>\n\t\t\t\t\t\t\t\t\t\t\t<\/div>\n\t\t\t\t\t<div class=\"content\">\n\t\t\t\t\t\t<div class=\"date\">19 de septiembre de 2025<\/div>\n\t\t\t\t\t\t<div class=\"text\">\n\t\t\t\t\t\t\t<h3 class=\"title\">Actualizaciones del Plan Estrat\u00e9gico Help Me Grow Washington 2024 Almuerzo y aprendizaje<\/h3>\n\t\t\t\t\t\t\t<div class=\"summary\">Este seminario web cubre la base de HMG WA, destaca el Informe de impacto de HMG WA 2024, comparte el progreso logrado en las iniciativas del plan estrat\u00e9gico destacando las perspectivas de dos socios y comparte lo que se avecina para HMG WA. <\/div>\n\t\t\t\t\t\t<\/div>\n\t\t\t\t\t\t<div class=\"more\">\n\t\t\t\t\t\t\tLee mas\n\t\t\t\t\t\t\t<svg class=\"arrow\" aria-hidden=\"true\" focusable=\"false\" data-prefix=\"fas\" data-icon=\"long-arrow-right\" role=\"img\" xmlns=\"http:\/\/www.w3.org\/2000\/svg\" viewbox=\"0 0 448 512\"><path fill=\"#ababab\" d=\"M254.544 154.427L320.118 220H24c-13.255 0-24 10.745-24 24v24c0 13.255 10.745 24 24 24h296.118l-65.574 65.573c-9.373 9.373-9.373 24.569 0 33.941l16.971 16.971c9.373 9.373 24.569 9.373 33.941 0L440.97 272.97c9.373-9.373 9.373-24.569 0-33.941L305.456 103.515c-9.373-9.373-24.569-9.373-33.941 0l-16.971 16.971c-9.373 9.372-9.373 24.568 0 33.941z\"><\/path><\/svg>\n\t\t\t\t\t\t<\/div>\n\t\t\t\t\t<\/div>\n\t\t\t\t<\/a>\n\t\t\t\t\t\t\t\t\t\t\t\t\t\t\t\t\t\t\t\t<a class=\"article\" href=\"https:\/\/helpmegrowwa.org\/es\/video\/help-me-grow-washington-strategic-plan-updates-lunch-and-learn\">\n\t\t\t\t\t\t\t\t\t<div class=\"picture\">\n\t\t\t\t\t\t\t\t\t\t\t\t<img decoding=\"async\" src=\"https:\/\/helpmegrowwa.org\/wp-content\/uploads\/2024\/10\/lunch-and-learn-260x180.png\" srcset=\"https:\/\/helpmegrowwa.org\/wp-content\/uploads\/2024\/10\/lunch-and-learn-260x180.png 260w, https:\/\/helpmegrowwa.org\/wp-content\/uploads\/2024\/10\/lunch-and-learn-520x360.png 520w\" sizes=\"260px\">\n\t\t\t\t\t\t\t\t\t\t\t\t\t<div class=\"type-label\">V\u00eddeo<\/div>\n\t\t\t\t\t\t\t\t\t\t\t<\/div>\n\t\t\t\t\t<div class=\"content\">\n\t\t\t\t\t\t<div class=\"date\">2 de octubre de 2024<\/div>\n\t\t\t\t\t\t<div class=\"text\">\n\t\t\t\t\t\t\t<h3 class=\"title\">Actualizaciones del plan estrat\u00e9gico Help Me Grow Washington Almuerzo y aprendizaje<\/h3>\n\t\t\t\t\t\t\t<div class=\"summary\">Este seminario web revisa la historia y la visi\u00f3n de HMG WA, destaca el Informe de Impacto de HMG WA 2023, comparte el progreso logrado en las iniciativas del plan estrat\u00e9gico destacando las perspectivas de cuatro socios y comparte lo que se avecina para HMG WA.\r\n\r\n <\/div>\n\t\t\t\t\t\t<\/div>\n\t\t\t\t\t\t<div class=\"more\">\n\t\t\t\t\t\t\tLee mas\n\t\t\t\t\t\t\t<svg class=\"arrow\" aria-hidden=\"true\" focusable=\"false\" data-prefix=\"fas\" data-icon=\"long-arrow-right\" role=\"img\" xmlns=\"http:\/\/www.w3.org\/2000\/svg\" viewbox=\"0 0 448 512\"><path fill=\"#ababab\" d=\"M254.544 154.427L320.118 220H24c-13.255 0-24 10.745-24 24v24c0 13.255 10.745 24 24 24h296.118l-65.574 65.573c-9.373 9.373-9.373 24.569 0 33.941l16.971 16.971c9.373 9.373 24.569 9.373 33.941 0L440.97 272.97c9.373-9.373 9.373-24.569 0-33.941L305.456 103.515c-9.373-9.373-24.569-9.373-33.941 0l-16.971 16.971c-9.373 9.372-9.373 24.568 0 33.941z\"><\/path><\/svg>\n\t\t\t\t\t\t<\/div>\n\t\t\t\t\t<\/div>\n\t\t\t\t<\/a>\n\t\t\t\t\t\t\t\t\t\t\t\t\t\t\t\t\t\t\t\t<a class=\"article\" href=\"https:\/\/helpmegrowwa.org\/es\/video\/hmg-wa-strategic-plan-lunch-learn\">\n\t\t\t\t\t\t\t\t\t<div class=\"picture\">\n\t\t\t\t\t\t\t\t\t\t\t\t<img decoding=\"async\" src=\"https:\/\/helpmegrowwa.org\/wp-content\/uploads\/2023\/08\/HMG-Stategic-Plan-Lunch-and-Learn-Screenshot-e1691444677510-260x180.png\" srcset=\"https:\/\/helpmegrowwa.org\/wp-content\/uploads\/2023\/08\/HMG-Stategic-Plan-Lunch-and-Learn-Screenshot-e1691444677510-260x180.png 260w, https:\/\/helpmegrowwa.org\/wp-content\/uploads\/2023\/08\/HMG-Stategic-Plan-Lunch-and-Learn-Screenshot-e1691444677510-520x360.png 520w\" sizes=\"260px\">\n\t\t\t\t\t\t\t\t\t\t\t\t\t<div class=\"type-label\">V\u00eddeo<\/div>\n\t\t\t\t\t\t\t\t\t\t\t<\/div>\n\t\t\t\t\t<div class=\"content\">\n\t\t\t\t\t\t<div class=\"date\">agosto 7, 2023<\/div>\n\t\t\t\t\t\t<div class=\"text\">\n\t\t\t\t\t\t\t<h3 class=\"title\">Almuerzo y aprendizaje del plan estrat\u00e9gico de HMG WA<\/h3>\n\t\t\t\t\t\t\t<div class=\"summary\">Este seminario web cuenta la historia de la Red Help Me Grow WA, se sumerge en la visi\u00f3n y las prioridades basadas en el plan estrat\u00e9gico, brinda ejemplos de iniciativas estrat\u00e9gicas en acci\u00f3n y habla sobre lo que est\u00e1 en el horizonte y c\u00f3mo unirse al impulso.<\/div>\n\t\t\t\t\t\t<\/div>\n\t\t\t\t\t\t<div class=\"more\">\n\t\t\t\t\t\t\tLee mas\n\t\t\t\t\t\t\t<svg class=\"arrow\" aria-hidden=\"true\" focusable=\"false\" data-prefix=\"fas\" data-icon=\"long-arrow-right\" role=\"img\" xmlns=\"http:\/\/www.w3.org\/2000\/svg\" viewbox=\"0 0 448 512\"><path fill=\"#ababab\" d=\"M254.544 154.427L320.118 220H24c-13.255 0-24 10.745-24 24v24c0 13.255 10.745 24 24 24h296.118l-65.574 65.573c-9.373 9.373-9.373 24.569 0 33.941l16.971 16.971c9.373 9.373 24.569 9.373 33.941 0L440.97 272.97c9.373-9.373 9.373-24.569 0-33.941L305.456 103.515c-9.373-9.373-24.569-9.373-33.941 0l-16.971 16.971c-9.373 9.372-9.373 24.568 0 33.941z\"><\/path><\/svg>\n\t\t\t\t\t\t<\/div>\n\t\t\t\t\t<\/div>\n\t\t\t\t<\/a>\n\t\t\t\t\t\t\t\t\t\t\t\t\t\t\t\t\t\t\t\t<a class=\"article\" href=\"https:\/\/helpmegrowwa.org\/es\/video\/a-brighter-future-for-children-starts-with-help-me-grow\">\n\t\t\t\t\t\t\t\t\t<div class=\"picture\">\n\t\t\t\t\t\t\t\t\t\t\t\t<img decoding=\"async\" src=\"https:\/\/helpmegrowwa.org\/wp-content\/uploads\/2023\/06\/HMG-WA-Animation_2023-Screenshot-260x180.png\" srcset=\"https:\/\/helpmegrowwa.org\/wp-content\/uploads\/2023\/06\/HMG-WA-Animation_2023-Screenshot-260x180.png 260w, https:\/\/helpmegrowwa.org\/wp-content\/uploads\/2023\/06\/HMG-WA-Animation_2023-Screenshot-520x360.png 520w\" sizes=\"260px\">\n\t\t\t\t\t\t\t\t\t\t\t\t\t<div class=\"type-label\">V\u00eddeo<\/div>\n\t\t\t\t\t\t\t\t\t\t\t<\/div>\n\t\t\t\t\t<div class=\"content\">\n\t\t\t\t\t\t<div class=\"date\">junio 21, 2023<\/div>\n\t\t\t\t\t\t<div class=\"text\">\n\t\t\t\t\t\t\t<h3 class=\"title\">Un futuro m\u00e1s brillante para los ni\u00f1os comienza con Help Me Grow<\/h3>\n\t\t\t\t\t\t\t<div class=\"summary\">Conozca a Luis mientras navega por nuestros complejos sistemas de alimentos y salud para que sus familias obtengan los recursos que necesitan, con el apoyo de Help Me Grow Washington.<\/div>\n\t\t\t\t\t\t<\/div>\n\t\t\t\t\t\t<div class=\"more\">\n\t\t\t\t\t\t\tLee mas\n\t\t\t\t\t\t\t<svg class=\"arrow\" aria-hidden=\"true\" focusable=\"false\" data-prefix=\"fas\" data-icon=\"long-arrow-right\" role=\"img\" xmlns=\"http:\/\/www.w3.org\/2000\/svg\" viewbox=\"0 0 448 512\"><path fill=\"#ababab\" d=\"M254.544 154.427L320.118 220H24c-13.255 0-24 10.745-24 24v24c0 13.255 10.745 24 24 24h296.118l-65.574 65.573c-9.373 9.373-9.373 24.569 0 33.941l16.971 16.971c9.373 9.373 24.569 9.373 33.941 0L440.97 272.97c9.373-9.373 9.373-24.569 0-33.941L305.456 103.515c-9.373-9.373-24.569-9.373-33.941 0l-16.971 16.971c-9.373 9.372-9.373 24.568 0 33.941z\"><\/path><\/svg>\n\t\t\t\t\t\t<\/div>\n\t\t\t\t\t<\/div>\n\t\t\t\t<\/a>\n\t\t\t\t\t\t\t\t\t\t\t\t\t\t\t\t\t\t\t\t<a class=\"article\" href=\"https:\/\/helpmegrowwa.org\/es\/video\/help-me-grow-101\">\n\t\t\t\t\t\t\t\t\t<div class=\"picture\">\n\t\t\t\t\t\t\t\t\t\t\t\t<img decoding=\"async\" src=\"https:\/\/helpmegrowwa.org\/wp-content\/uploads\/2021\/05\/HMG-101-Video-v2-Screenshot-260x180.png\" srcset=\"https:\/\/helpmegrowwa.org\/wp-content\/uploads\/2021\/05\/HMG-101-Video-v2-Screenshot-260x180.png 260w, https:\/\/helpmegrowwa.org\/wp-content\/uploads\/2021\/05\/HMG-101-Video-v2-Screenshot-520x360.png 520w\" sizes=\"260px\">\n\t\t\t\t\t\t\t\t\t\t\t\t\t<div class=\"type-label\">V\u00eddeo<\/div>\n\t\t\t\t\t\t\t\t\t\t\t<\/div>\n\t\t\t\t\t<div class=\"content\">\n\t\t\t\t\t\t<div class=\"date\">noviembre 10, 2022<\/div>\n\t\t\t\t\t\t<div class=\"text\">\n\t\t\t\t\t\t\t<h3 class=\"title\">Help Me Grow 101<\/h3>\n\t\t\t\t\t\t\t<div class=\"summary\">Una excelente introducci\u00f3n a Help Me Grow Washington y nuestra coalici\u00f3n de miembros y organizaciones de la comunidad.<\/div>\n\t\t\t\t\t\t<\/div>\n\t\t\t\t\t\t<div class=\"more\">\n\t\t\t\t\t\t\tLee mas\n\t\t\t\t\t\t\t<svg class=\"arrow\" aria-hidden=\"true\" focusable=\"false\" data-prefix=\"fas\" data-icon=\"long-arrow-right\" role=\"img\" xmlns=\"http:\/\/www.w3.org\/2000\/svg\" viewbox=\"0 0 448 512\"><path fill=\"#ababab\" d=\"M254.544 154.427L320.118 220H24c-13.255 0-24 10.745-24 24v24c0 13.255 10.745 24 24 24h296.118l-65.574 65.573c-9.373 9.373-9.373 24.569 0 33.941l16.971 16.971c9.373 9.373 24.569 9.373 33.941 0L440.97 272.97c9.373-9.373 9.373-24.569 0-33.941L305.456 103.515c-9.373-9.373-24.569-9.373-33.941 0l-16.971 16.971c-9.373 9.372-9.373 24.568 0 33.941z\"><\/path><\/svg>\n\t\t\t\t\t\t<\/div>\n\t\t\t\t\t<\/div>\n\t\t\t\t<\/a>\n\t\t\t\t\t\t\t\t\t\t\t\t\t\t\t\t\t\t\t\t<a class=\"article\" href=\"https:\/\/helpmegrowwa.org\/es\/video\/help-me-grow-washington-essential-services\">\n\t\t\t\t\t\t\t\t\t<div class=\"picture\">\n\t\t\t\t\t\t\t\t\t\t\t\t<img decoding=\"async\" src=\"https:\/\/helpmegrowwa.org\/wp-content\/uploads\/2022\/10\/HMG-Essentials-Video-Screenshot-260x180.png\" srcset=\"https:\/\/helpmegrowwa.org\/wp-content\/uploads\/2022\/10\/HMG-Essentials-Video-Screenshot-260x180.png 260w, https:\/\/helpmegrowwa.org\/wp-content\/uploads\/2022\/10\/HMG-Essentials-Video-Screenshot-520x360.png 520w\" sizes=\"260px\">\n\t\t\t\t\t\t\t\t\t\t\t\t\t<div class=\"type-label\">V\u00eddeo<\/div>\n\t\t\t\t\t\t\t\t\t\t\t<\/div>\n\t\t\t\t\t<div class=\"content\">\n\t\t\t\t\t\t<div class=\"date\">octubre 26, 2022<\/div>\n\t\t\t\t\t\t<div class=\"text\">\n\t\t\t\t\t\t\t<h3 class=\"title\">Help Me Grow Washington: Servicios Esenciales<\/h3>\n\t\t\t\t\t\t\t<div class=\"summary\">Mire este video para obtener m\u00e1s informaci\u00f3n sobre los recursos y apoyos a los que todas las familias tienen acceso, independientemente de si llaman a un Help Me Grow local oa la l\u00ednea directa estatal. \r\n\r\n<\/div>\n\t\t\t\t\t\t<\/div>\n\t\t\t\t\t\t<div class=\"more\">\n\t\t\t\t\t\t\tLee mas\n\t\t\t\t\t\t\t<svg class=\"arrow\" aria-hidden=\"true\" focusable=\"false\" data-prefix=\"fas\" data-icon=\"long-arrow-right\" role=\"img\" xmlns=\"http:\/\/www.w3.org\/2000\/svg\" viewbox=\"0 0 448 512\"><path fill=\"#ababab\" d=\"M254.544 154.427L320.118 220H24c-13.255 0-24 10.745-24 24v24c0 13.255 10.745 24 24 24h296.118l-65.574 65.573c-9.373 9.373-9.373 24.569 0 33.941l16.971 16.971c9.373 9.373 24.569 9.373 33.941 0L440.97 272.97c9.373-9.373 9.373-24.569 0-33.941L305.456 103.515c-9.373-9.373-24.569-9.373-33.941 0l-16.971 16.971c-9.373 9.372-9.373 24.568 0 33.941z\"><\/path><\/svg>\n\t\t\t\t\t\t<\/div>\n\t\t\t\t\t<\/div>\n\t\t\t\t<\/a>\n\t\t\t\t\t\t\t\t\t\t\t\t\t\t\t\t\t\t\t\t<a class=\"article\" href=\"https:\/\/helpmegrowwa.org\/es\/video\/we-are-withinreach\">\n\t\t\t\t\t\t\t\t\t<div class=\"picture\">\n\t\t\t\t\t\t\t\t\t\t\t\t<img decoding=\"async\" src=\"https:\/\/helpmegrowwa.org\/wp-content\/uploads\/2022\/10\/WR-Animation-2022_Screenshot-1-260x180.png\" srcset=\"https:\/\/helpmegrowwa.org\/wp-content\/uploads\/2022\/10\/WR-Animation-2022_Screenshot-1-260x180.png 260w, https:\/\/helpmegrowwa.org\/wp-content\/uploads\/2022\/10\/WR-Animation-2022_Screenshot-1-520x360.png 520w\" sizes=\"260px\">\n\t\t\t\t\t\t\t\t\t\t\t\t\t<div class=\"type-label\">V\u00eddeo<\/div>\n\t\t\t\t\t\t\t\t\t\t\t<\/div>\n\t\t\t\t\t<div class=\"content\">\n\t\t\t\t\t\t<div class=\"date\">octubre 6, 2022<\/div>\n\t\t\t\t\t\t<div class=\"text\">\n\t\t\t\t\t\t\t<h3 class=\"title\">Somos WithinReach.<\/h3>\n\t\t\t\t\t\t\t<div class=\"summary\">Conozca a F\u00e1tima y Luis mientras navegan por nuestros complejos sistemas de alimentos y salud para que sus familias obtengan los recursos que necesitan, con el apoyo de WithinReach y la l\u00ednea directa Help Me Grow Washington.<\/div>\n\t\t\t\t\t\t<\/div>\n\t\t\t\t\t\t<div class=\"more\">\n\t\t\t\t\t\t\tLee mas\n\t\t\t\t\t\t\t<svg class=\"arrow\" aria-hidden=\"true\" focusable=\"false\" data-prefix=\"fas\" data-icon=\"long-arrow-right\" role=\"img\" xmlns=\"http:\/\/www.w3.org\/2000\/svg\" viewbox=\"0 0 448 512\"><path fill=\"#ababab\" d=\"M254.544 154.427L320.118 220H24c-13.255 0-24 10.745-24 24v24c0 13.255 10.745 24 24 24h296.118l-65.574 65.573c-9.373 9.373-9.373 24.569 0 33.941l16.971 16.971c9.373 9.373 24.569 9.373 33.941 0L440.97 272.97c9.373-9.373 9.373-24.569 0-33.941L305.456 103.515c-9.373-9.373-24.569-9.373-33.941 0l-16.971 16.971c-9.373 9.372-9.373 24.568 0 33.941z\"><\/path><\/svg>\n\t\t\t\t\t\t<\/div>\n\t\t\t\t\t<\/div>\n\t\t\t\t<\/a>\n\t\t\t\t\t\t\t\t\t\t\t\t\t\t\t\t\t\t\t\t<a class=\"article\" href=\"https:\/\/helpmegrowwa.org\/es\/video\/finding-help-is-hard-we-make-it-easy\">\n\t\t\t\t\t\t\t\t\t<div class=\"picture\">\n\t\t\t\t\t\t\t\t\t\t\t\t<img decoding=\"async\" src=\"https:\/\/helpmegrowwa.org\/wp-content\/uploads\/2019\/08\/HMG-Video-Featured-260x180.jpg\" srcset=\"https:\/\/helpmegrowwa.org\/wp-content\/uploads\/2019\/08\/HMG-Video-Featured-260x180.jpg 260w, https:\/\/helpmegrowwa.org\/wp-content\/uploads\/2019\/08\/HMG-Video-Featured-520x360.jpg 520w\" sizes=\"260px\">\n\t\t\t\t\t\t\t\t\t\t\t\t\t<div class=\"type-label\">V\u00eddeo<\/div>\n\t\t\t\t\t\t\t\t\t\t\t<\/div>\n\t\t\t\t\t<div class=\"content\">\n\t\t\t\t\t\t<div class=\"date\">1 de febrero de 2020<\/div>\n\t\t\t\t\t\t<div class=\"text\">\n\t\t\t\t\t\t\t<h3 class=\"title\">Encontrar ayuda es dif\u00edcil. Te lo ponemos f\u00e1cil.<\/h3>\n\t\t\t\t\t\t\t<div class=\"summary\">Ayudamos a las personas en todo el estado a navegar en complejos sistemas de servicios sociales y de salud.<\/div>\n\t\t\t\t\t\t<\/div>\n\t\t\t\t\t\t<div class=\"more\">\n\t\t\t\t\t\t\tLee mas\n\t\t\t\t\t\t\t<svg class=\"arrow\" aria-hidden=\"true\" focusable=\"false\" data-prefix=\"fas\" data-icon=\"long-arrow-right\" role=\"img\" xmlns=\"http:\/\/www.w3.org\/2000\/svg\" viewbox=\"0 0 448 512\"><path fill=\"#ababab\" d=\"M254.544 154.427L320.118 220H24c-13.255 0-24 10.745-24 24v24c0 13.255 10.745 24 24 24h296.118l-65.574 65.573c-9.373 9.373-9.373 24.569 0 33.941l16.971 16.971c9.373 9.373 24.569 9.373 33.941 0L440.97 272.97c9.373-9.373 9.373-24.569 0-33.941L305.456 103.515c-9.373-9.373-24.569-9.373-33.941 0l-16.971 16.971c-9.373 9.372-9.373 24.568 0 33.941z\"><\/path><\/svg>\n\t\t\t\t\t\t<\/div>\n\t\t\t\t\t<\/div>\n\t\t\t\t<\/a>\n\t\t\t\t\t\t\t\t\t<\/div>\n\t<\/div>\n\t<script>\n\t\n\t(function($) {\n\t\n\t\t\/\/ Get the block ID\n\t\tvar id = \"#block_5d4a0f33885ea\";\n\t\t\n\t\t\/\/ Reveal elements\n\t\tScrollReveal().reveal(id + \" .article\", {origin: \"bottom\", distance: \"20px\", duration: 1000, viewFactor: 0.2, interval: 100, reset: false});\n\t\t\n\t})(jQuery)\n\t\n\t<\/script>\n<\/div>","protected":false},"excerpt":{"rendered":"","protected":false},"author":2,"featured_media":0,"parent":63,"menu_order":5,"comment_status":"closed","ping_status":"closed","template":"","meta":{"_acf_changed":false,"footnotes":""},"acf":[],"_links":{"self":[{"href":"https:\/\/helpmegrowwa.org\/es\/wp-json\/wp\/v2\/pages\/883"}],"collection":[{"href":"https:\/\/helpmegrowwa.org\/es\/wp-json\/wp\/v2\/pages"}],"about":[{"href":"https:\/\/helpmegrowwa.org\/es\/wp-json\/wp\/v2\/types\/page"}],"author":[{"embeddable":true,"href":"https:\/\/helpmegrowwa.org\/es\/wp-json\/wp\/v2\/users\/2"}],"replies":[{"embeddable":true,"href":"https:\/\/helpmegrowwa.org\/es\/wp-json\/wp\/v2\/comments?post=883"}],"version-history":[{"count":6,"href":"https:\/\/helpmegrowwa.org\/es\/wp-json\/wp\/v2\/pages\/883\/revisions"}],"predecessor-version":[{"id":1678,"href":"https:\/\/helpmegrowwa.org\/es\/wp-json\/wp\/v2\/pages\/883\/revisions\/1678"}],"up":[{"embeddable":true,"href":"https:\/\/helpmegrowwa.org\/es\/wp-json\/wp\/v2\/pages\/63"}],"wp:attachment":[{"href":"https:\/\/helpmegrowwa.org\/es\/wp-json\/wp\/v2\/media?parent=883"}],"curies":[{"name":"gracias","href":"https:\/\/api.w.org\/{rel}","templated":true}]}}