{"id":47,"date":"2019-06-15T01:14:00","date_gmt":"2019-06-15T01:14:00","guid":{"rendered":"http:\/\/54.244.98.151\/?page_id=47"},"modified":"2024-02-02T04:21:30","modified_gmt":"2024-02-02T04:21:30","slug":"developmental-milestones","status":"publish","type":"page","link":"https:\/\/helpmegrowwa.org\/so\/developmental-milestones","title":{"rendered":"Marxaladaha Horumarka"},"content":{"rendered":"<div id=\"block_e47469bdcdac295ab3695ecd394fc9eb\" class=\"banner-block text\">\n\t<img decoding=\"async\" class=\"graphic\" src=\"https:\/\/helpmegrowwa.org\/wp-content\/themes\/helpmegrowwa\/images\/banner-text-shapes.svg\">\n\t<div class=\"text-wrapper\">\n\t\t<h1>Marxaladaha Horumarka<\/h1>\n\t<\/div>\t\n\t<script>\n\t(function($) {\n\t\t\/\/ Get the block ID\n\t\tvar id = \"#block_e47469bdcdac295ab3695ecd394fc9eb\";\n\t\t\/\/ Reveal the heading\n\t\tScrollReveal().reveal(id + \" h1\", {duration: 1000});\n\t})(jQuery)\n\t<\/script>\n<\/div>\n\n\n\n<div id=\"block_fa6c9b3cb9470e723eccf397f340ac50\" class=\"text-block white large center\">\n\t<div class=\"container one-column full\">\n\t\t<h2><span style=\"color: #571653;\">Carruurnimada waxaa ka buuxa guulo farabadan oo la gaaro!<\/span><\/h2>\n<p>Carruurtu waxay u koraan oo u beddelaan siyaabo badan. Laga bilaabo dhalashada, ilmahaagu wuxuu bilaabi doonaa inuu gaaro heerar muhiim ah sida ay u ciyaaraan, wax u bartaan, u dhaqmaan, iyo u wada xiriiraan. Tusaalooyinka dhacdooyinka muhiimka ah waxaa ka mid ah qaadashada tillaabada ugu horreysa, dhoola cadeynta, gacan haynta &quot;bye bye,&quot; ama gaaritaanka qalab ay ku ciyaaraan. Dabaaldegyada waa ku kala duwan yihiin da&#039; kasta. Baro aasaaska horumarka ubadka si aad ula macaamili karto ilmahaaga una hubiso inay ku socdaan wadadii saxda ahayd.<\/p>\n<h4><strong><a class=\"page-link\" href=\"https:\/\/www.cdc.gov\/ncbddd\/actearly\/milestones\/index.html\" target=\"_blank\" rel=\"noopener\">Baro wax badan oo ku saabsan marxaladaha korriinka da&#039;da adigoo isticmaalaya qalabkan isdhexgalka ee waalidiinta<img decoding=\"async\" src=\"\/wp-content\/themes\/helpmegrowwa\/images\/text-block-orange-arrow.svg\" \/><\/a><\/strong><\/h4>\n\t<\/div>\n\t<script>\n\t\t(function($) {\n\t\t\t\/\/ Get the block ID\n\t\t\tvar id = \"#block_fa6c9b3cb9470e723eccf397f340ac50\";\n\t\t\t\/\/ Reveal the block\n\t\t\tvar container = document.documentElement;\n\t\t\tScrollReveal().reveal(id + \" .container\", {origin: \"bottom\", distance: \"20px\", duration: 1000, container: container});\n\t\t}(jQuery))\n\t<\/script>\n<\/div>\n\n<div id=\"block_354a1300a7be75d4402e389c844444fa\" class=\"tile-block light-gray\">\n\t<div class=\"container left\">\n\t\t<div class=\"image\">\n\t\t\t<div class=\"wrapper\">\n\t\t\t\t\t\t\t\t<img decoding=\"async\" src=\"https:\/\/helpmegrowwa.org\/wp-content\/uploads\/2023\/09\/Learn-Sign-Language-Help-Me-Grow-Washington-555x392.jpg\" srcset=\"https:\/\/helpmegrowwa.org\/wp-content\/uploads\/2023\/09\/Learn-Sign-Language-Help-Me-Grow-Washington-555x392.jpg 555w, https:\/\/helpmegrowwa.org\/wp-content\/uploads\/2023\/09\/Learn-Sign-Language-Help-Me-Grow-Washington-1110x784.jpg 1110w\" sizes=\"555px\">\n\t\t\t<\/div>\n\t\t<\/div>\n\t\t<div class=\"text\">\n\t\t\t\t\t\t<h2><span style=\"color: #0095c4;\">Isku day Tracker Milestone oo BILAASH ah<\/span><\/h2>\n<p class=\"app-buttons\">Qodobbada muhiimka ah waa muhiim! Waxaad si fudud ula socon kartaa oo aad ugu dabaal dagi kartaa horumarka hore ee ilmahaaga adigoo isticmaalaya Milestone Tracker abka CDC&#039;s <a href=\"https:\/\/www.cdc.gov\/ncbddd\/actearly\/index.html\" target=\"_blank\" rel=\"noopener\">\u201cLearn the Signs. Act Early.\u201d (Calaamadaha Baro. Tallaabo Hore u Qaad.) ee xarunta CDC<\/a>La soco ama raadraac marxaladaha uu ilmahaagu ka gaaro xilliyada horumarka muhiim u ah laga bilaabo 2 bilood ilaa 5 sano adigoo isticmaalaya liisaska hubinta sawirro leh ee isticmaal fudud. Weliba, fikrado ka hel sida aad u dhiirrigelinayso horumarka ilmahaaga oo soo ogow waxa aad samaynayso haddii aad ka walaac qabto sida uu ilmahaagu u horumarayo ama u kobcayo. Sawirrada iyo fiidiyowyada ku jira abb-kan ayaa sawiraya ama muujinaya marxalad kaste waxayna kuu fududaynayaan oo ay xiise kuugu yeelayaan in aad kuwaas ilmahaaga ugula socoto.<\/p>\n\t\t<\/div>\n\t<\/div>\n\t<script>\n\t(function($) {\n\t\t\/\/ Get the block ID\n\t\tvar id = \"#block_354a1300a7be75d4402e389c844444fa\";\n\t\t\/\/ Reveal the block\n\t\tvar container = document.documentElement;\n\t\tScrollReveal().reveal(id + \" .container.left .image\", {origin: \"left\", distance: \"20px\", duration: 1000, container: container});\n\t\tScrollReveal().reveal(id + \" .container.left .text\", {origin: \"right\", distance: \"20px\", duration: 1000, container: container});\n\t\tScrollReveal().reveal(id + \" .container.right .image\", {origin: \"right\", distance: \"20px\", duration: 1000, container: container});\n\t\tScrollReveal().reveal(id + \" .container.right .text\", {origin: \"left\", distance: \"20px\", duration: 1000, container: container});\n\t}(jQuery))\n\t<\/script>\n<\/div>\n\n<div id=\"block_957269a39961caa56ad0d9b1de99d9bc\" class=\"tile-block light-gray\">\n\t<div class=\"container right\">\n\t\t<div class=\"image\">\n\t\t\t<div class=\"wrapper\">\n\t\t\t\t\t\t\t\t<img decoding=\"async\" src=\"https:\/\/helpmegrowwa.org\/wp-content\/uploads\/2023\/09\/Early-Childhood-Development-and-Care-Help-Me-Grow-Wa-555x392.jpg\" srcset=\"https:\/\/helpmegrowwa.org\/wp-content\/uploads\/2023\/09\/Early-Childhood-Development-and-Care-Help-Me-Grow-Wa-555x392.jpg 555w, https:\/\/helpmegrowwa.org\/wp-content\/uploads\/2023\/09\/Early-Childhood-Development-and-Care-Help-Me-Grow-Wa-1110x784.jpg 1110w\" sizes=\"555px\">\n\t\t\t<\/div>\n\t\t<\/div>\n\t\t<div class=\"text\">\n\t\t\t\t\t\t<h2><span style=\"color: #0095c4;\">Horumarin <\/span><span style=\"color: #0095c4;\">Su&#039;aalo?<\/span><\/h2>\n<p>Carruurtu way koraan, koraan, waxna bartaan noloshooda oo dhan - bulsho ahaan iyo shucuureed, garasho ahaan iyo jidh ahaanba. Ilmo kastaa wuu ka duwan yahay wuxuuna ku koraa xawligiisa. Isla mar ahaantaana, waxaa jira xirfado muhiim ah oo carruurtu u baahan yihiin si ay ugu horumaraan dugsiga iyo bulshada dhexdeeda. Waxaad hubin kartaa in ilmahaagu leeyahay xirfadahan adiga oo hubinaya horumarkooda hore iyo inta badan. Haddi aad waligaa wax walaac ah ka qabto horumarka ubadkaaga, ka hadal! Adiga ayaa si fiican u garanaaya ilmahaaga.<\/p>\n<p><strong>Wac Khadka macluumaadka barnaamijka Help Me Grow ee Washington ee ah <a href=\"Tel:1-800-322-2588\"><span style=\"white-space: nowrap;\">1-800-322-2588<\/span><\/a> si aad wax uga barato tillaabooyinka aad maanta qaadi karto si aad u taageerto horumarka ilmahaaga.<\/strong><\/p>\n\t\t<\/div>\n\t<\/div>\n\t<script>\n\t(function($) {\n\t\t\/\/ Get the block ID\n\t\tvar id = \"#block_957269a39961caa56ad0d9b1de99d9bc\";\n\t\t\/\/ Reveal the block\n\t\tvar container = document.documentElement;\n\t\tScrollReveal().reveal(id + \" .container.left .image\", {origin: \"left\", distance: \"20px\", duration: 1000, container: container});\n\t\tScrollReveal().reveal(id + \" .container.left .text\", {origin: \"right\", distance: \"20px\", duration: 1000, container: container});\n\t\tScrollReveal().reveal(id + \" .container.right .image\", {origin: \"right\", distance: \"20px\", duration: 1000, container: container});\n\t\tScrollReveal().reveal(id + \" .container.right .text\", {origin: \"left\", distance: \"20px\", duration: 1000, container: container});\n\t}(jQuery))\n\t<\/script>\n<\/div>\n\n<div id=\"block_65b967a8a1db6495c318d90b2b598254\" class=\"tile-block light-gray\">\n\t<div class=\"container left\">\n\t\t<div class=\"image\">\n\t\t\t<div class=\"wrapper\">\n\t\t\t\t\t\t\t\t<img decoding=\"async\" src=\"https:\/\/helpmegrowwa.org\/wp-content\/uploads\/2023\/09\/ParentHelp123-and-Help-Me-Grow-Washington-555x392.jpg\" srcset=\"https:\/\/helpmegrowwa.org\/wp-content\/uploads\/2023\/09\/ParentHelp123-and-Help-Me-Grow-Washington-555x392.jpg 555w, https:\/\/helpmegrowwa.org\/wp-content\/uploads\/2023\/09\/ParentHelp123-and-Help-Me-Grow-Washington-1110x784.jpg 1110w\" sizes=\"555px\">\n\t\t\t<\/div>\n\t\t<\/div>\n\t\t<div class=\"text\">\n\t\t\t\t\t\t<h2><span style=\"color: #0095c4;\">Ku Xidhnow Barnaamijyada iyo Khayraadka waxtarka leh<\/span><\/h2>\n<p>The <a href=\"https:\/\/resources.helpmegrowwa.org\/\" target=\"_blank\" rel=\"noopener\">ParentHelp123 Ilaha Raadiyaha<\/a> waxay ka caawisaa qoysaska Washington inay helaan adeegyo bulshooyinkooda, inay arkaan inay u qalmaan dheefaha cuntada iyo caafimaadka, iyo inay ku xidhmaan agabyo caafimaad iyo korriin ilmo oo kala duwan. The <a href=\"https:\/\/helpmegrowwa.org\/so\/\" target=\"_blank\" rel=\"noopener\">Help Me Grow Washington website<\/a> sidoo kale waxay siisaa macluumaadka caafimaadka muhiimka ah ee haweenka uurka leh, waalidiinta, carruurta, iyo qoysaska.<\/p>\n\t\t<\/div>\n\t<\/div>\n\t<script>\n\t(function($) {\n\t\t\/\/ Get the block ID\n\t\tvar id = \"#block_65b967a8a1db6495c318d90b2b598254\";\n\t\t\/\/ Reveal the block\n\t\tvar container = document.documentElement;\n\t\tScrollReveal().reveal(id + \" .container.left .image\", {origin: \"left\", distance: \"20px\", duration: 1000, container: container});\n\t\tScrollReveal().reveal(id + \" .container.left .text\", {origin: \"right\", distance: \"20px\", duration: 1000, container: container});\n\t\tScrollReveal().reveal(id + \" .container.right .image\", {origin: \"right\", distance: \"20px\", duration: 1000, container: container});\n\t\tScrollReveal().reveal(id + \" .container.right .text\", {origin: \"left\", distance: \"20px\", duration: 1000, container: container});\n\t}(jQuery))\n\t<\/script>\n<\/div>\n\n<div id=\"block_75d68ac94bff2a074157d9e65c4be077\" class=\"tile-block light-gray\">\n\t<div class=\"container right\">\n\t\t<div class=\"image\">\n\t\t\t<div class=\"wrapper\">\n\t\t\t\t\t\t\t\t<img decoding=\"async\" src=\"https:\/\/helpmegrowwa.org\/wp-content\/uploads\/2023\/09\/Vroom-feature-feature-img-555x392.jpg\" srcset=\"https:\/\/helpmegrowwa.org\/wp-content\/uploads\/2023\/09\/Vroom-feature-feature-img-555x392.jpg 555w, https:\/\/helpmegrowwa.org\/wp-content\/uploads\/2023\/09\/Vroom-feature-feature-img-1110x784.jpg 1110w\" sizes=\"555px\">\n\t\t\t<\/div>\n\t\t<\/div>\n\t\t<div class=\"text\">\n\t\t\t\t\t\t<h2><span style=\"color: #0095c4;\">Ku Bilow barnaamijka Vroom<\/span><\/h2>\n<p>Bulshooyinka Washington oo dhan waxay isticmaalayaan Vroom si ay kor ugu qaadaan korriinka maskaxda ilmaha si xiiso leh oo u fudud qof kasta inuu sameeyo. Diyaar ma u tahay inaad tijaabiso qaar ka mid ah talooyinka Vroom ee ilmaha ama carruurta noloshaada? <a href=\"https:\/\/www.vroom.org\/\" target=\"_blank\" rel=\"noopener\">Booqo barta internetka barnaamijka Vroom<\/a> halkaas oo aad ka heli karto Vroom app, iska diiwaan geli Vroom qoraal ahaan, ama daabacan oo soo dejisan karto tabaha. Wakhtiga aad la qaadanayso ilmahaaga waxa ay ka caawin kartaa in maskaxdooda ay xoogeysato.<\/p>\n\t\t<\/div>\n\t<\/div>\n\t<script>\n\t(function($) {\n\t\t\/\/ Get the block ID\n\t\tvar id = \"#block_75d68ac94bff2a074157d9e65c4be077\";\n\t\t\/\/ Reveal the block\n\t\tvar container = document.documentElement;\n\t\tScrollReveal().reveal(id + \" .container.left .image\", {origin: \"left\", distance: \"20px\", duration: 1000, container: container});\n\t\tScrollReveal().reveal(id + \" .container.left .text\", {origin: \"right\", distance: \"20px\", duration: 1000, container: container});\n\t\tScrollReveal().reveal(id + \" .container.right .image\", {origin: \"right\", distance: \"20px\", duration: 1000, container: container});\n\t\tScrollReveal().reveal(id + \" .container.right .text\", {origin: \"left\", distance: \"20px\", duration: 1000, container: container});\n\t}(jQuery))\n\t<\/script>\n<\/div>\n\n<div id=\"block_735993191e4d98e446d4706015eccac4\" class=\"invitation-block light-gray center\">\t\n\t<div class=\"container purple\">\n\t\t<p>U fiirso dhacdooyinka muhiimka ah inta lagu jiro daqiiqadaha maalinlaha ah! Waxaan bixinaa baaris bilaash ah si aan uga caawino waalidiinta iyo daryeelayaasha si ay u hubiyaan horumarka koritaanka ilmaha.<\/p>\n\t\t\t\t<a class=\"btn orange\" href=\"\/so\/developmental-screening\/\" target=\"\">War dheeraad ah Hel<\/a>\n\t\t\t<\/div>\n<\/div>\n\n\n<div id=\"block_454e2bfffc56690d2c89a06a6761427e\" class=\"news-feature-block\">\n\t<div class=\"container\">\n\t\t<div class=\"title\">\n\t\t\t\t\t\t\t<h2>Warar + Cusbooneysiin<\/h2>\n\t\t\t\t\t<\/div>\n\t\t<div class=\"wrapper\">\n\t\t\t\t\t\t\t\n\t\t\t\t\t\t\t\t\t\t\t\t\t\t\t\t\t\t\t\t<a class=\"article\" href=\"https:\/\/conta.cc\/4c23dcA\" target=\"_blank\">\n\t\t\t\t\t\t\t\t\t\t\t<div class=\"picture\">\n\t\t\t\t\t\t\t\t\t\t\t\t\t\t<img decoding=\"async\" src=\"https:\/\/helpmegrowwa.org\/wp-content\/uploads\/2026\/03\/HMG-WA-Network-Newsletter-header-14-260x180.png\" srcset=\"https:\/\/helpmegrowwa.org\/wp-content\/uploads\/2026\/03\/HMG-WA-Network-Newsletter-header-14-260x180.png 260w, https:\/\/helpmegrowwa.org\/wp-content\/uploads\/2026\/03\/HMG-WA-Network-Newsletter-header-14-520x200.png 520w\" sizes=\"260px\">\n\t\t\t\t\t\t\t\t\t\t\t\t\t\t\t<div class=\"type-label\">Warsidaha<\/div>\n\t\t\t\t\t\t\t\t\t\t\t\t\t<\/div>\n\t\t\t\t\t\t<div class=\"content\">\n\t\t\t\t\t\t\t\t\t\t\t\t\t\t\t<div class=\"date\">Abriil 1, 2026<\/div>\n\t\t\t\t\t\t\t\t\t\t\t\t\t\t<div class=\"text\">\n\t\t\t\t\t\t\t\t<h3 class=\"title\">Warsidaha HMG WA ee Maarso 2026 (Isbaanish)<\/h3>\n\t\t\t\t\t\t\t\t<div class=\"summary\">Celebre a la red de Ay\u00fadame a Crecer Washington iyo conozca los avances que hemos logrado en varias iniciativas estrat\u00e9gicas del Plan estrat\u00e9gico de Ay\u00fadame a Crecer Washington.<\/div>\n\t\t\t\t\t\t\t<\/div>\n\t\t\t\t\t\t\t<div class=\"more\">\n\t\t\t\t\t\t\t\tAkhri wax dheeraad ah\n\t\t\t\t\t\t\t\t<svg class=\"arrow\" aria-hidden=\"true\" focusable=\"false\" data-prefix=\"fas\" data-icon=\"long-arrow-right\" role=\"img\" xmlns=\"http:\/\/www.w3.org\/2000\/svg\" viewbox=\"0 0 448 512\"><path fill=\"#ababab\" d=\"M254.544 154.427L320.118 220H24c-13.255 0-24 10.745-24 24v24c0 13.255 10.745 24 24 24h296.118l-65.574 65.573c-9.373 9.373-9.373 24.569 0 33.941l16.971 16.971c9.373 9.373 24.569 9.373 33.941 0L440.97 272.97c9.373-9.373 9.373-24.569 0-33.941L305.456 103.515c-9.373-9.373-24.569-9.373-33.941 0l-16.971 16.971c-9.373 9.372-9.373 24.568 0 33.941z\"><\/path><\/svg>\n\t\t\t\t\t\t\t<\/div>\n\t\t\t\t\t\t<\/div>\n\t\t\t\t\t<\/a>\n\t\t\t\t\t\t\t\t\t\t\t\t\t\t\t\t\t\t\t\t\t\t\t\t\t<a class=\"article\" href=\"https:\/\/conta.cc\/4d61btX\" target=\"_blank\">\n\t\t\t\t\t\t\t\t\t\t\t<div class=\"picture\">\n\t\t\t\t\t\t\t\t\t\t\t\t\t\t<img decoding=\"async\" src=\"https:\/\/helpmegrowwa.org\/wp-content\/uploads\/2026\/03\/HMG-WA-Network-Newsletter-header-13-260x180.png\" srcset=\"https:\/\/helpmegrowwa.org\/wp-content\/uploads\/2026\/03\/HMG-WA-Network-Newsletter-header-13-260x180.png 260w, https:\/\/helpmegrowwa.org\/wp-content\/uploads\/2026\/03\/HMG-WA-Network-Newsletter-header-13-520x200.png 520w\" sizes=\"260px\">\n\t\t\t\t\t\t\t\t\t\t\t\t\t\t\t<div class=\"type-label\">Warsidaha<\/div>\n\t\t\t\t\t\t\t\t\t\t\t\t\t<\/div>\n\t\t\t\t\t\t<div class=\"content\">\n\t\t\t\t\t\t\t\t\t\t\t\t\t\t\t<div class=\"date\">Maarso 31, 2026<\/div>\n\t\t\t\t\t\t\t\t\t\t\t\t\t\t<div class=\"text\">\n\t\t\t\t\t\t\t\t<h3 class=\"title\">Warside HMG WA Maarso 2026<\/h3>\n\t\t\t\t\t\t\t\t<div class=\"summary\">U dabaaldeg shabakadda Help Me Grow WA oo baro horumarka laga sameeyay dhowr ka mid ah hindisayaasha istaraatiijiyadeed ee Qorshaha Istaraatiijiyadda Help Me Grow WA.<\/div>\n\t\t\t\t\t\t\t<\/div>\n\t\t\t\t\t\t\t<div class=\"more\">\n\t\t\t\t\t\t\t\tAkhri wax dheeraad ah\n\t\t\t\t\t\t\t\t<svg class=\"arrow\" aria-hidden=\"true\" focusable=\"false\" data-prefix=\"fas\" data-icon=\"long-arrow-right\" role=\"img\" xmlns=\"http:\/\/www.w3.org\/2000\/svg\" viewbox=\"0 0 448 512\"><path fill=\"#ababab\" d=\"M254.544 154.427L320.118 220H24c-13.255 0-24 10.745-24 24v24c0 13.255 10.745 24 24 24h296.118l-65.574 65.573c-9.373 9.373-9.373 24.569 0 33.941l16.971 16.971c9.373 9.373 24.569 9.373 33.941 0L440.97 272.97c9.373-9.373 9.373-24.569 0-33.941L305.456 103.515c-9.373-9.373-24.569-9.373-33.941 0l-16.971 16.971c-9.373 9.372-9.373 24.568 0 33.941z\"><\/path><\/svg>\n\t\t\t\t\t\t\t<\/div>\n\t\t\t\t\t\t<\/div>\n\t\t\t\t\t<\/a>\n\t\t\t\t\t\t\t\t\t\t\t\t\t\t\t\t\t\t\t\t\t\t\t\t\t<a class=\"article\" href=\"https:\/\/helpmegrowwa.org\/so\/reaching-new-heights-partnering-to-support-child-development\">\n\t\t\t\t\t\t\t\t\t\t\t<div class=\"picture\">\n\t\t\t\t\t\t\t\t\t\t\t\t\t\t<img decoding=\"async\" src=\"https:\/\/helpmegrowwa.org\/wp-content\/uploads\/2026\/03\/NEWS-STORY-TITLE-5-e1774371040337-260x180.png\" srcset=\"https:\/\/helpmegrowwa.org\/wp-content\/uploads\/2026\/03\/NEWS-STORY-TITLE-5-e1774371040337-260x180.png 260w, https:\/\/helpmegrowwa.org\/wp-content\/uploads\/2026\/03\/NEWS-STORY-TITLE-5-e1774371040337-520x360.png 520w\" sizes=\"260px\">\n\t\t\t\t\t\t\t\t\t\t\t\t\t\t\t<div class=\"type-label\">Blog<\/div>\n\t\t\t\t\t\t\t\t\t\t\t\t\t<\/div>\n\t\t\t\t\t\t<div class=\"content\">\n\t\t\t\t\t\t\t\t\t\t\t\t\t\t\t<div class=\"date\">Maarso 24, 2026<\/div>\n\t\t\t\t\t\t\t\t\t\t\t\t\t\t<div class=\"text\">\n\t\t\t\t\t\t\t\t<h3 class=\"title\">Gaaritaanka Meelaha Sare: Iskaashiga Taageerada Horumarinta Carruurta<\/h3>\n\t\t\t\t\t\t\t\t<div class=\"summary\">Ilo Cusub oo loogu talagalay Qoysaska iyo La-hawlgalayaasha! Help Me Grow WA waxay iskaashi la samaysay Qaybta Washington ee Akadeemiyada Carruurta ee Mareykanka (WCAAP) si ay u abuuraan jaantus dherer oo laba luqadood leh oo xiiso leh oo loogu talagalay carruurta da&#039;doodu u dhaxayso 2 bilood ilaa 5 sano. Iyadoo loo qaabeeyey khibradda carruurta iyo qoysaska, jaantus kastaa wuxuu ka kooban yahay marxalado horumarineed oo muhiim ah iyo siyaabo fudud oo qoysasku ay u taageeri karaan koritaanka iyo waxbarashada ilmahooda. <\/div>\n\t\t\t\t\t\t\t<\/div>\n\t\t\t\t\t\t\t<div class=\"more\">\n\t\t\t\t\t\t\t\tAkhri wax dheeraad ah\n\t\t\t\t\t\t\t\t<svg class=\"arrow\" aria-hidden=\"true\" focusable=\"false\" data-prefix=\"fas\" data-icon=\"long-arrow-right\" role=\"img\" xmlns=\"http:\/\/www.w3.org\/2000\/svg\" viewbox=\"0 0 448 512\"><path fill=\"#ababab\" d=\"M254.544 154.427L320.118 220H24c-13.255 0-24 10.745-24 24v24c0 13.255 10.745 24 24 24h296.118l-65.574 65.573c-9.373 9.373-9.373 24.569 0 33.941l16.971 16.971c9.373 9.373 24.569 9.373 33.941 0L440.97 272.97c9.373-9.373 9.373-24.569 0-33.941L305.456 103.515c-9.373-9.373-24.569-9.373-33.941 0l-16.971 16.971c-9.373 9.372-9.373 24.568 0 33.941z\"><\/path><\/svg>\n\t\t\t\t\t\t\t<\/div>\n\t\t\t\t\t\t<\/div>\n\t\t\t\t\t<\/a>\n\t\t\t\t\t\t\t\t\t\t\t\t\t\t\t\t\t\t\t\t\t\t\t\t\t<a class=\"article\" href=\"https:\/\/helpmegrowwa.org\/so\/news\/celebrating-the-2026-help-me-grow-washington-network\">\n\t\t\t\t\t\t\t\t\t\t\t<div class=\"picture\">\n\t\t\t\t\t\t\t\t\t\t\t\t\t\t<img decoding=\"async\" src=\"https:\/\/helpmegrowwa.org\/wp-content\/uploads\/2026\/03\/NEWS-STORY-TITLE-4-260x180.png\" srcset=\"https:\/\/helpmegrowwa.org\/wp-content\/uploads\/2026\/03\/NEWS-STORY-TITLE-4-260x180.png 260w, https:\/\/helpmegrowwa.org\/wp-content\/uploads\/2026\/03\/NEWS-STORY-TITLE-4-520x360.png 520w\" sizes=\"260px\">\n\t\t\t\t\t\t\t\t\t\t\t\t\t\t\t<div class=\"type-label\">Wararka<\/div>\n\t\t\t\t\t\t\t\t\t\t\t\t\t<\/div>\n\t\t\t\t\t\t<div class=\"content\">\n\t\t\t\t\t\t\t\t\t\t\t\t\t\t\t<div class=\"date\">Maarso 23, 2026<\/div>\n\t\t\t\t\t\t\t\t\t\t\t\t\t\t<div class=\"text\">\n\t\t\t\t\t\t\t\t<h3 class=\"title\">U dabaaldegga Shabakadda Help Me Grow Washington ee 2026!<\/h3>\n\t\t\t\t\t\t\t\t<div class=\"summary\">Aad ayaan ugu faraxsanahay inaan ku soo dhaweyno Help Me Grow Whatcom iyo Help Me Grow Grays Harbor shabakadda Help Me Grow Washington! \ud83d\udc9c Iyada oo lagu daray, bulshooyin badan oo ku baahsan gobolka ayaa dhisaya nidaamyo taageero oo isku xiran oo qoyska ku salaysan\u2014xoojinta xiriirka iyo u sahlida qoysaska inay helaan kheyraadka ay u baahan yihiin, marka ay u baahdaan.\u00a0<\/div>\n\t\t\t\t\t\t\t<\/div>\n\t\t\t\t\t\t\t<div class=\"more\">\n\t\t\t\t\t\t\t\tAkhri wax dheeraad ah\n\t\t\t\t\t\t\t\t<svg class=\"arrow\" aria-hidden=\"true\" focusable=\"false\" data-prefix=\"fas\" data-icon=\"long-arrow-right\" role=\"img\" xmlns=\"http:\/\/www.w3.org\/2000\/svg\" viewbox=\"0 0 448 512\"><path fill=\"#ababab\" d=\"M254.544 154.427L320.118 220H24c-13.255 0-24 10.745-24 24v24c0 13.255 10.745 24 24 24h296.118l-65.574 65.573c-9.373 9.373-9.373 24.569 0 33.941l16.971 16.971c9.373 9.373 24.569 9.373 33.941 0L440.97 272.97c9.373-9.373 9.373-24.569 0-33.941L305.456 103.515c-9.373-9.373-24.569-9.373-33.941 0l-16.971 16.971c-9.373 9.372-9.373 24.568 0 33.941z\"><\/path><\/svg>\n\t\t\t\t\t\t\t<\/div>\n\t\t\t\t\t\t<\/div>\n\t\t\t\t\t<\/a>\n\t\t\t\t\t\t\t\t\t\t\t\t\t\n\t\t\t\t\t\t\t\n\t\t<\/div>\n\t<\/div>\n\t<script>\n\t\n\t(function($) {\n\t\n\t\t\/\/ Get the block ID\n\t\tvar id = \"#block_454e2bfffc56690d2c89a06a6761427e\";\n\t\t\n\t\t\/\/ Reveal foreground elements\n\t\tScrollReveal().reveal(id + \" .article\", {origin: \"bottom\", distance: \"20px\", duration: 1000, viewFactor: 0.2, interval: 100, reset: false});\n\t\t\n\t})(jQuery)\n\t\n\t<\/script>\t\n<\/div>","protected":false},"excerpt":{"rendered":"","protected":false},"author":2,"featured_media":0,"parent":0,"menu_order":41,"comment_status":"closed","ping_status":"closed","template":"","meta":{"_acf_changed":false,"footnotes":""},"acf":[],"_links":{"self":[{"href":"https:\/\/helpmegrowwa.org\/so\/wp-json\/wp\/v2\/pages\/47"}],"collection":[{"href":"https:\/\/helpmegrowwa.org\/so\/wp-json\/wp\/v2\/pages"}],"about":[{"href":"https:\/\/helpmegrowwa.org\/so\/wp-json\/wp\/v2\/types\/page"}],"author":[{"embeddable":true,"href":"https:\/\/helpmegrowwa.org\/so\/wp-json\/wp\/v2\/users\/2"}],"replies":[{"embeddable":true,"href":"https:\/\/helpmegrowwa.org\/so\/wp-json\/wp\/v2\/comments?post=47"}],"version-history":[{"count":215,"href":"https:\/\/helpmegrowwa.org\/so\/wp-json\/wp\/v2\/pages\/47\/revisions"}],"predecessor-version":[{"id":8994,"href":"https:\/\/helpmegrowwa.org\/so\/wp-json\/wp\/v2\/pages\/47\/revisions\/8994"}],"wp:attachment":[{"href":"https:\/\/helpmegrowwa.org\/so\/wp-json\/wp\/v2\/media?parent=47"}],"curies":[{"name":"wp","href":"https:\/\/api.w.org\/{rel}","templated":true}]}}