{"id":6556,"date":"2023-10-10T20:27:38","date_gmt":"2023-10-10T20:27:38","guid":{"rendered":"https:\/\/helpmegrowwa.org\/?page_id=6556"},"modified":"2026-03-04T19:12:40","modified_gmt":"2026-03-04T19:12:40","slug":"hotline","status":"publish","type":"page","link":"https:\/\/helpmegrowwa.org\/so\/hotline","title":{"rendered":"Khadka Taleefanka"},"content":{"rendered":"<div id=\"block_ca8c6e752a8f88b5ccfaa0c2fc5f5440\" class=\"fifty-fifty-block dark-purple right fifty-fifty-banner\">\n\t<img decoding=\"async\" class=\"flower-graphic\" src=\"https:\/\/helpmegrowwa.org\/wp-content\/themes\/helpmegrowwa\/images\/banner-text-shapes.svg\">\n\t<div class=\"info\">\n\t\t<div class=\"container regular center\">\n\t\t\t<h1>Wac khadka Help Me Grow Washington<\/h1>\n\t\t\t\t\t<\/div>\n\t<\/div>\n\t\t<div class=\"image\" style=\"background-image: url(https:\/\/helpmegrowwa.org\/wp-content\/uploads\/2023\/09\/Help-Me-Grow-Washington-Hotline-Call-Today.jpg);background-position: center center;\">\n\t\t\t\t\t<img decoding=\"async\" class=\"corner\" src=\"https:\/\/helpmegrowwa.org\/wp-content\/themes\/helpmegrowwa\/images\/fifty-fifty-corner-piece.svg\">\n\t\t\t\t\t<\/div>\n\t<script>\n\t(function($) {\n\t\t\/\/ Get the block ID\n\t\tvar id = \"#block_ca8c6e752a8f88b5ccfaa0c2fc5f5440\";\n\t\t\/\/ Reveal the block\n\t\tvar container = document.documentElement;\n\t\tScrollReveal().reveal(id + \".left .image\", {origin: \"left\", distance: \"20px\", duration: 1000});\n\t\tScrollReveal().reveal(id + \".left .info .container\", {origin: \"right\", distance: \"20px\", duration: 1000});\n\t\tScrollReveal().reveal(id + \".right .image\", {origin: \"right\", distance: \"20px\", duration: 1000});\n\t\tScrollReveal().reveal(id + \".right .info .container\", {origin: \"left\", distance: \"20px\", duration: 1000});\n\t}(jQuery))\n\t<\/script>\n<\/div>\n\n<div id=\"block_c74c07c60f7bcf962bf773dfe23f817e\" class=\"text-block white large center\">\n\t<div class=\"container one-column narrow\">\n\t\t<p>Waxaan halkaan u joognaa inaan ku caawinno. Na soo wac si aad ula xiriirto Navigator Kheyraadka Qoyska oo saaxiibtinimo leh oo aqoon leh kaasoo kaa caawin kara inaad fahamto oo aad codsato ilo kala duwan. Adeegyada Help Me Grow waa bilaash waxayna diyaar u yihiin qof kasta oo ku nool gobolka Washington.<\/p>\n\t<\/div>\n\t<script>\n\t\t(function($) {\n\t\t\t\/\/ Get the block ID\n\t\t\tvar id = \"#block_c74c07c60f7bcf962bf773dfe23f817e\";\n\t\t\t\/\/ Reveal the block\n\t\t\tvar container = document.documentElement;\n\t\t\tScrollReveal().reveal(id + \" .container\", {origin: \"bottom\", distance: \"20px\", duration: 1000, container: container});\n\t\t}(jQuery))\n\t<\/script>\n<\/div>\n\n<div id=\"block_15163bac9f7e4694002ed0b985d861d4\" class=\"hotlines-block white\">\n\t<div class=\"boxes-wrapper\">\n\t\t<div class=\"boxes\">\n\t\t\t\n\t\t\t<div class=\"container\">\n\t\t\t\t<div class=\"box border-light-gray\">\n\t\t\t\t\t<div class=\"hotline-name\">Degmada Skagit<br>Khadka Taleefanka:<\/div>\n\t\t\t\t\t<div class=\"hotline-phone\"><svg height=\"29\" viewbox=\"0 0 20 29\" width=\"20\" xmlns=\"http:\/\/www.w3.org\/2000\/svg\"><path d=\"m818.598155 875.186961-3.470088-4.138667c-.837272-.903819-1.800993-1.268685-2.959922-.673151l-1.158872.61992c-.644307.329378-.648764.518994-.887182.888289-.621027.968149-1.456086.747447-1.850874.329378-1.669009-1.778792-3.749444-5.777895-3.768181-5.81537-.697538-1.357374-1.122278-2.778-1.371796-4.188634-.094263-.567796.19629-1.370689 1.345195-1.314136.440269.022181.595533.128643 1.23984-.202942l1.17883-.583325c1.158873-.593291 1.425027-1.589177 1.176616-2.796852l-1.341873-5.229972c-.489071-.969257-1.67233-1.359605-2.641587-.870545l-2.51406 1.266441c-.435841.219578-.841702.672044-1.104535 1.188824-2.121486 3.586485-1.99728 9.236627.706424 14.49868.099807.19629 4.241723 10.279101 12.489249 11.188427.573332.086501 1.174401.022179 1.608028-.205162l2.495209-1.306386c.960371-.503465 1.332987-1.691181.829522-2.654902z\" fill=\"#ff671d\" fill-rule=\"evenodd\" transform=\"translate(-799 -851)\"\/><\/svg>&nbsp;<a href=\"Tel:360-630-8352\">360-630-8352<\/a><\/div>\n\t\t\t\t<\/div>\n\t\t\t<\/div>\n\t\t\t\n\t\t\t<div class=\"container\">\n\t\t\t\t<div class=\"box border-light-gray\">\n\t\t\t\t\t<div class=\"hotline-name\">Bartamaha Washington<br>Khadka Taleefanka:<\/div>\n\t\t\t\t\t<div class=\"hotline-phone\"><svg height=\"29\" viewbox=\"0 0 20 29\" width=\"20\" xmlns=\"http:\/\/www.w3.org\/2000\/svg\"><path d=\"m818.598155 875.186961-3.470088-4.138667c-.837272-.903819-1.800993-1.268685-2.959922-.673151l-1.158872.61992c-.644307.329378-.648764.518994-.887182.888289-.621027.968149-1.456086.747447-1.850874.329378-1.669009-1.778792-3.749444-5.777895-3.768181-5.81537-.697538-1.357374-1.122278-2.778-1.371796-4.188634-.094263-.567796.19629-1.370689 1.345195-1.314136.440269.022181.595533.128643 1.23984-.202942l1.17883-.583325c1.158873-.593291 1.425027-1.589177 1.176616-2.796852l-1.341873-5.229972c-.489071-.969257-1.67233-1.359605-2.641587-.870545l-2.51406 1.266441c-.435841.219578-.841702.672044-1.104535 1.188824-2.121486 3.586485-1.99728 9.236627.706424 14.49868.099807.19629 4.241723 10.279101 12.489249 11.188427.573332.086501 1.174401.022179 1.608028-.205162l2.495209-1.306386c.960371-.503465 1.332987-1.691181.829522-2.654902z\" fill=\"#ff671d\" fill-rule=\"evenodd\" transform=\"translate(-799 -851)\"\/><\/svg>&nbsp;<a href=\"Tel: 509-490-3009\">509-490-3009<\/a><\/div>\n\t\t\t\t<\/div>\n\t\t\t<\/div>\n\t\t\t\n\t\t\t<div class=\"container\">\n\t\t\t\t<div class=\"box border-light-gray\">\n\t\t\t\t\t<div class=\"hotline-name\">Gobolka oo dhan<br>Khadka Taleefanka:<\/div>\n\t\t\t\t\t<div class=\"hotline-phone\"><svg height=\"29\" viewbox=\"0 0 20 29\" width=\"20\" xmlns=\"http:\/\/www.w3.org\/2000\/svg\"><path d=\"m818.598155 875.186961-3.470088-4.138667c-.837272-.903819-1.800993-1.268685-2.959922-.673151l-1.158872.61992c-.644307.329378-.648764.518994-.887182.888289-.621027.968149-1.456086.747447-1.850874.329378-1.669009-1.778792-3.749444-5.777895-3.768181-5.81537-.697538-1.357374-1.122278-2.778-1.371796-4.188634-.094263-.567796.19629-1.370689 1.345195-1.314136.440269.022181.595533.128643 1.23984-.202942l1.17883-.583325c1.158873-.593291 1.425027-1.589177 1.176616-2.796852l-1.341873-5.229972c-.489071-.969257-1.67233-1.359605-2.641587-.870545l-2.51406 1.266441c-.435841.219578-.841702.672044-1.104535 1.188824-2.121486 3.586485-1.99728 9.236627.706424 14.49868.099807.19629 4.241723 10.279101 12.489249 11.188427.573332.086501 1.174401.022179 1.608028-.205162l2.495209-1.306386c.960371-.503465 1.332987-1.691181.829522-2.654902z\" fill=\"#ff671d\" fill-rule=\"evenodd\" transform=\"translate(-799 -851)\"\/><\/svg>&nbsp;<a href=\"Tel:1-800-322-2588\">1-800-322-2588<\/a><\/div>\n\t\t\t\t<\/div>\n\t\t\t<\/div>\n\t\t\n\t\t<\/div>\n\t<\/div>\n\t<script>\n\t\n\t(function($) {\n\t\n\t\t\/\/ Get the block ID\n\t\tvar id = \"#block_15163bac9f7e4694002ed0b985d861d4\";\n\t\t\n\t\t$(id + \" .boxes-wrapper .boxes .box\").hover(function() {\n\t\t\t$(this).find(\".arrow\").addClass(\"hover\");\n\t\t\t$(this).find(\"img\").addClass(\"hover\");\n\t\t}, function() {\n\t\t\t$(this).find(\".arrow\").removeClass(\"hover\");\n\t\t\t$(this).find(\"img\").removeClass(\"hover\");\n\t\t});\n\t\t\n\t\t\/\/ Reveal foreground elements\n\t\tScrollReveal().reveal(id + \" .container\", {origin: \"bottom\", distance: \"20px\", duration: 1000, viewFactor: 0.2, interval: 100, reset: false});\n\t\n\t})(jQuery)\n\t\n\t<\/script>\n<\/div>\n\n<div id=\"block_bb0f040fb55773afbc62507493fb20d9\" class=\"text-block white large left\">\n\t<div class=\"container one-column full\">\n\t\t<h3><span style=\"color: #561553;\">Adiga, ama qof aad taqaan, ma u baahan tahay taageero dhinacyadan? Waan ku caawin karnaa.<\/span><\/h3>\n<ul>\n<li>Ilaha nafaqeynta, sida Cuntada Aasaasiga ah (SNAP), ama kaararka cuntada; Haweenka, Dhallaanka, iyo Carruurta (WIC) barnaamijka nafaqeynta; iyo bangiyada cuntada<\/li>\n<li>ORCA LIFT ama qiimaha gaadiidka oo la dhimay ee nidaamka gaadiidka gobolka oo dhan aagga Puget Sound<\/li>\n<li>Taageerada baahiyaha aasaasiga ah, sida kaalmada guriyeynta iyo tamarta<\/li>\n<li>Caymis caafimaad oo bilaash ah ama qiimo jaban, oo ay ku jiraan Medicaid (Apple Health) iyo <span class=\"NormalTextRun SCXW265490705 BCX0\">Qorsheyaal Caafimaad oo Tayo leh oo loo marayo suuqa gobolka<\/span><\/li>\n<li>Isku xirka xarumaha caafimaadka bulshada iyo tallaalada bilaashka ah ama qiimaha jaban<\/li>\n<li>Baarista korriinka ilmaha iyo agabka waxbarashada hore<\/li>\n<li>Adeegyada dhexgalka hore ee dhallaanka iyo socod baradka<\/li>\n<li>Daryeelka dhalmada ka hor, adeegyada dhalmada, iyo sahayda dhallaanka<\/li>\n<li>Ilaha waalidka iyo bixiyaha, sida daryeelka ilmaha, dharka, taageerada guriga, iyo kooxaha taageerada<\/li>\n<li>Ilaha caafimaadka maskaxda iyo dhaqanka<\/li>\n<li>Taageerada carruurta leh daryeelka caafimaadka gaarka ah iyo baahiyaha korriinka<\/li>\n<\/ul>\n\t<\/div>\n\t<script>\n\t\t(function($) {\n\t\t\t\/\/ Get the block ID\n\t\t\tvar id = \"#block_bb0f040fb55773afbc62507493fb20d9\";\n\t\t\t\/\/ Reveal the block\n\t\t\tvar container = document.documentElement;\n\t\t\tScrollReveal().reveal(id + \" .container\", {origin: \"bottom\", distance: \"20px\", duration: 1000, container: container});\n\t\t}(jQuery))\n\t<\/script>\n<\/div>\n\n<div id=\"block_4488fc131082301626e6032eb4b3d4a1\" class=\"tile-block light-gray\">\n\t<div class=\"container left\">\n\t\t<div class=\"image\">\n\t\t\t<div class=\"wrapper\">\n\t\t\t\t\t\t\t\t<img decoding=\"async\" src=\"https:\/\/helpmegrowwa.org\/wp-content\/uploads\/2023\/09\/Multilanguage-Support-and-Resources-Help-Me-Grow-555x392.jpg\" srcset=\"https:\/\/helpmegrowwa.org\/wp-content\/uploads\/2023\/09\/Multilanguage-Support-and-Resources-Help-Me-Grow-555x392.jpg 555w, https:\/\/helpmegrowwa.org\/wp-content\/uploads\/2023\/09\/Multilanguage-Support-and-Resources-Help-Me-Grow-1110x784.jpg 1110w\" sizes=\"555px\">\n\t\t\t<\/div>\n\t\t<\/div>\n\t\t<div class=\"text\">\n\t\t\t\t\t\t<h2><span style=\"color: #00609c;\">Waxaan kuugu adeegi karnaa luqadaada.<\/span><\/h2>\n<p>Waxaan leenahay shaqaale laba luuqad iyo dhaqan ah oo ku hadla Isbaanish. Luqadaha kale waxaa lagu adeegaa iyadoo la isticmaalayo turjubaano iyadoo la sii marinayo khadka Luuqada AT&amp;T. Khabiiradayada ma laha kooto ama waqti xaddidan, markaa waan hadli karnaa inta aad rabto inaad ku xidho adeegyada aad u baahan tahay. Sidoo kale, waan ku baari karnaa oo ku bilaabi karnaa codsiyada taleefanka, ama ku siin karnaa macluumaad iyo tixraac degdeg ah - adiga ayay kugu xiran tahay!<\/p>\n\t\t<\/div>\n\t<\/div>\n\t<script>\n\t(function($) {\n\t\t\/\/ Get the block ID\n\t\tvar id = \"#block_4488fc131082301626e6032eb4b3d4a1\";\n\t\t\/\/ Reveal the block\n\t\tvar container = document.documentElement;\n\t\tScrollReveal().reveal(id + \" .container.left .image\", {origin: \"left\", distance: \"20px\", duration: 1000, container: container});\n\t\tScrollReveal().reveal(id + \" .container.left .text\", {origin: \"right\", distance: \"20px\", duration: 1000, container: container});\n\t\tScrollReveal().reveal(id + \" .container.right .image\", {origin: \"right\", distance: \"20px\", duration: 1000, container: container});\n\t\tScrollReveal().reveal(id + \" .container.right .text\", {origin: \"left\", distance: \"20px\", duration: 1000, container: container});\n\t}(jQuery))\n\t<\/script>\n<\/div>\n\n<div id=\"block_c2cdbf78d715332efb7848ca61f756d8\" class=\"tile-block light-gray\">\n\t<div class=\"container right\">\n\t\t<div class=\"image\">\n\t\t\t<div class=\"wrapper\">\n\t\t\t\t\t\t\t\t<img decoding=\"async\" src=\"https:\/\/helpmegrowwa.org\/wp-content\/uploads\/2023\/09\/Help-Me-Grow-Washington-Community-Partners-555x392.jpg\" srcset=\"https:\/\/helpmegrowwa.org\/wp-content\/uploads\/2023\/09\/Help-Me-Grow-Washington-Community-Partners-555x392.jpg 555w, https:\/\/helpmegrowwa.org\/wp-content\/uploads\/2023\/09\/Help-Me-Grow-Washington-Community-Partners-1110x784.jpg 1110w\" sizes=\"555px\">\n\t\t\t<\/div>\n\t\t<\/div>\n\t\t<div class=\"text\">\n\t\t\t\t\t\t<h2><span style=\"color: #00609c;\">Waxaan halkaan u joognaa bixiyeyaasha iyo la-hawlgalayaasha bulshada, sidoo kale!<\/span><\/h2>\n<p>Ma jiraa ilmo, waalid, ama daryeele aad u adeegto oo ka faa&#039;iidaysan kara adeegyadayada? U dir khadka tooska ah ee Help Me Grow Washington iyo khubaradayada khubarada ah ayaa kaa caawin kara macmiilkaaga inuu fahmo tilmaamaha u-qalmitaanka ee caymiska caafimaadka ama barnaamijyada nafaqaynta ee gobolku maalgeliyo, sida loo codsado dheefaha, iyo halka laga helayo adeegyada. Khabiiradayada ayaa baari kara u-qalmitaanka, ku bilaabi kara codsiga dheefaha taleefanka, iyo iimayl ama qoraal u diri kara ilaha deegaanka.<\/p>\n<h4><strong><a class=\"page-link\" href=\"\/so\/refer-a-family\/\">Baro wax badan oo ku saabsan u gudbinta Help Me Grow <img decoding=\"async\" src=\"\/wp-content\/themes\/helpmegrowwa\/images\/text-block-orange-arrow.svg\" \/><\/a><\/strong><\/h4>\n\t\t<\/div>\n\t<\/div>\n\t<script>\n\t(function($) {\n\t\t\/\/ Get the block ID\n\t\tvar id = \"#block_c2cdbf78d715332efb7848ca61f756d8\";\n\t\t\/\/ Reveal the block\n\t\tvar container = document.documentElement;\n\t\tScrollReveal().reveal(id + \" .container.left .image\", {origin: \"left\", distance: \"20px\", duration: 1000, container: container});\n\t\tScrollReveal().reveal(id + \" .container.left .text\", {origin: \"right\", distance: \"20px\", duration: 1000, container: container});\n\t\tScrollReveal().reveal(id + \" .container.right .image\", {origin: \"right\", distance: \"20px\", duration: 1000, container: container});\n\t\tScrollReveal().reveal(id + \" .container.right .text\", {origin: \"left\", distance: \"20px\", duration: 1000, container: container});\n\t}(jQuery))\n\t<\/script>\n<\/div>\n\n<div id=\"block_64da59494f6c82e2ba62ddb781316181\" class=\"fifty-fifty-block hot-pink right\">\n\t<img decoding=\"async\" class=\"flower-graphic\" src=\"https:\/\/helpmegrowwa.org\/wp-content\/themes\/helpmegrowwa\/images\/banner-text-shapes.svg\">\n\t<div class=\"info watermark\">\n\t\t<div class=\"container regular top\">\n\t\t\t<h3>Waxaa adag in la helo gargaarka habboon. Annagu waan fududaynaa.<\/h3>\n<p>Adigoo isticmaalaya ParentHelp123 Resource Finder, waxaad ka raadin kartaa baahiyaha aasaasiga ah, caafimaadka, korriinka ilmaha, iyo agabka waalidnimada ee guriga kuugu dhow, oo adiga iyo qoyskaaga kuugu habboon.<\/p>\n\t\t\t\t\t\t\t\t\t<div class=\"link\">\n\t\t\t\t<a class=\"button orange\" href=\"https:\/\/resources.helpmegrowwa.org\/\" target=\"_blank\">\n\t\t\t\t\t\t\t\t\t\tSoo hel Khayraadka\t\t\t\t<\/a>\n\t\t\t<\/div>\n\t\t\t\t\t<\/div>\n\t<\/div>\n\t\t<div class=\"image\" style=\"background-image: url(https:\/\/helpmegrowwa.org\/wp-content\/uploads\/2023\/09\/ParentHelp123-and-Help-Me-Grow-Washington.jpg);background-position: top center;\">\n\t\t\t\t\t<\/div>\n\t<script>\n\t(function($) {\n\t\t\/\/ Get the block ID\n\t\tvar id = \"#block_64da59494f6c82e2ba62ddb781316181\";\n\t\t\/\/ Reveal the block\n\t\tvar container = document.documentElement;\n\t\tScrollReveal().reveal(id + \".left .image\", {origin: \"left\", distance: \"20px\", duration: 1000});\n\t\tScrollReveal().reveal(id + \".left .info .container\", {origin: \"right\", distance: \"20px\", duration: 1000});\n\t\tScrollReveal().reveal(id + \".right .image\", {origin: \"right\", distance: \"20px\", duration: 1000});\n\t\tScrollReveal().reveal(id + \".right .info .container\", {origin: \"left\", distance: \"20px\", duration: 1000});\n\t}(jQuery))\n\t<\/script>\n<\/div>\n\n\n<div id=\"block_396055568b8e792be45d9c49ceda7eb0\" class=\"news-feature-block\">\n\t<div class=\"container\">\n\t\t<div class=\"title\">\n\t\t\t\t\t\t\t<h2>Warar + Cusbooneysiin<\/h2>\n\t\t\t\t\t<\/div>\n\t\t<div class=\"wrapper\">\n\t\t\t\t\t\t\t\n\t\t\t\t\t\t\t\t\t\t\t\t\t\t\t\t\t\t\t\t<a class=\"article\" href=\"https:\/\/conta.cc\/4c23dcA\" target=\"_blank\">\n\t\t\t\t\t\t\t\t\t\t\t<div class=\"picture\">\n\t\t\t\t\t\t\t\t\t\t\t\t\t\t<img decoding=\"async\" src=\"https:\/\/helpmegrowwa.org\/wp-content\/uploads\/2026\/03\/HMG-WA-Network-Newsletter-header-14-260x180.png\" srcset=\"https:\/\/helpmegrowwa.org\/wp-content\/uploads\/2026\/03\/HMG-WA-Network-Newsletter-header-14-260x180.png 260w, https:\/\/helpmegrowwa.org\/wp-content\/uploads\/2026\/03\/HMG-WA-Network-Newsletter-header-14-520x200.png 520w\" sizes=\"260px\">\n\t\t\t\t\t\t\t\t\t\t\t\t\t\t\t<div class=\"type-label\">Warsidaha<\/div>\n\t\t\t\t\t\t\t\t\t\t\t\t\t<\/div>\n\t\t\t\t\t\t<div class=\"content\">\n\t\t\t\t\t\t\t\t\t\t\t\t\t\t\t<div class=\"date\">Abriil 1, 2026<\/div>\n\t\t\t\t\t\t\t\t\t\t\t\t\t\t<div class=\"text\">\n\t\t\t\t\t\t\t\t<h3 class=\"title\">Warsidaha HMG WA ee Maarso 2026 (Isbaanish)<\/h3>\n\t\t\t\t\t\t\t\t<div class=\"summary\">Celebre a la red de Ay\u00fadame a Crecer Washington iyo conozca los avances que hemos logrado en varias iniciativas estrat\u00e9gicas del Plan estrat\u00e9gico de Ay\u00fadame a Crecer Washington.<\/div>\n\t\t\t\t\t\t\t<\/div>\n\t\t\t\t\t\t\t<div class=\"more\">\n\t\t\t\t\t\t\t\tAkhri wax dheeraad ah\n\t\t\t\t\t\t\t\t<svg class=\"arrow\" aria-hidden=\"true\" focusable=\"false\" data-prefix=\"fas\" data-icon=\"long-arrow-right\" role=\"img\" xmlns=\"http:\/\/www.w3.org\/2000\/svg\" viewbox=\"0 0 448 512\"><path fill=\"#ababab\" d=\"M254.544 154.427L320.118 220H24c-13.255 0-24 10.745-24 24v24c0 13.255 10.745 24 24 24h296.118l-65.574 65.573c-9.373 9.373-9.373 24.569 0 33.941l16.971 16.971c9.373 9.373 24.569 9.373 33.941 0L440.97 272.97c9.373-9.373 9.373-24.569 0-33.941L305.456 103.515c-9.373-9.373-24.569-9.373-33.941 0l-16.971 16.971c-9.373 9.372-9.373 24.568 0 33.941z\"><\/path><\/svg>\n\t\t\t\t\t\t\t<\/div>\n\t\t\t\t\t\t<\/div>\n\t\t\t\t\t<\/a>\n\t\t\t\t\t\t\t\t\t\t\t\t\t\t\t\t\t\t\t\t\t\t\t\t\t<a class=\"article\" href=\"https:\/\/conta.cc\/4d61btX\" target=\"_blank\">\n\t\t\t\t\t\t\t\t\t\t\t<div class=\"picture\">\n\t\t\t\t\t\t\t\t\t\t\t\t\t\t<img decoding=\"async\" src=\"https:\/\/helpmegrowwa.org\/wp-content\/uploads\/2026\/03\/HMG-WA-Network-Newsletter-header-13-260x180.png\" srcset=\"https:\/\/helpmegrowwa.org\/wp-content\/uploads\/2026\/03\/HMG-WA-Network-Newsletter-header-13-260x180.png 260w, https:\/\/helpmegrowwa.org\/wp-content\/uploads\/2026\/03\/HMG-WA-Network-Newsletter-header-13-520x200.png 520w\" sizes=\"260px\">\n\t\t\t\t\t\t\t\t\t\t\t\t\t\t\t<div class=\"type-label\">Warsidaha<\/div>\n\t\t\t\t\t\t\t\t\t\t\t\t\t<\/div>\n\t\t\t\t\t\t<div class=\"content\">\n\t\t\t\t\t\t\t\t\t\t\t\t\t\t\t<div class=\"date\">Maarso 31, 2026<\/div>\n\t\t\t\t\t\t\t\t\t\t\t\t\t\t<div class=\"text\">\n\t\t\t\t\t\t\t\t<h3 class=\"title\">Warside HMG WA Maarso 2026<\/h3>\n\t\t\t\t\t\t\t\t<div class=\"summary\">U dabaaldeg shabakadda Help Me Grow WA oo baro horumarka laga sameeyay dhowr ka mid ah hindisayaasha istaraatiijiyadeed ee Qorshaha Istaraatiijiyadda Help Me Grow WA.<\/div>\n\t\t\t\t\t\t\t<\/div>\n\t\t\t\t\t\t\t<div class=\"more\">\n\t\t\t\t\t\t\t\tAkhri wax dheeraad ah\n\t\t\t\t\t\t\t\t<svg class=\"arrow\" aria-hidden=\"true\" focusable=\"false\" data-prefix=\"fas\" data-icon=\"long-arrow-right\" role=\"img\" xmlns=\"http:\/\/www.w3.org\/2000\/svg\" viewbox=\"0 0 448 512\"><path fill=\"#ababab\" d=\"M254.544 154.427L320.118 220H24c-13.255 0-24 10.745-24 24v24c0 13.255 10.745 24 24 24h296.118l-65.574 65.573c-9.373 9.373-9.373 24.569 0 33.941l16.971 16.971c9.373 9.373 24.569 9.373 33.941 0L440.97 272.97c9.373-9.373 9.373-24.569 0-33.941L305.456 103.515c-9.373-9.373-24.569-9.373-33.941 0l-16.971 16.971c-9.373 9.372-9.373 24.568 0 33.941z\"><\/path><\/svg>\n\t\t\t\t\t\t\t<\/div>\n\t\t\t\t\t\t<\/div>\n\t\t\t\t\t<\/a>\n\t\t\t\t\t\t\t\t\t\t\t\t\t\t\t\t\t\t\t\t\t\t\t\t\t<a class=\"article\" href=\"https:\/\/helpmegrowwa.org\/so\/reaching-new-heights-partnering-to-support-child-development\">\n\t\t\t\t\t\t\t\t\t\t\t<div class=\"picture\">\n\t\t\t\t\t\t\t\t\t\t\t\t\t\t<img decoding=\"async\" src=\"https:\/\/helpmegrowwa.org\/wp-content\/uploads\/2026\/03\/NEWS-STORY-TITLE-5-e1774371040337-260x180.png\" srcset=\"https:\/\/helpmegrowwa.org\/wp-content\/uploads\/2026\/03\/NEWS-STORY-TITLE-5-e1774371040337-260x180.png 260w, https:\/\/helpmegrowwa.org\/wp-content\/uploads\/2026\/03\/NEWS-STORY-TITLE-5-e1774371040337-520x360.png 520w\" sizes=\"260px\">\n\t\t\t\t\t\t\t\t\t\t\t\t\t\t\t<div class=\"type-label\">Blog<\/div>\n\t\t\t\t\t\t\t\t\t\t\t\t\t<\/div>\n\t\t\t\t\t\t<div class=\"content\">\n\t\t\t\t\t\t\t\t\t\t\t\t\t\t\t<div class=\"date\">Maarso 24, 2026<\/div>\n\t\t\t\t\t\t\t\t\t\t\t\t\t\t<div class=\"text\">\n\t\t\t\t\t\t\t\t<h3 class=\"title\">Gaaritaanka Meelaha Sare: Iskaashiga Taageerada Horumarinta Carruurta<\/h3>\n\t\t\t\t\t\t\t\t<div class=\"summary\">Ilo Cusub oo loogu talagalay Qoysaska iyo La-hawlgalayaasha! Help Me Grow WA waxay iskaashi la samaysay Qaybta Washington ee Akadeemiyada Carruurta ee Mareykanka (WCAAP) si ay u abuuraan jaantus dherer oo laba luqadood leh oo xiiso leh oo loogu talagalay carruurta da&#039;doodu u dhaxayso 2 bilood ilaa 5 sano. Iyadoo loo qaabeeyey khibradda carruurta iyo qoysaska, jaantus kastaa wuxuu ka kooban yahay marxalado horumarineed oo muhiim ah iyo siyaabo fudud oo qoysasku ay u taageeri karaan koritaanka iyo waxbarashada ilmahooda. <\/div>\n\t\t\t\t\t\t\t<\/div>\n\t\t\t\t\t\t\t<div class=\"more\">\n\t\t\t\t\t\t\t\tAkhri wax dheeraad ah\n\t\t\t\t\t\t\t\t<svg class=\"arrow\" aria-hidden=\"true\" focusable=\"false\" data-prefix=\"fas\" data-icon=\"long-arrow-right\" role=\"img\" xmlns=\"http:\/\/www.w3.org\/2000\/svg\" viewbox=\"0 0 448 512\"><path fill=\"#ababab\" d=\"M254.544 154.427L320.118 220H24c-13.255 0-24 10.745-24 24v24c0 13.255 10.745 24 24 24h296.118l-65.574 65.573c-9.373 9.373-9.373 24.569 0 33.941l16.971 16.971c9.373 9.373 24.569 9.373 33.941 0L440.97 272.97c9.373-9.373 9.373-24.569 0-33.941L305.456 103.515c-9.373-9.373-24.569-9.373-33.941 0l-16.971 16.971c-9.373 9.372-9.373 24.568 0 33.941z\"><\/path><\/svg>\n\t\t\t\t\t\t\t<\/div>\n\t\t\t\t\t\t<\/div>\n\t\t\t\t\t<\/a>\n\t\t\t\t\t\t\t\t\t\t\t\t\t\t\t\t\t\t\t\t\t\t\t\t\t<a class=\"article\" href=\"https:\/\/helpmegrowwa.org\/so\/news\/celebrating-the-2026-help-me-grow-washington-network\">\n\t\t\t\t\t\t\t\t\t\t\t<div class=\"picture\">\n\t\t\t\t\t\t\t\t\t\t\t\t\t\t<img decoding=\"async\" src=\"https:\/\/helpmegrowwa.org\/wp-content\/uploads\/2026\/03\/NEWS-STORY-TITLE-4-260x180.png\" srcset=\"https:\/\/helpmegrowwa.org\/wp-content\/uploads\/2026\/03\/NEWS-STORY-TITLE-4-260x180.png 260w, https:\/\/helpmegrowwa.org\/wp-content\/uploads\/2026\/03\/NEWS-STORY-TITLE-4-520x360.png 520w\" sizes=\"260px\">\n\t\t\t\t\t\t\t\t\t\t\t\t\t\t\t<div class=\"type-label\">Wararka<\/div>\n\t\t\t\t\t\t\t\t\t\t\t\t\t<\/div>\n\t\t\t\t\t\t<div class=\"content\">\n\t\t\t\t\t\t\t\t\t\t\t\t\t\t\t<div class=\"date\">Maarso 23, 2026<\/div>\n\t\t\t\t\t\t\t\t\t\t\t\t\t\t<div class=\"text\">\n\t\t\t\t\t\t\t\t<h3 class=\"title\">U dabaaldegga Shabakadda Help Me Grow Washington ee 2026!<\/h3>\n\t\t\t\t\t\t\t\t<div class=\"summary\">Aad ayaan ugu faraxsanahay inaan ku soo dhaweyno Help Me Grow Whatcom iyo Help Me Grow Grays Harbor shabakadda Help Me Grow Washington! \ud83d\udc9c Iyada oo lagu daray, bulshooyin badan oo ku baahsan gobolka ayaa dhisaya nidaamyo taageero oo isku xiran oo qoyska ku salaysan\u2014xoojinta xiriirka iyo u sahlida qoysaska inay helaan kheyraadka ay u baahan yihiin, marka ay u baahdaan.\u00a0<\/div>\n\t\t\t\t\t\t\t<\/div>\n\t\t\t\t\t\t\t<div class=\"more\">\n\t\t\t\t\t\t\t\tAkhri wax dheeraad ah\n\t\t\t\t\t\t\t\t<svg class=\"arrow\" aria-hidden=\"true\" focusable=\"false\" data-prefix=\"fas\" data-icon=\"long-arrow-right\" role=\"img\" xmlns=\"http:\/\/www.w3.org\/2000\/svg\" viewbox=\"0 0 448 512\"><path fill=\"#ababab\" d=\"M254.544 154.427L320.118 220H24c-13.255 0-24 10.745-24 24v24c0 13.255 10.745 24 24 24h296.118l-65.574 65.573c-9.373 9.373-9.373 24.569 0 33.941l16.971 16.971c9.373 9.373 24.569 9.373 33.941 0L440.97 272.97c9.373-9.373 9.373-24.569 0-33.941L305.456 103.515c-9.373-9.373-24.569-9.373-33.941 0l-16.971 16.971c-9.373 9.372-9.373 24.568 0 33.941z\"><\/path><\/svg>\n\t\t\t\t\t\t\t<\/div>\n\t\t\t\t\t\t<\/div>\n\t\t\t\t\t<\/a>\n\t\t\t\t\t\t\t\t\t\t\t\t\t\n\t\t\t\t\t\t\t\n\t\t<\/div>\n\t<\/div>\n\t<script>\n\t\n\t(function($) {\n\t\n\t\t\/\/ Get the block ID\n\t\tvar id = \"#block_396055568b8e792be45d9c49ceda7eb0\";\n\t\t\n\t\t\/\/ Reveal foreground elements\n\t\tScrollReveal().reveal(id + \" .article\", {origin: \"bottom\", distance: \"20px\", duration: 1000, viewFactor: 0.2, interval: 100, reset: false});\n\t\t\n\t})(jQuery)\n\t\n\t<\/script>\t\n<\/div>","protected":false},"excerpt":{"rendered":"","protected":false},"author":2,"featured_media":0,"parent":0,"menu_order":81,"comment_status":"closed","ping_status":"closed","template":"","meta":{"_acf_changed":false,"footnotes":""},"acf":[],"_links":{"self":[{"href":"https:\/\/helpmegrowwa.org\/so\/wp-json\/wp\/v2\/pages\/6556"}],"collection":[{"href":"https:\/\/helpmegrowwa.org\/so\/wp-json\/wp\/v2\/pages"}],"about":[{"href":"https:\/\/helpmegrowwa.org\/so\/wp-json\/wp\/v2\/types\/page"}],"author":[{"embeddable":true,"href":"https:\/\/helpmegrowwa.org\/so\/wp-json\/wp\/v2\/users\/2"}],"replies":[{"embeddable":true,"href":"https:\/\/helpmegrowwa.org\/so\/wp-json\/wp\/v2\/comments?post=6556"}],"version-history":[{"count":57,"href":"https:\/\/helpmegrowwa.org\/so\/wp-json\/wp\/v2\/pages\/6556\/revisions"}],"predecessor-version":[{"id":13270,"href":"https:\/\/helpmegrowwa.org\/so\/wp-json\/wp\/v2\/pages\/6556\/revisions\/13270"}],"wp:attachment":[{"href":"https:\/\/helpmegrowwa.org\/so\/wp-json\/wp\/v2\/media?parent=6556"}],"curies":[{"name":"wp","href":"https:\/\/api.w.org\/{rel}","templated":true}]}}