{"id":6583,"date":"2023-09-15T22:24:31","date_gmt":"2023-09-15T22:24:31","guid":{"rendered":"https:\/\/helpmegrowwa.org\/?page_id=6583"},"modified":"2024-02-01T19:34:06","modified_gmt":"2024-02-01T19:34:06","slug":"who-we-are","status":"publish","type":"page","link":"https:\/\/helpmegrowwa.org\/so\/who-we-are","title":{"rendered":"Yaanu Nahay"},"content":{"rendered":"<div id=\"block_916c2ccb76b3633bc478bd9bb8d39c7a\" class=\"fifty-fifty-block dark-purple right fifty-fifty-banner\">\n\t<img decoding=\"async\" class=\"flower-graphic\" src=\"https:\/\/helpmegrowwa.org\/wp-content\/themes\/helpmegrowwa\/images\/banner-text-shapes.svg\">\n\t<div class=\"info\">\n\t\t<div class=\"container regular center\">\n\t\t\t<h1>Yaanu Nahay<\/h1>\n\t\t\t\t\t<\/div>\n\t<\/div>\n\t\t<div class=\"image\" style=\"background-image: url(https:\/\/helpmegrowwa.org\/wp-content\/uploads\/2023\/09\/Who-We-Are-About-Help-Me-Grow-Wa.jpg);background-position: top left;\">\n\t\t\t\t\t<img decoding=\"async\" class=\"corner\" src=\"https:\/\/helpmegrowwa.org\/wp-content\/themes\/helpmegrowwa\/images\/fifty-fifty-corner-piece.svg\">\n\t\t\t\t\t<\/div>\n\t<script>\n\t(function($) {\n\t\t\/\/ Get the block ID\n\t\tvar id = \"#block_916c2ccb76b3633bc478bd9bb8d39c7a\";\n\t\t\/\/ Reveal the block\n\t\tvar container = document.documentElement;\n\t\tScrollReveal().reveal(id + \".left .image\", {origin: \"left\", distance: \"20px\", duration: 1000});\n\t\tScrollReveal().reveal(id + \".left .info .container\", {origin: \"right\", distance: \"20px\", duration: 1000});\n\t\tScrollReveal().reveal(id + \".right .image\", {origin: \"right\", distance: \"20px\", duration: 1000});\n\t\tScrollReveal().reveal(id + \".right .info .container\", {origin: \"left\", distance: \"20px\", duration: 1000});\n\t}(jQuery))\n\t<\/script>\n<\/div>\n\n<div id=\"block_ada00c810302a5b6d1014096220cb1fe\" class=\"text-block white large center\">\n\t<div class=\"container one-column full\">\n\t\t<p>Help Me Grow Washington waa nidaamka koraya ee ururada aan faa&#039;iido doonka ahayn, quruumaha qabaa&#039;ilka, gobolka iyo degmada caafimaadka iyo ururada adeegyada bulshada, bixiyayaasha iyo ururada bixiyayaasha, iyo wakaaladaha gobolka si wadajir ah u shaqeeya si ay ugu adeegaan qoysaska Washington. Waxaan isku duubnaa nidaamka gobolka iyo beesha, bixiyeyaasha, iyo agabyada si aan u siino taageero buuxda dhammaan qoysaska gobolka Washington ee leh carruurta yaryar.<\/p>\n\t<\/div>\n\t<script>\n\t\t(function($) {\n\t\t\t\/\/ Get the block ID\n\t\t\tvar id = \"#block_ada00c810302a5b6d1014096220cb1fe\";\n\t\t\t\/\/ Reveal the block\n\t\t\tvar container = document.documentElement;\n\t\t\tScrollReveal().reveal(id + \" .container\", {origin: \"bottom\", distance: \"20px\", duration: 1000, container: container});\n\t\t}(jQuery))\n\t<\/script>\n<\/div>\n\n<div id=\"block_9bbe7ef706f39a17a2972755e3a61725\" class=\"tile-block light-gray\">\n\t<div class=\"container left\">\n\t\t<div class=\"image\">\n\t\t\t<div class=\"wrapper\">\n\t\t\t\t\t\t\t\t<img decoding=\"async\" src=\"https:\/\/helpmegrowwa.org\/wp-content\/uploads\/2023\/09\/Our-Story-Help-Me-Grow-Washington-555x392.jpg\" srcset=\"https:\/\/helpmegrowwa.org\/wp-content\/uploads\/2023\/09\/Our-Story-Help-Me-Grow-Washington-555x392.jpg 555w, https:\/\/helpmegrowwa.org\/wp-content\/uploads\/2023\/09\/Our-Story-Help-Me-Grow-Washington-1110x784.jpg 1110w\" sizes=\"555px\">\n\t\t\t<\/div>\n\t\t<\/div>\n\t\t<div class=\"text\">\n\t\t\t\t\t\t<h2><span style=\"color: #00609c;\">Sheekadeenii<\/span><\/h2>\n<p>Laga soo bilaabo bilawgii in ka badan 10 sano ka hor, ilaa hirgelinta hore iyo hab-dhisidda, ilaa qorshaynta istiraatijiyadeed iyo ballaarinta maanta, Help Me Grow Washington waxay ahayd mid hodan ah oo horumarsan. Booqo <a href=\"https:\/\/r20.rs6.net\/tn.jsp?f=001DaXGPCEOuUGmSXN2yKdMS700Ehvyxl0NbIJULnIASMgNalgvWfxhP6AukQkKfURYWQh-kGk38XbZ4e8yVzV0OBhaSMUvIwvpWlecyopTsk1gevfaKSJjQDf4l9H1IZJLksGKUDv4nTPd8LrlOJarye-1LRAkNmAMJb-jhp-sJnbA3RCKgy8REhOUFYxiw3uPjdws9G4er94lwYTcM-fbKQ8m84jAyyqT-hCG2sMleGA=&amp;c=f5kfXFsofhyarGkbVwHsue8Ys9CQz_qo4YsbsOqqaYBrxXrtD4Wxgw==&amp;ch=mIz-DcH2f9nCyr9duOBA--Vby4f0oygATY1-98MNVo7yU0dA-PwlEw==\" target=\"_blank\" rel=\"noopener\">Help Me Grow Washington Network Timeline<\/a> si aan wax badan uga ogaano marxaladaha muhiimka ah, iskaashiga, iyo maalgelinta ee gacan ka geysatay kobacayada.<\/p>\n\t\t<\/div>\n\t<\/div>\n\t<script>\n\t(function($) {\n\t\t\/\/ Get the block ID\n\t\tvar id = \"#block_9bbe7ef706f39a17a2972755e3a61725\";\n\t\t\/\/ Reveal the block\n\t\tvar container = document.documentElement;\n\t\tScrollReveal().reveal(id + \" .container.left .image\", {origin: \"left\", distance: \"20px\", duration: 1000, container: container});\n\t\tScrollReveal().reveal(id + \" .container.left .text\", {origin: \"right\", distance: \"20px\", duration: 1000, container: container});\n\t\tScrollReveal().reveal(id + \" .container.right .image\", {origin: \"right\", distance: \"20px\", duration: 1000, container: container});\n\t\tScrollReveal().reveal(id + \" .container.right .text\", {origin: \"left\", distance: \"20px\", duration: 1000, container: container});\n\t}(jQuery))\n\t<\/script>\n<\/div>\n\n<div id=\"block_d26d05864e7d7bf65e705a11cc62ff69\" class=\"tile-block light-gray\">\n\t<div class=\"container right\">\n\t\t<div class=\"image\">\n\t\t\t<div class=\"wrapper\">\n\t\t\t\t\t\t\t\t<img decoding=\"async\" src=\"https:\/\/helpmegrowwa.org\/wp-content\/uploads\/2023\/09\/Our-Vision-Help-Me-Grow-Washington-555x392.jpg\" srcset=\"https:\/\/helpmegrowwa.org\/wp-content\/uploads\/2023\/09\/Our-Vision-Help-Me-Grow-Washington-555x392.jpg 555w, https:\/\/helpmegrowwa.org\/wp-content\/uploads\/2023\/09\/Our-Vision-Help-Me-Grow-Washington-1110x784.jpg 1110w\" sizes=\"555px\">\n\t\t\t<\/div>\n\t\t<\/div>\n\t\t<div class=\"text\">\n\t\t\t\t\t\t<h2><span style=\"color: #00609c;\">Aragtideena<\/span><\/h2>\n<p>Himiladayadu waa in dhammaan qoysaska Washington ay helaan waxay u baahan yihiin, marka ay u baahan yihiin, gaar ahaan inay helaan adeegyada muhiimka ah (baahida aasaasiga ah, daryeelka caafimaadka, taageerada korriinka, iyo taageerada qoyska) si ay qoysaskoodu u caafimaad qabaan oo ay u koraan.<\/p>\n\t\t<\/div>\n\t<\/div>\n\t<script>\n\t(function($) {\n\t\t\/\/ Get the block ID\n\t\tvar id = \"#block_d26d05864e7d7bf65e705a11cc62ff69\";\n\t\t\/\/ Reveal the block\n\t\tvar container = document.documentElement;\n\t\tScrollReveal().reveal(id + \" .container.left .image\", {origin: \"left\", distance: \"20px\", duration: 1000, container: container});\n\t\tScrollReveal().reveal(id + \" .container.left .text\", {origin: \"right\", distance: \"20px\", duration: 1000, container: container});\n\t\tScrollReveal().reveal(id + \" .container.right .image\", {origin: \"right\", distance: \"20px\", duration: 1000, container: container});\n\t\tScrollReveal().reveal(id + \" .container.right .text\", {origin: \"left\", distance: \"20px\", duration: 1000, container: container});\n\t}(jQuery))\n\t<\/script>\n<\/div>\n\n<div id=\"block_c8adfdbde58ffd94e5bb59c537671bdd\" class=\"tile-block light-gray\">\n\t<div class=\"container left\">\n\t\t<div class=\"image\">\n\t\t\t<div class=\"wrapper\">\n\t\t\t\t\t\t\t\t<img decoding=\"async\" src=\"https:\/\/helpmegrowwa.org\/wp-content\/uploads\/2023\/09\/Our-Approach-Help-Me-Grow-Washington-555x392.jpg\" srcset=\"https:\/\/helpmegrowwa.org\/wp-content\/uploads\/2023\/09\/Our-Approach-Help-Me-Grow-Washington-555x392.jpg 555w, https:\/\/helpmegrowwa.org\/wp-content\/uploads\/2023\/09\/Our-Approach-Help-Me-Grow-Washington-1110x784.jpg 1110w\" sizes=\"555px\">\n\t\t\t<\/div>\n\t\t<\/div>\n\t\t<div class=\"text\">\n\t\t\t\t\t\t<h2><span style=\"color: #00609c;\">Habkayaga<\/span><\/h2>\n<p>Waxaan aaminsanahay in aan isticmaalno hab qoys oo dhan halkaas oo aan ugu adeegno baahiyaha shakhsiyaadka (waalidka, daryeelayaasha, iyo carruurta) jiilal kasta oo ku jira xaaladda qoyska. Ka faa&#039;iidaysiga xeeladaha ku saleysan sinnaanta, waxaan hiigsaneynaa inaan abuurno oo aan joogteyno waddooyin gaar ah oo loogu talagalay kuwa aan la maal-gelin oo sidaas darteed dadyowga la haybsooco si ay u helaan caafimaadka dadweynaha, daryeelka caafimaadka, waxbarashada hore, waxbarashada, iyo adeegyada bulshada, annaga oo raadineyna hadafka caalamiga ah ee horumarinta adkeysiga qoyska iyo si wanaagsan - ahaansho.<\/p>\n\t\t<\/div>\n\t<\/div>\n\t<script>\n\t(function($) {\n\t\t\/\/ Get the block ID\n\t\tvar id = \"#block_c8adfdbde58ffd94e5bb59c537671bdd\";\n\t\t\/\/ Reveal the block\n\t\tvar container = document.documentElement;\n\t\tScrollReveal().reveal(id + \" .container.left .image\", {origin: \"left\", distance: \"20px\", duration: 1000, container: container});\n\t\tScrollReveal().reveal(id + \" .container.left .text\", {origin: \"right\", distance: \"20px\", duration: 1000, container: container});\n\t\tScrollReveal().reveal(id + \" .container.right .image\", {origin: \"right\", distance: \"20px\", duration: 1000, container: container});\n\t\tScrollReveal().reveal(id + \" .container.right .text\", {origin: \"left\", distance: \"20px\", duration: 1000, container: container});\n\t}(jQuery))\n\t<\/script>\n<\/div>\n\n<div id=\"block_52aa5b96596753ae200195fdd66ffc57\" class=\"tile-block light-gray\">\n\t<div class=\"container right\">\n\t\t<div class=\"image\">\n\t\t\t<div class=\"wrapper\">\n\t\t\t\t\t\t\t\t<img decoding=\"async\" src=\"https:\/\/helpmegrowwa.org\/wp-content\/uploads\/2023\/09\/Our-Future-Help-Me-Grow-Washington-555x392.jpg\" srcset=\"https:\/\/helpmegrowwa.org\/wp-content\/uploads\/2023\/09\/Our-Future-Help-Me-Grow-Washington-555x392.jpg 555w, https:\/\/helpmegrowwa.org\/wp-content\/uploads\/2023\/09\/Our-Future-Help-Me-Grow-Washington-1110x784.jpg 1110w\" sizes=\"555px\">\n\t\t\t<\/div>\n\t\t<\/div>\n\t\t<div class=\"text\">\n\t\t\t\t\t\t<h2><span style=\"color: #00609c;\">Mustaqbalkeena<\/span><\/h2>\n<p>Qorshahayaga Istiraatiijiyadeed ee 2023-28, oo loo abuuray iyadoo lala kaashanayo daneeyayaasha muhiimka ah, hogaamiyayaasha bulshada, la-hawlgalayaasha qabaa&#039;ilka, siyaasad-dejiyeyaasha, qoysaska iyo daryeelayaasha, iyo bixiyeyaasha daryeelka caafimaadka, waxay dejisaa koorsada mustaqbalka Help Me Grow Washington waxayna dejisaa lix goobood oo diiradda la saarayo iyo sagaal hindise istaraatiijiyadeed oo aan ku shaqeyn doono si loo fuliyo shanta sano ee soo socota. <a href=\"\/wp-content\/uploads\/2023\/06\/HMG-WA-Strategic-Plan-Summary-2023-2028.pdf\" target=\"_blank\" rel=\"noopener\">Wax badan ka baro qorshahayaga istaraatiijiyadeed<\/a>.<\/p>\n\t\t<\/div>\n\t<\/div>\n\t<script>\n\t(function($) {\n\t\t\/\/ Get the block ID\n\t\tvar id = \"#block_52aa5b96596753ae200195fdd66ffc57\";\n\t\t\/\/ Reveal the block\n\t\tvar container = document.documentElement;\n\t\tScrollReveal().reveal(id + \" .container.left .image\", {origin: \"left\", distance: \"20px\", duration: 1000, container: container});\n\t\tScrollReveal().reveal(id + \" .container.left .text\", {origin: \"right\", distance: \"20px\", duration: 1000, container: container});\n\t\tScrollReveal().reveal(id + \" .container.right .image\", {origin: \"right\", distance: \"20px\", duration: 1000, container: container});\n\t\tScrollReveal().reveal(id + \" .container.right .text\", {origin: \"left\", distance: \"20px\", duration: 1000, container: container});\n\t}(jQuery))\n\t<\/script>\n<\/div>\n\n<div id=\"block_1110326c4243c26aca71c6aa1efc15cd\" class=\"text-block white large center\">\n\t<div class=\"container one-column full\">\n\t\t<h2><span style=\"color: #561553;\">Help Me Grow Washington Maamulka<\/span><\/h2>\n\t<\/div>\n\t<script>\n\t\t(function($) {\n\t\t\t\/\/ Get the block ID\n\t\t\tvar id = \"#block_1110326c4243c26aca71c6aa1efc15cd\";\n\t\t\t\/\/ Reveal the block\n\t\t\tvar container = document.documentElement;\n\t\t\tScrollReveal().reveal(id + \" .container\", {origin: \"bottom\", distance: \"20px\", duration: 1000, container: container});\n\t\t}(jQuery))\n\t<\/script>\n<\/div>\n\n<div id=\"block_6f13fc51c6fc352e8aaa8209d6bc02b1\" class=\"boxes-block white rectangular\">\n\t<div class=\"boxes-wrapper\">\n\t\t<div class=\"boxes\">\n\t\t\t\t\t<div class=\"container\">\n\t\t\t\t\n\t\t\t\t\t\t\t\t\t<div class=\"box white left border-light-gray small\">\n\t\t\t\t\t\t\t\t\t\t\t\t<div><h3><span style=\"color: #561553;\">Guddiga Iskaashiga Bulshada<\/span><\/h3>\n<p>Guddigan ayaa mas&#039;uul ka ah inay matalaan aragtiyaha maxalliga ah iyo bulshada, danaha, iyo baahiyaha \/ goldaloolooyinka si loo horumariyo loona xoojiyo xidhiidhka ka dhexeeya nidaamka Help Me Grow ee gobolka iyo maxalliga ah ee shabakadda dhexdeeda. Guddiga Iskaashatada Bulshada waxa uu ka kooban yahay wakiilada deegaanka iyo gobolka iyo sidoo kale la-hawlgalayaasha bulshada ee soo baxaya.<\/p>\n<\/div>\n\t\t\t\t\t\t\t\t\t\t\t<\/div>\n\t\t\t\t\t\t\t<\/div>\n\t\t\t\t\t<div class=\"container\">\n\t\t\t\t\n\t\t\t\t\t\t\t\t\t<div class=\"box white left border-light-gray small\">\n\t\t\t\t\t\t\t\t\t\t\t\t<div><h3><span style=\"color: #561553;\">Kooxda Xiriirinta<\/span><\/h3>\n<p>Laf-dhabarta shabakadda Help Me Grow Washington, kooxdani waxay mas&#039;uul ka tahay isku-dubbaridka iyo qorsheynta hindisayaasha istaraatiijiyadeed ee nidaamka oo dhan. Kooxda Iskudubaridku waxay ka kooban yihiin <a href=\"https:\/\/www.dcyf.wa.gov\/\" target=\"_blank\" rel=\"noopener\">Waaxda Carruurta, Dhallinyarada, iyo Qoysaska ee Gobolka Washington<\/a> iyo xiriirka Help Me Grow ee gobolka Washington, <a href=\"https:\/\/withinreachwa.org\/\" target=\"_blank\" rel=\"noopener\">WithinReach<\/a>.<\/p>\n<\/div>\n\t\t\t\t\t\t\t\t\t\t\t<\/div>\n\t\t\t\t\t\t\t<\/div>\n\t\t\t\t\t<div class=\"container\">\n\t\t\t\t\n\t\t\t\t\t\t\t\t\t<div class=\"box white left border-light-gray small\">\n\t\t\t\t\t\t\t\t\t\t\t\t<div><h3><span style=\"color: #561553;\">Golaha maamulka<\/span><\/h3>\n<p>Golahan ayaa mas&#039;uul ka noqon doona hubinta in nidaamka Help Me Grow Washington uu horumar ka samaynayo gaaritaanka yoolalka iyo ujeedooyinka ay dejisay shabakadu. Golaha maarayntu waxa uu ku socdaa horumar, laakiin waxa aanu raadinayna in aanu ku darno aragtiyaha muhiimka ah ee ka socda Qabiilada Qabiilka, bixiyayaasha daryeelka caafimaadka, daryeelayaasha iyo\/ama bixiyayaasha waxbarashada hore, bulshooyinka miyiga ah, iyo madow, asaliga ah iyo dadka midabka leh.<\/p>\n<\/div>\n\t\t\t\t\t\t\t\t\t\t\t<\/div>\n\t\t\t\t\t\t\t<\/div>\n\t\t\t\t<\/div>\n\t<\/div>\n\t<script>\n\t\n\t(function($) {\n\t\n\t\t\/\/ Get the block ID\n\t\tvar id = \"#block_6f13fc51c6fc352e8aaa8209d6bc02b1\";\n\t\t\n\t\t$(id + \" .boxes-wrapper .boxes .box\").hover(function() {\n\t\t\t$(this).find(\".arrow\").addClass(\"hover\");\n\t\t\t$(this).find(\"img\").addClass(\"hover\");\n\t\t}, function() {\n\t\t\t$(this).find(\".arrow\").removeClass(\"hover\");\n\t\t\t$(this).find(\"img\").removeClass(\"hover\");\n\t\t});\n\t\t\n\t\t\/\/ Reveal foreground elements\n\t\tScrollReveal().reveal(id + \" .container\", {origin: \"bottom\", distance: \"20px\", duration: 1000, viewFactor: 0.2, interval: 100, reset: false});\n\t\n\t})(jQuery)\n\t\n\t<\/script>\n<\/div>\n\n<div id=\"block_772eac83acb5e211895ba2300237a913\" class=\"invitation-block white center\">\t\n\t<div class=\"container purple\">\n\t\t<h3>Burburinta Caqabadaha<\/h3>\n<p>Sannadkii hore, Help Me Grow Washington waxay u adeegtay tiro sii kordhaysa oo qoysas ah. Waxaan buuxinay 16,999 codsiyo taageero ah, annagoo caawinayna 12,850 caruur ah iyo 1,456 qof oo xaamilo ah inay helaan nafaqeynta iyo agabka baahiyaha aasaasiga ah, sida gaadiidka iyo kaalmada dhaqaale, iyo taageerooyinka caafimaadka dadka waaweyn iyo carruurta iyo horumarinta ilmaha.<\/p>\n\t\t\t\t<a class=\"btn orange\" href=\"\/so\/impact\/\" target=\"\">Wax badan ka baro saameyntayada<\/a>\n\t\t\t<\/div>\n<\/div>\n\n\n<div id=\"block_90dc132e19a676b3336af1b2ef02c5bd\" class=\"news-feature-block\">\n\t<div class=\"container\">\n\t\t<div class=\"title\">\n\t\t\t\t\t\t\t<h2>Warar + Cusbooneysiin<\/h2>\n\t\t\t\t\t<\/div>\n\t\t<div class=\"wrapper\">\n\t\t\t\t\t\t\t\n\t\t\t\t\t\t\t\t\t\t\t\t\t\t\t\t\t\t\t\t<a class=\"article\" href=\"https:\/\/conta.cc\/4c23dcA\" target=\"_blank\">\n\t\t\t\t\t\t\t\t\t\t\t<div class=\"picture\">\n\t\t\t\t\t\t\t\t\t\t\t\t\t\t<img decoding=\"async\" src=\"https:\/\/helpmegrowwa.org\/wp-content\/uploads\/2026\/03\/HMG-WA-Network-Newsletter-header-14-260x180.png\" srcset=\"https:\/\/helpmegrowwa.org\/wp-content\/uploads\/2026\/03\/HMG-WA-Network-Newsletter-header-14-260x180.png 260w, https:\/\/helpmegrowwa.org\/wp-content\/uploads\/2026\/03\/HMG-WA-Network-Newsletter-header-14-520x200.png 520w\" sizes=\"260px\">\n\t\t\t\t\t\t\t\t\t\t\t\t\t\t\t<div class=\"type-label\">Warsidaha<\/div>\n\t\t\t\t\t\t\t\t\t\t\t\t\t<\/div>\n\t\t\t\t\t\t<div class=\"content\">\n\t\t\t\t\t\t\t\t\t\t\t\t\t\t\t<div class=\"date\">Abriil 1, 2026<\/div>\n\t\t\t\t\t\t\t\t\t\t\t\t\t\t<div class=\"text\">\n\t\t\t\t\t\t\t\t<h3 class=\"title\">Warsidaha HMG WA ee Maarso 2026 (Isbaanish)<\/h3>\n\t\t\t\t\t\t\t\t<div class=\"summary\">Celebre a la red de Ay\u00fadame a Crecer Washington iyo conozca los avances que hemos logrado en varias iniciativas estrat\u00e9gicas del Plan estrat\u00e9gico de Ay\u00fadame a Crecer Washington.<\/div>\n\t\t\t\t\t\t\t<\/div>\n\t\t\t\t\t\t\t<div class=\"more\">\n\t\t\t\t\t\t\t\tAkhri wax dheeraad ah\n\t\t\t\t\t\t\t\t<svg class=\"arrow\" aria-hidden=\"true\" focusable=\"false\" data-prefix=\"fas\" data-icon=\"long-arrow-right\" role=\"img\" xmlns=\"http:\/\/www.w3.org\/2000\/svg\" viewbox=\"0 0 448 512\"><path fill=\"#ababab\" d=\"M254.544 154.427L320.118 220H24c-13.255 0-24 10.745-24 24v24c0 13.255 10.745 24 24 24h296.118l-65.574 65.573c-9.373 9.373-9.373 24.569 0 33.941l16.971 16.971c9.373 9.373 24.569 9.373 33.941 0L440.97 272.97c9.373-9.373 9.373-24.569 0-33.941L305.456 103.515c-9.373-9.373-24.569-9.373-33.941 0l-16.971 16.971c-9.373 9.372-9.373 24.568 0 33.941z\"><\/path><\/svg>\n\t\t\t\t\t\t\t<\/div>\n\t\t\t\t\t\t<\/div>\n\t\t\t\t\t<\/a>\n\t\t\t\t\t\t\t\t\t\t\t\t\t\t\t\t\t\t\t\t\t\t\t\t\t<a class=\"article\" href=\"https:\/\/conta.cc\/4d61btX\" target=\"_blank\">\n\t\t\t\t\t\t\t\t\t\t\t<div class=\"picture\">\n\t\t\t\t\t\t\t\t\t\t\t\t\t\t<img decoding=\"async\" src=\"https:\/\/helpmegrowwa.org\/wp-content\/uploads\/2026\/03\/HMG-WA-Network-Newsletter-header-13-260x180.png\" srcset=\"https:\/\/helpmegrowwa.org\/wp-content\/uploads\/2026\/03\/HMG-WA-Network-Newsletter-header-13-260x180.png 260w, https:\/\/helpmegrowwa.org\/wp-content\/uploads\/2026\/03\/HMG-WA-Network-Newsletter-header-13-520x200.png 520w\" sizes=\"260px\">\n\t\t\t\t\t\t\t\t\t\t\t\t\t\t\t<div class=\"type-label\">Warsidaha<\/div>\n\t\t\t\t\t\t\t\t\t\t\t\t\t<\/div>\n\t\t\t\t\t\t<div class=\"content\">\n\t\t\t\t\t\t\t\t\t\t\t\t\t\t\t<div class=\"date\">Maarso 31, 2026<\/div>\n\t\t\t\t\t\t\t\t\t\t\t\t\t\t<div class=\"text\">\n\t\t\t\t\t\t\t\t<h3 class=\"title\">Warside HMG WA Maarso 2026<\/h3>\n\t\t\t\t\t\t\t\t<div class=\"summary\">U dabaaldeg shabakadda Help Me Grow WA oo baro horumarka laga sameeyay dhowr ka mid ah hindisayaasha istaraatiijiyadeed ee Qorshaha Istaraatiijiyadda Help Me Grow WA.<\/div>\n\t\t\t\t\t\t\t<\/div>\n\t\t\t\t\t\t\t<div class=\"more\">\n\t\t\t\t\t\t\t\tAkhri wax dheeraad ah\n\t\t\t\t\t\t\t\t<svg class=\"arrow\" aria-hidden=\"true\" focusable=\"false\" data-prefix=\"fas\" data-icon=\"long-arrow-right\" role=\"img\" xmlns=\"http:\/\/www.w3.org\/2000\/svg\" viewbox=\"0 0 448 512\"><path fill=\"#ababab\" d=\"M254.544 154.427L320.118 220H24c-13.255 0-24 10.745-24 24v24c0 13.255 10.745 24 24 24h296.118l-65.574 65.573c-9.373 9.373-9.373 24.569 0 33.941l16.971 16.971c9.373 9.373 24.569 9.373 33.941 0L440.97 272.97c9.373-9.373 9.373-24.569 0-33.941L305.456 103.515c-9.373-9.373-24.569-9.373-33.941 0l-16.971 16.971c-9.373 9.372-9.373 24.568 0 33.941z\"><\/path><\/svg>\n\t\t\t\t\t\t\t<\/div>\n\t\t\t\t\t\t<\/div>\n\t\t\t\t\t<\/a>\n\t\t\t\t\t\t\t\t\t\t\t\t\t\t\t\t\t\t\t\t\t\t\t\t\t<a class=\"article\" href=\"https:\/\/helpmegrowwa.org\/so\/reaching-new-heights-partnering-to-support-child-development\">\n\t\t\t\t\t\t\t\t\t\t\t<div class=\"picture\">\n\t\t\t\t\t\t\t\t\t\t\t\t\t\t<img decoding=\"async\" src=\"https:\/\/helpmegrowwa.org\/wp-content\/uploads\/2026\/03\/NEWS-STORY-TITLE-5-e1774371040337-260x180.png\" srcset=\"https:\/\/helpmegrowwa.org\/wp-content\/uploads\/2026\/03\/NEWS-STORY-TITLE-5-e1774371040337-260x180.png 260w, https:\/\/helpmegrowwa.org\/wp-content\/uploads\/2026\/03\/NEWS-STORY-TITLE-5-e1774371040337-520x360.png 520w\" sizes=\"260px\">\n\t\t\t\t\t\t\t\t\t\t\t\t\t\t\t<div class=\"type-label\">Blog<\/div>\n\t\t\t\t\t\t\t\t\t\t\t\t\t<\/div>\n\t\t\t\t\t\t<div class=\"content\">\n\t\t\t\t\t\t\t\t\t\t\t\t\t\t\t<div class=\"date\">Maarso 24, 2026<\/div>\n\t\t\t\t\t\t\t\t\t\t\t\t\t\t<div class=\"text\">\n\t\t\t\t\t\t\t\t<h3 class=\"title\">Gaaritaanka Meelaha Sare: Iskaashiga Taageerada Horumarinta Carruurta<\/h3>\n\t\t\t\t\t\t\t\t<div class=\"summary\">Ilo Cusub oo loogu talagalay Qoysaska iyo La-hawlgalayaasha! Help Me Grow WA waxay iskaashi la samaysay Qaybta Washington ee Akadeemiyada Carruurta ee Mareykanka (WCAAP) si ay u abuuraan jaantus dherer oo laba luqadood leh oo xiiso leh oo loogu talagalay carruurta da&#039;doodu u dhaxayso 2 bilood ilaa 5 sano. Iyadoo loo qaabeeyey khibradda carruurta iyo qoysaska, jaantus kastaa wuxuu ka kooban yahay marxalado horumarineed oo muhiim ah iyo siyaabo fudud oo qoysasku ay u taageeri karaan koritaanka iyo waxbarashada ilmahooda. <\/div>\n\t\t\t\t\t\t\t<\/div>\n\t\t\t\t\t\t\t<div class=\"more\">\n\t\t\t\t\t\t\t\tAkhri wax dheeraad ah\n\t\t\t\t\t\t\t\t<svg class=\"arrow\" aria-hidden=\"true\" focusable=\"false\" data-prefix=\"fas\" data-icon=\"long-arrow-right\" role=\"img\" xmlns=\"http:\/\/www.w3.org\/2000\/svg\" viewbox=\"0 0 448 512\"><path fill=\"#ababab\" d=\"M254.544 154.427L320.118 220H24c-13.255 0-24 10.745-24 24v24c0 13.255 10.745 24 24 24h296.118l-65.574 65.573c-9.373 9.373-9.373 24.569 0 33.941l16.971 16.971c9.373 9.373 24.569 9.373 33.941 0L440.97 272.97c9.373-9.373 9.373-24.569 0-33.941L305.456 103.515c-9.373-9.373-24.569-9.373-33.941 0l-16.971 16.971c-9.373 9.372-9.373 24.568 0 33.941z\"><\/path><\/svg>\n\t\t\t\t\t\t\t<\/div>\n\t\t\t\t\t\t<\/div>\n\t\t\t\t\t<\/a>\n\t\t\t\t\t\t\t\t\t\t\t\t\t\t\t\t\t\t\t\t\t\t\t\t\t<a class=\"article\" href=\"https:\/\/helpmegrowwa.org\/so\/news\/celebrating-the-2026-help-me-grow-washington-network\">\n\t\t\t\t\t\t\t\t\t\t\t<div class=\"picture\">\n\t\t\t\t\t\t\t\t\t\t\t\t\t\t<img decoding=\"async\" src=\"https:\/\/helpmegrowwa.org\/wp-content\/uploads\/2026\/03\/NEWS-STORY-TITLE-4-260x180.png\" srcset=\"https:\/\/helpmegrowwa.org\/wp-content\/uploads\/2026\/03\/NEWS-STORY-TITLE-4-260x180.png 260w, https:\/\/helpmegrowwa.org\/wp-content\/uploads\/2026\/03\/NEWS-STORY-TITLE-4-520x360.png 520w\" sizes=\"260px\">\n\t\t\t\t\t\t\t\t\t\t\t\t\t\t\t<div class=\"type-label\">Wararka<\/div>\n\t\t\t\t\t\t\t\t\t\t\t\t\t<\/div>\n\t\t\t\t\t\t<div class=\"content\">\n\t\t\t\t\t\t\t\t\t\t\t\t\t\t\t<div class=\"date\">Maarso 23, 2026<\/div>\n\t\t\t\t\t\t\t\t\t\t\t\t\t\t<div class=\"text\">\n\t\t\t\t\t\t\t\t<h3 class=\"title\">U dabaaldegga Shabakadda Help Me Grow Washington ee 2026!<\/h3>\n\t\t\t\t\t\t\t\t<div class=\"summary\">Aad ayaan ugu faraxsanahay inaan ku soo dhaweyno Help Me Grow Whatcom iyo Help Me Grow Grays Harbor shabakadda Help Me Grow Washington! \ud83d\udc9c Iyada oo lagu daray, bulshooyin badan oo ku baahsan gobolka ayaa dhisaya nidaamyo taageero oo isku xiran oo qoyska ku salaysan\u2014xoojinta xiriirka iyo u sahlida qoysaska inay helaan kheyraadka ay u baahan yihiin, marka ay u baahdaan.\u00a0<\/div>\n\t\t\t\t\t\t\t<\/div>\n\t\t\t\t\t\t\t<div class=\"more\">\n\t\t\t\t\t\t\t\tAkhri wax dheeraad ah\n\t\t\t\t\t\t\t\t<svg class=\"arrow\" aria-hidden=\"true\" focusable=\"false\" data-prefix=\"fas\" data-icon=\"long-arrow-right\" role=\"img\" xmlns=\"http:\/\/www.w3.org\/2000\/svg\" viewbox=\"0 0 448 512\"><path fill=\"#ababab\" d=\"M254.544 154.427L320.118 220H24c-13.255 0-24 10.745-24 24v24c0 13.255 10.745 24 24 24h296.118l-65.574 65.573c-9.373 9.373-9.373 24.569 0 33.941l16.971 16.971c9.373 9.373 24.569 9.373 33.941 0L440.97 272.97c9.373-9.373 9.373-24.569 0-33.941L305.456 103.515c-9.373-9.373-24.569-9.373-33.941 0l-16.971 16.971c-9.373 9.372-9.373 24.568 0 33.941z\"><\/path><\/svg>\n\t\t\t\t\t\t\t<\/div>\n\t\t\t\t\t\t<\/div>\n\t\t\t\t\t<\/a>\n\t\t\t\t\t\t\t\t\t\t\t\t\t\n\t\t\t\t\t\t\t\n\t\t<\/div>\n\t<\/div>\n\t<script>\n\t\n\t(function($) {\n\t\n\t\t\/\/ Get the block ID\n\t\tvar id = \"#block_90dc132e19a676b3336af1b2ef02c5bd\";\n\t\t\n\t\t\/\/ Reveal foreground elements\n\t\tScrollReveal().reveal(id + \" .article\", {origin: \"bottom\", distance: \"20px\", duration: 1000, viewFactor: 0.2, interval: 100, reset: false});\n\t\t\n\t})(jQuery)\n\t\n\t<\/script>\t\n<\/div>","protected":false},"excerpt":{"rendered":"","protected":false},"author":2,"featured_media":0,"parent":0,"menu_order":150,"comment_status":"closed","ping_status":"closed","template":"","meta":{"_acf_changed":false,"footnotes":""},"acf":[],"_links":{"self":[{"href":"https:\/\/helpmegrowwa.org\/so\/wp-json\/wp\/v2\/pages\/6583"}],"collection":[{"href":"https:\/\/helpmegrowwa.org\/so\/wp-json\/wp\/v2\/pages"}],"about":[{"href":"https:\/\/helpmegrowwa.org\/so\/wp-json\/wp\/v2\/types\/page"}],"author":[{"embeddable":true,"href":"https:\/\/helpmegrowwa.org\/so\/wp-json\/wp\/v2\/users\/2"}],"replies":[{"embeddable":true,"href":"https:\/\/helpmegrowwa.org\/so\/wp-json\/wp\/v2\/comments?post=6583"}],"version-history":[{"count":64,"href":"https:\/\/helpmegrowwa.org\/so\/wp-json\/wp\/v2\/pages\/6583\/revisions"}],"predecessor-version":[{"id":12036,"href":"https:\/\/helpmegrowwa.org\/so\/wp-json\/wp\/v2\/pages\/6583\/revisions\/12036"}],"wp:attachment":[{"href":"https:\/\/helpmegrowwa.org\/so\/wp-json\/wp\/v2\/media?parent=6583"}],"curies":[{"name":"wp","href":"https:\/\/api.w.org\/{rel}","templated":true}]}}