{"id":12,"date":"2020-01-13T21:27:00","date_gmt":"2020-01-13T21:27:00","guid":{"rendered":"http:\/\/54.244.98.151\/?page_id=12"},"modified":"2026-03-24T17:08:40","modified_gmt":"2026-03-24T17:08:40","slug":"home","status":"publish","type":"page","link":"https:\/\/helpmegrowwa.org\/vi\/","title":{"rendered":"Trang ch\u1ee7"},"content":{"rendered":"<div id=\"block_d82e444d581f2b8a50e642eae2b4405f\" class=\"banner-block home-with-slides\">\n\t<div class=\"slide-carousel\">\n\t\t\t\t\t\t\t<div class=\"slide-wrapper\">\n\t\t\t<div class=\"slide\" data-img=\"https:\/\/helpmegrowwa.org\/wp-content\/uploads\/2023\/09\/Help-Me-Grow-Washington-Community-Services-and-Resources.jpg\">\n\t\t\t\t<div class=\"background\" style=\"background-image: url(https:\/\/helpmegrowwa.org\/wp-content\/uploads\/2023\/09\/Help-Me-Grow-Washington-Community-Services-and-Resources.jpg);\"><\/div>\n\t\t\t\t<div class=\"text-wrapper\">\n\t\t\t\t\t<div class=\"text\">\n\t\t\t\t\t\t<h1 class=\"heading\">T\u00ecm c\u00e1c ngu\u1ed3n l\u1ef1c v\u00e0 d\u1ecbch v\u1ee5 b\u1ea1n c\u1ea7n khi b\u1ea1n c\u1ea7n ch\u00fang.<\/h1>\n\t\t\t\t\t\t<div class=\"button-wrapper\">\n\t\t\t\t\t\t\t\t\t\t\t\t\t\t\t\t\t\t\t\t\t\t\t<a class=\"button\" href=\"https:\/\/resources.helpmegrowwa.org\/\" target=\"_blank\">Tr\u00ecnh t\u00ecm t\u00e0i nguy\u00ean ParentHelp123<\/a>\n\t\t\t\t\t\t\t\t\t\t\t\t\t<\/div>\n\t\t\t\t\t<\/div>\n\t\t\t\t<\/div>\n\t\t\t<\/div>\n\t\t<\/div>\n\t\t\t\t\t\t\t\t\t\t\t<div class=\"slide-wrapper\">\n\t\t\t<div class=\"slide\" data-img=\"https:\/\/helpmegrowwa.org\/wp-content\/uploads\/2023\/10\/Help-Me-Grow-Washington-Family-Communty-Resources.jpg\">\n\t\t\t\t<div class=\"background\" style=\"background-image: url(https:\/\/helpmegrowwa.org\/wp-content\/uploads\/2023\/10\/Help-Me-Grow-Washington-Family-Communty-Resources.jpg);\"><\/div>\n\t\t\t\t<div class=\"text-wrapper\">\n\t\t\t\t\t<div class=\"text\">\n\t\t\t\t\t\t<h1 class=\"heading\">C\u00f3 \u0111\u01b0\u1ee3c th\u1ef1c ph\u1ea9m l\u00e0nh m\u1ea1nh th\u00f4ng qua ch\u01b0\u01a1ng tr\u00ecnh h\u1ed7 tr\u1ee3 dinh d\u01b0\u1ee1ng c\u1ee7a Washington.<\/h1>\n\t\t\t\t\t\t<div class=\"button-wrapper\">\n\t\t\t\t\t\t\t\t\t\t\t\t\t\t\t\t\t\t\t\t\t\t\t<a class=\"button\" href=\"\/vi\/basic-food-snap\/\" target=\"\">L\u1ee3i \u00edch th\u1ef1c ph\u1ea9m c\u01a1 b\u1ea3n<\/a>\n\t\t\t\t\t\t\t\t\t\t\t\t\t<\/div>\n\t\t\t\t\t<\/div>\n\t\t\t\t<\/div>\n\t\t\t<\/div>\n\t\t<\/div>\n\t\t\t\t\t\t\t\t\t\t\t<div class=\"slide-wrapper\">\n\t\t\t<div class=\"slide\" data-img=\"https:\/\/helpmegrowwa.org\/wp-content\/uploads\/2023\/09\/Community-Resources-Help-Me-Grow-Washington-Network.jpg\">\n\t\t\t\t<div class=\"background\" style=\"background-image: url(https:\/\/helpmegrowwa.org\/wp-content\/uploads\/2023\/09\/Community-Resources-Help-Me-Grow-Washington-Network.jpg);\"><\/div>\n\t\t\t\t<div class=\"text-wrapper\">\n\t\t\t\t\t<div class=\"text\">\n\t\t\t\t\t\t<h1 class=\"heading\">B\u1ea1n mu\u1ed1n t\u00ecm hi\u1ec3u th\u00eam v\u1ec1 s\u1ef1 t\u0103ng tr\u01b0\u1edfng v\u00e0 ph\u00e1t tri\u1ec3n c\u1ee7a con b\u1ea1n?<\/h1>\n\t\t\t\t\t\t<div class=\"button-wrapper\">\n\t\t\t\t\t\t\t\t\t\t\t\t\t\t\t\t\t\t\t\t\t\t\t<a class=\"button\" href=\"\/vi\/developmental-screenings\/\" target=\"\">S\u00e0ng l\u1ecdc ph\u00e1t tri\u1ec3n<\/a>\n\t\t\t\t\t\t\t\t\t\t\t\t\t<\/div>\n\t\t\t\t\t<\/div>\n\t\t\t\t<\/div>\n\t\t\t<\/div>\n\t\t<\/div>\n\t\t\t\t\t\t<\/div>\n\t<script>\n\t\t$ = jQuery;\n\t\t\n\t\t\/\/Fade in image\n\t\t$(\".slide\").each(function() {\n\t\t\tvar background = $(this).find(\".background\");\n\t\t\tvar image = new Image();\n\t\t\timage.src = $(this).data(\"img\");\n\t\t\timage.onload = function() {\n\t\t\t\tbackground.css({opacity: 1})\n\t\t\t}\n\t\t});\n\t\t\n\t\t$(\".slide-carousel\").on(\"init\", function() {\n\t\t\t$(\".slide-carousel\").css({opacity: 1});\n\t\t});\n\t\n\t\t\/\/ Prepare the carousel\n\t\t$(\".slide-carousel\").slick({\n\t\t\tslidesToShow: 1,\n\t\t\tslidesToScroll: 1,\n\t\t\tautoplay: true,\n\t\t\tautoplaySpeed: 6000,\n\t\t\tinfinite: true,\n\t\t\tarrows: false,\n\t\t\tdots: true,\n\t\t});\n\t\t\n\t<\/script>\n<\/div>\n\n\n<div id=\"block_13060b088fc0f95b1fa15c942c94537e\" class=\"text-block white large center\">\n\t<div class=\"container one-column full\">\n\t\t<h2><span style=\"color: #561553;\">T\u00ecm \u0111\u01b0\u1ee3c \u0111\u00fang s\u1ef1 tr\u1ee3 gi\u00fap r\u1ea5t kh\u00f3. Ch\u00fang t\u00f4i s\u1ebd gi\u00fap cho vi\u1ec7c n\u00e0y d\u1ec5 d\u00e0ng h\u01a1n.<\/span><\/h2>\n<p>D\u00f9 tr\u1ef1c tuy\u1ebfn hay qua \u0111i\u1ec7n tho\u1ea1i, ch\u00fang t\u00f4i c\u00f3 th\u1ec3 k\u1ebft n\u1ed1i b\u1ea1n v\u1edbi c\u00e1c t\u00e0i nguy\u00ean b\u1ea1n c\u1ea7n khi b\u1ea1n c\u1ea7n. T\u00ecm c\u00e1c ngu\u1ed3n l\u1ef1c th\u1ef1c ph\u1ea9m, s\u1ee9c kh\u1ecfe v\u00e0 ph\u00e1t tri\u1ec3n tr\u1ebb em thi\u1ebft y\u1ebfu trong c\u1ed9ng \u0111\u1ed3ng c\u1ee7a b\u1ea1n \u0111\u1ec3 h\u1ed7 tr\u1ee3 gia \u0111\u00ecnh b\u1ea1n.<\/p>\n<h3>Ch\u00fang t\u00f4i cam k\u1ebft b\u1ea3o v\u1ec7 s\u1ef1 an to\u00e0n, ph\u1ea9m gi\u00e1 v\u00e0 quy\u1ec1n l\u1ee3i c\u1ee7a t\u1ea5t c\u1ea3 c\u00e1c gia \u0111\u00ecnh: <a style=\"color: #ff671d; text-decoration: underline;\" href=\"https:\/\/withinreachwa.org\/safety-dignity-and-the-rights-of-families?mtm_campaign=Family%20Commitment%20Blog\" target=\"_blank\" rel=\"noopener\">T\u00ecm hi\u1ec3u th\u00eam t\u1ea1i \u0111\u00e2y<\/a><\/h3>\n\t<\/div>\n\t<script>\n\t\t(function($) {\n\t\t\t\/\/ Get the block ID\n\t\t\tvar id = \"#block_13060b088fc0f95b1fa15c942c94537e\";\n\t\t\t\/\/ Reveal the block\n\t\t\tvar container = document.documentElement;\n\t\t\tScrollReveal().reveal(id + \" .container\", {origin: \"bottom\", distance: \"20px\", duration: 1000, container: container});\n\t\t}(jQuery))\n\t<\/script>\n<\/div>\n\n<div id=\"block_58a8cabc3fd9b3f48036f14e34619c23\" class=\"boxes-block white rectangular lines-between-boxes\">\n\t<div class=\"boxes-wrapper\">\n\t\t<div class=\"boxes\">\n\t\t\t\t\t<div class=\"container\">\n\t\t\t\t\n\t\t\t\t\t\t\t\t\t\t\t\t\t\t\t\t\t\t\t\t\t<a class=\"box white center border-none large\" href=\"https:\/\/resources.helpmegrowwa.org\/\" target=\"_blank\">\n\t\t\t\t\t\t\t\t\t\t\t\t\t\t\t\t\t\t\t\t\t\t\t\t<img decoding=\"async\" src=\"https:\/\/helpmegrowwa.org\/wp-content\/uploads\/2023\/08\/icon-search.svg\">\n\t\t\t\t\t\t\t\t\t\t\t\t\t\t\t\t\t\t\t\t\t\t<div><h2><span style=\"color: #561553;\">T\u00ecm ki\u1ebfm<\/span><\/h2>\n<p>Truy c\u1eadp C\u00f4ng c\u1ee5 t\u00ecm t\u00e0i nguy\u00ean ParentHelp123 \u0111\u1ec3 t\u00ecm t\u00e0i nguy\u00ean v\u00e0 d\u1ecbch v\u1ee5 trong c\u1ed9ng \u0111\u1ed3ng c\u1ee7a b\u1ea1n.<\/p>\n<\/div>\n\t\t\t\t\t\t\t\t\t\t\t\t\t\t\t<div class=\"wrapper\">\n\t\t\t\t\t\t\t\t\t<div class=\"textlink\">\n\t\t\t\t\t\t\t\t\t\tT\u00ecm hi\u1ec3u th\u00eam<svg class=\"arrow\" aria-hidden=\"true\" focusable=\"false\" data-prefix=\"fas\" data-icon=\"long-arrow-right\" role=\"img\" xmlns=\"http:\/\/www.w3.org\/2000\/svg\" viewbox=\"0 0 448 512\"><path fill=\"#FF671D\" d=\"M254.544 154.427L320.118 220H24c-13.255 0-24 10.745-24 24v24c0 13.255 10.745 24 24 24h296.118l-65.574 65.573c-9.373 9.373-9.373 24.569 0 33.941l16.971 16.971c9.373 9.373 24.569 9.373 33.941 0L440.97 272.97c9.373-9.373 9.373-24.569 0-33.941L305.456 103.515c-9.373-9.373-24.569-9.373-33.941 0l-16.971 16.971c-9.373 9.372-9.373 24.568 0 33.941z\"><\/path><\/svg>\n\t\t\t\t\t\t\t\t\t<\/div>\n\t\t\t\t\t\t\t\t<\/div>\n\t\t\t\t\t\t\t\t\t\t\t\t\t<\/a>\n\t\t\t\t\t\t\t\t\t\t\t\t<\/div>\n\t\t\t\t\t<div class=\"container\">\n\t\t\t\t\n\t\t\t\t\t\t\t\t\t\t\t\t\t\t\t\t\t\t\t\t\t<a class=\"box white center border-none large\" href=\"https:\/\/referrals.helpmegrowwa.org\/benefit_finder\" target=\"_blank\">\n\t\t\t\t\t\t\t\t\t\t\t\t\t\t\t\t\t\t\t\t\t\t\t\t<img decoding=\"async\" src=\"https:\/\/helpmegrowwa.org\/wp-content\/uploads\/2023\/08\/icon-screen.svg\">\n\t\t\t\t\t\t\t\t\t\t\t\t\t\t\t\t\t\t\t\t\t\t<div><h2><span style=\"color: #561553;\">M\u00e0n h\u00ecnh<\/span><\/h2>\n<p>\u0110i\u1ec1n v\u00e0o m\u1ed9t bi\u1ec3u m\u1eabu ng\u1eafn \u0111\u1ec3 xem li\u1ec7u b\u1ea1n c\u00f3 \u0111\u1ee7 \u0111i\u1ec1u ki\u1ec7n nh\u1eadn tr\u1ee3 c\u1ea5p ti\u1ec3u bang hay kh\u00f4ng v\u00e0 \u0111\u01b0\u1ee3c k\u1ebft n\u1ed1i v\u1edbi Help Me Grow.<\/p>\n<\/div>\n\t\t\t\t\t\t\t\t\t\t\t\t\t\t\t<div class=\"wrapper\">\n\t\t\t\t\t\t\t\t\t<div class=\"textlink\">\n\t\t\t\t\t\t\t\t\t\tT\u00ecm hi\u1ec3u th\u00eam<svg class=\"arrow\" aria-hidden=\"true\" focusable=\"false\" data-prefix=\"fas\" data-icon=\"long-arrow-right\" role=\"img\" xmlns=\"http:\/\/www.w3.org\/2000\/svg\" viewbox=\"0 0 448 512\"><path fill=\"#FF671D\" d=\"M254.544 154.427L320.118 220H24c-13.255 0-24 10.745-24 24v24c0 13.255 10.745 24 24 24h296.118l-65.574 65.573c-9.373 9.373-9.373 24.569 0 33.941l16.971 16.971c9.373 9.373 24.569 9.373 33.941 0L440.97 272.97c9.373-9.373 9.373-24.569 0-33.941L305.456 103.515c-9.373-9.373-24.569-9.373-33.941 0l-16.971 16.971c-9.373 9.372-9.373 24.568 0 33.941z\"><\/path><\/svg>\n\t\t\t\t\t\t\t\t\t<\/div>\n\t\t\t\t\t\t\t\t<\/div>\n\t\t\t\t\t\t\t\t\t\t\t\t\t<\/a>\n\t\t\t\t\t\t\t\t\t\t\t\t<\/div>\n\t\t\t\t\t<div class=\"container\">\n\t\t\t\t\n\t\t\t\t\t\t\t\t\t\t\t\t\t\t\t\t\t\t\t\t\t<a class=\"box white center border-none large\" href=\"\/vi\/hotline\/\" target=\"\">\n\t\t\t\t\t\t\t\t\t\t\t\t\t\t\t\t\t\t\t\t\t\t\t\t<img decoding=\"async\" src=\"https:\/\/helpmegrowwa.org\/wp-content\/uploads\/2023\/08\/icon-call.svg\">\n\t\t\t\t\t\t\t\t\t\t\t\t\t\t\t\t\t\t\t\t\t\t<div><h2><span style=\"color: #561553;\">Cu\u1ed9c g\u1ecdi<\/span><\/h2>\n<p>C\u1ea7n h\u1ed7 tr\u1ee3 b\u00e2y gi\u1edd?<br \/>\nG\u1ecdi \u0110\u01b0\u1eddng d\u00e2y n\u00f3ng Help Me Grow Washington v\u00e0 n\u00f3i chuy\u1ec7n v\u1edbi Ng\u01b0\u1eddi \u0111i\u1ec1u h\u01b0\u1edbng Ngu\u1ed3n l\u1ef1c Gia \u0111\u00ecnh.<\/p>\n<\/div>\n\t\t\t\t\t\t\t\t\t\t\t\t\t\t\t<div class=\"wrapper\">\n\t\t\t\t\t\t\t\t\t<div class=\"textlink\">\n\t\t\t\t\t\t\t\t\t\tT\u00ecm hi\u1ec3u th\u00eam<svg class=\"arrow\" aria-hidden=\"true\" focusable=\"false\" data-prefix=\"fas\" data-icon=\"long-arrow-right\" role=\"img\" xmlns=\"http:\/\/www.w3.org\/2000\/svg\" viewbox=\"0 0 448 512\"><path fill=\"#FF671D\" d=\"M254.544 154.427L320.118 220H24c-13.255 0-24 10.745-24 24v24c0 13.255 10.745 24 24 24h296.118l-65.574 65.573c-9.373 9.373-9.373 24.569 0 33.941l16.971 16.971c9.373 9.373 24.569 9.373 33.941 0L440.97 272.97c9.373-9.373 9.373-24.569 0-33.941L305.456 103.515c-9.373-9.373-24.569-9.373-33.941 0l-16.971 16.971c-9.373 9.372-9.373 24.568 0 33.941z\"><\/path><\/svg>\n\t\t\t\t\t\t\t\t\t<\/div>\n\t\t\t\t\t\t\t\t<\/div>\n\t\t\t\t\t\t\t\t\t\t\t\t\t<\/a>\n\t\t\t\t\t\t\t\t\t\t\t\t<\/div>\n\t\t\t\t<\/div>\n\t<\/div>\n\t<script>\n\t\n\t(function($) {\n\t\n\t\t\/\/ Get the block ID\n\t\tvar id = \"#block_58a8cabc3fd9b3f48036f14e34619c23\";\n\t\t\n\t\t$(id + \" .boxes-wrapper .boxes .box\").hover(function() {\n\t\t\t$(this).find(\".arrow\").addClass(\"hover\");\n\t\t\t$(this).find(\"img\").addClass(\"hover\");\n\t\t}, function() {\n\t\t\t$(this).find(\".arrow\").removeClass(\"hover\");\n\t\t\t$(this).find(\"img\").removeClass(\"hover\");\n\t\t});\n\t\t\n\t\t\/\/ Reveal foreground elements\n\t\tScrollReveal().reveal(id + \" .container\", {origin: \"bottom\", distance: \"20px\", duration: 1000, viewFactor: 0.2, interval: 100, reset: false});\n\t\n\t})(jQuery)\n\t\n\t<\/script>\n<\/div>\n\n<div id=\"block_423c47a9e3164789beaff0d9d45e85fb\" class=\"fifty-fifty-block blue right\">\n\t<img decoding=\"async\" class=\"flower-graphic\" src=\"https:\/\/helpmegrowwa.org\/wp-content\/themes\/helpmegrowwa\/images\/banner-text-shapes.svg\">\n\t<div class=\"info watermark\">\n\t\t<div class=\"container narrow center\">\n\t\t\t<h2>K\u1ebft n\u1ed1i c\u00e1c gia \u0111\u00ecnh b\u1ea1n ph\u1ee5c v\u1ee5 v\u1edbi Help Me Grow<\/h2>\n<p>C\u00e1c nh\u00e0 cung c\u1ea5p d\u1ecbch v\u1ee5 v\u00e0 s\u1ee9c kh\u1ecfe c\u00f3 th\u1ec3 gi\u1edbi thi\u1ec7u c\u00e1c gia \u0111\u00ecnh, t\u1ea3i xu\u1ed1ng t\u00e0i li\u1ec7u v\u00e0 kh\u00e1m ph\u00e1 danh m\u1ee5c t\u00e0i nguy\u00ean c\u1ee7a ch\u00fang t\u00f4i \u0111\u1ec3 t\u00ecm c\u00e1c t\u00e0i nguy\u00ean v\u1ec1 s\u1ee9c kh\u1ecfe v\u00e0 c\u1ed9ng \u0111\u1ed3ng.<\/p>\n\t\t\t\t\t\t\t\t\t<div class=\"link\">\n\t\t\t\t<a class=\"button orange\" href=\"\/vi\/health-care-providers\/\" target=\"\">\n\t\t\t\t\t\t\t\t\t\tT\u00ecm hi\u1ec3u th\u00eam\t\t\t\t<\/a>\n\t\t\t<\/div>\n\t\t\t\t\t<\/div>\n\t<\/div>\n\t\t<div class=\"image\" style=\"background-image: url(https:\/\/helpmegrowwa.org\/wp-content\/uploads\/2020\/03\/iStock-1056360016-scaled.jpg);background-position: center left;\">\n\t\t\t\t\t<\/div>\n\t<script>\n\t(function($) {\n\t\t\/\/ Get the block ID\n\t\tvar id = \"#block_423c47a9e3164789beaff0d9d45e85fb\";\n\t\t\/\/ Reveal the block\n\t\tvar container = document.documentElement;\n\t\tScrollReveal().reveal(id + \".left .image\", {origin: \"left\", distance: \"20px\", duration: 1000});\n\t\tScrollReveal().reveal(id + \".left .info .container\", {origin: \"right\", distance: \"20px\", duration: 1000});\n\t\tScrollReveal().reveal(id + \".right .image\", {origin: \"right\", distance: \"20px\", duration: 1000});\n\t\tScrollReveal().reveal(id + \".right .info .container\", {origin: \"left\", distance: \"20px\", duration: 1000});\n\t}(jQuery))\n\t<\/script>\n<\/div>\n\n<div id=\"block_cd6782ef91a815972bc660294ddc458b\" class=\"text-block white large center\">\n\t<div class=\"container one-column narrow\">\n\t\t<h2><span style=\"color: #561553;\">Ch\u00fang t\u00f4i ph\u1ee5c v\u1ee5 ng\u01b0\u1eddi d\u00e2n \u1edf m\u1ecdi qu\u1eadn trong ti\u1ec3u bang Washington.<\/span><\/h2>\n\t<\/div>\n\t<script>\n\t\t(function($) {\n\t\t\t\/\/ Get the block ID\n\t\t\tvar id = \"#block_cd6782ef91a815972bc660294ddc458b\";\n\t\t\t\/\/ Reveal the block\n\t\t\tvar container = document.documentElement;\n\t\t\tScrollReveal().reveal(id + \" .container\", {origin: \"bottom\", distance: \"20px\", duration: 1000, container: container});\n\t\t}(jQuery))\n\t<\/script>\n<\/div>\n\n<div id=\"block_fde99db56ec25e32cbcbd44a2583a489\" class=\"infographic-block white\">\n\t<div class=\"container\">\n\t\t\t\t\t\t\t\t\t\t\n\t\t\t\t\t\t\t\t\t<img decoding=\"async\"  src=\"https:\/\/helpmegrowwa.org\/wp-content\/uploads\/2023\/11\/hmg-animated-map-v4-gif.gif\" srcset=\"https:\/\/helpmegrowwa.org\/wp-content\/uploads\/2023\/11\/hmg-animated-map-v4-gif.gif 1140w, https:\/\/helpmegrowwa.org\/wp-content\/uploads\/2023\/11\/hmg-animated-map-v4-gif.gif 2280w\" style=\"max-width: 860px\">\n\t\t\t\t\t\t\t\n\t\t\t<\/div>\n\t<script>\n\t(function($) {\n\t\t\/\/ Get the block ID\n\t\tvar id = \"#block_fde99db56ec25e32cbcbd44a2583a489\";\n\t\t\/\/ Reveal the block\n\t\tScrollReveal().reveal(id + \" .container h2\", {origin: \"bottom\", distance: \"20px\", duration: 1000});\n\t\tScrollReveal().reveal(id + \" .container h3\", {origin: \"bottom\", distance: \"20px\", duration: 1000});\n\t\tScrollReveal().reveal(id + \" .container h4\", {origin: \"bottom\", distance: \"20px\", duration: 1000});\n\t\tScrollReveal().reveal(id + \" .container p\", {origin: \"bottom\", distance: \"20px\", duration: 1000});\n\t\tScrollReveal().reveal(id + \" .container img\", {origin: \"bottom\", distance: \"20px\", duration: 1000});\n\t}(jQuery))\n\t<\/script>\n<\/div>\n\n<div id=\"block_c265a39add7ae79e7e017990442326d4\" class=\"invitation-block white center\">\t\n\t<div class=\"container none\">\n\t\t\t\t\t\t<a class=\"btn orange\" href=\"\/vi\/impact\/\" target=\"\">T\u00ecm hi\u1ec3u th\u00eam v\u1ec1 t\u00e1c \u0111\u1ed9ng c\u1ee7a ch\u00fang t\u00f4i<\/a>\n\t\t\t<\/div>\n<\/div>\n\n\n<div id=\"block_87a43c93946f2fc4bf03740dc9434323\" class=\"news-feature-block\">\n\t<div class=\"container\">\n\t\t<div class=\"title\">\n\t\t\t\t\t\t\t<h2>Tin t\u1ee9c + C\u1eadp nh\u1eadt<\/h2>\n\t\t\t\t\t<\/div>\n\t\t<div class=\"wrapper\">\n\t\t\t\t\t\t\t\n\t\t\t\t\t\t\t\t\t\t\t\t\t\t\t\t\t\t\t\t\t\t\t\t\t\t\t\t\t\t<a class=\"article\" href=\"https:\/\/helpmegrowwa.org\/vi\/reaching-new-heights-partnering-to-support-child-development\">\n\t\t\t\t\t\t\t\t\t\t\t<div class=\"picture\">\n\t\t\t\t\t\t\t\t\t\t\t\t\t\t<img decoding=\"async\" src=\"https:\/\/helpmegrowwa.org\/wp-content\/uploads\/2026\/03\/NEWS-STORY-TITLE-5-e1774371040337-260x180.png\" srcset=\"https:\/\/helpmegrowwa.org\/wp-content\/uploads\/2026\/03\/NEWS-STORY-TITLE-5-e1774371040337-260x180.png 260w, https:\/\/helpmegrowwa.org\/wp-content\/uploads\/2026\/03\/NEWS-STORY-TITLE-5-e1774371040337-520x360.png 520w\" sizes=\"260px\">\n\t\t\t\t\t\t\t\t\t\t\t\t\t\t\t<div class=\"type-label\">B\u00e0i vi\u1ebft<\/div>\n\t\t\t\t\t\t\t\t\t\t\t\t\t<\/div>\n\t\t\t\t\t\t<div class=\"content\">\n\t\t\t\t\t\t\t\t\t\t\t\t\t\t\t<div class=\"date\">Th\u00e1ng Ba 24, 2026<\/div>\n\t\t\t\t\t\t\t\t\t\t\t\t\t\t<div class=\"text\">\n\t\t\t\t\t\t\t\t<h3 class=\"title\">Reaching New Heights: Partnering to Support Child Development<\/h3>\n\t\t\t\t\t\t\t\t<div class=\"summary\">New Resource for Families and Partners! Help Me Grow WA has partnered with the Washington Chapter of the American Academy of Pediatrics (WCAAP) to co\u2011create a fun, bilingual height chart for children ages 2 months to 5 years. Designed with pediatric expertise and families in mind, each chart includes key developmental milestones and simple ways families can support their child\u2019s growth and learning. <\/div>\n\t\t\t\t\t\t\t<\/div>\n\t\t\t\t\t\t\t<div class=\"more\">\n\t\t\t\t\t\t\t\t\u0110\u1ecdc th\u00eam\n\t\t\t\t\t\t\t\t<svg class=\"arrow\" aria-hidden=\"true\" focusable=\"false\" data-prefix=\"fas\" data-icon=\"long-arrow-right\" role=\"img\" xmlns=\"http:\/\/www.w3.org\/2000\/svg\" viewbox=\"0 0 448 512\"><path fill=\"#ababab\" d=\"M254.544 154.427L320.118 220H24c-13.255 0-24 10.745-24 24v24c0 13.255 10.745 24 24 24h296.118l-65.574 65.573c-9.373 9.373-9.373 24.569 0 33.941l16.971 16.971c9.373 9.373 24.569 9.373 33.941 0L440.97 272.97c9.373-9.373 9.373-24.569 0-33.941L305.456 103.515c-9.373-9.373-24.569-9.373-33.941 0l-16.971 16.971c-9.373 9.372-9.373 24.568 0 33.941z\"><\/path><\/svg>\n\t\t\t\t\t\t\t<\/div>\n\t\t\t\t\t\t<\/div>\n\t\t\t\t\t<\/a>\n\t\t\t\t\t\t\t\t\t\t\t\t\t\t\t\t\t\t\t\t\t\t\t\t\t\t\t\t\t\t<a class=\"article\" href=\"https:\/\/helpmegrowwa.org\/vi\/news\/celebrating-the-2026-help-me-grow-washington-network\">\n\t\t\t\t\t\t\t\t\t\t\t<div class=\"picture\">\n\t\t\t\t\t\t\t\t\t\t\t\t\t\t<img decoding=\"async\" src=\"https:\/\/helpmegrowwa.org\/wp-content\/uploads\/2026\/03\/NEWS-STORY-TITLE-4-260x180.png\" srcset=\"https:\/\/helpmegrowwa.org\/wp-content\/uploads\/2026\/03\/NEWS-STORY-TITLE-4-260x180.png 260w, https:\/\/helpmegrowwa.org\/wp-content\/uploads\/2026\/03\/NEWS-STORY-TITLE-4-520x360.png 520w\" sizes=\"260px\">\n\t\t\t\t\t\t\t\t\t\t\t\t\t\t\t<div class=\"type-label\">Tin t\u1ee9c<\/div>\n\t\t\t\t\t\t\t\t\t\t\t\t\t<\/div>\n\t\t\t\t\t\t<div class=\"content\">\n\t\t\t\t\t\t\t\t\t\t\t\t\t\t\t<div class=\"date\">Th\u00e1ng Ba 23, 2026<\/div>\n\t\t\t\t\t\t\t\t\t\t\t\t\t\t<div class=\"text\">\n\t\t\t\t\t\t\t\t<h3 class=\"title\">Celebrating the 2026 Help Me Grow Washington Network!<\/h3>\n\t\t\t\t\t\t\t\t<div class=\"summary\">We\u2019re\u00a0excited to welcome Help Me Grow Whatcom and Help Me Grow Grays Harbor to the Help Me Grow Washington network! \ud83d\udc9c With their addition, more communities across the state are building coordinated, family-centered systems of support\u2014strengthening connections and making it easier for families to access the resources they need, when they need them.\u00a0<\/div>\n\t\t\t\t\t\t\t<\/div>\n\t\t\t\t\t\t\t<div class=\"more\">\n\t\t\t\t\t\t\t\t\u0110\u1ecdc th\u00eam\n\t\t\t\t\t\t\t\t<svg class=\"arrow\" aria-hidden=\"true\" focusable=\"false\" data-prefix=\"fas\" data-icon=\"long-arrow-right\" role=\"img\" xmlns=\"http:\/\/www.w3.org\/2000\/svg\" viewbox=\"0 0 448 512\"><path fill=\"#ababab\" d=\"M254.544 154.427L320.118 220H24c-13.255 0-24 10.745-24 24v24c0 13.255 10.745 24 24 24h296.118l-65.574 65.573c-9.373 9.373-9.373 24.569 0 33.941l16.971 16.971c9.373 9.373 24.569 9.373 33.941 0L440.97 272.97c9.373-9.373 9.373-24.569 0-33.941L305.456 103.515c-9.373-9.373-24.569-9.373-33.941 0l-16.971 16.971c-9.373 9.372-9.373 24.568 0 33.941z\"><\/path><\/svg>\n\t\t\t\t\t\t\t<\/div>\n\t\t\t\t\t\t<\/div>\n\t\t\t\t\t<\/a>\n\t\t\t\t\t\t\t\t\t\t\t\t\t\t\t\t\t\t\t\t\t\t\t\t\t\t\t\t\t\t<a class=\"article\" href=\"https:\/\/helpmegrowwa.org\/vi\/news\/help-me-grow-wa-network-leverages-funding-to-support-local-help-me-grow-efforts\">\n\t\t\t\t\t\t\t\t\t\t\t<div class=\"picture\">\n\t\t\t\t\t\t\t\t\t\t\t\t\t\t<img decoding=\"async\" src=\"https:\/\/helpmegrowwa.org\/wp-content\/uploads\/2025\/11\/funding-e1762806121409-260x180.png\" srcset=\"https:\/\/helpmegrowwa.org\/wp-content\/uploads\/2025\/11\/funding-e1762806121409-260x180.png 260w, https:\/\/helpmegrowwa.org\/wp-content\/uploads\/2025\/11\/funding-e1762806121409-520x360.png 520w\" sizes=\"260px\">\n\t\t\t\t\t\t\t\t\t\t\t\t\t\t\t<div class=\"type-label\">Tin t\u1ee9c<\/div>\n\t\t\t\t\t\t\t\t\t\t\t\t\t<\/div>\n\t\t\t\t\t\t<div class=\"content\">\n\t\t\t\t\t\t\t\t\t\t\t\t\t\t\t<div class=\"date\">Th\u00e1ng M\u01b0\u1eddi M\u1ed9t 10, 2025<\/div>\n\t\t\t\t\t\t\t\t\t\t\t\t\t\t<div class=\"text\">\n\t\t\t\t\t\t\t\t<h3 class=\"title\">M\u1ea1ng l\u01b0\u1edbi Help Me Grow WA t\u1eadn d\u1ee5ng ngu\u1ed3n t\u00e0i tr\u1ee3 \u0111\u1ec3 h\u1ed7 tr\u1ee3 c\u00e1c n\u1ed7 l\u1ef1c Help Me Grow t\u1ea1i \u0111\u1ecba ph\u01b0\u01a1ng<\/h3>\n\t\t\t\t\t\t\t\t<div class=\"summary\"> Th\u00f4ng qua Kho\u1ea3n t\u00e0i tr\u1ee3 Ph\u00e1t tri\u1ec3n M\u1ea7m non (PDG) \u0111\u01b0\u1ee3c trao cho S\u1edf Tr\u1ebb em, Thanh thi\u1ebfu ni\u00ean v\u00e0 Gia \u0111\u00ecnh Ti\u1ec3u bang Washington (DCYF) v\u1edbi s\u1ed1 ti\u1ec1n ch\u01b0a chi ti\u00eau h\u1ebft, ch\u01b0\u01a1ng tr\u00ecnh Help Me Grow Washington \u0111\u00e3 nh\u1eadn \u0111\u01b0\u1ee3c t\u1ed5ng c\u1ed9ng $100.000 \u0111\u1ec3 \u0111\u1ea7u t\u01b0 v\u00e0o c\u00e1c c\u1ed9ng \u0111\u1ed3ng \u0111ang t\u00ecm hi\u1ec3u ho\u1eb7c tri\u1ec3n khai ch\u01b0\u01a1ng tr\u00ecnh Help Me Grow \u1edf c\u1ea5p \u0111\u1ecba ph\u01b0\u01a1ng. B\u1ed1n c\u1ed9ng \u0111\u1ed3ng \u0111\u00e3 \u0111\u01b0\u1ee3c t\u00e0i tr\u1ee3 th\u00f4ng qua c\u01a1 h\u1ed9i n\u00e0y, bao g\u1ed3m: Island, Grays Harbor, Skagit v\u00e0 Whatcom. Kho\u1ea3n t\u00e0i tr\u1ee3 n\u00e0y \u0111\u00e3 k\u1ebft th\u00fac v\u00e0o ng\u00e0y 30 th\u00e1ng 9 n\u0103m 2025.  <\/div>\n\t\t\t\t\t\t\t<\/div>\n\t\t\t\t\t\t\t<div class=\"more\">\n\t\t\t\t\t\t\t\t\u0110\u1ecdc th\u00eam\n\t\t\t\t\t\t\t\t<svg class=\"arrow\" aria-hidden=\"true\" focusable=\"false\" data-prefix=\"fas\" data-icon=\"long-arrow-right\" role=\"img\" xmlns=\"http:\/\/www.w3.org\/2000\/svg\" viewbox=\"0 0 448 512\"><path fill=\"#ababab\" d=\"M254.544 154.427L320.118 220H24c-13.255 0-24 10.745-24 24v24c0 13.255 10.745 24 24 24h296.118l-65.574 65.573c-9.373 9.373-9.373 24.569 0 33.941l16.971 16.971c9.373 9.373 24.569 9.373 33.941 0L440.97 272.97c9.373-9.373 9.373-24.569 0-33.941L305.456 103.515c-9.373-9.373-24.569-9.373-33.941 0l-16.971 16.971c-9.373 9.372-9.373 24.568 0 33.941z\"><\/path><\/svg>\n\t\t\t\t\t\t\t<\/div>\n\t\t\t\t\t\t<\/div>\n\t\t\t\t\t<\/a>\n\t\t\t\t\t\t\t\t\t\t\t\t\t\t\t\t\t\t\t\t\t\t\t\t\t\t\t\t\t\t<a class=\"article\" href=\"https:\/\/helpmegrowwa.org\/vi\/news\/2025-federal-government-shutdown-what-you-need-to-know\">\n\t\t\t\t\t\t\t\t\t\t\t<div class=\"picture\">\n\t\t\t\t\t\t\t\t\t\t\t\t\t\t<img decoding=\"async\" src=\"https:\/\/helpmegrowwa.org\/wp-content\/uploads\/2025\/10\/NEWS-STORY-TITLE-e1761931806744-260x180.png\" srcset=\"https:\/\/helpmegrowwa.org\/wp-content\/uploads\/2025\/10\/NEWS-STORY-TITLE-e1761931806744-260x180.png 260w, https:\/\/helpmegrowwa.org\/wp-content\/uploads\/2025\/10\/NEWS-STORY-TITLE-e1761931806744-520x360.png 520w\" sizes=\"260px\">\n\t\t\t\t\t\t\t\t\t\t\t\t\t\t\t<div class=\"type-label\">Tin t\u1ee9c<\/div>\n\t\t\t\t\t\t\t\t\t\t\t\t\t<\/div>\n\t\t\t\t\t\t<div class=\"content\">\n\t\t\t\t\t\t\t\t\t\t\t\t\t\t\t<div class=\"date\">Th\u00e1ng M\u01b0\u1eddi 31, 2025<\/div>\n\t\t\t\t\t\t\t\t\t\t\t\t\t\t<div class=\"text\">\n\t\t\t\t\t\t\t\t<h3 class=\"title\">Ch\u00ednh ph\u1ee7 li\u00ean bang \u0111\u00f3ng c\u1eeda n\u0103m 2025: Nh\u1eefng \u0111i\u1ec1u b\u1ea1n c\u1ea7n bi\u1ebft<\/h3>\n\t\t\t\t\t\t\t\t<div class=\"summary\">Vi\u1ec7c ch\u00ednh ph\u1ee7 li\u00ean bang \u0111\u00f3ng c\u1eeda c\u00f3 th\u1ec3 \u1ea3nh h\u01b0\u1edfng \u0111\u1ebfn c\u00e1c ph\u00fac l\u1ee3i nh\u01b0 SNAP v\u00e0 WIC. T\u00ecm hi\u1ec3u nh\u1eefng ch\u01b0\u01a1ng tr\u00ecnh n\u00e0o b\u1ecb \u1ea3nh h\u01b0\u1edfng v\u00e0 t\u00ecm ki\u1ebfm ngu\u1ed3n th\u1ef1c ph\u1ea9m v\u00e0 h\u1ed7 tr\u1ee3 gia \u0111\u00ecnh t\u1ea1i \u0111\u1ecba ph\u01b0\u01a1ng.<\/div>\n\t\t\t\t\t\t\t<\/div>\n\t\t\t\t\t\t\t<div class=\"more\">\n\t\t\t\t\t\t\t\t\u0110\u1ecdc th\u00eam\n\t\t\t\t\t\t\t\t<svg class=\"arrow\" aria-hidden=\"true\" focusable=\"false\" data-prefix=\"fas\" data-icon=\"long-arrow-right\" role=\"img\" xmlns=\"http:\/\/www.w3.org\/2000\/svg\" viewbox=\"0 0 448 512\"><path fill=\"#ababab\" d=\"M254.544 154.427L320.118 220H24c-13.255 0-24 10.745-24 24v24c0 13.255 10.745 24 24 24h296.118l-65.574 65.573c-9.373 9.373-9.373 24.569 0 33.941l16.971 16.971c9.373 9.373 24.569 9.373 33.941 0L440.97 272.97c9.373-9.373 9.373-24.569 0-33.941L305.456 103.515c-9.373-9.373-24.569-9.373-33.941 0l-16.971 16.971c-9.373 9.372-9.373 24.568 0 33.941z\"><\/path><\/svg>\n\t\t\t\t\t\t\t<\/div>\n\t\t\t\t\t\t<\/div>\n\t\t\t\t\t<\/a>\n\t\t\t\t\t\t\t\t\n\t\t\t\t\t\t\t\n\t\t<\/div>\n\t<\/div>\n\t<script>\n\t\n\t(function($) {\n\t\n\t\t\/\/ Get the block ID\n\t\tvar id = \"#block_87a43c93946f2fc4bf03740dc9434323\";\n\t\t\n\t\t\/\/ Reveal foreground elements\n\t\tScrollReveal().reveal(id + \" .article\", {origin: \"bottom\", distance: \"20px\", duration: 1000, viewFactor: 0.2, interval: 100, reset: false});\n\t\t\n\t})(jQuery)\n\t\n\t<\/script>\t\n<\/div>","protected":false},"excerpt":{"rendered":"","protected":false},"author":2,"featured_media":0,"parent":0,"menu_order":1,"comment_status":"closed","ping_status":"closed","template":"","meta":{"_acf_changed":false,"footnotes":""},"acf":[],"_links":{"self":[{"href":"https:\/\/helpmegrowwa.org\/vi\/wp-json\/wp\/v2\/pages\/12"}],"collection":[{"href":"https:\/\/helpmegrowwa.org\/vi\/wp-json\/wp\/v2\/pages"}],"about":[{"href":"https:\/\/helpmegrowwa.org\/vi\/wp-json\/wp\/v2\/types\/page"}],"author":[{"embeddable":true,"href":"https:\/\/helpmegrowwa.org\/vi\/wp-json\/wp\/v2\/users\/2"}],"replies":[{"embeddable":true,"href":"https:\/\/helpmegrowwa.org\/vi\/wp-json\/wp\/v2\/comments?post=12"}],"version-history":[{"count":614,"href":"https:\/\/helpmegrowwa.org\/vi\/wp-json\/wp\/v2\/pages\/12\/revisions"}],"predecessor-version":[{"id":13380,"href":"https:\/\/helpmegrowwa.org\/vi\/wp-json\/wp\/v2\/pages\/12\/revisions\/13380"}],"wp:attachment":[{"href":"https:\/\/helpmegrowwa.org\/vi\/wp-json\/wp\/v2\/media?parent=12"}],"curies":[{"name":"wp","href":"https:\/\/api.w.org\/{rel}","templated":true}]}}