{"id":12018,"date":"2025-09-02T15:39:22","date_gmt":"2025-09-02T15:39:22","guid":{"rendered":"https:\/\/helpmegrowwa.org\/?page_id=12018"},"modified":"2025-09-17T22:18:50","modified_gmt":"2025-09-17T22:18:50","slug":"resource-directory-team","status":"publish","type":"page","link":"https:\/\/helpmegrowwa.org\/vi\/resource-directory-team","title":{"rendered":"Nh\u00f3m th\u01b0 m\u1ee5c t\u00e0i nguy\u00ean"},"content":{"rendered":"<div id=\"block_9fb2129f50c61d00229b545743efcd69\" class=\"fifty-fifty-block dark-purple right fifty-fifty-banner\">\n\t<img decoding=\"async\" class=\"flower-graphic\" src=\"https:\/\/helpmegrowwa.org\/wp-content\/themes\/helpmegrowwa\/images\/banner-text-shapes.svg\">\n\t<div class=\"info\">\n\t\t<div class=\"container regular center\">\n\t\t\t<h1>L\u00e0m vi\u1ec7c v\u1edbi nh\u00f3m th\u01b0 m\u1ee5c t\u00e0i nguy\u00ean c\u1ee7a ch\u00fang t\u00f4i<\/h1>\n\t\t\t\t\t<\/div>\n\t<\/div>\n\t\t<div class=\"image\" style=\"background-image: url(https:\/\/helpmegrowwa.org\/wp-content\/uploads\/2023\/09\/Coalitions-and-Collaboratives-Partnerships-Help-Me-Grow-Wa.jpg);background-position: top left;\">\n\t\t\t\t\t<img decoding=\"async\" class=\"corner\" src=\"https:\/\/helpmegrowwa.org\/wp-content\/themes\/helpmegrowwa\/images\/fifty-fifty-corner-piece.svg\">\n\t\t\t\t\t<\/div>\n\t<script>\n\t(function($) {\n\t\t\/\/ Get the block ID\n\t\tvar id = \"#block_9fb2129f50c61d00229b545743efcd69\";\n\t\t\/\/ Reveal the block\n\t\tvar container = document.documentElement;\n\t\tScrollReveal().reveal(id + \".left .image\", {origin: \"left\", distance: \"20px\", duration: 1000});\n\t\tScrollReveal().reveal(id + \".left .info .container\", {origin: \"right\", distance: \"20px\", duration: 1000});\n\t\tScrollReveal().reveal(id + \".right .image\", {origin: \"right\", distance: \"20px\", duration: 1000});\n\t\tScrollReveal().reveal(id + \".right .info .container\", {origin: \"left\", distance: \"20px\", duration: 1000});\n\t}(jQuery))\n\t<\/script>\n<\/div>\n\n<div id=\"block_4a50cd02eee8f53e6a871ce991ba3d8e\" class=\"text-block light-gray large center\">\n\t<div class=\"container one-column full\">\n\t\t<h1><span style=\"color: #561553;\">\u0110\u1ed9i ng\u0169 c\u1ee7a ch\u00fang t\u00f4i l\u00e0m g\u00ec<\/span><\/h1>\n<p>Ch\u00fang t\u00f4i thu th\u1eadp v\u00e0 x\u00e1c minh th\u00f4ng tin v\u1ec1 c\u00e1c ch\u01b0\u01a1ng tr\u00ecnh v\u00e0 d\u1ecbch v\u1ee5 h\u1ed7 tr\u1ee3 c\u00e1c gia \u0111\u00ecnh c\u00f3 tr\u1ebb nh\u1ecf, t\u1eeb ch\u0103m s\u00f3c s\u1ee9c kh\u1ecfe v\u00e0 gi\u00e1o d\u1ee5c s\u1edbm \u0111\u1ebfn \u0111\u1ed3 d\u00f9ng cho tr\u1ebb s\u01a1 sinh v\u00e0 h\u1ed7 tr\u1ee3 th\u1ef1c ph\u1ea9m. T\u00ecm hi\u1ec3u th\u00eam v\u1ec1 <a href=\"https:\/\/helpmegrowwa.org\/wp-content\/uploads\/2023\/10\/CAP-Essential-Services-2023-24_Branded.pdf\">c\u00e1c d\u1ecbch v\u1ee5 thi\u1ebft y\u1ebfu<\/a> Help Me Grow c\u00f3 th\u1ec3 h\u1ed7 tr\u1ee3 c\u00e1c gia \u0111\u00ecnh c\u00f3.<\/p>\n\t<\/div>\n\t<script>\n\t\t(function($) {\n\t\t\t\/\/ Get the block ID\n\t\t\tvar id = \"#block_4a50cd02eee8f53e6a871ce991ba3d8e\";\n\t\t\t\/\/ Reveal the block\n\t\t\tvar container = document.documentElement;\n\t\t\tScrollReveal().reveal(id + \" .container\", {origin: \"bottom\", distance: \"20px\", duration: 1000, container: container});\n\t\t}(jQuery))\n\t<\/script>\n<\/div>\n\n<div id=\"block_a5c1e25781eb44ba91dba259df66ed8b\" class=\"tile-block light-gray\">\n\t<div class=\"container left\">\n\t\t<div class=\"image\">\n\t\t\t<div class=\"wrapper\">\n\t\t\t\t\t\t\t\t<img decoding=\"async\" src=\"https:\/\/helpmegrowwa.org\/wp-content\/uploads\/2023\/10\/Childrens-Developmental-Screening-Help-Me-Grow-Wa-555x392.jpg\" srcset=\"https:\/\/helpmegrowwa.org\/wp-content\/uploads\/2023\/10\/Childrens-Developmental-Screening-Help-Me-Grow-Wa-555x392.jpg 555w, https:\/\/helpmegrowwa.org\/wp-content\/uploads\/2023\/10\/Childrens-Developmental-Screening-Help-Me-Grow-Wa-1110x784.jpg 1110w\" sizes=\"555px\">\n\t\t\t<\/div>\n\t\t<\/div>\n\t\t<div class=\"text\">\n\t\t\t\t\t\t<h3><span style=\"color: #561553; font-size:24px;\">Gi\u00fap c\u00e1c gia \u0111\u00ecnh t\u00ecm \u0111\u01b0\u1ee3c s\u1ef1 h\u1ed7 tr\u1ee3<\/span><\/h3>\n<p>Danh b\u1ea1 T\u00e0i nguy\u00ean c\u1ee7a ch\u00fang t\u00f4i l\u00e0 m\u1ed9t c\u00f4ng c\u1ee5 thi\u1ebft y\u1ebfu \u0111\u01b0\u1ee3c c\u00e1c \u0110i\u1ec1u ph\u1ed1i vi\u00ean T\u00e0i nguy\u00ean Help Me Grow s\u1eed d\u1ee5ng \u0111\u1ec3 k\u1ebft n\u1ed1i c\u00e1c gia \u0111\u00ecnh v\u1edbi c\u00e1c d\u1ecbch v\u1ee5 h\u1ecd c\u1ea7n. Danh b\u1ea1 n\u00e0y c\u0169ng c\u00f3 s\u1eb5n cho c\u00f4ng ch\u00fang th\u00f4ng qua <a href=\"https:\/\/resources.helpmegrowwa.org\/\">Tr\u00ecnh t\u00ecm t\u00e0i nguy\u00ean ParentHelp123<\/a>gi\u00fap c\u00e1c gia \u0111\u00ecnh d\u1ec5 d\u00e0ng h\u01a1n bao gi\u1edd h\u1ebft trong vi\u1ec7c kh\u00e1m ph\u00e1 c\u00e1c ch\u01b0\u01a1ng tr\u00ecnh, d\u1ecbch v\u1ee5 v\u00e0 l\u1ef1a ch\u1ecdn h\u1ed7 tr\u1ee3 t\u1ea1i \u0111\u1ecba ph\u01b0\u01a1ng.<\/p>\n\t\t<\/div>\n\t<\/div>\n\t<script>\n\t(function($) {\n\t\t\/\/ Get the block ID\n\t\tvar id = \"#block_a5c1e25781eb44ba91dba259df66ed8b\";\n\t\t\/\/ Reveal the block\n\t\tvar container = document.documentElement;\n\t\tScrollReveal().reveal(id + \" .container.left .image\", {origin: \"left\", distance: \"20px\", duration: 1000, container: container});\n\t\tScrollReveal().reveal(id + \" .container.left .text\", {origin: \"right\", distance: \"20px\", duration: 1000, container: container});\n\t\tScrollReveal().reveal(id + \" .container.right .image\", {origin: \"right\", distance: \"20px\", duration: 1000, container: container});\n\t\tScrollReveal().reveal(id + \" .container.right .text\", {origin: \"left\", distance: \"20px\", duration: 1000, container: container});\n\t}(jQuery))\n\t<\/script>\n<\/div>\n\n<div id=\"block_256f83579f64da16da4206cee92a05a1\" class=\"tile-block light-gray\">\n\t<div class=\"container right\">\n\t\t<div class=\"image\">\n\t\t\t<div class=\"wrapper\">\n\t\t\t\t\t\t\t\t<img decoding=\"async\" src=\"https:\/\/helpmegrowwa.org\/wp-content\/uploads\/2023\/09\/Our-Story-Help-Me-Grow-Washington-555x392.jpg\" srcset=\"https:\/\/helpmegrowwa.org\/wp-content\/uploads\/2023\/09\/Our-Story-Help-Me-Grow-Washington-555x392.jpg 555w, https:\/\/helpmegrowwa.org\/wp-content\/uploads\/2023\/09\/Our-Story-Help-Me-Grow-Washington-1110x784.jpg 1110w\" sizes=\"555px\">\n\t\t\t<\/div>\n\t\t<\/div>\n\t\t<div class=\"text\">\n\t\t\t\t\t\t<h3><span style=\"color: #561553; font-size:24px;\">H\u1ee3p t\u00e1c v\u1edbi c\u00e1c \u0111\u1ed1i t\u00e1c c\u1ed9ng \u0111\u1ed3ng<\/span><\/h3>\n<p>Ch\u00fang t\u00f4i h\u1ee3p t\u00e1c v\u1edbi c\u00e1c c\u01a1 quan \u0111\u1ecba ph\u01b0\u01a1ng \u0111\u1ec3 \u0111\u1ea3m b\u1ea3o c\u00e1c ngu\u1ed3n l\u1ef1c c\u1ed9ng \u0111\u1ed3ng c\u1ee7a h\u1ecd \u0111\u01b0\u1ee3c th\u1ec3 hi\u1ec7n ch\u00ednh x\u00e1c trong Danh m\u1ee5c Ngu\u1ed3n l\u1ef1c. \u0110\u1ed9i ng\u0169 c\u1ee7a ch\u00fang t\u00f4i th\u01b0\u1eddng xuy\u00ean k\u1ebft n\u1ed1i v\u1edbi c\u00e1c nh\u00e0 cung c\u1ea5p d\u1ecbch v\u1ee5 tr\u00ean kh\u1eafp Washington \u0111\u1ec3 \u0111\u1ea3m b\u1ea3o danh s\u00e1ch lu\u00f4n \u0111\u01b0\u1ee3c c\u1eadp nh\u1eadt, v\u1edbi m\u1ee5c ti\u00eau li\u00ean h\u1ec7 v\u1edbi t\u1eebng ngu\u1ed3n l\u1ef1c \u00edt nh\u1ea5t m\u1ed9t l\u1ea7n m\u1ed7i n\u0103m.<\/p>\n\t\t<\/div>\n\t<\/div>\n\t<script>\n\t(function($) {\n\t\t\/\/ Get the block ID\n\t\tvar id = \"#block_256f83579f64da16da4206cee92a05a1\";\n\t\t\/\/ Reveal the block\n\t\tvar container = document.documentElement;\n\t\tScrollReveal().reveal(id + \" .container.left .image\", {origin: \"left\", distance: \"20px\", duration: 1000, container: container});\n\t\tScrollReveal().reveal(id + \" .container.left .text\", {origin: \"right\", distance: \"20px\", duration: 1000, container: container});\n\t\tScrollReveal().reveal(id + \" .container.right .image\", {origin: \"right\", distance: \"20px\", duration: 1000, container: container});\n\t\tScrollReveal().reveal(id + \" .container.right .text\", {origin: \"left\", distance: \"20px\", duration: 1000, container: container});\n\t}(jQuery))\n\t<\/script>\n<\/div>\n\n<div id=\"block_e4843698f934663b95d744bda90bdb2e\" class=\"tile-block light-gray\">\n\t<div class=\"container left\">\n\t\t<div class=\"image\">\n\t\t\t<div class=\"wrapper\">\n\t\t\t\t\t\t\t\t<img decoding=\"async\" src=\"https:\/\/helpmegrowwa.org\/wp-content\/uploads\/2023\/11\/Health-Insurance-Qualified-Health-Plans-Help-Me-Grow-Washington-555x392.jpg\" srcset=\"https:\/\/helpmegrowwa.org\/wp-content\/uploads\/2023\/11\/Health-Insurance-Qualified-Health-Plans-Help-Me-Grow-Washington-555x392.jpg 555w, https:\/\/helpmegrowwa.org\/wp-content\/uploads\/2023\/11\/Health-Insurance-Qualified-Health-Plans-Help-Me-Grow-Washington-1110x784.jpg 1110w\" sizes=\"555px\">\n\t\t\t<\/div>\n\t\t<\/div>\n\t\t<div class=\"text\">\n\t\t\t\t\t\t<h3><span style=\"color: #561553; font-size:24px;\">L\u00e0m cho th\u00f4ng tin c\u00f3 th\u1ec3 truy c\u1eadp \u0111\u01b0\u1ee3c<\/span><\/h3>\n<p>Resource Finder \u0111\u01b0\u1ee3c t\u00e0i tr\u1ee3 th\u00f4ng qua s\u1ef1 k\u1ebft h\u1ee3p gi\u1eefa c\u00e1c ngu\u1ed3n ti\u1ec3u bang, \u0111\u1ecba ph\u01b0\u01a1ng v\u00e0 t\u01b0 nh\u00e2n. Ch\u00fang t\u00f4i kh\u00f4ng nh\u1eadn doanh thu qu\u1ea3ng c\u00e1o, cho ph\u00e9p \u0111\u1ed9i ng\u0169 c\u1ee7a ch\u00fang t\u00f4i t\u1eadp trung ho\u00e0n to\u00e0n v\u00e0o vi\u1ec7c cung c\u1ea5p th\u00f4ng tin t\u00e0i nguy\u00ean d\u1ec5 ti\u1ebfp c\u1eadn v\u00e0 kh\u00e1ch quan cho ph\u1ee5 huynh v\u00e0 ng\u01b0\u1eddi ch\u0103m s\u00f3c.<\/p>\n\t\t<\/div>\n\t<\/div>\n\t<script>\n\t(function($) {\n\t\t\/\/ Get the block ID\n\t\tvar id = \"#block_e4843698f934663b95d744bda90bdb2e\";\n\t\t\/\/ Reveal the block\n\t\tvar container = document.documentElement;\n\t\tScrollReveal().reveal(id + \" .container.left .image\", {origin: \"left\", distance: \"20px\", duration: 1000, container: container});\n\t\tScrollReveal().reveal(id + \" .container.left .text\", {origin: \"right\", distance: \"20px\", duration: 1000, container: container});\n\t\tScrollReveal().reveal(id + \" .container.right .image\", {origin: \"right\", distance: \"20px\", duration: 1000, container: container});\n\t\tScrollReveal().reveal(id + \" .container.right .text\", {origin: \"left\", distance: \"20px\", duration: 1000, container: container});\n\t}(jQuery))\n\t<\/script>\n<\/div>\n\n<div id=\"block_a317996a07d70d62ac1a1ec1a287a363\" class=\"text-block white large center\">\n\t<div class=\"container one-column full\">\n\t\t<h2><span style=\"color: #561553;\">C\u1eadp nh\u1eadt t\u00e0i nguy\u00ean<\/span><\/h2>\n<p>Ch\u00fang t\u00f4i mu\u1ed1n danh b\u1ea1 c\u1ee7a m\u00ecnh ch\u00ednh x\u00e1c v\u00e0 h\u1eefu \u00edch nh\u1ea5t c\u00f3 th\u1ec3 \u2014 v\u00e0 \u0111\u00f3 ch\u00ednh l\u00e0 l\u00fac b\u1ea1n c\u1ea7n gi\u00fap \u0111\u1ee1! N\u1ebfu b\u1ea1n l\u00e0 nh\u00e0 cung c\u1ea5p d\u1ecbch v\u1ee5 ho\u1eb7c \u0111\u1ed1i t\u00e1c c\u1ed9ng \u0111\u1ed3ng v\u00e0 nh\u1eadn th\u1ea5y th\u00f4ng tin c\u1ee7a m\u00ecnh \u0111\u00e3 l\u1ed7i th\u1eddi, h\u00e3y c\u1eadp nh\u1eadt danh s\u00e1ch c\u1ee7a b\u1ea1n theo c\u00e1ch sau:<\/p>\n\t<\/div>\n\t<script>\n\t\t(function($) {\n\t\t\t\/\/ Get the block ID\n\t\t\tvar id = \"#block_a317996a07d70d62ac1a1ec1a287a363\";\n\t\t\t\/\/ Reveal the block\n\t\t\tvar container = document.documentElement;\n\t\t\tScrollReveal().reveal(id + \" .container\", {origin: \"bottom\", distance: \"20px\", duration: 1000, container: container});\n\t\t}(jQuery))\n\t<\/script>\n<\/div>\n\n<div id=\"block_539fe9a7a2815df94de5809a82ec4fd9\" class=\"icon-bullets-block white\">\n\t<div class=\"container\">\n\t\t\t\t\t<div class=\"icon-bullet\">\n\t\t\t\t\t\t\t\t<div class=\"image-wrapper\">\n\t\t\t\t\t<img decoding=\"async\" src=\"https:\/\/helpmegrowwa.org\/wp-content\/uploads\/2023\/09\/icon-family-community-outreach.svg\">\n\t\t\t\t<\/div>\n\t\t\t\t\t\t\t\t<div class=\"writing-wrapper\">\n\t\t\t\t\t\t\t\t\t\t\t<div><p><b><a href=\"https:\/\/helpmegrowwa.org\/vi\/share-resources\/\">G\u1eedi y\u00eau c\u1ea7u c\u1eadp nh\u1eadt ho\u1eb7c danh s\u00e1ch m\u1edbi.<\/a><\/b> N\u1ebfu t\u1ed5 ch\u1ee9c c\u1ee7a b\u1ea1n \u0111\u00e3 c\u00f3 trong danh m\u1ee5c t\u00e0i nguy\u00ean, nh\u00f3m c\u1ee7a ch\u00fang t\u00f4i c\u00f3 th\u1ec3 li\u00ean h\u1ec7 \u0111\u1ec3 x\u00e1c minh th\u00f4ng tin c\u1ee7a b\u1ea1n qua email.<\/p>\n<\/div>\n\t\t\t\t\t\t\t\t\t<\/div>\n\t\t\t<\/div>\n\t\t\t\t\t<div class=\"icon-bullet\">\n\t\t\t\t\t\t\t\t<div class=\"image-wrapper\">\n\t\t\t\t\t<img decoding=\"async\" src=\"https:\/\/helpmegrowwa.org\/wp-content\/uploads\/2023\/09\/icon-screening.svg\">\n\t\t\t\t<\/div>\n\t\t\t\t\t\t\t\t<div class=\"writing-wrapper\">\n\t\t\t\t\t\t\t\t\t\t\t<div><p><b>Nh\u00f3m c\u1ee7a ch\u00fang t\u00f4i s\u1ebd xem x\u00e9t.<\/b> Ch\u00fang t\u00f4i s\u1ebd \u0111\u1ea3m b\u1ea3o danh s\u00e1ch c\u1ee7a b\u1ea1n \u0111\u01b0\u1ee3c ho\u00e0n thi\u1ec7n v\u00e0 ph\u00f9 h\u1ee3p v\u1edbi ph\u1ea1m vi danh b\u1ea1 c\u1ee7a ch\u00fang t\u00f4i. Sau khi danh b\u1ea1 \u0111\u01b0\u1ee3c th\u00eam v\u00e0o, b\u1ea1n s\u1ebd \u0111\u01b0\u1ee3c li\u1ec7t k\u00ea l\u00e0 ng\u01b0\u1eddi li\u00ean h\u1ec7 ch\u00ednh v\u00e0 s\u1ebd nh\u1eadn \u0111\u01b0\u1ee3c email nhanh \u0111\u1ec3 x\u00e1c nh\u1eadn \u0111\u1ecba ch\u1ec9.<\/p>\n<\/div>\n\t\t\t\t\t\t\t\t\t<\/div>\n\t\t\t<\/div>\n\t\t\t\t\t<div class=\"icon-bullet\">\n\t\t\t\t\t\t\t\t<div class=\"image-wrapper\">\n\t\t\t\t\t<img decoding=\"async\" src=\"https:\/\/helpmegrowwa.org\/wp-content\/uploads\/2023\/09\/icon-newsletter.svg\">\n\t\t\t\t<\/div>\n\t\t\t\t\t\t\t\t<div class=\"writing-wrapper\">\n\t\t\t\t\t\t\t\t\t\t\t<div><p><b>H\u00e3y ch\u00fa \u00fd \u0111\u1ebfn l\u1eddi nh\u1eafc nh\u1edf h\u00e0ng n\u0103m.<\/b> M\u1ed7i n\u0103m, b\u1ea1n s\u1ebd nh\u1eadn \u0111\u01b0\u1ee3c m\u1ed9t email t\u1eeb ch\u00fang t\u00f4i c\u00f3 ti\u00eau \u0111\u1ec1 <i>\u201cTh\u00f4ng tin c\u1ee7a t\u1ed5 ch\u1ee9c b\u1ea1n c\u1ea7n \u0111\u01b0\u1ee3c x\u00e1c minh trong Danh m\u1ee5c t\u00e0i nguy\u00ean HMG.\u201d<\/i> N\u00f3 s\u1ebd bao g\u1ed3m m\u1ed9t li\u00ean k\u1ebft \u0111\u1ebfn B\u1ea3ng \u0111i\u1ec1u khi\u1ec3n c\u1ee7a b\u1ea1n \u0111\u1ec3 b\u1ea1n c\u00f3 th\u1ec3 xem l\u1ea1i v\u00e0 c\u1eadp nh\u1eadt th\u00f4ng tin c\u1ee7a m\u00ecnh. <\/p>\n<\/div>\n\t\t\t\t\t\t\t\t\t<\/div>\n\t\t\t<\/div>\n\t\t\t\t\t<div class=\"icon-bullet\">\n\t\t\t\t\t\t\t\t<div class=\"image-wrapper\">\n\t\t\t\t\t<img decoding=\"async\" src=\"https:\/\/helpmegrowwa.org\/wp-content\/uploads\/2023\/08\/icon-support-groups.svg\">\n\t\t\t\t<\/div>\n\t\t\t\t\t\t\t\t<div class=\"writing-wrapper\">\n\t\t\t\t\t\t\t\t\t\t\t<div><p><b>S\u1eed d\u1ee5ng B\u1ea3ng \u0111i\u1ec1u khi\u1ec3n \u0111\u1ec3 th\u1ef1c hi\u1ec7n thay \u0111\u1ed5i.<\/b> B\u1ea3ng \u0111i\u1ec1u khi\u1ec3n c\u1ee7a b\u1ea1n hi\u1ec3n th\u1ecb t\u1ea5t c\u1ea3 c\u00e1c danh s\u00e1ch m\u00e0 b\u1ea1n \u0111\u01b0\u1ee3c li\u1ec7t k\u00ea l\u00e0 ng\u01b0\u1eddi li\u00ean h\u1ec7. Ch\u1ec9 c\u1ea7n nh\u1ea5p v\u00e0o t\u1eebng li\u00ean k\u1ebft \u0111\u1ec3 c\u1eadp nh\u1eadt h\u1ed3 s\u01a1. N\u1ebfu kh\u00f4ng c\u00f3 g\u00ec thay \u0111\u1ed5i, ch\u1ec9 c\u1ea7n ch\u1ecdn &quot;Kh\u00f4ng c\u00f3 g\u00ec \u0111\u1ec3 c\u1eadp nh\u1eadt&quot;. N\u1ebfu ng\u01b0\u1eddi kh\u00e1c n\u00ean l\u00e0 ng\u01b0\u1eddi li\u00ean h\u1ec7, b\u1ea1n c\u0169ng c\u00f3 th\u1ec3 c\u1eadp nh\u1eadt \u0111\u1ecba ch\u1ec9 email t\u1ea1i \u0111\u00f3.<\/p>\n<\/div>\n\t\t\t\t\t\t\t\t\t<\/div>\n\t\t\t<\/div>\n\t\t\t\t\t<div class=\"icon-bullet\">\n\t\t\t\t\t\t\t\t<div class=\"writing-wrapper\">\n\t\t\t\t\t\t\t\t\t<\/div>\n\t\t\t<\/div>\n\t\t\t<\/div>\n\t<script>\n\t(function($) {\n\t\t\/\/ Get the block ID\n\t\tvar id = \"#block_539fe9a7a2815df94de5809a82ec4fd9\";\n\t\t\/\/ Reveal the block\n\t\tvar container = document.documentElement;\n\t\tScrollReveal().reveal(id + \" .container .icon-bullet\", {origin: \"bottom\", distance: \"20px\", duration: 1000, container: container});\n\t}(jQuery))\n\t<\/script>\n<\/div>\n\n<div id=\"block_4e04be7699282f7653672c637ae22d33\" class=\"text-block white large center\">\n\t<div class=\"container one-column narrow\">\n\t\t<h2><span style=\"color: #561553;\">G\u1eb7p g\u1ee1 \u0111\u1ed9i ng\u0169 c\u1ee7a ch\u00fang t\u00f4i<\/span><\/h2>\n\t<\/div>\n\t<script>\n\t\t(function($) {\n\t\t\t\/\/ Get the block ID\n\t\t\tvar id = \"#block_4e04be7699282f7653672c637ae22d33\";\n\t\t\t\/\/ Reveal the block\n\t\t\tvar container = document.documentElement;\n\t\t\tScrollReveal().reveal(id + \" .container\", {origin: \"bottom\", distance: \"20px\", duration: 1000, container: container});\n\t\t}(jQuery))\n\t<\/script>\n<\/div>\n\n<div id=\"block_ef19a971a3a96b134694dd77d55713e2\" class=\"boxes-block white square\">\n\t<div class=\"boxes-wrapper\">\n\t\t<div class=\"boxes\">\n\t\t\t\t\t<div class=\"container\">\n\t\t\t\t\n\t\t\t\t\t\t\t\t\t\t\t\t\t\t\t\t\t\t\t\t\t<a class=\"box white center border-light-gray small\" href=\"mailto:resourcemanager@withinreachwa.org\" target=\"\">\n\t\t\t\t\t\t\t\t\t\t\t\t\t\t<div><h2><span style=\"color: #561553;\">Janna Houston<\/span><\/h2>\n<p>Gi\u00e1m s\u00e1t vi\u00ean th\u01b0 m\u1ee5c t\u00e0i nguy\u00ean<\/p>\n<\/div>\n\t\t\t\t\t\t\t\t\t\t\t\t\t\t\t<div class=\"wrapper\">\n\t\t\t\t\t\t\t\t\t<div class=\"textlink\">\n\t\t\t\t\t\t\t\t\t\tE-mail<svg class=\"arrow\" aria-hidden=\"true\" focusable=\"false\" data-prefix=\"fas\" data-icon=\"long-arrow-right\" role=\"img\" xmlns=\"http:\/\/www.w3.org\/2000\/svg\" viewbox=\"0 0 448 512\"><path fill=\"#FF671D\" d=\"M254.544 154.427L320.118 220H24c-13.255 0-24 10.745-24 24v24c0 13.255 10.745 24 24 24h296.118l-65.574 65.573c-9.373 9.373-9.373 24.569 0 33.941l16.971 16.971c9.373 9.373 24.569 9.373 33.941 0L440.97 272.97c9.373-9.373 9.373-24.569 0-33.941L305.456 103.515c-9.373-9.373-24.569-9.373-33.941 0l-16.971 16.971c-9.373 9.372-9.373 24.568 0 33.941z\"><\/path><\/svg>\n\t\t\t\t\t\t\t\t\t<\/div>\n\t\t\t\t\t\t\t\t<\/div>\n\t\t\t\t\t\t\t\t\t\t\t\t\t<\/a>\n\t\t\t\t\t\t\t\t\t\t\t\t<\/div>\n\t\t\t\t\t<div class=\"container\">\n\t\t\t\t\n\t\t\t\t\t\t\t\t\t\t\t\t\t\t\t\t\t\t\t\t\t<a class=\"box white center border-light-gray small\" href=\"mailto:resourcemanager@withinreachwa.org\" target=\"\">\n\t\t\t\t\t\t\t\t\t\t\t\t\t\t<div><h2><span style=\"color: #561553;\">Elissa Seid<\/span><\/h2>\n<p>\u0110i\u1ec1u ph\u1ed1i vi\u00ean danh m\u1ee5c t\u00e0i nguy\u00ean<\/p>\n<\/div>\n\t\t\t\t\t\t\t\t\t\t\t\t\t\t\t<div class=\"wrapper\">\n\t\t\t\t\t\t\t\t\t<div class=\"textlink\">\n\t\t\t\t\t\t\t\t\t\tE-mail<svg class=\"arrow\" aria-hidden=\"true\" focusable=\"false\" data-prefix=\"fas\" data-icon=\"long-arrow-right\" role=\"img\" xmlns=\"http:\/\/www.w3.org\/2000\/svg\" viewbox=\"0 0 448 512\"><path fill=\"#FF671D\" d=\"M254.544 154.427L320.118 220H24c-13.255 0-24 10.745-24 24v24c0 13.255 10.745 24 24 24h296.118l-65.574 65.573c-9.373 9.373-9.373 24.569 0 33.941l16.971 16.971c9.373 9.373 24.569 9.373 33.941 0L440.97 272.97c9.373-9.373 9.373-24.569 0-33.941L305.456 103.515c-9.373-9.373-24.569-9.373-33.941 0l-16.971 16.971c-9.373 9.372-9.373 24.568 0 33.941z\"><\/path><\/svg>\n\t\t\t\t\t\t\t\t\t<\/div>\n\t\t\t\t\t\t\t\t<\/div>\n\t\t\t\t\t\t\t\t\t\t\t\t\t<\/a>\n\t\t\t\t\t\t\t\t\t\t\t\t<\/div>\n\t\t\t\t<\/div>\n\t<\/div>\n\t<script>\n\t\n\t(function($) {\n\t\n\t\t\/\/ Get the block ID\n\t\tvar id = \"#block_ef19a971a3a96b134694dd77d55713e2\";\n\t\t\n\t\t$(id + \" .boxes-wrapper .boxes .box\").hover(function() {\n\t\t\t$(this).find(\".arrow\").addClass(\"hover\");\n\t\t\t$(this).find(\"img\").addClass(\"hover\");\n\t\t}, function() {\n\t\t\t$(this).find(\".arrow\").removeClass(\"hover\");\n\t\t\t$(this).find(\"img\").removeClass(\"hover\");\n\t\t});\n\t\t\n\t\t\/\/ Reveal foreground elements\n\t\tScrollReveal().reveal(id + \" .container\", {origin: \"bottom\", distance: \"20px\", duration: 1000, viewFactor: 0.2, interval: 100, reset: false});\n\t\n\t})(jQuery)\n\t\n\t<\/script>\n<\/div>","protected":false},"excerpt":{"rendered":"","protected":false},"author":55,"featured_media":0,"parent":0,"menu_order":0,"comment_status":"closed","ping_status":"closed","template":"","meta":{"_acf_changed":false,"footnotes":""},"acf":[],"_links":{"self":[{"href":"https:\/\/helpmegrowwa.org\/vi\/wp-json\/wp\/v2\/pages\/12018"}],"collection":[{"href":"https:\/\/helpmegrowwa.org\/vi\/wp-json\/wp\/v2\/pages"}],"about":[{"href":"https:\/\/helpmegrowwa.org\/vi\/wp-json\/wp\/v2\/types\/page"}],"author":[{"embeddable":true,"href":"https:\/\/helpmegrowwa.org\/vi\/wp-json\/wp\/v2\/users\/55"}],"replies":[{"embeddable":true,"href":"https:\/\/helpmegrowwa.org\/vi\/wp-json\/wp\/v2\/comments?post=12018"}],"version-history":[{"count":60,"href":"https:\/\/helpmegrowwa.org\/vi\/wp-json\/wp\/v2\/pages\/12018\/revisions"}],"predecessor-version":[{"id":12349,"href":"https:\/\/helpmegrowwa.org\/vi\/wp-json\/wp\/v2\/pages\/12018\/revisions\/12349"}],"wp:attachment":[{"href":"https:\/\/helpmegrowwa.org\/vi\/wp-json\/wp\/v2\/media?parent=12018"}],"curies":[{"name":"wp","href":"https:\/\/api.w.org\/{rel}","templated":true}]}}