{"id":12069,"date":"2025-08-18T22:47:53","date_gmt":"2025-08-18T22:47:53","guid":{"rendered":"https:\/\/helpmegrowwa.org\/?page_id=12069"},"modified":"2025-08-19T16:30:30","modified_gmt":"2025-08-19T16:30:30","slug":"wccc","status":"publish","type":"page","link":"https:\/\/helpmegrowwa.org\/vi\/wccc","title":{"rendered":"Ch\u0103m s\u00f3c tr\u1ebb em Working Connections (WCCC)"},"content":{"rendered":"<div id=\"block_57c6b03f109d803fccd4709a7016f57e\" class=\"fifty-fifty-block dark-purple right fifty-fifty-banner\">\n\t<img decoding=\"async\" class=\"flower-graphic\" src=\"https:\/\/helpmegrowwa.org\/wp-content\/themes\/helpmegrowwa\/images\/banner-text-shapes.svg\">\n\t<div class=\"info\">\n\t\t<div class=\"container regular center\">\n\t\t\t<h1>C\u1ea7n tr\u1ee3 gi\u00fap \u0111\u1ec3 tr\u1ea3 ti\u1ec1n ch\u0103m s\u00f3c tr\u1ebb em?<\/h1>\n\t\t\t\t\t<\/div>\n\t<\/div>\n\t\t<div class=\"image\" style=\"background-image: url(https:\/\/helpmegrowwa.org\/wp-content\/uploads\/2023\/10\/Get-Connected-To-Help-Me-Grow-Washington.jpg);background-position: center left;\">\n\t\t\t\t\t<img decoding=\"async\" class=\"corner\" src=\"https:\/\/helpmegrowwa.org\/wp-content\/themes\/helpmegrowwa\/images\/fifty-fifty-corner-piece.svg\">\n\t\t\t\t\t<\/div>\n\t<script>\n\t(function($) {\n\t\t\/\/ Get the block ID\n\t\tvar id = \"#block_57c6b03f109d803fccd4709a7016f57e\";\n\t\t\/\/ Reveal the block\n\t\tvar container = document.documentElement;\n\t\tScrollReveal().reveal(id + \".left .image\", {origin: \"left\", distance: \"20px\", duration: 1000});\n\t\tScrollReveal().reveal(id + \".left .info .container\", {origin: \"right\", distance: \"20px\", duration: 1000});\n\t\tScrollReveal().reveal(id + \".right .image\", {origin: \"right\", distance: \"20px\", duration: 1000});\n\t\tScrollReveal().reveal(id + \".right .info .container\", {origin: \"left\", distance: \"20px\", duration: 1000});\n\t}(jQuery))\n\t<\/script>\n<\/div>\n\n<div id=\"block_8f4965336311aaa61220e118d0936c0a\" class=\"text-block white large left\">\n\t<div class=\"container one-column full\">\n\t\t<p><b><span data-contrast=\"none\">Ch\u0103m s\u00f3c tr\u1ebb em Working Connections (WCCC)<\/span><\/b><span data-contrast=\"none\"> gi\u00fap c\u00e1c gia \u0111\u00ecnh \u0111\u1ee7 \u0111i\u1ec1u ki\u1ec7n chi tr\u1ea3 chi ph\u00ed ch\u0103m s\u00f3c tr\u1ebb em.<\/span><span data-ccp-props=\"{&quot;134233117&quot;:false,&quot;134233118&quot;:false,&quot;335551550&quot;:1,&quot;335551620&quot;:1,&quot;335557856&quot;:16448250,&quot;335559738&quot;:120,&quot;335559739&quot;:60}\">\u00a0<\/span><\/p>\n<p><span data-contrast=\"none\">N\u1ebfu b\u1ea1n c\u1ea7n tr\u1ee3 gi\u00fap \u0111\u1ec3 n\u1ed9p \u0111\u01a1n v\u00e0\/ho\u1eb7c hi\u1ec3u v\u1ec1 \u0111i\u1ec1u ki\u1ec7n \u0111\u1ee7 t\u01b0 c\u00e1ch, h\u00e3y li\u00ean h\u1ec7\u00a0<strong>Ch\u0103m s\u00f3c tr\u1ebb em t\u1ea1i Trung t\u00e2m Gia \u0111\u00ecnh Washington<\/strong> T\u1ea1i\u00a0<a href=\"tel:1-800-446-1114\">1-800-446-1114<\/a><\/span><\/p>\n<p>H\u1ecd c\u00f3 th\u1ec3:<\/p>\n<ul>\n<li>Gi\u1ea3i th\u00edch quy tr\u00ecnh n\u1ed9p \u0111\u01a1n xin WCCC<\/li>\n<li>Gi\u00fap b\u1ea1n hi\u1ec3u li\u1ec7u b\u1ea1n c\u00f3 \u0111\u1ee7 \u0111i\u1ec1u ki\u1ec7n tham gia WCCC hay c\u00e1c ch\u01b0\u01a1ng tr\u00ecnh tr\u1ee3 c\u1ea5p ch\u0103m s\u00f3c tr\u1ebb em \u0111\u1ecba ph\u01b0\u01a1ng kh\u00e1c trong khu v\u1ef1c c\u1ee7a b\u1ea1n hay kh\u00f4ng<\/li>\n<li>Gi\u00fap b\u1ea1n ho\u00e0n th\u00e0nh \u0111\u01a1n \u0111\u0103ng k\u00fd c\u1ee7a b\u1ea1n<\/li>\n<li>H\u1ed7 tr\u1ee3 b\u1ea1n t\u00ecm ng\u01b0\u1eddi ch\u0103m s\u00f3c tr\u1ebb em<\/li>\n<li>Tr\u1ea3 l\u1eddi b\u1ea5t k\u1ef3 c\u00e2u h\u1ecfi n\u00e0o b\u1ea1n c\u00f3 th\u1ec3 c\u00f3<\/li>\n<\/ul>\n<p><strong>T\u00ecm hi\u1ec3u th\u00eam v\u1ec1 \u0111i\u1ec1u ki\u1ec7n v\u00e0 y\u00eau c\u1ea7u c\u1ee7a WCCC\u00a0<a href=\"https:\/\/www.dcyf.wa.gov\/services\/earlylearning-childcare\/getting-help\/wccc\" target=\"_blank\">\u0111\u00e2y<\/a><\/strong><\/p>\n<h3><strong>B\u1ea1n \u0111ang tr\u1ea3i qua t\u00ecnh tr\u1ea1ng v\u00f4 gia c\u01b0?<\/strong><\/h3>\n<p>B\u1ea1n c\u00f3 th\u1ec3 \u0111\u1ee7 \u0111i\u1ec1u ki\u1ec7n \u0111\u1ec3 nh\u1eadn \u0111\u01b0\u1ee3c t\u1edbi\u00a0<strong>12 th\u00e1ng ch\u0103m s\u00f3c tr\u1ebb em c\u00f3 tr\u1ea3 ph\u00ed<\/strong> trong khi gi\u1ea3i quy\u1ebft nhu c\u1ea7u nh\u00e0 \u1edf.<\/p>\n<h2>B\u1ea1n \u0111ang t\u00ecm ki\u1ebfm th\u00eam ngu\u1ed3n l\u1ef1c cho gia \u0111\u00ecnh?<\/h2>\n<p>Li\u00ean h\u1ec7 v\u1edbi\u00a0<strong>\u0110\u01b0\u1eddng d\u00e2y n\u00f3ng Help Me Grow Washington<\/strong> (<a href=\"\/vi\/\u0110T: 1-800-322-2588\/\">1-800-322-2588<\/a>) \u0111\u1ec3 \u0111\u01b0\u1ee3c h\u1ed7 tr\u1ee3:<\/p>\n<ul>\n<li>H\u1ed7 tr\u1ee3 th\u1ef1c ph\u1ea9m<\/li>\n<li>D\u1ecbch v\u1ee5 ch\u0103m s\u00f3c s\u1ee9c kh\u1ecfe<\/li>\n<li>S\u00e0ng l\u1ecdc ph\u00e1t tri\u1ec3n tr\u1ebb nh\u1ecf<\/li>\n<li>C\u00e1c ngu\u1ed3n l\u1ef1c gia \u0111\u00ecnh kh\u00e1c<\/li>\n<\/ul>\n\t<\/div>\n\t<script>\n\t\t(function($) {\n\t\t\t\/\/ Get the block ID\n\t\t\tvar id = \"#block_8f4965336311aaa61220e118d0936c0a\";\n\t\t\t\/\/ Reveal the block\n\t\t\tvar container = document.documentElement;\n\t\t\tScrollReveal().reveal(id + \" .container\", {origin: \"bottom\", distance: \"20px\", duration: 1000, container: container});\n\t\t}(jQuery))\n\t<\/script>\n<\/div>","protected":false},"excerpt":{"rendered":"","protected":false},"author":54,"featured_media":0,"parent":0,"menu_order":0,"comment_status":"closed","ping_status":"closed","template":"","meta":{"_acf_changed":false,"footnotes":""},"acf":[],"_links":{"self":[{"href":"https:\/\/helpmegrowwa.org\/vi\/wp-json\/wp\/v2\/pages\/12069"}],"collection":[{"href":"https:\/\/helpmegrowwa.org\/vi\/wp-json\/wp\/v2\/pages"}],"about":[{"href":"https:\/\/helpmegrowwa.org\/vi\/wp-json\/wp\/v2\/types\/page"}],"author":[{"embeddable":true,"href":"https:\/\/helpmegrowwa.org\/vi\/wp-json\/wp\/v2\/users\/54"}],"replies":[{"embeddable":true,"href":"https:\/\/helpmegrowwa.org\/vi\/wp-json\/wp\/v2\/comments?post=12069"}],"version-history":[{"count":3,"href":"https:\/\/helpmegrowwa.org\/vi\/wp-json\/wp\/v2\/pages\/12069\/revisions"}],"predecessor-version":[{"id":12078,"href":"https:\/\/helpmegrowwa.org\/vi\/wp-json\/wp\/v2\/pages\/12069\/revisions\/12078"}],"wp:attachment":[{"href":"https:\/\/helpmegrowwa.org\/vi\/wp-json\/wp\/v2\/media?parent=12069"}],"curies":[{"name":"wp","href":"https:\/\/api.w.org\/{rel}","templated":true}]}}