{"id":12788,"date":"2025-12-09T00:23:06","date_gmt":"2025-12-09T00:23:06","guid":{"rendered":"https:\/\/helpmegrowwa.org\/?page_id=12788"},"modified":"2026-03-30T23:17:39","modified_gmt":"2026-03-30T23:17:39","slug":"early-care-and-education-providers","status":"publish","type":"page","link":"https:\/\/helpmegrowwa.org\/vi\/early-care-and-education-providers","title":{"rendered":"Nh\u00e0 cung c\u1ea5p d\u1ecbch v\u1ee5 ch\u0103m s\u00f3c v\u00e0 gi\u00e1o d\u1ee5c s\u1edbm"},"content":{"rendered":"<div id=\"block_8d522598847353efe6967336a554d5d1\" class=\"fifty-fifty-block dark-purple right fifty-fifty-banner\">\n\t<img decoding=\"async\" class=\"flower-graphic\" src=\"https:\/\/helpmegrowwa.org\/wp-content\/themes\/helpmegrowwa\/images\/banner-text-shapes.svg\">\n\t<div class=\"info\">\n\t\t<div class=\"container regular center\">\n\t\t\t<h1>Nh\u00e0 cung c\u1ea5p d\u1ecbch v\u1ee5 ch\u0103m s\u00f3c v\u00e0 gi\u00e1o d\u1ee5c s\u1edbm<\/h1>\n\t\t\t\t\t<\/div>\n\t<\/div>\n\t\t<div class=\"image\" style=\"background-image: url(https:\/\/helpmegrowwa.org\/wp-content\/uploads\/2025\/11\/Untitled-design-7.png);background-position: top center;\">\n\t\t\t\t\t<img decoding=\"async\" class=\"corner\" src=\"https:\/\/helpmegrowwa.org\/wp-content\/themes\/helpmegrowwa\/images\/fifty-fifty-corner-piece.svg\">\n\t\t\t\t\t<\/div>\n\t<script>\n\t(function($) {\n\t\t\/\/ Get the block ID\n\t\tvar id = \"#block_8d522598847353efe6967336a554d5d1\";\n\t\t\/\/ Reveal the block\n\t\tvar container = document.documentElement;\n\t\tScrollReveal().reveal(id + \".left .image\", {origin: \"left\", distance: \"20px\", duration: 1000});\n\t\tScrollReveal().reveal(id + \".left .info .container\", {origin: \"right\", distance: \"20px\", duration: 1000});\n\t\tScrollReveal().reveal(id + \".right .image\", {origin: \"right\", distance: \"20px\", duration: 1000});\n\t\tScrollReveal().reveal(id + \".right .info .container\", {origin: \"left\", distance: \"20px\", duration: 1000});\n\t}(jQuery))\n\t<\/script>\n<\/div>\n\n<div id=\"block_008a6cf3f4912cc39eaefeccb5de7100\" class=\"text-block white large left\">\n\t<div class=\"container one-column narrow\">\n\t\t<p>C\u00e1c nh\u00e0 cung c\u1ea5p d\u1ecbch v\u1ee5 ch\u0103m s\u00f3c v\u00e0 gi\u00e1o d\u1ee5c m\u1ea7m non (ECE) \u0111\u00f3ng vai tr\u00f2 thi\u1ebft y\u1ebfu trong vi\u1ec7c h\u1ed7 tr\u1ee3 s\u1ef1 ph\u00e1t tri\u1ec3n l\u00e0nh m\u1ea1nh c\u1ee7a tr\u1ebb nh\u1ecf. L\u00e0 nh\u1eefng chuy\u00ean gia \u0111\u00e1ng tin c\u1eady trong m\u00f4i tr\u01b0\u1eddng h\u1ecdc t\u1eadp s\u1edbm, c\u00e1c ECE th\u01b0\u1eddng l\u00e0 nh\u1eefng ng\u01b0\u1eddi \u0111\u1ea7u ti\u00ean nh\u1eadn th\u1ea5y c\u00e1c c\u1ed9t m\u1ed1c ph\u00e1t tri\u1ec3n ho\u1eb7c nh\u1eefng v\u1ea5n \u0111\u1ec1 \u0111\u00e1ng lo ng\u1ea1i.<\/p>\n<p><strong>Help Me Grow Washington<\/strong> Ch\u00fang t\u00f4i lu\u00f4n s\u1eb5n s\u00e0ng h\u1ee3p t\u00e1c v\u1edbi b\u1ea1n th\u00f4ng qua... <a href=\"https:\/\/helpmegrowwa.org\/vi\/joining-asq-online-program\/\"><span style=\"text-decoration: underline;\"><strong><span style=\"color: #ff671d; text-decoration: underline;\">Ch\u01b0\u01a1ng tr\u00ecnh h\u1ee3p t\u00e1c B\u1ea3ng c\u00e2u h\u1ecfi v\u1ec1 \u0111\u1ed9 tu\u1ed5i v\u00e0 giai \u0111o\u1ea1n ph\u00e1t tri\u1ec3n (ASQ)<\/span><\/strong><\/span><\/a>Ch\u00fang t\u00f4i c\u0169ng k\u1ebft n\u1ed1i c\u00e1c gia \u0111\u00ecnh v\u1edbi nhau. <strong>H\u1ed7 tr\u1ee3 s\u1edbm cho tr\u1ebb s\u01a1 sinh v\u00e0 tr\u1ebb nh\u1ecf (ESIT)<\/strong> cung c\u1ea5p d\u1ecbch v\u1ee5 v\u00e0 ngu\u1ed3n t\u00e0i li\u1ec7u v\u1ec1 nu\u00f4i d\u1ea1y con c\u00e1i.<\/p>\n<p>S\u1ef1 h\u1ed7 tr\u1ee3 c\u1ee7a ch\u00fang t\u00f4i kh\u00f4ng d\u1eebng l\u1ea1i \u1edf \u0111\u00f3. Tr\u00ean kh\u1eafp ti\u1ec3u bang Washington, ch\u00fang t\u00f4i gi\u00fap c\u00e1c gia \u0111\u00ecnh ti\u1ebfp c\u1eadn c\u00e1c ngu\u1ed3n h\u1ed7 tr\u1ee3 th\u1ef1c ph\u1ea9m thi\u1ebft y\u1ebfu \u2013 nh\u01b0... <strong>Ch\u01b0\u01a1ng tr\u00ecnh WIC, Basic Food v\u00e0 c\u00e1c ng\u00e2n h\u00e0ng th\u1ef1c ph\u1ea9m \u0111\u1ecba ph\u01b0\u01a1ng.<\/strong> \u2013 c\u0169ng nh\u01b0 h\u1ed7 tr\u1ee3 v\u1ec1 <strong>\u0111\u0103ng k\u00fd b\u1ea3o hi\u1ec3m y t\u1ebf<\/strong> v\u00e0 <strong>t\u00ecm b\u00e1c s\u0129 nhi khoa<\/strong>.<\/p>\n<p>C\u00f9ng nhau, ch\u00fang ta c\u00f3 th\u1ec3 \u0111\u1ea3m b\u1ea3o m\u1ecdi tr\u1ebb em \u0111\u1ec1u c\u00f3 \u0111\u01b0\u1ee3c s\u1ef1 h\u1ed7 tr\u1ee3 c\u1ea7n thi\u1ebft ngay t\u1eeb nh\u1eefng n\u0103m \u0111\u1ea7u \u0111\u1eddi trong giai \u0111o\u1ea1n quan tr\u1ecdng n\u00e0y.<\/p>\n<h3><span style=\"color: #6c1b6e;\">H\u1ee3p t\u00e1c v\u1edbi ch\u00fang t\u00f4i<\/span><\/h3>\n<p>Ch\u00fang t\u00f4i cung c\u1ea5p c\u00e1c c\u00f4ng c\u1ee5 v\u00e0 h\u1ed7 tr\u1ee3 \u0111\u1ec3 gi\u00fap b\u1ea1n theo d\u00f5i s\u1ef1 ph\u00e1t tri\u1ec3n, b\u1eaft \u0111\u1ea7u nh\u1eefng cu\u1ed9c tr\u00f2 chuy\u1ec7n \u00fd ngh\u0129a v\u1edbi gia \u0111\u00ecnh v\u00e0 k\u1ebft n\u1ed1i h\u1ecd v\u1edbi c\u00e1c d\u1ecbch v\u1ee5 \u2013 t\u1ea5t c\u1ea3 \u0111\u1ec1u mi\u1ec5n ph\u00ed cho ch\u01b0\u01a1ng tr\u00ecnh c\u1ee7a b\u1ea1n!<\/p>\n<p><a href=\"https:\/\/helpmegrowwa.org\/vi\/joining-asq-online-program\/\"><span style=\"text-decoration: underline; color: #ff671d;\"><strong>H\u00e3y t\u00ecm hi\u1ec3u c\u00e1ch b\u1eaft \u0111\u1ea7u ngay h\u00f4m nay!<\/strong><\/span><\/a><\/p>\n<h3><span style=\"color: #6c1b6e;\">Ch\u00fang t\u00f4i gi\u00fap \u0111\u1ee1 nh\u01b0 th\u1ebf n\u00e0o?<\/span><\/h3>\n<ul>\n<li><strong>Truy c\u1eadp mi\u1ec5n ph\u00ed v\u00e0o ASQ Online<\/strong>c\u00f9ng v\u1edbi ch\u01b0\u01a1ng tr\u00ecnh \u0111\u00e0o t\u1ea1o v\u00e0 h\u1ed7 tr\u1ee3 chuy\u00ean bi\u1ec7t nh\u1eb1m gi\u00fap vi\u1ec7c chia s\u1ebb v\u00e0 qu\u1ea3n l\u00fd k\u1ebft qu\u1ea3 s\u00e0ng l\u1ecdc tr\u1edf n\u00ean d\u1ec5 d\u00e0ng h\u01a1n cho b\u1ea1n v\u00e0 gia \u0111\u00ecnh.<\/li>\n<li>H\u1ed7 tr\u1ee3 gi\u1ea3i th\u00edch k\u1ebft qu\u1ea3 ASQ<\/li>\n<li>H\u01b0\u1edbng d\u1eabn v\u1ec1 c\u00e1ch trao \u0111\u1ed5i v\u1edbi gia \u0111\u00ecnh v\u1ec1 k\u1ebft qu\u1ea3 s\u00e0ng l\u1ecdc<\/li>\n<li>Gi\u1edbi thi\u1ec7u tr\u1ef1c ti\u1ebfp \u0111\u1ebfn c\u00e1c ngu\u1ed3n l\u1ef1c v\u00e0 t\u00e0i li\u1ec7u ph\u00e1t tri\u1ec3n tr\u1ebb em \u0111\u1ecba ph\u01b0\u01a1ng d\u00e0nh cho gia \u0111\u00ecnh b\u1eb1ng nhi\u1ec1u ng\u00f4n ng\u1eef.<\/li>\n<li>T\u1ed5 ch\u1ee9c kh\u00f3a \u0111\u00e0o t\u1ea1o cho nh\u00e2n vi\u00ean v\u1ec1 c\u00e1c m\u1ed1c ph\u00e1t tri\u1ec3n, quy tr\u00ecnh s\u00e0ng l\u1ecdc v\u00e0 gi\u1edbi thi\u1ec7u.<\/li>\n<\/ul>\n\t<\/div>\n\t<script>\n\t\t(function($) {\n\t\t\t\/\/ Get the block ID\n\t\t\tvar id = \"#block_008a6cf3f4912cc39eaefeccb5de7100\";\n\t\t\t\/\/ Reveal the block\n\t\t\tvar container = document.documentElement;\n\t\t\tScrollReveal().reveal(id + \" .container\", {origin: \"bottom\", distance: \"20px\", duration: 1000, container: container});\n\t\t}(jQuery))\n\t<\/script>\n<\/div>\n\n<div id=\"block_ea17ad0534c4bdeb30703e7215406ee7\" class=\"invitation-block white center\">\t\n\t<div class=\"container purple\">\n\t\t<h3>S\u1eb5n s\u00e0ng tham gia?<\/h3>\n<p>T\u00ecm hi\u1ec3u th\u00eam v\u1ec1 ch\u01b0\u01a1ng tr\u00ecnh n\u00e0y, nh\u1eefng l\u1ee3i \u00edch m\u00e0 ch\u01b0\u01a1ng tr\u00ecnh mang l\u1ea1i cho trung t\u00e2m c\u1ee7a b\u1ea1n v\u00e0 c\u00e1c b\u01b0\u1edbc ti\u1ebfp theo.<\/p>\n\t\t\t\t<a class=\"btn orange\" href=\"https:\/\/helpmegrowwa.org\/vi\/joining-asq-online-program\/\" target=\"_blank\">T\u00ecm hi\u1ec3u th\u00eam<\/a>\n\t\t\t<\/div>\n<\/div>\n\n\n<div id=\"block_da4324c0a685ed405bb6a9b221bf97fb\" class=\"news-feature-block\">\n\t<div class=\"container\">\n\t\t<div class=\"title\">\n\t\t\t\t\t\t\t<h2>Tin t\u1ee9c + C\u1eadp nh\u1eadt<\/h2>\n\t\t\t\t\t<\/div>\n\t\t<div class=\"wrapper\">\n\t\t\t\t\t\t\t\n\t\t\t\t\t\t\t\t\t\t\t\t\t\t\t\t\t\t\t\t<a class=\"article\" href=\"https:\/\/conta.cc\/4c23dcA\" target=\"_blank\">\n\t\t\t\t\t\t\t\t\t\t\t<div class=\"picture\">\n\t\t\t\t\t\t\t\t\t\t\t\t\t\t<img decoding=\"async\" src=\"https:\/\/helpmegrowwa.org\/wp-content\/uploads\/2026\/03\/HMG-WA-Network-Newsletter-header-14-260x180.png\" srcset=\"https:\/\/helpmegrowwa.org\/wp-content\/uploads\/2026\/03\/HMG-WA-Network-Newsletter-header-14-260x180.png 260w, https:\/\/helpmegrowwa.org\/wp-content\/uploads\/2026\/03\/HMG-WA-Network-Newsletter-header-14-520x200.png 520w\" sizes=\"260px\">\n\t\t\t\t\t\t\t\t\t\t\t\t\t\t\t<div class=\"type-label\">B\u1ea3n tin<\/div>\n\t\t\t\t\t\t\t\t\t\t\t\t\t<\/div>\n\t\t\t\t\t\t<div class=\"content\">\n\t\t\t\t\t\t\t\t\t\t\t\t\t\t\t<div class=\"date\">Th\u00e1ng T\u01b0 1, 2026<\/div>\n\t\t\t\t\t\t\t\t\t\t\t\t\t\t<div class=\"text\">\n\t\t\t\t\t\t\t\t<h3 class=\"title\">B\u1ea3n tin c\u1ee7a Ch\u00ednh ph\u1ee7 T\u00e2y \u00dac th\u00e1ng 3 n\u0103m 2026 (ti\u1ebfng T\u00e2y Ban Nha)<\/h3>\n\t\t\t\t\t\t\t\t<div class=\"summary\">Celebre a la red de Ay\u00fadame a Crecer Washington v\u00e0 conozca los avances que hemos \u0111\u0103ng nh\u1eadp v\u00e0 c\u00e1c bi\u1ebfn th\u1ec3 ban \u0111\u1ea7u c\u1ee7a k\u1ebf ho\u1ea1ch l\u1eadp k\u1ebf ho\u1ea1ch cho Ay\u00fadame a Crecer Washington.<\/div>\n\t\t\t\t\t\t\t<\/div>\n\t\t\t\t\t\t\t<div class=\"more\">\n\t\t\t\t\t\t\t\t\u0110\u1ecdc th\u00eam\n\t\t\t\t\t\t\t\t<svg class=\"arrow\" aria-hidden=\"true\" focusable=\"false\" data-prefix=\"fas\" data-icon=\"long-arrow-right\" role=\"img\" xmlns=\"http:\/\/www.w3.org\/2000\/svg\" viewbox=\"0 0 448 512\"><path fill=\"#ababab\" d=\"M254.544 154.427L320.118 220H24c-13.255 0-24 10.745-24 24v24c0 13.255 10.745 24 24 24h296.118l-65.574 65.573c-9.373 9.373-9.373 24.569 0 33.941l16.971 16.971c9.373 9.373 24.569 9.373 33.941 0L440.97 272.97c9.373-9.373 9.373-24.569 0-33.941L305.456 103.515c-9.373-9.373-24.569-9.373-33.941 0l-16.971 16.971c-9.373 9.372-9.373 24.568 0 33.941z\"><\/path><\/svg>\n\t\t\t\t\t\t\t<\/div>\n\t\t\t\t\t\t<\/div>\n\t\t\t\t\t<\/a>\n\t\t\t\t\t\t\t\t\t\t\t\t\t\t\t\t\t\t\t\t\t\t\t\t\t<a class=\"article\" href=\"https:\/\/conta.cc\/4d61btX\" target=\"_blank\">\n\t\t\t\t\t\t\t\t\t\t\t<div class=\"picture\">\n\t\t\t\t\t\t\t\t\t\t\t\t\t\t<img decoding=\"async\" src=\"https:\/\/helpmegrowwa.org\/wp-content\/uploads\/2026\/03\/HMG-WA-Network-Newsletter-header-13-260x180.png\" srcset=\"https:\/\/helpmegrowwa.org\/wp-content\/uploads\/2026\/03\/HMG-WA-Network-Newsletter-header-13-260x180.png 260w, https:\/\/helpmegrowwa.org\/wp-content\/uploads\/2026\/03\/HMG-WA-Network-Newsletter-header-13-520x200.png 520w\" sizes=\"260px\">\n\t\t\t\t\t\t\t\t\t\t\t\t\t\t\t<div class=\"type-label\">B\u1ea3n tin<\/div>\n\t\t\t\t\t\t\t\t\t\t\t\t\t<\/div>\n\t\t\t\t\t\t<div class=\"content\">\n\t\t\t\t\t\t\t\t\t\t\t\t\t\t\t<div class=\"date\">Th\u00e1ng Ba, 31, 2026<\/div>\n\t\t\t\t\t\t\t\t\t\t\t\t\t\t<div class=\"text\">\n\t\t\t\t\t\t\t\t<h3 class=\"title\">B\u1ea3n tin c\u1ee7a Ch\u00ednh ph\u1ee7 T\u00e2y \u00dac th\u00e1ng 3 n\u0103m 2026<\/h3>\n\t\t\t\t\t\t\t\t<div class=\"summary\">H\u00e3y c\u00f9ng t\u00f4n vinh m\u1ea1ng l\u01b0\u1edbi Help Me Grow WA v\u00e0 t\u00ecm hi\u1ec3u v\u1ec1 nh\u1eefng ti\u1ebfn b\u1ed9 \u0111\u00e3 \u0111\u1ea1t \u0111\u01b0\u1ee3c trong m\u1ed9t s\u1ed1 s\u00e1ng ki\u1ebfn chi\u1ebfn l\u01b0\u1ee3c thu\u1ed9c K\u1ebf ho\u1ea1ch Chi\u1ebfn l\u01b0\u1ee3c Help Me Grow WA.<\/div>\n\t\t\t\t\t\t\t<\/div>\n\t\t\t\t\t\t\t<div class=\"more\">\n\t\t\t\t\t\t\t\t\u0110\u1ecdc th\u00eam\n\t\t\t\t\t\t\t\t<svg class=\"arrow\" aria-hidden=\"true\" focusable=\"false\" data-prefix=\"fas\" data-icon=\"long-arrow-right\" role=\"img\" xmlns=\"http:\/\/www.w3.org\/2000\/svg\" viewbox=\"0 0 448 512\"><path fill=\"#ababab\" d=\"M254.544 154.427L320.118 220H24c-13.255 0-24 10.745-24 24v24c0 13.255 10.745 24 24 24h296.118l-65.574 65.573c-9.373 9.373-9.373 24.569 0 33.941l16.971 16.971c9.373 9.373 24.569 9.373 33.941 0L440.97 272.97c9.373-9.373 9.373-24.569 0-33.941L305.456 103.515c-9.373-9.373-24.569-9.373-33.941 0l-16.971 16.971c-9.373 9.372-9.373 24.568 0 33.941z\"><\/path><\/svg>\n\t\t\t\t\t\t\t<\/div>\n\t\t\t\t\t\t<\/div>\n\t\t\t\t\t<\/a>\n\t\t\t\t\t\t\t\t\t\t\t\t\t\t\t\t\t\t\t\t\t\t\t\t\t<a class=\"article\" href=\"https:\/\/helpmegrowwa.org\/vi\/reaching-new-heights-partnering-to-support-child-development\">\n\t\t\t\t\t\t\t\t\t\t\t<div class=\"picture\">\n\t\t\t\t\t\t\t\t\t\t\t\t\t\t<img decoding=\"async\" src=\"https:\/\/helpmegrowwa.org\/wp-content\/uploads\/2026\/03\/NEWS-STORY-TITLE-5-e1774371040337-260x180.png\" srcset=\"https:\/\/helpmegrowwa.org\/wp-content\/uploads\/2026\/03\/NEWS-STORY-TITLE-5-e1774371040337-260x180.png 260w, https:\/\/helpmegrowwa.org\/wp-content\/uploads\/2026\/03\/NEWS-STORY-TITLE-5-e1774371040337-520x360.png 520w\" sizes=\"260px\">\n\t\t\t\t\t\t\t\t\t\t\t\t\t\t\t<div class=\"type-label\">B\u00e0i vi\u1ebft<\/div>\n\t\t\t\t\t\t\t\t\t\t\t\t\t<\/div>\n\t\t\t\t\t\t<div class=\"content\">\n\t\t\t\t\t\t\t\t\t\t\t\t\t\t\t<div class=\"date\">Th\u00e1ng Ba, ng\u00e0y 24 th\u00e1ng 2 n\u0103m 2026<\/div>\n\t\t\t\t\t\t\t\t\t\t\t\t\t\t<div class=\"text\">\n\t\t\t\t\t\t\t\t<h3 class=\"title\">V\u01b0\u01a1n t\u1edbi t\u1ea7m cao m\u1edbi: H\u1ee3p t\u00e1c \u0111\u1ec3 h\u1ed7 tr\u1ee3 s\u1ef1 ph\u00e1t tri\u1ec3n c\u1ee7a tr\u1ebb em<\/h3>\n\t\t\t\t\t\t\t\t<div class=\"summary\">Ngu\u1ed3n t\u00e0i li\u1ec7u m\u1edbi d\u00e0nh cho gia \u0111\u00ecnh v\u00e0 ng\u01b0\u1eddi b\u1ea1n \u0111\u1eddi! Help Me Grow WA \u0111\u00e3 h\u1ee3p t\u00e1c v\u1edbi Chi nh\u00e1nh Washington c\u1ee7a H\u1ecdc vi\u1ec7n Nhi khoa Hoa K\u1ef3 (WCAAP) \u0111\u1ec3 c\u00f9ng t\u1ea1o ra m\u1ed9t bi\u1ec3u \u0111\u1ed3 chi\u1ec1u cao song ng\u1eef th\u00fa v\u1ecb d\u00e0nh cho tr\u1ebb em t\u1eeb 2 th\u00e1ng \u0111\u1ebfn 5 tu\u1ed5i. \u0110\u01b0\u1ee3c thi\u1ebft k\u1ebf d\u1ef1a tr\u00ean chuy\u00ean m\u00f4n nhi khoa v\u00e0 d\u00e0nh cho c\u00e1c gia \u0111\u00ecnh, m\u1ed7i bi\u1ec3u \u0111\u1ed3 bao g\u1ed3m c\u00e1c m\u1ed1c ph\u00e1t tri\u1ec3n quan tr\u1ecdng v\u00e0 nh\u1eefng c\u00e1ch \u0111\u01a1n gi\u1ea3n m\u00e0 c\u00e1c gia \u0111\u00ecnh c\u00f3 th\u1ec3 h\u1ed7 tr\u1ee3 s\u1ef1 ph\u00e1t tri\u1ec3n v\u00e0 h\u1ecdc t\u1eadp c\u1ee7a con m\u00ecnh. <\/div>\n\t\t\t\t\t\t\t<\/div>\n\t\t\t\t\t\t\t<div class=\"more\">\n\t\t\t\t\t\t\t\t\u0110\u1ecdc th\u00eam\n\t\t\t\t\t\t\t\t<svg class=\"arrow\" aria-hidden=\"true\" focusable=\"false\" data-prefix=\"fas\" data-icon=\"long-arrow-right\" role=\"img\" xmlns=\"http:\/\/www.w3.org\/2000\/svg\" viewbox=\"0 0 448 512\"><path fill=\"#ababab\" d=\"M254.544 154.427L320.118 220H24c-13.255 0-24 10.745-24 24v24c0 13.255 10.745 24 24 24h296.118l-65.574 65.573c-9.373 9.373-9.373 24.569 0 33.941l16.971 16.971c9.373 9.373 24.569 9.373 33.941 0L440.97 272.97c9.373-9.373 9.373-24.569 0-33.941L305.456 103.515c-9.373-9.373-24.569-9.373-33.941 0l-16.971 16.971c-9.373 9.372-9.373 24.568 0 33.941z\"><\/path><\/svg>\n\t\t\t\t\t\t\t<\/div>\n\t\t\t\t\t\t<\/div>\n\t\t\t\t\t<\/a>\n\t\t\t\t\t\t\t\t\t\t\t\t\t\t\t\t\t\t\t\t\t\t\t\t\t<a class=\"article\" href=\"https:\/\/helpmegrowwa.org\/vi\/news\/celebrating-the-2026-help-me-grow-washington-network\">\n\t\t\t\t\t\t\t\t\t\t\t<div class=\"picture\">\n\t\t\t\t\t\t\t\t\t\t\t\t\t\t<img decoding=\"async\" src=\"https:\/\/helpmegrowwa.org\/wp-content\/uploads\/2026\/03\/NEWS-STORY-TITLE-4-260x180.png\" srcset=\"https:\/\/helpmegrowwa.org\/wp-content\/uploads\/2026\/03\/NEWS-STORY-TITLE-4-260x180.png 260w, https:\/\/helpmegrowwa.org\/wp-content\/uploads\/2026\/03\/NEWS-STORY-TITLE-4-520x360.png 520w\" sizes=\"260px\">\n\t\t\t\t\t\t\t\t\t\t\t\t\t\t\t<div class=\"type-label\">Tin t\u1ee9c<\/div>\n\t\t\t\t\t\t\t\t\t\t\t\t\t<\/div>\n\t\t\t\t\t\t<div class=\"content\">\n\t\t\t\t\t\t\t\t\t\t\t\t\t\t\t<div class=\"date\">Th\u00e1ng Ba, ng\u00e0y 23 th\u00e1ng 2 n\u0103m 2026<\/div>\n\t\t\t\t\t\t\t\t\t\t\t\t\t\t<div class=\"text\">\n\t\t\t\t\t\t\t\t<h3 class=\"title\">Ch\u00e0o m\u1eebng s\u1ef1 ra m\u1eaft M\u1ea1ng l\u01b0\u1edbi Help Me Grow Washington n\u0103m 2026!<\/h3>\n\t\t\t\t\t\t\t\t<div class=\"summary\">Ch\u00fang t\u00f4i r\u1ea5t vui m\u1eebng ch\u00e0o \u0111\u00f3n Help Me Grow Whatcom v\u00e0 Help Me Grow Grays Harbor gia nh\u1eadp m\u1ea1ng l\u01b0\u1edbi Help Me Grow Washington! \ud83d\udc9c V\u1edbi s\u1ef1 tham gia c\u1ee7a hai \u0111\u01a1n v\u1ecb n\u00e0y, nhi\u1ec1u c\u1ed9ng \u0111\u1ed3ng tr\u00ean to\u00e0n ti\u1ec3u bang \u0111ang x\u00e2y d\u1ef1ng c\u00e1c h\u1ec7 th\u1ed1ng h\u1ed7 tr\u1ee3 ph\u1ed1i h\u1ee3p, l\u1ea5y gia \u0111\u00ecnh l\u00e0m trung t\u00e2m\u2014t\u0103ng c\u01b0\u1eddng k\u1ebft n\u1ed1i v\u00e0 gi\u00fap c\u00e1c gia \u0111\u00ecnh d\u1ec5 d\u00e0ng ti\u1ebfp c\u1eadn c\u00e1c ngu\u1ed3n l\u1ef1c c\u1ea7n thi\u1ebft, khi h\u1ecd c\u1ea7n.\u00a0<\/div>\n\t\t\t\t\t\t\t<\/div>\n\t\t\t\t\t\t\t<div class=\"more\">\n\t\t\t\t\t\t\t\t\u0110\u1ecdc th\u00eam\n\t\t\t\t\t\t\t\t<svg class=\"arrow\" aria-hidden=\"true\" focusable=\"false\" data-prefix=\"fas\" data-icon=\"long-arrow-right\" role=\"img\" xmlns=\"http:\/\/www.w3.org\/2000\/svg\" viewbox=\"0 0 448 512\"><path fill=\"#ababab\" d=\"M254.544 154.427L320.118 220H24c-13.255 0-24 10.745-24 24v24c0 13.255 10.745 24 24 24h296.118l-65.574 65.573c-9.373 9.373-9.373 24.569 0 33.941l16.971 16.971c9.373 9.373 24.569 9.373 33.941 0L440.97 272.97c9.373-9.373 9.373-24.569 0-33.941L305.456 103.515c-9.373-9.373-24.569-9.373-33.941 0l-16.971 16.971c-9.373 9.372-9.373 24.568 0 33.941z\"><\/path><\/svg>\n\t\t\t\t\t\t\t<\/div>\n\t\t\t\t\t\t<\/div>\n\t\t\t\t\t<\/a>\n\t\t\t\t\t\t\t\t\t\t\t\t\t\n\t\t\t\t\t\t\t\n\t\t<\/div>\n\t<\/div>\n\t<script>\n\t\n\t(function($) {\n\t\n\t\t\/\/ Get the block ID\n\t\tvar id = \"#block_da4324c0a685ed405bb6a9b221bf97fb\";\n\t\t\n\t\t\/\/ Reveal foreground elements\n\t\tScrollReveal().reveal(id + \" .article\", {origin: \"bottom\", distance: \"20px\", duration: 1000, viewFactor: 0.2, interval: 100, reset: false});\n\t\t\n\t})(jQuery)\n\t\n\t<\/script>\t\n<\/div>","protected":false},"excerpt":{"rendered":"","protected":false},"author":54,"featured_media":0,"parent":0,"menu_order":90,"comment_status":"closed","ping_status":"closed","template":"","meta":{"_acf_changed":false,"footnotes":""},"acf":[],"_links":{"self":[{"href":"https:\/\/helpmegrowwa.org\/vi\/wp-json\/wp\/v2\/pages\/12788"}],"collection":[{"href":"https:\/\/helpmegrowwa.org\/vi\/wp-json\/wp\/v2\/pages"}],"about":[{"href":"https:\/\/helpmegrowwa.org\/vi\/wp-json\/wp\/v2\/types\/page"}],"author":[{"embeddable":true,"href":"https:\/\/helpmegrowwa.org\/vi\/wp-json\/wp\/v2\/users\/54"}],"replies":[{"embeddable":true,"href":"https:\/\/helpmegrowwa.org\/vi\/wp-json\/wp\/v2\/comments?post=12788"}],"version-history":[{"count":18,"href":"https:\/\/helpmegrowwa.org\/vi\/wp-json\/wp\/v2\/pages\/12788\/revisions"}],"predecessor-version":[{"id":13454,"href":"https:\/\/helpmegrowwa.org\/vi\/wp-json\/wp\/v2\/pages\/12788\/revisions\/13454"}],"wp:attachment":[{"href":"https:\/\/helpmegrowwa.org\/vi\/wp-json\/wp\/v2\/media?parent=12788"}],"curies":[{"name":"wp","href":"https:\/\/api.w.org\/{rel}","templated":true}]}}