{"id":12791,"date":"2025-12-09T00:20:56","date_gmt":"2025-12-09T00:20:56","guid":{"rendered":"https:\/\/helpmegrowwa.org\/?page_id=12791"},"modified":"2026-02-26T19:11:31","modified_gmt":"2026-02-26T19:11:31","slug":"joining-asq-online-program","status":"publish","type":"page","link":"https:\/\/helpmegrowwa.org\/vi\/joining-asq-online-program","title":{"rendered":"Tham gia ch\u01b0\u01a1ng tr\u00ecnh ASQ tr\u1ef1c tuy\u1ebfn c\u1ee7a ch\u00fang t\u00f4i"},"content":{"rendered":"<div id=\"block_8250e4f6a15120b5e4041dc7591762ca\" class=\"fifty-fifty-block dark-purple right fifty-fifty-banner\">\n\t<img decoding=\"async\" class=\"flower-graphic\" src=\"https:\/\/helpmegrowwa.org\/wp-content\/themes\/helpmegrowwa\/images\/banner-text-shapes.svg\">\n\t<div class=\"info\">\n\t\t<div class=\"container regular center\">\n\t\t\t<h2>Tham gia Ch\u01b0\u01a1ng tr\u00ecnh \u0110\u1ed1i t\u00e1c ASQ c\u1ee7a ch\u00fang t\u00f4i<\/h2>\n\t\t\t\t\t<\/div>\n\t<\/div>\n\t\t<div class=\"image\" style=\"background-image: url(https:\/\/helpmegrowwa.org\/wp-content\/uploads\/2025\/12\/Help-Me-Grow-WA-Website-Page-Pics.png);background-position: top center;\">\n\t\t\t\t\t<img decoding=\"async\" class=\"corner\" src=\"https:\/\/helpmegrowwa.org\/wp-content\/themes\/helpmegrowwa\/images\/fifty-fifty-corner-piece.svg\">\n\t\t\t\t\t<\/div>\n\t<script>\n\t(function($) {\n\t\t\/\/ Get the block ID\n\t\tvar id = \"#block_8250e4f6a15120b5e4041dc7591762ca\";\n\t\t\/\/ Reveal the block\n\t\tvar container = document.documentElement;\n\t\tScrollReveal().reveal(id + \".left .image\", {origin: \"left\", distance: \"20px\", duration: 1000});\n\t\tScrollReveal().reveal(id + \".left .info .container\", {origin: \"right\", distance: \"20px\", duration: 1000});\n\t\tScrollReveal().reveal(id + \".right .image\", {origin: \"right\", distance: \"20px\", duration: 1000});\n\t\tScrollReveal().reveal(id + \".right .info .container\", {origin: \"left\", distance: \"20px\", duration: 1000});\n\t}(jQuery))\n\t<\/script>\n<\/div>\n\n<div id=\"block_bfb1e3d7cbba7deb0f522cd6a9c4aa57\" class=\"text-block white large left\">\n\t<div class=\"container one-column full\">\n\t\t<p>Help Me Grow WA lu\u00f4n s\u1eb5n s\u00e0ng h\u1ee3p t\u00e1c v\u1edbi b\u1ea1n \u0111\u1ec3 h\u1ed7 tr\u1ee3 s\u1ef1 ph\u00e1t tri\u1ec3n l\u00e0nh m\u1ea1nh c\u1ee7a tr\u1ebb em m\u00e0 b\u1ea1n \u0111ang ch\u0103m s\u00f3c. Ch\u00fang t\u00f4i gi\u00fap vi\u1ec7c h\u1ed7 tr\u1ee3 tr\u1ebb em v\u00e0 gia \u0111\u00ecnh tr\u1edf n\u00ean d\u1ec5 d\u00e0ng h\u01a1n \u2013 m\u00e0 kh\u00f4ng c\u1ea7n th\u00eam g\u00e1nh n\u1eb7ng! Khi tham gia ch\u01b0\u01a1ng tr\u00ecnh c\u1ee7a ch\u00fang t\u00f4i, b\u1ea1n s\u1ebd nh\u1eadn \u0111\u01b0\u1ee3c c\u00e1c li\u00ean k\u1ebft s\u00e0ng l\u1ecdc ASQ \u0111\u01b0\u1ee3c c\u00e1 nh\u00e2n h\u00f3a, cho ph\u00e9p ng\u01b0\u1eddi ch\u0103m s\u00f3c ho\u00e0n th\u00e0nh s\u00e0ng l\u1ecdc tr\u1ef1c tuy\u1ebfn.<\/p>\n<p>C\u00e1c c\u00f4ng c\u1ee5 hi\u1ec7n c\u00f3 bao g\u1ed3m:<\/p>\n<ul>\n<li><strong>ASQ-3:<\/strong> \u1ee8ng d\u1ee5ng theo d\u00f5i s\u1ef1 ph\u00e1t tri\u1ec3n c\u1ee7a tr\u1ebb t\u1eeb 1 th\u00e1ng \u0111\u1ebfn 5 tu\u1ed5i r\u01b0\u1ee1i.<\/li>\n<li><strong>ASQ:SE-2:\u00a0<\/strong>T\u1eadp trung v\u00e0o s\u1ef1 ph\u00e1t tri\u1ec3n v\u1ec1 m\u1eb7t x\u00e3 h\u1ed9i v\u00e0 c\u1ea3m x\u00fac cho tr\u1ebb em t\u1eeb 1 th\u00e1ng \u0111\u1ebfn 6 tu\u1ed5i.<\/li>\n<\/ul>\n<p>B\u00e0i ki\u1ec3m tra s\u00e0ng l\u1ecdc \u0111\u01b0\u1ee3c ch\u1ea5m \u0111i\u1ec3m t\u1ef1 \u0111\u1ed9ng v\u00e0 k\u1ebft qu\u1ea3 s\u1ebd c\u00f3 ngay l\u1eadp t\u1ee9c. Ch\u00fang t\u00f4i c\u0169ng cung c\u1ea5p h\u01b0\u1edbng d\u1eabn v\u1ec1 c\u00e1ch th\u1ef1c hi\u1ec7n b\u00e0i ki\u1ec3m tra ASQ, hi\u1ec3u k\u1ebft qu\u1ea3 v\u00e0 theo d\u00f5i s\u00e1t sao v\u1edbi gia \u0111\u00ecnh m\u1ed9t c\u00e1ch h\u1ed7 tr\u1ee3, kh\u00f4ng g\u00e2y \u00e1p l\u1ef1c.<\/p>\n<p>T\u00e0i kho\u1ea3n ASQ Online c\u1ee7a b\u1ea1n, c\u00e1c li\u00ean k\u1ebft s\u00e0ng l\u1ecdc v\u00e0 t\u1ea5t c\u1ea3 c\u00e1c h\u1ed7 tr\u1ee3 li\u00ean quan \u0111\u1ec1u \u0111\u01b0\u1ee3c cung c\u1ea5p. <strong>kh\u00f4ng ph\u00e1t sinh chi ph\u00ed cho ch\u01b0\u01a1ng tr\u00ecnh c\u1ee7a b\u1ea1n<\/strong>.<\/p>\n<p>Khi m\u1ed9t \u0111\u1ee9a tr\u1ebb c\u1ea7n h\u1ed7 tr\u1ee3 th\u00eam, b\u1ea1n kh\u00f4ng c\u1ea7n ph\u1ea3i \u0111o\u00e1n xem n\u00ean l\u00e0m g\u00ec ti\u1ebfp theo. Th\u00f4ng qua ch\u01b0\u01a1ng tr\u00ecnh n\u00e0y, ch\u1ec9 v\u1edbi m\u1ed9t c\u00fa nh\u1ea5p chu\u1ed9t, b\u1ea1n c\u00f3 th\u1ec3 gi\u1edbi thi\u1ec7u gia \u0111\u00ecnh \u0111\u00f3 \u0111\u1ebfn m\u1ed9t Chuy\u00ean vi\u00ean \u0110i\u1ec1u h\u01b0\u1edbng Ngu\u1ed3n l\u1ef1c Help Me Grow Washington chuy\u00ean bi\u1ec7t, ng\u01b0\u1eddi c\u00f3 th\u1ec3 k\u1ebft n\u1ed1i h\u1ecd v\u1edbi:<\/p>\n<ul>\n<li>C\u00e1c ch\u01b0\u01a1ng tr\u00ecnh h\u1ed7 tr\u1ee3 s\u1edbm cho tr\u1ebb s\u01a1 sinh v\u00e0 tr\u1ebb nh\u1ecf (ESIT) t\u1ea1i \u0111\u1ecba ph\u01b0\u01a1ng<\/li>\n<\/ul>\n<ul>\n<li>D\u1ecbch v\u1ee5 h\u1ed7 tr\u1ee3 gia \u0111\u00ecnh<\/li>\n<\/ul>\n<ul>\n<li>Ngu\u1ed3n l\u1ef1c v\u1ec1 s\u1ee9c kh\u1ecfe t\u00e2m th\u1ea7n d\u00e0nh cho tr\u1ebb nh\u1ecf<\/li>\n<\/ul>\n<ul>\n<li>C\u00e1c ch\u01b0\u01a1ng tr\u00ecnh th\u0103m nh\u00e0 t\u1ea1i \u0111\u1ecba ph\u01b0\u01a1ng<\/li>\n<\/ul>\n<p>\u0110\u1ed9i ng\u0169 c\u1ee7a ch\u00fang t\u00f4i s\u1ebd li\u00ean h\u1ec7 th\u01b0\u1eddng xuy\u00ean v\u1edbi c\u00e1c gia \u0111\u00ecnh \u0111\u1ec3 \u0111\u1ea3m b\u1ea3o h\u1ecd \u0111\u01b0\u1ee3c k\u1ebft n\u1ed1i v\u00e0 hi\u1ec3u r\u00f5 c\u00e1c l\u1ef1a ch\u1ecdn c\u1ee7a m\u00ecnh. Ch\u00fang t\u00f4i t\u00f4n tr\u1ecdng vai tr\u00f2 c\u1ee7a qu\u00fd v\u1ecb trong s\u1ef1 ph\u00e1t tri\u1ec3n c\u1ee7a tr\u1ebb v\u00e0 s\u1ebd lu\u00f4n c\u1eadp nh\u1eadt th\u00f4ng tin cho qu\u00fd v\u1ecb \u1edf m\u1ecdi giai \u0111o\u1ea1n.<\/p>\n<h3><span style=\"color: #6c1b6e;\">B\u1ea1n c\u00f3 th\u1ec3 mong \u0111\u1ee3i \u0111i\u1ec1u g\u00ec khi \u0111\u0103ng k\u00fd?<\/span><\/h3>\n<p>Khi b\u1ea1n s\u1eb5n s\u00e0ng tham gia ch\u01b0\u01a1ng tr\u00ecnh, ch\u00fang t\u00f4i s\u1ebd h\u01b0\u1edbng d\u1eabn b\u1ea1n qua quy tr\u00ecnh nh\u1eadp m\u00f4n \u0111\u01a1n gi\u1ea3n:<\/p>\n<ol>\n<li><span style=\"text-decoration: underline; color: #ff671d;\"><strong><a style=\"color: #ff671d; text-decoration: underline;\" href=\"https:\/\/forms.office.com\/Pages\/ResponsePage.aspx?id=Ji2Ibyty6EiZh1Axa8gBpnIFq0oQUilFjxwLeEgMA7FUMDVSWFUyRzBXUjZUUUkyV0JEOTFZWUtOSyQlQCN0PWcu\" target=\"_blank\" rel=\"noopener\">\u0110i\u1ec1n v\u00e0o m\u1eabu \u0111\u0103ng k\u00fd quan t\u00e2m<\/a><\/strong><\/span><\/li>\n<li><strong>K\u00fd k\u1ebft th\u1ecfa thu\u1eadn ch\u01b0\u01a1ng tr\u00ecnh<\/strong><br \/>\n<em><span style=\"color: #ff671d;\"><strong><span style=\"text-decoration: underline;\"><a style=\"color: #ff671d; text-decoration: underline;\" href=\"https:\/\/helpmegrowwa.org\/wp-content\/uploads\/2025\/12\/ASQ-Partnership-Program-Agreement.pdf\" target=\"_blank\" rel=\"noopener\">Xem v\u00ed d\u1ee5 v\u1ec1 th\u1ecfa thu\u1eadn<\/a><\/span><\/strong><\/span><\/em><\/li>\n<li><strong>Tham gia c\u00e1c bu\u1ed5i \u0111\u00e0o t\u1ea1o h\u1ed9i nh\u1eadp<\/strong><br \/>\n<em>Khi b\u1ea1n \u0111\u00e3 s\u1eb5n s\u00e0ng, ch\u00fang t\u00f4i s\u1ebd li\u00ean h\u1ec7 l\u1ea1i \u0111\u1ec3 cung c\u1ea5p th\u00f4ng tin chi ti\u1ebft v\u1ec1 kh\u00f3a \u0111\u00e0o t\u1ea1o v\u00e0 c\u00e1c l\u1ef1a ch\u1ecdn v\u1ec1 l\u1ecbch h\u1ecdc.<\/em><\/li>\n<li><strong>H\u00e3y chia s\u1ebb logo v\u00e0 b\u1ed9 nh\u1eadn di\u1ec7n th\u01b0\u01a1ng hi\u1ec7u c\u1ee7a trung t\u00e2m b\u1ea1n.<\/strong><br \/>\n<em>Ch\u00fang t\u00f4i s\u1ebd s\u1eed d\u1ee5ng th\u00f4ng tin n\u00e0y \u0111\u1ec3 thi\u1ebft l\u1eadp trang s\u00e0ng l\u1ecdc ASQ c\u00e1 nh\u00e2n h\u00f3a c\u1ee7a b\u1ea1n.<\/em><\/li>\n<li><strong>B\u1eaft \u0111\u1ea7u s\u1eed d\u1ee5ng trang c\u00e1 nh\u00e2n c\u1ee7a b\u1ea1n<\/strong><br \/>\n<em>C\u00e1c nh\u00e2n vi\u00ean ch\u0103m s\u00f3c t\u1ea1i trung t\u00e2m c\u1ee7a b\u1ea1n c\u00f3 th\u1ec3 b\u1eaft \u0111\u1ea7u ho\u00e0n th\u00e0nh c\u00e1c b\u01b0\u1edbc s\u00e0ng l\u1ecdc ngay l\u1eadp t\u1ee9c.<\/em><\/li>\n<\/ol>\n\t<\/div>\n\t<script>\n\t\t(function($) {\n\t\t\t\/\/ Get the block ID\n\t\t\tvar id = \"#block_bfb1e3d7cbba7deb0f522cd6a9c4aa57\";\n\t\t\t\/\/ Reveal the block\n\t\t\tvar container = document.documentElement;\n\t\t\tScrollReveal().reveal(id + \" .container\", {origin: \"bottom\", distance: \"20px\", duration: 1000, container: container});\n\t\t}(jQuery))\n\t<\/script>\n<\/div>\n\n<div id=\"block_5407b2cbdaead6f8c2fabfba8660f066\" class=\"invitation-block w-border light-gray center\">\t\n\t<div class=\"container\">\n\t\t<p>Help Me Grow Washington r\u1ea5t coi tr\u1ecdng quy\u1ec1n ri\u00eang t\u01b0 c\u1ee7a b\u1ea1n v\u00e0 c\u00e1c gia \u0111\u00ecnh m\u00e0 b\u1ea1n ph\u1ee5c v\u1ee5. L\u00e0 m\u1ed9t ph\u1ea7n c\u1ee7a ch\u01b0\u01a1ng tr\u00ecnh, b\u1ea1n s\u1ebd \u0111\u01b0\u1ee3c y\u00eau c\u1ea7u k\u00fd m\u1ed9t th\u1ecfa thu\u1eadn n\u00eau r\u00f5 s\u1ef1 tham gia c\u1ee7a b\u1ea1n, c\u00e1ch d\u1eef li\u1ec7u \u0111\u01b0\u1ee3c l\u01b0u tr\u1eef v\u00e0 ai c\u00f3 quy\u1ec1n truy c\u1eadp v\u00e0o d\u1eef li\u1ec7u \u0111\u00f3.<\/p>\n<p><span style=\"text-decoration: underline; color: #ff671d;\"><strong><a style=\"color: #ff671d; text-decoration: underline;\" href=\"https:\/\/helpmegrowwa.org\/wp-content\/uploads\/2025\/12\/ASQ-Partnership-Program-Agreement.pdf\" target=\"_blank\" rel=\"noopener\">H\u00e3y xem l\u1ea1i c\u00e1c chi ti\u1ebft trong th\u1ecfa thu\u1eadn n\u00e0y.<\/a><\/strong><\/span><\/p>\n\t<\/div>\n<\/div>\n\n<div id=\"block_112bd3edfb7c7533efe94bf8a1f48bce\" class=\"fifty-fifty-block blue right\">\n\t<img decoding=\"async\" class=\"flower-graphic\" src=\"https:\/\/helpmegrowwa.org\/wp-content\/themes\/helpmegrowwa\/images\/banner-text-shapes.svg\">\n\t<div class=\"info watermark\">\n\t\t<div class=\"container regular top\">\n\t\t\t<h3>C\u00e2u h\u1ecfi?<\/h3>\n<h3>Ch\u00fang t\u00f4i \u1edf \u0111\u00e2y \u0111\u1ec3 gi\u00fap \u0111\u1ee1.<\/h3>\n<p>N\u1ebfu b\u1ea1n c\u1ea7n th\u00eam th\u00f4ng tin ho\u1eb7c mu\u1ed1n th\u1ea3o lu\u1eadn v\u1ec1 c\u00e1c l\u1ef1a ch\u1ecdn h\u1ee3p t\u00e1c kh\u00e1c ph\u00f9 h\u1ee3p h\u01a1n v\u1edbi nhu c\u1ea7u c\u1ee7a m\u00ecnh, vui l\u00f2ng li\u00ean h\u1ec7 v\u1edbi nh\u00f3m c\u1ee7a ch\u00fang t\u00f4i t\u1ea1i [\u0111\u1ecba ch\u1ec9 email\/th\u00f4ng tin li\u00ean h\u1ec7]. <span data-teams=\"true\"><a id=\"menurkla\" class=\"fui-Link ___1q1shib f2hkw1w f3rmtva f1ewtqcl fyind8e f1k6fduh f1w7gpdv fk6fouc fjoy568 figsok6 f1s184ao f1mk8lai fnbmjn9 f1o700av f13mvf36 f1cmlufx f9n3di6 f1ids18y f1tx3yz7 f1deo86v f1eh06m1 f1iescvh fhgqx19 f1olyrje f1p93eir f1nev41a f1h8hb77 f1lqvz6u f10aw75t fsle3fq f17ae5zn\" title=\"mailto:childdevelopment@withinreachw.org\" href=\"mailto:childdevelopment@withinreachwa.org\" target=\"_blank\" rel=\"noreferrer noopener\" aria-label=\"Li\u00ean h\u1ec7 childdevelopment@withinreachw.org\">childdevelopment@withinreachwa.org<\/a><\/span><\/p>\n\t\t\t\t\t<\/div>\n\t<\/div>\n\t\t<div class=\"image\" style=\"background-image: url(https:\/\/helpmegrowwa.org\/wp-content\/uploads\/2025\/10\/Screenshot-2025-10-23-172947-e1764864456575.png);background-position: top left;\">\n\t\t\t\t\t<\/div>\n\t<script>\n\t(function($) {\n\t\t\/\/ Get the block ID\n\t\tvar id = \"#block_112bd3edfb7c7533efe94bf8a1f48bce\";\n\t\t\/\/ Reveal the block\n\t\tvar container = document.documentElement;\n\t\tScrollReveal().reveal(id + \".left .image\", {origin: \"left\", distance: \"20px\", duration: 1000});\n\t\tScrollReveal().reveal(id + \".left .info .container\", {origin: \"right\", distance: \"20px\", duration: 1000});\n\t\tScrollReveal().reveal(id + \".right .image\", {origin: \"right\", distance: \"20px\", duration: 1000});\n\t\tScrollReveal().reveal(id + \".right .info .container\", {origin: \"left\", distance: \"20px\", duration: 1000});\n\t}(jQuery))\n\t<\/script>\n<\/div>\n\n\n<div id=\"block_e1028220bec396725f62c977daf3448d\" class=\"news-feature-block\">\n\t<div class=\"container\">\n\t\t<div class=\"title\">\n\t\t\t\t\t\t\t<h2>Tin t\u1ee9c + C\u1eadp nh\u1eadt<\/h2>\n\t\t\t\t\t<\/div>\n\t\t<div class=\"wrapper\">\n\t\t\t\t\t\t\t\n\t\t\t\t\t\t\t\t\t\t\t\t\t\t\t\t\t\t\t\t<a class=\"article\" href=\"https:\/\/conta.cc\/4c23dcA\" target=\"_blank\">\n\t\t\t\t\t\t\t\t\t\t\t<div class=\"picture\">\n\t\t\t\t\t\t\t\t\t\t\t\t\t\t<img decoding=\"async\" src=\"https:\/\/helpmegrowwa.org\/wp-content\/uploads\/2026\/03\/HMG-WA-Network-Newsletter-header-14-260x180.png\" srcset=\"https:\/\/helpmegrowwa.org\/wp-content\/uploads\/2026\/03\/HMG-WA-Network-Newsletter-header-14-260x180.png 260w, https:\/\/helpmegrowwa.org\/wp-content\/uploads\/2026\/03\/HMG-WA-Network-Newsletter-header-14-520x200.png 520w\" sizes=\"260px\">\n\t\t\t\t\t\t\t\t\t\t\t\t\t\t\t<div class=\"type-label\">B\u1ea3n tin<\/div>\n\t\t\t\t\t\t\t\t\t\t\t\t\t<\/div>\n\t\t\t\t\t\t<div class=\"content\">\n\t\t\t\t\t\t\t\t\t\t\t\t\t\t\t<div class=\"date\">Th\u00e1ng T\u01b0 1, 2026<\/div>\n\t\t\t\t\t\t\t\t\t\t\t\t\t\t<div class=\"text\">\n\t\t\t\t\t\t\t\t<h3 class=\"title\">B\u1ea3n tin c\u1ee7a Ch\u00ednh ph\u1ee7 T\u00e2y \u00dac th\u00e1ng 3 n\u0103m 2026 (ti\u1ebfng T\u00e2y Ban Nha)<\/h3>\n\t\t\t\t\t\t\t\t<div class=\"summary\">Celebre a la red de Ay\u00fadame a Crecer Washington v\u00e0 conozca los avances que hemos \u0111\u0103ng nh\u1eadp v\u00e0 c\u00e1c bi\u1ebfn th\u1ec3 ban \u0111\u1ea7u c\u1ee7a k\u1ebf ho\u1ea1ch l\u1eadp k\u1ebf ho\u1ea1ch cho Ay\u00fadame a Crecer Washington.<\/div>\n\t\t\t\t\t\t\t<\/div>\n\t\t\t\t\t\t\t<div class=\"more\">\n\t\t\t\t\t\t\t\t\u0110\u1ecdc th\u00eam\n\t\t\t\t\t\t\t\t<svg class=\"arrow\" aria-hidden=\"true\" focusable=\"false\" data-prefix=\"fas\" data-icon=\"long-arrow-right\" role=\"img\" xmlns=\"http:\/\/www.w3.org\/2000\/svg\" viewbox=\"0 0 448 512\"><path fill=\"#ababab\" d=\"M254.544 154.427L320.118 220H24c-13.255 0-24 10.745-24 24v24c0 13.255 10.745 24 24 24h296.118l-65.574 65.573c-9.373 9.373-9.373 24.569 0 33.941l16.971 16.971c9.373 9.373 24.569 9.373 33.941 0L440.97 272.97c9.373-9.373 9.373-24.569 0-33.941L305.456 103.515c-9.373-9.373-24.569-9.373-33.941 0l-16.971 16.971c-9.373 9.372-9.373 24.568 0 33.941z\"><\/path><\/svg>\n\t\t\t\t\t\t\t<\/div>\n\t\t\t\t\t\t<\/div>\n\t\t\t\t\t<\/a>\n\t\t\t\t\t\t\t\t\t\t\t\t\t\t\t\t\t\t\t\t\t\t\t\t\t<a class=\"article\" href=\"https:\/\/conta.cc\/4d61btX\" target=\"_blank\">\n\t\t\t\t\t\t\t\t\t\t\t<div class=\"picture\">\n\t\t\t\t\t\t\t\t\t\t\t\t\t\t<img decoding=\"async\" src=\"https:\/\/helpmegrowwa.org\/wp-content\/uploads\/2026\/03\/HMG-WA-Network-Newsletter-header-13-260x180.png\" srcset=\"https:\/\/helpmegrowwa.org\/wp-content\/uploads\/2026\/03\/HMG-WA-Network-Newsletter-header-13-260x180.png 260w, https:\/\/helpmegrowwa.org\/wp-content\/uploads\/2026\/03\/HMG-WA-Network-Newsletter-header-13-520x200.png 520w\" sizes=\"260px\">\n\t\t\t\t\t\t\t\t\t\t\t\t\t\t\t<div class=\"type-label\">B\u1ea3n tin<\/div>\n\t\t\t\t\t\t\t\t\t\t\t\t\t<\/div>\n\t\t\t\t\t\t<div class=\"content\">\n\t\t\t\t\t\t\t\t\t\t\t\t\t\t\t<div class=\"date\">Th\u00e1ng Ba, 31, 2026<\/div>\n\t\t\t\t\t\t\t\t\t\t\t\t\t\t<div class=\"text\">\n\t\t\t\t\t\t\t\t<h3 class=\"title\">B\u1ea3n tin c\u1ee7a Ch\u00ednh ph\u1ee7 T\u00e2y \u00dac th\u00e1ng 3 n\u0103m 2026<\/h3>\n\t\t\t\t\t\t\t\t<div class=\"summary\">H\u00e3y c\u00f9ng t\u00f4n vinh m\u1ea1ng l\u01b0\u1edbi Help Me Grow WA v\u00e0 t\u00ecm hi\u1ec3u v\u1ec1 nh\u1eefng ti\u1ebfn b\u1ed9 \u0111\u00e3 \u0111\u1ea1t \u0111\u01b0\u1ee3c trong m\u1ed9t s\u1ed1 s\u00e1ng ki\u1ebfn chi\u1ebfn l\u01b0\u1ee3c thu\u1ed9c K\u1ebf ho\u1ea1ch Chi\u1ebfn l\u01b0\u1ee3c Help Me Grow WA.<\/div>\n\t\t\t\t\t\t\t<\/div>\n\t\t\t\t\t\t\t<div class=\"more\">\n\t\t\t\t\t\t\t\t\u0110\u1ecdc th\u00eam\n\t\t\t\t\t\t\t\t<svg class=\"arrow\" aria-hidden=\"true\" focusable=\"false\" data-prefix=\"fas\" data-icon=\"long-arrow-right\" role=\"img\" xmlns=\"http:\/\/www.w3.org\/2000\/svg\" viewbox=\"0 0 448 512\"><path fill=\"#ababab\" d=\"M254.544 154.427L320.118 220H24c-13.255 0-24 10.745-24 24v24c0 13.255 10.745 24 24 24h296.118l-65.574 65.573c-9.373 9.373-9.373 24.569 0 33.941l16.971 16.971c9.373 9.373 24.569 9.373 33.941 0L440.97 272.97c9.373-9.373 9.373-24.569 0-33.941L305.456 103.515c-9.373-9.373-24.569-9.373-33.941 0l-16.971 16.971c-9.373 9.372-9.373 24.568 0 33.941z\"><\/path><\/svg>\n\t\t\t\t\t\t\t<\/div>\n\t\t\t\t\t\t<\/div>\n\t\t\t\t\t<\/a>\n\t\t\t\t\t\t\t\t\t\t\t\t\t\t\t\t\t\t\t\t\t\t\t\t\t<a class=\"article\" href=\"https:\/\/helpmegrowwa.org\/vi\/reaching-new-heights-partnering-to-support-child-development\">\n\t\t\t\t\t\t\t\t\t\t\t<div class=\"picture\">\n\t\t\t\t\t\t\t\t\t\t\t\t\t\t<img decoding=\"async\" src=\"https:\/\/helpmegrowwa.org\/wp-content\/uploads\/2026\/03\/NEWS-STORY-TITLE-5-e1774371040337-260x180.png\" srcset=\"https:\/\/helpmegrowwa.org\/wp-content\/uploads\/2026\/03\/NEWS-STORY-TITLE-5-e1774371040337-260x180.png 260w, https:\/\/helpmegrowwa.org\/wp-content\/uploads\/2026\/03\/NEWS-STORY-TITLE-5-e1774371040337-520x360.png 520w\" sizes=\"260px\">\n\t\t\t\t\t\t\t\t\t\t\t\t\t\t\t<div class=\"type-label\">B\u00e0i vi\u1ebft<\/div>\n\t\t\t\t\t\t\t\t\t\t\t\t\t<\/div>\n\t\t\t\t\t\t<div class=\"content\">\n\t\t\t\t\t\t\t\t\t\t\t\t\t\t\t<div class=\"date\">Th\u00e1ng Ba, ng\u00e0y 24 th\u00e1ng 2 n\u0103m 2026<\/div>\n\t\t\t\t\t\t\t\t\t\t\t\t\t\t<div class=\"text\">\n\t\t\t\t\t\t\t\t<h3 class=\"title\">V\u01b0\u01a1n t\u1edbi t\u1ea7m cao m\u1edbi: H\u1ee3p t\u00e1c \u0111\u1ec3 h\u1ed7 tr\u1ee3 s\u1ef1 ph\u00e1t tri\u1ec3n c\u1ee7a tr\u1ebb em<\/h3>\n\t\t\t\t\t\t\t\t<div class=\"summary\">Ngu\u1ed3n t\u00e0i li\u1ec7u m\u1edbi d\u00e0nh cho gia \u0111\u00ecnh v\u00e0 ng\u01b0\u1eddi b\u1ea1n \u0111\u1eddi! Help Me Grow WA \u0111\u00e3 h\u1ee3p t\u00e1c v\u1edbi Chi nh\u00e1nh Washington c\u1ee7a H\u1ecdc vi\u1ec7n Nhi khoa Hoa K\u1ef3 (WCAAP) \u0111\u1ec3 c\u00f9ng t\u1ea1o ra m\u1ed9t bi\u1ec3u \u0111\u1ed3 chi\u1ec1u cao song ng\u1eef th\u00fa v\u1ecb d\u00e0nh cho tr\u1ebb em t\u1eeb 2 th\u00e1ng \u0111\u1ebfn 5 tu\u1ed5i. \u0110\u01b0\u1ee3c thi\u1ebft k\u1ebf d\u1ef1a tr\u00ean chuy\u00ean m\u00f4n nhi khoa v\u00e0 d\u00e0nh cho c\u00e1c gia \u0111\u00ecnh, m\u1ed7i bi\u1ec3u \u0111\u1ed3 bao g\u1ed3m c\u00e1c m\u1ed1c ph\u00e1t tri\u1ec3n quan tr\u1ecdng v\u00e0 nh\u1eefng c\u00e1ch \u0111\u01a1n gi\u1ea3n m\u00e0 c\u00e1c gia \u0111\u00ecnh c\u00f3 th\u1ec3 h\u1ed7 tr\u1ee3 s\u1ef1 ph\u00e1t tri\u1ec3n v\u00e0 h\u1ecdc t\u1eadp c\u1ee7a con m\u00ecnh. <\/div>\n\t\t\t\t\t\t\t<\/div>\n\t\t\t\t\t\t\t<div class=\"more\">\n\t\t\t\t\t\t\t\t\u0110\u1ecdc th\u00eam\n\t\t\t\t\t\t\t\t<svg class=\"arrow\" aria-hidden=\"true\" focusable=\"false\" data-prefix=\"fas\" data-icon=\"long-arrow-right\" role=\"img\" xmlns=\"http:\/\/www.w3.org\/2000\/svg\" viewbox=\"0 0 448 512\"><path fill=\"#ababab\" d=\"M254.544 154.427L320.118 220H24c-13.255 0-24 10.745-24 24v24c0 13.255 10.745 24 24 24h296.118l-65.574 65.573c-9.373 9.373-9.373 24.569 0 33.941l16.971 16.971c9.373 9.373 24.569 9.373 33.941 0L440.97 272.97c9.373-9.373 9.373-24.569 0-33.941L305.456 103.515c-9.373-9.373-24.569-9.373-33.941 0l-16.971 16.971c-9.373 9.372-9.373 24.568 0 33.941z\"><\/path><\/svg>\n\t\t\t\t\t\t\t<\/div>\n\t\t\t\t\t\t<\/div>\n\t\t\t\t\t<\/a>\n\t\t\t\t\t\t\t\t\t\t\t\t\t\t\t\t\t\t\t\t\t\t\t\t\t<a class=\"article\" href=\"https:\/\/helpmegrowwa.org\/vi\/news\/celebrating-the-2026-help-me-grow-washington-network\">\n\t\t\t\t\t\t\t\t\t\t\t<div class=\"picture\">\n\t\t\t\t\t\t\t\t\t\t\t\t\t\t<img decoding=\"async\" src=\"https:\/\/helpmegrowwa.org\/wp-content\/uploads\/2026\/03\/NEWS-STORY-TITLE-4-260x180.png\" srcset=\"https:\/\/helpmegrowwa.org\/wp-content\/uploads\/2026\/03\/NEWS-STORY-TITLE-4-260x180.png 260w, https:\/\/helpmegrowwa.org\/wp-content\/uploads\/2026\/03\/NEWS-STORY-TITLE-4-520x360.png 520w\" sizes=\"260px\">\n\t\t\t\t\t\t\t\t\t\t\t\t\t\t\t<div class=\"type-label\">Tin t\u1ee9c<\/div>\n\t\t\t\t\t\t\t\t\t\t\t\t\t<\/div>\n\t\t\t\t\t\t<div class=\"content\">\n\t\t\t\t\t\t\t\t\t\t\t\t\t\t\t<div class=\"date\">Th\u00e1ng Ba, ng\u00e0y 23 th\u00e1ng 2 n\u0103m 2026<\/div>\n\t\t\t\t\t\t\t\t\t\t\t\t\t\t<div class=\"text\">\n\t\t\t\t\t\t\t\t<h3 class=\"title\">Ch\u00e0o m\u1eebng s\u1ef1 ra m\u1eaft M\u1ea1ng l\u01b0\u1edbi Help Me Grow Washington n\u0103m 2026!<\/h3>\n\t\t\t\t\t\t\t\t<div class=\"summary\">Ch\u00fang t\u00f4i r\u1ea5t vui m\u1eebng ch\u00e0o \u0111\u00f3n Help Me Grow Whatcom v\u00e0 Help Me Grow Grays Harbor gia nh\u1eadp m\u1ea1ng l\u01b0\u1edbi Help Me Grow Washington! \ud83d\udc9c V\u1edbi s\u1ef1 tham gia c\u1ee7a hai \u0111\u01a1n v\u1ecb n\u00e0y, nhi\u1ec1u c\u1ed9ng \u0111\u1ed3ng tr\u00ean to\u00e0n ti\u1ec3u bang \u0111ang x\u00e2y d\u1ef1ng c\u00e1c h\u1ec7 th\u1ed1ng h\u1ed7 tr\u1ee3 ph\u1ed1i h\u1ee3p, l\u1ea5y gia \u0111\u00ecnh l\u00e0m trung t\u00e2m\u2014t\u0103ng c\u01b0\u1eddng k\u1ebft n\u1ed1i v\u00e0 gi\u00fap c\u00e1c gia \u0111\u00ecnh d\u1ec5 d\u00e0ng ti\u1ebfp c\u1eadn c\u00e1c ngu\u1ed3n l\u1ef1c c\u1ea7n thi\u1ebft, khi h\u1ecd c\u1ea7n.\u00a0<\/div>\n\t\t\t\t\t\t\t<\/div>\n\t\t\t\t\t\t\t<div class=\"more\">\n\t\t\t\t\t\t\t\t\u0110\u1ecdc th\u00eam\n\t\t\t\t\t\t\t\t<svg class=\"arrow\" aria-hidden=\"true\" focusable=\"false\" data-prefix=\"fas\" data-icon=\"long-arrow-right\" role=\"img\" xmlns=\"http:\/\/www.w3.org\/2000\/svg\" viewbox=\"0 0 448 512\"><path fill=\"#ababab\" d=\"M254.544 154.427L320.118 220H24c-13.255 0-24 10.745-24 24v24c0 13.255 10.745 24 24 24h296.118l-65.574 65.573c-9.373 9.373-9.373 24.569 0 33.941l16.971 16.971c9.373 9.373 24.569 9.373 33.941 0L440.97 272.97c9.373-9.373 9.373-24.569 0-33.941L305.456 103.515c-9.373-9.373-24.569-9.373-33.941 0l-16.971 16.971c-9.373 9.372-9.373 24.568 0 33.941z\"><\/path><\/svg>\n\t\t\t\t\t\t\t<\/div>\n\t\t\t\t\t\t<\/div>\n\t\t\t\t\t<\/a>\n\t\t\t\t\t\t\t\t\t\t\t\t\t\n\t\t\t\t\t\t\t\n\t\t<\/div>\n\t<\/div>\n\t<script>\n\t\n\t(function($) {\n\t\n\t\t\/\/ Get the block ID\n\t\tvar id = \"#block_e1028220bec396725f62c977daf3448d\";\n\t\t\n\t\t\/\/ Reveal foreground elements\n\t\tScrollReveal().reveal(id + \" .article\", {origin: \"bottom\", distance: \"20px\", duration: 1000, viewFactor: 0.2, interval: 100, reset: false});\n\t\t\n\t})(jQuery)\n\t\n\t<\/script>\t\n<\/div>","protected":false},"excerpt":{"rendered":"","protected":false},"author":54,"featured_media":0,"parent":0,"menu_order":42,"comment_status":"closed","ping_status":"closed","template":"","meta":{"_acf_changed":false,"footnotes":""},"acf":[],"_links":{"self":[{"href":"https:\/\/helpmegrowwa.org\/vi\/wp-json\/wp\/v2\/pages\/12791"}],"collection":[{"href":"https:\/\/helpmegrowwa.org\/vi\/wp-json\/wp\/v2\/pages"}],"about":[{"href":"https:\/\/helpmegrowwa.org\/vi\/wp-json\/wp\/v2\/types\/page"}],"author":[{"embeddable":true,"href":"https:\/\/helpmegrowwa.org\/vi\/wp-json\/wp\/v2\/users\/54"}],"replies":[{"embeddable":true,"href":"https:\/\/helpmegrowwa.org\/vi\/wp-json\/wp\/v2\/comments?post=12791"}],"version-history":[{"count":32,"href":"https:\/\/helpmegrowwa.org\/vi\/wp-json\/wp\/v2\/pages\/12791\/revisions"}],"predecessor-version":[{"id":13229,"href":"https:\/\/helpmegrowwa.org\/vi\/wp-json\/wp\/v2\/pages\/12791\/revisions\/13229"}],"wp:attachment":[{"href":"https:\/\/helpmegrowwa.org\/vi\/wp-json\/wp\/v2\/media?parent=12791"}],"curies":[{"name":"wp","href":"https:\/\/api.w.org\/{rel}","templated":true}]}}