{"id":3438,"date":"2020-02-12T20:06:31","date_gmt":"2020-02-12T20:06:31","guid":{"rendered":"http:\/\/hmg.dillpixel.com\/?page_id=3438"},"modified":"2020-02-24T20:11:03","modified_gmt":"2020-02-24T20:11:03","slug":"webinars","status":"publish","type":"page","link":"https:\/\/helpmegrowwa.org\/vi\/news-updates\/webinars","title":{"rendered":"H\u1ed9i th\u1ea3o"},"content":{"rendered":"<div id=\"block_5e445b16a0148\" class=\"banner-block text\">\n\t<img decoding=\"async\" class=\"graphic\" src=\"https:\/\/helpmegrowwa.org\/wp-content\/themes\/helpmegrowwa\/images\/banner-text-shapes.svg\">\n\t<div class=\"text-wrapper\">\n\t\t<h1>H\u1ed9i th\u1ea3o<\/h1>\n\t<\/div>\t\n\t<script>\n\t(function($) {\n\t\t\/\/ Get the block ID\n\t\tvar id = \"#block_5e445b16a0148\";\n\t\t\/\/ Reveal the heading\n\t\tScrollReveal().reveal(id + \" h1\", {duration: 1000});\n\t})(jQuery)\n\t<\/script>\n<\/div>\n\n\n\n\n<div id=\"block_5e542dca17637\" class=\"news-page-block\">\n\t<div class=\"container\">\n\t\t<div class=\"top\">\n\t\t\t<div class=\"news-menu\">\n\t\t\t\t<a class=\"types\" href=\"\/vi\/news-events\/blog\/\">\n\t\t\t\t\tBlog\n\t\t\t\t<\/a>\n\t\t\t\t<a class=\"types\" href=\"\/vi\/news-events\/stories\/\">\n\t\t\t\t\tNh\u1eefng c\u00e2u chuy\u1ec7n\n\t\t\t\t<\/a>\n\t\t\t\t<a class=\"types\" href=\"\/vi\/news-events\/news\/\">\n\t\t\t\t\tTin t\u1ee9c\n\t\t\t\t<\/a>\n\t\t\t\t<a class=\"types\" href=\"\/vi\/news-events\/newsletters\/\">\n\t\t\t\t\tB\u1ea3n tin\n\t\t\t\t<\/a>\n\t\t\t\t<a class=\"types\" href=\"\/vi\/news-events\/events\/\">\n\t\t\t\t\tS\u1ef1 ki\u1ec7n\n\t\t\t\t<\/a>\n\t\t\t\t<a class=\"types\" href=\"\/vi\/news-events\/videos\/\">\n\t\t\t\t\tVideo\n\t\t\t\t<\/a>\n\t\t\t\t<a class=\"types\" href=\"\/vi\/news-events\/webinars\/\">\n\t\t\t\t\tH\u1ed9i th\u1ea3o\n\t\t\t\t<\/a>\n\t\t\t<\/div>\n\t\t\t<div class=\"subscribe\">\n\t\t\t\t<div class=\"writing\">\n\t\t\t\t\tGhi danh nh\u1eadn th\u01b0 th\u00f4ng tin qua email!\n\t\t\t\t<\/div>\n\t\t\t\t<form id=\"subscription\" action=\"\">\n\t\t\t\t\t<input type=\"hidden\" class=\"form\" value=\"Subscription\">\n\t\t\t\t\t<input type=\"email\" class=\"email\" placeholder=\"Ghi v\u00e0o \u0111\u1ecba ch\u1ec9 email c\u1ee7a qu\u00fd v\u1ecb.\" required>\n\t\t\t\t\t<button type=\"submit\">\n\t\t\t\t\t\tGhi danh\n\t\t\t\t\t<\/button>\n\t\t\t\t<input type=\"hidden\" name=\"trp-form-language\" value=\"vi\"\/><\/form>\n\t\t\t\t<script>\n\t\t\t\t\t(function($) {\n\t\n\t\t\t\t\t\t\/\/====================================================================================================\n\t\t\t\t\t\t\/\/ Newsletter Signup\n\t\t\t\t\t\t\/\/====================================================================================================\n\t\t\t\t\t\t\n\t\t\t\t\t\t$(\".news-page-block form\").on(\"submit\", function(event) {\n\t\t\t\t\t\t\tvar form = $(this)\n\t\t\t\t\t\t\tevent.preventDefault();\n\t\t\t\t\t\t\t$.ajax({\n\t\t\t\t\t\t\t\turl: \"https:\/\/visitor2.constantcontact.com\/api\/signup\",\n\t\t\t\t\t\t\t\tmethod: \"post\",\n\t\t\t\t\t\t\t\tdata: {\n\t\t\t\t\t\t\t\t\t\n\t\t\t\t\t\t\t\t\tca: \"c89bd958-6e60-4b48-bc81-540c66ddd0ed\",\n\t\t\t\t\t\t\t\t\tlist: \"1872223564\",\n\t\t\t\t\t\t\t\t\tsource: \"EFD\",\n\t\t\t\t\t\t\t\t\trequired: \"list,email\",\n\t\t\t\t\t\t\t\t\temail: $(\".news-page-block form .email\").val()\n\t\t\t\t\t\t\t\t},\n\t\t\t\t\t\t\t\tdataType: \"json\",\n\t\t\t\t\t\t\t\tsuccess: function() {\n\t\t\t\t\t\t\t\t\tform[0].reset();\n\t\t\t\t\t\t\t\t\tform.find(\".email\").blur();\n\t\t\t\t\t\t\t\t\tform.find(\".email\").attr(\"placeholder\", \"Thank you!\");\n\t\t\t\t\t\t\t\t}\n\t\t\t\t\t\t\t})\n\t\t\t\t\t\t});\n\t\t\t\t\t\t\n\t\t\t\t\t}(jQuery))\n\t\t\t\t<\/script>\n\t\t\t<\/div>\n\t\t<\/div>\n\t\t<div class=\"wrapper\">\n\t\t\t\t\t\t\t\t\t\t\t\t\t\t\t\t<a class=\"article\" href=\"https:\/\/helpmegrowwa.org\/vi\/webinar\/partnering-to-make-the-most-of-child-development-supports\">\n\t\t\t\t\t\t\t\t\t<div class=\"picture\">\n\t\t\t\t\t\t\t\t\t\t\t\t<img decoding=\"async\" src=\"https:\/\/helpmegrowwa.org\/wp-content\/uploads\/2021\/10\/Partnerhing-to-Make-the-Most-of-Child-Development-Supports-260x180.png\" srcset=\"https:\/\/helpmegrowwa.org\/wp-content\/uploads\/2021\/10\/Partnerhing-to-Make-the-Most-of-Child-Development-Supports-260x180.png 260w, https:\/\/helpmegrowwa.org\/wp-content\/uploads\/2021\/10\/Partnerhing-to-Make-the-Most-of-Child-Development-Supports-520x360.png 520w\" sizes=\"260px\">\n\t\t\t\t\t\t\t\t\t\t\t\t\t<div class=\"type-label\">H\u1ed9i th\u1ea3o tr\u00ean web<\/div>\n\t\t\t\t\t\t\t\t\t\t\t<\/div>\n\t\t\t\t\t<div class=\"content\">\n\t\t\t\t\t\t<div class=\"date\">19 Th\u00e1ng M\u01b0\u1eddi M\u1ed9t, 2021<\/div>\n\t\t\t\t\t\t<div class=\"text\">\n\t\t\t\t\t\t\t<h3 class=\"title\">H\u1ee3p t\u00e1c \u0111\u1ec3 t\u1eadn d\u1ee5ng t\u1ed1i \u0111a c\u00e1c h\u1ed7 tr\u1ee3 ph\u00e1t tri\u1ec3n c\u1ee7a tr\u1ebb em<\/h3>\n\t\t\t\t\t\t\t<div class=\"summary\">H\u1ed9i th\u1ea3o tr\u00ean web n\u00e0y gi\u1edbi thi\u1ec7u \u201cHelp Me Grow\u201d, \u201cT\u00ecm hi\u1ec3u c\u00e1c d\u1ea5u hi\u1ec7u. H\u00e0nh \u0111\u1ed9ng s\u1edbm \u201dv\u00e0\u201c Vroom \u201dv\u00e0 cho th\u1ea5y ch\u00fang ph\u00f9 h\u1ee3p v\u1edbi nhau nh\u01b0 th\u1ebf n\u00e0o v\u00e0 c\u00f3 th\u1ec3 c\u1ee7ng c\u1ed1 l\u1eabn nhau. Ch\u00fang t\u00f4i s\u1ebd nghe c\u00e1ch ch\u00fang \u0111\u01b0\u1ee3c th\u1ef1c hi\u1ec7n trong c\u00e1c c\u1ed9ng \u0111\u1ed3ng \u1edf Washington v\u00e0 cho b\u1ea1n bi\u1ebft c\u00e1ch b\u1ea1n c\u00f3 th\u1ec3 b\u1eaft \u0111\u1ea7u v\u1edbi c\u1ea3 ba.<\/div>\n\t\t\t\t\t\t<\/div>\n\t\t\t\t\t\t<div class=\"more\">\n\t\t\t\t\t\t\t\u0110\u1ecdc th\u00eam\n\t\t\t\t\t\t\t<svg class=\"arrow\" aria-hidden=\"true\" focusable=\"false\" data-prefix=\"fas\" data-icon=\"long-arrow-right\" role=\"img\" xmlns=\"http:\/\/www.w3.org\/2000\/svg\" viewbox=\"0 0 448 512\"><path fill=\"#ababab\" d=\"M254.544 154.427L320.118 220H24c-13.255 0-24 10.745-24 24v24c0 13.255 10.745 24 24 24h296.118l-65.574 65.573c-9.373 9.373-9.373 24.569 0 33.941l16.971 16.971c9.373 9.373 24.569 9.373 33.941 0L440.97 272.97c9.373-9.373 9.373-24.569 0-33.941L305.456 103.515c-9.373-9.373-24.569-9.373-33.941 0l-16.971 16.971c-9.373 9.372-9.373 24.568 0 33.941z\"><\/path><\/svg>\n\t\t\t\t\t\t<\/div>\n\t\t\t\t\t<\/div>\n\t\t\t\t<\/a>\n\t\t\t\t\t\t\t\t\t\t\t\t\t\t\t\t\t\t\t\t<a class=\"article\" href=\"https:\/\/helpmegrowwa.org\/vi\/webinar\/building-the-help-me-grow-washington-system\">\n\t\t\t\t\t\t\t\t\t<div class=\"picture\">\n\t\t\t\t\t\t\t\t\t\t\t\t<img decoding=\"async\" src=\"https:\/\/helpmegrowwa.org\/wp-content\/uploads\/2020\/09\/HMG-Strucute-and-Action-Teams-Thumbnail-260x180.png\" srcset=\"https:\/\/helpmegrowwa.org\/wp-content\/uploads\/2020\/09\/HMG-Strucute-and-Action-Teams-Thumbnail-260x180.png 260w, https:\/\/helpmegrowwa.org\/wp-content\/uploads\/2020\/09\/HMG-Strucute-and-Action-Teams-Thumbnail-520x360.png 520w\" sizes=\"260px\">\n\t\t\t\t\t\t\t\t\t\t\t\t\t<div class=\"type-label\">H\u1ed9i th\u1ea3o tr\u00ean web<\/div>\n\t\t\t\t\t\t\t\t\t\t\t<\/div>\n\t\t\t\t\t<div class=\"content\">\n\t\t\t\t\t\t<div class=\"date\">Th\u00e1ng Ch\u00edn 4, 2020<\/div>\n\t\t\t\t\t\t<div class=\"text\">\n\t\t\t\t\t\t\t<h3 class=\"title\">X\u00e2y d\u1ef1ng H\u1ec7 th\u1ed1ng Help Me Grow Washington<\/h3>\n\t\t\t\t\t\t\t<div class=\"summary\">Trong h\u1ed9i th\u1ea3o tr\u00ean web k\u00e9o d\u00e0i m\u1ed9t gi\u1edd n\u00e0y, nh\u1eefng ng\u01b0\u1eddi tham gia s\u1ebd h\u1ecdc c\u00e1ch tham gia v\u00e0o vi\u1ec7c t\u1ea1o ra h\u1ec7 th\u1ed1ng Help Me Grow c\u00f4ng b\u1eb1ng \u1edf Washington, c\u0169ng nh\u01b0 v\u1ec1 c\u1ea5u tr\u00fac Help Me Grow Washington m\u1edbi, bao g\u1ed3m vai tr\u00f2 c\u1ee7a c\u00e1c nh\u00f3m h\u00e0nh \u0111\u1ed9ng.<\/div>\n\t\t\t\t\t\t<\/div>\n\t\t\t\t\t\t<div class=\"more\">\n\t\t\t\t\t\t\t\u0110\u1ecdc th\u00eam\n\t\t\t\t\t\t\t<svg class=\"arrow\" aria-hidden=\"true\" focusable=\"false\" data-prefix=\"fas\" data-icon=\"long-arrow-right\" role=\"img\" xmlns=\"http:\/\/www.w3.org\/2000\/svg\" viewbox=\"0 0 448 512\"><path fill=\"#ababab\" d=\"M254.544 154.427L320.118 220H24c-13.255 0-24 10.745-24 24v24c0 13.255 10.745 24 24 24h296.118l-65.574 65.573c-9.373 9.373-9.373 24.569 0 33.941l16.971 16.971c9.373 9.373 24.569 9.373 33.941 0L440.97 272.97c9.373-9.373 9.373-24.569 0-33.941L305.456 103.515c-9.373-9.373-24.569-9.373-33.941 0l-16.971 16.971c-9.373 9.372-9.373 24.568 0 33.941z\"><\/path><\/svg>\n\t\t\t\t\t\t<\/div>\n\t\t\t\t\t<\/div>\n\t\t\t\t<\/a>\n\t\t\t\t\t\t\t\t\t\t\t\t\t\t\t\t\t\t\t\t<a class=\"article\" href=\"https:\/\/helpmegrowwa.org\/vi\/webinar\/help-me-grow-system-overview\">\n\t\t\t\t\t\t\t\t\t<div class=\"picture\">\n\t\t\t\t\t\t\t\t\t\t\t\t<img decoding=\"async\" src=\"https:\/\/helpmegrowwa.org\/wp-content\/uploads\/2020\/02\/webinar-hmg-overview-260x180.jpg\" srcset=\"https:\/\/helpmegrowwa.org\/wp-content\/uploads\/2020\/02\/webinar-hmg-overview-260x180.jpg 260w, https:\/\/helpmegrowwa.org\/wp-content\/uploads\/2020\/02\/webinar-hmg-overview-520x360.jpg 520w\" sizes=\"260px\">\n\t\t\t\t\t\t\t\t\t\t\t\t\t<div class=\"type-label\">H\u1ed9i th\u1ea3o tr\u00ean web<\/div>\n\t\t\t\t\t\t\t\t\t\t\t<\/div>\n\t\t\t\t\t<div class=\"content\">\n\t\t\t\t\t\t<div class=\"date\">Th\u00e1ng Hai 24, 2020<\/div>\n\t\t\t\t\t\t<div class=\"text\">\n\t\t\t\t\t\t\t<h3 class=\"title\">T\u1ed5ng quan v\u1ec1 h\u1ec7 th\u1ed1ng Help Me Grow<\/h3>\n\t\t\t\t\t\t\t<div class=\"summary\">T\u00ecm hi\u1ec3u v\u1ec1 Help Me Grow Washington v\u1edbi Gi\u00e1m \u0111\u1ed1c Chi\u1ebfn l\u01b0\u1ee3c c\u1ee7a WithinReach, Sharon Beaudoin, v\u00e0 C\u1ed1 v\u1ea5n Chi\u1ebfn l\u01b0\u1ee3c c\u1ee7a Y t\u1ebf C\u00f4ng c\u1ed9ng-Seattle &amp; Qu\u1eadn King cho Help Me Grow, Marcy Miller.<\/div>\n\t\t\t\t\t\t<\/div>\n\t\t\t\t\t\t<div class=\"more\">\n\t\t\t\t\t\t\t\u0110\u1ecdc th\u00eam\n\t\t\t\t\t\t\t<svg class=\"arrow\" aria-hidden=\"true\" focusable=\"false\" data-prefix=\"fas\" data-icon=\"long-arrow-right\" role=\"img\" xmlns=\"http:\/\/www.w3.org\/2000\/svg\" viewbox=\"0 0 448 512\"><path fill=\"#ababab\" d=\"M254.544 154.427L320.118 220H24c-13.255 0-24 10.745-24 24v24c0 13.255 10.745 24 24 24h296.118l-65.574 65.573c-9.373 9.373-9.373 24.569 0 33.941l16.971 16.971c9.373 9.373 24.569 9.373 33.941 0L440.97 272.97c9.373-9.373 9.373-24.569 0-33.941L305.456 103.515c-9.373-9.373-24.569-9.373-33.941 0l-16.971 16.971c-9.373 9.372-9.373 24.568 0 33.941z\"><\/path><\/svg>\n\t\t\t\t\t\t<\/div>\n\t\t\t\t\t<\/div>\n\t\t\t\t<\/a>\n\t\t\t\t\t\t\t\t\t<\/div>\n\t<\/div>\n\t<script>\n\t\n\t(function($) {\n\t\n\t\t\/\/ Get the block ID\n\t\tvar id = \"#block_5e542dca17637\";\n\t\t\n\t\t\/\/ Reveal elements\n\t\tScrollReveal().reveal(id + \" .article\", {origin: \"bottom\", distance: \"20px\", duration: 1000, viewFactor: 0.2, interval: 100, reset: false});\n\t\t\n\t})(jQuery)\n\t\n\t<\/script>\n<\/div>","protected":false},"excerpt":{"rendered":"","protected":false},"author":2,"featured_media":0,"parent":63,"menu_order":6,"comment_status":"closed","ping_status":"closed","template":"","meta":{"_acf_changed":false,"footnotes":""},"acf":[],"_links":{"self":[{"href":"https:\/\/helpmegrowwa.org\/vi\/wp-json\/wp\/v2\/pages\/3438"}],"collection":[{"href":"https:\/\/helpmegrowwa.org\/vi\/wp-json\/wp\/v2\/pages"}],"about":[{"href":"https:\/\/helpmegrowwa.org\/vi\/wp-json\/wp\/v2\/types\/page"}],"author":[{"embeddable":true,"href":"https:\/\/helpmegrowwa.org\/vi\/wp-json\/wp\/v2\/users\/2"}],"replies":[{"embeddable":true,"href":"https:\/\/helpmegrowwa.org\/vi\/wp-json\/wp\/v2\/comments?post=3438"}],"version-history":[{"count":6,"href":"https:\/\/helpmegrowwa.org\/vi\/wp-json\/wp\/v2\/pages\/3438\/revisions"}],"predecessor-version":[{"id":3811,"href":"https:\/\/helpmegrowwa.org\/vi\/wp-json\/wp\/v2\/pages\/3438\/revisions\/3811"}],"up":[{"embeddable":true,"href":"https:\/\/helpmegrowwa.org\/vi\/wp-json\/wp\/v2\/pages\/63"}],"wp:attachment":[{"href":"https:\/\/helpmegrowwa.org\/vi\/wp-json\/wp\/v2\/media?parent=3438"}],"curies":[{"name":"wp","href":"https:\/\/api.w.org\/{rel}","templated":true}]}}