{"id":4095,"date":"2020-03-18T05:26:24","date_gmt":"2020-03-18T05:26:24","guid":{"rendered":"https:\/\/helpmegrowwa.org\/?page_id=4095"},"modified":"2023-09-14T18:23:30","modified_gmt":"2023-09-14T18:23:30","slug":"covid-19","status":"publish","type":"page","link":"https:\/\/helpmegrowwa.org\/vi\/covid-19","title":{"rendered":"COVID-19"},"content":{"rendered":"<div id=\"block_2a1172e8cbf9d5da596bb3bcf2209ff2\" class=\"banner-block text\">\n\t<img decoding=\"async\" class=\"graphic\" src=\"https:\/\/helpmegrowwa.org\/wp-content\/themes\/helpmegrowwa\/images\/banner-text-shapes.svg\">\n\t<div class=\"text-wrapper\">\n\t\t<h1>C\u1eadp nh\u1eadt COVID-19<\/h1>\n\t<\/div>\t\n\t<script>\n\t(function($) {\n\t\t\/\/ Get the block ID\n\t\tvar id = \"#block_2a1172e8cbf9d5da596bb3bcf2209ff2\";\n\t\t\/\/ Reveal the heading\n\t\tScrollReveal().reveal(id + \" h1\", {duration: 1000});\n\t})(jQuery)\n\t<\/script>\n<\/div>\n\n\n\n<div id=\"block_9efa0470e1f21e6bfdbd76b22ca618f7\" class=\"text-block white small left\">\n\t<div class=\"container one-column full\">\n\t\t<p><span data-contrast=\"auto\">Ch\u00fang t\u00f4i bi\u1ebft r\u1eb1ng COVID-19 \u0111\u00e3 \u1ea3nh h\u01b0\u1edfng v\u00e0 s\u1ebd ti\u1ebfp t\u1ee5c\u00a0<\/span><span data-contrast=\"auto\">va ch\u1ea1m<\/span><span data-contrast=\"auto\">\u00a0s\u1ee9c kh\u1ecfe v\u00e0 d\u1ecbch v\u1ee5 x\u00e3 h\u1ed9i c\u1ee7a ch\u00fang t\u00f4i\u00a0<\/span><span data-contrast=\"auto\">h\u1ec7 th\u1ed1ng,<\/span><span data-contrast=\"auto\">\u00a0v\u00e0 t\u1ea1o ra nhi\u1ec1u th\u00e1ch th\u1ee9c h\u01a1n cho c\u00e1c gia \u0111\u00ecnh \u0111\u1ec3 c\u00f3 \u0111\u01b0\u1ee3c c\u00e1c ngu\u1ed3n l\u1ef1c m\u00e0 h\u1ecd c\u1ea7n.\u00a0<\/span><b><span data-contrast=\"auto\">\u0110\u00f3 l\u00e0 l\u00fd do t\u1ea1i sao<\/span><\/b><span data-contrast=\"auto\">\u00a0<\/span><b><span data-contrast=\"auto\">WithinReach<\/span><\/b><b><span data-contrast=\"auto\">\u00a0\u0111ang \u0111i\u1ec1u ch\u1ec9nh c\u00f4ng vi\u1ec7c c\u1ee7a ch\u00fang t\u00f4i v\u00e0 \u0111\u00e1p \u1ee9ng theo nh\u1eefng c\u00e1ch l\u00e0m trung t\u00e2m c\u00e1c gia \u0111\u00ecnh Washington v\u00e0 nhu c\u1ea7u c\u1ee7a c\u1ed9ng \u0111\u1ed3ng c\u1ee7a ch\u00fang t\u00f4i<\/span><\/b><b><span data-contrast=\"auto\">t\u00f4i<\/span><\/b><b><span data-contrast=\"auto\">,<\/span><\/b><b><span data-contrast=\"auto\">\u00a0<\/span><\/b><b><span data-contrast=\"auto\">c\u1ea3 hai\u00a0<\/span><\/b><b><span data-contrast=\"auto\">trong v\u00e0 sau \u0111\u1ea1i d\u1ecbch.<\/span><\/b><span data-ccp-props=\"{&quot;201341983&quot;:0,&quot;335559739&quot;:160,&quot;335559740&quot;:276}\">\u00a0<\/span><\/p>\n<p><b><span data-contrast=\"auto\">Ch\u00fang t\u00f4i v\u1eabn cam k\u1ebft v\u00ec s\u1ee9c kh\u1ecfe c\u1ee7a b\u1ea1n<\/span><\/b><b><span data-contrast=\"auto\">\u00a0v\u00e0<\/span><\/b><b><span data-contrast=\"auto\">,<\/span><\/b><b><span data-contrast=\"auto\">\u00a0v\u1edbi t\u01b0 c\u00e1ch l\u00e0 \u0111\u1ed1i t\u00e1c c\u1ee7a b\u1ea1n, s\u1ebd l\u00e0m vi\u1ec7c \u0111\u1ec3 \u0111\u1ea3m b\u1ea3o b\u1ea1n c\u00f3 quy\u1ec1n truy c\u1eadp v\u00e0o c\u00e1c t\u00e0i nguy\u00ean b\u1ea1n c\u1ea7n. D\u01b0\u1edbi \u0111\u00e2y l\u00e0 nh\u1eefng c\u00e1ch t\u1ed1t nh\u1ea5t \u0111\u1ec3 k\u1ebft n\u1ed1i v\u1edbi ch\u00fang t\u00f4i:<\/span><\/b><span data-ccp-props=\"{&quot;201341983&quot;:0,&quot;335559739&quot;:160,&quot;335559740&quot;:276}\">\u00a0<\/span><\/p>\n<ul>\n<li data-leveltext=\"\u00b7\" data-font=\"Symbol\" data-listid=\"1\" aria-setsize=\"-1\" data-aria-posinset=\"1\" data-aria-level=\"1\"><span style=\"color: #6c1b6e;\"><strong><span style=\"color: #d9541d;\">G\u1ecdi cho \u0110\u01b0\u1eddng d\u00e2y n\u00f3ng Help Me Grow Washington c\u1ee7a ch\u00fang t\u00f4i theo s\u1ed1 1-800-322-2588.<\/span><\/strong><\/span><span data-contrast=\"none\">\u00a0<\/span><span data-contrast=\"auto\">N\u1ebfu b\u1ea1n ph\u1ea3i \u0111\u1ec3 l\u1ea1i tin nh\u1eafn, ch\u00fang t\u00f4i s\u1ebd g\u1ecdi l\u1ea1i cho b\u1ea1n trong th\u1eddi gian s\u1edbm nh\u1ea5t. Gi\u1edd \u0111\u01b0\u1eddng d\u00e2y n\u00f3ng c\u1ee7a ch\u00fang t\u00f4i l\u00e0 t\u1eeb Th\u1ee9 Hai \u0111\u1ebfn Th\u1ee9 N\u0103m, 8 gi\u1edd s\u00e1ng \u0111\u1ebfn 5 gi\u1edd 30 chi\u1ec1u v\u00e0 Th\u1ee9 S\u00e1u, 8\u00a0<\/span><span data-contrast=\"auto\">l\u00e0<\/span><span data-contrast=\"auto\">\u00a0\u0111\u1ebfn 5 gi\u1edd chi\u1ec1u\u00a0<\/span><span data-contrast=\"auto\">WithinReach<\/span><span data-contrast=\"auto\">\u00a0nh\u00e2n vi\u00ean \u0111a ng\u00f4n ng\u1eef v\u00e0 ph\u1ee5c v\u1ee5 m\u1ecdi ng\u01b0\u1eddi b\u1eb1ng nhi\u1ec1u ng\u00f4n ng\u1eef kh\u00e1c nhau th\u00f4ng qua \u0110\u01b0\u1eddng d\u00e2y Ng\u00f4n ng\u1eef AT&amp;T.<\/span><span data-ccp-props=\"{&quot;134233279&quot;:true,&quot;201341983&quot;:0,&quot;335559739&quot;:160,&quot;335559740&quot;:259}\">\u00a0<\/span><\/li>\n<li data-leveltext=\"\u00b7\" data-font=\"Symbol\" data-listid=\"1\" aria-setsize=\"-1\" data-aria-posinset=\"2\" data-aria-level=\"1\"><span data-contrast=\"none\"><span style=\"color: #d9541d;\"><strong>Li\u00ean h\u1ec7 v\u1edbi ch\u00fang t\u00f4i qua<\/strong><\/span>\u00a0<\/span><a href=\"https:\/\/profinder.parenthelp123.org\/benefit_finder?utm_campaign=Use-BenefitFinder&amp;utm_content=button-click&amp;utm_medium=Referral&amp;utm_source=ParentHelp123\"><span data-contrast=\"none\">bi\u1ec3u m\u1eabu tr\u1ef1c tuy\u1ebfn tr\u00ean trang web c\u1ee7a ch\u00fang t\u00f4i, ParentHelp123.org<\/span><\/a><span data-contrast=\"none\">.<\/span><span data-ccp-props=\"{&quot;134233279&quot;:true,&quot;201341983&quot;:0,&quot;335559739&quot;:160,&quot;335559740&quot;:259}\">\u00a0<\/span><\/li>\n<\/ul>\n<p><span data-contrast=\"auto\">WithinReach<\/span><span data-contrast=\"auto\">\u00a0gi\u00fap c\u00e1c gia \u0111\u00ecnh hi\u1ec3u v\u00e0 \u00e1p d\u1ee5ng cho nhi\u1ec1u ngu\u1ed3n dinh d\u01b0\u1ee1ng v\u00e0 s\u1ee9c kh\u1ecfe<\/span><span data-contrast=\"auto\">, ch\u1eb3ng h\u1ea1n nh\u01b0 Th\u1ef1c ph\u1ea9m C\u01a1 b\u1ea3n (phi\u1ebfu th\u1ef1c ph\u1ea9m); Ch\u01b0\u01a1ng tr\u00ecnh Dinh d\u01b0\u1ee1ng B\u1ed5 sung \u0110\u1eb7c bi\u1ec7t cho Ph\u1ee5 n\u1eef, Tr\u1ebb s\u01a1 sinh v\u00e0 Tr\u1ebb em (WIC); v\u00e0 b\u1ea3o hi\u1ec3m y t\u1ebf. Ngo\u00e0i,\u00a0<\/span><span data-contrast=\"auto\">WithinReach<\/span><span data-contrast=\"auto\">\u00a0cung c\u1ea5p h\u1ed7 tr\u1ee3 \u0111\u01b0\u1ee3c c\u00e1 nh\u00e2n h\u00f3a trong vi\u1ec7c t\u00ecm ki\u1ebfm ng\u00e2n h\u00e0ng th\u1ef1c ph\u1ea9m, ph\u00f2ng kh\u00e1m s\u1ee9c kh\u1ecfe v\u00e0 c\u00e1c ngu\u1ed3n h\u1ed7 tr\u1ee3 nu\u00f4i d\u1ea1y con c\u00e1i g\u1ea7n nh\u00e0, \u0111\u1ed3ng th\u1eddi c\u00f3 th\u1ec3 h\u1ed7 tr\u1ee3 kh\u00e1m s\u00e0ng l\u1ecdc s\u1ef1 ph\u00e1t tri\u1ec3n th\u1eddi th\u01a1 \u1ea5u v\u00e0 gi\u1ea3m gi\u00e1 v\u00e9 v\u1eadn chuy\u1ec3n.<\/span><span data-ccp-props=\"{&quot;201341983&quot;:0,&quot;335559739&quot;:160,&quot;335559740&quot;:276}\">\u00a0<\/span><\/p>\n<p><span data-contrast=\"auto\">Thay m\u1eb7t cho t\u1ea5t c\u1ea3 ch\u00fang t\u00f4i t\u1ea1i\u00a0<\/span><span data-contrast=\"auto\">WithinReach<\/span><span data-contrast=\"auto\">, gi\u1eef g\u00ecn s\u1ee9c kh\u1ecfe v\u00e0 t\u1ed1t cho s\u1ee9c kh\u1ecfe.<\/span><span data-ccp-props=\"{&quot;201341983&quot;:0,&quot;335559739&quot;:160,&quot;335559740&quot;:276}\">\u00a0<\/span><\/p>\n\t<\/div>\n\t<script>\n\t\t(function($) {\n\t\t\t\/\/ Get the block ID\n\t\t\tvar id = \"#block_9efa0470e1f21e6bfdbd76b22ca618f7\";\n\t\t\t\/\/ Reveal the block\n\t\t\tvar container = document.documentElement;\n\t\t\tScrollReveal().reveal(id + \" .container\", {origin: \"bottom\", distance: \"20px\", duration: 1000, container: container});\n\t\t}(jQuery))\n\t<\/script>\n<\/div>\n\n<div id=\"block_e2b2cfea19d91aa562bcc0956ca5f109\" class=\"text-block light-gray small right\">\n\t<div class=\"container one-column full\">\n\t\t<p><em>Trang \u0111\u01b0\u1ee3c c\u1eadp nh\u1eadt l\u1ea7n cu\u1ed1i: 13\/4\/2021<\/em><\/p>\n\t<\/div>\n\t<script>\n\t\t(function($) {\n\t\t\t\/\/ Get the block ID\n\t\t\tvar id = \"#block_e2b2cfea19d91aa562bcc0956ca5f109\";\n\t\t\t\/\/ Reveal the block\n\t\t\tvar container = document.documentElement;\n\t\t\tScrollReveal().reveal(id + \" .container\", {origin: \"bottom\", distance: \"20px\", duration: 1000, container: container});\n\t\t}(jQuery))\n\t<\/script>\n<\/div>","protected":false},"excerpt":{"rendered":"","protected":false},"author":2,"featured_media":0,"parent":0,"menu_order":605,"comment_status":"closed","ping_status":"closed","template":"","meta":{"_acf_changed":false,"footnotes":""},"acf":[],"_links":{"self":[{"href":"https:\/\/helpmegrowwa.org\/vi\/wp-json\/wp\/v2\/pages\/4095"}],"collection":[{"href":"https:\/\/helpmegrowwa.org\/vi\/wp-json\/wp\/v2\/pages"}],"about":[{"href":"https:\/\/helpmegrowwa.org\/vi\/wp-json\/wp\/v2\/types\/page"}],"author":[{"embeddable":true,"href":"https:\/\/helpmegrowwa.org\/vi\/wp-json\/wp\/v2\/users\/2"}],"replies":[{"embeddable":true,"href":"https:\/\/helpmegrowwa.org\/vi\/wp-json\/wp\/v2\/comments?post=4095"}],"version-history":[{"count":24,"href":"https:\/\/helpmegrowwa.org\/vi\/wp-json\/wp\/v2\/pages\/4095\/revisions"}],"predecessor-version":[{"id":6595,"href":"https:\/\/helpmegrowwa.org\/vi\/wp-json\/wp\/v2\/pages\/4095\/revisions\/6595"}],"wp:attachment":[{"href":"https:\/\/helpmegrowwa.org\/vi\/wp-json\/wp\/v2\/media?parent=4095"}],"curies":[{"name":"wp","href":"https:\/\/api.w.org\/{rel}","templated":true}]}}