{"id":45,"date":"2019-06-15T01:13:35","date_gmt":"2019-06-15T01:13:35","guid":{"rendered":"http:\/\/54.244.98.151\/?page_id=45"},"modified":"2024-03-06T23:24:38","modified_gmt":"2024-03-06T23:24:38","slug":"developmental-screenings","status":"publish","type":"page","link":"https:\/\/helpmegrowwa.org\/vi\/developmental-screenings","title":{"rendered":"S\u00e0ng l\u1ecdc ph\u00e1t tri\u1ec3n"},"content":{"rendered":"<div id=\"block_e6617b716c99337b62ab0ba6666f899b\" class=\"banner-block text\">\n\t<img decoding=\"async\" class=\"graphic\" src=\"https:\/\/helpmegrowwa.org\/wp-content\/themes\/helpmegrowwa\/images\/banner-text-shapes.svg\">\n\t<div class=\"text-wrapper\">\n\t\t<h1>S\u00e0ng l\u1ecdc ph\u00e1t tri\u1ec3n<\/h1>\n\t<\/div>\t\n\t<script>\n\t(function($) {\n\t\t\/\/ Get the block ID\n\t\tvar id = \"#block_e6617b716c99337b62ab0ba6666f899b\";\n\t\t\/\/ Reveal the heading\n\t\tScrollReveal().reveal(id + \" h1\", {duration: 1000});\n\t})(jQuery)\n\t<\/script>\n<\/div>\n\n\n\n<div id=\"block_a4b6dc5c308a69be49a5a163816fdc64\" class=\"text-block white large center\">\n\t<div class=\"container one-column full\">\n\t\t<h2><span style=\"color: #571653;\">B\u1ea1n mu\u1ed1n t\u00ecm hi\u1ec3u th\u00eam v\u1ec1 s\u1ef1 ph\u00e1t tri\u1ec3n c\u1ee7a con b\u1ea1n?<\/span><\/h2>\n<p><span class=\"TextRun SCXW110680314 BCX0\" lang=\"EN-US\" xml:lang=\"EN-US\" data-contrast=\"none\"><span class=\"NormalTextRun SCXW110680314 BCX0\">S\u00e0ng l\u1ecdc ph\u00e1t tri\u1ec3n l\u00e0\u00a0<\/span><span class=\"NormalTextRun SCXW110680314 BCX0\">d\u1ef1a tr\u00ean ho\u1ea1t \u0111\u1ed9ng<\/span><span class=\"NormalTextRun SCXW110680314 BCX0\"> b\u1ea3ng c\u00e2u h\u1ecfi c\u00f3 th\u1ec3 \u0111\u01b0\u1ee3c ho\u00e0n th\u00e0nh b\u1edfi ng\u01b0\u1eddi hi\u1ec3u r\u00f5 con b\u1ea1n nh\u1ea5t \u2013 b\u1ea1n<\/span><\/span><span class=\"TextRun SCXW110680314 BCX0\" lang=\"EN-US\" xml:lang=\"EN-US\" data-contrast=\"none\"><span class=\"NormalTextRun SCXW110680314 BCX0\">.\u00a0<\/span><\/span><span class=\"TextRun SCXW110680314 BCX0\" lang=\"EN-US\" xml:lang=\"EN-US\" data-contrast=\"none\"><span class=\"NormalTextRun SCXW110680314 BCX0\">Nh\u1eefng m\u00e0n h\u00ecnh n\u00e0y s\u1ebd h\u1ecfi b\u1ea1n\u00a0<\/span><span class=\"NormalTextRun SCXW110680314 BCX0\">gi\u00e0 \u0111i-<\/span><span class=\"NormalTextRun SCXW110680314 BCX0\">nh\u1eefng c\u00e2u h\u1ecfi c\u1ee5 th\u1ec3 v\u1ec1 s\u1ef1 ph\u00e1t tri\u1ec3n c\u1ee7a con b\u1ea1n v\u00e0 c\u00e1c ho\u1ea1t \u0111\u1ed9ng m\u00e0 con b\u1ea1n c\u00f3 th\u1ec3 l\u00e0m. <\/span><span class=\"NormalTextRun SCXW110680314 BCX0\">K\u1ebft qu\u1ea3<\/span><span class=\"NormalTextRun SCXW110680314 BCX0\">N\u00f3 cung c\u1ea5p cho b\u1ea1n c\u00e1i nh\u00ecn nhanh v\u1ec1 s\u1ef1 ph\u00e1t tri\u1ec3n c\u1ee7a con b\u1ea1n v\u00e0 l\u00e0 m\u1ed9t c\u00e1ch tuy\u1ec7t v\u1eddi \u0111\u1ec3 \u0111\u1ea3m b\u1ea3o r\u1eb1ng tr\u1ebb s\u01a1 sinh, tr\u1ebb m\u1edbi bi\u1ebft \u0111i ho\u1eb7c tr\u1ebb m\u1eabu gi\u00e1o c\u1ee7a b\u1ea1n kh\u1ecfe m\u1ea1nh v\u00e0 s\u1eb5n s\u00e0ng h\u1ecdc h\u1ecfi v\u00e0 ph\u00e1t tri\u1ec3n.<\/span> <span class=\"NormalTextRun SCXW110680314 BCX0\">C\u00f4ng vi\u00eac h\u1eb1ng ng\u00e0y\u00a0<\/span><span class=\"NormalTextRun SCXW110680314 BCX0\">d<\/span><span class=\"NormalTextRun SCXW110680314 BCX0\">s\u00e0ng l\u1ecdc ph\u00e1t tri\u1ec3n t\u1ed1t cho t\u1ea5t c\u1ea3 tr\u1ebb em t\u1eeb s\u01a1 sinh \u0111\u1ebfn 6 tu\u1ed5i.<\/span><\/span><span class=\"EOP SCXW110680314 BCX0\" data-ccp-props=\"{&quot;201341983&quot;:0,&quot;335559739&quot;:160,&quot;335559740&quot;:259}\">\u00a0<\/span><\/p>\n<p><strong>Ch\u00fang t\u00f4i c\u00f3 th\u1ec3 \u0111\u1ec1 xu\u1ea5t c\u00e1c ho\u1ea1t \u0111\u1ed9ng h\u1ed7 tr\u1ee3 s\u1ef1 ph\u00e1t tri\u1ec3n c\u1ee7a con b\u1ea1n t\u1ea1i nh\u00e0 v\u00e0 trong c\u1ed9ng \u0111\u1ed3ng ho\u1eb7c n\u1ebfu con b\u1ea1n c\u1ea7n h\u1ed7 tr\u1ee3 th\u00eam, ch\u00fang t\u00f4i c\u00f3 th\u1ec3 k\u1ebft n\u1ed1i b\u1ea1n v\u1edbi c\u00e1c ngu\u1ed3n l\u1ef1c v\u00e0 chuy\u00ean gia c\u00f3 th\u1ec3 tr\u1ee3 gi\u00fap.<\/strong><\/p>\n\t<\/div>\n\t<script>\n\t\t(function($) {\n\t\t\t\/\/ Get the block ID\n\t\t\tvar id = \"#block_a4b6dc5c308a69be49a5a163816fdc64\";\n\t\t\t\/\/ Reveal the block\n\t\t\tvar container = document.documentElement;\n\t\t\tScrollReveal().reveal(id + \" .container\", {origin: \"bottom\", distance: \"20px\", duration: 1000, container: container});\n\t\t}(jQuery))\n\t<\/script>\n<\/div>\n\n<div id=\"block_1fa6c225c80b2a9f05b12aef040db275\" class=\"tile-block light-gray\">\n\t<div class=\"container left\">\n\t\t<div class=\"image\">\n\t\t\t<div class=\"wrapper\">\n\t\t\t\t\t\t\t\t<img decoding=\"async\" src=\"https:\/\/helpmegrowwa.org\/wp-content\/uploads\/2023\/10\/Childrens-Developmental-Screening-Help-Me-Grow-Wa-555x392.jpg\" srcset=\"https:\/\/helpmegrowwa.org\/wp-content\/uploads\/2023\/10\/Childrens-Developmental-Screening-Help-Me-Grow-Wa-555x392.jpg 555w, https:\/\/helpmegrowwa.org\/wp-content\/uploads\/2023\/10\/Childrens-Developmental-Screening-Help-Me-Grow-Wa-1110x784.jpg 1110w\" sizes=\"555px\">\n\t\t\t<\/div>\n\t\t<\/div>\n\t\t<div class=\"text\">\n\t\t\t\t\t\t<h2><span style=\"color: #00609c;\">Tr\u1ea3 l\u1eddi b\u1ea3n c\u00e2u h\u1ecfi ki\u1ec3m tra<\/span><\/h2>\n<p>Tr\u1ea3 l\u1eddi B\u1ea3n c\u00e2u h\u1ecfi v\u1ec1 \u0111\u1ed9 tu\u1ed5i v\u00e0 giai \u0111o\u1ea1n ph\u00e1t tri\u1ec3n (ASQ) mi\u1ec5n ph\u00ed \u0111\u1ec3 kh\u00e1m ph\u00e1 c\u00e1c k\u1ef9 n\u0103ng m\u00e0 con em qu\u00fd v\u1ecb \u0111ang h\u1ecdc v\u00e0 c\u00e1ch qu\u00fd v\u1ecb c\u00f3 th\u1ec3 h\u1ed7 tr\u1ee3 s\u1ef1 ph\u00e1t tri\u1ec3n c\u1ee7a con em.<\/p>\n<h4><strong><a class=\"page-link\" href=\"https:\/\/www.asqonline.com\/family\/066652\" target=\"_blank\" rel=\"noopener\">B\u1eaft \u0111\u1ea7u th\u1ef1c hi\u1ec7n b\u1ea3n c\u00e2u h\u1ecfi ki\u1ec3m tra <img decoding=\"async\" src=\"\/wp-content\/themes\/helpmegrowwa\/images\/text-block-orange-arrow.svg\" \/><\/a><\/strong><\/h4>\n<h4><strong><a class=\"page-link\" href=\"https:\/\/www.asqonline.com\/family\/31f358\" target=\"_blank\" rel=\"noopener\">Comience un cuestionario <img decoding=\"async\" src=\"\/wp-content\/themes\/helpmegrowwa\/images\/text-block-orange-arrow.svg\" \/><\/a><\/strong><\/h4>\n<p>Qu\u00fd v\u1ecb mu\u1ed1n t\u00ecm hi\u1ec3u th\u00eam v\u1ec1 nh\u1eefng h\u00e0nh vi, th\u00e1i \u0111\u1ed9 nh\u01b0 gi\u1eadn d\u1ed7i v\u00e0 chia s\u1ebb \u0111\u1ed3 v\u1eadt kh\u00f4ng? H\u00e3y th\u1ef1c hi\u1ec7n b\u1ea3n c\u00e2u h\u1ecfi ASQ v\u1ec1 c\u00e1c k\u1ef9 n\u0103ng giao ti\u1ebfp v\u00e0 c\u1ea3m x\u00fac.<\/p>\n<h4><strong><a class=\"page-link\" href=\"https:\/\/www.asqonline.com\/family\/e8c1ce\" target=\"_blank\" rel=\"noopener\">B\u1eaft \u0111\u1ea7u th\u1ef1c hi\u1ec7n b\u1ea3n ki\u1ec3m tra c\u1ea3m x\u00fac x\u00e3 h\u1ed9i <img decoding=\"async\" src=\"\/wp-content\/themes\/helpmegrowwa\/images\/text-block-orange-arrow.svg\" \/><\/a><\/strong><\/h4>\n<h4><strong><a class=\"page-link\" href=\"https:\/\/www.asqonline.com\/family\/0fbf98\" target=\"_blank\" rel=\"noopener\">Comience un cuestionario x\u00e3 h\u1ed9i x\u00e3 h\u1ed9i <img decoding=\"async\" src=\"\/wp-content\/themes\/helpmegrowwa\/images\/text-block-orange-arrow.svg\" \/><\/a><\/strong><\/h4>\n\t\t<\/div>\n\t<\/div>\n\t<script>\n\t(function($) {\n\t\t\/\/ Get the block ID\n\t\tvar id = \"#block_1fa6c225c80b2a9f05b12aef040db275\";\n\t\t\/\/ Reveal the block\n\t\tvar container = document.documentElement;\n\t\tScrollReveal().reveal(id + \" .container.left .image\", {origin: \"left\", distance: \"20px\", duration: 1000, container: container});\n\t\tScrollReveal().reveal(id + \" .container.left .text\", {origin: \"right\", distance: \"20px\", duration: 1000, container: container});\n\t\tScrollReveal().reveal(id + \" .container.right .image\", {origin: \"right\", distance: \"20px\", duration: 1000, container: container});\n\t\tScrollReveal().reveal(id + \" .container.right .text\", {origin: \"left\", distance: \"20px\", duration: 1000, container: container});\n\t}(jQuery))\n\t<\/script>\n<\/div>\n\n<div id=\"block_052ac3ff685c244fc4bbf7627bcd9c53\" class=\"tile-block light-gray\">\n\t<div class=\"container right\">\n\t\t<div class=\"image\">\n\t\t\t<div class=\"wrapper\">\n\t\t\t\t\t\t\t\t<img decoding=\"async\" src=\"https:\/\/helpmegrowwa.org\/wp-content\/uploads\/2023\/10\/What-To-Expect-From-Help-Me-Grow-Where-To-Start-555x392.jpg\" srcset=\"https:\/\/helpmegrowwa.org\/wp-content\/uploads\/2023\/10\/What-To-Expect-From-Help-Me-Grow-Where-To-Start-555x392.jpg 555w, https:\/\/helpmegrowwa.org\/wp-content\/uploads\/2023\/10\/What-To-Expect-From-Help-Me-Grow-Where-To-Start-1110x784.jpg 1110w\" sizes=\"555px\">\n\t\t\t<\/div>\n\t\t<\/div>\n\t\t<div class=\"text\">\n\t\t\t\t\t\t<h2><span style=\"color: #00609c;\">\u0110i\u1ec1u g\u00ec s\u1ebd x\u1ea3y ra<\/span><\/h2>\n<p>D\u1ef1a tr\u00ean \u0111\u1ed9 tu\u1ed5i c\u1ee7a con b\u1ea1n, b\u1ea1n s\u1ebd \u0111\u01b0\u1ee3c h\u1ecfi v\u1ec1 kh\u1ea3 n\u0103ng ho\u00e0n th\u00e0nh m\u1ed9t s\u1ed1 ho\u1ea1t \u0111\u1ed9ng nh\u1ea5t \u0111\u1ecbnh c\u1ee7a con b\u1ea1n, ch\u1eb3ng h\u1ea1n nh\u01b0 \u201cCon b\u1ea1n c\u00f3 th\u1ec3 \u0111\u1ee9ng b\u1eb1ng m\u1ed9t ch\u00e2n kh\u00f4ng?\u201d Sau khi b\u1ea1n g\u1eedi c\u00e2u tr\u1ea3 l\u1eddi tr\u1ef1c tuy\u1ebfn, Ng\u01b0\u1eddi \u0111i\u1ec1u h\u01b0\u1edbng Ngu\u1ed3n l\u1ef1c Gia \u0111\u00ecnh c\u1ee7a ch\u00fang t\u00f4i s\u1ebd ch\u1ea5m \u0111i\u1ec3m ASQ v\u00e0 li\u00ean h\u1ec7 v\u1edbi b\u1ea1n \u0111\u1ec3 th\u00f4ng b\u00e1o k\u1ebft qu\u1ea3 trong v\u00f2ng m\u1ed9t tu\u1ea7n. Ch\u00fang t\u00f4i s\u1ebd \u0111\u01b0a ra g\u1ee3i \u00fd v\u1ec1 c\u00e1c tr\u00f2 ch\u01a1i v\u00e0 ho\u1ea1t \u0111\u1ed9ng m\u00e0 con b\u1ea1n c\u00f3 th\u1ec3 th\u1ef1c hi\u1ec7n \u0111\u1ec3 r\u00e8n luy\u1ec7n c\u00e1c k\u1ef9 n\u0103ng m\u1edbi. Ch\u00fang t\u00f4i s\u1ebd g\u1eedi m\u1ed9t m\u00e0n h\u00ecnh kh\u00e1c sau m\u1ed7i 3 \u0111\u1ebfn 6 th\u00e1ng, \u0111\u1ec3 b\u1ea1n c\u00f3 th\u1ec3 ti\u1ebfp t\u1ee5c t\u00ecm hi\u1ec3u v\u00e0 h\u1ed7 tr\u1ee3 s\u1ef1 ph\u00e1t tri\u1ec3n c\u1ee7a con m\u00ecnh. <a href=\"https:\/\/withinreachwa.org\/what-you-need-to-know-about-developmental-screenings\" target=\"_blank\" rel=\"noopener\">T\u00ecm hi\u1ec3u th\u00eam trong blog c\u1ee7a ch\u00fang t\u00f4i<\/a>.<\/p>\n\t\t<\/div>\n\t<\/div>\n\t<script>\n\t(function($) {\n\t\t\/\/ Get the block ID\n\t\tvar id = \"#block_052ac3ff685c244fc4bbf7627bcd9c53\";\n\t\t\/\/ Reveal the block\n\t\tvar container = document.documentElement;\n\t\tScrollReveal().reveal(id + \" .container.left .image\", {origin: \"left\", distance: \"20px\", duration: 1000, container: container});\n\t\tScrollReveal().reveal(id + \" .container.left .text\", {origin: \"right\", distance: \"20px\", duration: 1000, container: container});\n\t\tScrollReveal().reveal(id + \" .container.right .image\", {origin: \"right\", distance: \"20px\", duration: 1000, container: container});\n\t\tScrollReveal().reveal(id + \" .container.right .text\", {origin: \"left\", distance: \"20px\", duration: 1000, container: container});\n\t}(jQuery))\n\t<\/script>\n<\/div>\n\n<div id=\"block_e2c37a408d8ff0d693a351f53a44bfe2\" class=\"invitation-block w-border light-gray center\">\t\n\t<div class=\"container\">\n\t\t<p>ASQ kh\u00f4ng ch\u1ea9n \u0111o\u00e1n s\u1ef1 ch\u1eadm ph\u00e1t tri\u1ec3n ho\u1eb7c khuy\u1ebft t\u1eadt v\u00e0 kh\u00f4ng nh\u1eb1m m\u1ee5c \u0111\u00edch thay th\u1ebf vi\u1ec7c ki\u1ec3m tra s\u1ee9c kh\u1ecfe v\u1edbi b\u00e1c s\u0129 c\u1ee7a con b\u1ea1n. Tuy nhi\u00ean, n\u00f3 c\u00f3 th\u1ec3 cho th\u1ea5y li\u1ec7u c\u00f3 c\u1ea7n \u0111\u00e1nh gi\u00e1 th\u00eam hay kh\u00f4ng. Ch\u00fang t\u00f4i c\u00f3 th\u1ec3 h\u1ed7 tr\u1ee3 b\u1ea1n v\u1edbi c\u00e1c d\u1ecbch v\u1ee5 v\u00e0 t\u00e0i nguy\u00ean b\u1ed5 sung.<\/p>\n<p><strong>Qu\u00fd v\u1ecb c\u00f3 \u0111i\u1ec1u g\u00ec th\u1eafc m\u1eafc hay lo ng\u1ea1i?<\/strong><br \/>\nG\u1ecdi t\u1edbi \u0110\u01b0\u1eddng d\u00e2y n\u00f3ng Help Me Grow Washington <span style=\"white-space: nowrap;\">T\u1ea1i\u00a0<a href=\"\/vi\/\u0110T: 1-800-322-2588\/\">1-800-322-2588<\/a>.<\/span><\/p>\n\t<\/div>\n<\/div>\n\n<div id=\"block_55bd33ab999d12a7e9ce66a9f72208ca\" class=\"invitation-block light-gray center\">\t\n\t<div class=\"container purple\">\n\t\t<p>M\u1ed1c ph\u00e1t tri\u1ec3n r\u1ea5t quan tr\u1ecdng! Qu\u00fd v\u1ecb c\u00f3 th\u1ec3 d\u1ec5 d\u00e0ng theo d\u00f5i nh\u1eefng m\u1ed1c ph\u00e1t tri\u1ec3n \u0111\u1ea7u \u0111\u1eddi c\u1ee7a con em qu\u00fd v\u1ecb b\u1eb1ng m\u1ed9t \u1ee9ng d\u1ee5ng mi\u1ec5n ph\u00ed, \u0111\u1ec3 qu\u00fd v\u1ecb c\u00f3 th\u1ec3 b\u1ea3o \u0111\u1ea3m c\u00e1c em \u0111ang ph\u00e1t tri\u1ec3n \u0111\u00fang h\u01b0\u1edbng.<\/p>\n\t\t\t\t<a class=\"btn orange\" href=\"\/vi\/developmental-milestones\/\" target=\"\">T\u00ecm hi\u1ec3u th\u00eam<\/a>\n\t\t\t<\/div>\n<\/div>\n\n\n<div id=\"block_7c5adc9ea4394226254eeed5b83dbcad\" class=\"news-feature-block\">\n\t<div class=\"container\">\n\t\t<div class=\"title\">\n\t\t\t\t\t\t\t<h2>Tin t\u1ee9c + C\u1eadp nh\u1eadt<\/h2>\n\t\t\t\t\t<\/div>\n\t\t<div class=\"wrapper\">\n\t\t\t\t\t\t\t\n\t\t\t\t\t\t\t\t\t\t\t\t\t\t\t\t\t\t\t\t<a class=\"article\" href=\"https:\/\/conta.cc\/4c23dcA\" target=\"_blank\">\n\t\t\t\t\t\t\t\t\t\t\t<div class=\"picture\">\n\t\t\t\t\t\t\t\t\t\t\t\t\t\t<img decoding=\"async\" src=\"https:\/\/helpmegrowwa.org\/wp-content\/uploads\/2026\/03\/HMG-WA-Network-Newsletter-header-14-260x180.png\" srcset=\"https:\/\/helpmegrowwa.org\/wp-content\/uploads\/2026\/03\/HMG-WA-Network-Newsletter-header-14-260x180.png 260w, https:\/\/helpmegrowwa.org\/wp-content\/uploads\/2026\/03\/HMG-WA-Network-Newsletter-header-14-520x200.png 520w\" sizes=\"260px\">\n\t\t\t\t\t\t\t\t\t\t\t\t\t\t\t<div class=\"type-label\">B\u1ea3n tin<\/div>\n\t\t\t\t\t\t\t\t\t\t\t\t\t<\/div>\n\t\t\t\t\t\t<div class=\"content\">\n\t\t\t\t\t\t\t\t\t\t\t\t\t\t\t<div class=\"date\">Th\u00e1ng T\u01b0 1, 2026<\/div>\n\t\t\t\t\t\t\t\t\t\t\t\t\t\t<div class=\"text\">\n\t\t\t\t\t\t\t\t<h3 class=\"title\">March 2026 HMG WA Newsletter (Spanish)<\/h3>\n\t\t\t\t\t\t\t\t<div class=\"summary\">Celebre a la red de Ay\u00fadame a Crecer Washington v\u00e0 conozca los avances que hemos \u0111\u0103ng nh\u1eadp v\u00e0 c\u00e1c bi\u1ebfn th\u1ec3 ban \u0111\u1ea7u c\u1ee7a k\u1ebf ho\u1ea1ch l\u1eadp k\u1ebf ho\u1ea1ch cho Ay\u00fadame a Crecer Washington.<\/div>\n\t\t\t\t\t\t\t<\/div>\n\t\t\t\t\t\t\t<div class=\"more\">\n\t\t\t\t\t\t\t\t\u0110\u1ecdc th\u00eam\n\t\t\t\t\t\t\t\t<svg class=\"arrow\" aria-hidden=\"true\" focusable=\"false\" data-prefix=\"fas\" data-icon=\"long-arrow-right\" role=\"img\" xmlns=\"http:\/\/www.w3.org\/2000\/svg\" viewbox=\"0 0 448 512\"><path fill=\"#ababab\" d=\"M254.544 154.427L320.118 220H24c-13.255 0-24 10.745-24 24v24c0 13.255 10.745 24 24 24h296.118l-65.574 65.573c-9.373 9.373-9.373 24.569 0 33.941l16.971 16.971c9.373 9.373 24.569 9.373 33.941 0L440.97 272.97c9.373-9.373 9.373-24.569 0-33.941L305.456 103.515c-9.373-9.373-24.569-9.373-33.941 0l-16.971 16.971c-9.373 9.372-9.373 24.568 0 33.941z\"><\/path><\/svg>\n\t\t\t\t\t\t\t<\/div>\n\t\t\t\t\t\t<\/div>\n\t\t\t\t\t<\/a>\n\t\t\t\t\t\t\t\t\t\t\t\t\t\t\t\t\t\t\t\t\t\t\t\t\t<a class=\"article\" href=\"https:\/\/conta.cc\/4d61btX\" target=\"_blank\">\n\t\t\t\t\t\t\t\t\t\t\t<div class=\"picture\">\n\t\t\t\t\t\t\t\t\t\t\t\t\t\t<img decoding=\"async\" src=\"https:\/\/helpmegrowwa.org\/wp-content\/uploads\/2026\/03\/HMG-WA-Network-Newsletter-header-13-260x180.png\" srcset=\"https:\/\/helpmegrowwa.org\/wp-content\/uploads\/2026\/03\/HMG-WA-Network-Newsletter-header-13-260x180.png 260w, https:\/\/helpmegrowwa.org\/wp-content\/uploads\/2026\/03\/HMG-WA-Network-Newsletter-header-13-520x200.png 520w\" sizes=\"260px\">\n\t\t\t\t\t\t\t\t\t\t\t\t\t\t\t<div class=\"type-label\">B\u1ea3n tin<\/div>\n\t\t\t\t\t\t\t\t\t\t\t\t\t<\/div>\n\t\t\t\t\t\t<div class=\"content\">\n\t\t\t\t\t\t\t\t\t\t\t\t\t\t\t<div class=\"date\">Th\u00e1ng Ba 31, 2026<\/div>\n\t\t\t\t\t\t\t\t\t\t\t\t\t\t<div class=\"text\">\n\t\t\t\t\t\t\t\t<h3 class=\"title\">March 2026 HMG WA Newsletter<\/h3>\n\t\t\t\t\t\t\t\t<div class=\"summary\">H\u00e3y c\u00f9ng t\u00f4n vinh m\u1ea1ng l\u01b0\u1edbi Help Me Grow WA v\u00e0 t\u00ecm hi\u1ec3u v\u1ec1 nh\u1eefng ti\u1ebfn b\u1ed9 \u0111\u00e3 \u0111\u1ea1t \u0111\u01b0\u1ee3c trong m\u1ed9t s\u1ed1 s\u00e1ng ki\u1ebfn chi\u1ebfn l\u01b0\u1ee3c thu\u1ed9c K\u1ebf ho\u1ea1ch Chi\u1ebfn l\u01b0\u1ee3c Help Me Grow WA.<\/div>\n\t\t\t\t\t\t\t<\/div>\n\t\t\t\t\t\t\t<div class=\"more\">\n\t\t\t\t\t\t\t\t\u0110\u1ecdc th\u00eam\n\t\t\t\t\t\t\t\t<svg class=\"arrow\" aria-hidden=\"true\" focusable=\"false\" data-prefix=\"fas\" data-icon=\"long-arrow-right\" role=\"img\" xmlns=\"http:\/\/www.w3.org\/2000\/svg\" viewbox=\"0 0 448 512\"><path fill=\"#ababab\" d=\"M254.544 154.427L320.118 220H24c-13.255 0-24 10.745-24 24v24c0 13.255 10.745 24 24 24h296.118l-65.574 65.573c-9.373 9.373-9.373 24.569 0 33.941l16.971 16.971c9.373 9.373 24.569 9.373 33.941 0L440.97 272.97c9.373-9.373 9.373-24.569 0-33.941L305.456 103.515c-9.373-9.373-24.569-9.373-33.941 0l-16.971 16.971c-9.373 9.372-9.373 24.568 0 33.941z\"><\/path><\/svg>\n\t\t\t\t\t\t\t<\/div>\n\t\t\t\t\t\t<\/div>\n\t\t\t\t\t<\/a>\n\t\t\t\t\t\t\t\t\t\t\t\t\t\t\t\t\t\t\t\t\t\t\t\t\t<a class=\"article\" href=\"https:\/\/helpmegrowwa.org\/vi\/reaching-new-heights-partnering-to-support-child-development\">\n\t\t\t\t\t\t\t\t\t\t\t<div class=\"picture\">\n\t\t\t\t\t\t\t\t\t\t\t\t\t\t<img decoding=\"async\" src=\"https:\/\/helpmegrowwa.org\/wp-content\/uploads\/2026\/03\/NEWS-STORY-TITLE-5-e1774371040337-260x180.png\" srcset=\"https:\/\/helpmegrowwa.org\/wp-content\/uploads\/2026\/03\/NEWS-STORY-TITLE-5-e1774371040337-260x180.png 260w, https:\/\/helpmegrowwa.org\/wp-content\/uploads\/2026\/03\/NEWS-STORY-TITLE-5-e1774371040337-520x360.png 520w\" sizes=\"260px\">\n\t\t\t\t\t\t\t\t\t\t\t\t\t\t\t<div class=\"type-label\">B\u00e0i vi\u1ebft<\/div>\n\t\t\t\t\t\t\t\t\t\t\t\t\t<\/div>\n\t\t\t\t\t\t<div class=\"content\">\n\t\t\t\t\t\t\t\t\t\t\t\t\t\t\t<div class=\"date\">Th\u00e1ng Ba 24, 2026<\/div>\n\t\t\t\t\t\t\t\t\t\t\t\t\t\t<div class=\"text\">\n\t\t\t\t\t\t\t\t<h3 class=\"title\">Reaching New Heights: Partnering to Support Child Development<\/h3>\n\t\t\t\t\t\t\t\t<div class=\"summary\">New Resource for Families and Partners! Help Me Grow WA has partnered with the Washington Chapter of the American Academy of Pediatrics (WCAAP) to co\u2011create a fun, bilingual height chart for children ages 2 months to 5 years. Designed with pediatric expertise and families in mind, each chart includes key developmental milestones and simple ways families can support their child\u2019s growth and learning. <\/div>\n\t\t\t\t\t\t\t<\/div>\n\t\t\t\t\t\t\t<div class=\"more\">\n\t\t\t\t\t\t\t\t\u0110\u1ecdc th\u00eam\n\t\t\t\t\t\t\t\t<svg class=\"arrow\" aria-hidden=\"true\" focusable=\"false\" data-prefix=\"fas\" data-icon=\"long-arrow-right\" role=\"img\" xmlns=\"http:\/\/www.w3.org\/2000\/svg\" viewbox=\"0 0 448 512\"><path fill=\"#ababab\" d=\"M254.544 154.427L320.118 220H24c-13.255 0-24 10.745-24 24v24c0 13.255 10.745 24 24 24h296.118l-65.574 65.573c-9.373 9.373-9.373 24.569 0 33.941l16.971 16.971c9.373 9.373 24.569 9.373 33.941 0L440.97 272.97c9.373-9.373 9.373-24.569 0-33.941L305.456 103.515c-9.373-9.373-24.569-9.373-33.941 0l-16.971 16.971c-9.373 9.372-9.373 24.568 0 33.941z\"><\/path><\/svg>\n\t\t\t\t\t\t\t<\/div>\n\t\t\t\t\t\t<\/div>\n\t\t\t\t\t<\/a>\n\t\t\t\t\t\t\t\t\t\t\t\t\t\t\t\t\t\t\t\t\t\t\t\t\t<a class=\"article\" href=\"https:\/\/helpmegrowwa.org\/vi\/news\/celebrating-the-2026-help-me-grow-washington-network\">\n\t\t\t\t\t\t\t\t\t\t\t<div class=\"picture\">\n\t\t\t\t\t\t\t\t\t\t\t\t\t\t<img decoding=\"async\" src=\"https:\/\/helpmegrowwa.org\/wp-content\/uploads\/2026\/03\/NEWS-STORY-TITLE-4-260x180.png\" srcset=\"https:\/\/helpmegrowwa.org\/wp-content\/uploads\/2026\/03\/NEWS-STORY-TITLE-4-260x180.png 260w, https:\/\/helpmegrowwa.org\/wp-content\/uploads\/2026\/03\/NEWS-STORY-TITLE-4-520x360.png 520w\" sizes=\"260px\">\n\t\t\t\t\t\t\t\t\t\t\t\t\t\t\t<div class=\"type-label\">Tin t\u1ee9c<\/div>\n\t\t\t\t\t\t\t\t\t\t\t\t\t<\/div>\n\t\t\t\t\t\t<div class=\"content\">\n\t\t\t\t\t\t\t\t\t\t\t\t\t\t\t<div class=\"date\">Th\u00e1ng Ba 23, 2026<\/div>\n\t\t\t\t\t\t\t\t\t\t\t\t\t\t<div class=\"text\">\n\t\t\t\t\t\t\t\t<h3 class=\"title\">Celebrating the 2026 Help Me Grow Washington Network!<\/h3>\n\t\t\t\t\t\t\t\t<div class=\"summary\">We\u2019re\u00a0excited to welcome Help Me Grow Whatcom and Help Me Grow Grays Harbor to the Help Me Grow Washington network! \ud83d\udc9c With their addition, more communities across the state are building coordinated, family-centered systems of support\u2014strengthening connections and making it easier for families to access the resources they need, when they need them.\u00a0<\/div>\n\t\t\t\t\t\t\t<\/div>\n\t\t\t\t\t\t\t<div class=\"more\">\n\t\t\t\t\t\t\t\t\u0110\u1ecdc th\u00eam\n\t\t\t\t\t\t\t\t<svg class=\"arrow\" aria-hidden=\"true\" focusable=\"false\" data-prefix=\"fas\" data-icon=\"long-arrow-right\" role=\"img\" xmlns=\"http:\/\/www.w3.org\/2000\/svg\" viewbox=\"0 0 448 512\"><path fill=\"#ababab\" d=\"M254.544 154.427L320.118 220H24c-13.255 0-24 10.745-24 24v24c0 13.255 10.745 24 24 24h296.118l-65.574 65.573c-9.373 9.373-9.373 24.569 0 33.941l16.971 16.971c9.373 9.373 24.569 9.373 33.941 0L440.97 272.97c9.373-9.373 9.373-24.569 0-33.941L305.456 103.515c-9.373-9.373-24.569-9.373-33.941 0l-16.971 16.971c-9.373 9.372-9.373 24.568 0 33.941z\"><\/path><\/svg>\n\t\t\t\t\t\t\t<\/div>\n\t\t\t\t\t\t<\/div>\n\t\t\t\t\t<\/a>\n\t\t\t\t\t\t\t\t\t\t\t\t\t\n\t\t\t\t\t\t\t\n\t\t<\/div>\n\t<\/div>\n\t<script>\n\t\n\t(function($) {\n\t\n\t\t\/\/ Get the block ID\n\t\tvar id = \"#block_7c5adc9ea4394226254eeed5b83dbcad\";\n\t\t\n\t\t\/\/ Reveal foreground elements\n\t\tScrollReveal().reveal(id + \" .article\", {origin: \"bottom\", distance: \"20px\", duration: 1000, viewFactor: 0.2, interval: 100, reset: false});\n\t\t\n\t})(jQuery)\n\t\n\t<\/script>\t\n<\/div>","protected":false},"excerpt":{"rendered":"","protected":false},"author":2,"featured_media":0,"parent":0,"menu_order":42,"comment_status":"closed","ping_status":"closed","template":"","meta":{"_acf_changed":false,"footnotes":""},"acf":[],"_links":{"self":[{"href":"https:\/\/helpmegrowwa.org\/vi\/wp-json\/wp\/v2\/pages\/45"}],"collection":[{"href":"https:\/\/helpmegrowwa.org\/vi\/wp-json\/wp\/v2\/pages"}],"about":[{"href":"https:\/\/helpmegrowwa.org\/vi\/wp-json\/wp\/v2\/types\/page"}],"author":[{"embeddable":true,"href":"https:\/\/helpmegrowwa.org\/vi\/wp-json\/wp\/v2\/users\/2"}],"replies":[{"embeddable":true,"href":"https:\/\/helpmegrowwa.org\/vi\/wp-json\/wp\/v2\/comments?post=45"}],"version-history":[{"count":264,"href":"https:\/\/helpmegrowwa.org\/vi\/wp-json\/wp\/v2\/pages\/45\/revisions"}],"predecessor-version":[{"id":12072,"href":"https:\/\/helpmegrowwa.org\/vi\/wp-json\/wp\/v2\/pages\/45\/revisions\/12072"}],"wp:attachment":[{"href":"https:\/\/helpmegrowwa.org\/vi\/wp-json\/wp\/v2\/media?parent=45"}],"curies":[{"name":"wp","href":"https:\/\/api.w.org\/{rel}","templated":true}]}}