{"id":47,"date":"2019-06-15T01:14:00","date_gmt":"2019-06-15T01:14:00","guid":{"rendered":"http:\/\/54.244.98.151\/?page_id=47"},"modified":"2024-02-02T04:21:30","modified_gmt":"2024-02-02T04:21:30","slug":"developmental-milestones","status":"publish","type":"page","link":"https:\/\/helpmegrowwa.org\/vi\/developmental-milestones","title":{"rendered":"M\u1ed1c ph\u00e1t tri\u1ec3n"},"content":{"rendered":"<div id=\"block_e47469bdcdac295ab3695ecd394fc9eb\" class=\"banner-block text\">\n\t<img decoding=\"async\" class=\"graphic\" src=\"https:\/\/helpmegrowwa.org\/wp-content\/themes\/helpmegrowwa\/images\/banner-text-shapes.svg\">\n\t<div class=\"text-wrapper\">\n\t\t<h1>M\u1ed1c ph\u00e1t tri\u1ec3n<\/h1>\n\t<\/div>\t\n\t<script>\n\t(function($) {\n\t\t\/\/ Get the block ID\n\t\tvar id = \"#block_e47469bdcdac295ab3695ecd394fc9eb\";\n\t\t\/\/ Reveal the heading\n\t\tScrollReveal().reveal(id + \" h1\", {duration: 1000});\n\t})(jQuery)\n\t<\/script>\n<\/div>\n\n\n\n<div id=\"block_fa6c9b3cb9470e723eccf397f340ac50\" class=\"text-block white large center\">\n\t<div class=\"container one-column full\">\n\t\t<h2><span style=\"color: #571653;\">Tu\u1ed5i th\u01a1 l\u00e0 tu\u1ed5i tr\u00e0n \u0111\u1ea7y nh\u1eefng b\u01b0\u1edbc th\u00e0nh c\u00f4ng!<\/span><\/h2>\n<p>Tr\u1ebb em l\u1edbn l\u00ean v\u00e0 thay \u0111\u1ed5i theo nhi\u1ec1u c\u00e1ch. B\u1eaft \u0111\u1ea7u t\u1eeb khi sinh ra, con b\u1ea1n s\u1ebd b\u1eaft \u0111\u1ea7u \u0111\u1ea1t \u0111\u01b0\u1ee3c c\u00e1c m\u1ed1c quan tr\u1ecdng trong c\u00e1ch ch\u01a1i, h\u1ecdc, h\u00e0nh \u0111\u1ed9ng v\u00e0 giao ti\u1ebfp. V\u00ed d\u1ee5 v\u1ec1 c\u00e1c c\u1ed9t m\u1ed1c quan tr\u1ecdng bao g\u1ed3m b\u01b0\u1edbc \u0111i \u0111\u1ea7u ti\u00ean, m\u1ec9m c\u01b0\u1eddi, v\u1eaby tay \u201ct\u1ea1m bi\u1ec7t\u201d ho\u1eb7c v\u1edbi l\u1ea5y \u0111\u1ed3 ch\u01a1i. C\u00e1c m\u1ed1c quan tr\u1ecdng kh\u00e1c nhau \u1edf m\u1ed7i \u0111\u1ed9 tu\u1ed5i. T\u00ecm hi\u1ec3u nh\u1eefng \u0111i\u1ec1u c\u01a1 b\u1ea3n v\u1ec1 s\u1ef1 ph\u00e1t tri\u1ec3n c\u1ee7a tr\u1ebb \u0111\u1ec3 b\u1ea1n c\u00f3 th\u1ec3 t\u01b0\u01a1ng t\u00e1c v\u1edbi con m\u00ecnh v\u00e0 \u0111\u1ea3m b\u1ea3o ch\u00fang \u0111ang \u0111i \u0111\u00fang h\u01b0\u1edbng.<\/p>\n<h4><strong><a class=\"page-link\" href=\"https:\/\/www.cdc.gov\/ncbddd\/actearly\/milestones\/index.html\" target=\"_blank\" rel=\"noopener\">T\u00ecm hi\u1ec3u th\u00eam v\u1ec1 c\u00e1c m\u1ed1c ph\u00e1t tri\u1ec3n theo \u0111\u1ed9 tu\u1ed5i b\u1eb1ng c\u00e1ch s\u1eed d\u1ee5ng c\u00f4ng c\u1ee5 t\u01b0\u01a1ng t\u00e1c n\u00e0y d\u00e0nh cho ph\u1ee5 huynh<img decoding=\"async\" src=\"\/wp-content\/themes\/helpmegrowwa\/images\/text-block-orange-arrow.svg\" \/><\/a><\/strong><\/h4>\n\t<\/div>\n\t<script>\n\t\t(function($) {\n\t\t\t\/\/ Get the block ID\n\t\t\tvar id = \"#block_fa6c9b3cb9470e723eccf397f340ac50\";\n\t\t\t\/\/ Reveal the block\n\t\t\tvar container = document.documentElement;\n\t\t\tScrollReveal().reveal(id + \" .container\", {origin: \"bottom\", distance: \"20px\", duration: 1000, container: container});\n\t\t}(jQuery))\n\t<\/script>\n<\/div>\n\n<div id=\"block_354a1300a7be75d4402e389c844444fa\" class=\"tile-block light-gray\">\n\t<div class=\"container left\">\n\t\t<div class=\"image\">\n\t\t\t<div class=\"wrapper\">\n\t\t\t\t\t\t\t\t<img decoding=\"async\" src=\"https:\/\/helpmegrowwa.org\/wp-content\/uploads\/2023\/09\/Learn-Sign-Language-Help-Me-Grow-Washington-555x392.jpg\" srcset=\"https:\/\/helpmegrowwa.org\/wp-content\/uploads\/2023\/09\/Learn-Sign-Language-Help-Me-Grow-Washington-555x392.jpg 555w, https:\/\/helpmegrowwa.org\/wp-content\/uploads\/2023\/09\/Learn-Sign-Language-Help-Me-Grow-Washington-1110x784.jpg 1110w\" sizes=\"555px\">\n\t\t\t<\/div>\n\t\t<\/div>\n\t\t<div class=\"text\">\n\t\t\t\t\t\t<h2><span style=\"color: #0095c4;\">D\u00f9ng th\u1eed Tr\u00ecnh theo d\u00f5i c\u1ed9t m\u1ed1c MI\u1ec4N PH\u00cd<\/span><\/h2>\n<p class=\"app-buttons\">C\u00e1c c\u1ed9t m\u1ed1c quan tr\u1ecdng! B\u1ea1n c\u00f3 th\u1ec3 d\u1ec5 d\u00e0ng theo d\u00f5i v\u00e0 k\u1ef7 ni\u1ec7m s\u1ef1 ph\u00e1t tri\u1ec3n ban \u0111\u1ea7u c\u1ee7a con m\u00ecnh b\u1eb1ng \u1ee9ng d\u1ee5ng Theo d\u00f5i c\u1ed9t m\u1ed1c t\u1eeb CDC <a href=\"https:\/\/www.cdc.gov\/ncbddd\/actearly\/index.html\" target=\"_blank\" rel=\"noopener\">ch\u01b0\u01a1ng tr\u00ecnh \u201cNh\u1eadn ra c\u00e1c d\u1ea5u hi\u1ec7u. H\u00e0nh \u0111\u1ed9ng s\u1edbm.\u201d<\/a>c\u1ee7a C\u01a1 quan CDC. Theo d\u00f5i c\u00e1c m\u1ed1c ph\u00e1t tri\u1ec3n c\u1ee7a con em qu\u00fd v\u1ecb trong nh\u1eefng giai \u0111o\u1ea1n ph\u00e1t tri\u1ec3n quan tr\u1ecdng t\u1eeb 2 th\u00e1ng \u0111\u1ebfn 5 tu\u1ed5i b\u1eb1ng danh s\u00e1ch ki\u1ec3m tra c\u00f3 h\u00ecnh \u1ea3nh d\u1ec5 s\u1eed d\u1ee5ng. Ngo\u00e0i ra, h\u00e3y xem th\u00eam nh\u1eefng ch\u1ec9 d\u1eabn khuy\u1ebfn kh\u00edch s\u1ef1 ph\u00e1t tri\u1ec3n c\u1ee7a con em qu\u00fd v\u1ecb v\u00e0 bi\u1ebft nh\u1eefng \u0111i\u1ec1u c\u1ea7n l\u00e0m n\u1ebfu qu\u00fd v\u1ecb lo l\u1eafng v\u1ec1 s\u1ef1 ph\u00e1t tri\u1ec3n c\u1ee7a con em m\u00ecnh. \u1ea2nh v\u00e0 phim video trong \u1ee9ng d\u1ee5ng n\u00e0y tr\u00ecnh b\u00e0y t\u1eebng m\u1ed1c ph\u00e1t tri\u1ec3n v\u00e0 gi\u00fap qu\u00fd v\u1ecb theo d\u00f5i nh\u1eefng m\u1ed1c ph\u00e1t tri\u1ec3n n\u00e0y d\u1ec5 d\u00e0ng v\u00e0 th\u00edch th\u00fa.<\/p>\n\t\t<\/div>\n\t<\/div>\n\t<script>\n\t(function($) {\n\t\t\/\/ Get the block ID\n\t\tvar id = \"#block_354a1300a7be75d4402e389c844444fa\";\n\t\t\/\/ Reveal the block\n\t\tvar container = document.documentElement;\n\t\tScrollReveal().reveal(id + \" .container.left .image\", {origin: \"left\", distance: \"20px\", duration: 1000, container: container});\n\t\tScrollReveal().reveal(id + \" .container.left .text\", {origin: \"right\", distance: \"20px\", duration: 1000, container: container});\n\t\tScrollReveal().reveal(id + \" .container.right .image\", {origin: \"right\", distance: \"20px\", duration: 1000, container: container});\n\t\tScrollReveal().reveal(id + \" .container.right .text\", {origin: \"left\", distance: \"20px\", duration: 1000, container: container});\n\t}(jQuery))\n\t<\/script>\n<\/div>\n\n<div id=\"block_957269a39961caa56ad0d9b1de99d9bc\" class=\"tile-block light-gray\">\n\t<div class=\"container right\">\n\t\t<div class=\"image\">\n\t\t\t<div class=\"wrapper\">\n\t\t\t\t\t\t\t\t<img decoding=\"async\" src=\"https:\/\/helpmegrowwa.org\/wp-content\/uploads\/2023\/09\/Early-Childhood-Development-and-Care-Help-Me-Grow-Wa-555x392.jpg\" srcset=\"https:\/\/helpmegrowwa.org\/wp-content\/uploads\/2023\/09\/Early-Childhood-Development-and-Care-Help-Me-Grow-Wa-555x392.jpg 555w, https:\/\/helpmegrowwa.org\/wp-content\/uploads\/2023\/09\/Early-Childhood-Development-and-Care-Help-Me-Grow-Wa-1110x784.jpg 1110w\" sizes=\"555px\">\n\t\t\t<\/div>\n\t\t<\/div>\n\t\t<div class=\"text\">\n\t\t\t\t\t\t<h2><span style=\"color: #0095c4;\">Ph\u00e1t tri\u1ec3n <\/span><span style=\"color: #0095c4;\">C\u00e2u h\u1ecfi?<\/span><\/h2>\n<p>Tr\u1ebb em l\u1edbn l\u00ean, ph\u00e1t tri\u1ec3n v\u00e0 h\u1ecdc h\u1ecfi trong su\u1ed1t cu\u1ed9c \u0111\u1eddi - v\u1ec1 m\u1eb7t x\u00e3 h\u1ed9i v\u00e0 c\u1ea3m x\u00fac, nh\u1eadn th\u1ee9c v\u00e0 th\u1ec3 ch\u1ea5t. M\u1ed7i \u0111\u1ee9a tr\u1ebb \u0111\u1ec1u kh\u00e1c nhau v\u00e0 ph\u00e1t tri\u1ec3n theo t\u1ed1c \u0111\u1ed9 ri\u00eang c\u1ee7a ch\u00fang. \u0110\u1ed3ng th\u1eddi, c\u00f3 nh\u1eefng k\u1ef9 n\u0103ng quan tr\u1ecdng m\u00e0 tr\u1ebb em c\u1ea7n \u0111\u1ec3 c\u00f3 th\u1ec3 ph\u00e1t tri\u1ec3n \u1edf tr\u01b0\u1eddng v\u00e0 trong c\u1ed9ng \u0111\u1ed3ng. B\u1ea1n c\u00f3 th\u1ec3 \u0111\u1ea3m b\u1ea3o con b\u1ea1n c\u00f3 nh\u1eefng k\u1ef9 n\u0103ng n\u00e0y b\u1eb1ng c\u00e1ch ki\u1ec3m tra c\u00e1c c\u1ed9t m\u1ed1c quan tr\u1ecdng c\u1ee7a ch\u00fang s\u1edbm v\u00e0 th\u01b0\u1eddng xuy\u00ean. N\u1ebfu b\u1ea1n t\u1eebng lo l\u1eafng v\u1ec1 s\u1ef1 ph\u00e1t tri\u1ec3n c\u1ee7a con m\u00ecnh, h\u00e3y l\u00ean ti\u1ebfng! B\u1ea1n hi\u1ec3u r\u00f5 con m\u00ecnh nh\u1ea5t.<\/p>\n<p><strong>G\u1ecdi \u0110\u01b0\u1eddng d\u00e2y n\u00f3ng Help Me Grow Washington theo s\u1ed1 <a href=\"\/vi\/\u0110T: 1-800-322-2588\/\"><span style=\"white-space: nowrap;\">1-800-322-2588<\/span><\/a> \u0111\u1ec3 t\u00ecm hi\u1ec3u v\u1ec1 c\u00e1c b\u01b0\u1edbc b\u1ea1n c\u00f3 th\u1ec3 th\u1ef1c hi\u1ec7n ngay h\u00f4m nay \u0111\u1ec3 h\u1ed7 tr\u1ee3 s\u1ef1 ph\u00e1t tri\u1ec3n c\u1ee7a con b\u1ea1n.<\/strong><\/p>\n\t\t<\/div>\n\t<\/div>\n\t<script>\n\t(function($) {\n\t\t\/\/ Get the block ID\n\t\tvar id = \"#block_957269a39961caa56ad0d9b1de99d9bc\";\n\t\t\/\/ Reveal the block\n\t\tvar container = document.documentElement;\n\t\tScrollReveal().reveal(id + \" .container.left .image\", {origin: \"left\", distance: \"20px\", duration: 1000, container: container});\n\t\tScrollReveal().reveal(id + \" .container.left .text\", {origin: \"right\", distance: \"20px\", duration: 1000, container: container});\n\t\tScrollReveal().reveal(id + \" .container.right .image\", {origin: \"right\", distance: \"20px\", duration: 1000, container: container});\n\t\tScrollReveal().reveal(id + \" .container.right .text\", {origin: \"left\", distance: \"20px\", duration: 1000, container: container});\n\t}(jQuery))\n\t<\/script>\n<\/div>\n\n<div id=\"block_65b967a8a1db6495c318d90b2b598254\" class=\"tile-block light-gray\">\n\t<div class=\"container left\">\n\t\t<div class=\"image\">\n\t\t\t<div class=\"wrapper\">\n\t\t\t\t\t\t\t\t<img decoding=\"async\" src=\"https:\/\/helpmegrowwa.org\/wp-content\/uploads\/2023\/09\/ParentHelp123-and-Help-Me-Grow-Washington-555x392.jpg\" srcset=\"https:\/\/helpmegrowwa.org\/wp-content\/uploads\/2023\/09\/ParentHelp123-and-Help-Me-Grow-Washington-555x392.jpg 555w, https:\/\/helpmegrowwa.org\/wp-content\/uploads\/2023\/09\/ParentHelp123-and-Help-Me-Grow-Washington-1110x784.jpg 1110w\" sizes=\"555px\">\n\t\t\t<\/div>\n\t\t<\/div>\n\t\t<div class=\"text\">\n\t\t\t\t\t\t<h2><span style=\"color: #0095c4;\">K\u1ebft n\u1ed1i v\u1edbi c\u00e1c ch\u01b0\u01a1ng tr\u00ecnh v\u00e0 t\u00e0i nguy\u00ean h\u1eefu \u00edch<\/span><\/h2>\n<p>C\u00e1c <a href=\"https:\/\/resources.helpmegrowwa.org\/\" target=\"_blank\" rel=\"noopener\">Tr\u00ecnh t\u00ecm t\u00e0i nguy\u00ean ParentHelp123<\/a> gi\u00fap c\u00e1c gia \u0111\u00ecnh \u1edf Washington t\u00ecm ki\u1ebfm c\u00e1c d\u1ecbch v\u1ee5 trong c\u1ed9ng \u0111\u1ed3ng c\u1ee7a h\u1ecd, xem li\u1ec7u h\u1ecd c\u00f3 \u0111\u1ee7 \u0111i\u1ec1u ki\u1ec7n nh\u1eadn tr\u1ee3 c\u1ea5p th\u1ef1c ph\u1ea9m v\u00e0 s\u1ee9c kh\u1ecfe hay kh\u00f4ng, \u0111\u1ed3ng th\u1eddi k\u1ebft n\u1ed1i v\u1edbi nhi\u1ec1u ngu\u1ed3n l\u1ef1c ph\u00e1t tri\u1ec3n s\u1ee9c kh\u1ecfe v\u00e0 tr\u1ebb em. C\u00e1c <a href=\"https:\/\/helpmegrowwa.org\/vi\/\" target=\"_blank\" rel=\"noopener\">Trang web Help Me Grow Washington<\/a> c\u0169ng cung c\u1ea5p nh\u1eefng th\u00f4ng tin s\u1ee9c kh\u1ecfe quan tr\u1ecdng cho ph\u1ee5 n\u1eef mang thai, cha m\u1eb9, tr\u1ebb em v\u00e0 gia \u0111\u00ecnh.<\/p>\n\t\t<\/div>\n\t<\/div>\n\t<script>\n\t(function($) {\n\t\t\/\/ Get the block ID\n\t\tvar id = \"#block_65b967a8a1db6495c318d90b2b598254\";\n\t\t\/\/ Reveal the block\n\t\tvar container = document.documentElement;\n\t\tScrollReveal().reveal(id + \" .container.left .image\", {origin: \"left\", distance: \"20px\", duration: 1000, container: container});\n\t\tScrollReveal().reveal(id + \" .container.left .text\", {origin: \"right\", distance: \"20px\", duration: 1000, container: container});\n\t\tScrollReveal().reveal(id + \" .container.right .image\", {origin: \"right\", distance: \"20px\", duration: 1000, container: container});\n\t\tScrollReveal().reveal(id + \" .container.right .text\", {origin: \"left\", distance: \"20px\", duration: 1000, container: container});\n\t}(jQuery))\n\t<\/script>\n<\/div>\n\n<div id=\"block_75d68ac94bff2a074157d9e65c4be077\" class=\"tile-block light-gray\">\n\t<div class=\"container right\">\n\t\t<div class=\"image\">\n\t\t\t<div class=\"wrapper\">\n\t\t\t\t\t\t\t\t<img decoding=\"async\" src=\"https:\/\/helpmegrowwa.org\/wp-content\/uploads\/2023\/09\/Vroom-feature-feature-img-555x392.jpg\" srcset=\"https:\/\/helpmegrowwa.org\/wp-content\/uploads\/2023\/09\/Vroom-feature-feature-img-555x392.jpg 555w, https:\/\/helpmegrowwa.org\/wp-content\/uploads\/2023\/09\/Vroom-feature-feature-img-1110x784.jpg 1110w\" sizes=\"555px\">\n\t\t\t<\/div>\n\t\t<\/div>\n\t\t<div class=\"text\">\n\t\t\t\t\t\t<h2><span style=\"color: #0095c4;\">Kh\u1edfi s\u1ef1 s\u1eed d\u1ee5ng Vroom<\/span><\/h2>\n<p>C\u00e1c c\u1ed9ng \u0111\u1ed3ng tr\u00ean kh\u1eafp Washington \u0111ang s\u1eed d\u1ee5ng Vroom \u0111\u1ec3 th\u00fac \u0111\u1ea9y s\u1ef1 ph\u00e1t tri\u1ec3n tr\u00ed n\u00e3o c\u1ee7a tr\u1ebb theo c\u00e1ch th\u00fa v\u1ecb v\u00e0 d\u1ec5 d\u00e0ng cho b\u1ea5t k\u1ef3 ai th\u1ef1c hi\u1ec7n. B\u1ea1n \u0111\u00e3 s\u1eb5n s\u00e0ng th\u1eed m\u1ed9t s\u1ed1 m\u1eb9o Vroom d\u00e0nh cho tr\u1ebb nh\u1ecf ho\u1eb7c nh\u1eefng \u0111\u1ee9a tr\u1ebb trong cu\u1ed9c s\u1ed1ng c\u1ee7a b\u1ea1n ch\u01b0a? <a href=\"https:\/\/www.vroom.org\/\" target=\"_blank\" rel=\"noopener\">V\u00e0o trang m\u1ea1ng c\u1ee7a Vroom<\/a> n\u01a1i b\u1ea1n c\u00f3 th\u1ec3 t\u1ea3i \u1ee9ng d\u1ee5ng Vroom, \u0111\u0103ng k\u00fd Vroom b\u1eb1ng tin nh\u1eafn ho\u1eb7c c\u00e1c m\u1eb9o in v\u00e0 t\u1ea3i xu\u1ed1ng. Th\u1eddi gian b\u1ea1n d\u00e0nh cho con c\u00f3 th\u1ec3 gi\u00fap tr\u00ed n\u00e3o c\u1ee7a ch\u00fang ph\u00e1t tri\u1ec3n m\u1ea1nh m\u1ebd.<\/p>\n\t\t<\/div>\n\t<\/div>\n\t<script>\n\t(function($) {\n\t\t\/\/ Get the block ID\n\t\tvar id = \"#block_75d68ac94bff2a074157d9e65c4be077\";\n\t\t\/\/ Reveal the block\n\t\tvar container = document.documentElement;\n\t\tScrollReveal().reveal(id + \" .container.left .image\", {origin: \"left\", distance: \"20px\", duration: 1000, container: container});\n\t\tScrollReveal().reveal(id + \" .container.left .text\", {origin: \"right\", distance: \"20px\", duration: 1000, container: container});\n\t\tScrollReveal().reveal(id + \" .container.right .image\", {origin: \"right\", distance: \"20px\", duration: 1000, container: container});\n\t\tScrollReveal().reveal(id + \" .container.right .text\", {origin: \"left\", distance: \"20px\", duration: 1000, container: container});\n\t}(jQuery))\n\t<\/script>\n<\/div>\n\n<div id=\"block_735993191e4d98e446d4706015eccac4\" class=\"invitation-block light-gray center\">\t\n\t<div class=\"container purple\">\n\t\t<p>Theo d\u00f5i c\u00e1c c\u1ed9t m\u1ed1c quan tr\u1ecdng trong nh\u1eefng kho\u1ea3nh kh\u1eafc h\u00e0ng ng\u00e0y! Ch\u00fang t\u00f4i cung c\u1ea5p s\u00e0ng l\u1ecdc mi\u1ec5n ph\u00ed \u0111\u1ec3 gi\u00fap cha m\u1eb9 v\u00e0 ng\u01b0\u1eddi ch\u0103m s\u00f3c ki\u1ec3m tra ti\u1ebfn tr\u00ecnh ph\u00e1t tri\u1ec3n c\u1ee7a tr\u1ebb.<\/p>\n\t\t\t\t<a class=\"btn orange\" href=\"\/vi\/developmental-screening\/\" target=\"\">T\u00ecm hi\u1ec3u th\u00eam<\/a>\n\t\t\t<\/div>\n<\/div>\n\n\n<div id=\"block_454e2bfffc56690d2c89a06a6761427e\" class=\"news-feature-block\">\n\t<div class=\"container\">\n\t\t<div class=\"title\">\n\t\t\t\t\t\t\t<h2>Tin t\u1ee9c + C\u1eadp nh\u1eadt<\/h2>\n\t\t\t\t\t<\/div>\n\t\t<div class=\"wrapper\">\n\t\t\t\t\t\t\t\n\t\t\t\t\t\t\t\t\t\t\t\t\t\t\t\t\t\t\t\t<a class=\"article\" href=\"https:\/\/conta.cc\/4c23dcA\" target=\"_blank\">\n\t\t\t\t\t\t\t\t\t\t\t<div class=\"picture\">\n\t\t\t\t\t\t\t\t\t\t\t\t\t\t<img decoding=\"async\" src=\"https:\/\/helpmegrowwa.org\/wp-content\/uploads\/2026\/03\/HMG-WA-Network-Newsletter-header-14-260x180.png\" srcset=\"https:\/\/helpmegrowwa.org\/wp-content\/uploads\/2026\/03\/HMG-WA-Network-Newsletter-header-14-260x180.png 260w, https:\/\/helpmegrowwa.org\/wp-content\/uploads\/2026\/03\/HMG-WA-Network-Newsletter-header-14-520x200.png 520w\" sizes=\"260px\">\n\t\t\t\t\t\t\t\t\t\t\t\t\t\t\t<div class=\"type-label\">B\u1ea3n tin<\/div>\n\t\t\t\t\t\t\t\t\t\t\t\t\t<\/div>\n\t\t\t\t\t\t<div class=\"content\">\n\t\t\t\t\t\t\t\t\t\t\t\t\t\t\t<div class=\"date\">Th\u00e1ng T\u01b0 1, 2026<\/div>\n\t\t\t\t\t\t\t\t\t\t\t\t\t\t<div class=\"text\">\n\t\t\t\t\t\t\t\t<h3 class=\"title\">March 2026 HMG WA Newsletter (Spanish)<\/h3>\n\t\t\t\t\t\t\t\t<div class=\"summary\">Celebre a la red de Ay\u00fadame a Crecer Washington v\u00e0 conozca los avances que hemos \u0111\u0103ng nh\u1eadp v\u00e0 c\u00e1c bi\u1ebfn th\u1ec3 ban \u0111\u1ea7u c\u1ee7a k\u1ebf ho\u1ea1ch l\u1eadp k\u1ebf ho\u1ea1ch cho Ay\u00fadame a Crecer Washington.<\/div>\n\t\t\t\t\t\t\t<\/div>\n\t\t\t\t\t\t\t<div class=\"more\">\n\t\t\t\t\t\t\t\t\u0110\u1ecdc th\u00eam\n\t\t\t\t\t\t\t\t<svg class=\"arrow\" aria-hidden=\"true\" focusable=\"false\" data-prefix=\"fas\" data-icon=\"long-arrow-right\" role=\"img\" xmlns=\"http:\/\/www.w3.org\/2000\/svg\" viewbox=\"0 0 448 512\"><path fill=\"#ababab\" d=\"M254.544 154.427L320.118 220H24c-13.255 0-24 10.745-24 24v24c0 13.255 10.745 24 24 24h296.118l-65.574 65.573c-9.373 9.373-9.373 24.569 0 33.941l16.971 16.971c9.373 9.373 24.569 9.373 33.941 0L440.97 272.97c9.373-9.373 9.373-24.569 0-33.941L305.456 103.515c-9.373-9.373-24.569-9.373-33.941 0l-16.971 16.971c-9.373 9.372-9.373 24.568 0 33.941z\"><\/path><\/svg>\n\t\t\t\t\t\t\t<\/div>\n\t\t\t\t\t\t<\/div>\n\t\t\t\t\t<\/a>\n\t\t\t\t\t\t\t\t\t\t\t\t\t\t\t\t\t\t\t\t\t\t\t\t\t<a class=\"article\" href=\"https:\/\/conta.cc\/4d61btX\" target=\"_blank\">\n\t\t\t\t\t\t\t\t\t\t\t<div class=\"picture\">\n\t\t\t\t\t\t\t\t\t\t\t\t\t\t<img decoding=\"async\" src=\"https:\/\/helpmegrowwa.org\/wp-content\/uploads\/2026\/03\/HMG-WA-Network-Newsletter-header-13-260x180.png\" srcset=\"https:\/\/helpmegrowwa.org\/wp-content\/uploads\/2026\/03\/HMG-WA-Network-Newsletter-header-13-260x180.png 260w, https:\/\/helpmegrowwa.org\/wp-content\/uploads\/2026\/03\/HMG-WA-Network-Newsletter-header-13-520x200.png 520w\" sizes=\"260px\">\n\t\t\t\t\t\t\t\t\t\t\t\t\t\t\t<div class=\"type-label\">B\u1ea3n tin<\/div>\n\t\t\t\t\t\t\t\t\t\t\t\t\t<\/div>\n\t\t\t\t\t\t<div class=\"content\">\n\t\t\t\t\t\t\t\t\t\t\t\t\t\t\t<div class=\"date\">Th\u00e1ng Ba 31, 2026<\/div>\n\t\t\t\t\t\t\t\t\t\t\t\t\t\t<div class=\"text\">\n\t\t\t\t\t\t\t\t<h3 class=\"title\">March 2026 HMG WA Newsletter<\/h3>\n\t\t\t\t\t\t\t\t<div class=\"summary\">H\u00e3y c\u00f9ng t\u00f4n vinh m\u1ea1ng l\u01b0\u1edbi Help Me Grow WA v\u00e0 t\u00ecm hi\u1ec3u v\u1ec1 nh\u1eefng ti\u1ebfn b\u1ed9 \u0111\u00e3 \u0111\u1ea1t \u0111\u01b0\u1ee3c trong m\u1ed9t s\u1ed1 s\u00e1ng ki\u1ebfn chi\u1ebfn l\u01b0\u1ee3c thu\u1ed9c K\u1ebf ho\u1ea1ch Chi\u1ebfn l\u01b0\u1ee3c Help Me Grow WA.<\/div>\n\t\t\t\t\t\t\t<\/div>\n\t\t\t\t\t\t\t<div class=\"more\">\n\t\t\t\t\t\t\t\t\u0110\u1ecdc th\u00eam\n\t\t\t\t\t\t\t\t<svg class=\"arrow\" aria-hidden=\"true\" focusable=\"false\" data-prefix=\"fas\" data-icon=\"long-arrow-right\" role=\"img\" xmlns=\"http:\/\/www.w3.org\/2000\/svg\" viewbox=\"0 0 448 512\"><path fill=\"#ababab\" d=\"M254.544 154.427L320.118 220H24c-13.255 0-24 10.745-24 24v24c0 13.255 10.745 24 24 24h296.118l-65.574 65.573c-9.373 9.373-9.373 24.569 0 33.941l16.971 16.971c9.373 9.373 24.569 9.373 33.941 0L440.97 272.97c9.373-9.373 9.373-24.569 0-33.941L305.456 103.515c-9.373-9.373-24.569-9.373-33.941 0l-16.971 16.971c-9.373 9.372-9.373 24.568 0 33.941z\"><\/path><\/svg>\n\t\t\t\t\t\t\t<\/div>\n\t\t\t\t\t\t<\/div>\n\t\t\t\t\t<\/a>\n\t\t\t\t\t\t\t\t\t\t\t\t\t\t\t\t\t\t\t\t\t\t\t\t\t<a class=\"article\" href=\"https:\/\/helpmegrowwa.org\/vi\/reaching-new-heights-partnering-to-support-child-development\">\n\t\t\t\t\t\t\t\t\t\t\t<div class=\"picture\">\n\t\t\t\t\t\t\t\t\t\t\t\t\t\t<img decoding=\"async\" src=\"https:\/\/helpmegrowwa.org\/wp-content\/uploads\/2026\/03\/NEWS-STORY-TITLE-5-e1774371040337-260x180.png\" srcset=\"https:\/\/helpmegrowwa.org\/wp-content\/uploads\/2026\/03\/NEWS-STORY-TITLE-5-e1774371040337-260x180.png 260w, https:\/\/helpmegrowwa.org\/wp-content\/uploads\/2026\/03\/NEWS-STORY-TITLE-5-e1774371040337-520x360.png 520w\" sizes=\"260px\">\n\t\t\t\t\t\t\t\t\t\t\t\t\t\t\t<div class=\"type-label\">B\u00e0i vi\u1ebft<\/div>\n\t\t\t\t\t\t\t\t\t\t\t\t\t<\/div>\n\t\t\t\t\t\t<div class=\"content\">\n\t\t\t\t\t\t\t\t\t\t\t\t\t\t\t<div class=\"date\">Th\u00e1ng Ba 24, 2026<\/div>\n\t\t\t\t\t\t\t\t\t\t\t\t\t\t<div class=\"text\">\n\t\t\t\t\t\t\t\t<h3 class=\"title\">Reaching New Heights: Partnering to Support Child Development<\/h3>\n\t\t\t\t\t\t\t\t<div class=\"summary\">New Resource for Families and Partners! Help Me Grow WA has partnered with the Washington Chapter of the American Academy of Pediatrics (WCAAP) to co\u2011create a fun, bilingual height chart for children ages 2 months to 5 years. Designed with pediatric expertise and families in mind, each chart includes key developmental milestones and simple ways families can support their child\u2019s growth and learning. <\/div>\n\t\t\t\t\t\t\t<\/div>\n\t\t\t\t\t\t\t<div class=\"more\">\n\t\t\t\t\t\t\t\t\u0110\u1ecdc th\u00eam\n\t\t\t\t\t\t\t\t<svg class=\"arrow\" aria-hidden=\"true\" focusable=\"false\" data-prefix=\"fas\" data-icon=\"long-arrow-right\" role=\"img\" xmlns=\"http:\/\/www.w3.org\/2000\/svg\" viewbox=\"0 0 448 512\"><path fill=\"#ababab\" d=\"M254.544 154.427L320.118 220H24c-13.255 0-24 10.745-24 24v24c0 13.255 10.745 24 24 24h296.118l-65.574 65.573c-9.373 9.373-9.373 24.569 0 33.941l16.971 16.971c9.373 9.373 24.569 9.373 33.941 0L440.97 272.97c9.373-9.373 9.373-24.569 0-33.941L305.456 103.515c-9.373-9.373-24.569-9.373-33.941 0l-16.971 16.971c-9.373 9.372-9.373 24.568 0 33.941z\"><\/path><\/svg>\n\t\t\t\t\t\t\t<\/div>\n\t\t\t\t\t\t<\/div>\n\t\t\t\t\t<\/a>\n\t\t\t\t\t\t\t\t\t\t\t\t\t\t\t\t\t\t\t\t\t\t\t\t\t<a class=\"article\" href=\"https:\/\/helpmegrowwa.org\/vi\/news\/celebrating-the-2026-help-me-grow-washington-network\">\n\t\t\t\t\t\t\t\t\t\t\t<div class=\"picture\">\n\t\t\t\t\t\t\t\t\t\t\t\t\t\t<img decoding=\"async\" src=\"https:\/\/helpmegrowwa.org\/wp-content\/uploads\/2026\/03\/NEWS-STORY-TITLE-4-260x180.png\" srcset=\"https:\/\/helpmegrowwa.org\/wp-content\/uploads\/2026\/03\/NEWS-STORY-TITLE-4-260x180.png 260w, https:\/\/helpmegrowwa.org\/wp-content\/uploads\/2026\/03\/NEWS-STORY-TITLE-4-520x360.png 520w\" sizes=\"260px\">\n\t\t\t\t\t\t\t\t\t\t\t\t\t\t\t<div class=\"type-label\">Tin t\u1ee9c<\/div>\n\t\t\t\t\t\t\t\t\t\t\t\t\t<\/div>\n\t\t\t\t\t\t<div class=\"content\">\n\t\t\t\t\t\t\t\t\t\t\t\t\t\t\t<div class=\"date\">Th\u00e1ng Ba 23, 2026<\/div>\n\t\t\t\t\t\t\t\t\t\t\t\t\t\t<div class=\"text\">\n\t\t\t\t\t\t\t\t<h3 class=\"title\">Celebrating the 2026 Help Me Grow Washington Network!<\/h3>\n\t\t\t\t\t\t\t\t<div class=\"summary\">We\u2019re\u00a0excited to welcome Help Me Grow Whatcom and Help Me Grow Grays Harbor to the Help Me Grow Washington network! \ud83d\udc9c With their addition, more communities across the state are building coordinated, family-centered systems of support\u2014strengthening connections and making it easier for families to access the resources they need, when they need them.\u00a0<\/div>\n\t\t\t\t\t\t\t<\/div>\n\t\t\t\t\t\t\t<div class=\"more\">\n\t\t\t\t\t\t\t\t\u0110\u1ecdc th\u00eam\n\t\t\t\t\t\t\t\t<svg class=\"arrow\" aria-hidden=\"true\" focusable=\"false\" data-prefix=\"fas\" data-icon=\"long-arrow-right\" role=\"img\" xmlns=\"http:\/\/www.w3.org\/2000\/svg\" viewbox=\"0 0 448 512\"><path fill=\"#ababab\" d=\"M254.544 154.427L320.118 220H24c-13.255 0-24 10.745-24 24v24c0 13.255 10.745 24 24 24h296.118l-65.574 65.573c-9.373 9.373-9.373 24.569 0 33.941l16.971 16.971c9.373 9.373 24.569 9.373 33.941 0L440.97 272.97c9.373-9.373 9.373-24.569 0-33.941L305.456 103.515c-9.373-9.373-24.569-9.373-33.941 0l-16.971 16.971c-9.373 9.372-9.373 24.568 0 33.941z\"><\/path><\/svg>\n\t\t\t\t\t\t\t<\/div>\n\t\t\t\t\t\t<\/div>\n\t\t\t\t\t<\/a>\n\t\t\t\t\t\t\t\t\t\t\t\t\t\n\t\t\t\t\t\t\t\n\t\t<\/div>\n\t<\/div>\n\t<script>\n\t\n\t(function($) {\n\t\n\t\t\/\/ Get the block ID\n\t\tvar id = \"#block_454e2bfffc56690d2c89a06a6761427e\";\n\t\t\n\t\t\/\/ Reveal foreground elements\n\t\tScrollReveal().reveal(id + \" .article\", {origin: \"bottom\", distance: \"20px\", duration: 1000, viewFactor: 0.2, interval: 100, reset: false});\n\t\t\n\t})(jQuery)\n\t\n\t<\/script>\t\n<\/div>","protected":false},"excerpt":{"rendered":"","protected":false},"author":2,"featured_media":0,"parent":0,"menu_order":41,"comment_status":"closed","ping_status":"closed","template":"","meta":{"_acf_changed":false,"footnotes":""},"acf":[],"_links":{"self":[{"href":"https:\/\/helpmegrowwa.org\/vi\/wp-json\/wp\/v2\/pages\/47"}],"collection":[{"href":"https:\/\/helpmegrowwa.org\/vi\/wp-json\/wp\/v2\/pages"}],"about":[{"href":"https:\/\/helpmegrowwa.org\/vi\/wp-json\/wp\/v2\/types\/page"}],"author":[{"embeddable":true,"href":"https:\/\/helpmegrowwa.org\/vi\/wp-json\/wp\/v2\/users\/2"}],"replies":[{"embeddable":true,"href":"https:\/\/helpmegrowwa.org\/vi\/wp-json\/wp\/v2\/comments?post=47"}],"version-history":[{"count":215,"href":"https:\/\/helpmegrowwa.org\/vi\/wp-json\/wp\/v2\/pages\/47\/revisions"}],"predecessor-version":[{"id":8994,"href":"https:\/\/helpmegrowwa.org\/vi\/wp-json\/wp\/v2\/pages\/47\/revisions\/8994"}],"wp:attachment":[{"href":"https:\/\/helpmegrowwa.org\/vi\/wp-json\/wp\/v2\/media?parent=47"}],"curies":[{"name":"wp","href":"https:\/\/api.w.org\/{rel}","templated":true}]}}