{"id":59,"date":"2019-06-15T01:21:18","date_gmt":"2019-06-15T01:21:18","guid":{"rendered":"http:\/\/54.244.98.151\/?page_id=59"},"modified":"2023-09-14T18:19:38","modified_gmt":"2023-09-14T18:19:38","slug":"privacy-policy","status":"publish","type":"page","link":"https:\/\/helpmegrowwa.org\/vi\/privacy-policy","title":{"rendered":"Ch\u00ednh s\u00e1ch b\u1ea3o m\u1eadt"},"content":{"rendered":"<div id=\"block_e3aa7f289a09332b499f8c45cef98170\" class=\"banner-block text\">\n\t<img decoding=\"async\" class=\"graphic\" src=\"https:\/\/helpmegrowwa.org\/wp-content\/themes\/helpmegrowwa\/images\/banner-text-shapes.svg\">\n\t<div class=\"text-wrapper\">\n\t\t<h1>Ch\u00ednh s\u00e1ch b\u1ea3o m\u1eadt<\/h1>\n\t<\/div>\t\n\t<script>\n\t(function($) {\n\t\t\/\/ Get the block ID\n\t\tvar id = \"#block_e3aa7f289a09332b499f8c45cef98170\";\n\t\t\/\/ Reveal the heading\n\t\tScrollReveal().reveal(id + \" h1\", {duration: 1000});\n\t})(jQuery)\n\t<\/script>\n<\/div>\n\n\n\n<div id=\"block_8e16942e52db27be154f4f14df7b6ecd\" class=\"text-block white small left\">\n\t<div class=\"container one-column full\">\n\t\t<p>C\u1ea3m \u01a1n b\u1ea1n \u0111\u00e3 gh\u00e9 th\u0103m trang web c\u1ee7a ch\u00fang t\u00f4i v\u00e0 \u0111\u00e3 xem l\u1ea1i Ch\u00ednh s\u00e1ch B\u1ea3o m\u1eadt c\u1ee7a ch\u00fang t\u00f4i. Ch\u00ednh s\u00e1ch c\u1ee7a ch\u00fang t\u00f4i r\u1ea5t r\u00f5 r\u00e0ng: Ch\u00fang t\u00f4i kh\u00f4ng thu th\u1eadp th\u00f4ng tin n\u00e0o v\u1ec1 b\u1ea1n, ngo\u00e0i th\u00f4ng tin \u0111\u01b0\u1ee3c thu th\u1eadp v\u00e0 l\u01b0u tr\u1eef t\u1ef1 \u0111\u1ed9ng (xem b\u00ean d\u01b0\u1edbi), khi b\u1ea1n truy c\u1eadp trang web c\u1ee7a ch\u00fang t\u00f4i tr\u1eeb khi b\u1ea1n ch\u1ecdn cung c\u1ea5p th\u00f4ng tin \u0111\u00f3 cho ch\u00fang t\u00f4i.<\/p>\n<h3>Th\u00f4ng tin \u0111\u01b0\u1ee3c thu th\u1eadp v\u00e0 l\u01b0u tr\u1eef t\u1ef1 \u0111\u1ed9ng:<\/h3>\n<p>Khi b\u1ea1n duy\u1ec7t qua b\u1ea5t k\u1ef3 trang web n\u00e0o, th\u00f4ng tin c\u00e1 nh\u00e2n nh\u1ea5t \u0111\u1ecbnh v\u1ec1 b\u1ea1n c\u00f3 th\u1ec3 \u0111\u01b0\u1ee3c thu th\u1eadp. Ch\u00fang t\u00f4i t\u1ef1 \u0111\u1ed9ng thu th\u1eadp v\u00e0 l\u01b0u tr\u1eef t\u1ea1m th\u1eddi c\u00e1c th\u00f4ng tin sau v\u1ec1 l\u1ea7n truy c\u1eadp c\u1ee7a b\u1ea1n: * t\u00ean mi\u1ec1n b\u1ea1n s\u1eed d\u1ee5ng \u0111\u1ec3 truy c\u1eadp Internet (v\u00ed d\u1ee5: gmail.com, n\u1ebfu b\u1ea1n \u0111ang s\u1eed d\u1ee5ng t\u00e0i kho\u1ea3n Gmail ho\u1eb7c stanford.edu, n\u1ebfu b\u1ea1n \u0111ang k\u1ebft n\u1ed1i t\u1eeb mi\u1ec1n c\u1ee7a \u0110\u1ea1i h\u1ecdc Stanford); * ng\u00e0y v\u00e0 gi\u1edd b\u1ea1n \u0111\u1ebfn th\u0103m; * c\u00e1c trang b\u1ea1n \u0111\u00e3 truy c\u1eadp; v\u00e0 * \u0111\u1ecba ch\u1ec9 c\u1ee7a trang web b\u1ea1n \u0111\u1ebfn khi b\u1ea1n \u0111\u1ebfn th\u0103m. Ch\u00fang t\u00f4i s\u1eed d\u1ee5ng th\u00f4ng tin n\u00e0y cho m\u1ee5c \u0111\u00edch th\u1ed1ng k\u00ea v\u00e0 \u0111\u1ec3 gi\u00fap ch\u00fang t\u00f4i l\u00e0m cho trang web c\u1ee7a ch\u00fang t\u00f4i h\u1eefu \u00edch h\u01a1n cho kh\u00e1ch truy c\u1eadp. Tr\u1eeb khi n\u00f3 \u0111\u01b0\u1ee3c quy \u0111\u1ecbnh c\u1ee5 th\u1ec3 kh\u00e1c, s\u1ebd kh\u00f4ng c\u00f3 th\u00f4ng tin b\u1ed5 sung n\u00e0o \u0111\u01b0\u1ee3c thu th\u1eadp v\u1ec1 b\u1ea1n.<\/p>\n<h3>Th\u00f4ng tin c\u00e1 nh\u00e2n \u0111\u01b0\u1ee3c cung c\u1ea5p:<\/h3>\n<p>B\u1ea1n kh\u00f4ng c\u1ea7n ph\u1ea3i cung c\u1ea5p cho ch\u00fang t\u00f4i th\u00f4ng tin c\u00e1 nh\u00e2n \u0111\u1ec3 truy c\u1eadp c\u00e1c trang web c\u1ee7a ch\u00fang t\u00f4i. N\u1ebfu b\u1ea1n ch\u1ecdn cung c\u1ea5p cho ch\u00fang t\u00f4i th\u00f4ng tin b\u1ed5 sung v\u1ec1 b\u1ea3n th\u00e2n th\u00f4ng qua email, bi\u1ec3u m\u1eabu, kh\u1ea3o s\u00e1t, v.v., ch\u00fang t\u00f4i s\u1ebd ch\u1ec9 duy tr\u00ec th\u00f4ng tin mi\u1ec5n l\u00e0 c\u1ea7n thi\u1ebft \u0111\u1ec3 tr\u1ea3 l\u1eddi c\u00e2u h\u1ecfi c\u1ee7a b\u1ea1n ho\u1eb7c \u0111\u1ec3 th\u1ef1c hi\u1ec7n m\u1ee5c \u0111\u00edch \u0111\u00e3 n\u00eau c\u1ee7a li\u00ean l\u1ea1c v\u00e0 \u0111\u01b0\u1ee3c b\u1ea3o v\u1ec7 b\u1edfi \u0110\u1ea1o lu\u1eadt v\u1ec1 quy\u1ec1n ri\u00eang t\u01b0 h\u1ea1n ch\u1ebf vi\u1ec7c ch\u00fang t\u00f4i s\u1eed d\u1ee5ng ch\u00fang, nh\u01b0ng v\u1eabn cho ph\u00e9p ti\u1ebft l\u1ed9 m\u1ed9t s\u1ed1 th\u00f4ng tin nh\u1ea5t \u0111\u1ecbnh.<\/p>\n<p>Ti\u1ebft l\u1ed9: Help Me Grow WA kh\u00f4ng ti\u1ebft l\u1ed9, cung c\u1ea5p, b\u00e1n ho\u1eb7c chuy\u1ec3n giao b\u1ea5t k\u1ef3 th\u00f4ng tin c\u00e1 nh\u00e2n n\u00e0o v\u1ec1 kh\u00e1ch truy c\u1eadp c\u1ee7a ch\u00fang t\u00f4i, tr\u1eeb khi \u0111\u01b0\u1ee3c y\u00eau c\u1ea7u th\u1ef1c thi ph\u00e1p lu\u1eadt ho\u1eb7c quy ch\u1ebf.<\/p>\n<h3>Truy\u1ec1n d\u1eef li\u1ec7u nh\u1ea1y c\u1ea3m<\/h3>\n<p>T\u1ea5t c\u1ea3 th\u00f4ng tin c\u00e1 nh\u00e2n cung c\u1ea5p cho ch\u00fang t\u00f4i \u0111\u01b0\u1ee3c l\u01b0u tr\u1eef trong c\u01a1 s\u1edf d\u1eef li\u1ec7u \u0111\u1eb7t tr\u00ean c\u00e1c m\u00e1y ch\u1ee7 n\u1eb1m sau t\u01b0\u1eddng l\u1eeda. C\u00e1c kho\u1ea3n quy\u00ean g\u00f3p \u0111\u01b0\u1ee3c th\u1ef1c hi\u1ec7n qua trang web c\u1ee7a ch\u00fang t\u00f4i \u0111\u01b0\u1ee3c x\u1eed l\u00fd th\u00f4ng qua h\u1ec7 th\u1ed1ng tu\u00e2n th\u1ee7 PCI \/ CISP (Ti\u00eau chu\u1ea9n b\u1ea3o m\u1eadt d\u1eef li\u1ec7u ng\u00e0nh th\u1ebb thanh to\u00e1n \/ Ch\u01b0\u01a1ng tr\u00ecnh b\u1ea3o m\u1eadt th\u00f4ng tin ch\u1ee7 th\u1ebb) v\u00e0 \u0111\u01b0\u1ee3c m\u00e3 h\u00f3a b\u1eb1ng m\u00e3 h\u00f3a SSL 256 bit. C\u00e1c giao th\u1ee9c b\u1ea3o m\u1eadt v\u00e0 m\u00e3 h\u00f3a cao c\u1ea5p n\u00e0y (Secure Socket Layer-SSL) l\u00e0 giao th\u1ee9c b\u1ea3o m\u1eadt ti\u00eau chu\u1ea9n c\u1ee7a ng\u00e0nh, khi\u1ebfn cho b\u1ea5t k\u1ef3 ai c\u0169ng kh\u00f3 c\u00f3 th\u1ec3 ch\u1eb7n kho\u1ea3n \u0111\u00f3ng g\u00f3p v\u00e0 th\u00f4ng tin c\u00e1 nh\u00e2n m\u00e0 b\u1ea1n g\u1eedi cho ch\u00fang t\u00f4i.<\/p>\n<p>T\u1ea1i Help Me Grow WA, c\u00e1c bi\u1ec7n ph\u00e1p b\u1ea3o v\u1ec7 \u0111\u01b0\u1ee3c th\u1ef1c hi\u1ec7n \u0111\u1ec3 cung c\u1ea5p b\u1ea3o m\u1eadt d\u1eef li\u1ec7u v\u00e0 ng\u0103n ch\u1eb7n truy c\u1eadp tr\u00e1i ph\u00e9p v\u00e0o th\u00f4ng tin nh\u1eadn d\u1ea1ng c\u00e1 nh\u00e2n. Tuy nhi\u00ean, ng\u01b0\u1eddi d\u00f9ng trang web c\u1ea7n l\u01b0u \u00fd r\u1eb1ng Help Me Grow WA kh\u00f4ng th\u1ec3 \u0111\u1ea3m b\u1ea3o ch\u1ed1ng l\u1ea1i l\u1ed7i ph\u1ea7n c\u1ee9ng, s\u1ef1 c\u1ed1 k\u1ef9 thu\u1eadt, x\u00e2m nh\u1eadp tr\u00e1i ph\u00e9p ho\u1eb7c c\u00e1c s\u1ef1 c\u1ed1 kh\u00e1c c\u00f3 th\u1ec3 d\u1eabn \u0111\u1ebfn vi ph\u1ea1m c\u00e1c bi\u1ec7n ph\u00e1p b\u1ea3o v\u1ec7 n\u00e0y v\u00e0 c\u00f3 th\u1ec3 truy c\u1eadp tr\u00e1i ph\u00e9p v\u00e0o th\u00f4ng tin c\u00e1 nh\u00e2n.<\/p>\n<h3>Li\u00ean k\u1ebft \u0111\u1ebfn c\u00e1c trang b\u00ean ngo\u00e0i Tuy\u00ean b\u1ed1 t\u1eeb ch\u1ed1i tr\u00e1ch nhi\u1ec7m v\u1ec1 quy\u1ec1n ri\u00eang t\u01b0<\/h3>\n<p>Trang web Help Me Grow WA ch\u1ee9a c\u00e1c li\u00ean k\u1ebft \u0111\u1ebfn c\u00e1c trang web kh\u00e1c. Ch\u00fang bao g\u1ed3m c\u00e1c li\u00ean k\u1ebft \u0111\u1ebfn c\u00e1c trang web do ch\u00ednh ph\u1ee7, c\u00e1c t\u1ed5 ch\u1ee9c phi l\u1ee3i nhu\u1eadn v\u00e0 c\u00e1c t\u1ed5 ch\u1ee9c kh\u00e1c \u0111i\u1ec1u h\u00e0nh. Khi b\u1ea1n li\u00ean k\u1ebft \u0111\u1ebfn m\u1ed9t trang web kh\u00e1c, b\u1ea1n kh\u00f4ng c\u00f2n \u1edf tr\u00ean HelpMeGrowWA.org v\u00e0 Ch\u00ednh s\u00e1ch quy\u1ec1n ri\u00eang t\u01b0 n\u00e0y kh\u00f4ng c\u00f2n \u0111\u01b0\u1ee3c \u00e1p d\u1ee5ng n\u1eefa. Khi b\u1ea1n li\u00ean k\u1ebft \u0111\u1ebfn m\u1ed9t trang web kh\u00e1c, b\u1ea1n ph\u1ea3i tu\u00e2n theo ch\u00ednh s\u00e1ch b\u1ea3o m\u1eadt c\u1ee7a trang web \u0111\u00f3 v\u00e0 n\u00ean th\u1eadn tr\u1ecdng trong vi\u1ec7c cung c\u1ea5p th\u00f4ng tin c\u00e1 nh\u00e2n.<\/p>\n\t<\/div>\n\t<script>\n\t\t(function($) {\n\t\t\t\/\/ Get the block ID\n\t\t\tvar id = \"#block_8e16942e52db27be154f4f14df7b6ecd\";\n\t\t\t\/\/ Reveal the block\n\t\t\tvar container = document.documentElement;\n\t\t\tScrollReveal().reveal(id + \" .container\", {origin: \"bottom\", distance: \"20px\", duration: 1000, container: container});\n\t\t}(jQuery))\n\t<\/script>\n<\/div>","protected":false},"excerpt":{"rendered":"","protected":false},"author":2,"featured_media":0,"parent":0,"menu_order":203,"comment_status":"closed","ping_status":"closed","template":"","meta":{"_acf_changed":false,"footnotes":""},"acf":[],"_links":{"self":[{"href":"https:\/\/helpmegrowwa.org\/vi\/wp-json\/wp\/v2\/pages\/59"}],"collection":[{"href":"https:\/\/helpmegrowwa.org\/vi\/wp-json\/wp\/v2\/pages"}],"about":[{"href":"https:\/\/helpmegrowwa.org\/vi\/wp-json\/wp\/v2\/types\/page"}],"author":[{"embeddable":true,"href":"https:\/\/helpmegrowwa.org\/vi\/wp-json\/wp\/v2\/users\/2"}],"replies":[{"embeddable":true,"href":"https:\/\/helpmegrowwa.org\/vi\/wp-json\/wp\/v2\/comments?post=59"}],"version-history":[{"count":18,"href":"https:\/\/helpmegrowwa.org\/vi\/wp-json\/wp\/v2\/pages\/59\/revisions"}],"predecessor-version":[{"id":6592,"href":"https:\/\/helpmegrowwa.org\/vi\/wp-json\/wp\/v2\/pages\/59\/revisions\/6592"}],"wp:attachment":[{"href":"https:\/\/helpmegrowwa.org\/vi\/wp-json\/wp\/v2\/media?parent=59"}],"curies":[{"name":"wp","href":"https:\/\/api.w.org\/{rel}","templated":true}]}}