{"id":61,"date":"2019-06-15T01:22:34","date_gmt":"2019-06-15T01:22:34","guid":{"rendered":"http:\/\/54.244.98.151\/?page_id=61"},"modified":"2023-09-14T18:19:24","modified_gmt":"2023-09-14T18:19:24","slug":"terms-of-use","status":"publish","type":"page","link":"https:\/\/helpmegrowwa.org\/vi\/terms-of-use","title":{"rendered":"\u0110i\u1ec1u kho\u1ea3n s\u1eed d\u1ee5ng"},"content":{"rendered":"<div id=\"block_f9b726cadb14a45f0c8537484526ec31\" class=\"banner-block text\">\n\t<img decoding=\"async\" class=\"graphic\" src=\"https:\/\/helpmegrowwa.org\/wp-content\/themes\/helpmegrowwa\/images\/banner-text-shapes.svg\">\n\t<div class=\"text-wrapper\">\n\t\t<h1>\u0110i\u1ec1u kho\u1ea3n s\u1eed d\u1ee5ng<\/h1>\n\t<\/div>\t\n\t<script>\n\t(function($) {\n\t\t\/\/ Get the block ID\n\t\tvar id = \"#block_f9b726cadb14a45f0c8537484526ec31\";\n\t\t\/\/ Reveal the heading\n\t\tScrollReveal().reveal(id + \" h1\", {duration: 1000});\n\t})(jQuery)\n\t<\/script>\n<\/div>\n\n\n\n<div id=\"block_4bb5b0419d14b2584c700a91ebf525bf\" class=\"text-block white small left\">\n\t<div class=\"container one-column full\">\n\t\t<h3>1. N\u1ed9i dung<\/h3>\n<p>T\u00e1c gi\u1ea3 c\u00f3 quy\u1ec1n kh\u00f4ng ch\u1ecbu tr\u00e1ch nhi\u1ec7m v\u1ec1 t\u00ednh th\u1eddi s\u1ef1, \u0111\u00fang \u0111\u1eafn, \u0111\u1ea7y \u0111\u1ee7, ch\u1ea5t l\u01b0\u1ee3ng c\u1ee7a th\u00f4ng tin \u0111\u01b0\u1ee3c cung c\u1ea5p. Do \u0111\u00f3, c\u00e1c khi\u1ebfu n\u1ea1i v\u1ec1 tr\u00e1ch nhi\u1ec7m ph\u00e1p l\u00fd li\u00ean quan \u0111\u1ebfn thi\u1ec7t h\u1ea1i do vi\u1ec7c s\u1eed d\u1ee5ng b\u1ea5t k\u1ef3 th\u00f4ng tin n\u00e0o \u0111\u01b0\u1ee3c cung c\u1ea5p, bao g\u1ed3m b\u1ea5t k\u1ef3 lo\u1ea1i th\u00f4ng tin n\u00e0o kh\u00f4ng \u0111\u1ea7y \u0111\u1ee7 ho\u1eb7c kh\u00f4ng ch\u00ednh x\u00e1c, s\u1ebd b\u1ecb t\u1eeb ch\u1ed1i.<\/p>\n<p>T\u1ea5t c\u1ea3 c\u00e1c \u0111\u1ec1 ngh\u1ecb kh\u00f4ng r\u00e0ng bu\u1ed9c v\u00e0 kh\u00f4ng c\u00f3 ngh\u0129a v\u1ee5. C\u00e1c ph\u1ea7n c\u1ee7a trang ho\u1eb7c to\u00e0n b\u1ed9 \u1ea5n ph\u1ea9m bao g\u1ed3m t\u1ea5t c\u1ea3 c\u00e1c \u01b0u \u0111\u00e3i v\u00e0 th\u00f4ng tin c\u00f3 th\u1ec3 \u0111\u01b0\u1ee3c t\u00e1c gi\u1ea3 m\u1edf r\u1ed9ng, thay \u0111\u1ed5i ho\u1eb7c x\u00f3a m\u1ed9t ph\u1ea7n ho\u1eb7c ho\u00e0n to\u00e0n m\u00e0 kh\u00f4ng c\u00f3 th\u00f4ng b\u00e1o ri\u00eang.<\/p>\n<h3>2. Gi\u1edbi thi\u1ec7u v\u00e0 li\u00ean k\u1ebft<\/h3>\n<p>T\u00e1c gi\u1ea3 kh\u00f4ng ch\u1ecbu tr\u00e1ch nhi\u1ec7m v\u1ec1 b\u1ea5t k\u1ef3 n\u1ed9i dung n\u00e0o \u0111\u01b0\u1ee3c li\u00ean k\u1ebft ho\u1eb7c tham chi\u1ebfu t\u1eeb c\u00e1c trang c\u1ee7a m\u00ecnh - tr\u1eeb khi anh ta c\u00f3 \u0111\u1ea7y \u0111\u1ee7 ki\u1ebfn th\u1ee9c v\u1ec1 c\u00e1c n\u1ed9i dung b\u1ea5t h\u1ee3p ph\u00e1p v\u00e0 c\u00f3 th\u1ec3 ng\u0103n nh\u1eefng ng\u01b0\u1eddi truy c\u1eadp trang web c\u1ee7a m\u00ecnh xem c\u00e1c trang \u0111\u00f3. N\u1ebfu b\u1ea5t k\u1ef3 thi\u1ec7t h\u1ea1i n\u00e0o x\u1ea3y ra do vi\u1ec7c s\u1eed d\u1ee5ng th\u00f4ng tin \u0111\u01b0\u1ee3c tr\u00ecnh b\u00e0y \u1edf \u0111\u00f3, ch\u1ec9 t\u00e1c gi\u1ea3 c\u1ee7a c\u00e1c trang t\u01b0\u01a1ng \u1ee9ng m\u1edbi c\u00f3 th\u1ec3 ch\u1ecbu tr\u00e1ch nhi\u1ec7m ch\u1ee9 kh\u00f4ng ph\u1ea3i ng\u01b0\u1eddi \u0111\u00e3 li\u00ean k\u1ebft \u0111\u1ebfn c\u00e1c trang n\u00e0y. H\u01a1n n\u1eefa, t\u00e1c gi\u1ea3 kh\u00f4ng ch\u1ecbu tr\u00e1ch nhi\u1ec7m ph\u00e1p l\u00fd \u0111\u1ed1i v\u1edbi b\u1ea5t k\u1ef3 b\u00e0i \u0111\u0103ng ho\u1eb7c th\u00f4ng b\u00e1o n\u00e0o \u0111\u01b0\u1ee3c xu\u1ea5t b\u1ea3n b\u1edfi nh\u1eefng ng\u01b0\u1eddi s\u1eed d\u1ee5ng b\u1ea3ng th\u1ea3o lu\u1eadn, s\u1ed5 l\u01b0u b\u00fat ho\u1eb7c danh s\u00e1ch g\u1eedi th\u01b0 \u0111\u01b0\u1ee3c cung c\u1ea5p tr\u00ean trang c\u1ee7a m\u00ecnh.<\/p>\n<h3>3. B\u1ea3n quy\u1ec1n<\/h3>\n<p>T\u00e1c gi\u1ea3 d\u1ef1 \u0111\u1ecbnh kh\u00f4ng s\u1eed d\u1ee5ng b\u1ea5t k\u1ef3 t\u00e0i li\u1ec7u c\u00f3 b\u1ea3n quy\u1ec1n n\u00e0o cho vi\u1ec7c xu\u1ea5t b\u1ea3n ho\u1eb7c, n\u1ebfu kh\u00f4ng th\u1ec3, \u0111\u1ec3 ch\u1ec9 ra b\u1ea3n quy\u1ec1n c\u1ee7a \u0111\u1ed1i t\u01b0\u1ee3ng t\u01b0\u01a1ng \u1ee9ng. B\u1ea3n quy\u1ec1n cho b\u1ea5t k\u1ef3 t\u00e0i li\u1ec7u n\u00e0o do t\u00e1c gi\u1ea3 t\u1ea1o ra \u0111\u1ec1u \u0111\u01b0\u1ee3c b\u1ea3o l\u01b0u. B\u1ea5t k\u1ef3 s\u1ef1 sao ch\u00e9p ho\u1eb7c s\u1eed d\u1ee5ng c\u00e1c \u0111\u1ed1i t\u01b0\u1ee3ng nh\u01b0 s\u01a1 \u0111\u1ed3, \u00e2m thanh ho\u1eb7c v\u0103n b\u1ea3n trong c\u00e1c \u1ea5n ph\u1ea9m \u0111i\u1ec7n t\u1eed ho\u1eb7c in \u1ea5n kh\u00e1c \u0111\u1ec1u kh\u00f4ng \u0111\u01b0\u1ee3c ph\u00e9p n\u1ebfu kh\u00f4ng c\u00f3 s\u1ef1 \u0111\u1ed3ng \u00fd c\u1ee7a t\u00e1c gi\u1ea3.<\/p>\n<h3>4. Ch\u00ednh s\u00e1ch quy\u1ec1n ri\u00eang t\u01b0<\/h3>\n<p>N\u1ebfu c\u00f3 c\u01a1 h\u1ed9i cho vi\u1ec7c nh\u1eadp d\u1eef li\u1ec7u c\u00e1 nh\u00e2n ho\u1eb7c doanh nghi\u1ec7p (\u0111\u1ecba ch\u1ec9 email, t\u00ean, \u0111\u1ecba ch\u1ec9), th\u00ec vi\u1ec7c nh\u1eadp d\u1eef li\u1ec7u n\u00e0y s\u1ebd di\u1ec5n ra m\u1ed9t c\u00e1ch t\u1ef1 nguy\u1ec7n. Vi\u1ec7c s\u1eed d\u1ee5ng v\u00e0 thanh to\u00e1n t\u1ea5t c\u1ea3 c\u00e1c d\u1ecbch v\u1ee5 \u0111\u01b0\u1ee3c cung c\u1ea5p \u0111\u1ec1u \u0111\u01b0\u1ee3c cho ph\u00e9p - n\u1ebfu v\u00e0 cho \u0111\u1ebfn nay v\u1ec1 m\u1eb7t k\u1ef9 thu\u1eadt l\u00e0 c\u00f3 th\u1ec3 v\u00e0 h\u1ee3p l\u00fd - m\u00e0 kh\u00f4ng c\u1ea7n \u0111\u1eb7c t\u1ea3 v\u1ec1 b\u1ea5t k\u1ef3 d\u1eef li\u1ec7u c\u00e1 nh\u00e2n n\u00e0o ho\u1eb7c theo \u0111\u1eb7c t\u1ea3 c\u1ee7a d\u1eef li\u1ec7u \u1ea9n danh ho\u1eb7c b\u00ed danh. Vi\u1ec7c s\u1eed d\u1ee5ng c\u00e1c \u0111\u1ecba ch\u1ec9 b\u01b0u \u0111i\u1ec7n, s\u1ed1 \u0111i\u1ec7n tho\u1ea1i ho\u1eb7c s\u1ed1 fax v\u00e0 \u0111\u1ecba ch\u1ec9 email \u0111\u00e3 \u0111\u01b0\u1ee3c c\u00f4ng b\u1ed1 cho m\u1ee5c \u0111\u00edch ti\u1ebfp th\u1ecb b\u1ecb c\u1ea5m, nh\u1eefng ng\u01b0\u1eddi vi ph\u1ea1m g\u1eedi tin nh\u1eafn r\u00e1c kh\u00f4ng mong mu\u1ed1n s\u1ebd b\u1ecb tr\u1eebng ph\u1ea1t.<\/p>\n<h3>5. Gi\u00e1 tr\u1ecb ph\u00e1p l\u00fd c\u1ee7a tuy\u00ean b\u1ed1 t\u1eeb ch\u1ed1i tr\u00e1ch nhi\u1ec7m n\u00e0y<\/h3>\n<p>Tuy\u00ean b\u1ed1 t\u1eeb ch\u1ed1i tr\u00e1ch nhi\u1ec7m n\u00e0y \u0111\u01b0\u1ee3c coi l\u00e0 m\u1ed9t ph\u1ea7n c\u1ee7a \u1ea5n ph\u1ea9m internet m\u00e0 b\u1ea1n \u0111\u00e3 \u0111\u01b0\u1ee3c gi\u1edbi thi\u1ec7u t\u1eeb \u0111\u00f3. N\u1ebfu c\u00e1c ph\u1ea7n ho\u1eb7c c\u00e1c \u0111i\u1ec1u kho\u1ea3n ri\u00eang l\u1ebb c\u1ee7a tuy\u00ean b\u1ed1 n\u00e0y kh\u00f4ng h\u1ee3p ph\u00e1p ho\u1eb7c ch\u00ednh x\u00e1c, th\u00ec n\u1ed9i dung ho\u1eb7c hi\u1ec7u l\u1ef1c c\u1ee7a c\u00e1c ph\u1ea7n kh\u00e1c v\u1eabn kh\u00f4ng b\u1ecb \u1ea3nh h\u01b0\u1edfng b\u1edfi th\u1ef1c t\u1ebf n\u00e0y.<\/p>\n<h3>6. C\u00e2u h\u1ecfi<\/h3>\n<p>T\u1ea5t c\u1ea3 c\u00e1c c\u00e2u h\u1ecfi li\u00ean quan \u0111\u1ebfn n\u1ed9i dung c\u1ee5 th\u1ec3 c\u1ee7a trang Web n\u00e0y, c\u0169ng nh\u01b0 c\u00e1c c\u00e2u h\u1ecfi thu\u1ed9c b\u1ea5t k\u1ef3 lo\u1ea1i n\u00e0o n\u00ean \u0111\u01b0\u1ee3c chuy\u1ec3n \u0111\u1ebfn\u00a0<a href=\"mailto:info@withinreachwa.org\">info@withinreachwa.org<\/a>.<\/p>\n\t<\/div>\n\t<script>\n\t\t(function($) {\n\t\t\t\/\/ Get the block ID\n\t\t\tvar id = \"#block_4bb5b0419d14b2584c700a91ebf525bf\";\n\t\t\t\/\/ Reveal the block\n\t\t\tvar container = document.documentElement;\n\t\t\tScrollReveal().reveal(id + \" .container\", {origin: \"bottom\", distance: \"20px\", duration: 1000, container: container});\n\t\t}(jQuery))\n\t<\/script>\n<\/div>","protected":false},"excerpt":{"rendered":"","protected":false},"author":2,"featured_media":0,"parent":0,"menu_order":202,"comment_status":"closed","ping_status":"closed","template":"","meta":{"_acf_changed":false,"footnotes":""},"acf":[],"_links":{"self":[{"href":"https:\/\/helpmegrowwa.org\/vi\/wp-json\/wp\/v2\/pages\/61"}],"collection":[{"href":"https:\/\/helpmegrowwa.org\/vi\/wp-json\/wp\/v2\/pages"}],"about":[{"href":"https:\/\/helpmegrowwa.org\/vi\/wp-json\/wp\/v2\/types\/page"}],"author":[{"embeddable":true,"href":"https:\/\/helpmegrowwa.org\/vi\/wp-json\/wp\/v2\/users\/2"}],"replies":[{"embeddable":true,"href":"https:\/\/helpmegrowwa.org\/vi\/wp-json\/wp\/v2\/comments?post=61"}],"version-history":[{"count":18,"href":"https:\/\/helpmegrowwa.org\/vi\/wp-json\/wp\/v2\/pages\/61\/revisions"}],"predecessor-version":[{"id":6591,"href":"https:\/\/helpmegrowwa.org\/vi\/wp-json\/wp\/v2\/pages\/61\/revisions\/6591"}],"wp:attachment":[{"href":"https:\/\/helpmegrowwa.org\/vi\/wp-json\/wp\/v2\/media?parent=61"}],"curies":[{"name":"wp","href":"https:\/\/api.w.org\/{rel}","templated":true}]}}