{"id":6180,"date":"2023-09-13T21:26:26","date_gmt":"2023-09-13T21:26:26","guid":{"rendered":"https:\/\/helpmegrowwa.org\/?page_id=6180"},"modified":"2024-09-27T17:04:42","modified_gmt":"2024-09-27T17:04:42","slug":"supporters","status":"publish","type":"page","link":"https:\/\/helpmegrowwa.org\/vi\/supporters","title":{"rendered":"Ng\u01b0\u1eddi \u1ee7ng h\u1ed9"},"content":{"rendered":"<div id=\"block_5b3b555ba766e22bcad84f31c27db846\" class=\"fifty-fifty-block dark-purple right fifty-fifty-banner\">\n\t<img decoding=\"async\" class=\"flower-graphic\" src=\"https:\/\/helpmegrowwa.org\/wp-content\/themes\/helpmegrowwa\/images\/banner-text-shapes.svg\">\n\t<div class=\"info\">\n\t\t<div class=\"container regular center\">\n\t\t\t<h1>Ng\u01b0\u1eddi \u1ee7ng h\u1ed9<\/h1>\n\t\t\t\t\t<\/div>\n\t<\/div>\n\t\t<div class=\"image\" style=\"background-image: url(https:\/\/helpmegrowwa.org\/wp-content\/uploads\/2023\/09\/Partners-and-Supporters-Help-Me-Grow-Washington.jpg);background-position: center center;\">\n\t\t\t\t\t<img decoding=\"async\" class=\"corner\" src=\"https:\/\/helpmegrowwa.org\/wp-content\/themes\/helpmegrowwa\/images\/fifty-fifty-corner-piece.svg\">\n\t\t\t\t\t<\/div>\n\t<script>\n\t(function($) {\n\t\t\/\/ Get the block ID\n\t\tvar id = \"#block_5b3b555ba766e22bcad84f31c27db846\";\n\t\t\/\/ Reveal the block\n\t\tvar container = document.documentElement;\n\t\tScrollReveal().reveal(id + \".left .image\", {origin: \"left\", distance: \"20px\", duration: 1000});\n\t\tScrollReveal().reveal(id + \".left .info .container\", {origin: \"right\", distance: \"20px\", duration: 1000});\n\t\tScrollReveal().reveal(id + \".right .image\", {origin: \"right\", distance: \"20px\", duration: 1000});\n\t\tScrollReveal().reveal(id + \".right .info .container\", {origin: \"left\", distance: \"20px\", duration: 1000});\n\t}(jQuery))\n\t<\/script>\n<\/div>\n\n<div id=\"block_f355344229a154d2ce6d2837f9ad5e78\" class=\"text-block white large center\">\n\t<div class=\"container one-column narrow w-border\">\n\t\t<p>Ch\u00fang t\u00f4i r\u1ea5t bi\u1ebft \u01a1n nh\u1eefng ng\u01b0\u1eddi \u1ee7ng h\u1ed9 m\u1ea1ng l\u01b0\u1edbi Help Me Grow Washington c\u1ee7a ch\u00fang t\u00f4i, nh\u1eefng \u0111\u00f3ng g\u00f3p c\u1ee7a h\u1ecd \u0111\u00e3 t\u1ea1o ra t\u00e1c \u0111\u1ed9ng \u0111\u00e1ng k\u1ec3 \u0111\u1ebfn cu\u1ed9c s\u1ed1ng c\u1ee7a h\u00e0ng ngh\u00ecn tr\u1ebb em v\u00e0 gia \u0111\u00ecnh tr\u00ean kh\u1eafp ti\u1ec3u bang Washington. Nh\u1eefng \u0111\u00f3ng g\u00f3p n\u00e0y \u0111\u00f3ng vai tr\u00f2 quan tr\u1ecdng trong vi\u1ec7c kh\u01a1i d\u1eady s\u1ef1 \u0111\u1ed5i m\u1edbi, ni\u1ec1m \u0111am m\u00ea v\u00e0 s\u1ef1 h\u1ee3p t\u00e1c c\u1ea7n c\u00f3 \u0111\u1ec3 x\u00e2y d\u1ef1ng m\u1ea1ng Help Me Grow. M\u1ed7i m\u00f3n qu\u00e0 \u0111\u1ec1u quan tr\u1ecdng \u0111\u1ed1i v\u1edbi t\u1ea7m nh\u00ecn chung c\u1ee7a ch\u00fang t\u00f4i nh\u1eb1m cung c\u1ea5p \u0111\u1ea7y \u0111\u1ee7 h\u1ed7 tr\u1ee3 cho t\u1ea5t c\u1ea3 c\u00e1c gia \u0111\u00ecnh c\u00f3 con nh\u1ecf \u1edf bang Washington.<\/p>\n\t<\/div>\n\t<script>\n\t\t(function($) {\n\t\t\t\/\/ Get the block ID\n\t\t\tvar id = \"#block_f355344229a154d2ce6d2837f9ad5e78\";\n\t\t\t\/\/ Reveal the block\n\t\t\tvar container = document.documentElement;\n\t\t\tScrollReveal().reveal(id + \" .container\", {origin: \"bottom\", distance: \"20px\", duration: 1000, container: container});\n\t\t}(jQuery))\n\t<\/script>\n<\/div>\n\n<div id=\"block_d147072e6521a1c794f58c52ad0dae75\" class=\"partners-block\">\t\n\t<div class=\"container\">\n\t\t\n\t\t\t\t\t<div class=\"row-wrapper\">\n\t\t\t\t\t\t\t\t\t\t<div class=\"column-wrapper column-1\">\n\t\t\t\t\t\t\t\t\t\t\t<h4>\u0110\u1ed1i t\u00e1c h\u1ec7 th\u1ed1ng Help Me Grow Washington<\/h4>\n\t\t\t\t\t\t\t\t\t\t<div class=\"logo-wrapper\">\n\t\t\t\t\t\t\t\t\t\t\t<div class=\"logo\">\n\t\t\t\t\t\t\t\t\t\t\t\t\t\t<img decoding=\"async\" src=\"https:\/\/helpmegrowwa.org\/wp-content\/uploads\/2020\/02\/footer-logo-DCYF.png\" style=\"min-width: 270px; max-width: 270px;\">\n\t\t\t\t\t\t<\/div>\n\t\t\t\t\t\t\t\t\t\t\t\t\t\t\t\t<div class=\"logo\">\n\t\t\t\t\t\t\t\t\t\t\t\t\t\t<img decoding=\"async\" src=\"https:\/\/helpmegrowwa.org\/wp-content\/uploads\/2023\/08\/DOH-logo-v2023.svg\" style=\"min-width: 180px; max-width: 180px;\">\n\t\t\t\t\t\t<\/div>\n\t\t\t\t\t\t\t\t\t\t\t\t\t\t\t<\/div>\n\t\t\t\t<\/div>\n\t\t\t\t\t\t\t\t\t\t\t\t\t<div class=\"column-wrapper column-2\">\n\t\t\t\t\t\t\t\t\t\t\t<h4>Nh\u00e0 \u0111\u1ea7u t\u01b0 h\u1ec7 th\u1ed1ng Help Me Grow Washington <\/h4>\n\t\t\t\t\t\t\t\t\t\t<div class=\"logo-wrapper\">\n\t\t\t\t\t\t\t\t\t\t\t<div class=\"logo\">\n\t\t\t\t\t\t\t\t\t\t\t\t\t\t<img decoding=\"async\" src=\"https:\/\/helpmegrowwa.org\/wp-content\/uploads\/2023\/08\/logo-premera.png\" style=\"min-width: 190px; max-width: 190px;\">\n\t\t\t\t\t\t<\/div>\n\t\t\t\t\t\t\t\t\t\t\t\t\t\t\t\t<div class=\"logo\">\n\t\t\t\t\t\t\t\t\t\t\t\t\t\t<img decoding=\"async\" src=\"https:\/\/helpmegrowwa.org\/wp-content\/uploads\/2023\/08\/logo-pritzker.png\" style=\"min-width: 265px; max-width: 265px;\">\n\t\t\t\t\t\t<\/div>\n\t\t\t\t\t\t\t\t\t\t\t\t\t\t\t<\/div>\n\t\t\t\t<\/div>\n\t\t\t\t\t\t\t\t\t\t\t\t<\/div>\n\t\t\t\n\t\t\t<script>\n\t\t\t(function($) {\n\t\t\t\t\/\/ Get the block ID\n\t\t\t\tvar id = \"#block_d147072e6521a1c794f58c52ad0dae75\";\n\t\t\t\t\/\/ Reveal the block\n\t\t\t\t\n\t\t\t\t$(id + \" .container .row-wrapper\").addClass(function(){\n\t\t\t\t\treturn [\"none\", \"one-column\", \"two-column\"]\n\t\t\t\t\t   [$(this).children('.column-wrapper').length];\n\t\t\t\t});\n\t\t\t\t\n\t\t\t}(jQuery))\n\t\t\t<\/script>\n\t\t\t\n\t\t\t\t\t\t\t\t<div class=\"row-wrapper\">\n\t\t\t\t\t\t\t\t\t\t<div class=\"column-wrapper centered column-1\">\n\t\t\t\t\t\t\t\t\t\t\t<h4>Nh\u00e0 t\u00e0i tr\u1ee3 trang web h\u00e0ng \u0111\u1ea7u Help Me Grow Washington<\/h4>\n\t\t\t\t\t\t\t\t\t\t<div class=\"logo-wrapper\">\n\t\t\t\t\t\t\t\t\t\t\t<div class=\"logo\">\n\t\t\t\t\t\t\t\t\t\t\t\t\t\t<img decoding=\"async\" src=\"https:\/\/helpmegrowwa.org\/wp-content\/uploads\/2023\/08\/logo-coordinated-care.png\" style=\"min-width: 320px; max-width: 320px;\">\n\t\t\t\t\t\t<\/div>\n\t\t\t\t\t\t\t\t\t\t\t\t\t\t\t<\/div>\n\t\t\t\t<\/div>\n\t\t\t\t\t\t\t\t\t\t\t\t<\/div>\n\t\t\t\n\t\t\t<script>\n\t\t\t(function($) {\n\t\t\t\t\/\/ Get the block ID\n\t\t\t\tvar id = \"#block_d147072e6521a1c794f58c52ad0dae75\";\n\t\t\t\t\/\/ Reveal the block\n\t\t\t\t\n\t\t\t\t$(id + \" .container .row-wrapper\").addClass(function(){\n\t\t\t\t\treturn [\"none\", \"one-column\", \"two-column\"]\n\t\t\t\t\t   [$(this).children('.column-wrapper').length];\n\t\t\t\t});\n\t\t\t\t\n\t\t\t}(jQuery))\n\t\t\t<\/script>\n\t\t\t\n\t\t\t\t\t\t\t\t<div class=\"row-wrapper\">\n\t\t\t\t\t\t\t\t\t\t<div class=\"column-wrapper centered column-1\">\n\t\t\t\t\t\t\t\t\t\t\t<h4>Nh\u00e0 t\u00e0i tr\u1ee3 trang web Help Me Grow Washington <\/h4>\n\t\t\t\t\t\t\t\t\t\t<div class=\"logo-wrapper\">\n\t\t\t\t\t\t\t\t\t\t\t<div class=\"logo\">\n\t\t\t\t\t\t\t\t\t\t\t\t\t\t<img decoding=\"async\" src=\"https:\/\/helpmegrowwa.org\/wp-content\/uploads\/2023\/08\/logo-amerigroup.png\" style=\"min-width: 208px; max-width: 208px;\">\n\t\t\t\t\t\t<\/div>\n\t\t\t\t\t\t\t\t\t\t\t\t\t\t\t\t<div class=\"logo\">\n\t\t\t\t\t\t\t\t\t\t\t\t\t\t<img decoding=\"async\" src=\"https:\/\/helpmegrowwa.org\/wp-content\/uploads\/2023\/08\/logo-arcora.png\" style=\"min-width: 183px; max-width: 183px;\">\n\t\t\t\t\t\t<\/div>\n\t\t\t\t\t\t\t\t\t\t\t\t\t\t\t\t<div class=\"logo\">\n\t\t\t\t\t\t\t\t\t\t\t\t\t\t<img decoding=\"async\" src=\"https:\/\/helpmegrowwa.org\/wp-content\/uploads\/2024\/02\/mdrt-2.jpg\" style=\"min-width: 200px; max-width: 200px;\">\n\t\t\t\t\t\t<\/div>\n\t\t\t\t\t\t\t\t\t\t\t\t\t\t\t\t<div class=\"logo\">\n\t\t\t\t\t\t\t\t\t\t\t\t\t\t<img decoding=\"async\" src=\"https:\/\/helpmegrowwa.org\/wp-content\/uploads\/2023\/08\/logo-molina.png\" style=\"min-width: 210px; max-width: 210px;\">\n\t\t\t\t\t\t<\/div>\n\t\t\t\t\t\t\t\t\t\t\t\t\t\t\t\t<div class=\"logo\">\n\t\t\t\t\t\t\t\t\t\t\t\t\t\t<img decoding=\"async\" src=\"https:\/\/helpmegrowwa.org\/wp-content\/uploads\/2024\/03\/THE-OTTO-Family-cropped.png\" style=\"min-width: 250px; max-width: 250px;\">\n\t\t\t\t\t\t<\/div>\n\t\t\t\t\t\t\t\t\t\t\t\t\t\t\t\t<div class=\"logo\">\n\t\t\t\t\t\t\t\t\t\t\t\t\t\t<img decoding=\"async\" src=\"https:\/\/helpmegrowwa.org\/wp-content\/uploads\/2023\/08\/logo-safeco.png\" style=\"min-width: 236px; max-width: 236px;\">\n\t\t\t\t\t\t<\/div>\n\t\t\t\t\t\t\t\t\t\t\t\t\t\t\t\t<div class=\"logo\">\n\t\t\t\t\t\t\t\t\t\t\t\t\t\t<img decoding=\"async\" src=\"https:\/\/helpmegrowwa.org\/wp-content\/uploads\/2023\/08\/logo-seattles-childrens-hospital.png\" style=\"min-width: 195px; max-width: 195px;\">\n\t\t\t\t\t\t<\/div>\n\t\t\t\t\t\t\t\t\t\t\t\t\t\t\t<\/div>\n\t\t\t\t<\/div>\n\t\t\t\t\t\t\t\t\t\t\t\t<\/div>\n\t\t\t\n\t\t\t<script>\n\t\t\t(function($) {\n\t\t\t\t\/\/ Get the block ID\n\t\t\t\tvar id = \"#block_d147072e6521a1c794f58c52ad0dae75\";\n\t\t\t\t\/\/ Reveal the block\n\t\t\t\t\n\t\t\t\t$(id + \" .container .row-wrapper\").addClass(function(){\n\t\t\t\t\treturn [\"none\", \"one-column\", \"two-column\"]\n\t\t\t\t\t   [$(this).children('.column-wrapper').length];\n\t\t\t\t});\n\t\t\t\t\n\t\t\t}(jQuery))\n\t\t\t<\/script>\n\t\t\t\n\t\t\t\t\t\t\t\n\t<\/div>\n<\/div>\n\n<div id=\"block_4b14f8341ab1a90da2cadd47eee45531\" class=\"invitation-block white center\">\t\n\t<div class=\"container purple\">\n\t\t<p>\u0110\u1ec3 t\u00ecm hi\u1ec3u th\u00eam v\u1ec1 vi\u1ec7c tr\u1edf th\u00e0nh ng\u01b0\u1eddi \u1ee7ng h\u1ed9 Help Me Grow Washington, vui l\u00f2ng li\u00ean h\u1ec7 v\u1edbi ch\u00fang t\u00f4i.<\/p>\n\t\t\t\t<a class=\"btn orange\" href=\"\/vi\/contact-us\/\" target=\"\">Li\u00ean h\u1ec7 ch\u00fang t\u00f4i<\/a>\n\t\t\t<\/div>\n<\/div>\n\n\n<div id=\"block_39d9ec8053705d52a18eeccbe9830dd1\" class=\"news-feature-block\">\n\t<div class=\"container\">\n\t\t<div class=\"title\">\n\t\t\t\t\t\t\t<h2>Tin t\u1ee9c + C\u1eadp nh\u1eadt<\/h2>\n\t\t\t\t\t<\/div>\n\t\t<div class=\"wrapper\">\n\t\t\t\t\t\t\t\n\t\t\t\t\t\t\t\t\t\t\t\t\t\t\t\t\t\t\t\t<a class=\"article\" href=\"https:\/\/conta.cc\/4c23dcA\" target=\"_blank\">\n\t\t\t\t\t\t\t\t\t\t\t<div class=\"picture\">\n\t\t\t\t\t\t\t\t\t\t\t\t\t\t<img decoding=\"async\" src=\"https:\/\/helpmegrowwa.org\/wp-content\/uploads\/2026\/03\/HMG-WA-Network-Newsletter-header-14-260x180.png\" srcset=\"https:\/\/helpmegrowwa.org\/wp-content\/uploads\/2026\/03\/HMG-WA-Network-Newsletter-header-14-260x180.png 260w, https:\/\/helpmegrowwa.org\/wp-content\/uploads\/2026\/03\/HMG-WA-Network-Newsletter-header-14-520x200.png 520w\" sizes=\"260px\">\n\t\t\t\t\t\t\t\t\t\t\t\t\t\t\t<div class=\"type-label\">B\u1ea3n tin<\/div>\n\t\t\t\t\t\t\t\t\t\t\t\t\t<\/div>\n\t\t\t\t\t\t<div class=\"content\">\n\t\t\t\t\t\t\t\t\t\t\t\t\t\t\t<div class=\"date\">Th\u00e1ng T\u01b0 1, 2026<\/div>\n\t\t\t\t\t\t\t\t\t\t\t\t\t\t<div class=\"text\">\n\t\t\t\t\t\t\t\t<h3 class=\"title\">B\u1ea3n tin c\u1ee7a Ch\u00ednh ph\u1ee7 T\u00e2y \u00dac th\u00e1ng 3 n\u0103m 2026 (ti\u1ebfng T\u00e2y Ban Nha)<\/h3>\n\t\t\t\t\t\t\t\t<div class=\"summary\">Celebre a la red de Ay\u00fadame a Crecer Washington v\u00e0 conozca los avances que hemos \u0111\u0103ng nh\u1eadp v\u00e0 c\u00e1c bi\u1ebfn th\u1ec3 ban \u0111\u1ea7u c\u1ee7a k\u1ebf ho\u1ea1ch l\u1eadp k\u1ebf ho\u1ea1ch cho Ay\u00fadame a Crecer Washington.<\/div>\n\t\t\t\t\t\t\t<\/div>\n\t\t\t\t\t\t\t<div class=\"more\">\n\t\t\t\t\t\t\t\t\u0110\u1ecdc th\u00eam\n\t\t\t\t\t\t\t\t<svg class=\"arrow\" aria-hidden=\"true\" focusable=\"false\" data-prefix=\"fas\" data-icon=\"long-arrow-right\" role=\"img\" xmlns=\"http:\/\/www.w3.org\/2000\/svg\" viewbox=\"0 0 448 512\"><path fill=\"#ababab\" d=\"M254.544 154.427L320.118 220H24c-13.255 0-24 10.745-24 24v24c0 13.255 10.745 24 24 24h296.118l-65.574 65.573c-9.373 9.373-9.373 24.569 0 33.941l16.971 16.971c9.373 9.373 24.569 9.373 33.941 0L440.97 272.97c9.373-9.373 9.373-24.569 0-33.941L305.456 103.515c-9.373-9.373-24.569-9.373-33.941 0l-16.971 16.971c-9.373 9.372-9.373 24.568 0 33.941z\"><\/path><\/svg>\n\t\t\t\t\t\t\t<\/div>\n\t\t\t\t\t\t<\/div>\n\t\t\t\t\t<\/a>\n\t\t\t\t\t\t\t\t\t\t\t\t\t\t\t\t\t\t\t\t\t\t\t\t\t<a class=\"article\" href=\"https:\/\/conta.cc\/4d61btX\" target=\"_blank\">\n\t\t\t\t\t\t\t\t\t\t\t<div class=\"picture\">\n\t\t\t\t\t\t\t\t\t\t\t\t\t\t<img decoding=\"async\" src=\"https:\/\/helpmegrowwa.org\/wp-content\/uploads\/2026\/03\/HMG-WA-Network-Newsletter-header-13-260x180.png\" srcset=\"https:\/\/helpmegrowwa.org\/wp-content\/uploads\/2026\/03\/HMG-WA-Network-Newsletter-header-13-260x180.png 260w, https:\/\/helpmegrowwa.org\/wp-content\/uploads\/2026\/03\/HMG-WA-Network-Newsletter-header-13-520x200.png 520w\" sizes=\"260px\">\n\t\t\t\t\t\t\t\t\t\t\t\t\t\t\t<div class=\"type-label\">B\u1ea3n tin<\/div>\n\t\t\t\t\t\t\t\t\t\t\t\t\t<\/div>\n\t\t\t\t\t\t<div class=\"content\">\n\t\t\t\t\t\t\t\t\t\t\t\t\t\t\t<div class=\"date\">Th\u00e1ng Ba, 31, 2026<\/div>\n\t\t\t\t\t\t\t\t\t\t\t\t\t\t<div class=\"text\">\n\t\t\t\t\t\t\t\t<h3 class=\"title\">B\u1ea3n tin c\u1ee7a Ch\u00ednh ph\u1ee7 T\u00e2y \u00dac th\u00e1ng 3 n\u0103m 2026<\/h3>\n\t\t\t\t\t\t\t\t<div class=\"summary\">H\u00e3y c\u00f9ng t\u00f4n vinh m\u1ea1ng l\u01b0\u1edbi Help Me Grow WA v\u00e0 t\u00ecm hi\u1ec3u v\u1ec1 nh\u1eefng ti\u1ebfn b\u1ed9 \u0111\u00e3 \u0111\u1ea1t \u0111\u01b0\u1ee3c trong m\u1ed9t s\u1ed1 s\u00e1ng ki\u1ebfn chi\u1ebfn l\u01b0\u1ee3c thu\u1ed9c K\u1ebf ho\u1ea1ch Chi\u1ebfn l\u01b0\u1ee3c Help Me Grow WA.<\/div>\n\t\t\t\t\t\t\t<\/div>\n\t\t\t\t\t\t\t<div class=\"more\">\n\t\t\t\t\t\t\t\t\u0110\u1ecdc th\u00eam\n\t\t\t\t\t\t\t\t<svg class=\"arrow\" aria-hidden=\"true\" focusable=\"false\" data-prefix=\"fas\" data-icon=\"long-arrow-right\" role=\"img\" xmlns=\"http:\/\/www.w3.org\/2000\/svg\" viewbox=\"0 0 448 512\"><path fill=\"#ababab\" d=\"M254.544 154.427L320.118 220H24c-13.255 0-24 10.745-24 24v24c0 13.255 10.745 24 24 24h296.118l-65.574 65.573c-9.373 9.373-9.373 24.569 0 33.941l16.971 16.971c9.373 9.373 24.569 9.373 33.941 0L440.97 272.97c9.373-9.373 9.373-24.569 0-33.941L305.456 103.515c-9.373-9.373-24.569-9.373-33.941 0l-16.971 16.971c-9.373 9.372-9.373 24.568 0 33.941z\"><\/path><\/svg>\n\t\t\t\t\t\t\t<\/div>\n\t\t\t\t\t\t<\/div>\n\t\t\t\t\t<\/a>\n\t\t\t\t\t\t\t\t\t\t\t\t\t\t\t\t\t\t\t\t\t\t\t\t\t<a class=\"article\" href=\"https:\/\/helpmegrowwa.org\/vi\/reaching-new-heights-partnering-to-support-child-development\">\n\t\t\t\t\t\t\t\t\t\t\t<div class=\"picture\">\n\t\t\t\t\t\t\t\t\t\t\t\t\t\t<img decoding=\"async\" src=\"https:\/\/helpmegrowwa.org\/wp-content\/uploads\/2026\/03\/NEWS-STORY-TITLE-5-e1774371040337-260x180.png\" srcset=\"https:\/\/helpmegrowwa.org\/wp-content\/uploads\/2026\/03\/NEWS-STORY-TITLE-5-e1774371040337-260x180.png 260w, https:\/\/helpmegrowwa.org\/wp-content\/uploads\/2026\/03\/NEWS-STORY-TITLE-5-e1774371040337-520x360.png 520w\" sizes=\"260px\">\n\t\t\t\t\t\t\t\t\t\t\t\t\t\t\t<div class=\"type-label\">B\u00e0i vi\u1ebft<\/div>\n\t\t\t\t\t\t\t\t\t\t\t\t\t<\/div>\n\t\t\t\t\t\t<div class=\"content\">\n\t\t\t\t\t\t\t\t\t\t\t\t\t\t\t<div class=\"date\">Th\u00e1ng Ba, ng\u00e0y 24 th\u00e1ng 2 n\u0103m 2026<\/div>\n\t\t\t\t\t\t\t\t\t\t\t\t\t\t<div class=\"text\">\n\t\t\t\t\t\t\t\t<h3 class=\"title\">V\u01b0\u01a1n t\u1edbi t\u1ea7m cao m\u1edbi: H\u1ee3p t\u00e1c \u0111\u1ec3 h\u1ed7 tr\u1ee3 s\u1ef1 ph\u00e1t tri\u1ec3n c\u1ee7a tr\u1ebb em<\/h3>\n\t\t\t\t\t\t\t\t<div class=\"summary\">Ngu\u1ed3n t\u00e0i li\u1ec7u m\u1edbi d\u00e0nh cho gia \u0111\u00ecnh v\u00e0 ng\u01b0\u1eddi b\u1ea1n \u0111\u1eddi! Help Me Grow WA \u0111\u00e3 h\u1ee3p t\u00e1c v\u1edbi Chi nh\u00e1nh Washington c\u1ee7a H\u1ecdc vi\u1ec7n Nhi khoa Hoa K\u1ef3 (WCAAP) \u0111\u1ec3 c\u00f9ng t\u1ea1o ra m\u1ed9t bi\u1ec3u \u0111\u1ed3 chi\u1ec1u cao song ng\u1eef th\u00fa v\u1ecb d\u00e0nh cho tr\u1ebb em t\u1eeb 2 th\u00e1ng \u0111\u1ebfn 5 tu\u1ed5i. \u0110\u01b0\u1ee3c thi\u1ebft k\u1ebf d\u1ef1a tr\u00ean chuy\u00ean m\u00f4n nhi khoa v\u00e0 d\u00e0nh cho c\u00e1c gia \u0111\u00ecnh, m\u1ed7i bi\u1ec3u \u0111\u1ed3 bao g\u1ed3m c\u00e1c m\u1ed1c ph\u00e1t tri\u1ec3n quan tr\u1ecdng v\u00e0 nh\u1eefng c\u00e1ch \u0111\u01a1n gi\u1ea3n m\u00e0 c\u00e1c gia \u0111\u00ecnh c\u00f3 th\u1ec3 h\u1ed7 tr\u1ee3 s\u1ef1 ph\u00e1t tri\u1ec3n v\u00e0 h\u1ecdc t\u1eadp c\u1ee7a con m\u00ecnh. <\/div>\n\t\t\t\t\t\t\t<\/div>\n\t\t\t\t\t\t\t<div class=\"more\">\n\t\t\t\t\t\t\t\t\u0110\u1ecdc th\u00eam\n\t\t\t\t\t\t\t\t<svg class=\"arrow\" aria-hidden=\"true\" focusable=\"false\" data-prefix=\"fas\" data-icon=\"long-arrow-right\" role=\"img\" xmlns=\"http:\/\/www.w3.org\/2000\/svg\" viewbox=\"0 0 448 512\"><path fill=\"#ababab\" d=\"M254.544 154.427L320.118 220H24c-13.255 0-24 10.745-24 24v24c0 13.255 10.745 24 24 24h296.118l-65.574 65.573c-9.373 9.373-9.373 24.569 0 33.941l16.971 16.971c9.373 9.373 24.569 9.373 33.941 0L440.97 272.97c9.373-9.373 9.373-24.569 0-33.941L305.456 103.515c-9.373-9.373-24.569-9.373-33.941 0l-16.971 16.971c-9.373 9.372-9.373 24.568 0 33.941z\"><\/path><\/svg>\n\t\t\t\t\t\t\t<\/div>\n\t\t\t\t\t\t<\/div>\n\t\t\t\t\t<\/a>\n\t\t\t\t\t\t\t\t\t\t\t\t\t\t\t\t\t\t\t\t\t\t\t\t\t<a class=\"article\" href=\"https:\/\/helpmegrowwa.org\/vi\/news\/celebrating-the-2026-help-me-grow-washington-network\">\n\t\t\t\t\t\t\t\t\t\t\t<div class=\"picture\">\n\t\t\t\t\t\t\t\t\t\t\t\t\t\t<img decoding=\"async\" src=\"https:\/\/helpmegrowwa.org\/wp-content\/uploads\/2026\/03\/NEWS-STORY-TITLE-4-260x180.png\" srcset=\"https:\/\/helpmegrowwa.org\/wp-content\/uploads\/2026\/03\/NEWS-STORY-TITLE-4-260x180.png 260w, https:\/\/helpmegrowwa.org\/wp-content\/uploads\/2026\/03\/NEWS-STORY-TITLE-4-520x360.png 520w\" sizes=\"260px\">\n\t\t\t\t\t\t\t\t\t\t\t\t\t\t\t<div class=\"type-label\">Tin t\u1ee9c<\/div>\n\t\t\t\t\t\t\t\t\t\t\t\t\t<\/div>\n\t\t\t\t\t\t<div class=\"content\">\n\t\t\t\t\t\t\t\t\t\t\t\t\t\t\t<div class=\"date\">Th\u00e1ng Ba, ng\u00e0y 23 th\u00e1ng 2 n\u0103m 2026<\/div>\n\t\t\t\t\t\t\t\t\t\t\t\t\t\t<div class=\"text\">\n\t\t\t\t\t\t\t\t<h3 class=\"title\">Ch\u00e0o m\u1eebng s\u1ef1 ra m\u1eaft M\u1ea1ng l\u01b0\u1edbi Help Me Grow Washington n\u0103m 2026!<\/h3>\n\t\t\t\t\t\t\t\t<div class=\"summary\">Ch\u00fang t\u00f4i r\u1ea5t vui m\u1eebng ch\u00e0o \u0111\u00f3n Help Me Grow Whatcom v\u00e0 Help Me Grow Grays Harbor gia nh\u1eadp m\u1ea1ng l\u01b0\u1edbi Help Me Grow Washington! \ud83d\udc9c V\u1edbi s\u1ef1 tham gia c\u1ee7a hai \u0111\u01a1n v\u1ecb n\u00e0y, nhi\u1ec1u c\u1ed9ng \u0111\u1ed3ng tr\u00ean to\u00e0n ti\u1ec3u bang \u0111ang x\u00e2y d\u1ef1ng c\u00e1c h\u1ec7 th\u1ed1ng h\u1ed7 tr\u1ee3 ph\u1ed1i h\u1ee3p, l\u1ea5y gia \u0111\u00ecnh l\u00e0m trung t\u00e2m\u2014t\u0103ng c\u01b0\u1eddng k\u1ebft n\u1ed1i v\u00e0 gi\u00fap c\u00e1c gia \u0111\u00ecnh d\u1ec5 d\u00e0ng ti\u1ebfp c\u1eadn c\u00e1c ngu\u1ed3n l\u1ef1c c\u1ea7n thi\u1ebft, khi h\u1ecd c\u1ea7n.\u00a0<\/div>\n\t\t\t\t\t\t\t<\/div>\n\t\t\t\t\t\t\t<div class=\"more\">\n\t\t\t\t\t\t\t\t\u0110\u1ecdc th\u00eam\n\t\t\t\t\t\t\t\t<svg class=\"arrow\" aria-hidden=\"true\" focusable=\"false\" data-prefix=\"fas\" data-icon=\"long-arrow-right\" role=\"img\" xmlns=\"http:\/\/www.w3.org\/2000\/svg\" viewbox=\"0 0 448 512\"><path fill=\"#ababab\" d=\"M254.544 154.427L320.118 220H24c-13.255 0-24 10.745-24 24v24c0 13.255 10.745 24 24 24h296.118l-65.574 65.573c-9.373 9.373-9.373 24.569 0 33.941l16.971 16.971c9.373 9.373 24.569 9.373 33.941 0L440.97 272.97c9.373-9.373 9.373-24.569 0-33.941L305.456 103.515c-9.373-9.373-24.569-9.373-33.941 0l-16.971 16.971c-9.373 9.372-9.373 24.568 0 33.941z\"><\/path><\/svg>\n\t\t\t\t\t\t\t<\/div>\n\t\t\t\t\t\t<\/div>\n\t\t\t\t\t<\/a>\n\t\t\t\t\t\t\t\t\t\t\t\t\t\n\t\t\t\t\t\t\t\n\t\t<\/div>\n\t<\/div>\n\t<script>\n\t\n\t(function($) {\n\t\n\t\t\/\/ Get the block ID\n\t\tvar id = \"#block_39d9ec8053705d52a18eeccbe9830dd1\";\n\t\t\n\t\t\/\/ Reveal foreground elements\n\t\tScrollReveal().reveal(id + \" .article\", {origin: \"bottom\", distance: \"20px\", duration: 1000, viewFactor: 0.2, interval: 100, reset: false});\n\t\t\n\t})(jQuery)\n\t\n\t<\/script>\t\n<\/div>","protected":false},"excerpt":{"rendered":"","protected":false},"author":2,"featured_media":0,"parent":0,"menu_order":195,"comment_status":"closed","ping_status":"closed","template":"","meta":{"_acf_changed":false,"footnotes":""},"acf":[],"_links":{"self":[{"href":"https:\/\/helpmegrowwa.org\/vi\/wp-json\/wp\/v2\/pages\/6180"}],"collection":[{"href":"https:\/\/helpmegrowwa.org\/vi\/wp-json\/wp\/v2\/pages"}],"about":[{"href":"https:\/\/helpmegrowwa.org\/vi\/wp-json\/wp\/v2\/types\/page"}],"author":[{"embeddable":true,"href":"https:\/\/helpmegrowwa.org\/vi\/wp-json\/wp\/v2\/users\/2"}],"replies":[{"embeddable":true,"href":"https:\/\/helpmegrowwa.org\/vi\/wp-json\/wp\/v2\/comments?post=6180"}],"version-history":[{"count":76,"href":"https:\/\/helpmegrowwa.org\/vi\/wp-json\/wp\/v2\/pages\/6180\/revisions"}],"predecessor-version":[{"id":10279,"href":"https:\/\/helpmegrowwa.org\/vi\/wp-json\/wp\/v2\/pages\/6180\/revisions\/10279"}],"wp:attachment":[{"href":"https:\/\/helpmegrowwa.org\/vi\/wp-json\/wp\/v2\/media?parent=6180"}],"curies":[{"name":"wp","href":"https:\/\/api.w.org\/{rel}","templated":true}]}}