{"id":7251,"date":"2023-10-13T00:29:52","date_gmt":"2023-10-13T00:29:52","guid":{"rendered":"https:\/\/helpmegrowwa.org\/?page_id=7251"},"modified":"2025-04-14T22:48:29","modified_gmt":"2025-04-14T22:48:29","slug":"basic-food-snap","status":"publish","type":"page","link":"https:\/\/helpmegrowwa.org\/vi\/basic-food-snap","title":{"rendered":"Th\u1ef1c ph\u1ea9m c\u01a1 b\u1ea3n ho\u1eb7c SNAP"},"content":{"rendered":"<div id=\"block_ea5cfa4a69cc3bcb69831507f64cde25\" class=\"banner-block text\">\n\t<img decoding=\"async\" class=\"graphic\" src=\"https:\/\/helpmegrowwa.org\/wp-content\/themes\/helpmegrowwa\/images\/banner-text-shapes.svg\">\n\t<div class=\"text-wrapper\">\n\t\t<h1>c\u1ee7a bang Washington<br \/>\r\nCh\u01b0\u01a1ng tr\u00ecnh th\u1ef1c ph\u1ea9m c\u01a1 b\u1ea3n<\/h1>\n\t<\/div>\t\n\t<script>\n\t(function($) {\n\t\t\/\/ Get the block ID\n\t\tvar id = \"#block_ea5cfa4a69cc3bcb69831507f64cde25\";\n\t\t\/\/ Reveal the heading\n\t\tScrollReveal().reveal(id + \" h1\", {duration: 1000});\n\t})(jQuery)\n\t<\/script>\n<\/div>\n\n\n\n<div id=\"block_3215b31405db68a2bd5633a1ba763d9e\" class=\"text-block white large center\">\n\t<div class=\"container one-column full\">\n\t\t<p>Th\u1ef1c ph\u1ea9m C\u01a1 b\u1ea3n, c\u00f2n \u0111\u01b0\u1ee3c g\u1ecdi l\u00e0 Ch\u01b0\u01a1ng tr\u00ecnh H\u1ed7 tr\u1ee3 Dinh d\u01b0\u1ee1ng B\u1ed5 sung (SNAP) ho\u1eb7c phi\u1ebfu th\u1ef1c ph\u1ea9m, gi\u00fap m\u1ecdi ng\u01b0\u1eddi mua h\u00e0ng t\u1ea1p h\u00f3a. C\u00e1c h\u1ed9 gia \u0111\u00ecnh \u0111\u1ee7 \u0111i\u1ec1u ki\u1ec7n s\u1ebd nh\u1eadn \u0111\u01b0\u1ee3c th\u1ebb ph\u00fac l\u1ee3i \u0111i\u1ec7n t\u1eed (EBT) v\u1edbi c\u00e1c ph\u00fac l\u1ee3i h\u00e0ng th\u00e1ng \u0111\u1ec3 mua th\u1ef1c ph\u1ea9m t\u1ea1i c\u00e1c c\u1eeda h\u00e0ng t\u1ea1p h\u00f3a v\u00e0 ch\u1ee3 n\u00f4ng s\u1ea3n tham gia.<\/p>\n\t<\/div>\n\t<script>\n\t\t(function($) {\n\t\t\t\/\/ Get the block ID\n\t\t\tvar id = \"#block_3215b31405db68a2bd5633a1ba763d9e\";\n\t\t\t\/\/ Reveal the block\n\t\t\tvar container = document.documentElement;\n\t\t\tScrollReveal().reveal(id + \" .container\", {origin: \"bottom\", distance: \"20px\", duration: 1000, container: container});\n\t\t}(jQuery))\n\t<\/script>\n<\/div>\n\n<div id=\"block_7db0e76816c791c3f9cc1dfa5b8e6735\" class=\"tile-block light-gray\">\n\t<div class=\"container left\">\n\t\t<div class=\"image\">\n\t\t\t<div class=\"wrapper\">\n\t\t\t\t\t\t\t\t<img decoding=\"async\" src=\"https:\/\/helpmegrowwa.org\/wp-content\/uploads\/2023\/10\/Basic-Food-Food-Stamps-Help-Me-Grow-Wa-555x392.jpg\" srcset=\"https:\/\/helpmegrowwa.org\/wp-content\/uploads\/2023\/10\/Basic-Food-Food-Stamps-Help-Me-Grow-Wa-555x392.jpg 555w, https:\/\/helpmegrowwa.org\/wp-content\/uploads\/2023\/10\/Basic-Food-Food-Stamps-Help-Me-Grow-Wa-1110x784.jpg 1110w\" sizes=\"555px\">\n\t\t\t<\/div>\n\t\t<\/div>\n\t\t<div class=\"text\">\n\t\t\t\t\t\t<h2><span style=\"color: #00609c;\">S\u1ef1 th\u1eadt v\u1ec1 th\u1ef1c ph\u1ea9m c\u01a1 b\u1ea3n<\/span><\/h2>\n<ul>\n<li>Kh\u1ea3 n\u0103ng h\u1ed9i \u0111\u1ee7 \u0111i\u1ec1u ki\u1ec7n ph\u1ee5 thu\u1ed9c v\u00e0o m\u1ee9c thu nh\u1eadp c\u1ee7a b\u1ea1n ch\u1ee9 kh\u00f4ng ph\u1ea3i ngu\u1ed3n l\u1ef1c c\u1ee7a b\u1ea1n.<\/li>\n<li>Kh\u00f4ng quan tr\u1ecdng tu\u1ed5i t\u00e1c c\u1ee7a b\u1ea1n, d\u00f9 b\u1ea1n c\u00f3 nh\u00e0 hay v\u00f4 gia c\u01b0, \u0111ang l\u00e0m vi\u1ec7c hay th\u1ea5t nghi\u1ec7p, kh\u1ecfe m\u1ea1nh hay khuy\u1ebft t\u1eadt, b\u1ea1n \u0111\u1ec1u c\u00f3 th\u1ec3 \u0111\u1ee7 \u0111i\u1ec1u ki\u1ec7n.<\/li>\n<li>G\u1ea7n m\u1ed9t n\u1eeda s\u1ed1 \u0111\u01a1n \u0111\u0103ng k\u00fd \u0111\u01b0\u1ee3c x\u1eed l\u00fd trong v\u00f2ng ch\u01b0a \u0111\u1ea7y m\u1ed9t tu\u1ea7n.<\/li>\n<li>Ph\u00fac l\u1ee3i h\u00e0ng th\u00e1ng d\u1ef1a tr\u00ean thu nh\u1eadp, chi ph\u00ed sinh ho\u1ea1t c\u1ee7a b\u1ea1n v\u00e0 s\u1ed1 ng\u01b0\u1eddi mua, chia s\u1ebb v\u00e0 chu\u1ea9n b\u1ecb th\u1ee9c \u0103n trong gia \u0111\u00ecnh b\u1ea1n.<\/li>\n<\/ul>\n<h4><strong><a class=\"page-link\" href=\"https:\/\/referrals.helpmegrowwa.org\/benefit_finder\" target=\"_blank\" rel=\"noopener\">Xem li\u1ec7u t\u00f4i c\u00f3 th\u1ec3 \u0111\u1ee7 \u0111i\u1ec1u ki\u1ec7n nh\u1eadn H\u1ed7 tr\u1ee3 Th\u1ef1c ph\u1ea9m hay kh\u00f4ng <img decoding=\"async\" src=\"\/wp-content\/themes\/helpmegrowwa\/images\/text-block-orange-arrow.svg\" \/><\/a><\/strong><\/h4>\n\t\t<\/div>\n\t<\/div>\n\t<script>\n\t(function($) {\n\t\t\/\/ Get the block ID\n\t\tvar id = \"#block_7db0e76816c791c3f9cc1dfa5b8e6735\";\n\t\t\/\/ Reveal the block\n\t\tvar container = document.documentElement;\n\t\tScrollReveal().reveal(id + \" .container.left .image\", {origin: \"left\", distance: \"20px\", duration: 1000, container: container});\n\t\tScrollReveal().reveal(id + \" .container.left .text\", {origin: \"right\", distance: \"20px\", duration: 1000, container: container});\n\t\tScrollReveal().reveal(id + \" .container.right .image\", {origin: \"right\", distance: \"20px\", duration: 1000, container: container});\n\t\tScrollReveal().reveal(id + \" .container.right .text\", {origin: \"left\", distance: \"20px\", duration: 1000, container: container});\n\t}(jQuery))\n\t<\/script>\n<\/div>\n\n<div id=\"block_c64ab707243f13876b7e1170319eebf8\" class=\"text-block white large left\">\n\t<div class=\"container one-column full\">\n\t\t<h2><span style=\"color: #561553;\">\u0110i\u1ec1u ki\u1ec7n v\u00e0 l\u1ee3i \u00edch th\u1ef1c ph\u1ea9m c\u01a1 b\u1ea3n <\/span><\/h2>\n\t<\/div>\n\t<script>\n\t\t(function($) {\n\t\t\t\/\/ Get the block ID\n\t\t\tvar id = \"#block_c64ab707243f13876b7e1170319eebf8\";\n\t\t\t\/\/ Reveal the block\n\t\t\tvar container = document.documentElement;\n\t\t\tScrollReveal().reveal(id + \" .container\", {origin: \"bottom\", distance: \"20px\", duration: 1000, container: container});\n\t\t}(jQuery))\n\t<\/script>\n<\/div>\n\n<div id=\"block_09e252e1707bc9c3726f90dff096d63c\" class=\"data-tables-block white\">\n\t<div class=\"container\">\n\t\t\t<div class=\"data-table\">\n\t\t\t<div class=\"table-title\">Gi\u1edbi h\u1ea1n thu nh\u1eadp c\u1ee7a Ch\u01b0\u01a1ng tr\u00ecnh Th\u1ef1c ph\u1ea9m C\u01a1 b\u1ea3n<\/div>\n\t\t\t<table>\n\t\t\t\t<tr>\n\t\t\t\t\t<td class=\"column-heading col-one\">Quy m\u00f4 h\u1ed9 gia \u0111\u00ecnh<\/td>\n\t\t\t\t\t<td class=\"spacer\"><\/td>\n\t\t\t\t\t<td class=\"column-heading col-two\">T\u1ed5ng thu nh\u1eadp h\u00e0ng th\u00e1ng<\/td>\n\t\t\t\t<\/tr>\n\t\t\t\t\t\t\t\t\t<tr class=\"data-row\">\n\t\t\t\t\t\t<td class=\"column-value col-one\">1<\/td>\n\t\t\t\t\t\t<td class=\"spacer\"><\/td>\n\t\t\t\t\t\t<td class=\"column-value col-two\">$2,608<\/td>\n\t\t\t\t\t<\/tr>\n\t\t\t\t\t\t\t\t\t<tr class=\"data-row\">\n\t\t\t\t\t\t<td class=\"column-value col-one\">2<\/td>\n\t\t\t\t\t\t<td class=\"spacer\"><\/td>\n\t\t\t\t\t\t<td class=\"column-value col-two\">$3,525<\/td>\n\t\t\t\t\t<\/tr>\n\t\t\t\t\t\t\t\t\t<tr class=\"data-row\">\n\t\t\t\t\t\t<td class=\"column-value col-one\">3<\/td>\n\t\t\t\t\t\t<td class=\"spacer\"><\/td>\n\t\t\t\t\t\t<td class=\"column-value col-two\">$4,442<\/td>\n\t\t\t\t\t<\/tr>\n\t\t\t\t\t\t\t\t\t<tr class=\"data-row\">\n\t\t\t\t\t\t<td class=\"column-value col-one\">4<\/td>\n\t\t\t\t\t\t<td class=\"spacer\"><\/td>\n\t\t\t\t\t\t<td class=\"column-value col-two\">$5,358<\/td>\n\t\t\t\t\t<\/tr>\n\t\t\t\t\t\t\t\t\t<tr class=\"data-row\">\n\t\t\t\t\t\t<td class=\"column-value col-one\">5<\/td>\n\t\t\t\t\t\t<td class=\"spacer\"><\/td>\n\t\t\t\t\t\t<td class=\"column-value col-two\">$6,275<\/td>\n\t\t\t\t\t<\/tr>\n\t\t\t\t\t\t\t\t\t<tr class=\"data-row\">\n\t\t\t\t\t\t<td class=\"column-value col-one\">6<\/td>\n\t\t\t\t\t\t<td class=\"spacer\"><\/td>\n\t\t\t\t\t\t<td class=\"column-value col-two\">$7,192<\/td>\n\t\t\t\t\t<\/tr>\n\t\t\t\t\t\t\t\t\t<tr class=\"data-row\">\n\t\t\t\t\t\t<td class=\"column-value col-one\">7<\/td>\n\t\t\t\t\t\t<td class=\"spacer\"><\/td>\n\t\t\t\t\t\t<td class=\"column-value col-two\">$8,108<\/td>\n\t\t\t\t\t<\/tr>\n\t\t\t\t\t\t\t\t\t<tr class=\"data-row\">\n\t\t\t\t\t\t<td class=\"column-value col-one\">8<\/td>\n\t\t\t\t\t\t<td class=\"spacer\"><\/td>\n\t\t\t\t\t\t<td class=\"column-value col-two\">$9,025<\/td>\n\t\t\t\t\t<\/tr>\n\t\t\t\t\t\t\t\t\t<tr class=\"data-row\">\n\t\t\t\t\t\t<td class=\"column-value col-one\">9<\/td>\n\t\t\t\t\t\t<td class=\"spacer\"><\/td>\n\t\t\t\t\t\t<td class=\"column-value col-two\">$9,942<\/td>\n\t\t\t\t\t<\/tr>\n\t\t\t\t\t\t\t\t\t<tr class=\"data-row\">\n\t\t\t\t\t\t<td class=\"column-value col-one\">10<\/td>\n\t\t\t\t\t\t<td class=\"spacer\"><\/td>\n\t\t\t\t\t\t<td class=\"column-value col-two\">$10,858<\/td>\n\t\t\t\t\t<\/tr>\n\t\t\t\t\t\t\t\t\t<tr class=\"data-row\">\n\t\t\t\t\t\t<td class=\"column-value col-one\">Th\u00eam v\u00e0o<\/td>\n\t\t\t\t\t\t<td class=\"spacer\"><\/td>\n\t\t\t\t\t\t<td class=\"column-value col-two\">+$917<\/td>\n\t\t\t\t\t<\/tr>\n\t\t\t\t\t\t\t<\/table>\n\t\t<\/div>\n\t\t\t<div class=\"data-table\">\n\t\t\t<div class=\"table-title\">Ch\u01b0\u01a1ng tr\u00ecnh Th\u1ef1c ph\u1ea9m C\u01a1 b\u1ea3n S\u1ed1 ti\u1ec1n Ph\u00fac l\u1ee3i H\u00e0ng th\u00e1ng<\/div>\n\t\t\t<table>\n\t\t\t\t<tr>\n\t\t\t\t\t<td class=\"column-heading col-one\">Quy m\u00f4 h\u1ed9 gia \u0111\u00ecnh<\/td>\n\t\t\t\t\t<td class=\"spacer\"><\/td>\n\t\t\t\t\t<td class=\"column-heading col-two\">Ph\u00e2n b\u1ed5 h\u00e0ng th\u00e1ng t\u1ed1i \u0111a<\/td>\n\t\t\t\t<\/tr>\n\t\t\t\t\t\t\t\t\t<tr class=\"data-row\">\n\t\t\t\t\t\t<td class=\"column-value col-one\">1<\/td>\n\t\t\t\t\t\t<td class=\"spacer\"><\/td>\n\t\t\t\t\t\t<td class=\"column-value col-two\">$292<\/td>\n\t\t\t\t\t<\/tr>\n\t\t\t\t\t\t\t\t\t<tr class=\"data-row\">\n\t\t\t\t\t\t<td class=\"column-value col-one\">2<\/td>\n\t\t\t\t\t\t<td class=\"spacer\"><\/td>\n\t\t\t\t\t\t<td class=\"column-value col-two\">$536<\/td>\n\t\t\t\t\t<\/tr>\n\t\t\t\t\t\t\t\t\t<tr class=\"data-row\">\n\t\t\t\t\t\t<td class=\"column-value col-one\">3<\/td>\n\t\t\t\t\t\t<td class=\"spacer\"><\/td>\n\t\t\t\t\t\t<td class=\"column-value col-two\">$768<\/td>\n\t\t\t\t\t<\/tr>\n\t\t\t\t\t\t\t\t\t<tr class=\"data-row\">\n\t\t\t\t\t\t<td class=\"column-value col-one\">4<\/td>\n\t\t\t\t\t\t<td class=\"spacer\"><\/td>\n\t\t\t\t\t\t<td class=\"column-value col-two\">$975<\/td>\n\t\t\t\t\t<\/tr>\n\t\t\t\t\t\t\t\t\t<tr class=\"data-row\">\n\t\t\t\t\t\t<td class=\"column-value col-one\">5<\/td>\n\t\t\t\t\t\t<td class=\"spacer\"><\/td>\n\t\t\t\t\t\t<td class=\"column-value col-two\">$1,158<\/td>\n\t\t\t\t\t<\/tr>\n\t\t\t\t\t\t\t\t\t<tr class=\"data-row\">\n\t\t\t\t\t\t<td class=\"column-value col-one\">6<\/td>\n\t\t\t\t\t\t<td class=\"spacer\"><\/td>\n\t\t\t\t\t\t<td class=\"column-value col-two\">$1,390<\/td>\n\t\t\t\t\t<\/tr>\n\t\t\t\t\t\t\t\t\t<tr class=\"data-row\">\n\t\t\t\t\t\t<td class=\"column-value col-one\">7<\/td>\n\t\t\t\t\t\t<td class=\"spacer\"><\/td>\n\t\t\t\t\t\t<td class=\"column-value col-two\">$1,536<\/td>\n\t\t\t\t\t<\/tr>\n\t\t\t\t\t\t\t\t\t<tr class=\"data-row\">\n\t\t\t\t\t\t<td class=\"column-value col-one\">8<\/td>\n\t\t\t\t\t\t<td class=\"spacer\"><\/td>\n\t\t\t\t\t\t<td class=\"column-value col-two\">$1,756<\/td>\n\t\t\t\t\t<\/tr>\n\t\t\t\t\t\t\t\t\t<tr class=\"data-row\">\n\t\t\t\t\t\t<td class=\"column-value col-one\">Th\u00eam v\u00e0o<\/td>\n\t\t\t\t\t\t<td class=\"spacer\"><\/td>\n\t\t\t\t\t\t<td class=\"column-value col-two\">+$220<\/td>\n\t\t\t\t\t<\/tr>\n\t\t\t\t\t\t\t<\/table>\n\t\t<\/div>\n\t\t<\/div>\n\t<script>\n\t\n\t(function($) {\n\t\n\t\t\/\/ Get the block ID\n\t\tvar id = \"#block_09e252e1707bc9c3726f90dff096d63c\";\n\t\t\n\t\t\/\/ Reveal foreground elements\n\t\tScrollReveal().reveal(id + \" .container\", {origin: \"bottom\", distance: \"20px\", duration: 1000, viewFactor: 0.2, interval: 100, reset: false});\n\t\n\t})(jQuery)\n\t\n\t<\/script>\n<\/div>\n\n<div id=\"block_2e216a6a658a4662d55e9b99276c65e2\" class=\"text-block white large left\">\n\t<div class=\"container one-column full w-border\">\n\t\t<h2><span style=\"color: #00609c;\">L\u00e0m c\u00e1ch n\u00e0o \u0111\u1ec3 \u0111\u0103ng k\u00fd th\u1ef1c ph\u1ea9m c\u01a1 b\u1ea3n? <\/span><\/h2>\n<ul>\n<li>Qua \u0111i\u1ec7n tho\u1ea1i b\u1eb1ng c\u00e1ch g\u1ecdi \u0111\u1ebfn \u0110\u01b0\u1eddng d\u00e2y n\u00f3ng Help Me Grow Washington t\u1ea1i <a href=\"\/vi\/\u0111t: 18003222588\/\">1\u2011800\u2011322\u20112588<\/a>.<\/li>\n<li>Tr\u1ef1c tuy\u1ebfn t\u1ea1i <a href=\"https:\/\/www.washingtonconnection.org\/home\/\" target=\"_blank\" rel=\"noopener\">www.washingtonconnection.org<\/a>.<\/li>\n<\/ul>\n<p>Sau khi ho\u00e0n th\u00e0nh \u0111\u01a1n \u0111\u0103ng k\u00fd, b\u1ea1n ph\u1ea3i th\u1ef1c hi\u1ec7n m\u1ed9t cu\u1ed9c ph\u1ecfng v\u1ea5n \u0111\u1ec3 nh\u1eadn \u0111\u01b0\u1ee3c tr\u1ee3 c\u1ea5p Th\u1ef1c ph\u1ea9m C\u01a1 b\u1ea3n. C\u00e1c cu\u1ed9c ph\u1ecfng v\u1ea5n c\u00f3 th\u1ec3 \u0111\u01b0\u1ee3c th\u1ef1c hi\u1ec7n t\u1ea1i V\u0103n ph\u00f2ng D\u1ecbch v\u1ee5 C\u1ed9ng \u0111\u1ed3ng t\u1ea1i \u0111\u1ecba ph\u01b0\u01a1ng c\u1ee7a b\u1ea1n ho\u1eb7c qua \u0111i\u1ec7n tho\u1ea1i theo s\u1ed1 1\u2011877\u2011501\u20112233.<\/p>\n<p><strong>B\u1ea1n kh\u00f4ng c\u1ea7n ph\u1ea3i l\u00e0 c\u00f4ng d\u00e2n Hoa K\u1ef3 \u0111\u1ec3 nh\u1eadn \u0111\u01b0\u1ee3c tr\u1ee3 c\u1ea5p th\u1ef1c ph\u1ea9m.<\/strong><\/p>\n<p>Nh\u1eefng ng\u01b0\u1eddi nh\u1eadp c\u01b0 \u0111\u00e1p \u1ee9ng c\u00e1c quy \u0111\u1ecbnh c\u1ee5 th\u1ec3 c\u1ee7a ch\u01b0\u01a1ng tr\u00ecnh theo Ch\u01b0\u01a1ng tr\u00ecnh Dinh d\u01b0\u1ee1ng B\u1ed5 sung Li\u00ean bang c\u00f3 th\u1ec3 \u0111\u1ee7 \u0111i\u1ec1u ki\u1ec7n nh\u1eadn tr\u1ee3 c\u1ea5p th\u1ef1c ph\u1ea9m. Ngo\u00e0i ra, <a href=\"https:\/\/www.dshs.wa.gov\/esa\/program-summary\/food-assistance-program-legal-immigrants-fap\" target=\"_blank\" rel=\"noopener\">Ch\u01b0\u01a1ng tr\u00ecnh H\u1ed7 tr\u1ee3 Th\u1ef1c ph\u1ea9m (FAP)<\/a> l\u00e0 m\u1ed9t ch\u01b0\u01a1ng tr\u00ecnh do ti\u1ec3u bang t\u00e0i tr\u1ee3 nh\u1eb1m cung c\u1ea5p h\u1ed7 tr\u1ee3 th\u1ef1c ph\u1ea9m cho nh\u1eefng ng\u01b0\u1eddi nh\u1eadp c\u01b0 h\u1ee3p ph\u00e1p, nh\u1eefng ng\u01b0\u1eddi kh\u00f4ng \u0111\u1ee7 \u0111i\u1ec1u ki\u1ec7n nh\u1eadn tr\u1ee3 c\u1ea5p Th\u1ef1c ph\u1ea9m C\u01a1 b\u1ea3n c\u1ee7a li\u00ean bang ch\u1ec9 v\u00ec t\u00ecnh tr\u1ea1ng ngo\u1ea1i ki\u1ec1u c\u1ee7a h\u1ecd.<\/p>\n<p><strong>V\u1eabn kh\u00f4ng ch\u1eafc ch\u1eafn li\u1ec7u b\u1ea1n c\u00f3 \u0111\u1ee7 \u0111i\u1ec1u ki\u1ec7n hay kh\u00f4ng? H\u00e3y g\u1ecdi cho ch\u00fang t\u00f4i theo s\u1ed1 <a href=\"\/vi\/\u0111t: 18003222588\/\">1\u2011800\u2011322\u20112588<\/a>.<\/strong><\/p>\n<h2><span style=\"color: #00609c;\">B\u1ea1n c\u0169ng c\u00f3 th\u1ec3 \u0111\u1ee7 \u0111i\u1ec1u ki\u1ec7n nh\u1eadn nh\u1eefng l\u1ee3i \u00edch n\u00e0y:<\/span><\/h2>\n<ul>\n<li>Ch\u01b0\u01a1ng tr\u00ecnh \u0110\u00e0o t\u1ea1o &amp; Vi\u1ec7c l\u00e0m Th\u1ef1c ph\u1ea9m C\u01a1 b\u1ea3n (BFET), cung c\u1ea5p d\u1ecbch v\u1ee5 t\u00ecm ki\u1ebfm vi\u1ec7c l\u00e0m, \u0111\u00e0o t\u1ea1o t\u00ecm vi\u1ec7c l\u00e0m, d\u1ecbch v\u1ee5 gi\u00e1o d\u1ee5c, \u0111\u00e0o t\u1ea1o k\u1ef9 n\u0103ng v\u00e0 c\u00e1c c\u01a1 h\u1ed9i vi\u1ec7c l\u00e0m kh\u00e1c.<\/li>\n<li>Ch\u01b0\u01a1ng tr\u00ecnh Dinh d\u01b0\u1ee1ng B\u1ed5 sung \u0110\u1eb7c bi\u1ec7t d\u00e0nh cho Ph\u1ee5 n\u1eef, Tr\u1ebb s\u01a1 sinh v\u00e0 Tr\u1ebb em (WIC), gi\u00fap ph\u1ee5 n\u1eef mang thai, b\u00e0 m\u1eb9 m\u1edbi sinh v\u00e0 tr\u1ebb nh\u1ecf mua th\u1ef1c ph\u1ea9m b\u1ed5 d\u01b0\u1ee1ng, t\u00ecm hi\u1ec3u v\u1ec1 dinh d\u01b0\u1ee1ng v\u00e0 gi\u1eef s\u1ee9c kh\u1ecfe.<\/li>\n<li>Working Connections Child Care (WCCC), gi\u00fap c\u00e1c gia \u0111\u00ecnh chi tr\u1ea3 chi ph\u00ed ch\u0103m s\u00f3c tr\u1ebb.<\/li>\n<li>Ch\u01b0\u01a1ng tr\u00ecnh b\u1eefa \u0103n h\u1ecdc \u0111\u01b0\u1eddng mi\u1ec5n ph\u00ed ho\u1eb7c gi\u1ea3m gi\u00e1.<\/li>\n<li>C\u00e1c th\u1ecb tr\u01b0\u1eddng n\u00f4ng d\u00e2n tham gia s\u1ebd ph\u00f9 h\u1ee3p v\u1edbi t\u1eebng \u0111\u00f4 la EBT b\u1ea1n chi ti\u00eau, gi\u00fap t\u0103ng g\u1ea5p \u0111\u00f4i l\u01b0\u1ee3ng mua h\u00e0ng c\u1ee7a b\u1ea1n, h\u1ed7 tr\u1ee3 n\u00f4ng d\u00e2n \u0111\u1ecba ph\u01b0\u01a1ng c\u1ee7a b\u1ea1n v\u00e0 ch\u1ebf \u0111\u1ed9 \u0103n u\u1ed1ng to\u00e0n di\u1ec7n, l\u00e0nh m\u1ea1nh.<\/li>\n<li>D\u1ecbch v\u1ee5 \u0111i\u1ec7n tho\u1ea1i \u0111\u1ecba ph\u01b0\u01a1ng chi ph\u00ed th\u1ea5p ho\u1eb7c c\u00e1c ch\u01b0\u01a1ng tr\u00ecnh kh\u00f4ng d\u00e2y mi\u1ec5n ph\u00ed.<\/li>\n<\/ul>\n<p><strong>\u0110\u1ec3 t\u00ecm hi\u1ec3u th\u00eam, h\u00e3y g\u1ecdi t\u1edbi \u0110\u01b0\u1eddng d\u00e2y n\u00f3ng Help Me Grow Washington t\u1ea1i <a href=\"\/vi\/\u0111t: 18003222588\/\">1\u2011800\u2011322\u20112588<\/a>.<\/strong><\/p>\n\t<\/div>\n\t<script>\n\t\t(function($) {\n\t\t\t\/\/ Get the block ID\n\t\t\tvar id = \"#block_2e216a6a658a4662d55e9b99276c65e2\";\n\t\t\t\/\/ Reveal the block\n\t\t\tvar container = document.documentElement;\n\t\t\tScrollReveal().reveal(id + \" .container\", {origin: \"bottom\", distance: \"20px\", duration: 1000, container: container});\n\t\t}(jQuery))\n\t<\/script>\n<\/div>\n\n\n<div id=\"block_17bf02cad362dd66bebbf885efd1bbd9\" class=\"news-feature-block\">\n\t<div class=\"container\">\n\t\t<div class=\"title\">\n\t\t\t\t\t\t\t<h2>Tin t\u1ee9c + C\u1eadp nh\u1eadt<\/h2>\n\t\t\t\t\t<\/div>\n\t\t<div class=\"wrapper\">\n\t\t\t\t\t\t\t\n\t\t\t\t\t\t\t\t\t\t\t\t\t\t\t\t\t\t\t\t<a class=\"article\" href=\"https:\/\/conta.cc\/4c23dcA\" target=\"_blank\">\n\t\t\t\t\t\t\t\t\t\t\t<div class=\"picture\">\n\t\t\t\t\t\t\t\t\t\t\t\t\t\t<img decoding=\"async\" src=\"https:\/\/helpmegrowwa.org\/wp-content\/uploads\/2026\/03\/HMG-WA-Network-Newsletter-header-14-260x180.png\" srcset=\"https:\/\/helpmegrowwa.org\/wp-content\/uploads\/2026\/03\/HMG-WA-Network-Newsletter-header-14-260x180.png 260w, https:\/\/helpmegrowwa.org\/wp-content\/uploads\/2026\/03\/HMG-WA-Network-Newsletter-header-14-520x200.png 520w\" sizes=\"260px\">\n\t\t\t\t\t\t\t\t\t\t\t\t\t\t\t<div class=\"type-label\">B\u1ea3n tin<\/div>\n\t\t\t\t\t\t\t\t\t\t\t\t\t<\/div>\n\t\t\t\t\t\t<div class=\"content\">\n\t\t\t\t\t\t\t\t\t\t\t\t\t\t\t<div class=\"date\">Th\u00e1ng T\u01b0 1, 2026<\/div>\n\t\t\t\t\t\t\t\t\t\t\t\t\t\t<div class=\"text\">\n\t\t\t\t\t\t\t\t<h3 class=\"title\">March 2026 HMG WA Newsletter (Spanish)<\/h3>\n\t\t\t\t\t\t\t\t<div class=\"summary\">Celebre a la red de Ay\u00fadame a Crecer Washington v\u00e0 conozca los avances que hemos \u0111\u0103ng nh\u1eadp v\u00e0 c\u00e1c bi\u1ebfn th\u1ec3 ban \u0111\u1ea7u c\u1ee7a k\u1ebf ho\u1ea1ch l\u1eadp k\u1ebf ho\u1ea1ch cho Ay\u00fadame a Crecer Washington.<\/div>\n\t\t\t\t\t\t\t<\/div>\n\t\t\t\t\t\t\t<div class=\"more\">\n\t\t\t\t\t\t\t\t\u0110\u1ecdc th\u00eam\n\t\t\t\t\t\t\t\t<svg class=\"arrow\" aria-hidden=\"true\" focusable=\"false\" data-prefix=\"fas\" data-icon=\"long-arrow-right\" role=\"img\" xmlns=\"http:\/\/www.w3.org\/2000\/svg\" viewbox=\"0 0 448 512\"><path fill=\"#ababab\" d=\"M254.544 154.427L320.118 220H24c-13.255 0-24 10.745-24 24v24c0 13.255 10.745 24 24 24h296.118l-65.574 65.573c-9.373 9.373-9.373 24.569 0 33.941l16.971 16.971c9.373 9.373 24.569 9.373 33.941 0L440.97 272.97c9.373-9.373 9.373-24.569 0-33.941L305.456 103.515c-9.373-9.373-24.569-9.373-33.941 0l-16.971 16.971c-9.373 9.372-9.373 24.568 0 33.941z\"><\/path><\/svg>\n\t\t\t\t\t\t\t<\/div>\n\t\t\t\t\t\t<\/div>\n\t\t\t\t\t<\/a>\n\t\t\t\t\t\t\t\t\t\t\t\t\t\t\t\t\t\t\t\t\t\t\t\t\t<a class=\"article\" href=\"https:\/\/conta.cc\/4d61btX\" target=\"_blank\">\n\t\t\t\t\t\t\t\t\t\t\t<div class=\"picture\">\n\t\t\t\t\t\t\t\t\t\t\t\t\t\t<img decoding=\"async\" src=\"https:\/\/helpmegrowwa.org\/wp-content\/uploads\/2026\/03\/HMG-WA-Network-Newsletter-header-13-260x180.png\" srcset=\"https:\/\/helpmegrowwa.org\/wp-content\/uploads\/2026\/03\/HMG-WA-Network-Newsletter-header-13-260x180.png 260w, https:\/\/helpmegrowwa.org\/wp-content\/uploads\/2026\/03\/HMG-WA-Network-Newsletter-header-13-520x200.png 520w\" sizes=\"260px\">\n\t\t\t\t\t\t\t\t\t\t\t\t\t\t\t<div class=\"type-label\">B\u1ea3n tin<\/div>\n\t\t\t\t\t\t\t\t\t\t\t\t\t<\/div>\n\t\t\t\t\t\t<div class=\"content\">\n\t\t\t\t\t\t\t\t\t\t\t\t\t\t\t<div class=\"date\">Th\u00e1ng Ba 31, 2026<\/div>\n\t\t\t\t\t\t\t\t\t\t\t\t\t\t<div class=\"text\">\n\t\t\t\t\t\t\t\t<h3 class=\"title\">March 2026 HMG WA Newsletter<\/h3>\n\t\t\t\t\t\t\t\t<div class=\"summary\">H\u00e3y c\u00f9ng t\u00f4n vinh m\u1ea1ng l\u01b0\u1edbi Help Me Grow WA v\u00e0 t\u00ecm hi\u1ec3u v\u1ec1 nh\u1eefng ti\u1ebfn b\u1ed9 \u0111\u00e3 \u0111\u1ea1t \u0111\u01b0\u1ee3c trong m\u1ed9t s\u1ed1 s\u00e1ng ki\u1ebfn chi\u1ebfn l\u01b0\u1ee3c thu\u1ed9c K\u1ebf ho\u1ea1ch Chi\u1ebfn l\u01b0\u1ee3c Help Me Grow WA.<\/div>\n\t\t\t\t\t\t\t<\/div>\n\t\t\t\t\t\t\t<div class=\"more\">\n\t\t\t\t\t\t\t\t\u0110\u1ecdc th\u00eam\n\t\t\t\t\t\t\t\t<svg class=\"arrow\" aria-hidden=\"true\" focusable=\"false\" data-prefix=\"fas\" data-icon=\"long-arrow-right\" role=\"img\" xmlns=\"http:\/\/www.w3.org\/2000\/svg\" viewbox=\"0 0 448 512\"><path fill=\"#ababab\" d=\"M254.544 154.427L320.118 220H24c-13.255 0-24 10.745-24 24v24c0 13.255 10.745 24 24 24h296.118l-65.574 65.573c-9.373 9.373-9.373 24.569 0 33.941l16.971 16.971c9.373 9.373 24.569 9.373 33.941 0L440.97 272.97c9.373-9.373 9.373-24.569 0-33.941L305.456 103.515c-9.373-9.373-24.569-9.373-33.941 0l-16.971 16.971c-9.373 9.372-9.373 24.568 0 33.941z\"><\/path><\/svg>\n\t\t\t\t\t\t\t<\/div>\n\t\t\t\t\t\t<\/div>\n\t\t\t\t\t<\/a>\n\t\t\t\t\t\t\t\t\t\t\t\t\t\t\t\t\t\t\t\t\t\t\t\t\t<a class=\"article\" href=\"https:\/\/helpmegrowwa.org\/vi\/reaching-new-heights-partnering-to-support-child-development\">\n\t\t\t\t\t\t\t\t\t\t\t<div class=\"picture\">\n\t\t\t\t\t\t\t\t\t\t\t\t\t\t<img decoding=\"async\" src=\"https:\/\/helpmegrowwa.org\/wp-content\/uploads\/2026\/03\/NEWS-STORY-TITLE-5-e1774371040337-260x180.png\" srcset=\"https:\/\/helpmegrowwa.org\/wp-content\/uploads\/2026\/03\/NEWS-STORY-TITLE-5-e1774371040337-260x180.png 260w, https:\/\/helpmegrowwa.org\/wp-content\/uploads\/2026\/03\/NEWS-STORY-TITLE-5-e1774371040337-520x360.png 520w\" sizes=\"260px\">\n\t\t\t\t\t\t\t\t\t\t\t\t\t\t\t<div class=\"type-label\">B\u00e0i vi\u1ebft<\/div>\n\t\t\t\t\t\t\t\t\t\t\t\t\t<\/div>\n\t\t\t\t\t\t<div class=\"content\">\n\t\t\t\t\t\t\t\t\t\t\t\t\t\t\t<div class=\"date\">Th\u00e1ng Ba 24, 2026<\/div>\n\t\t\t\t\t\t\t\t\t\t\t\t\t\t<div class=\"text\">\n\t\t\t\t\t\t\t\t<h3 class=\"title\">Reaching New Heights: Partnering to Support Child Development<\/h3>\n\t\t\t\t\t\t\t\t<div class=\"summary\">New Resource for Families and Partners! Help Me Grow WA has partnered with the Washington Chapter of the American Academy of Pediatrics (WCAAP) to co\u2011create a fun, bilingual height chart for children ages 2 months to 5 years. Designed with pediatric expertise and families in mind, each chart includes key developmental milestones and simple ways families can support their child\u2019s growth and learning. <\/div>\n\t\t\t\t\t\t\t<\/div>\n\t\t\t\t\t\t\t<div class=\"more\">\n\t\t\t\t\t\t\t\t\u0110\u1ecdc th\u00eam\n\t\t\t\t\t\t\t\t<svg class=\"arrow\" aria-hidden=\"true\" focusable=\"false\" data-prefix=\"fas\" data-icon=\"long-arrow-right\" role=\"img\" xmlns=\"http:\/\/www.w3.org\/2000\/svg\" viewbox=\"0 0 448 512\"><path fill=\"#ababab\" d=\"M254.544 154.427L320.118 220H24c-13.255 0-24 10.745-24 24v24c0 13.255 10.745 24 24 24h296.118l-65.574 65.573c-9.373 9.373-9.373 24.569 0 33.941l16.971 16.971c9.373 9.373 24.569 9.373 33.941 0L440.97 272.97c9.373-9.373 9.373-24.569 0-33.941L305.456 103.515c-9.373-9.373-24.569-9.373-33.941 0l-16.971 16.971c-9.373 9.372-9.373 24.568 0 33.941z\"><\/path><\/svg>\n\t\t\t\t\t\t\t<\/div>\n\t\t\t\t\t\t<\/div>\n\t\t\t\t\t<\/a>\n\t\t\t\t\t\t\t\t\t\t\t\t\t\t\t\t\t\t\t\t\t\t\t\t\t<a class=\"article\" href=\"https:\/\/helpmegrowwa.org\/vi\/news\/celebrating-the-2026-help-me-grow-washington-network\">\n\t\t\t\t\t\t\t\t\t\t\t<div class=\"picture\">\n\t\t\t\t\t\t\t\t\t\t\t\t\t\t<img decoding=\"async\" src=\"https:\/\/helpmegrowwa.org\/wp-content\/uploads\/2026\/03\/NEWS-STORY-TITLE-4-260x180.png\" srcset=\"https:\/\/helpmegrowwa.org\/wp-content\/uploads\/2026\/03\/NEWS-STORY-TITLE-4-260x180.png 260w, https:\/\/helpmegrowwa.org\/wp-content\/uploads\/2026\/03\/NEWS-STORY-TITLE-4-520x360.png 520w\" sizes=\"260px\">\n\t\t\t\t\t\t\t\t\t\t\t\t\t\t\t<div class=\"type-label\">Tin t\u1ee9c<\/div>\n\t\t\t\t\t\t\t\t\t\t\t\t\t<\/div>\n\t\t\t\t\t\t<div class=\"content\">\n\t\t\t\t\t\t\t\t\t\t\t\t\t\t\t<div class=\"date\">Th\u00e1ng Ba 23, 2026<\/div>\n\t\t\t\t\t\t\t\t\t\t\t\t\t\t<div class=\"text\">\n\t\t\t\t\t\t\t\t<h3 class=\"title\">Celebrating the 2026 Help Me Grow Washington Network!<\/h3>\n\t\t\t\t\t\t\t\t<div class=\"summary\">We\u2019re\u00a0excited to welcome Help Me Grow Whatcom and Help Me Grow Grays Harbor to the Help Me Grow Washington network! \ud83d\udc9c With their addition, more communities across the state are building coordinated, family-centered systems of support\u2014strengthening connections and making it easier for families to access the resources they need, when they need them.\u00a0<\/div>\n\t\t\t\t\t\t\t<\/div>\n\t\t\t\t\t\t\t<div class=\"more\">\n\t\t\t\t\t\t\t\t\u0110\u1ecdc th\u00eam\n\t\t\t\t\t\t\t\t<svg class=\"arrow\" aria-hidden=\"true\" focusable=\"false\" data-prefix=\"fas\" data-icon=\"long-arrow-right\" role=\"img\" xmlns=\"http:\/\/www.w3.org\/2000\/svg\" viewbox=\"0 0 448 512\"><path fill=\"#ababab\" d=\"M254.544 154.427L320.118 220H24c-13.255 0-24 10.745-24 24v24c0 13.255 10.745 24 24 24h296.118l-65.574 65.573c-9.373 9.373-9.373 24.569 0 33.941l16.971 16.971c9.373 9.373 24.569 9.373 33.941 0L440.97 272.97c9.373-9.373 9.373-24.569 0-33.941L305.456 103.515c-9.373-9.373-24.569-9.373-33.941 0l-16.971 16.971c-9.373 9.372-9.373 24.568 0 33.941z\"><\/path><\/svg>\n\t\t\t\t\t\t\t<\/div>\n\t\t\t\t\t\t<\/div>\n\t\t\t\t\t<\/a>\n\t\t\t\t\t\t\t\t\t\t\t\t\t\n\t\t\t\t\t\t\t\n\t\t<\/div>\n\t<\/div>\n\t<script>\n\t\n\t(function($) {\n\t\n\t\t\/\/ Get the block ID\n\t\tvar id = \"#block_17bf02cad362dd66bebbf885efd1bbd9\";\n\t\t\n\t\t\/\/ Reveal foreground elements\n\t\tScrollReveal().reveal(id + \" .article\", {origin: \"bottom\", distance: \"20px\", duration: 1000, viewFactor: 0.2, interval: 100, reset: false});\n\t\t\n\t})(jQuery)\n\t\n\t<\/script>\t\n<\/div>","protected":false},"excerpt":{"rendered":"","protected":false},"author":2,"featured_media":0,"parent":0,"menu_order":0,"comment_status":"closed","ping_status":"closed","template":"","meta":{"_acf_changed":false,"footnotes":""},"acf":[],"_links":{"self":[{"href":"https:\/\/helpmegrowwa.org\/vi\/wp-json\/wp\/v2\/pages\/7251"}],"collection":[{"href":"https:\/\/helpmegrowwa.org\/vi\/wp-json\/wp\/v2\/pages"}],"about":[{"href":"https:\/\/helpmegrowwa.org\/vi\/wp-json\/wp\/v2\/types\/page"}],"author":[{"embeddable":true,"href":"https:\/\/helpmegrowwa.org\/vi\/wp-json\/wp\/v2\/users\/2"}],"replies":[{"embeddable":true,"href":"https:\/\/helpmegrowwa.org\/vi\/wp-json\/wp\/v2\/comments?post=7251"}],"version-history":[{"count":87,"href":"https:\/\/helpmegrowwa.org\/vi\/wp-json\/wp\/v2\/pages\/7251\/revisions"}],"predecessor-version":[{"id":11195,"href":"https:\/\/helpmegrowwa.org\/vi\/wp-json\/wp\/v2\/pages\/7251\/revisions\/11195"}],"wp:attachment":[{"href":"https:\/\/helpmegrowwa.org\/vi\/wp-json\/wp\/v2\/media?parent=7251"}],"curies":[{"name":"wp","href":"https:\/\/api.w.org\/{rel}","templated":true}]}}