{"id":883,"date":"2019-08-06T20:51:15","date_gmt":"2019-08-06T20:51:15","guid":{"rendered":"http:\/\/54.244.98.151\/?page_id=883"},"modified":"2020-02-12T20:07:38","modified_gmt":"2020-02-12T20:07:38","slug":"videos","status":"publish","type":"page","link":"https:\/\/helpmegrowwa.org\/vi\/news-updates\/videos","title":{"rendered":"Video"},"content":{"rendered":"<div id=\"block_5d49e8362f3b7\" class=\"banner-block text\">\n\t<img decoding=\"async\" class=\"graphic\" src=\"https:\/\/helpmegrowwa.org\/wp-content\/themes\/helpmegrowwa\/images\/banner-text-shapes.svg\">\n\t<div class=\"text-wrapper\">\n\t\t<h1>Video<\/h1>\n\t<\/div>\t\n\t<script>\n\t(function($) {\n\t\t\/\/ Get the block ID\n\t\tvar id = \"#block_5d49e8362f3b7\";\n\t\t\/\/ Reveal the heading\n\t\tScrollReveal().reveal(id + \" h1\", {duration: 1000});\n\t})(jQuery)\n\t<\/script>\n<\/div>\n\n\n\n\n<div id=\"block_5d4a0f33885ea\" class=\"news-page-block\">\n\t<div class=\"container\">\n\t\t<div class=\"top\">\n\t\t\t<div class=\"news-menu\">\n\t\t\t\t<a class=\"types\" href=\"\/vi\/news-events\/blog\/\">\n\t\t\t\t\tBlog\n\t\t\t\t<\/a>\n\t\t\t\t<a class=\"types\" href=\"\/vi\/news-events\/stories\/\">\n\t\t\t\t\tNh\u1eefng c\u00e2u chuy\u1ec7n\n\t\t\t\t<\/a>\n\t\t\t\t<a class=\"types\" href=\"\/vi\/news-events\/news\/\">\n\t\t\t\t\tTin t\u1ee9c\n\t\t\t\t<\/a>\n\t\t\t\t<a class=\"types\" href=\"\/vi\/news-events\/newsletters\/\">\n\t\t\t\t\tB\u1ea3n tin\n\t\t\t\t<\/a>\n\t\t\t\t<a class=\"types\" href=\"\/vi\/news-events\/events\/\">\n\t\t\t\t\tS\u1ef1 ki\u1ec7n\n\t\t\t\t<\/a>\n\t\t\t\t<a class=\"types\" href=\"\/vi\/news-events\/videos\/\">\n\t\t\t\t\tVideo\n\t\t\t\t<\/a>\n\t\t\t\t<a class=\"types\" href=\"\/vi\/news-events\/webinars\/\">\n\t\t\t\t\tH\u1ed9i th\u1ea3o\n\t\t\t\t<\/a>\n\t\t\t<\/div>\n\t\t\t<div class=\"subscribe\">\n\t\t\t\t<div class=\"writing\">\n\t\t\t\t\tGhi danh nh\u1eadn th\u01b0 th\u00f4ng tin qua email!\n\t\t\t\t<\/div>\n\t\t\t\t<form id=\"subscription\" action=\"\">\n\t\t\t\t\t<input type=\"hidden\" class=\"form\" value=\"Subscription\">\n\t\t\t\t\t<input type=\"email\" class=\"email\" placeholder=\"Ghi v\u00e0o \u0111\u1ecba ch\u1ec9 email c\u1ee7a qu\u00fd v\u1ecb.\" required>\n\t\t\t\t\t<button type=\"submit\">\n\t\t\t\t\t\tGhi danh\n\t\t\t\t\t<\/button>\n\t\t\t\t<input type=\"hidden\" name=\"trp-form-language\" value=\"vi\"\/><\/form>\n\t\t\t\t<script>\n\t\t\t\t\t(function($) {\n\t\n\t\t\t\t\t\t\/\/====================================================================================================\n\t\t\t\t\t\t\/\/ Newsletter Signup\n\t\t\t\t\t\t\/\/====================================================================================================\n\t\t\t\t\t\t\n\t\t\t\t\t\t$(\".news-page-block form\").on(\"submit\", function(event) {\n\t\t\t\t\t\t\tvar form = $(this)\n\t\t\t\t\t\t\tevent.preventDefault();\n\t\t\t\t\t\t\t$.ajax({\n\t\t\t\t\t\t\t\turl: \"https:\/\/visitor2.constantcontact.com\/api\/signup\",\n\t\t\t\t\t\t\t\tmethod: \"post\",\n\t\t\t\t\t\t\t\tdata: {\n\t\t\t\t\t\t\t\t\t\n\t\t\t\t\t\t\t\t\tca: \"c89bd958-6e60-4b48-bc81-540c66ddd0ed\",\n\t\t\t\t\t\t\t\t\tlist: \"1872223564\",\n\t\t\t\t\t\t\t\t\tsource: \"EFD\",\n\t\t\t\t\t\t\t\t\trequired: \"list,email\",\n\t\t\t\t\t\t\t\t\temail: $(\".news-page-block form .email\").val()\n\t\t\t\t\t\t\t\t},\n\t\t\t\t\t\t\t\tdataType: \"json\",\n\t\t\t\t\t\t\t\tsuccess: function() {\n\t\t\t\t\t\t\t\t\tform[0].reset();\n\t\t\t\t\t\t\t\t\tform.find(\".email\").blur();\n\t\t\t\t\t\t\t\t\tform.find(\".email\").attr(\"placeholder\", \"Thank you!\");\n\t\t\t\t\t\t\t\t}\n\t\t\t\t\t\t\t})\n\t\t\t\t\t\t});\n\t\t\t\t\t\t\n\t\t\t\t\t}(jQuery))\n\t\t\t\t<\/script>\n\t\t\t<\/div>\n\t\t<\/div>\n\t\t<div class=\"wrapper\">\n\t\t\t\t\t\t\t\t\t\t\t\t\t\t\t\t<a class=\"article\" href=\"https:\/\/helpmegrowwa.org\/vi\/video\/help-me-grow-washington-strategic-plan-updates-lunch-and-learn-2\">\n\t\t\t\t\t\t\t\t\t<div class=\"picture\">\n\t\t\t\t\t\t\t\t\t\t\t\t<img decoding=\"async\" src=\"https:\/\/helpmegrowwa.org\/wp-content\/uploads\/2025\/09\/Keri-2-260x180.png\" srcset=\"https:\/\/helpmegrowwa.org\/wp-content\/uploads\/2025\/09\/Keri-2-260x180.png 260w, https:\/\/helpmegrowwa.org\/wp-content\/uploads\/2025\/09\/Keri-2-520x360.png 520w\" sizes=\"260px\">\n\t\t\t\t\t\t\t\t\t\t\t\t\t<div class=\"type-label\">B\u0103ng h\u00ecnh<\/div>\n\t\t\t\t\t\t\t\t\t\t\t<\/div>\n\t\t\t\t\t<div class=\"content\">\n\t\t\t\t\t\t<div class=\"date\">Th\u00e1ng Ch\u00edn 19, 2025<\/div>\n\t\t\t\t\t\t<div class=\"text\">\n\t\t\t\t\t\t\t<h3 class=\"title\">C\u1eadp nh\u1eadt K\u1ebf ho\u1ea1ch Chi\u1ebfn l\u01b0\u1ee3c Help Me Grow Washington n\u0103m 2024 - \u0102n tr\u01b0a v\u00e0 H\u1ecdc h\u1ecfi<\/h3>\n\t\t\t\t\t\t\t<div class=\"summary\">H\u1ed9i th\u1ea3o tr\u1ef1c tuy\u1ebfn n\u00e0y \u0111\u1ec1 c\u1eadp \u0111\u1ebfn n\u1ec1n t\u1ea3ng t\u1ea1i HMG WA, n\u00eau b\u1eadt B\u00e1o c\u00e1o t\u00e1c \u0111\u1ed9ng c\u1ee7a HMG WA n\u0103m 2024, chia s\u1ebb ti\u1ebfn \u0111\u1ed9 th\u1ef1c hi\u1ec7n c\u00e1c s\u00e1ng ki\u1ebfn trong k\u1ebf ho\u1ea1ch chi\u1ebfn l\u01b0\u1ee3c, n\u00eau b\u1eadt quan \u0111i\u1ec3m c\u1ee7a hai \u0111\u1ed1i t\u00e1c v\u00e0 chia s\u1ebb nh\u1eefng g\u00ec s\u1eafp di\u1ec5n ra t\u1ea1i HMG WA! <\/div>\n\t\t\t\t\t\t<\/div>\n\t\t\t\t\t\t<div class=\"more\">\n\t\t\t\t\t\t\t\u0110\u1ecdc th\u00eam\n\t\t\t\t\t\t\t<svg class=\"arrow\" aria-hidden=\"true\" focusable=\"false\" data-prefix=\"fas\" data-icon=\"long-arrow-right\" role=\"img\" xmlns=\"http:\/\/www.w3.org\/2000\/svg\" viewbox=\"0 0 448 512\"><path fill=\"#ababab\" d=\"M254.544 154.427L320.118 220H24c-13.255 0-24 10.745-24 24v24c0 13.255 10.745 24 24 24h296.118l-65.574 65.573c-9.373 9.373-9.373 24.569 0 33.941l16.971 16.971c9.373 9.373 24.569 9.373 33.941 0L440.97 272.97c9.373-9.373 9.373-24.569 0-33.941L305.456 103.515c-9.373-9.373-24.569-9.373-33.941 0l-16.971 16.971c-9.373 9.372-9.373 24.568 0 33.941z\"><\/path><\/svg>\n\t\t\t\t\t\t<\/div>\n\t\t\t\t\t<\/div>\n\t\t\t\t<\/a>\n\t\t\t\t\t\t\t\t\t\t\t\t\t\t\t\t\t\t\t\t<a class=\"article\" href=\"https:\/\/helpmegrowwa.org\/vi\/video\/help-me-grow-washington-strategic-plan-updates-lunch-and-learn\">\n\t\t\t\t\t\t\t\t\t<div class=\"picture\">\n\t\t\t\t\t\t\t\t\t\t\t\t<img decoding=\"async\" src=\"https:\/\/helpmegrowwa.org\/wp-content\/uploads\/2024\/10\/lunch-and-learn-260x180.png\" srcset=\"https:\/\/helpmegrowwa.org\/wp-content\/uploads\/2024\/10\/lunch-and-learn-260x180.png 260w, https:\/\/helpmegrowwa.org\/wp-content\/uploads\/2024\/10\/lunch-and-learn-520x360.png 520w\" sizes=\"260px\">\n\t\t\t\t\t\t\t\t\t\t\t\t\t<div class=\"type-label\">B\u0103ng h\u00ecnh<\/div>\n\t\t\t\t\t\t\t\t\t\t\t<\/div>\n\t\t\t\t\t<div class=\"content\">\n\t\t\t\t\t\t<div class=\"date\">Th\u00e1ng M\u01b0\u1eddi 2, 2024<\/div>\n\t\t\t\t\t\t<div class=\"text\">\n\t\t\t\t\t\t\t<h3 class=\"title\">C\u1eadp nh\u1eadt K\u1ebf ho\u1ea1ch Chi\u1ebfn l\u01b0\u1ee3c Help Me Grow Washington \u0102n tr\u01b0a v\u00e0 H\u1ecdc h\u1ecfi<\/h3>\n\t\t\t\t\t\t\t<div class=\"summary\">H\u1ed9i th\u1ea3o tr\u1ef1c tuy\u1ebfn n\u00e0y s\u1ebd xem x\u00e9t c\u00e2u chuy\u1ec7n v\u00e0 t\u1ea7m nh\u00ecn c\u1ee7a HMG WA, n\u00eau b\u1eadt B\u00e1o c\u00e1o t\u00e1c \u0111\u1ed9ng c\u1ee7a HMG WA n\u0103m 2023, chia s\u1ebb ti\u1ebfn \u0111\u1ed9 th\u1ef1c hi\u1ec7n c\u00e1c s\u00e1ng ki\u1ebfn trong k\u1ebf ho\u1ea1ch chi\u1ebfn l\u01b0\u1ee3c, n\u00eau b\u1eadt b\u1ed1n quan \u0111i\u1ec3m c\u1ee7a \u0111\u1ed1i t\u00e1c v\u00e0 chia s\u1ebb nh\u1eefng g\u00ec s\u1eafp di\u1ec5n ra \u0111\u1ed1i v\u1edbi HMG WA!\r\n\r\n <\/div>\n\t\t\t\t\t\t<\/div>\n\t\t\t\t\t\t<div class=\"more\">\n\t\t\t\t\t\t\t\u0110\u1ecdc th\u00eam\n\t\t\t\t\t\t\t<svg class=\"arrow\" aria-hidden=\"true\" focusable=\"false\" data-prefix=\"fas\" data-icon=\"long-arrow-right\" role=\"img\" xmlns=\"http:\/\/www.w3.org\/2000\/svg\" viewbox=\"0 0 448 512\"><path fill=\"#ababab\" d=\"M254.544 154.427L320.118 220H24c-13.255 0-24 10.745-24 24v24c0 13.255 10.745 24 24 24h296.118l-65.574 65.573c-9.373 9.373-9.373 24.569 0 33.941l16.971 16.971c9.373 9.373 24.569 9.373 33.941 0L440.97 272.97c9.373-9.373 9.373-24.569 0-33.941L305.456 103.515c-9.373-9.373-24.569-9.373-33.941 0l-16.971 16.971c-9.373 9.372-9.373 24.568 0 33.941z\"><\/path><\/svg>\n\t\t\t\t\t\t<\/div>\n\t\t\t\t\t<\/div>\n\t\t\t\t<\/a>\n\t\t\t\t\t\t\t\t\t\t\t\t\t\t\t\t\t\t\t\t<a class=\"article\" href=\"https:\/\/helpmegrowwa.org\/vi\/video\/hmg-wa-strategic-plan-lunch-learn\">\n\t\t\t\t\t\t\t\t\t<div class=\"picture\">\n\t\t\t\t\t\t\t\t\t\t\t\t<img decoding=\"async\" src=\"https:\/\/helpmegrowwa.org\/wp-content\/uploads\/2023\/08\/HMG-Stategic-Plan-Lunch-and-Learn-Screenshot-e1691444677510-260x180.png\" srcset=\"https:\/\/helpmegrowwa.org\/wp-content\/uploads\/2023\/08\/HMG-Stategic-Plan-Lunch-and-Learn-Screenshot-e1691444677510-260x180.png 260w, https:\/\/helpmegrowwa.org\/wp-content\/uploads\/2023\/08\/HMG-Stategic-Plan-Lunch-and-Learn-Screenshot-e1691444677510-520x360.png 520w\" sizes=\"260px\">\n\t\t\t\t\t\t\t\t\t\t\t\t\t<div class=\"type-label\">B\u0103ng h\u00ecnh<\/div>\n\t\t\t\t\t\t\t\t\t\t\t<\/div>\n\t\t\t\t\t<div class=\"content\">\n\t\t\t\t\t\t<div class=\"date\">Th\u00e1ng T\u00e1m 7, 2023<\/div>\n\t\t\t\t\t\t<div class=\"text\">\n\t\t\t\t\t\t\t<h3 class=\"title\">HMG WA K\u1ebf ho\u1ea1ch Chi\u1ebfn l\u01b0\u1ee3c \u0102n tr\u01b0a &amp; T\u00ecm hi\u1ec3u<\/h3>\n\t\t\t\t\t\t\t<div class=\"summary\">H\u1ed9i th\u1ea3o tr\u00ean web n\u00e0y k\u1ec3 c\u00e2u chuy\u1ec7n v\u1ec1 M\u1ea1ng Help Me Grow WA, \u0111i s\u00e2u v\u00e0o t\u1ea7m nh\u00ecn v\u00e0 c\u00e1c \u01b0u ti\u00ean d\u1ef1a tr\u00ean k\u1ebf ho\u1ea1ch chi\u1ebfn l\u01b0\u1ee3c, \u0111\u01b0a ra c\u00e1c v\u00ed d\u1ee5 v\u1ec1 c\u00e1c s\u00e1ng ki\u1ebfn chi\u1ebfn l\u01b0\u1ee3c \u0111ang ho\u1ea1t \u0111\u1ed9ng v\u00e0 n\u00f3i v\u1ec1 nh\u1eefng g\u00ec s\u1eafp x\u1ea3y ra c\u0169ng nh\u01b0 c\u00e1ch tham gia v\u00e0o \u0111\u1ed9ng l\u1ef1c!<\/div>\n\t\t\t\t\t\t<\/div>\n\t\t\t\t\t\t<div class=\"more\">\n\t\t\t\t\t\t\t\u0110\u1ecdc th\u00eam\n\t\t\t\t\t\t\t<svg class=\"arrow\" aria-hidden=\"true\" focusable=\"false\" data-prefix=\"fas\" data-icon=\"long-arrow-right\" role=\"img\" xmlns=\"http:\/\/www.w3.org\/2000\/svg\" viewbox=\"0 0 448 512\"><path fill=\"#ababab\" d=\"M254.544 154.427L320.118 220H24c-13.255 0-24 10.745-24 24v24c0 13.255 10.745 24 24 24h296.118l-65.574 65.573c-9.373 9.373-9.373 24.569 0 33.941l16.971 16.971c9.373 9.373 24.569 9.373 33.941 0L440.97 272.97c9.373-9.373 9.373-24.569 0-33.941L305.456 103.515c-9.373-9.373-24.569-9.373-33.941 0l-16.971 16.971c-9.373 9.372-9.373 24.568 0 33.941z\"><\/path><\/svg>\n\t\t\t\t\t\t<\/div>\n\t\t\t\t\t<\/div>\n\t\t\t\t<\/a>\n\t\t\t\t\t\t\t\t\t\t\t\t\t\t\t\t\t\t\t\t<a class=\"article\" href=\"https:\/\/helpmegrowwa.org\/vi\/video\/a-brighter-future-for-children-starts-with-help-me-grow\">\n\t\t\t\t\t\t\t\t\t<div class=\"picture\">\n\t\t\t\t\t\t\t\t\t\t\t\t<img decoding=\"async\" src=\"https:\/\/helpmegrowwa.org\/wp-content\/uploads\/2023\/06\/HMG-WA-Animation_2023-Screenshot-260x180.png\" srcset=\"https:\/\/helpmegrowwa.org\/wp-content\/uploads\/2023\/06\/HMG-WA-Animation_2023-Screenshot-260x180.png 260w, https:\/\/helpmegrowwa.org\/wp-content\/uploads\/2023\/06\/HMG-WA-Animation_2023-Screenshot-520x360.png 520w\" sizes=\"260px\">\n\t\t\t\t\t\t\t\t\t\t\t\t\t<div class=\"type-label\">B\u0103ng h\u00ecnh<\/div>\n\t\t\t\t\t\t\t\t\t\t\t<\/div>\n\t\t\t\t\t<div class=\"content\">\n\t\t\t\t\t\t<div class=\"date\">Th\u00e1ng S\u00e1u 21, 2023<\/div>\n\t\t\t\t\t\t<div class=\"text\">\n\t\t\t\t\t\t\t<h3 class=\"title\">M\u1ed9t t\u01b0\u01a1ng lai t\u01b0\u01a1i s\u00e1ng h\u01a1n cho tr\u1ebb em b\u1eaft \u0111\u1ea7u v\u1edbi Help Me Grow<\/h3>\n\t\t\t\t\t\t\t<div class=\"summary\">G\u1eb7p g\u1ee1 Luis khi anh \u1ea5y \u0111i\u1ec1u h\u01b0\u1edbng c\u00e1c h\u1ec7 th\u1ed1ng y t\u1ebf v\u00e0 th\u1ef1c ph\u1ea9m ph\u1ee9c t\u1ea1p c\u1ee7a ch\u00fang t\u00f4i \u0111\u1ec3 cung c\u1ea5p cho gia \u0111\u00ecnh h\u1ecd nh\u1eefng ngu\u1ed3n l\u1ef1c h\u1ecd c\u1ea7n, v\u1edbi s\u1ef1 h\u1ed7 tr\u1ee3 t\u1eeb Help Me Grow Washington.<\/div>\n\t\t\t\t\t\t<\/div>\n\t\t\t\t\t\t<div class=\"more\">\n\t\t\t\t\t\t\t\u0110\u1ecdc th\u00eam\n\t\t\t\t\t\t\t<svg class=\"arrow\" aria-hidden=\"true\" focusable=\"false\" data-prefix=\"fas\" data-icon=\"long-arrow-right\" role=\"img\" xmlns=\"http:\/\/www.w3.org\/2000\/svg\" viewbox=\"0 0 448 512\"><path fill=\"#ababab\" d=\"M254.544 154.427L320.118 220H24c-13.255 0-24 10.745-24 24v24c0 13.255 10.745 24 24 24h296.118l-65.574 65.573c-9.373 9.373-9.373 24.569 0 33.941l16.971 16.971c9.373 9.373 24.569 9.373 33.941 0L440.97 272.97c9.373-9.373 9.373-24.569 0-33.941L305.456 103.515c-9.373-9.373-24.569-9.373-33.941 0l-16.971 16.971c-9.373 9.372-9.373 24.568 0 33.941z\"><\/path><\/svg>\n\t\t\t\t\t\t<\/div>\n\t\t\t\t\t<\/div>\n\t\t\t\t<\/a>\n\t\t\t\t\t\t\t\t\t\t\t\t\t\t\t\t\t\t\t\t<a class=\"article\" href=\"https:\/\/helpmegrowwa.org\/vi\/video\/help-me-grow-101\">\n\t\t\t\t\t\t\t\t\t<div class=\"picture\">\n\t\t\t\t\t\t\t\t\t\t\t\t<img decoding=\"async\" src=\"https:\/\/helpmegrowwa.org\/wp-content\/uploads\/2021\/05\/HMG-101-Video-v2-Screenshot-260x180.png\" srcset=\"https:\/\/helpmegrowwa.org\/wp-content\/uploads\/2021\/05\/HMG-101-Video-v2-Screenshot-260x180.png 260w, https:\/\/helpmegrowwa.org\/wp-content\/uploads\/2021\/05\/HMG-101-Video-v2-Screenshot-520x360.png 520w\" sizes=\"260px\">\n\t\t\t\t\t\t\t\t\t\t\t\t\t<div class=\"type-label\">B\u0103ng h\u00ecnh<\/div>\n\t\t\t\t\t\t\t\t\t\t\t<\/div>\n\t\t\t\t\t<div class=\"content\">\n\t\t\t\t\t\t<div class=\"date\">Th\u00e1ng M\u01b0\u1eddi M\u1ed9t 10, 2022<\/div>\n\t\t\t\t\t\t<div class=\"text\">\n\t\t\t\t\t\t\t<h3 class=\"title\">Help Me Grow 101<\/h3>\n\t\t\t\t\t\t\t<div class=\"summary\">L\u1eddi gi\u1edbi thi\u1ec7u tuy\u1ec7t v\u1eddi v\u1ec1 Help Me Grow Washington v\u00e0 li\u00ean minh c\u00e1c th\u00e0nh vi\u00ean v\u00e0 t\u1ed5 ch\u1ee9c c\u1ed9ng \u0111\u1ed3ng c\u1ee7a ch\u00fang t\u00f4i.<\/div>\n\t\t\t\t\t\t<\/div>\n\t\t\t\t\t\t<div class=\"more\">\n\t\t\t\t\t\t\t\u0110\u1ecdc th\u00eam\n\t\t\t\t\t\t\t<svg class=\"arrow\" aria-hidden=\"true\" focusable=\"false\" data-prefix=\"fas\" data-icon=\"long-arrow-right\" role=\"img\" xmlns=\"http:\/\/www.w3.org\/2000\/svg\" viewbox=\"0 0 448 512\"><path fill=\"#ababab\" d=\"M254.544 154.427L320.118 220H24c-13.255 0-24 10.745-24 24v24c0 13.255 10.745 24 24 24h296.118l-65.574 65.573c-9.373 9.373-9.373 24.569 0 33.941l16.971 16.971c9.373 9.373 24.569 9.373 33.941 0L440.97 272.97c9.373-9.373 9.373-24.569 0-33.941L305.456 103.515c-9.373-9.373-24.569-9.373-33.941 0l-16.971 16.971c-9.373 9.372-9.373 24.568 0 33.941z\"><\/path><\/svg>\n\t\t\t\t\t\t<\/div>\n\t\t\t\t\t<\/div>\n\t\t\t\t<\/a>\n\t\t\t\t\t\t\t\t\t\t\t\t\t\t\t\t\t\t\t\t<a class=\"article\" href=\"https:\/\/helpmegrowwa.org\/vi\/video\/help-me-grow-washington-essential-services\">\n\t\t\t\t\t\t\t\t\t<div class=\"picture\">\n\t\t\t\t\t\t\t\t\t\t\t\t<img decoding=\"async\" src=\"https:\/\/helpmegrowwa.org\/wp-content\/uploads\/2022\/10\/HMG-Essentials-Video-Screenshot-260x180.png\" srcset=\"https:\/\/helpmegrowwa.org\/wp-content\/uploads\/2022\/10\/HMG-Essentials-Video-Screenshot-260x180.png 260w, https:\/\/helpmegrowwa.org\/wp-content\/uploads\/2022\/10\/HMG-Essentials-Video-Screenshot-520x360.png 520w\" sizes=\"260px\">\n\t\t\t\t\t\t\t\t\t\t\t\t\t<div class=\"type-label\">B\u0103ng h\u00ecnh<\/div>\n\t\t\t\t\t\t\t\t\t\t\t<\/div>\n\t\t\t\t\t<div class=\"content\">\n\t\t\t\t\t\t<div class=\"date\">Th\u00e1ng M\u01b0\u1eddi Hai 26, 2022<\/div>\n\t\t\t\t\t\t<div class=\"text\">\n\t\t\t\t\t\t\t<h3 class=\"title\">Help Me Grow Washington: D\u1ecbch v\u1ee5 thi\u1ebft y\u1ebfu<\/h3>\n\t\t\t\t\t\t\t<div class=\"summary\">Xem video n\u00e0y \u0111\u1ec3 t\u00ecm hi\u1ec3u th\u00eam v\u1ec1 c\u00e1c t\u00e0i nguy\u00ean v\u00e0 h\u1ed7 tr\u1ee3 m\u00e0 t\u1ea5t c\u1ea3 c\u00e1c gia \u0111\u00ecnh \u0111\u1ec1u c\u00f3 th\u1ec3 ti\u1ebfp c\u1eadn, b\u1ea5t k\u1ec3 h\u1ecd \u0111ang g\u1ecdi cho \u0111\u01b0\u1eddng d\u00e2y n\u00f3ng Help Me Grow t\u1ea1i \u0111\u1ecba ph\u01b0\u01a1ng hay \u0111\u01b0\u1eddng d\u00e2y n\u00f3ng tr\u00ean to\u00e0n ti\u1ec3u bang. \r\n\r\n<\/div>\n\t\t\t\t\t\t<\/div>\n\t\t\t\t\t\t<div class=\"more\">\n\t\t\t\t\t\t\t\u0110\u1ecdc th\u00eam\n\t\t\t\t\t\t\t<svg class=\"arrow\" aria-hidden=\"true\" focusable=\"false\" data-prefix=\"fas\" data-icon=\"long-arrow-right\" role=\"img\" xmlns=\"http:\/\/www.w3.org\/2000\/svg\" viewbox=\"0 0 448 512\"><path fill=\"#ababab\" d=\"M254.544 154.427L320.118 220H24c-13.255 0-24 10.745-24 24v24c0 13.255 10.745 24 24 24h296.118l-65.574 65.573c-9.373 9.373-9.373 24.569 0 33.941l16.971 16.971c9.373 9.373 24.569 9.373 33.941 0L440.97 272.97c9.373-9.373 9.373-24.569 0-33.941L305.456 103.515c-9.373-9.373-24.569-9.373-33.941 0l-16.971 16.971c-9.373 9.372-9.373 24.568 0 33.941z\"><\/path><\/svg>\n\t\t\t\t\t\t<\/div>\n\t\t\t\t\t<\/div>\n\t\t\t\t<\/a>\n\t\t\t\t\t\t\t\t\t\t\t\t\t\t\t\t\t\t\t\t<a class=\"article\" href=\"https:\/\/helpmegrowwa.org\/vi\/video\/we-are-withinreach\">\n\t\t\t\t\t\t\t\t\t<div class=\"picture\">\n\t\t\t\t\t\t\t\t\t\t\t\t<img decoding=\"async\" src=\"https:\/\/helpmegrowwa.org\/wp-content\/uploads\/2022\/10\/WR-Animation-2022_Screenshot-1-260x180.png\" srcset=\"https:\/\/helpmegrowwa.org\/wp-content\/uploads\/2022\/10\/WR-Animation-2022_Screenshot-1-260x180.png 260w, https:\/\/helpmegrowwa.org\/wp-content\/uploads\/2022\/10\/WR-Animation-2022_Screenshot-1-520x360.png 520w\" sizes=\"260px\">\n\t\t\t\t\t\t\t\t\t\t\t\t\t<div class=\"type-label\">B\u0103ng h\u00ecnh<\/div>\n\t\t\t\t\t\t\t\t\t\t\t<\/div>\n\t\t\t\t\t<div class=\"content\">\n\t\t\t\t\t\t<div class=\"date\">Th\u00e1ng M\u01b0\u1eddi 6, 2022<\/div>\n\t\t\t\t\t\t<div class=\"text\">\n\t\t\t\t\t\t\t<h3 class=\"title\">Ch\u00fang t\u00f4i l\u00e0 WithinReach.<\/h3>\n\t\t\t\t\t\t\t<div class=\"summary\">G\u1eb7p g\u1ee1 Fatima v\u00e0 Luis khi h\u1ecd \u0111i\u1ec1u h\u01b0\u1edbng h\u1ec7 th\u1ed1ng th\u1ef1c ph\u1ea9m v\u00e0 y t\u1ebf ph\u1ee9c t\u1ea1p c\u1ee7a ch\u00fang t\u00f4i \u0111\u1ec3 cung c\u1ea5p cho gia \u0111\u00ecnh nh\u1eefng ngu\u1ed3n l\u1ef1c h\u1ecd c\u1ea7n, v\u1edbi s\u1ef1 h\u1ed7 tr\u1ee3 t\u1eeb WithinReach v\u00e0 \u0110\u01b0\u1eddng d\u00e2y n\u00f3ng Help Me Grow Washington.<\/div>\n\t\t\t\t\t\t<\/div>\n\t\t\t\t\t\t<div class=\"more\">\n\t\t\t\t\t\t\t\u0110\u1ecdc th\u00eam\n\t\t\t\t\t\t\t<svg class=\"arrow\" aria-hidden=\"true\" focusable=\"false\" data-prefix=\"fas\" data-icon=\"long-arrow-right\" role=\"img\" xmlns=\"http:\/\/www.w3.org\/2000\/svg\" viewbox=\"0 0 448 512\"><path fill=\"#ababab\" d=\"M254.544 154.427L320.118 220H24c-13.255 0-24 10.745-24 24v24c0 13.255 10.745 24 24 24h296.118l-65.574 65.573c-9.373 9.373-9.373 24.569 0 33.941l16.971 16.971c9.373 9.373 24.569 9.373 33.941 0L440.97 272.97c9.373-9.373 9.373-24.569 0-33.941L305.456 103.515c-9.373-9.373-24.569-9.373-33.941 0l-16.971 16.971c-9.373 9.372-9.373 24.568 0 33.941z\"><\/path><\/svg>\n\t\t\t\t\t\t<\/div>\n\t\t\t\t\t<\/div>\n\t\t\t\t<\/a>\n\t\t\t\t\t\t\t\t\t\t\t\t\t\t\t\t\t\t\t\t<a class=\"article\" href=\"https:\/\/helpmegrowwa.org\/vi\/video\/finding-help-is-hard-we-make-it-easy\">\n\t\t\t\t\t\t\t\t\t<div class=\"picture\">\n\t\t\t\t\t\t\t\t\t\t\t\t<img decoding=\"async\" src=\"https:\/\/helpmegrowwa.org\/wp-content\/uploads\/2019\/08\/HMG-Video-Featured-260x180.jpg\" srcset=\"https:\/\/helpmegrowwa.org\/wp-content\/uploads\/2019\/08\/HMG-Video-Featured-260x180.jpg 260w, https:\/\/helpmegrowwa.org\/wp-content\/uploads\/2019\/08\/HMG-Video-Featured-520x360.jpg 520w\" sizes=\"260px\">\n\t\t\t\t\t\t\t\t\t\t\t\t\t<div class=\"type-label\">B\u0103ng h\u00ecnh<\/div>\n\t\t\t\t\t\t\t\t\t\t\t<\/div>\n\t\t\t\t\t<div class=\"content\">\n\t\t\t\t\t\t<div class=\"date\">Th\u00e1ng Hai 1, 2020<\/div>\n\t\t\t\t\t\t<div class=\"text\">\n\t\t\t\t\t\t\t<h3 class=\"title\">T\u00ecm ki\u1ebfm s\u1ef1 gi\u00fap \u0111\u1ee1 th\u1eadt kh\u00f3. Ch\u00fang t\u00f4i l\u00e0m cho n\u00f3 d\u1ec5 d\u00e0ng.<\/h3>\n\t\t\t\t\t\t\t<div class=\"summary\">Ch\u00fang t\u00f4i gi\u00fap m\u1ecdi ng\u01b0\u1eddi tr\u00ean to\u00e0n ti\u1ec3u bang \u0111i\u1ec1u h\u01b0\u1edbng c\u00e1c h\u1ec7 th\u1ed1ng d\u1ecbch v\u1ee5 x\u00e3 h\u1ed9i v\u00e0 y t\u1ebf ph\u1ee9c t\u1ea1p.<\/div>\n\t\t\t\t\t\t<\/div>\n\t\t\t\t\t\t<div class=\"more\">\n\t\t\t\t\t\t\t\u0110\u1ecdc th\u00eam\n\t\t\t\t\t\t\t<svg class=\"arrow\" aria-hidden=\"true\" focusable=\"false\" data-prefix=\"fas\" data-icon=\"long-arrow-right\" role=\"img\" xmlns=\"http:\/\/www.w3.org\/2000\/svg\" viewbox=\"0 0 448 512\"><path fill=\"#ababab\" d=\"M254.544 154.427L320.118 220H24c-13.255 0-24 10.745-24 24v24c0 13.255 10.745 24 24 24h296.118l-65.574 65.573c-9.373 9.373-9.373 24.569 0 33.941l16.971 16.971c9.373 9.373 24.569 9.373 33.941 0L440.97 272.97c9.373-9.373 9.373-24.569 0-33.941L305.456 103.515c-9.373-9.373-24.569-9.373-33.941 0l-16.971 16.971c-9.373 9.372-9.373 24.568 0 33.941z\"><\/path><\/svg>\n\t\t\t\t\t\t<\/div>\n\t\t\t\t\t<\/div>\n\t\t\t\t<\/a>\n\t\t\t\t\t\t\t\t\t<\/div>\n\t<\/div>\n\t<script>\n\t\n\t(function($) {\n\t\n\t\t\/\/ Get the block ID\n\t\tvar id = \"#block_5d4a0f33885ea\";\n\t\t\n\t\t\/\/ Reveal elements\n\t\tScrollReveal().reveal(id + \" .article\", {origin: \"bottom\", distance: \"20px\", duration: 1000, viewFactor: 0.2, interval: 100, reset: false});\n\t\t\n\t})(jQuery)\n\t\n\t<\/script>\n<\/div>","protected":false},"excerpt":{"rendered":"","protected":false},"author":2,"featured_media":0,"parent":63,"menu_order":5,"comment_status":"closed","ping_status":"closed","template":"","meta":{"_acf_changed":false,"footnotes":""},"acf":[],"_links":{"self":[{"href":"https:\/\/helpmegrowwa.org\/vi\/wp-json\/wp\/v2\/pages\/883"}],"collection":[{"href":"https:\/\/helpmegrowwa.org\/vi\/wp-json\/wp\/v2\/pages"}],"about":[{"href":"https:\/\/helpmegrowwa.org\/vi\/wp-json\/wp\/v2\/types\/page"}],"author":[{"embeddable":true,"href":"https:\/\/helpmegrowwa.org\/vi\/wp-json\/wp\/v2\/users\/2"}],"replies":[{"embeddable":true,"href":"https:\/\/helpmegrowwa.org\/vi\/wp-json\/wp\/v2\/comments?post=883"}],"version-history":[{"count":6,"href":"https:\/\/helpmegrowwa.org\/vi\/wp-json\/wp\/v2\/pages\/883\/revisions"}],"predecessor-version":[{"id":1678,"href":"https:\/\/helpmegrowwa.org\/vi\/wp-json\/wp\/v2\/pages\/883\/revisions\/1678"}],"up":[{"embeddable":true,"href":"https:\/\/helpmegrowwa.org\/vi\/wp-json\/wp\/v2\/pages\/63"}],"wp:attachment":[{"href":"https:\/\/helpmegrowwa.org\/vi\/wp-json\/wp\/v2\/media?parent=883"}],"curies":[{"name":"wp","href":"https:\/\/api.w.org\/{rel}","templated":true}]}}