{"id":9155,"date":"2024-08-06T17:46:27","date_gmt":"2024-08-06T17:46:27","guid":{"rendered":"https:\/\/helpmegrowwa.org\/?page_id=9155"},"modified":"2024-08-08T21:38:59","modified_gmt":"2024-08-08T21:38:59","slug":"social-media-toolkit","status":"publish","type":"page","link":"https:\/\/helpmegrowwa.org\/vi\/social-media-toolkit","title":{"rendered":"B\u1ed9 c\u00f4ng c\u1ee5 truy\u1ec1n th\u00f4ng x\u00e3 h\u1ed9i"},"content":{"rendered":"<div id=\"block_40df09de5ca71195e1fc8b0b34e7e70a\" class=\"banner-block text\">\n\t<img decoding=\"async\" class=\"graphic\" src=\"https:\/\/helpmegrowwa.org\/wp-content\/themes\/helpmegrowwa\/images\/banner-text-shapes.svg\">\n\t<div class=\"text-wrapper\">\n\t\t<h1>C\u00f4ng c\u1ee5 chia s\u1ebb c\u1ee7a b\u1ea1n tr\u00ean ph\u01b0\u01a1ng ti\u1ec7n truy\u1ec1n th\u00f4ng x\u00e3 h\u1ed9i<\/h1>\n\t<\/div>\t\n\t<script>\n\t(function($) {\n\t\t\/\/ Get the block ID\n\t\tvar id = \"#block_40df09de5ca71195e1fc8b0b34e7e70a\";\n\t\t\/\/ Reveal the heading\n\t\tScrollReveal().reveal(id + \" h1\", {duration: 1000});\n\t})(jQuery)\n\t<\/script>\n<\/div>\n\n\n\n<div id=\"block_a45e221645b2e00f34926031a649a612\" class=\"button-block\">\t\n\t<div class=\"container\">\n\t\t\t\t\t\t\t<a class=\"btn\" href=\"\" target=\"\"><\/a>\n\t\t\t<\/div>\n\t<script>\n\t(function($) {\n\t\t\/\/ Get the block ID\n\t\tvar id = \"#block_a45e221645b2e00f34926031a649a612\";\n\t\t\/\/ Reveal the block\n\t\tScrollReveal().reveal(id + \" .container\", {origin: \"bottom\", distance: \"20px\", duration: 1000});\n\t}(jQuery))\n\t<\/script>\n<\/div>\n\n\n\n<div id=\"block_c295645989df2df3f628ce0ebe63a1cc\" class=\"text-block white small left\">\n\t<div class=\"container one-column full\">\n\t\t<h2 class=\"cvGsUA direction-ltr align-start para-style-body\"><span class=\"OYPEnA font-feature-liga-off font-feature-clig-off font-feature-calt-off text-decoration-none text-strikethrough-none\">H\u00e3y gi\u00fap lan truy\u1ec1n th\u00f4ng tin n\u00e0y!<\/span><\/h2>\n<p class=\"cvGsUA direction-ltr align-start para-style-body\"><span class=\"OYPEnA font-feature-liga-off font-feature-clig-off font-feature-calt-off text-decoration-none text-strikethrough-none\">Khi s\u1ef1 quan t\u00e2m v\u00e0 nh\u1eadn th\u1ee9c ng\u00e0y c\u00e0ng t\u0103ng tr\u00ean to\u00e0n ti\u1ec3u bang, ch\u00fang t\u00f4i \u0111\u00e1nh gi\u00e1 cao s\u1ef1 quan t\u00e2m c\u1ee7a b\u1ea1n trong vi\u1ec7c chia s\u1ebb v\u1ec1<\/span> <span style=\"color: #ff671d;\"><strong><a class=\"OYPEnA font-feature-liga-off font-feature-clig-off font-feature-calt-off text-decoration-underline text-strikethrough-none\" style=\"color: #ff671d;\" draggable=\"false\" href=\"https:\/\/helpmegrowwa.org\/vi\/\" target=\"_blank\" rel=\"noopener\">Help Me Grow Washington<\/a><\/strong><\/span><span class=\"OYPEnA font-feature-liga-off font-feature-clig-off font-feature-calt-off text-decoration-none text-strikethrough-none\">. Ph\u01b0\u01a1ng ti\u1ec7n truy\u1ec1n th\u00f4ng x\u00e3 h\u1ed9i c\u00f3 th\u1ec3 l\u00e0 \u0111\u1ed9ng l\u1ef1c ch\u00ednh \u0111\u1ec3 nh\u1eefng \u0111\u1ed1i t\u01b0\u1ee3ng quan t\u00e2m b\u1eaft \u0111\u1ea7u hi\u1ec3u v\u00e0 tham gia v\u00e0o Help Me Grow. T\u1eeb c\u00e1c gia \u0111\u00ecnh t\u00ecm ki\u1ebfm ngu\u1ed3n l\u1ef1c \u0111\u1ebfn c\u00e1c chuy\u00ean gia ch\u0103m s\u00f3c s\u1ee9c kh\u1ecfe t\u00ecm ki\u1ebfm s\u1ef1 h\u1ed7 tr\u1ee3 cho b\u1ec7nh nh\u00e2n c\u1ee7a h\u1ecd, c\u00e1c b\u00e0i \u0111\u0103ng tr\u00ean ph\u01b0\u01a1ng ti\u1ec7n truy\u1ec1n th\u00f4ng x\u00e3 h\u1ed9i n\u00e0y cung c\u1ea5p \u0111i\u1ec3m kh\u1edfi \u0111\u1ea7u \u0111\u1ec3 truy\u1ec1n b\u00e1 th\u00f4ng tin.<\/span><\/p>\n<p class=\"cvGsUA direction-ltr align-start para-style-body\"><span class=\"OYPEnA font-feature-liga-off font-feature-clig-off font-feature-calt-off text-decoration-none text-strikethrough-none\">C\u00e1c <span style=\"color: #ff671d;\"><strong><a style=\"color: #ff671d;\" href=\"https:\/\/helpmegrowwa.org\/wp-content\/uploads\/2024\/08\/HMG-Social-Media-Toolkit-2024-2.pdf\">b\u1ed9 c\u00f4ng c\u1ee5 truy\u1ec1n th\u00f4ng x\u00e3 h\u1ed9i<\/a><\/strong><\/span> c\u00f3 th\u1ec3 gi\u00fap h\u01b0\u1edbng d\u1eabn b\u1ea1n trong vi\u1ec7c qu\u1ea3ng b\u00e1 Help Me Grow Washington tr\u00ean ph\u01b0\u01a1ng ti\u1ec7n truy\u1ec1n th\u00f4ng x\u00e3 h\u1ed9i c\u1ee7a ri\u00eang b\u1ea1n v\u00e0 c\u00e1c h\u1ed7 tr\u1ee3 kh\u00e1c nhau m\u00e0 n\u00f3 c\u00f3 th\u1ec3 cung c\u1ea5p trong c\u1ed9ng \u0111\u1ed3ng c\u1ee7a ri\u00eang b\u1ea1n. Khi c\u00f3 th\u1ec3, vui l\u00f2ng c\u00e2n nh\u1eafc c\u00e1 nh\u00e2n h\u00f3a b\u1ed9 c\u00f4ng c\u1ee5 truy\u1ec1n th\u00f4ng x\u00e3 h\u1ed9i n\u00e0y \u0111\u1ec3 ph\u1ea3n \u00e1nh v\u00e0 chia s\u1ebb nh\u1eefng c\u00e2u chuy\u1ec7n, h\u00ecnh \u1ea3nh v\u00e0 tr\u1ea3i nghi\u1ec7m c\u1ee7a ri\u00eang b\u1ea1n.<\/span><\/p>\n\t<\/div>\n\t<script>\n\t\t(function($) {\n\t\t\t\/\/ Get the block ID\n\t\t\tvar id = \"#block_c295645989df2df3f628ce0ebe63a1cc\";\n\t\t\t\/\/ Reveal the block\n\t\t\tvar container = document.documentElement;\n\t\t\tScrollReveal().reveal(id + \" .container\", {origin: \"bottom\", distance: \"20px\", duration: 1000, container: container});\n\t\t}(jQuery))\n\t<\/script>\n<\/div>\n\n<div id=\"block_5db2702d39a17e9842ab847c6df41b2b\" class=\"text-block white small left\">\n\t<div class=\"container one-column full\">\n\t\t<h4>B\u00e0i \u0111\u0103ng tr\u00ean Facebook v\u00e0 Instagram c\u1ee7a ph\u1ee5 huynh\/ng\u01b0\u1eddi ch\u0103m s\u00f3c<\/h4>\n\t<\/div>\n\t<script>\n\t\t(function($) {\n\t\t\t\/\/ Get the block ID\n\t\t\tvar id = \"#block_5db2702d39a17e9842ab847c6df41b2b\";\n\t\t\t\/\/ Reveal the block\n\t\t\tvar container = document.documentElement;\n\t\t\tScrollReveal().reveal(id + \" .container\", {origin: \"bottom\", distance: \"20px\", duration: 1000, container: container});\n\t\t}(jQuery))\n\t<\/script>\n<\/div>\n\n<div id=\"block_907e4151f5f71ec21be7d60b1738f828\" class=\"text-block light-gray small left\">\n\t<div class=\"container three-column full\">\n\t\t<p><img loading=\"lazy\" decoding=\"async\" class=\"\" src=\"https:\/\/helpmegrowwa.org\/wp-content\/uploads\/2024\/08\/5-2.png\" width=\"316\" height=\"316\" \/><\/p>\n<p><a href=\"https:\/\/helpmegrowwa.org\/wp-content\/uploads\/2024\/08\/5-2.png\"><span style=\"color: #ff671d;\"><b>T\u1ea3i xu\u1ed1ng h\u00ecnh \u1ea3nh<\/b><\/span><\/a><\/p>\n<p><img loading=\"lazy\" decoding=\"async\" class=\"\" src=\"https:\/\/helpmegrowwa.org\/wp-content\/uploads\/2024\/08\/4-2.png\" width=\"316\" height=\"316\" \/><\/p>\n<p><a href=\"https:\/\/helpmegrowwa.org\/wp-content\/uploads\/2024\/08\/4-2.png\"><span style=\"color: #ff671d;\"><b>T\u1ea3i xu\u1ed1ng h\u00ecnh \u1ea3nh<\/b><\/span><\/a><\/p>\n<p><img loading=\"lazy\" decoding=\"async\" class=\"\" src=\"https:\/\/helpmegrowwa.org\/wp-content\/uploads\/2024\/08\/3-4.png\" width=\"319\" height=\"319\" \/><\/p>\n<p><a href=\"https:\/\/helpmegrowwa.org\/wp-content\/uploads\/2024\/08\/3-4.png\"><span style=\"color: #ff671d;\"><b>T\u1ea3i xu\u1ed1ng h\u00ecnh \u1ea3nh<\/b><\/span><\/a><\/p>\n\t<\/div>\n\t<script>\n\t\t(function($) {\n\t\t\t\/\/ Get the block ID\n\t\t\tvar id = \"#block_907e4151f5f71ec21be7d60b1738f828\";\n\t\t\t\/\/ Reveal the block\n\t\t\tvar container = document.documentElement;\n\t\t\tScrollReveal().reveal(id + \" .container\", {origin: \"bottom\", distance: \"20px\", duration: 1000, container: container});\n\t\t}(jQuery))\n\t<\/script>\n<\/div>\n\n<div id=\"block_4eea2bff64b78b1f9e264d85fef7a87e\" class=\"text-block white small left\">\n\t<div class=\"container one-column full\">\n\t\t<h4>Cha m\u1eb9\/Ng\u01b0\u1eddi ch\u0103m s\u00f3c Twitter\/X B\u00e0i \u0111\u0103ng<\/h4>\n\t<\/div>\n\t<script>\n\t\t(function($) {\n\t\t\t\/\/ Get the block ID\n\t\t\tvar id = \"#block_4eea2bff64b78b1f9e264d85fef7a87e\";\n\t\t\t\/\/ Reveal the block\n\t\t\tvar container = document.documentElement;\n\t\t\tScrollReveal().reveal(id + \" .container\", {origin: \"bottom\", distance: \"20px\", duration: 1000, container: container});\n\t\t}(jQuery))\n\t<\/script>\n<\/div>\n\n<div id=\"block_218765a40da4f8c62b3c0f947303bd66\" class=\"text-block light-gray small left\">\n\t<div class=\"container three-column full\">\n\t\t<p><img loading=\"lazy\" decoding=\"async\" class=\"\" src=\"https:\/\/helpmegrowwa.org\/wp-content\/uploads\/2024\/08\/1-1.png\" width=\"391\" height=\"220\" \/><\/p>\n<p><strong><span style=\"color: #ff671d;\"><a style=\"color: #ff671d;\" href=\"https:\/\/helpmegrowwa.org\/wp-content\/uploads\/2024\/08\/1-1.png\">T\u1ea3i xu\u1ed1ng h\u00ecnh \u1ea3nh<\/a><\/span><\/strong><\/p>\n<p><img loading=\"lazy\" decoding=\"async\" class=\"\" src=\"https:\/\/helpmegrowwa.org\/wp-content\/uploads\/2024\/08\/2-1.png\" width=\"391\" height=\"220\" \/><\/p>\n<p><strong><span style=\"color: #ff671d;\"><a style=\"color: #ff671d;\" href=\"https:\/\/helpmegrowwa.org\/wp-content\/uploads\/2024\/08\/2-1.png\">T\u1ea3i xu\u1ed1ng h\u00ecnh \u1ea3nh<\/a><\/span><\/strong><\/p>\n<p><img loading=\"lazy\" decoding=\"async\" class=\"\" src=\"https:\/\/helpmegrowwa.org\/wp-content\/uploads\/2024\/08\/3-1.png\" width=\"391\" height=\"220\" \/><\/p>\n<p><strong><span style=\"color: #ff671d;\"><a style=\"color: #ff671d;\" href=\"https:\/\/helpmegrowwa.org\/wp-content\/uploads\/2024\/08\/3-1.png\">T\u1ea3i xu\u1ed1ng h\u00ecnh \u1ea3nh<\/a><\/span><\/strong><\/p>\n\t<\/div>\n\t<script>\n\t\t(function($) {\n\t\t\t\/\/ Get the block ID\n\t\t\tvar id = \"#block_218765a40da4f8c62b3c0f947303bd66\";\n\t\t\t\/\/ Reveal the block\n\t\t\tvar container = document.documentElement;\n\t\t\tScrollReveal().reveal(id + \" .container\", {origin: \"bottom\", distance: \"20px\", duration: 1000, container: container});\n\t\t}(jQuery))\n\t<\/script>\n<\/div>\n\n<div id=\"block_1f940baf3542cabbc83705667fbc514b\" class=\"text-block white small left\">\n\t<div class=\"container one-column full\">\n\t\t<h4>Nh\u00e0 cung c\u1ea5p b\u00e0i \u0111\u0103ng tr\u00ean Facebook v\u00e0 Instagram<\/h4>\n\t<\/div>\n\t<script>\n\t\t(function($) {\n\t\t\t\/\/ Get the block ID\n\t\t\tvar id = \"#block_1f940baf3542cabbc83705667fbc514b\";\n\t\t\t\/\/ Reveal the block\n\t\t\tvar container = document.documentElement;\n\t\t\tScrollReveal().reveal(id + \" .container\", {origin: \"bottom\", distance: \"20px\", duration: 1000, container: container});\n\t\t}(jQuery))\n\t<\/script>\n<\/div>\n\n<div id=\"block_fd876bf72f028ed1d4b9a1f57e63bb2a\" class=\"text-block light-gray small left\">\n\t<div class=\"container three-column full\">\n\t\t<p><img loading=\"lazy\" decoding=\"async\" class=\"\" src=\"https:\/\/helpmegrowwa.org\/wp-content\/uploads\/2024\/08\/1-2.png\" width=\"325\" height=\"325\" \/><\/p>\n<p><strong><span style=\"color: #ff671d;\"><a style=\"color: #ff671d;\" href=\"https:\/\/helpmegrowwa.org\/wp-content\/uploads\/2024\/08\/1-2.png\">T\u1ea3i xu\u1ed1ng h\u00ecnh \u1ea3nh<\/a><\/span><\/strong><\/p>\n<p><img loading=\"lazy\" decoding=\"async\" class=\"\" src=\"https:\/\/helpmegrowwa.org\/wp-content\/uploads\/2024\/08\/2-2.png\" width=\"325\" height=\"325\" \/><\/p>\n<p><strong><span style=\"color: #ff671d;\"><a style=\"color: #ff671d;\" href=\"https:\/\/helpmegrowwa.org\/wp-content\/uploads\/2024\/08\/2-2.png\">T\u1ea3i xu\u1ed1ng h\u00ecnh \u1ea3nh<\/a><\/span><\/strong><\/p>\n<p><img loading=\"lazy\" decoding=\"async\" class=\"\" src=\"https:\/\/helpmegrowwa.org\/wp-content\/uploads\/2024\/08\/3-2.png\" width=\"325\" height=\"325\" \/><\/p>\n<p><strong><span style=\"color: #ff671d;\"><a style=\"color: #ff671d;\" href=\"https:\/\/helpmegrowwa.org\/wp-content\/uploads\/2024\/08\/3-2.png\">T\u1ea3i xu\u1ed1ng h\u00ecnh \u1ea3nh<\/a><\/span><\/strong><\/p>\n<p>&nbsp;<\/p>\n\t<\/div>\n\t<script>\n\t\t(function($) {\n\t\t\t\/\/ Get the block ID\n\t\t\tvar id = \"#block_fd876bf72f028ed1d4b9a1f57e63bb2a\";\n\t\t\t\/\/ Reveal the block\n\t\t\tvar container = document.documentElement;\n\t\t\tScrollReveal().reveal(id + \" .container\", {origin: \"bottom\", distance: \"20px\", duration: 1000, container: container});\n\t\t}(jQuery))\n\t<\/script>\n<\/div>\n\n<div id=\"block_01f9dc064e8b415c29aa8ef3f4a7edc4\" class=\"text-block white small left\">\n\t<div class=\"container one-column full\">\n\t\t<h4>Nh\u00e0 cung c\u1ea5p Twitter\/X B\u00e0i \u0111\u0103ng<\/h4>\n\t<\/div>\n\t<script>\n\t\t(function($) {\n\t\t\t\/\/ Get the block ID\n\t\t\tvar id = \"#block_01f9dc064e8b415c29aa8ef3f4a7edc4\";\n\t\t\t\/\/ Reveal the block\n\t\t\tvar container = document.documentElement;\n\t\t\tScrollReveal().reveal(id + \" .container\", {origin: \"bottom\", distance: \"20px\", duration: 1000, container: container});\n\t\t}(jQuery))\n\t<\/script>\n<\/div>\n\n<div id=\"block_311fb7bedf2becf6bcbee7682f7e17c1\" class=\"text-block light-gray small left\">\n\t<div class=\"container three-column full\">\n\t\t<p><img loading=\"lazy\" decoding=\"async\" class=\"\" src=\"https:\/\/helpmegrowwa.org\/wp-content\/uploads\/2024\/08\/1-3.png\" width=\"391\" height=\"220\" \/><\/p>\n<p><strong><span style=\"color: #ff671d;\"><a style=\"color: #ff671d;\" href=\"https:\/\/helpmegrowwa.org\/wp-content\/uploads\/2024\/08\/1-3.png\">T\u1ea3i xu\u1ed1ng h\u00ecnh \u1ea3nh<\/a><\/span><\/strong><\/p>\n<p><img loading=\"lazy\" decoding=\"async\" class=\"\" src=\"https:\/\/helpmegrowwa.org\/wp-content\/uploads\/2024\/08\/2-3.png\" width=\"391\" height=\"220\" \/><\/p>\n<p><strong><span style=\"color: #ff671d;\"><a style=\"color: #ff671d;\" href=\"https:\/\/helpmegrowwa.org\/wp-content\/uploads\/2024\/08\/2-3.png\">T\u1ea3i xu\u1ed1ng h\u00ecnh \u1ea3nh<\/a><\/span><\/strong><\/p>\n<p><img loading=\"lazy\" decoding=\"async\" class=\"\" src=\"https:\/\/helpmegrowwa.org\/wp-content\/uploads\/2024\/08\/3-3.png\" width=\"391\" height=\"220\" \/><\/p>\n<p><strong><span style=\"color: #ff671d;\"><a style=\"color: #ff671d;\" href=\"https:\/\/helpmegrowwa.org\/wp-content\/uploads\/2024\/08\/3-3.png\">T\u1ea3i xu\u1ed1ng h\u00ecnh \u1ea3nh\u00a0<\/a><\/span><\/strong><\/p>\n<p>&nbsp;<\/p>\n\t<\/div>\n\t<script>\n\t\t(function($) {\n\t\t\t\/\/ Get the block ID\n\t\t\tvar id = \"#block_311fb7bedf2becf6bcbee7682f7e17c1\";\n\t\t\t\/\/ Reveal the block\n\t\t\tvar container = document.documentElement;\n\t\t\tScrollReveal().reveal(id + \" .container\", {origin: \"bottom\", distance: \"20px\", duration: 1000, container: container});\n\t\t}(jQuery))\n\t<\/script>\n<\/div>","protected":false},"excerpt":{"rendered":"","protected":false},"author":52,"featured_media":0,"parent":0,"menu_order":0,"comment_status":"closed","ping_status":"closed","template":"","meta":{"_acf_changed":false,"footnotes":""},"acf":[],"_links":{"self":[{"href":"https:\/\/helpmegrowwa.org\/vi\/wp-json\/wp\/v2\/pages\/9155"}],"collection":[{"href":"https:\/\/helpmegrowwa.org\/vi\/wp-json\/wp\/v2\/pages"}],"about":[{"href":"https:\/\/helpmegrowwa.org\/vi\/wp-json\/wp\/v2\/types\/page"}],"author":[{"embeddable":true,"href":"https:\/\/helpmegrowwa.org\/vi\/wp-json\/wp\/v2\/users\/52"}],"replies":[{"embeddable":true,"href":"https:\/\/helpmegrowwa.org\/vi\/wp-json\/wp\/v2\/comments?post=9155"}],"version-history":[{"count":24,"href":"https:\/\/helpmegrowwa.org\/vi\/wp-json\/wp\/v2\/pages\/9155\/revisions"}],"predecessor-version":[{"id":10025,"href":"https:\/\/helpmegrowwa.org\/vi\/wp-json\/wp\/v2\/pages\/9155\/revisions\/10025"}],"wp:attachment":[{"href":"https:\/\/helpmegrowwa.org\/vi\/wp-json\/wp\/v2\/media?parent=9155"}],"curies":[{"name":"wp","href":"https:\/\/api.w.org\/{rel}","templated":true}]}}