{"id":93,"date":"2019-06-15T02:31:58","date_gmt":"2019-06-15T02:31:58","guid":{"rendered":"http:\/\/54.244.98.151\/?page_id=93"},"modified":"2024-01-25T02:35:34","modified_gmt":"2024-01-25T02:35:34","slug":"contact-us","status":"publish","type":"page","link":"https:\/\/helpmegrowwa.org\/vi\/contact-us","title":{"rendered":"Li\u00ean h\u1ec7 ch\u00fang t\u00f4i"},"content":{"rendered":"<div id=\"block_6df810105e6621e7a16c794ae9b80c82\" class=\"banner-block text\">\n\t<img decoding=\"async\" class=\"graphic\" src=\"https:\/\/helpmegrowwa.org\/wp-content\/themes\/helpmegrowwa\/images\/banner-text-shapes.svg\">\n\t<div class=\"text-wrapper\">\n\t\t<h1>Li\u00ean h\u1ec7 ch\u00fang t\u00f4i<\/h1>\n\t<\/div>\t\n\t<script>\n\t(function($) {\n\t\t\/\/ Get the block ID\n\t\tvar id = \"#block_6df810105e6621e7a16c794ae9b80c82\";\n\t\t\/\/ Reveal the heading\n\t\tScrollReveal().reveal(id + \" h1\", {duration: 1000});\n\t})(jQuery)\n\t<\/script>\n<\/div>\n\n\n\n<div id=\"block_c9dbeaa01df6bf08f2e7bf3568290df7\" class=\"text-block light-gray large left\">\n\t<div class=\"container one-column full\">\n\t\t<p>Ch\u00fang t\u00f4i \u1edf \u0111\u00e2y \u0111\u1ec3 gi\u00fap c\u00e1c gia \u0111\u00ecnh \u1edf ti\u1ec3u bang Washington k\u1ebft n\u1ed1i v\u1edbi c\u00e1c ngu\u1ed3n l\u1ef1c v\u00e0 h\u1ed7 tr\u1ee3 v\u1ec1 s\u1ee9c kh\u1ecfe, dinh d\u01b0\u1ee1ng, nhu c\u1ea7u c\u01a1 b\u1ea3n c\u0169ng nh\u01b0 s\u1ef1 ph\u00e1t tri\u1ec3n c\u1ee7a tr\u1ebb em.<\/p>\n<p><span style=\"color: #6c1b6e;\"><strong>C\u1ea7n tr\u1ee3 gi\u00fap k\u1ebft n\u1ed1i v\u1edbi t\u00e0i nguy\u00ean?<\/strong><\/span> G\u1ecdi \u0110\u01b0\u1eddng d\u00e2y n\u00f3ng Help Me Grow Washington theo s\u1ed1 <a href=\"\/vi\/\u0110T: 1-800-322-2588\/\">1-800-322-2588<\/a>.<\/p>\n<p><span style=\"color: #d9541d;\"><strong>Gi\u1edd \u0111\u01b0\u1eddng d\u00e2y n\u00f3ng:<\/strong><\/span><br \/>\nTh\u1ee9 Hai \u0111\u1ebfn Th\u1ee9 N\u0103m, 8 gi\u1edd s\u00e1ng \u0111\u1ebfn 5 gi\u1edd 30 chi\u1ec1u<br \/>\nTh\u1ee9 S\u00e1u, 8 gi\u1edd s\u00e1ng \u0111\u1ebfn 5 gi\u1edd chi\u1ec1u<\/p>\n<p>\u0110\u1ed1i v\u1edbi t\u1ea5t c\u1ea3 c\u00e1c c\u00e2u h\u1ecfi ho\u1eb7c th\u1eafc m\u1eafc kh\u00e1c, vui l\u00f2ng s\u1eed d\u1ee5ng bi\u1ec3u m\u1eabu tr\u1ef1c tuy\u1ebfn b\u00ean d\u01b0\u1edbi c\u1ee7a ch\u00fang t\u00f4i.<\/p>\n\t<\/div>\n\t<script>\n\t\t(function($) {\n\t\t\t\/\/ Get the block ID\n\t\t\tvar id = \"#block_c9dbeaa01df6bf08f2e7bf3568290df7\";\n\t\t\t\/\/ Reveal the block\n\t\t\tvar container = document.documentElement;\n\t\t\tScrollReveal().reveal(id + \" .container\", {origin: \"bottom\", distance: \"20px\", duration: 1000, container: container});\n\t\t}(jQuery))\n\t<\/script>\n<\/div>\n\n\n<div id=\"block_91cd53f7a7fd6b6dce6313d859709214\" class=\"contact-block\">\n\t<div class=\"container\">\n\t\t<hr>\n\t\t<h2>C\u1ea3m \u01a1n<\/h2>\n\t\t<p>Tin nh\u1eafn c\u1ee7a b\u1ea1n \u0111\u00e3 \u0111\u01b0\u1ee3c nh\u1eadn v\u00e0 ch\u00fang t\u00f4i s\u1ebd s\u1edbm li\u00ean h\u1ec7 v\u1edbi b\u1ea1n!<\/p>\n\t\t<form action=\"\">\n\t\t\t\t\t\t<div class=\"field\">\n\t\t\t\t<label for=\"name\">H\u1ecd v\u00e0 t\u00ean*<\/label>\n\t\t\t\t<input id=\"name\" name=\"name\" required>\n\t\t\t<\/div>\n\t\t\t\t\t\t\t\t\t<div class=\"field\">\n\t\t\t\t<label for=\"email\">E-mail*<\/label>\n\t\t\t\t<input id=\"email\" type=\"email\" name=\"email\" required>\n\t\t\t<\/div>\n\t\t\t\t\t\t\t\t\t<div class=\"field\">\n\t\t\t\t<label for=\"phone\">\u0110i\u1ec7n tho\u1ea1i<\/label>\n\t\t\t\t<input id=\"phone\" name=\"phone\">\n\t\t\t<\/div>\n\t\t\t\t\t\t\t\t\t<div class=\"field\">\n\t\t\t\t<label for=\"zip\">M\u00e3 B\u01b0u Ch\u00ednh<\/label>\n\t\t\t\t<input id=\"zip\" name=\"zip\">\n\t\t\t<\/div>\n\t\t\t\t\t\t\t\t\t<div class=\"field full-width\">\n\t\t\t\t<label for=\"comments\">Tin nh\u1eafn*<\/label>\n\t\t\t\t<textarea id=\"comments\" name=\"comments\" required><\/textarea>\n\t\t\t<\/div>\n\t\t\t\t\t\t<div class=\"submit\">\n\t\t\t\t\t\t\t\t<div class=\"check\">\n\t\t\t\t\t<input class=\"checkbox-input\" type=\"checkbox\" id=\"news_subscribe\" name=\"news_subscribe\" checked>\n\t\t\t\t\t<label class=\"checkbox-label\" for=\"news_subscribe\">C\u00f3, t\u00f4i mu\u1ed1n nh\u1eadn<br>B\u1ea3n tin email c\u1ee7a Help Me Grow<\/label>\n\t\t\t\t<\/div>\n\t\t\t\t\t\t\t\t<button type=\"submit\">N\u1ed9p<\/button>\n\t\t\t<\/div>\n\t\t<input type=\"hidden\" name=\"trp-form-language\" value=\"vi\"\/><\/form>\n\t\t<div class=\"g-recaptcha\" data-sitekey=\"6LfxNjooAAAAAH7Ni7gsQtH7EHd30NZbjP4XfvKV\" data-callback=\"recaptchaCallback\" data-size=\"invisible\"><\/div>\n\t<\/div>\n\t<script>\n\t\tvar $ = jQuery;\n\t\tvar id = \"#block_91cd53f7a7fd6b6dce6313d859709214\";\n\t\t\/\/ Execute the reCAPTCHA when the form is submitted\n\t\t$(id + \" form\").on(\"submit\", function(event) {\n\t\t\tevent.preventDefault();\n\t\t\tgrecaptcha.execute()\n\t\t})\n\t\t\/\/ Handle the reCAPTCHA callback\n\t\tfunction recaptchaCallback() {\n\t\t\t$.ajax({\n\t\t\t\turl: \"\/wp-content\/themes\/helpmegrowwa\/form.php?recaptcha=\" + grecaptcha.getResponse(),\n\t\t\t\tmethod: \"POST\",\n\t\t\t\tdata: $(id + \" form\").serialize() + \"&page=Contact Us\",\n\t\t\t\tsuccess: function(response) {\n\t\t\t\t\t$(id + \" form\").hide();\n\t\t\t\t\t$(id + \" h2\").show();\n\t\t\t\t\t$(id + \" p\").show();\n\t\t\t\t\t$(\"html, body\").animate({scrollTop: $(\".contact-block\").offset().top - 40});\n\t\t\t\t\t$(id + \" form\")[0].reset()\n\t\t\t\t\tgrecaptcha.reset()\n\t\t\t\t},\n\t\t\t\terror: function() {\n\t\t\t\t\talert(\"An error occurred while processing your request. Please try again later.\")\n\t\t\t\t\tgrecaptcha.reset()\n\t\t\t\t}\n\t\t\t})\n\t\t}\n\t<\/script>\n<\/div>","protected":false},"excerpt":{"rendered":"","protected":false},"author":2,"featured_media":0,"parent":0,"menu_order":200,"comment_status":"closed","ping_status":"closed","template":"","meta":{"_acf_changed":false,"footnotes":""},"acf":[],"_links":{"self":[{"href":"https:\/\/helpmegrowwa.org\/vi\/wp-json\/wp\/v2\/pages\/93"}],"collection":[{"href":"https:\/\/helpmegrowwa.org\/vi\/wp-json\/wp\/v2\/pages"}],"about":[{"href":"https:\/\/helpmegrowwa.org\/vi\/wp-json\/wp\/v2\/types\/page"}],"author":[{"embeddable":true,"href":"https:\/\/helpmegrowwa.org\/vi\/wp-json\/wp\/v2\/users\/2"}],"replies":[{"embeddable":true,"href":"https:\/\/helpmegrowwa.org\/vi\/wp-json\/wp\/v2\/comments?post=93"}],"version-history":[{"count":60,"href":"https:\/\/helpmegrowwa.org\/vi\/wp-json\/wp\/v2\/pages\/93\/revisions"}],"predecessor-version":[{"id":8754,"href":"https:\/\/helpmegrowwa.org\/vi\/wp-json\/wp\/v2\/pages\/93\/revisions\/8754"}],"wp:attachment":[{"href":"https:\/\/helpmegrowwa.org\/vi\/wp-json\/wp\/v2\/media?parent=93"}],"curies":[{"name":"wp","href":"https:\/\/api.w.org\/{rel}","templated":true}]}}